{"id":94905,"date":"2021-12-28T23:21:10","date_gmt":"2021-12-28T22:21:10","guid":{"rendered":"https:\/\/marktxxl.de\/markt\/produkt\/gym-juicy-booty-bands-aus-stoff-fabric-resistance-hip-circle-band-fitnessbaender-widerstandsbaender-fuer-beintraining-glute-loop-fitness-baender\/"},"modified":"2023-04-11T03:16:09","modified_gmt":"2023-04-11T01:16:09","slug":"gym-juicy-booty-bands-aus-stoff-fabric-resistance-hip-circle-band-fitnessbaender-widerstandsbaender-fuer-beintraining-glute-loop-fitness-baender","status":"publish","type":"product","link":"https:\/\/marktxxl.de\/markt\/produkt\/gym-juicy-booty-bands-aus-stoff-fabric-resistance-hip-circle-band-fitnessbaender-widerstandsbaender-fuer-beintraining-glute-loop-fitness-baender\/","title":{"rendered":"gym &amp; juicy\u00ae Booty Bands aus Stoff | Fabric Resistance Hip Circle Band, Fitnessb\u00e4nder, Widerstandsb\u00e4nder f\u00fcr\u2026"},"content":{"rendered":"<p>\ud83c\udf51 \u21fe Dein perfekter Begleiter \u21fd Damit Du f\u00fcr jede \u00dcbung den perfekten Begleiter hast, gibt es unsere Resistance Bands in 3 unterschiedlichen Widerstandsstufen. Je nach gew\u00fcnschter Herausforderung, w\u00e4hlst du unser Peach Band (light), unser Monstera Band (medium) oder unser Cheetah Band (heavy)<br \/>\n\ud83c\udf51 \u21fe Kein Rutschen &amp; Aufrollen \u21fd Mit unseren Resistance Bands kannst Du Dich zu 100% auf dein Training fokussieren: Dank dem Gummieinsatz auf der Innenseite sind unsere Hip Bands rutschfest und rollen sich auch nicht ein.<br \/>\n\ud83c\udf51 \u21fe Vielseitig einsetzbar \u21fd Egal ob beim Aufw\u00e4rmen, w\u00e4hrend des Krafttrainings im Gym, beim Home Workout oder am Strand &#8211; unsere Loop Bands sind vielf\u00e4ltig einsetzbar und du kannst sie \u00fcberall mit hinehmen<br \/>\n\ud83c\udf51 \u21fe Mit \u2764 gemacht \u21fd Das einzigartige Design und die langlebige Qualit\u00e4t unserer Bands wurde mit besonders viel Liebe zum Detail kreiert, um Dir eine extra Portion Motivation f\u00fcr Deine Workouts zu verschaffen. \u00dcberzeuge Dich selbst und lass uns wissen, wenn Du Fragen hast. Wir sind f\u00fcr Dich da!<br \/>\n\ud83c\udf51 \u21fe GRATIS Booty Guide! Beim Kauf unseres 3er Sets erh\u00e4lt du unseren 55-seitigen, hochwertigen Booty Guide als Download kostenlos dazu!<br \/>\n<div class=\"main-cross-sell\" data-asin=\"B08MCZMFFS\">\n\n\t<div class=\"WooZone-cross-sell-loader\">\n\t\t<div>\n\t\t\t<div id=\"floatingBarsG\">\n\t\t\t\t<div class=\"blockG\" id=\"rotateG_01\"><\/div>\n\t\t\t\t<div class=\"blockG\" id=\"rotateG_02\"><\/div>\n\t\t\t\t<div class=\"blockG\" id=\"rotateG_03\"><\/div>\n\t\t\t\t<div class=\"blockG\" id=\"rotateG_04\"><\/div>\n\t\t\t\t<div class=\"blockG\" id=\"rotateG_05\"><\/div>\n\t\t\t\t<div class=\"blockG\" id=\"rotateG_06\"><\/div>\n\t\t\t\t<div class=\"blockG\" id=\"rotateG_07\"><\/div>\n\t\t\t\t<div class=\"blockG\" id=\"rotateG_08\"><\/div>\n\t\t\t<\/div>\n\t\t\t<div class=\"WooZone-cross-sell-loader-text\"><\/div>\n\t\t<\/div>\n\t<\/div>\n\n\t\t\n<\/div>\n<div style=\"clear:both;\"><\/div><\/p>\n","protected":false},"excerpt":{"rendered":"<p>\ud83c\udf51 \u21fe Dein perfekter Begleiter \u21fd Damit Du f\u00fcr jede \u00dcbung den perfekten Begleiter hast, gibt es unsere Resistance Bands in 3 unterschiedlichen Widerstandsstufen. Je nach gew\u00fcnschter Herausforderung, w\u00e4hlst du unser Peach Band (light), unser Monstera Band (medium) oder unser Cheetah Band (heavy)<br \/>\n\ud83c\udf51 \u21fe Kein Rutschen &amp; Aufrollen \u21fd Mit unseren Resistance Bands kannst Du Dich zu 100% auf dein Training fokussieren: Dank dem Gummieinsatz auf der Innenseite sind unsere Hip Bands rutschfest und rollen sich auch nicht ein.<br \/>\n\ud83c\udf51 \u21fe Vielseitig einsetzbar \u21fd Egal ob beim Aufw\u00e4rmen, w\u00e4hrend des Krafttrainings im Gym, beim Home Workout oder am Strand &#8211; unsere Loop Bands sind vielf\u00e4ltig einsetzbar und du kannst sie \u00fcberall mit hinehmen<\/p>\n","protected":false},"featured_media":94906,"comment_status":"open","ping_status":"closed","template":"","meta":[],"product_brand":[],"product_cat":[566,5908],"product_tag":[],"class_list":{"0":"post-94905","1":"product","2":"type-product","3":"status-publish","4":"has-post-thumbnail","6":"product_cat-drogerie-koerperpflege","7":"product_cat-medizinische-geraete-verbrauchsmaterialien","8":"pa_brand-gym-juicy","9":"pa_manufacturer-gym-juicy","11":"first","12":"instock","13":"shipping-taxable","14":"purchasable","15":"product-type-simple","16":"customify-col","17":"product-has-gallery"},"yoast_head":"<!-- This site is optimized with the Yoast SEO plugin v27.4 - https:\/\/yoast.com\/product\/yoast-seo-wordpress\/ -->\n<title>gym &amp; juicy\u00ae Booty Bands aus Stoff | Fabric Resistance Hip Circle Band, Fitnessb\u00e4nder, Widerstandsb\u00e4nder f\u00fcr\u2026 - Markt-XXL<\/title>\n<meta name=\"description\" content=\"Markt-XXL gym &amp; juicy\u00ae Booty Bands aus Stoff | Fabric Resistance Hip Circle Band, Fitnessb\u00e4nder, Widerstandsb\u00e4nder f\u00fcr\u2026\" \/>\n<meta name=\"robots\" content=\"index, follow, max-snippet:-1, max-image-preview:large, max-video-preview:-1\" \/>\n<link rel=\"canonical\" href=\"https:\/\/marktxxl.de\/markt\/produkt\/gym-juicy-booty-bands-aus-stoff-fabric-resistance-hip-circle-band-fitnessbaender-widerstandsbaender-fuer-beintraining-glute-loop-fitness-baender\/\" \/>\n<meta property=\"og:locale\" content=\"de_DE\" \/>\n<meta property=\"og:type\" content=\"article\" \/>\n<meta property=\"og:title\" content=\"gym &amp; juicy\u00ae Booty Bands aus Stoff | Fabric Resistance Hip Circle Band, Fitnessb\u00e4nder, Widerstandsb\u00e4nder f\u00fcr\u2026 - Markt-XXL\" \/>\n<meta property=\"og:description\" content=\"Markt-XXL gym &amp; juicy\u00ae Booty Bands aus Stoff | Fabric Resistance Hip Circle Band, Fitnessb\u00e4nder, Widerstandsb\u00e4nder f\u00fcr\u2026\" \/>\n<meta property=\"og:url\" content=\"https:\/\/marktxxl.de\/markt\/produkt\/gym-juicy-booty-bands-aus-stoff-fabric-resistance-hip-circle-band-fitnessbaender-widerstandsbaender-fuer-beintraining-glute-loop-fitness-baender\/\" \/>\n<meta property=\"og:site_name\" content=\"Markt-XXL\" \/>\n<meta property=\"article:modified_time\" content=\"2023-04-11T01:16:09+00:00\" \/>\n<meta property=\"og:image\" content=\"https:\/\/m.media-amazon.com\/images\/I\/510pnZdJFlL._SL500_.jpg\" \/>\n\t<meta property=\"og:image:width\" content=\"500\" \/>\n\t<meta property=\"og:image:height\" content=\"500\" \/>\n\t<meta property=\"og:image:type\" content=\"image\/jpeg\" \/>\n<meta name=\"twitter:card\" content=\"summary_large_image\" \/>\n<meta name=\"twitter:label1\" content=\"Gesch\u00e4tzte Lesezeit\" \/>\n\t<meta name=\"twitter:data1\" content=\"1\u00a0Minute\" \/>\n<script type=\"application\/ld+json\" class=\"yoast-schema-graph\">{\"@context\":\"https:\\\/\\\/schema.org\",\"@graph\":[{\"@type\":\"WebPage\",\"@id\":\"https:\\\/\\\/marktxxl.de\\\/markt\\\/produkt\\\/gym-juicy-booty-bands-aus-stoff-fabric-resistance-hip-circle-band-fitnessbaender-widerstandsbaender-fuer-beintraining-glute-loop-fitness-baender\\\/\",\"url\":\"https:\\\/\\\/marktxxl.de\\\/markt\\\/produkt\\\/gym-juicy-booty-bands-aus-stoff-fabric-resistance-hip-circle-band-fitnessbaender-widerstandsbaender-fuer-beintraining-glute-loop-fitness-baender\\\/\",\"name\":\"gym &amp; juicy\u00ae Booty Bands aus Stoff | Fabric Resistance Hip Circle Band, Fitnessb\u00e4nder, Widerstandsb\u00e4nder f\u00fcr\u2026 - Markt-XXL\",\"isPartOf\":{\"@id\":\"https:\\\/\\\/marktxxl.de\\\/markt\\\/#website\"},\"primaryImageOfPage\":{\"@id\":\"https:\\\/\\\/marktxxl.de\\\/markt\\\/produkt\\\/gym-juicy-booty-bands-aus-stoff-fabric-resistance-hip-circle-band-fitnessbaender-widerstandsbaender-fuer-beintraining-glute-loop-fitness-baender\\\/#primaryimage\"},\"image\":{\"@id\":\"https:\\\/\\\/marktxxl.de\\\/markt\\\/produkt\\\/gym-juicy-booty-bands-aus-stoff-fabric-resistance-hip-circle-band-fitnessbaender-widerstandsbaender-fuer-beintraining-glute-loop-fitness-baender\\\/#primaryimage\"},\"thumbnailUrl\":\"https:\\\/\\\/m.media-amazon.com\\\/images\\\/I\\\/510pnZdJFlL._SL500_.jpg\",\"datePublished\":\"2021-12-28T22:21:10+00:00\",\"dateModified\":\"2023-04-11T01:16:09+00:00\",\"description\":\"Markt-XXL gym &amp; juicy\u00ae Booty Bands aus Stoff | Fabric Resistance Hip Circle Band, Fitnessb\u00e4nder, Widerstandsb\u00e4nder f\u00fcr\u2026\",\"breadcrumb\":{\"@id\":\"https:\\\/\\\/marktxxl.de\\\/markt\\\/produkt\\\/gym-juicy-booty-bands-aus-stoff-fabric-resistance-hip-circle-band-fitnessbaender-widerstandsbaender-fuer-beintraining-glute-loop-fitness-baender\\\/#breadcrumb\"},\"inLanguage\":\"de\",\"potentialAction\":[{\"@type\":\"ReadAction\",\"target\":[\"https:\\\/\\\/marktxxl.de\\\/markt\\\/produkt\\\/gym-juicy-booty-bands-aus-stoff-fabric-resistance-hip-circle-band-fitnessbaender-widerstandsbaender-fuer-beintraining-glute-loop-fitness-baender\\\/\"]}]},{\"@type\":\"ImageObject\",\"inLanguage\":\"de\",\"@id\":\"https:\\\/\\\/marktxxl.de\\\/markt\\\/produkt\\\/gym-juicy-booty-bands-aus-stoff-fabric-resistance-hip-circle-band-fitnessbaender-widerstandsbaender-fuer-beintraining-glute-loop-fitness-baender\\\/#primaryimage\",\"url\":\"https:\\\/\\\/m.media-amazon.com\\\/images\\\/I\\\/510pnZdJFlL._SL500_.jpg\",\"contentUrl\":\"https:\\\/\\\/m.media-amazon.com\\\/images\\\/I\\\/510pnZdJFlL._SL500_.jpg\",\"width\":500,\"height\":500},{\"@type\":\"BreadcrumbList\",\"@id\":\"https:\\\/\\\/marktxxl.de\\\/markt\\\/produkt\\\/gym-juicy-booty-bands-aus-stoff-fabric-resistance-hip-circle-band-fitnessbaender-widerstandsbaender-fuer-beintraining-glute-loop-fitness-baender\\\/#breadcrumb\",\"itemListElement\":[{\"@type\":\"ListItem\",\"position\":1,\"name\":\"Startseite\",\"item\":\"https:\\\/\\\/marktxxl.de\\\/markt\\\/\"},{\"@type\":\"ListItem\",\"position\":2,\"name\":\"Markt\",\"item\":\"https:\\\/\\\/marktxxl.de\\\/markt\\\/\"},{\"@type\":\"ListItem\",\"position\":3,\"name\":\"gym &amp; juicy\u00ae Booty Bands aus Stoff | Fabric Resistance Hip Circle Band, Fitnessb\u00e4nder, Widerstandsb\u00e4nder f\u00fcr\u2026\"}]},{\"@type\":\"WebSite\",\"@id\":\"https:\\\/\\\/marktxxl.de\\\/markt\\\/#website\",\"url\":\"https:\\\/\\\/marktxxl.de\\\/markt\\\/\",\"name\":\"Markt-XXL\",\"description\":\"Ihr Markt Online\",\"publisher\":{\"@id\":\"https:\\\/\\\/marktxxl.de\\\/markt\\\/#organization\"},\"potentialAction\":[{\"@type\":\"SearchAction\",\"target\":{\"@type\":\"EntryPoint\",\"urlTemplate\":\"https:\\\/\\\/marktxxl.de\\\/markt\\\/?s={search_term_string}\"},\"query-input\":{\"@type\":\"PropertyValueSpecification\",\"valueRequired\":true,\"valueName\":\"search_term_string\"}}],\"inLanguage\":\"de\"},{\"@type\":\"Organization\",\"@id\":\"https:\\\/\\\/marktxxl.de\\\/markt\\\/#organization\",\"name\":\"Markt-XXL\",\"url\":\"https:\\\/\\\/marktxxl.de\\\/markt\\\/\",\"logo\":{\"@type\":\"ImageObject\",\"inLanguage\":\"de\",\"@id\":\"https:\\\/\\\/marktxxl.de\\\/markt\\\/#\\\/schema\\\/logo\\\/image\\\/\",\"url\":\"https:\\\/\\\/marktxxl.de\\\/markt\\\/wp-content\\\/uploads\\\/sites\\\/3\\\/2020\\\/12\\\/logo.png\",\"contentUrl\":\"https:\\\/\\\/marktxxl.de\\\/markt\\\/wp-content\\\/uploads\\\/sites\\\/3\\\/2020\\\/12\\\/logo.png\",\"width\":200,\"height\":70,\"caption\":\"Markt-XXL\"},\"image\":{\"@id\":\"https:\\\/\\\/marktxxl.de\\\/markt\\\/#\\\/schema\\\/logo\\\/image\\\/\"}}]}<\/script>\n<!-- \/ Yoast SEO plugin. -->","yoast_head_json":{"title":"gym &amp; juicy\u00ae Booty Bands aus Stoff | Fabric Resistance Hip Circle Band, Fitnessb\u00e4nder, Widerstandsb\u00e4nder f\u00fcr\u2026 - Markt-XXL","description":"Markt-XXL gym &amp; juicy\u00ae Booty Bands aus Stoff | Fabric Resistance Hip Circle Band, Fitnessb\u00e4nder, Widerstandsb\u00e4nder f\u00fcr\u2026","robots":{"index":"index","follow":"follow","max-snippet":"max-snippet:-1","max-image-preview":"max-image-preview:large","max-video-preview":"max-video-preview:-1"},"canonical":"https:\/\/marktxxl.de\/markt\/produkt\/gym-juicy-booty-bands-aus-stoff-fabric-resistance-hip-circle-band-fitnessbaender-widerstandsbaender-fuer-beintraining-glute-loop-fitness-baender\/","og_locale":"de_DE","og_type":"article","og_title":"gym &amp; juicy\u00ae Booty Bands aus Stoff | Fabric Resistance Hip Circle Band, Fitnessb\u00e4nder, Widerstandsb\u00e4nder f\u00fcr\u2026 - Markt-XXL","og_description":"Markt-XXL gym &amp; juicy\u00ae Booty Bands aus Stoff | Fabric Resistance Hip Circle Band, Fitnessb\u00e4nder, Widerstandsb\u00e4nder f\u00fcr\u2026","og_url":"https:\/\/marktxxl.de\/markt\/produkt\/gym-juicy-booty-bands-aus-stoff-fabric-resistance-hip-circle-band-fitnessbaender-widerstandsbaender-fuer-beintraining-glute-loop-fitness-baender\/","og_site_name":"Markt-XXL","article_modified_time":"2023-04-11T01:16:09+00:00","og_image":[{"width":500,"height":500,"url":"https:\/\/m.media-amazon.com\/images\/I\/510pnZdJFlL._SL500_.jpg","type":"image\/jpeg"}],"twitter_card":"summary_large_image","twitter_misc":{"Gesch\u00e4tzte Lesezeit":"1\u00a0Minute"},"schema":{"@context":"https:\/\/schema.org","@graph":[{"@type":"WebPage","@id":"https:\/\/marktxxl.de\/markt\/produkt\/gym-juicy-booty-bands-aus-stoff-fabric-resistance-hip-circle-band-fitnessbaender-widerstandsbaender-fuer-beintraining-glute-loop-fitness-baender\/","url":"https:\/\/marktxxl.de\/markt\/produkt\/gym-juicy-booty-bands-aus-stoff-fabric-resistance-hip-circle-band-fitnessbaender-widerstandsbaender-fuer-beintraining-glute-loop-fitness-baender\/","name":"gym &amp; juicy\u00ae Booty Bands aus Stoff | Fabric Resistance Hip Circle Band, Fitnessb\u00e4nder, Widerstandsb\u00e4nder f\u00fcr\u2026 - Markt-XXL","isPartOf":{"@id":"https:\/\/marktxxl.de\/markt\/#website"},"primaryImageOfPage":{"@id":"https:\/\/marktxxl.de\/markt\/produkt\/gym-juicy-booty-bands-aus-stoff-fabric-resistance-hip-circle-band-fitnessbaender-widerstandsbaender-fuer-beintraining-glute-loop-fitness-baender\/#primaryimage"},"image":{"@id":"https:\/\/marktxxl.de\/markt\/produkt\/gym-juicy-booty-bands-aus-stoff-fabric-resistance-hip-circle-band-fitnessbaender-widerstandsbaender-fuer-beintraining-glute-loop-fitness-baender\/#primaryimage"},"thumbnailUrl":"https:\/\/m.media-amazon.com\/images\/I\/510pnZdJFlL._SL500_.jpg","datePublished":"2021-12-28T22:21:10+00:00","dateModified":"2023-04-11T01:16:09+00:00","description":"Markt-XXL gym &amp; juicy\u00ae Booty Bands aus Stoff | Fabric Resistance Hip Circle Band, Fitnessb\u00e4nder, Widerstandsb\u00e4nder f\u00fcr\u2026","breadcrumb":{"@id":"https:\/\/marktxxl.de\/markt\/produkt\/gym-juicy-booty-bands-aus-stoff-fabric-resistance-hip-circle-band-fitnessbaender-widerstandsbaender-fuer-beintraining-glute-loop-fitness-baender\/#breadcrumb"},"inLanguage":"de","potentialAction":[{"@type":"ReadAction","target":["https:\/\/marktxxl.de\/markt\/produkt\/gym-juicy-booty-bands-aus-stoff-fabric-resistance-hip-circle-band-fitnessbaender-widerstandsbaender-fuer-beintraining-glute-loop-fitness-baender\/"]}]},{"@type":"ImageObject","inLanguage":"de","@id":"https:\/\/marktxxl.de\/markt\/produkt\/gym-juicy-booty-bands-aus-stoff-fabric-resistance-hip-circle-band-fitnessbaender-widerstandsbaender-fuer-beintraining-glute-loop-fitness-baender\/#primaryimage","url":"https:\/\/m.media-amazon.com\/images\/I\/510pnZdJFlL._SL500_.jpg","contentUrl":"https:\/\/m.media-amazon.com\/images\/I\/510pnZdJFlL._SL500_.jpg","width":500,"height":500},{"@type":"BreadcrumbList","@id":"https:\/\/marktxxl.de\/markt\/produkt\/gym-juicy-booty-bands-aus-stoff-fabric-resistance-hip-circle-band-fitnessbaender-widerstandsbaender-fuer-beintraining-glute-loop-fitness-baender\/#breadcrumb","itemListElement":[{"@type":"ListItem","position":1,"name":"Startseite","item":"https:\/\/marktxxl.de\/markt\/"},{"@type":"ListItem","position":2,"name":"Markt","item":"https:\/\/marktxxl.de\/markt\/"},{"@type":"ListItem","position":3,"name":"gym &amp; juicy\u00ae Booty Bands aus Stoff | Fabric Resistance Hip Circle Band, Fitnessb\u00e4nder, Widerstandsb\u00e4nder f\u00fcr\u2026"}]},{"@type":"WebSite","@id":"https:\/\/marktxxl.de\/markt\/#website","url":"https:\/\/marktxxl.de\/markt\/","name":"Markt-XXL","description":"Ihr Markt Online","publisher":{"@id":"https:\/\/marktxxl.de\/markt\/#organization"},"potentialAction":[{"@type":"SearchAction","target":{"@type":"EntryPoint","urlTemplate":"https:\/\/marktxxl.de\/markt\/?s={search_term_string}"},"query-input":{"@type":"PropertyValueSpecification","valueRequired":true,"valueName":"search_term_string"}}],"inLanguage":"de"},{"@type":"Organization","@id":"https:\/\/marktxxl.de\/markt\/#organization","name":"Markt-XXL","url":"https:\/\/marktxxl.de\/markt\/","logo":{"@type":"ImageObject","inLanguage":"de","@id":"https:\/\/marktxxl.de\/markt\/#\/schema\/logo\/image\/","url":"https:\/\/marktxxl.de\/markt\/wp-content\/uploads\/sites\/3\/2020\/12\/logo.png","contentUrl":"https:\/\/marktxxl.de\/markt\/wp-content\/uploads\/sites\/3\/2020\/12\/logo.png","width":200,"height":70,"caption":"Markt-XXL"},"image":{"@id":"https:\/\/marktxxl.de\/markt\/#\/schema\/logo\/image\/"}}]}},"_links":{"self":[{"href":"https:\/\/marktxxl.de\/markt\/wp-json\/wp\/v2\/product\/94905","targetHints":{"allow":["GET"]}}],"collection":[{"href":"https:\/\/marktxxl.de\/markt\/wp-json\/wp\/v2\/product"}],"about":[{"href":"https:\/\/marktxxl.de\/markt\/wp-json\/wp\/v2\/types\/product"}],"replies":[{"embeddable":true,"href":"https:\/\/marktxxl.de\/markt\/wp-json\/wp\/v2\/comments?post=94905"}],"wp:featuredmedia":[{"embeddable":true,"href":"https:\/\/marktxxl.de\/markt\/wp-json\/wp\/v2\/media\/94906"}],"wp:attachment":[{"href":"https:\/\/marktxxl.de\/markt\/wp-json\/wp\/v2\/media?parent=94905"}],"wp:term":[{"taxonomy":"product_brand","embeddable":true,"href":"https:\/\/marktxxl.de\/markt\/wp-json\/wp\/v2\/product_brand?post=94905"},{"taxonomy":"product_cat","embeddable":true,"href":"https:\/\/marktxxl.de\/markt\/wp-json\/wp\/v2\/product_cat?post=94905"},{"taxonomy":"product_tag","embeddable":true,"href":"https:\/\/marktxxl.de\/markt\/wp-json\/wp\/v2\/product_tag?post=94905"}],"curies":[{"name":"wp","href":"https:\/\/api.w.org\/{rel}","templated":true}]}}