{"id":94891,"date":"2021-12-28T23:18:56","date_gmt":"2021-12-28T22:18:56","guid":{"rendered":"https:\/\/marktxxl.de\/markt\/produkt\/haftbandage-12-rollen-selbsthaftende-fixierbinden-luftdurchlaessig-6-farben-je-5-cm-x-18-m\/"},"modified":"2023-04-11T03:16:09","modified_gmt":"2023-04-11T01:16:09","slug":"haftbandage-12-rollen-selbsthaftende-fixierbinden-luftdurchlaessig-6-farben-je-5-cm-x-18-m","status":"publish","type":"product","link":"https:\/\/marktxxl.de\/markt\/produkt\/haftbandage-12-rollen-selbsthaftende-fixierbinden-luftdurchlaessig-6-farben-je-5-cm-x-18-m\/","title":{"rendered":"Haftbandage, 12 Rollen Selbsthaftende Fixierbinden, Luftdurchl\u00e4ssig, 6 Farben, Je 5 cm x 1,8 m"},"content":{"rendered":"<p>Haftbandagen: Verwenden Sie den Klebeverband bei Zerrungen, Sportverletzungen oder f\u00fcr Haustiere etwa bei Pferden als Hufverband. Das Material ist luftdurchl\u00e4ssig und atmungsaktiv<br \/>\nVielseitig zu verwenden: Die selbsthaftenden Bandagen sind im medizinischen sowie im Sportbereich zu verwenden zur Unterst\u00fctzung von Muskeln, B\u00e4ndern und Gelenken sowie zur Ruhigstellung bei Zerrungen oder Verstauchungen. Sie eignen sich auch f\u00fcr die Anwendung bei Tieren<br \/>\nMaterial: Hergestellt sind die Bandagen Vlies, Spandex und Latex. Dadurch sind sie weich und luftdurchl\u00e4ssig aber halten oder fixieren trotzdem die Gelenke. Man braucht nicht einmal eine Schere, sondern kann die Bandage einfach mit den Fingern durchrei\u00dfen<br \/>\nMa\u00dfe: Jeder Verband ist 5 cm breit und 1,8 Meter lang<br \/>\nWas ist inbegriffen: Inbegriffen sind 12 Rollen Haftbandagen in 6 Farben, blau, lila, wei\u00df, rot, gr\u00fcn und beige<br \/>\n<div class=\"main-cross-sell\" data-asin=\"B071L5RZ54\">\n\n\t<div class=\"WooZone-cross-sell-loader\">\n\t\t<div>\n\t\t\t<div id=\"floatingBarsG\">\n\t\t\t\t<div class=\"blockG\" id=\"rotateG_01\"><\/div>\n\t\t\t\t<div class=\"blockG\" id=\"rotateG_02\"><\/div>\n\t\t\t\t<div class=\"blockG\" id=\"rotateG_03\"><\/div>\n\t\t\t\t<div class=\"blockG\" id=\"rotateG_04\"><\/div>\n\t\t\t\t<div class=\"blockG\" id=\"rotateG_05\"><\/div>\n\t\t\t\t<div class=\"blockG\" id=\"rotateG_06\"><\/div>\n\t\t\t\t<div class=\"blockG\" id=\"rotateG_07\"><\/div>\n\t\t\t\t<div class=\"blockG\" id=\"rotateG_08\"><\/div>\n\t\t\t<\/div>\n\t\t\t<div class=\"WooZone-cross-sell-loader-text\"><\/div>\n\t\t<\/div>\n\t<\/div>\n\n\t\t\n<\/div>\n<div style=\"clear:both;\"><\/div><\/p>\n","protected":false},"excerpt":{"rendered":"<p>Haftbandagen: Verwenden Sie den Klebeverband bei Zerrungen, Sportverletzungen oder f\u00fcr Haustiere etwa bei Pferden als Hufverband. Das Material ist luftdurchl\u00e4ssig und atmungsaktiv<br \/>\nVielseitig zu verwenden: Die selbsthaftenden Bandagen sind im medizinischen sowie im Sportbereich zu verwenden zur Unterst\u00fctzung von Muskeln, B\u00e4ndern und Gelenken sowie zur Ruhigstellung bei Zerrungen oder Verstauchungen. Sie eignen sich auch f\u00fcr die Anwendung bei Tieren<br \/>\nMaterial: Hergestellt sind die Bandagen Vlies, Spandex und Latex. Dadurch sind sie weich und luftdurchl\u00e4ssig aber halten oder fixieren trotzdem die Gelenke. Man braucht nicht einmal eine Schere, sondern kann die Bandage einfach mit den Fingern durchrei\u00dfen<\/p>\n","protected":false},"featured_media":94892,"comment_status":"open","ping_status":"closed","template":"","meta":[],"product_brand":[],"product_cat":[566,5908],"product_tag":[],"class_list":{"0":"post-94891","1":"product","2":"type-product","3":"status-publish","4":"has-post-thumbnail","6":"product_cat-drogerie-koerperpflege","7":"product_cat-medizinische-geraete-verbrauchsmaterialien","8":"pa_binding-misc","9":"pa_brand-juvale","10":"pa_color-weiss-blau-lila-rot-braun-gruen","11":"pa_height-0-393700787-zoll","12":"pa_length-66-92913379-zoll","13":"pa_manufacturer-juvale","14":"pa_size-weiss-blau-lila-rot-braun-gruen","15":"pa_width-1-968503935-zoll","17":"first","18":"instock","19":"shipping-taxable","20":"purchasable","21":"product-type-simple","22":"customify-col","23":"product-has-gallery"},"yoast_head":"<!-- This site is optimized with the Yoast SEO plugin v27.4 - https:\/\/yoast.com\/product\/yoast-seo-wordpress\/ -->\n<title>Haftbandage, 12 Rollen Selbsthaftende Fixierbinden, Luftdurchl\u00e4ssig, 6 Farben, Je 5 cm x 1,8 m - Markt-XXL<\/title>\n<meta name=\"description\" content=\"Markt-XXL Haftbandage, 12 Rollen Selbsthaftende Fixierbinden, Luftdurchl\u00e4ssig, 6 Farben, Je 5 cm x 1,8 m\" \/>\n<meta name=\"robots\" content=\"index, follow, max-snippet:-1, max-image-preview:large, max-video-preview:-1\" \/>\n<link rel=\"canonical\" href=\"https:\/\/marktxxl.de\/markt\/produkt\/haftbandage-12-rollen-selbsthaftende-fixierbinden-luftdurchlaessig-6-farben-je-5-cm-x-18-m\/\" \/>\n<meta property=\"og:locale\" content=\"de_DE\" \/>\n<meta property=\"og:type\" content=\"article\" \/>\n<meta property=\"og:title\" content=\"Haftbandage, 12 Rollen Selbsthaftende Fixierbinden, Luftdurchl\u00e4ssig, 6 Farben, Je 5 cm x 1,8 m - Markt-XXL\" \/>\n<meta property=\"og:description\" content=\"Markt-XXL Haftbandage, 12 Rollen Selbsthaftende Fixierbinden, Luftdurchl\u00e4ssig, 6 Farben, Je 5 cm x 1,8 m\" \/>\n<meta property=\"og:url\" content=\"https:\/\/marktxxl.de\/markt\/produkt\/haftbandage-12-rollen-selbsthaftende-fixierbinden-luftdurchlaessig-6-farben-je-5-cm-x-18-m\/\" \/>\n<meta property=\"og:site_name\" content=\"Markt-XXL\" \/>\n<meta property=\"article:modified_time\" content=\"2023-04-11T01:16:09+00:00\" \/>\n<meta property=\"og:image\" content=\"https:\/\/m.media-amazon.com\/images\/I\/51lc19n-aUL._SL500_.jpg\" \/>\n\t<meta property=\"og:image:width\" content=\"500\" \/>\n\t<meta property=\"og:image:height\" content=\"500\" \/>\n\t<meta property=\"og:image:type\" content=\"image\/jpeg\" \/>\n<meta name=\"twitter:card\" content=\"summary_large_image\" \/>\n<meta name=\"twitter:label1\" content=\"Gesch\u00e4tzte Lesezeit\" \/>\n\t<meta name=\"twitter:data1\" content=\"1\u00a0Minute\" \/>\n<script type=\"application\/ld+json\" class=\"yoast-schema-graph\">{\"@context\":\"https:\\\/\\\/schema.org\",\"@graph\":[{\"@type\":\"WebPage\",\"@id\":\"https:\\\/\\\/marktxxl.de\\\/markt\\\/produkt\\\/haftbandage-12-rollen-selbsthaftende-fixierbinden-luftdurchlaessig-6-farben-je-5-cm-x-18-m\\\/\",\"url\":\"https:\\\/\\\/marktxxl.de\\\/markt\\\/produkt\\\/haftbandage-12-rollen-selbsthaftende-fixierbinden-luftdurchlaessig-6-farben-je-5-cm-x-18-m\\\/\",\"name\":\"Haftbandage, 12 Rollen Selbsthaftende Fixierbinden, Luftdurchl\u00e4ssig, 6 Farben, Je 5 cm x 1,8 m - Markt-XXL\",\"isPartOf\":{\"@id\":\"https:\\\/\\\/marktxxl.de\\\/markt\\\/#website\"},\"primaryImageOfPage\":{\"@id\":\"https:\\\/\\\/marktxxl.de\\\/markt\\\/produkt\\\/haftbandage-12-rollen-selbsthaftende-fixierbinden-luftdurchlaessig-6-farben-je-5-cm-x-18-m\\\/#primaryimage\"},\"image\":{\"@id\":\"https:\\\/\\\/marktxxl.de\\\/markt\\\/produkt\\\/haftbandage-12-rollen-selbsthaftende-fixierbinden-luftdurchlaessig-6-farben-je-5-cm-x-18-m\\\/#primaryimage\"},\"thumbnailUrl\":\"https:\\\/\\\/m.media-amazon.com\\\/images\\\/I\\\/51lc19n-aUL._SL500_.jpg\",\"datePublished\":\"2021-12-28T22:18:56+00:00\",\"dateModified\":\"2023-04-11T01:16:09+00:00\",\"description\":\"Markt-XXL Haftbandage, 12 Rollen Selbsthaftende Fixierbinden, Luftdurchl\u00e4ssig, 6 Farben, Je 5 cm x 1,8 m\",\"breadcrumb\":{\"@id\":\"https:\\\/\\\/marktxxl.de\\\/markt\\\/produkt\\\/haftbandage-12-rollen-selbsthaftende-fixierbinden-luftdurchlaessig-6-farben-je-5-cm-x-18-m\\\/#breadcrumb\"},\"inLanguage\":\"de\",\"potentialAction\":[{\"@type\":\"ReadAction\",\"target\":[\"https:\\\/\\\/marktxxl.de\\\/markt\\\/produkt\\\/haftbandage-12-rollen-selbsthaftende-fixierbinden-luftdurchlaessig-6-farben-je-5-cm-x-18-m\\\/\"]}]},{\"@type\":\"ImageObject\",\"inLanguage\":\"de\",\"@id\":\"https:\\\/\\\/marktxxl.de\\\/markt\\\/produkt\\\/haftbandage-12-rollen-selbsthaftende-fixierbinden-luftdurchlaessig-6-farben-je-5-cm-x-18-m\\\/#primaryimage\",\"url\":\"https:\\\/\\\/m.media-amazon.com\\\/images\\\/I\\\/51lc19n-aUL._SL500_.jpg\",\"contentUrl\":\"https:\\\/\\\/m.media-amazon.com\\\/images\\\/I\\\/51lc19n-aUL._SL500_.jpg\",\"width\":500,\"height\":500},{\"@type\":\"BreadcrumbList\",\"@id\":\"https:\\\/\\\/marktxxl.de\\\/markt\\\/produkt\\\/haftbandage-12-rollen-selbsthaftende-fixierbinden-luftdurchlaessig-6-farben-je-5-cm-x-18-m\\\/#breadcrumb\",\"itemListElement\":[{\"@type\":\"ListItem\",\"position\":1,\"name\":\"Startseite\",\"item\":\"https:\\\/\\\/marktxxl.de\\\/markt\\\/\"},{\"@type\":\"ListItem\",\"position\":2,\"name\":\"Markt\",\"item\":\"https:\\\/\\\/marktxxl.de\\\/markt\\\/\"},{\"@type\":\"ListItem\",\"position\":3,\"name\":\"Haftbandage, 12 Rollen Selbsthaftende Fixierbinden, Luftdurchl\u00e4ssig, 6 Farben, Je 5 cm x 1,8 m\"}]},{\"@type\":\"WebSite\",\"@id\":\"https:\\\/\\\/marktxxl.de\\\/markt\\\/#website\",\"url\":\"https:\\\/\\\/marktxxl.de\\\/markt\\\/\",\"name\":\"Markt-XXL\",\"description\":\"Ihr Markt Online\",\"publisher\":{\"@id\":\"https:\\\/\\\/marktxxl.de\\\/markt\\\/#organization\"},\"potentialAction\":[{\"@type\":\"SearchAction\",\"target\":{\"@type\":\"EntryPoint\",\"urlTemplate\":\"https:\\\/\\\/marktxxl.de\\\/markt\\\/?s={search_term_string}\"},\"query-input\":{\"@type\":\"PropertyValueSpecification\",\"valueRequired\":true,\"valueName\":\"search_term_string\"}}],\"inLanguage\":\"de\"},{\"@type\":\"Organization\",\"@id\":\"https:\\\/\\\/marktxxl.de\\\/markt\\\/#organization\",\"name\":\"Markt-XXL\",\"url\":\"https:\\\/\\\/marktxxl.de\\\/markt\\\/\",\"logo\":{\"@type\":\"ImageObject\",\"inLanguage\":\"de\",\"@id\":\"https:\\\/\\\/marktxxl.de\\\/markt\\\/#\\\/schema\\\/logo\\\/image\\\/\",\"url\":\"https:\\\/\\\/marktxxl.de\\\/markt\\\/wp-content\\\/uploads\\\/sites\\\/3\\\/2020\\\/12\\\/logo.png\",\"contentUrl\":\"https:\\\/\\\/marktxxl.de\\\/markt\\\/wp-content\\\/uploads\\\/sites\\\/3\\\/2020\\\/12\\\/logo.png\",\"width\":200,\"height\":70,\"caption\":\"Markt-XXL\"},\"image\":{\"@id\":\"https:\\\/\\\/marktxxl.de\\\/markt\\\/#\\\/schema\\\/logo\\\/image\\\/\"}}]}<\/script>\n<!-- \/ Yoast SEO plugin. -->","yoast_head_json":{"title":"Haftbandage, 12 Rollen Selbsthaftende Fixierbinden, Luftdurchl\u00e4ssig, 6 Farben, Je 5 cm x 1,8 m - Markt-XXL","description":"Markt-XXL Haftbandage, 12 Rollen Selbsthaftende Fixierbinden, Luftdurchl\u00e4ssig, 6 Farben, Je 5 cm x 1,8 m","robots":{"index":"index","follow":"follow","max-snippet":"max-snippet:-1","max-image-preview":"max-image-preview:large","max-video-preview":"max-video-preview:-1"},"canonical":"https:\/\/marktxxl.de\/markt\/produkt\/haftbandage-12-rollen-selbsthaftende-fixierbinden-luftdurchlaessig-6-farben-je-5-cm-x-18-m\/","og_locale":"de_DE","og_type":"article","og_title":"Haftbandage, 12 Rollen Selbsthaftende Fixierbinden, Luftdurchl\u00e4ssig, 6 Farben, Je 5 cm x 1,8 m - Markt-XXL","og_description":"Markt-XXL Haftbandage, 12 Rollen Selbsthaftende Fixierbinden, Luftdurchl\u00e4ssig, 6 Farben, Je 5 cm x 1,8 m","og_url":"https:\/\/marktxxl.de\/markt\/produkt\/haftbandage-12-rollen-selbsthaftende-fixierbinden-luftdurchlaessig-6-farben-je-5-cm-x-18-m\/","og_site_name":"Markt-XXL","article_modified_time":"2023-04-11T01:16:09+00:00","og_image":[{"width":500,"height":500,"url":"https:\/\/m.media-amazon.com\/images\/I\/51lc19n-aUL._SL500_.jpg","type":"image\/jpeg"}],"twitter_card":"summary_large_image","twitter_misc":{"Gesch\u00e4tzte Lesezeit":"1\u00a0Minute"},"schema":{"@context":"https:\/\/schema.org","@graph":[{"@type":"WebPage","@id":"https:\/\/marktxxl.de\/markt\/produkt\/haftbandage-12-rollen-selbsthaftende-fixierbinden-luftdurchlaessig-6-farben-je-5-cm-x-18-m\/","url":"https:\/\/marktxxl.de\/markt\/produkt\/haftbandage-12-rollen-selbsthaftende-fixierbinden-luftdurchlaessig-6-farben-je-5-cm-x-18-m\/","name":"Haftbandage, 12 Rollen Selbsthaftende Fixierbinden, Luftdurchl\u00e4ssig, 6 Farben, Je 5 cm x 1,8 m - Markt-XXL","isPartOf":{"@id":"https:\/\/marktxxl.de\/markt\/#website"},"primaryImageOfPage":{"@id":"https:\/\/marktxxl.de\/markt\/produkt\/haftbandage-12-rollen-selbsthaftende-fixierbinden-luftdurchlaessig-6-farben-je-5-cm-x-18-m\/#primaryimage"},"image":{"@id":"https:\/\/marktxxl.de\/markt\/produkt\/haftbandage-12-rollen-selbsthaftende-fixierbinden-luftdurchlaessig-6-farben-je-5-cm-x-18-m\/#primaryimage"},"thumbnailUrl":"https:\/\/m.media-amazon.com\/images\/I\/51lc19n-aUL._SL500_.jpg","datePublished":"2021-12-28T22:18:56+00:00","dateModified":"2023-04-11T01:16:09+00:00","description":"Markt-XXL Haftbandage, 12 Rollen Selbsthaftende Fixierbinden, Luftdurchl\u00e4ssig, 6 Farben, Je 5 cm x 1,8 m","breadcrumb":{"@id":"https:\/\/marktxxl.de\/markt\/produkt\/haftbandage-12-rollen-selbsthaftende-fixierbinden-luftdurchlaessig-6-farben-je-5-cm-x-18-m\/#breadcrumb"},"inLanguage":"de","potentialAction":[{"@type":"ReadAction","target":["https:\/\/marktxxl.de\/markt\/produkt\/haftbandage-12-rollen-selbsthaftende-fixierbinden-luftdurchlaessig-6-farben-je-5-cm-x-18-m\/"]}]},{"@type":"ImageObject","inLanguage":"de","@id":"https:\/\/marktxxl.de\/markt\/produkt\/haftbandage-12-rollen-selbsthaftende-fixierbinden-luftdurchlaessig-6-farben-je-5-cm-x-18-m\/#primaryimage","url":"https:\/\/m.media-amazon.com\/images\/I\/51lc19n-aUL._SL500_.jpg","contentUrl":"https:\/\/m.media-amazon.com\/images\/I\/51lc19n-aUL._SL500_.jpg","width":500,"height":500},{"@type":"BreadcrumbList","@id":"https:\/\/marktxxl.de\/markt\/produkt\/haftbandage-12-rollen-selbsthaftende-fixierbinden-luftdurchlaessig-6-farben-je-5-cm-x-18-m\/#breadcrumb","itemListElement":[{"@type":"ListItem","position":1,"name":"Startseite","item":"https:\/\/marktxxl.de\/markt\/"},{"@type":"ListItem","position":2,"name":"Markt","item":"https:\/\/marktxxl.de\/markt\/"},{"@type":"ListItem","position":3,"name":"Haftbandage, 12 Rollen Selbsthaftende Fixierbinden, Luftdurchl\u00e4ssig, 6 Farben, Je 5 cm x 1,8 m"}]},{"@type":"WebSite","@id":"https:\/\/marktxxl.de\/markt\/#website","url":"https:\/\/marktxxl.de\/markt\/","name":"Markt-XXL","description":"Ihr Markt Online","publisher":{"@id":"https:\/\/marktxxl.de\/markt\/#organization"},"potentialAction":[{"@type":"SearchAction","target":{"@type":"EntryPoint","urlTemplate":"https:\/\/marktxxl.de\/markt\/?s={search_term_string}"},"query-input":{"@type":"PropertyValueSpecification","valueRequired":true,"valueName":"search_term_string"}}],"inLanguage":"de"},{"@type":"Organization","@id":"https:\/\/marktxxl.de\/markt\/#organization","name":"Markt-XXL","url":"https:\/\/marktxxl.de\/markt\/","logo":{"@type":"ImageObject","inLanguage":"de","@id":"https:\/\/marktxxl.de\/markt\/#\/schema\/logo\/image\/","url":"https:\/\/marktxxl.de\/markt\/wp-content\/uploads\/sites\/3\/2020\/12\/logo.png","contentUrl":"https:\/\/marktxxl.de\/markt\/wp-content\/uploads\/sites\/3\/2020\/12\/logo.png","width":200,"height":70,"caption":"Markt-XXL"},"image":{"@id":"https:\/\/marktxxl.de\/markt\/#\/schema\/logo\/image\/"}}]}},"_links":{"self":[{"href":"https:\/\/marktxxl.de\/markt\/wp-json\/wp\/v2\/product\/94891","targetHints":{"allow":["GET"]}}],"collection":[{"href":"https:\/\/marktxxl.de\/markt\/wp-json\/wp\/v2\/product"}],"about":[{"href":"https:\/\/marktxxl.de\/markt\/wp-json\/wp\/v2\/types\/product"}],"replies":[{"embeddable":true,"href":"https:\/\/marktxxl.de\/markt\/wp-json\/wp\/v2\/comments?post=94891"}],"wp:featuredmedia":[{"embeddable":true,"href":"https:\/\/marktxxl.de\/markt\/wp-json\/wp\/v2\/media\/94892"}],"wp:attachment":[{"href":"https:\/\/marktxxl.de\/markt\/wp-json\/wp\/v2\/media?parent=94891"}],"wp:term":[{"taxonomy":"product_brand","embeddable":true,"href":"https:\/\/marktxxl.de\/markt\/wp-json\/wp\/v2\/product_brand?post=94891"},{"taxonomy":"product_cat","embeddable":true,"href":"https:\/\/marktxxl.de\/markt\/wp-json\/wp\/v2\/product_cat?post=94891"},{"taxonomy":"product_tag","embeddable":true,"href":"https:\/\/marktxxl.de\/markt\/wp-json\/wp\/v2\/product_tag?post=94891"}],"curies":[{"name":"wp","href":"https:\/\/api.w.org\/{rel}","templated":true}]}}