{"id":94875,"date":"2021-12-28T23:18:40","date_gmt":"2021-12-28T22:18:40","guid":{"rendered":"https:\/\/marktxxl.de\/markt\/produkt\/jddz-sports-widerstandsbaender-fuer-klimmzuege-trainingsbaender-powerlifting-baender-mobilitaets-stretch-baender-uebungsband-fuer-koerper-fitnesstraining-klimmzuege-stretch-set-von-6\/"},"modified":"2023-04-11T03:16:09","modified_gmt":"2023-04-11T01:16:09","slug":"jddz-sports-widerstandsbaender-fuer-klimmzuege-trainingsbaender-powerlifting-baender-mobilitaets-stretch-baender-uebungsband-fuer-koerper-fitnesstraining-klimmzuege-stretch-set-von-6","status":"publish","type":"product","link":"https:\/\/marktxxl.de\/markt\/produkt\/jddz-sports-widerstandsbaender-fuer-klimmzuege-trainingsbaender-powerlifting-baender-mobilitaets-stretch-baender-uebungsband-fuer-koerper-fitnesstraining-klimmzuege-stretch-set-von-6\/","title":{"rendered":"JDDZ SPORTS Widerstandsb\u00e4nder f\u00fcr Klimmz\u00fcge, Trainingsb\u00e4nder | Powerlifting-B\u00e4nder, Mobilit\u00e4ts-Stretch-B\u00e4nder\u2026"},"content":{"rendered":"<p>Umweltfreundlich und langlebig: Das Klimmzug-Widerstandsband besteht aus 100% Naturlatex und hat eine gute Elastizit\u00e4t. Und mehr als 99,9% enth\u00e4lt kein l\u00f6sliches Protein (Latexallergen). Es ist verschlei\u00dffester und stabiler als der allgemeine Widerstand<br \/>\nGeeignet f\u00fcr jedes Workout: Unser Widerstandsband bietet Ihnen eine Vielzahl von effektiven \u00dcbungsmethoden, die leicht Ihre Arme, R\u00fccken, Beine und H\u00fcften trainieren k\u00f6nnen. Es ist sehr geeignet f\u00fcr provinzielles Widerstandstraining und Physiotherapie, um<br \/>\n6 Stufen zur Auswahl: In der Kombination haben verschiedene Farben unterschiedliche Widerstandsstufen. Dieses Design ist sehr geeignet f\u00fcr verschiedene \u00dcbungsstufen, Sie k\u00f6nnen nach Ihren eigenen Bed\u00fcrfnissen w\u00e4hlen. Es wird empfohlen, mit der kleinsten Tensio zu trainieren<br \/>\nTragbare und Tragetasche: Das Widerstandsband ist sehr kompakt und nimmt fast keinen Platz oder Gewicht ein. Sie k\u00f6nnen Widerstand in den Arbeitsbereich, Fitnessstudio, Park usw. bringen. Sie k\u00f6nnen jederzeit und \u00fcberall trainieren. Sie k\u00f6nnen sie sogar nach dem Training an Ihre Haken h\u00e4ngen<br \/>\nLieferumfang: 1 x gelbes Band; 1 x rotes Band; 1 x schwarzes Band; 1 x violettes Band; 1 x gr\u00fcnes Band; 1 x blaues Band; 1 x Bedienungsanleitung (evtl. nicht in deutscher Sprache). Einfach<br \/>\n<div class=\"main-cross-sell\" data-asin=\"B07YDH1N6D\">\n\n\t<div class=\"WooZone-cross-sell-loader\">\n\t\t<div>\n\t\t\t<div id=\"floatingBarsG\">\n\t\t\t\t<div class=\"blockG\" id=\"rotateG_01\"><\/div>\n\t\t\t\t<div class=\"blockG\" id=\"rotateG_02\"><\/div>\n\t\t\t\t<div class=\"blockG\" id=\"rotateG_03\"><\/div>\n\t\t\t\t<div class=\"blockG\" id=\"rotateG_04\"><\/div>\n\t\t\t\t<div class=\"blockG\" id=\"rotateG_05\"><\/div>\n\t\t\t\t<div class=\"blockG\" id=\"rotateG_06\"><\/div>\n\t\t\t\t<div class=\"blockG\" id=\"rotateG_07\"><\/div>\n\t\t\t\t<div class=\"blockG\" id=\"rotateG_08\"><\/div>\n\t\t\t<\/div>\n\t\t\t<div class=\"WooZone-cross-sell-loader-text\"><\/div>\n\t\t<\/div>\n\t<\/div>\n\n\t\t\n<\/div>\n<div style=\"clear:both;\"><\/div><\/p>\n","protected":false},"excerpt":{"rendered":"<p>Umweltfreundlich und langlebig: Das Klimmzug-Widerstandsband besteht aus 100% Naturlatex und hat eine gute Elastizit\u00e4t. Und mehr als 99,9% enth\u00e4lt kein l\u00f6sliches Protein (Latexallergen). Es ist verschlei\u00dffester und stabiler als der allgemeine Widerstand<br \/>\nGeeignet f\u00fcr jedes Workout: Unser Widerstandsband bietet Ihnen eine Vielzahl von effektiven \u00dcbungsmethoden, die leicht Ihre Arme, R\u00fccken, Beine und H\u00fcften trainieren k\u00f6nnen. Es ist sehr geeignet f\u00fcr provinzielles Widerstandstraining und Physiotherapie, um<br \/>\n6 Stufen zur Auswahl: In der Kombination haben verschiedene Farben unterschiedliche Widerstandsstufen. Dieses Design ist sehr geeignet f\u00fcr verschiedene \u00dcbungsstufen, Sie k\u00f6nnen nach Ihren eigenen Bed\u00fcrfnissen w\u00e4hlen. Es wird empfohlen, mit der kleinsten Tensio zu trainieren<\/p>\n","protected":false},"featured_media":94876,"comment_status":"open","ping_status":"closed","template":"","meta":[],"product_brand":[],"product_cat":[566,5908],"product_tag":[],"class_list":{"0":"post-94875","1":"product","2":"type-product","3":"status-publish","4":"has-post-thumbnail","6":"product_cat-drogerie-koerperpflege","7":"product_cat-medizinische-geraete-verbrauchsmaterialien","8":"pa_binding-ausruestung","9":"pa_brand-jddz-sports","10":"pa_brand-thames-hudson","11":"pa_manufacturer-jddz-sports","13":"first","14":"instock","15":"shipping-taxable","16":"purchasable","17":"product-type-simple","18":"customify-col","19":"product-has-gallery"},"yoast_head":"<!-- This site is optimized with the Yoast SEO plugin v27.4 - https:\/\/yoast.com\/product\/yoast-seo-wordpress\/ -->\n<title>JDDZ SPORTS Widerstandsb\u00e4nder f\u00fcr Klimmz\u00fcge, Trainingsb\u00e4nder | Powerlifting-B\u00e4nder, Mobilit\u00e4ts-Stretch-B\u00e4nder\u2026 - Markt-XXL<\/title>\n<meta name=\"description\" content=\"Markt-XXL JDDZ SPORTS Widerstandsb\u00e4nder f\u00fcr Klimmz\u00fcge, Trainingsb\u00e4nder | Powerlifting-B\u00e4nder, Mobilit\u00e4ts-Stretch-B\u00e4nder\u2026\" \/>\n<meta name=\"robots\" content=\"index, follow, max-snippet:-1, max-image-preview:large, max-video-preview:-1\" \/>\n<link rel=\"canonical\" href=\"https:\/\/marktxxl.de\/markt\/produkt\/jddz-sports-widerstandsbaender-fuer-klimmzuege-trainingsbaender-powerlifting-baender-mobilitaets-stretch-baender-uebungsband-fuer-koerper-fitnesstraining-klimmzuege-stretch-set-von-6\/\" \/>\n<meta property=\"og:locale\" content=\"de_DE\" \/>\n<meta property=\"og:type\" content=\"article\" \/>\n<meta property=\"og:title\" content=\"JDDZ SPORTS Widerstandsb\u00e4nder f\u00fcr Klimmz\u00fcge, Trainingsb\u00e4nder | Powerlifting-B\u00e4nder, Mobilit\u00e4ts-Stretch-B\u00e4nder\u2026 - Markt-XXL\" \/>\n<meta property=\"og:description\" content=\"Markt-XXL JDDZ SPORTS Widerstandsb\u00e4nder f\u00fcr Klimmz\u00fcge, Trainingsb\u00e4nder | Powerlifting-B\u00e4nder, Mobilit\u00e4ts-Stretch-B\u00e4nder\u2026\" \/>\n<meta property=\"og:url\" content=\"https:\/\/marktxxl.de\/markt\/produkt\/jddz-sports-widerstandsbaender-fuer-klimmzuege-trainingsbaender-powerlifting-baender-mobilitaets-stretch-baender-uebungsband-fuer-koerper-fitnesstraining-klimmzuege-stretch-set-von-6\/\" \/>\n<meta property=\"og:site_name\" content=\"Markt-XXL\" \/>\n<meta property=\"article:modified_time\" content=\"2023-04-11T01:16:09+00:00\" \/>\n<meta property=\"og:image\" content=\"https:\/\/m.media-amazon.com\/images\/I\/41mSOpW9sfL._SL500_.jpg\" \/>\n\t<meta property=\"og:image:width\" content=\"500\" \/>\n\t<meta property=\"og:image:height\" content=\"313\" \/>\n\t<meta property=\"og:image:type\" content=\"image\/jpeg\" \/>\n<meta name=\"twitter:card\" content=\"summary_large_image\" \/>\n<meta name=\"twitter:label1\" content=\"Gesch\u00e4tzte Lesezeit\" \/>\n\t<meta name=\"twitter:data1\" content=\"1\u00a0Minute\" \/>\n<script type=\"application\/ld+json\" class=\"yoast-schema-graph\">{\"@context\":\"https:\\\/\\\/schema.org\",\"@graph\":[{\"@type\":\"WebPage\",\"@id\":\"https:\\\/\\\/marktxxl.de\\\/markt\\\/produkt\\\/jddz-sports-widerstandsbaender-fuer-klimmzuege-trainingsbaender-powerlifting-baender-mobilitaets-stretch-baender-uebungsband-fuer-koerper-fitnesstraining-klimmzuege-stretch-set-von-6\\\/\",\"url\":\"https:\\\/\\\/marktxxl.de\\\/markt\\\/produkt\\\/jddz-sports-widerstandsbaender-fuer-klimmzuege-trainingsbaender-powerlifting-baender-mobilitaets-stretch-baender-uebungsband-fuer-koerper-fitnesstraining-klimmzuege-stretch-set-von-6\\\/\",\"name\":\"JDDZ SPORTS Widerstandsb\u00e4nder f\u00fcr Klimmz\u00fcge, Trainingsb\u00e4nder | Powerlifting-B\u00e4nder, Mobilit\u00e4ts-Stretch-B\u00e4nder\u2026 - Markt-XXL\",\"isPartOf\":{\"@id\":\"https:\\\/\\\/marktxxl.de\\\/markt\\\/#website\"},\"primaryImageOfPage\":{\"@id\":\"https:\\\/\\\/marktxxl.de\\\/markt\\\/produkt\\\/jddz-sports-widerstandsbaender-fuer-klimmzuege-trainingsbaender-powerlifting-baender-mobilitaets-stretch-baender-uebungsband-fuer-koerper-fitnesstraining-klimmzuege-stretch-set-von-6\\\/#primaryimage\"},\"image\":{\"@id\":\"https:\\\/\\\/marktxxl.de\\\/markt\\\/produkt\\\/jddz-sports-widerstandsbaender-fuer-klimmzuege-trainingsbaender-powerlifting-baender-mobilitaets-stretch-baender-uebungsband-fuer-koerper-fitnesstraining-klimmzuege-stretch-set-von-6\\\/#primaryimage\"},\"thumbnailUrl\":\"https:\\\/\\\/m.media-amazon.com\\\/images\\\/I\\\/41mSOpW9sfL._SL500_.jpg\",\"datePublished\":\"2021-12-28T22:18:40+00:00\",\"dateModified\":\"2023-04-11T01:16:09+00:00\",\"description\":\"Markt-XXL JDDZ SPORTS Widerstandsb\u00e4nder f\u00fcr Klimmz\u00fcge, Trainingsb\u00e4nder | Powerlifting-B\u00e4nder, Mobilit\u00e4ts-Stretch-B\u00e4nder\u2026\",\"breadcrumb\":{\"@id\":\"https:\\\/\\\/marktxxl.de\\\/markt\\\/produkt\\\/jddz-sports-widerstandsbaender-fuer-klimmzuege-trainingsbaender-powerlifting-baender-mobilitaets-stretch-baender-uebungsband-fuer-koerper-fitnesstraining-klimmzuege-stretch-set-von-6\\\/#breadcrumb\"},\"inLanguage\":\"de\",\"potentialAction\":[{\"@type\":\"ReadAction\",\"target\":[\"https:\\\/\\\/marktxxl.de\\\/markt\\\/produkt\\\/jddz-sports-widerstandsbaender-fuer-klimmzuege-trainingsbaender-powerlifting-baender-mobilitaets-stretch-baender-uebungsband-fuer-koerper-fitnesstraining-klimmzuege-stretch-set-von-6\\\/\"]}]},{\"@type\":\"ImageObject\",\"inLanguage\":\"de\",\"@id\":\"https:\\\/\\\/marktxxl.de\\\/markt\\\/produkt\\\/jddz-sports-widerstandsbaender-fuer-klimmzuege-trainingsbaender-powerlifting-baender-mobilitaets-stretch-baender-uebungsband-fuer-koerper-fitnesstraining-klimmzuege-stretch-set-von-6\\\/#primaryimage\",\"url\":\"https:\\\/\\\/m.media-amazon.com\\\/images\\\/I\\\/41mSOpW9sfL._SL500_.jpg\",\"contentUrl\":\"https:\\\/\\\/m.media-amazon.com\\\/images\\\/I\\\/41mSOpW9sfL._SL500_.jpg\",\"width\":500,\"height\":313},{\"@type\":\"BreadcrumbList\",\"@id\":\"https:\\\/\\\/marktxxl.de\\\/markt\\\/produkt\\\/jddz-sports-widerstandsbaender-fuer-klimmzuege-trainingsbaender-powerlifting-baender-mobilitaets-stretch-baender-uebungsband-fuer-koerper-fitnesstraining-klimmzuege-stretch-set-von-6\\\/#breadcrumb\",\"itemListElement\":[{\"@type\":\"ListItem\",\"position\":1,\"name\":\"Startseite\",\"item\":\"https:\\\/\\\/marktxxl.de\\\/markt\\\/\"},{\"@type\":\"ListItem\",\"position\":2,\"name\":\"Markt\",\"item\":\"https:\\\/\\\/marktxxl.de\\\/markt\\\/\"},{\"@type\":\"ListItem\",\"position\":3,\"name\":\"JDDZ SPORTS Widerstandsb\u00e4nder f\u00fcr Klimmz\u00fcge, Trainingsb\u00e4nder | Powerlifting-B\u00e4nder, Mobilit\u00e4ts-Stretch-B\u00e4nder\u2026\"}]},{\"@type\":\"WebSite\",\"@id\":\"https:\\\/\\\/marktxxl.de\\\/markt\\\/#website\",\"url\":\"https:\\\/\\\/marktxxl.de\\\/markt\\\/\",\"name\":\"Markt-XXL\",\"description\":\"Ihr Markt Online\",\"publisher\":{\"@id\":\"https:\\\/\\\/marktxxl.de\\\/markt\\\/#organization\"},\"potentialAction\":[{\"@type\":\"SearchAction\",\"target\":{\"@type\":\"EntryPoint\",\"urlTemplate\":\"https:\\\/\\\/marktxxl.de\\\/markt\\\/?s={search_term_string}\"},\"query-input\":{\"@type\":\"PropertyValueSpecification\",\"valueRequired\":true,\"valueName\":\"search_term_string\"}}],\"inLanguage\":\"de\"},{\"@type\":\"Organization\",\"@id\":\"https:\\\/\\\/marktxxl.de\\\/markt\\\/#organization\",\"name\":\"Markt-XXL\",\"url\":\"https:\\\/\\\/marktxxl.de\\\/markt\\\/\",\"logo\":{\"@type\":\"ImageObject\",\"inLanguage\":\"de\",\"@id\":\"https:\\\/\\\/marktxxl.de\\\/markt\\\/#\\\/schema\\\/logo\\\/image\\\/\",\"url\":\"https:\\\/\\\/marktxxl.de\\\/markt\\\/wp-content\\\/uploads\\\/sites\\\/3\\\/2020\\\/12\\\/logo.png\",\"contentUrl\":\"https:\\\/\\\/marktxxl.de\\\/markt\\\/wp-content\\\/uploads\\\/sites\\\/3\\\/2020\\\/12\\\/logo.png\",\"width\":200,\"height\":70,\"caption\":\"Markt-XXL\"},\"image\":{\"@id\":\"https:\\\/\\\/marktxxl.de\\\/markt\\\/#\\\/schema\\\/logo\\\/image\\\/\"}}]}<\/script>\n<!-- \/ Yoast SEO plugin. -->","yoast_head_json":{"title":"JDDZ SPORTS Widerstandsb\u00e4nder f\u00fcr Klimmz\u00fcge, Trainingsb\u00e4nder | Powerlifting-B\u00e4nder, Mobilit\u00e4ts-Stretch-B\u00e4nder\u2026 - Markt-XXL","description":"Markt-XXL JDDZ SPORTS Widerstandsb\u00e4nder f\u00fcr Klimmz\u00fcge, Trainingsb\u00e4nder | Powerlifting-B\u00e4nder, Mobilit\u00e4ts-Stretch-B\u00e4nder\u2026","robots":{"index":"index","follow":"follow","max-snippet":"max-snippet:-1","max-image-preview":"max-image-preview:large","max-video-preview":"max-video-preview:-1"},"canonical":"https:\/\/marktxxl.de\/markt\/produkt\/jddz-sports-widerstandsbaender-fuer-klimmzuege-trainingsbaender-powerlifting-baender-mobilitaets-stretch-baender-uebungsband-fuer-koerper-fitnesstraining-klimmzuege-stretch-set-von-6\/","og_locale":"de_DE","og_type":"article","og_title":"JDDZ SPORTS Widerstandsb\u00e4nder f\u00fcr Klimmz\u00fcge, Trainingsb\u00e4nder | Powerlifting-B\u00e4nder, Mobilit\u00e4ts-Stretch-B\u00e4nder\u2026 - Markt-XXL","og_description":"Markt-XXL JDDZ SPORTS Widerstandsb\u00e4nder f\u00fcr Klimmz\u00fcge, Trainingsb\u00e4nder | Powerlifting-B\u00e4nder, Mobilit\u00e4ts-Stretch-B\u00e4nder\u2026","og_url":"https:\/\/marktxxl.de\/markt\/produkt\/jddz-sports-widerstandsbaender-fuer-klimmzuege-trainingsbaender-powerlifting-baender-mobilitaets-stretch-baender-uebungsband-fuer-koerper-fitnesstraining-klimmzuege-stretch-set-von-6\/","og_site_name":"Markt-XXL","article_modified_time":"2023-04-11T01:16:09+00:00","og_image":[{"width":500,"height":313,"url":"https:\/\/m.media-amazon.com\/images\/I\/41mSOpW9sfL._SL500_.jpg","type":"image\/jpeg"}],"twitter_card":"summary_large_image","twitter_misc":{"Gesch\u00e4tzte Lesezeit":"1\u00a0Minute"},"schema":{"@context":"https:\/\/schema.org","@graph":[{"@type":"WebPage","@id":"https:\/\/marktxxl.de\/markt\/produkt\/jddz-sports-widerstandsbaender-fuer-klimmzuege-trainingsbaender-powerlifting-baender-mobilitaets-stretch-baender-uebungsband-fuer-koerper-fitnesstraining-klimmzuege-stretch-set-von-6\/","url":"https:\/\/marktxxl.de\/markt\/produkt\/jddz-sports-widerstandsbaender-fuer-klimmzuege-trainingsbaender-powerlifting-baender-mobilitaets-stretch-baender-uebungsband-fuer-koerper-fitnesstraining-klimmzuege-stretch-set-von-6\/","name":"JDDZ SPORTS Widerstandsb\u00e4nder f\u00fcr Klimmz\u00fcge, Trainingsb\u00e4nder | Powerlifting-B\u00e4nder, Mobilit\u00e4ts-Stretch-B\u00e4nder\u2026 - Markt-XXL","isPartOf":{"@id":"https:\/\/marktxxl.de\/markt\/#website"},"primaryImageOfPage":{"@id":"https:\/\/marktxxl.de\/markt\/produkt\/jddz-sports-widerstandsbaender-fuer-klimmzuege-trainingsbaender-powerlifting-baender-mobilitaets-stretch-baender-uebungsband-fuer-koerper-fitnesstraining-klimmzuege-stretch-set-von-6\/#primaryimage"},"image":{"@id":"https:\/\/marktxxl.de\/markt\/produkt\/jddz-sports-widerstandsbaender-fuer-klimmzuege-trainingsbaender-powerlifting-baender-mobilitaets-stretch-baender-uebungsband-fuer-koerper-fitnesstraining-klimmzuege-stretch-set-von-6\/#primaryimage"},"thumbnailUrl":"https:\/\/m.media-amazon.com\/images\/I\/41mSOpW9sfL._SL500_.jpg","datePublished":"2021-12-28T22:18:40+00:00","dateModified":"2023-04-11T01:16:09+00:00","description":"Markt-XXL JDDZ SPORTS Widerstandsb\u00e4nder f\u00fcr Klimmz\u00fcge, Trainingsb\u00e4nder | Powerlifting-B\u00e4nder, Mobilit\u00e4ts-Stretch-B\u00e4nder\u2026","breadcrumb":{"@id":"https:\/\/marktxxl.de\/markt\/produkt\/jddz-sports-widerstandsbaender-fuer-klimmzuege-trainingsbaender-powerlifting-baender-mobilitaets-stretch-baender-uebungsband-fuer-koerper-fitnesstraining-klimmzuege-stretch-set-von-6\/#breadcrumb"},"inLanguage":"de","potentialAction":[{"@type":"ReadAction","target":["https:\/\/marktxxl.de\/markt\/produkt\/jddz-sports-widerstandsbaender-fuer-klimmzuege-trainingsbaender-powerlifting-baender-mobilitaets-stretch-baender-uebungsband-fuer-koerper-fitnesstraining-klimmzuege-stretch-set-von-6\/"]}]},{"@type":"ImageObject","inLanguage":"de","@id":"https:\/\/marktxxl.de\/markt\/produkt\/jddz-sports-widerstandsbaender-fuer-klimmzuege-trainingsbaender-powerlifting-baender-mobilitaets-stretch-baender-uebungsband-fuer-koerper-fitnesstraining-klimmzuege-stretch-set-von-6\/#primaryimage","url":"https:\/\/m.media-amazon.com\/images\/I\/41mSOpW9sfL._SL500_.jpg","contentUrl":"https:\/\/m.media-amazon.com\/images\/I\/41mSOpW9sfL._SL500_.jpg","width":500,"height":313},{"@type":"BreadcrumbList","@id":"https:\/\/marktxxl.de\/markt\/produkt\/jddz-sports-widerstandsbaender-fuer-klimmzuege-trainingsbaender-powerlifting-baender-mobilitaets-stretch-baender-uebungsband-fuer-koerper-fitnesstraining-klimmzuege-stretch-set-von-6\/#breadcrumb","itemListElement":[{"@type":"ListItem","position":1,"name":"Startseite","item":"https:\/\/marktxxl.de\/markt\/"},{"@type":"ListItem","position":2,"name":"Markt","item":"https:\/\/marktxxl.de\/markt\/"},{"@type":"ListItem","position":3,"name":"JDDZ SPORTS Widerstandsb\u00e4nder f\u00fcr Klimmz\u00fcge, Trainingsb\u00e4nder | Powerlifting-B\u00e4nder, Mobilit\u00e4ts-Stretch-B\u00e4nder\u2026"}]},{"@type":"WebSite","@id":"https:\/\/marktxxl.de\/markt\/#website","url":"https:\/\/marktxxl.de\/markt\/","name":"Markt-XXL","description":"Ihr Markt Online","publisher":{"@id":"https:\/\/marktxxl.de\/markt\/#organization"},"potentialAction":[{"@type":"SearchAction","target":{"@type":"EntryPoint","urlTemplate":"https:\/\/marktxxl.de\/markt\/?s={search_term_string}"},"query-input":{"@type":"PropertyValueSpecification","valueRequired":true,"valueName":"search_term_string"}}],"inLanguage":"de"},{"@type":"Organization","@id":"https:\/\/marktxxl.de\/markt\/#organization","name":"Markt-XXL","url":"https:\/\/marktxxl.de\/markt\/","logo":{"@type":"ImageObject","inLanguage":"de","@id":"https:\/\/marktxxl.de\/markt\/#\/schema\/logo\/image\/","url":"https:\/\/marktxxl.de\/markt\/wp-content\/uploads\/sites\/3\/2020\/12\/logo.png","contentUrl":"https:\/\/marktxxl.de\/markt\/wp-content\/uploads\/sites\/3\/2020\/12\/logo.png","width":200,"height":70,"caption":"Markt-XXL"},"image":{"@id":"https:\/\/marktxxl.de\/markt\/#\/schema\/logo\/image\/"}}]}},"_links":{"self":[{"href":"https:\/\/marktxxl.de\/markt\/wp-json\/wp\/v2\/product\/94875","targetHints":{"allow":["GET"]}}],"collection":[{"href":"https:\/\/marktxxl.de\/markt\/wp-json\/wp\/v2\/product"}],"about":[{"href":"https:\/\/marktxxl.de\/markt\/wp-json\/wp\/v2\/types\/product"}],"replies":[{"embeddable":true,"href":"https:\/\/marktxxl.de\/markt\/wp-json\/wp\/v2\/comments?post=94875"}],"wp:featuredmedia":[{"embeddable":true,"href":"https:\/\/marktxxl.de\/markt\/wp-json\/wp\/v2\/media\/94876"}],"wp:attachment":[{"href":"https:\/\/marktxxl.de\/markt\/wp-json\/wp\/v2\/media?parent=94875"}],"wp:term":[{"taxonomy":"product_brand","embeddable":true,"href":"https:\/\/marktxxl.de\/markt\/wp-json\/wp\/v2\/product_brand?post=94875"},{"taxonomy":"product_cat","embeddable":true,"href":"https:\/\/marktxxl.de\/markt\/wp-json\/wp\/v2\/product_cat?post=94875"},{"taxonomy":"product_tag","embeddable":true,"href":"https:\/\/marktxxl.de\/markt\/wp-json\/wp\/v2\/product_tag?post=94875"}],"curies":[{"name":"wp","href":"https:\/\/api.w.org\/{rel}","templated":true}]}}