{"id":94842,"date":"2021-12-28T23:18:15","date_gmt":"2021-12-28T22:18:15","guid":{"rendered":"https:\/\/marktxxl.de\/markt\/produkt\/worldfit-iso-trainer-isometrische-uebungen-fuer-krafttraining-stretching-yoga-pilates-ein-us-unternehmen-schwarz\/"},"modified":"2023-04-11T03:16:08","modified_gmt":"2023-04-11T01:16:08","slug":"worldfit-iso-trainer-isometrische-uebungen-fuer-krafttraining-stretching-yoga-pilates-ein-us-unternehmen-schwarz","status":"publish","type":"product","link":"https:\/\/marktxxl.de\/markt\/produkt\/worldfit-iso-trainer-isometrische-uebungen-fuer-krafttraining-stretching-yoga-pilates-ein-us-unternehmen-schwarz\/","title":{"rendered":"WorldFit ISO Trainer \u2013 Isometrische \u00dcbungen f\u00fcr Krafttraining, Stretching, Yoga, Pilates \u2013 EIN US-Unternehmen"},"content":{"rendered":"<p>St\u00e4rke und Flexibilit\u00e4t \u00e2\u20ac\u201c Erh\u00f6hen Sie Ihre gesamte K\u00f6rperkraft, erh\u00f6hen Sie Ihre Bewegungsfreiheit und straffen Sie Ihre Muskeln schnell mit dem WorldFit ISO Trainer.<br \/>\nQualit\u00e4t \u00e2\u20ac\u201c Hergestellt in den USA und ausl\u00e4ndischen Komponenten, dieser WorldFit ISO Trainer ist f\u00fcr die Langlebigkeit mit den hochwertigsten Materialien hergestellt \u00e2\u20ac\u201c mit einem Gewebe der 1. Klasse (nicht dehnbar). Silikon-Gummi (latexfrei) Griffe, die langlebig sind<br \/>\nSicher \u00e2\u20ac\u201c ISOmetrische \u00c3\u0153bungen sind sehr sicher, aber \u00e4u\u00c3\u0178erst effektiv. Kleine Bewegung w\u00e4hrend der \u00c3\u0153bungen erleichtert es die Gelenke &#8211; Sie haben die Kontrolle \u00fcber die Belastung Ihrer Muskeln. Ideal f\u00fcr Kinder von 5 bis 105 Jahren, Anf\u00e4nger bis Athleten. Verwenden Sie es f\u00fcr Krafttraining, Stretching, Yoga, Pilates. Erh\u00f6hen Sie Ihre Flexibilit\u00e4t, Kraft, Ausdauer und lindern Sie Schmerzen.<br \/>\nTragbar \u00e2\u20ac\u201c Trainieren Sie \u00fcberall (wiegt nur 4,8 kg), \u00fcberall mit Ihrem WorldFit ISO-Trainer. Sie entscheiden, wann und wo Sie trainieren m\u00f6chten &#8211; zu Hause, im B\u00fcro, auf Urlaub, Gesch\u00e4ftsreise, am Strand usw. Trainer ist in durchsichtigem Polybeutel verpackt, um die Kosten des Trainers niedrig zu halten. Mit Beutel mit Kordelzug und \u00c3\u0153bungslaken f\u00fcr den sofortigen Einstieg<br \/>\nInternational products have separate terms, are sold from abroad and may differ from local products, including fit, age ratings, and language of product, labeling or instructions.<br \/>\n<div class=\"main-cross-sell\" data-asin=\"B07MJM62ZD\">\n\n\t<div class=\"WooZone-cross-sell-loader\">\n\t\t<div>\n\t\t\t<div id=\"floatingBarsG\">\n\t\t\t\t<div class=\"blockG\" id=\"rotateG_01\"><\/div>\n\t\t\t\t<div class=\"blockG\" id=\"rotateG_02\"><\/div>\n\t\t\t\t<div class=\"blockG\" id=\"rotateG_03\"><\/div>\n\t\t\t\t<div class=\"blockG\" id=\"rotateG_04\"><\/div>\n\t\t\t\t<div class=\"blockG\" id=\"rotateG_05\"><\/div>\n\t\t\t\t<div class=\"blockG\" id=\"rotateG_06\"><\/div>\n\t\t\t\t<div class=\"blockG\" id=\"rotateG_07\"><\/div>\n\t\t\t\t<div class=\"blockG\" id=\"rotateG_08\"><\/div>\n\t\t\t<\/div>\n\t\t\t<div class=\"WooZone-cross-sell-loader-text\"><\/div>\n\t\t<\/div>\n\t<\/div>\n\n\t\t\n<\/div>\n<div style=\"clear:both;\"><\/div><\/p>\n","protected":false},"excerpt":{"rendered":"<p>St\u00e4rke und Flexibilit\u00e4t \u00e2\u20ac\u201c Erh\u00f6hen Sie Ihre gesamte K\u00f6rperkraft, erh\u00f6hen Sie Ihre Bewegungsfreiheit und straffen Sie Ihre Muskeln schnell mit dem WorldFit ISO Trainer.<br \/>\nQualit\u00e4t \u00e2\u20ac\u201c Hergestellt in den USA und ausl\u00e4ndischen Komponenten, dieser WorldFit ISO Trainer ist f\u00fcr die Langlebigkeit mit den hochwertigsten Materialien hergestellt \u00e2\u20ac\u201c mit einem Gewebe der 1. Klasse (nicht dehnbar). Silikon-Gummi (latexfrei) Griffe, die langlebig sind<br \/>\nSicher \u00e2\u20ac\u201c ISOmetrische \u00c3\u0153bungen sind sehr sicher, aber \u00e4u\u00c3\u0178erst effektiv. Kleine Bewegung w\u00e4hrend der \u00c3\u0153bungen erleichtert es die Gelenke &#8211; Sie haben die Kontrolle \u00fcber die Belastung Ihrer Muskeln. Ideal f\u00fcr Kinder von 5 bis 105 Jahren, Anf\u00e4nger bis Athleten. Verwenden Sie es f\u00fcr Krafttraining, Stretching, Yoga, Pilates. Erh\u00f6hen Sie Ihre Flexibilit\u00e4t, Kraft, Ausdauer und lindern Sie Schmerzen.<\/p>\n","protected":false},"featured_media":94843,"comment_status":"open","ping_status":"closed","template":"","meta":[],"product_brand":[],"product_cat":[566,5908],"product_tag":[],"class_list":{"0":"post-94842","1":"product","2":"type-product","3":"status-publish","4":"has-post-thumbnail","6":"product_cat-drogerie-koerperpflege","7":"product_cat-medizinische-geraete-verbrauchsmaterialien","8":"pa_binding-misc","9":"pa_brand-worldfit","10":"pa_color-schwarz","11":"pa_manufacturer-worldfit","13":"first","14":"instock","15":"shipping-taxable","16":"purchasable","17":"product-type-simple","18":"customify-col","19":"product-has-gallery"},"yoast_head":"<!-- This site is optimized with the Yoast SEO plugin v27.4 - https:\/\/yoast.com\/product\/yoast-seo-wordpress\/ -->\n<title>WorldFit ISO Trainer \u2013 Isometrische \u00dcbungen f\u00fcr Krafttraining, Stretching, Yoga, Pilates \u2013 EIN US-Unternehmen - Markt-XXL<\/title>\n<meta name=\"description\" content=\"Markt-XXL WorldFit ISO Trainer \u2013 Isometrische \u00dcbungen f\u00fcr Krafttraining, Stretching, Yoga, Pilates \u2013 EIN US-Unternehmen\" \/>\n<meta name=\"robots\" content=\"index, follow, max-snippet:-1, max-image-preview:large, max-video-preview:-1\" \/>\n<link rel=\"canonical\" href=\"https:\/\/marktxxl.de\/markt\/produkt\/worldfit-iso-trainer-isometrische-uebungen-fuer-krafttraining-stretching-yoga-pilates-ein-us-unternehmen-schwarz\/\" \/>\n<meta property=\"og:locale\" content=\"de_DE\" \/>\n<meta property=\"og:type\" content=\"article\" \/>\n<meta property=\"og:title\" content=\"WorldFit ISO Trainer \u2013 Isometrische \u00dcbungen f\u00fcr Krafttraining, Stretching, Yoga, Pilates \u2013 EIN US-Unternehmen - Markt-XXL\" \/>\n<meta property=\"og:description\" content=\"Markt-XXL WorldFit ISO Trainer \u2013 Isometrische \u00dcbungen f\u00fcr Krafttraining, Stretching, Yoga, Pilates \u2013 EIN US-Unternehmen\" \/>\n<meta property=\"og:url\" content=\"https:\/\/marktxxl.de\/markt\/produkt\/worldfit-iso-trainer-isometrische-uebungen-fuer-krafttraining-stretching-yoga-pilates-ein-us-unternehmen-schwarz\/\" \/>\n<meta property=\"og:site_name\" content=\"Markt-XXL\" \/>\n<meta property=\"article:modified_time\" content=\"2023-04-11T01:16:08+00:00\" \/>\n<meta property=\"og:image\" content=\"https:\/\/m.media-amazon.com\/images\/I\/41dggWaovTL._SL500_.jpg\" \/>\n\t<meta property=\"og:image:width\" content=\"500\" \/>\n\t<meta property=\"og:image:height\" content=\"500\" \/>\n\t<meta property=\"og:image:type\" content=\"image\/jpeg\" \/>\n<meta name=\"twitter:card\" content=\"summary_large_image\" \/>\n<meta name=\"twitter:label1\" content=\"Gesch\u00e4tzte Lesezeit\" \/>\n\t<meta name=\"twitter:data1\" content=\"1\u00a0Minute\" \/>\n<script type=\"application\/ld+json\" class=\"yoast-schema-graph\">{\"@context\":\"https:\\\/\\\/schema.org\",\"@graph\":[{\"@type\":\"WebPage\",\"@id\":\"https:\\\/\\\/marktxxl.de\\\/markt\\\/produkt\\\/worldfit-iso-trainer-isometrische-uebungen-fuer-krafttraining-stretching-yoga-pilates-ein-us-unternehmen-schwarz\\\/\",\"url\":\"https:\\\/\\\/marktxxl.de\\\/markt\\\/produkt\\\/worldfit-iso-trainer-isometrische-uebungen-fuer-krafttraining-stretching-yoga-pilates-ein-us-unternehmen-schwarz\\\/\",\"name\":\"WorldFit ISO Trainer \u2013 Isometrische \u00dcbungen f\u00fcr Krafttraining, Stretching, Yoga, Pilates \u2013 EIN US-Unternehmen - Markt-XXL\",\"isPartOf\":{\"@id\":\"https:\\\/\\\/marktxxl.de\\\/markt\\\/#website\"},\"primaryImageOfPage\":{\"@id\":\"https:\\\/\\\/marktxxl.de\\\/markt\\\/produkt\\\/worldfit-iso-trainer-isometrische-uebungen-fuer-krafttraining-stretching-yoga-pilates-ein-us-unternehmen-schwarz\\\/#primaryimage\"},\"image\":{\"@id\":\"https:\\\/\\\/marktxxl.de\\\/markt\\\/produkt\\\/worldfit-iso-trainer-isometrische-uebungen-fuer-krafttraining-stretching-yoga-pilates-ein-us-unternehmen-schwarz\\\/#primaryimage\"},\"thumbnailUrl\":\"https:\\\/\\\/m.media-amazon.com\\\/images\\\/I\\\/41dggWaovTL._SL500_.jpg\",\"datePublished\":\"2021-12-28T22:18:15+00:00\",\"dateModified\":\"2023-04-11T01:16:08+00:00\",\"description\":\"Markt-XXL WorldFit ISO Trainer \u2013 Isometrische \u00dcbungen f\u00fcr Krafttraining, Stretching, Yoga, Pilates \u2013 EIN US-Unternehmen\",\"breadcrumb\":{\"@id\":\"https:\\\/\\\/marktxxl.de\\\/markt\\\/produkt\\\/worldfit-iso-trainer-isometrische-uebungen-fuer-krafttraining-stretching-yoga-pilates-ein-us-unternehmen-schwarz\\\/#breadcrumb\"},\"inLanguage\":\"de\",\"potentialAction\":[{\"@type\":\"ReadAction\",\"target\":[\"https:\\\/\\\/marktxxl.de\\\/markt\\\/produkt\\\/worldfit-iso-trainer-isometrische-uebungen-fuer-krafttraining-stretching-yoga-pilates-ein-us-unternehmen-schwarz\\\/\"]}]},{\"@type\":\"ImageObject\",\"inLanguage\":\"de\",\"@id\":\"https:\\\/\\\/marktxxl.de\\\/markt\\\/produkt\\\/worldfit-iso-trainer-isometrische-uebungen-fuer-krafttraining-stretching-yoga-pilates-ein-us-unternehmen-schwarz\\\/#primaryimage\",\"url\":\"https:\\\/\\\/m.media-amazon.com\\\/images\\\/I\\\/41dggWaovTL._SL500_.jpg\",\"contentUrl\":\"https:\\\/\\\/m.media-amazon.com\\\/images\\\/I\\\/41dggWaovTL._SL500_.jpg\",\"width\":500,\"height\":500},{\"@type\":\"BreadcrumbList\",\"@id\":\"https:\\\/\\\/marktxxl.de\\\/markt\\\/produkt\\\/worldfit-iso-trainer-isometrische-uebungen-fuer-krafttraining-stretching-yoga-pilates-ein-us-unternehmen-schwarz\\\/#breadcrumb\",\"itemListElement\":[{\"@type\":\"ListItem\",\"position\":1,\"name\":\"Startseite\",\"item\":\"https:\\\/\\\/marktxxl.de\\\/markt\\\/\"},{\"@type\":\"ListItem\",\"position\":2,\"name\":\"Markt\",\"item\":\"https:\\\/\\\/marktxxl.de\\\/markt\\\/\"},{\"@type\":\"ListItem\",\"position\":3,\"name\":\"WorldFit ISO Trainer \u2013 Isometrische \u00dcbungen f\u00fcr Krafttraining, Stretching, Yoga, Pilates \u2013 EIN US-Unternehmen\"}]},{\"@type\":\"WebSite\",\"@id\":\"https:\\\/\\\/marktxxl.de\\\/markt\\\/#website\",\"url\":\"https:\\\/\\\/marktxxl.de\\\/markt\\\/\",\"name\":\"Markt-XXL\",\"description\":\"Ihr Markt Online\",\"publisher\":{\"@id\":\"https:\\\/\\\/marktxxl.de\\\/markt\\\/#organization\"},\"potentialAction\":[{\"@type\":\"SearchAction\",\"target\":{\"@type\":\"EntryPoint\",\"urlTemplate\":\"https:\\\/\\\/marktxxl.de\\\/markt\\\/?s={search_term_string}\"},\"query-input\":{\"@type\":\"PropertyValueSpecification\",\"valueRequired\":true,\"valueName\":\"search_term_string\"}}],\"inLanguage\":\"de\"},{\"@type\":\"Organization\",\"@id\":\"https:\\\/\\\/marktxxl.de\\\/markt\\\/#organization\",\"name\":\"Markt-XXL\",\"url\":\"https:\\\/\\\/marktxxl.de\\\/markt\\\/\",\"logo\":{\"@type\":\"ImageObject\",\"inLanguage\":\"de\",\"@id\":\"https:\\\/\\\/marktxxl.de\\\/markt\\\/#\\\/schema\\\/logo\\\/image\\\/\",\"url\":\"https:\\\/\\\/marktxxl.de\\\/markt\\\/wp-content\\\/uploads\\\/sites\\\/3\\\/2020\\\/12\\\/logo.png\",\"contentUrl\":\"https:\\\/\\\/marktxxl.de\\\/markt\\\/wp-content\\\/uploads\\\/sites\\\/3\\\/2020\\\/12\\\/logo.png\",\"width\":200,\"height\":70,\"caption\":\"Markt-XXL\"},\"image\":{\"@id\":\"https:\\\/\\\/marktxxl.de\\\/markt\\\/#\\\/schema\\\/logo\\\/image\\\/\"}}]}<\/script>\n<!-- \/ Yoast SEO plugin. -->","yoast_head_json":{"title":"WorldFit ISO Trainer \u2013 Isometrische \u00dcbungen f\u00fcr Krafttraining, Stretching, Yoga, Pilates \u2013 EIN US-Unternehmen - Markt-XXL","description":"Markt-XXL WorldFit ISO Trainer \u2013 Isometrische \u00dcbungen f\u00fcr Krafttraining, Stretching, Yoga, Pilates \u2013 EIN US-Unternehmen","robots":{"index":"index","follow":"follow","max-snippet":"max-snippet:-1","max-image-preview":"max-image-preview:large","max-video-preview":"max-video-preview:-1"},"canonical":"https:\/\/marktxxl.de\/markt\/produkt\/worldfit-iso-trainer-isometrische-uebungen-fuer-krafttraining-stretching-yoga-pilates-ein-us-unternehmen-schwarz\/","og_locale":"de_DE","og_type":"article","og_title":"WorldFit ISO Trainer \u2013 Isometrische \u00dcbungen f\u00fcr Krafttraining, Stretching, Yoga, Pilates \u2013 EIN US-Unternehmen - Markt-XXL","og_description":"Markt-XXL WorldFit ISO Trainer \u2013 Isometrische \u00dcbungen f\u00fcr Krafttraining, Stretching, Yoga, Pilates \u2013 EIN US-Unternehmen","og_url":"https:\/\/marktxxl.de\/markt\/produkt\/worldfit-iso-trainer-isometrische-uebungen-fuer-krafttraining-stretching-yoga-pilates-ein-us-unternehmen-schwarz\/","og_site_name":"Markt-XXL","article_modified_time":"2023-04-11T01:16:08+00:00","og_image":[{"width":500,"height":500,"url":"https:\/\/m.media-amazon.com\/images\/I\/41dggWaovTL._SL500_.jpg","type":"image\/jpeg"}],"twitter_card":"summary_large_image","twitter_misc":{"Gesch\u00e4tzte Lesezeit":"1\u00a0Minute"},"schema":{"@context":"https:\/\/schema.org","@graph":[{"@type":"WebPage","@id":"https:\/\/marktxxl.de\/markt\/produkt\/worldfit-iso-trainer-isometrische-uebungen-fuer-krafttraining-stretching-yoga-pilates-ein-us-unternehmen-schwarz\/","url":"https:\/\/marktxxl.de\/markt\/produkt\/worldfit-iso-trainer-isometrische-uebungen-fuer-krafttraining-stretching-yoga-pilates-ein-us-unternehmen-schwarz\/","name":"WorldFit ISO Trainer \u2013 Isometrische \u00dcbungen f\u00fcr Krafttraining, Stretching, Yoga, Pilates \u2013 EIN US-Unternehmen - Markt-XXL","isPartOf":{"@id":"https:\/\/marktxxl.de\/markt\/#website"},"primaryImageOfPage":{"@id":"https:\/\/marktxxl.de\/markt\/produkt\/worldfit-iso-trainer-isometrische-uebungen-fuer-krafttraining-stretching-yoga-pilates-ein-us-unternehmen-schwarz\/#primaryimage"},"image":{"@id":"https:\/\/marktxxl.de\/markt\/produkt\/worldfit-iso-trainer-isometrische-uebungen-fuer-krafttraining-stretching-yoga-pilates-ein-us-unternehmen-schwarz\/#primaryimage"},"thumbnailUrl":"https:\/\/m.media-amazon.com\/images\/I\/41dggWaovTL._SL500_.jpg","datePublished":"2021-12-28T22:18:15+00:00","dateModified":"2023-04-11T01:16:08+00:00","description":"Markt-XXL WorldFit ISO Trainer \u2013 Isometrische \u00dcbungen f\u00fcr Krafttraining, Stretching, Yoga, Pilates \u2013 EIN US-Unternehmen","breadcrumb":{"@id":"https:\/\/marktxxl.de\/markt\/produkt\/worldfit-iso-trainer-isometrische-uebungen-fuer-krafttraining-stretching-yoga-pilates-ein-us-unternehmen-schwarz\/#breadcrumb"},"inLanguage":"de","potentialAction":[{"@type":"ReadAction","target":["https:\/\/marktxxl.de\/markt\/produkt\/worldfit-iso-trainer-isometrische-uebungen-fuer-krafttraining-stretching-yoga-pilates-ein-us-unternehmen-schwarz\/"]}]},{"@type":"ImageObject","inLanguage":"de","@id":"https:\/\/marktxxl.de\/markt\/produkt\/worldfit-iso-trainer-isometrische-uebungen-fuer-krafttraining-stretching-yoga-pilates-ein-us-unternehmen-schwarz\/#primaryimage","url":"https:\/\/m.media-amazon.com\/images\/I\/41dggWaovTL._SL500_.jpg","contentUrl":"https:\/\/m.media-amazon.com\/images\/I\/41dggWaovTL._SL500_.jpg","width":500,"height":500},{"@type":"BreadcrumbList","@id":"https:\/\/marktxxl.de\/markt\/produkt\/worldfit-iso-trainer-isometrische-uebungen-fuer-krafttraining-stretching-yoga-pilates-ein-us-unternehmen-schwarz\/#breadcrumb","itemListElement":[{"@type":"ListItem","position":1,"name":"Startseite","item":"https:\/\/marktxxl.de\/markt\/"},{"@type":"ListItem","position":2,"name":"Markt","item":"https:\/\/marktxxl.de\/markt\/"},{"@type":"ListItem","position":3,"name":"WorldFit ISO Trainer \u2013 Isometrische \u00dcbungen f\u00fcr Krafttraining, Stretching, Yoga, Pilates \u2013 EIN US-Unternehmen"}]},{"@type":"WebSite","@id":"https:\/\/marktxxl.de\/markt\/#website","url":"https:\/\/marktxxl.de\/markt\/","name":"Markt-XXL","description":"Ihr Markt Online","publisher":{"@id":"https:\/\/marktxxl.de\/markt\/#organization"},"potentialAction":[{"@type":"SearchAction","target":{"@type":"EntryPoint","urlTemplate":"https:\/\/marktxxl.de\/markt\/?s={search_term_string}"},"query-input":{"@type":"PropertyValueSpecification","valueRequired":true,"valueName":"search_term_string"}}],"inLanguage":"de"},{"@type":"Organization","@id":"https:\/\/marktxxl.de\/markt\/#organization","name":"Markt-XXL","url":"https:\/\/marktxxl.de\/markt\/","logo":{"@type":"ImageObject","inLanguage":"de","@id":"https:\/\/marktxxl.de\/markt\/#\/schema\/logo\/image\/","url":"https:\/\/marktxxl.de\/markt\/wp-content\/uploads\/sites\/3\/2020\/12\/logo.png","contentUrl":"https:\/\/marktxxl.de\/markt\/wp-content\/uploads\/sites\/3\/2020\/12\/logo.png","width":200,"height":70,"caption":"Markt-XXL"},"image":{"@id":"https:\/\/marktxxl.de\/markt\/#\/schema\/logo\/image\/"}}]}},"_links":{"self":[{"href":"https:\/\/marktxxl.de\/markt\/wp-json\/wp\/v2\/product\/94842","targetHints":{"allow":["GET"]}}],"collection":[{"href":"https:\/\/marktxxl.de\/markt\/wp-json\/wp\/v2\/product"}],"about":[{"href":"https:\/\/marktxxl.de\/markt\/wp-json\/wp\/v2\/types\/product"}],"replies":[{"embeddable":true,"href":"https:\/\/marktxxl.de\/markt\/wp-json\/wp\/v2\/comments?post=94842"}],"wp:featuredmedia":[{"embeddable":true,"href":"https:\/\/marktxxl.de\/markt\/wp-json\/wp\/v2\/media\/94843"}],"wp:attachment":[{"href":"https:\/\/marktxxl.de\/markt\/wp-json\/wp\/v2\/media?parent=94842"}],"wp:term":[{"taxonomy":"product_brand","embeddable":true,"href":"https:\/\/marktxxl.de\/markt\/wp-json\/wp\/v2\/product_brand?post=94842"},{"taxonomy":"product_cat","embeddable":true,"href":"https:\/\/marktxxl.de\/markt\/wp-json\/wp\/v2\/product_cat?post=94842"},{"taxonomy":"product_tag","embeddable":true,"href":"https:\/\/marktxxl.de\/markt\/wp-json\/wp\/v2\/product_tag?post=94842"}],"curies":[{"name":"wp","href":"https:\/\/api.w.org\/{rel}","templated":true}]}}