{"id":94556,"date":"2021-12-28T23:06:12","date_gmt":"2021-12-28T22:06:12","guid":{"rendered":"https:\/\/marktxxl.de\/markt\/produkt\/stalogy-018-editors-series-365-days-notebook-a6-black-s4103-by-stalogy\/"},"modified":"2023-04-04T02:03:19","modified_gmt":"2023-04-04T00:03:19","slug":"stalogy-018-editors-series-365-days-notebook-a6-black-s4103-by-stalogy","status":"publish","type":"product","link":"https:\/\/marktxxl.de\/markt\/produkt\/stalogy-018-editors-series-365-days-notebook-a6-black-s4103-by-stalogy\/","title":{"rendered":"Stalogy Editor&#8217;s Series 365 Tage Notizbuch A6 schwarz"},"content":{"rendered":"<p>Stalogy-Notizb\u00fccher sind preisgekr\u00f6nt und meisterhaft gestaltet. Ein einfaches, benutzerfreundliches Notizbuch mit nur minimalen Elementen wie Uhrzeit, Nummer, Datum, Wochentag und quadratischen Rasterlinien. Diese vorgedruckten Informationselemente werden auf jeder Seite in sehr hellgrauer Tinte dargestellt. Diese Notizb\u00fccher eignen sich auch hervorragend f\u00fcr die Aufzeichnung von Aufz\u00e4hlungszeichen.<br \/>\nStalogy-Notizb\u00fccher werden von Schriftstellern, Redakteuren, Ingenieuren, K\u00fcnstlern und gew\u00f6hnlichen Menschen zum Erfassen von Ideen, Zeitpl\u00e4nen, Notizen und Zeichnungen verwendet. Diese Produkte eignen sich perfekt als Kalender, Terminplaner, Tagebuch, Skizzenblock und f\u00fcr allt\u00e4gliche Notizen. Die Notebooks sind kompakt, d\u00fcnn, vollst\u00e4ndig flach ge\u00f6ffnet und vollst\u00e4ndig nach hinten gebogen &#8211; fast 360 Grad.<br \/>\nStalogy-Notizb\u00fccher sind in der Serie 025 erh\u00e4ltlich &#8211; Blatt- \/ Sitzpolster: A4 (8,3 in. X 11,7 in.) 100 Seiten &#8211; horizontale oder vertikale Ausrichtung.<br \/>\nStalogy-Notizb\u00fccher sind in der Reihe 018 Editor&#8217;s erh\u00e4ltlich: 1\/2 Jahr A5 (5,8 in. X 8,3 in.) 192 Seiten, 365 Tage A5 (5,8 in. X 8,3 in.) 368 Seiten, 365 Tage A6 (4,1 in. X 368 Seiten, 365 Tage B5 (7,2 in. X 10,1 in.) 368 Seiten und 365 Tage B6 (5 in. X 7,2 in.) 368 Seiten.<br \/>\nZu den Produktmerkmalen geh\u00f6ren kompakte Abmessungen und eine einfache Handhabung. Verwenden Sie Bleistifte, Kugelschreiber und F\u00fcllfederhalter auf d\u00fcnnem Papier, quadratischem (gerastertem) Papier mit sehr hellen, d\u00fcnnen grauen Gitterlinien und sehr hellgrauen vorgedruckten Daten auf der Oberseite, um anzuzeigen, wann dies der Fall ist Die Seite wurde erstellt.<br \/>\n<div class=\"main-cross-sell\" data-asin=\"B00TYDSQS2\">\n\n\t<div class=\"WooZone-cross-sell-loader\">\n\t\t<div>\n\t\t\t<div id=\"floatingBarsG\">\n\t\t\t\t<div class=\"blockG\" id=\"rotateG_01\"><\/div>\n\t\t\t\t<div class=\"blockG\" id=\"rotateG_02\"><\/div>\n\t\t\t\t<div class=\"blockG\" id=\"rotateG_03\"><\/div>\n\t\t\t\t<div class=\"blockG\" id=\"rotateG_04\"><\/div>\n\t\t\t\t<div class=\"blockG\" id=\"rotateG_05\"><\/div>\n\t\t\t\t<div class=\"blockG\" id=\"rotateG_06\"><\/div>\n\t\t\t\t<div class=\"blockG\" id=\"rotateG_07\"><\/div>\n\t\t\t\t<div class=\"blockG\" id=\"rotateG_08\"><\/div>\n\t\t\t<\/div>\n\t\t\t<div class=\"WooZone-cross-sell-loader-text\"><\/div>\n\t\t<\/div>\n\t<\/div>\n\n\t\t\n<\/div>\n<div style=\"clear:both;\"><\/div><\/p>\n","protected":false},"excerpt":{"rendered":"<p>Stalogy-Notizb\u00fccher sind preisgekr\u00f6nt und meisterhaft gestaltet. Ein einfaches, benutzerfreundliches Notizbuch mit nur minimalen Elementen wie Uhrzeit, Nummer, Datum, Wochentag und quadratischen Rasterlinien. Diese vorgedruckten Informationselemente werden auf jeder Seite in sehr hellgrauer Tinte dargestellt. Diese Notizb\u00fccher eignen sich auch hervorragend f\u00fcr die Aufzeichnung von Aufz\u00e4hlungszeichen.<br \/>\nStalogy-Notizb\u00fccher werden von Schriftstellern, Redakteuren, Ingenieuren, K\u00fcnstlern und gew\u00f6hnlichen Menschen zum Erfassen von Ideen, Zeitpl\u00e4nen, Notizen und Zeichnungen verwendet. Diese Produkte eignen sich perfekt als Kalender, Terminplaner, Tagebuch, Skizzenblock und f\u00fcr allt\u00e4gliche Notizen. Die Notebooks sind kompakt, d\u00fcnn, vollst\u00e4ndig flach ge\u00f6ffnet und vollst\u00e4ndig nach hinten gebogen &#8211; fast 360 Grad.<br \/>\nStalogy-Notizb\u00fccher sind in der Serie 025 erh\u00e4ltlich &#8211; Blatt- \/ Sitzpolster: A4 (8,3 in. X 11,7 in.) 100 Seiten &#8211; horizontale oder vertikale Ausrichtung.<\/p>\n","protected":false},"featured_media":94557,"comment_status":"open","ping_status":"closed","template":"","meta":[],"product_brand":[],"product_cat":[504,8381],"product_tag":[],"class_list":{"0":"post-94556","1":"product","2":"type-product","3":"status-publish","4":"has-post-thumbnail","6":"product_cat-buerobedarf-schreibwaren","7":"product_cat-kalender-planer-und-organizer","8":"pa_binding-buerobedarf-schreibwaren","9":"pa_brand-stalogy","10":"pa_color-black","11":"pa_height-4-1338582635-zoll","12":"pa_languages-unbekannt-spanisch","13":"pa_length-0-5511811018-zoll","14":"pa_manufacturer-stalogy","15":"pa_model-s4103","16":"pa_weight-0-4-pfund","17":"pa_width-4-1338582635-zoll","19":"first","20":"instock","21":"shipping-taxable","22":"purchasable","23":"product-type-simple","24":"customify-col","25":"product-has-gallery"},"yoast_head":"<!-- This site is optimized with the Yoast SEO plugin v27.3 - https:\/\/yoast.com\/product\/yoast-seo-wordpress\/ -->\n<title>Stalogy Editor&#039;s Series 365 Tage Notizbuch A6 schwarz - Markt-XXL<\/title>\n<meta name=\"description\" content=\"Markt-XXL Stalogy Editor&#039;s Series 365 Tage Notizbuch A6 schwarz\" \/>\n<meta name=\"robots\" content=\"index, follow, max-snippet:-1, max-image-preview:large, max-video-preview:-1\" \/>\n<link rel=\"canonical\" href=\"https:\/\/marktxxl.de\/markt\/produkt\/stalogy-018-editors-series-365-days-notebook-a6-black-s4103-by-stalogy\/\" \/>\n<meta property=\"og:locale\" content=\"de_DE\" \/>\n<meta property=\"og:type\" content=\"article\" \/>\n<meta property=\"og:title\" content=\"Stalogy Editor&#039;s Series 365 Tage Notizbuch A6 schwarz - Markt-XXL\" \/>\n<meta property=\"og:description\" content=\"Markt-XXL Stalogy Editor&#039;s Series 365 Tage Notizbuch A6 schwarz\" \/>\n<meta property=\"og:url\" content=\"https:\/\/marktxxl.de\/markt\/produkt\/stalogy-018-editors-series-365-days-notebook-a6-black-s4103-by-stalogy\/\" \/>\n<meta property=\"og:site_name\" content=\"Markt-XXL\" \/>\n<meta property=\"article:modified_time\" content=\"2023-04-04T00:03:19+00:00\" \/>\n<meta property=\"og:image\" content=\"https:\/\/m.media-amazon.com\/images\/I\/41LKuJ6KzTL._SL500_.jpg\" \/>\n\t<meta property=\"og:image:width\" content=\"500\" \/>\n\t<meta property=\"og:image:height\" content=\"500\" \/>\n\t<meta property=\"og:image:type\" content=\"image\/jpeg\" \/>\n<meta name=\"twitter:card\" content=\"summary_large_image\" \/>\n<meta name=\"twitter:label1\" content=\"Gesch\u00e4tzte Lesezeit\" \/>\n\t<meta name=\"twitter:data1\" content=\"1\u00a0Minute\" \/>\n<script type=\"application\/ld+json\" class=\"yoast-schema-graph\">{\"@context\":\"https:\\\/\\\/schema.org\",\"@graph\":[{\"@type\":\"WebPage\",\"@id\":\"https:\\\/\\\/marktxxl.de\\\/markt\\\/produkt\\\/stalogy-018-editors-series-365-days-notebook-a6-black-s4103-by-stalogy\\\/\",\"url\":\"https:\\\/\\\/marktxxl.de\\\/markt\\\/produkt\\\/stalogy-018-editors-series-365-days-notebook-a6-black-s4103-by-stalogy\\\/\",\"name\":\"Stalogy Editor's Series 365 Tage Notizbuch A6 schwarz - Markt-XXL\",\"isPartOf\":{\"@id\":\"https:\\\/\\\/marktxxl.de\\\/markt\\\/#website\"},\"primaryImageOfPage\":{\"@id\":\"https:\\\/\\\/marktxxl.de\\\/markt\\\/produkt\\\/stalogy-018-editors-series-365-days-notebook-a6-black-s4103-by-stalogy\\\/#primaryimage\"},\"image\":{\"@id\":\"https:\\\/\\\/marktxxl.de\\\/markt\\\/produkt\\\/stalogy-018-editors-series-365-days-notebook-a6-black-s4103-by-stalogy\\\/#primaryimage\"},\"thumbnailUrl\":\"https:\\\/\\\/m.media-amazon.com\\\/images\\\/I\\\/41LKuJ6KzTL._SL500_.jpg\",\"datePublished\":\"2021-12-28T22:06:12+00:00\",\"dateModified\":\"2023-04-04T00:03:19+00:00\",\"description\":\"Markt-XXL Stalogy Editor's Series 365 Tage Notizbuch A6 schwarz\",\"breadcrumb\":{\"@id\":\"https:\\\/\\\/marktxxl.de\\\/markt\\\/produkt\\\/stalogy-018-editors-series-365-days-notebook-a6-black-s4103-by-stalogy\\\/#breadcrumb\"},\"inLanguage\":\"de\",\"potentialAction\":[{\"@type\":\"ReadAction\",\"target\":[\"https:\\\/\\\/marktxxl.de\\\/markt\\\/produkt\\\/stalogy-018-editors-series-365-days-notebook-a6-black-s4103-by-stalogy\\\/\"]}]},{\"@type\":\"ImageObject\",\"inLanguage\":\"de\",\"@id\":\"https:\\\/\\\/marktxxl.de\\\/markt\\\/produkt\\\/stalogy-018-editors-series-365-days-notebook-a6-black-s4103-by-stalogy\\\/#primaryimage\",\"url\":\"https:\\\/\\\/m.media-amazon.com\\\/images\\\/I\\\/41LKuJ6KzTL._SL500_.jpg\",\"contentUrl\":\"https:\\\/\\\/m.media-amazon.com\\\/images\\\/I\\\/41LKuJ6KzTL._SL500_.jpg\",\"width\":500,\"height\":500},{\"@type\":\"BreadcrumbList\",\"@id\":\"https:\\\/\\\/marktxxl.de\\\/markt\\\/produkt\\\/stalogy-018-editors-series-365-days-notebook-a6-black-s4103-by-stalogy\\\/#breadcrumb\",\"itemListElement\":[{\"@type\":\"ListItem\",\"position\":1,\"name\":\"Startseite\",\"item\":\"https:\\\/\\\/marktxxl.de\\\/markt\\\/\"},{\"@type\":\"ListItem\",\"position\":2,\"name\":\"Markt\",\"item\":\"https:\\\/\\\/marktxxl.de\\\/markt\\\/\"},{\"@type\":\"ListItem\",\"position\":3,\"name\":\"Stalogy Editor&#8217;s Series 365 Tage Notizbuch A6 schwarz\"}]},{\"@type\":\"WebSite\",\"@id\":\"https:\\\/\\\/marktxxl.de\\\/markt\\\/#website\",\"url\":\"https:\\\/\\\/marktxxl.de\\\/markt\\\/\",\"name\":\"Markt-XXL\",\"description\":\"Ihr Markt Online\",\"publisher\":{\"@id\":\"https:\\\/\\\/marktxxl.de\\\/markt\\\/#organization\"},\"potentialAction\":[{\"@type\":\"SearchAction\",\"target\":{\"@type\":\"EntryPoint\",\"urlTemplate\":\"https:\\\/\\\/marktxxl.de\\\/markt\\\/?s={search_term_string}\"},\"query-input\":{\"@type\":\"PropertyValueSpecification\",\"valueRequired\":true,\"valueName\":\"search_term_string\"}}],\"inLanguage\":\"de\"},{\"@type\":\"Organization\",\"@id\":\"https:\\\/\\\/marktxxl.de\\\/markt\\\/#organization\",\"name\":\"Markt-XXL\",\"url\":\"https:\\\/\\\/marktxxl.de\\\/markt\\\/\",\"logo\":{\"@type\":\"ImageObject\",\"inLanguage\":\"de\",\"@id\":\"https:\\\/\\\/marktxxl.de\\\/markt\\\/#\\\/schema\\\/logo\\\/image\\\/\",\"url\":\"https:\\\/\\\/marktxxl.de\\\/markt\\\/wp-content\\\/uploads\\\/sites\\\/3\\\/2020\\\/12\\\/logo.png\",\"contentUrl\":\"https:\\\/\\\/marktxxl.de\\\/markt\\\/wp-content\\\/uploads\\\/sites\\\/3\\\/2020\\\/12\\\/logo.png\",\"width\":200,\"height\":70,\"caption\":\"Markt-XXL\"},\"image\":{\"@id\":\"https:\\\/\\\/marktxxl.de\\\/markt\\\/#\\\/schema\\\/logo\\\/image\\\/\"}}]}<\/script>\n<!-- \/ Yoast SEO plugin. -->","yoast_head_json":{"title":"Stalogy Editor's Series 365 Tage Notizbuch A6 schwarz - Markt-XXL","description":"Markt-XXL Stalogy Editor's Series 365 Tage Notizbuch A6 schwarz","robots":{"index":"index","follow":"follow","max-snippet":"max-snippet:-1","max-image-preview":"max-image-preview:large","max-video-preview":"max-video-preview:-1"},"canonical":"https:\/\/marktxxl.de\/markt\/produkt\/stalogy-018-editors-series-365-days-notebook-a6-black-s4103-by-stalogy\/","og_locale":"de_DE","og_type":"article","og_title":"Stalogy Editor's Series 365 Tage Notizbuch A6 schwarz - Markt-XXL","og_description":"Markt-XXL Stalogy Editor's Series 365 Tage Notizbuch A6 schwarz","og_url":"https:\/\/marktxxl.de\/markt\/produkt\/stalogy-018-editors-series-365-days-notebook-a6-black-s4103-by-stalogy\/","og_site_name":"Markt-XXL","article_modified_time":"2023-04-04T00:03:19+00:00","og_image":[{"width":500,"height":500,"url":"https:\/\/m.media-amazon.com\/images\/I\/41LKuJ6KzTL._SL500_.jpg","type":"image\/jpeg"}],"twitter_card":"summary_large_image","twitter_misc":{"Gesch\u00e4tzte Lesezeit":"1\u00a0Minute"},"schema":{"@context":"https:\/\/schema.org","@graph":[{"@type":"WebPage","@id":"https:\/\/marktxxl.de\/markt\/produkt\/stalogy-018-editors-series-365-days-notebook-a6-black-s4103-by-stalogy\/","url":"https:\/\/marktxxl.de\/markt\/produkt\/stalogy-018-editors-series-365-days-notebook-a6-black-s4103-by-stalogy\/","name":"Stalogy Editor's Series 365 Tage Notizbuch A6 schwarz - Markt-XXL","isPartOf":{"@id":"https:\/\/marktxxl.de\/markt\/#website"},"primaryImageOfPage":{"@id":"https:\/\/marktxxl.de\/markt\/produkt\/stalogy-018-editors-series-365-days-notebook-a6-black-s4103-by-stalogy\/#primaryimage"},"image":{"@id":"https:\/\/marktxxl.de\/markt\/produkt\/stalogy-018-editors-series-365-days-notebook-a6-black-s4103-by-stalogy\/#primaryimage"},"thumbnailUrl":"https:\/\/m.media-amazon.com\/images\/I\/41LKuJ6KzTL._SL500_.jpg","datePublished":"2021-12-28T22:06:12+00:00","dateModified":"2023-04-04T00:03:19+00:00","description":"Markt-XXL Stalogy Editor's Series 365 Tage Notizbuch A6 schwarz","breadcrumb":{"@id":"https:\/\/marktxxl.de\/markt\/produkt\/stalogy-018-editors-series-365-days-notebook-a6-black-s4103-by-stalogy\/#breadcrumb"},"inLanguage":"de","potentialAction":[{"@type":"ReadAction","target":["https:\/\/marktxxl.de\/markt\/produkt\/stalogy-018-editors-series-365-days-notebook-a6-black-s4103-by-stalogy\/"]}]},{"@type":"ImageObject","inLanguage":"de","@id":"https:\/\/marktxxl.de\/markt\/produkt\/stalogy-018-editors-series-365-days-notebook-a6-black-s4103-by-stalogy\/#primaryimage","url":"https:\/\/m.media-amazon.com\/images\/I\/41LKuJ6KzTL._SL500_.jpg","contentUrl":"https:\/\/m.media-amazon.com\/images\/I\/41LKuJ6KzTL._SL500_.jpg","width":500,"height":500},{"@type":"BreadcrumbList","@id":"https:\/\/marktxxl.de\/markt\/produkt\/stalogy-018-editors-series-365-days-notebook-a6-black-s4103-by-stalogy\/#breadcrumb","itemListElement":[{"@type":"ListItem","position":1,"name":"Startseite","item":"https:\/\/marktxxl.de\/markt\/"},{"@type":"ListItem","position":2,"name":"Markt","item":"https:\/\/marktxxl.de\/markt\/"},{"@type":"ListItem","position":3,"name":"Stalogy Editor&#8217;s Series 365 Tage Notizbuch A6 schwarz"}]},{"@type":"WebSite","@id":"https:\/\/marktxxl.de\/markt\/#website","url":"https:\/\/marktxxl.de\/markt\/","name":"Markt-XXL","description":"Ihr Markt Online","publisher":{"@id":"https:\/\/marktxxl.de\/markt\/#organization"},"potentialAction":[{"@type":"SearchAction","target":{"@type":"EntryPoint","urlTemplate":"https:\/\/marktxxl.de\/markt\/?s={search_term_string}"},"query-input":{"@type":"PropertyValueSpecification","valueRequired":true,"valueName":"search_term_string"}}],"inLanguage":"de"},{"@type":"Organization","@id":"https:\/\/marktxxl.de\/markt\/#organization","name":"Markt-XXL","url":"https:\/\/marktxxl.de\/markt\/","logo":{"@type":"ImageObject","inLanguage":"de","@id":"https:\/\/marktxxl.de\/markt\/#\/schema\/logo\/image\/","url":"https:\/\/marktxxl.de\/markt\/wp-content\/uploads\/sites\/3\/2020\/12\/logo.png","contentUrl":"https:\/\/marktxxl.de\/markt\/wp-content\/uploads\/sites\/3\/2020\/12\/logo.png","width":200,"height":70,"caption":"Markt-XXL"},"image":{"@id":"https:\/\/marktxxl.de\/markt\/#\/schema\/logo\/image\/"}}]}},"_links":{"self":[{"href":"https:\/\/marktxxl.de\/markt\/wp-json\/wp\/v2\/product\/94556","targetHints":{"allow":["GET"]}}],"collection":[{"href":"https:\/\/marktxxl.de\/markt\/wp-json\/wp\/v2\/product"}],"about":[{"href":"https:\/\/marktxxl.de\/markt\/wp-json\/wp\/v2\/types\/product"}],"replies":[{"embeddable":true,"href":"https:\/\/marktxxl.de\/markt\/wp-json\/wp\/v2\/comments?post=94556"}],"wp:featuredmedia":[{"embeddable":true,"href":"https:\/\/marktxxl.de\/markt\/wp-json\/wp\/v2\/media\/94557"}],"wp:attachment":[{"href":"https:\/\/marktxxl.de\/markt\/wp-json\/wp\/v2\/media?parent=94556"}],"wp:term":[{"taxonomy":"product_brand","embeddable":true,"href":"https:\/\/marktxxl.de\/markt\/wp-json\/wp\/v2\/product_brand?post=94556"},{"taxonomy":"product_cat","embeddable":true,"href":"https:\/\/marktxxl.de\/markt\/wp-json\/wp\/v2\/product_cat?post=94556"},{"taxonomy":"product_tag","embeddable":true,"href":"https:\/\/marktxxl.de\/markt\/wp-json\/wp\/v2\/product_tag?post=94556"}],"curies":[{"name":"wp","href":"https:\/\/api.w.org\/{rel}","templated":true}]}}