{"id":94415,"date":"2021-12-28T22:57:50","date_gmt":"2021-12-28T21:57:50","guid":{"rendered":"https:\/\/marktxxl.de\/markt\/produkt\/idena-31820-led-lichterkette-mit-300-led-in-warmweiss-mit-8-stunden-timer-funktion-und-transformator-in-kunststoffbox-ca-275-m-lang-innen-und-aussenbereich-als-deko-fuer-partys-weihnachten\/"},"modified":"2023-04-09T02:50:56","modified_gmt":"2023-04-09T00:50:56","slug":"idena-31820-led-lichterkette-mit-300-led-in-warmweiss-mit-8-stunden-timer-funktion-und-transformator-in-kunststoffbox-ca-275-m-lang-innen-und-aussenbereich-als-deko-fuer-partys-weihnachten","status":"publish","type":"product","link":"https:\/\/marktxxl.de\/markt\/produkt\/idena-31820-led-lichterkette-mit-300-led-in-warmweiss-mit-8-stunden-timer-funktion-und-transformator-in-kunststoffbox-ca-275-m-lang-innen-und-aussenbereich-als-deko-fuer-partys-weihnachten\/","title":{"rendered":"Idena 31820 &#8211; LED Lichterkette mit 300 LED in warmwei\u00df, mit 8 Stunden Timer Funktion und Transformator, in Kunststoffbox\u2026"},"content":{"rendered":"<p>Dekorative Lichterkette mit 300 LED in warm wei\u00dfer Lichtfarbe (Farbtemperatur 2700k), mit Stecker und Transformator, Gesamtl\u00e4nge ca. 27,5 m (davon ca. 5 m Zuleitung), geeignet f\u00fcr den Innen- und Au\u00dfenbereich<br \/>\nDie LED L\u00e4mpchen sind in einem Abstand von ca. 7,5 cm angebracht, das gr\u00fcne Kabel wird vor einem dunklen Hintergrund unsichtbar und nur die vielen Lichter strahlen hell, inklusive praktischer Kunststoffbox mit Henkel zur Aufbewahrung und f\u00fcr den Transport<br \/>\nMit Timerfunktion ausgestattet: aktiviert man die Zeitschaltuhr, so schaltet sich das Licht jeden Tag zur gleichen Zeit ein und leuchtet dann f\u00fcr 8 Stunden, ist der Timer deaktiviert, leuchtet die Lichterkette ununterbrochen<br \/>\nIdeal geeignet zur Dekoration von Garten, Terrasse und Balkon, f\u00fcr stimmungsvolle Beleuchtung zu Hause, auf Partys, Hochzeiten, Geburtstagen, zu Weihnachten und zu anderen Feierlichkeiten<br \/>\nBringen Sie die Lichterkette z.B. an W\u00e4nden, Regalen, Fenstern, T\u00fcren, Spiegel, B\u00e4umen und Str\u00e4uchern an und schaffen Sie mit wenigen Handgriffen eine romantische, friedliche und warme Atmosph\u00e4re<br \/>\n<div class=\"main-cross-sell\" data-asin=\"B073NTSH8M\">\n\n\t<div class=\"WooZone-cross-sell-loader\">\n\t\t<div>\n\t\t\t<div id=\"floatingBarsG\">\n\t\t\t\t<div class=\"blockG\" id=\"rotateG_01\"><\/div>\n\t\t\t\t<div class=\"blockG\" id=\"rotateG_02\"><\/div>\n\t\t\t\t<div class=\"blockG\" id=\"rotateG_03\"><\/div>\n\t\t\t\t<div class=\"blockG\" id=\"rotateG_04\"><\/div>\n\t\t\t\t<div class=\"blockG\" id=\"rotateG_05\"><\/div>\n\t\t\t\t<div class=\"blockG\" id=\"rotateG_06\"><\/div>\n\t\t\t\t<div class=\"blockG\" id=\"rotateG_07\"><\/div>\n\t\t\t\t<div class=\"blockG\" id=\"rotateG_08\"><\/div>\n\t\t\t<\/div>\n\t\t\t<div class=\"WooZone-cross-sell-loader-text\"><\/div>\n\t\t<\/div>\n\t<\/div>\n\n\t\t\n<\/div>\n<div style=\"clear:both;\"><\/div><\/p>\n","protected":false},"excerpt":{"rendered":"<p>Dekorative Lichterkette mit 300 LED in warm wei\u00dfer Lichtfarbe (Farbtemperatur 2700k), mit Stecker und Transformator, Gesamtl\u00e4nge ca. 27,5 m (davon ca. 5 m Zuleitung), geeignet f\u00fcr den Innen- und Au\u00dfenbereich<br \/>\nDie LED L\u00e4mpchen sind in einem Abstand von ca. 7,5 cm angebracht, das gr\u00fcne Kabel wird vor einem dunklen Hintergrund unsichtbar und nur die vielen Lichter strahlen hell, inklusive praktischer Kunststoffbox mit Henkel zur Aufbewahrung und f\u00fcr den Transport<br \/>\nMit Timerfunktion ausgestattet: aktiviert man die Zeitschaltuhr, so schaltet sich das Licht jeden Tag zur gleichen Zeit ein und leuchtet dann f\u00fcr 8 Stunden, ist der Timer deaktiviert, leuchtet die Lichterkette ununterbrochen<\/p>\n","protected":false},"featured_media":94416,"comment_status":"open","ping_status":"closed","template":"","meta":[],"product_brand":[],"product_cat":[2108,15622],"product_tag":[],"class_list":{"0":"post-94415","1":"product","2":"type-product","3":"status-publish","4":"has-post-thumbnail","6":"product_cat-beleuchtung","7":"product_cat-lichterketten","8":"pa_binding-haushaltswaren","9":"pa_brand-idena","10":"pa_color-300-led-warmweiss","11":"pa_height-4-9606299162-zoll","12":"pa_length-8-1102362122-zoll","13":"pa_manufacturer-iden-berlin","14":"pa_model-29599","15":"pa_size-300-led-warmweiss","16":"pa_warranty-gesetzliche-gewaehrleistung","17":"pa_width-5-511811018-zoll","19":"first","20":"instock","21":"shipping-taxable","22":"purchasable","23":"product-type-simple","24":"customify-col","25":"product-has-gallery"},"yoast_head":"<!-- This site is optimized with the Yoast SEO plugin v27.4 - https:\/\/yoast.com\/product\/yoast-seo-wordpress\/ -->\n<title>Idena 31820 - LED Lichterkette mit 300 LED in warmwei\u00df, mit 8 Stunden Timer Funktion und Transformator, in Kunststoffbox\u2026 - Markt-XXL<\/title>\n<meta name=\"description\" content=\"Markt-XXL Idena 31820 - LED Lichterkette mit 300 LED in warmwei\u00df, mit 8 Stunden Timer Funktion und Transformator, in Kunststoffbox\u2026\" \/>\n<meta name=\"robots\" content=\"index, follow, max-snippet:-1, max-image-preview:large, max-video-preview:-1\" \/>\n<link rel=\"canonical\" href=\"https:\/\/marktxxl.de\/markt\/produkt\/idena-31820-led-lichterkette-mit-300-led-in-warmweiss-mit-8-stunden-timer-funktion-und-transformator-in-kunststoffbox-ca-275-m-lang-innen-und-aussenbereich-als-deko-fuer-partys-weihnachten\/\" \/>\n<meta property=\"og:locale\" content=\"de_DE\" \/>\n<meta property=\"og:type\" content=\"article\" \/>\n<meta property=\"og:title\" content=\"Idena 31820 - LED Lichterkette mit 300 LED in warmwei\u00df, mit 8 Stunden Timer Funktion und Transformator, in Kunststoffbox\u2026 - Markt-XXL\" \/>\n<meta property=\"og:description\" content=\"Markt-XXL Idena 31820 - LED Lichterkette mit 300 LED in warmwei\u00df, mit 8 Stunden Timer Funktion und Transformator, in Kunststoffbox\u2026\" \/>\n<meta property=\"og:url\" content=\"https:\/\/marktxxl.de\/markt\/produkt\/idena-31820-led-lichterkette-mit-300-led-in-warmweiss-mit-8-stunden-timer-funktion-und-transformator-in-kunststoffbox-ca-275-m-lang-innen-und-aussenbereich-als-deko-fuer-partys-weihnachten\/\" \/>\n<meta property=\"og:site_name\" content=\"Markt-XXL\" \/>\n<meta property=\"article:modified_time\" content=\"2023-04-09T00:50:56+00:00\" \/>\n<meta property=\"og:image\" content=\"https:\/\/m.media-amazon.com\/images\/I\/51ornQk1n4L._SL500_.jpg\" \/>\n\t<meta property=\"og:image:width\" content=\"500\" \/>\n\t<meta property=\"og:image:height\" content=\"500\" \/>\n\t<meta property=\"og:image:type\" content=\"image\/jpeg\" \/>\n<meta name=\"twitter:card\" content=\"summary_large_image\" \/>\n<meta name=\"twitter:label1\" content=\"Gesch\u00e4tzte Lesezeit\" \/>\n\t<meta name=\"twitter:data1\" content=\"1\u00a0Minute\" \/>\n<script type=\"application\/ld+json\" class=\"yoast-schema-graph\">{\"@context\":\"https:\\\/\\\/schema.org\",\"@graph\":[{\"@type\":\"WebPage\",\"@id\":\"https:\\\/\\\/marktxxl.de\\\/markt\\\/produkt\\\/idena-31820-led-lichterkette-mit-300-led-in-warmweiss-mit-8-stunden-timer-funktion-und-transformator-in-kunststoffbox-ca-275-m-lang-innen-und-aussenbereich-als-deko-fuer-partys-weihnachten\\\/\",\"url\":\"https:\\\/\\\/marktxxl.de\\\/markt\\\/produkt\\\/idena-31820-led-lichterkette-mit-300-led-in-warmweiss-mit-8-stunden-timer-funktion-und-transformator-in-kunststoffbox-ca-275-m-lang-innen-und-aussenbereich-als-deko-fuer-partys-weihnachten\\\/\",\"name\":\"Idena 31820 - LED Lichterkette mit 300 LED in warmwei\u00df, mit 8 Stunden Timer Funktion und Transformator, in Kunststoffbox\u2026 - Markt-XXL\",\"isPartOf\":{\"@id\":\"https:\\\/\\\/marktxxl.de\\\/markt\\\/#website\"},\"primaryImageOfPage\":{\"@id\":\"https:\\\/\\\/marktxxl.de\\\/markt\\\/produkt\\\/idena-31820-led-lichterkette-mit-300-led-in-warmweiss-mit-8-stunden-timer-funktion-und-transformator-in-kunststoffbox-ca-275-m-lang-innen-und-aussenbereich-als-deko-fuer-partys-weihnachten\\\/#primaryimage\"},\"image\":{\"@id\":\"https:\\\/\\\/marktxxl.de\\\/markt\\\/produkt\\\/idena-31820-led-lichterkette-mit-300-led-in-warmweiss-mit-8-stunden-timer-funktion-und-transformator-in-kunststoffbox-ca-275-m-lang-innen-und-aussenbereich-als-deko-fuer-partys-weihnachten\\\/#primaryimage\"},\"thumbnailUrl\":\"https:\\\/\\\/m.media-amazon.com\\\/images\\\/I\\\/51ornQk1n4L._SL500_.jpg\",\"datePublished\":\"2021-12-28T21:57:50+00:00\",\"dateModified\":\"2023-04-09T00:50:56+00:00\",\"description\":\"Markt-XXL Idena 31820 - LED Lichterkette mit 300 LED in warmwei\u00df, mit 8 Stunden Timer Funktion und Transformator, in Kunststoffbox\u2026\",\"breadcrumb\":{\"@id\":\"https:\\\/\\\/marktxxl.de\\\/markt\\\/produkt\\\/idena-31820-led-lichterkette-mit-300-led-in-warmweiss-mit-8-stunden-timer-funktion-und-transformator-in-kunststoffbox-ca-275-m-lang-innen-und-aussenbereich-als-deko-fuer-partys-weihnachten\\\/#breadcrumb\"},\"inLanguage\":\"de\",\"potentialAction\":[{\"@type\":\"ReadAction\",\"target\":[\"https:\\\/\\\/marktxxl.de\\\/markt\\\/produkt\\\/idena-31820-led-lichterkette-mit-300-led-in-warmweiss-mit-8-stunden-timer-funktion-und-transformator-in-kunststoffbox-ca-275-m-lang-innen-und-aussenbereich-als-deko-fuer-partys-weihnachten\\\/\"]}]},{\"@type\":\"ImageObject\",\"inLanguage\":\"de\",\"@id\":\"https:\\\/\\\/marktxxl.de\\\/markt\\\/produkt\\\/idena-31820-led-lichterkette-mit-300-led-in-warmweiss-mit-8-stunden-timer-funktion-und-transformator-in-kunststoffbox-ca-275-m-lang-innen-und-aussenbereich-als-deko-fuer-partys-weihnachten\\\/#primaryimage\",\"url\":\"https:\\\/\\\/m.media-amazon.com\\\/images\\\/I\\\/51ornQk1n4L._SL500_.jpg\",\"contentUrl\":\"https:\\\/\\\/m.media-amazon.com\\\/images\\\/I\\\/51ornQk1n4L._SL500_.jpg\",\"width\":500,\"height\":500},{\"@type\":\"BreadcrumbList\",\"@id\":\"https:\\\/\\\/marktxxl.de\\\/markt\\\/produkt\\\/idena-31820-led-lichterkette-mit-300-led-in-warmweiss-mit-8-stunden-timer-funktion-und-transformator-in-kunststoffbox-ca-275-m-lang-innen-und-aussenbereich-als-deko-fuer-partys-weihnachten\\\/#breadcrumb\",\"itemListElement\":[{\"@type\":\"ListItem\",\"position\":1,\"name\":\"Startseite\",\"item\":\"https:\\\/\\\/marktxxl.de\\\/markt\\\/\"},{\"@type\":\"ListItem\",\"position\":2,\"name\":\"Markt\",\"item\":\"https:\\\/\\\/marktxxl.de\\\/markt\\\/\"},{\"@type\":\"ListItem\",\"position\":3,\"name\":\"Idena 31820 &#8211; LED Lichterkette mit 300 LED in warmwei\u00df, mit 8 Stunden Timer Funktion und Transformator, in Kunststoffbox\u2026\"}]},{\"@type\":\"WebSite\",\"@id\":\"https:\\\/\\\/marktxxl.de\\\/markt\\\/#website\",\"url\":\"https:\\\/\\\/marktxxl.de\\\/markt\\\/\",\"name\":\"Markt-XXL\",\"description\":\"Ihr Markt Online\",\"publisher\":{\"@id\":\"https:\\\/\\\/marktxxl.de\\\/markt\\\/#organization\"},\"potentialAction\":[{\"@type\":\"SearchAction\",\"target\":{\"@type\":\"EntryPoint\",\"urlTemplate\":\"https:\\\/\\\/marktxxl.de\\\/markt\\\/?s={search_term_string}\"},\"query-input\":{\"@type\":\"PropertyValueSpecification\",\"valueRequired\":true,\"valueName\":\"search_term_string\"}}],\"inLanguage\":\"de\"},{\"@type\":\"Organization\",\"@id\":\"https:\\\/\\\/marktxxl.de\\\/markt\\\/#organization\",\"name\":\"Markt-XXL\",\"url\":\"https:\\\/\\\/marktxxl.de\\\/markt\\\/\",\"logo\":{\"@type\":\"ImageObject\",\"inLanguage\":\"de\",\"@id\":\"https:\\\/\\\/marktxxl.de\\\/markt\\\/#\\\/schema\\\/logo\\\/image\\\/\",\"url\":\"https:\\\/\\\/marktxxl.de\\\/markt\\\/wp-content\\\/uploads\\\/sites\\\/3\\\/2020\\\/12\\\/logo.png\",\"contentUrl\":\"https:\\\/\\\/marktxxl.de\\\/markt\\\/wp-content\\\/uploads\\\/sites\\\/3\\\/2020\\\/12\\\/logo.png\",\"width\":200,\"height\":70,\"caption\":\"Markt-XXL\"},\"image\":{\"@id\":\"https:\\\/\\\/marktxxl.de\\\/markt\\\/#\\\/schema\\\/logo\\\/image\\\/\"}}]}<\/script>\n<!-- \/ Yoast SEO plugin. -->","yoast_head_json":{"title":"Idena 31820 - LED Lichterkette mit 300 LED in warmwei\u00df, mit 8 Stunden Timer Funktion und Transformator, in Kunststoffbox\u2026 - Markt-XXL","description":"Markt-XXL Idena 31820 - LED Lichterkette mit 300 LED in warmwei\u00df, mit 8 Stunden Timer Funktion und Transformator, in Kunststoffbox\u2026","robots":{"index":"index","follow":"follow","max-snippet":"max-snippet:-1","max-image-preview":"max-image-preview:large","max-video-preview":"max-video-preview:-1"},"canonical":"https:\/\/marktxxl.de\/markt\/produkt\/idena-31820-led-lichterkette-mit-300-led-in-warmweiss-mit-8-stunden-timer-funktion-und-transformator-in-kunststoffbox-ca-275-m-lang-innen-und-aussenbereich-als-deko-fuer-partys-weihnachten\/","og_locale":"de_DE","og_type":"article","og_title":"Idena 31820 - LED Lichterkette mit 300 LED in warmwei\u00df, mit 8 Stunden Timer Funktion und Transformator, in Kunststoffbox\u2026 - Markt-XXL","og_description":"Markt-XXL Idena 31820 - LED Lichterkette mit 300 LED in warmwei\u00df, mit 8 Stunden Timer Funktion und Transformator, in Kunststoffbox\u2026","og_url":"https:\/\/marktxxl.de\/markt\/produkt\/idena-31820-led-lichterkette-mit-300-led-in-warmweiss-mit-8-stunden-timer-funktion-und-transformator-in-kunststoffbox-ca-275-m-lang-innen-und-aussenbereich-als-deko-fuer-partys-weihnachten\/","og_site_name":"Markt-XXL","article_modified_time":"2023-04-09T00:50:56+00:00","og_image":[{"width":500,"height":500,"url":"https:\/\/m.media-amazon.com\/images\/I\/51ornQk1n4L._SL500_.jpg","type":"image\/jpeg"}],"twitter_card":"summary_large_image","twitter_misc":{"Gesch\u00e4tzte Lesezeit":"1\u00a0Minute"},"schema":{"@context":"https:\/\/schema.org","@graph":[{"@type":"WebPage","@id":"https:\/\/marktxxl.de\/markt\/produkt\/idena-31820-led-lichterkette-mit-300-led-in-warmweiss-mit-8-stunden-timer-funktion-und-transformator-in-kunststoffbox-ca-275-m-lang-innen-und-aussenbereich-als-deko-fuer-partys-weihnachten\/","url":"https:\/\/marktxxl.de\/markt\/produkt\/idena-31820-led-lichterkette-mit-300-led-in-warmweiss-mit-8-stunden-timer-funktion-und-transformator-in-kunststoffbox-ca-275-m-lang-innen-und-aussenbereich-als-deko-fuer-partys-weihnachten\/","name":"Idena 31820 - LED Lichterkette mit 300 LED in warmwei\u00df, mit 8 Stunden Timer Funktion und Transformator, in Kunststoffbox\u2026 - Markt-XXL","isPartOf":{"@id":"https:\/\/marktxxl.de\/markt\/#website"},"primaryImageOfPage":{"@id":"https:\/\/marktxxl.de\/markt\/produkt\/idena-31820-led-lichterkette-mit-300-led-in-warmweiss-mit-8-stunden-timer-funktion-und-transformator-in-kunststoffbox-ca-275-m-lang-innen-und-aussenbereich-als-deko-fuer-partys-weihnachten\/#primaryimage"},"image":{"@id":"https:\/\/marktxxl.de\/markt\/produkt\/idena-31820-led-lichterkette-mit-300-led-in-warmweiss-mit-8-stunden-timer-funktion-und-transformator-in-kunststoffbox-ca-275-m-lang-innen-und-aussenbereich-als-deko-fuer-partys-weihnachten\/#primaryimage"},"thumbnailUrl":"https:\/\/m.media-amazon.com\/images\/I\/51ornQk1n4L._SL500_.jpg","datePublished":"2021-12-28T21:57:50+00:00","dateModified":"2023-04-09T00:50:56+00:00","description":"Markt-XXL Idena 31820 - LED Lichterkette mit 300 LED in warmwei\u00df, mit 8 Stunden Timer Funktion und Transformator, in Kunststoffbox\u2026","breadcrumb":{"@id":"https:\/\/marktxxl.de\/markt\/produkt\/idena-31820-led-lichterkette-mit-300-led-in-warmweiss-mit-8-stunden-timer-funktion-und-transformator-in-kunststoffbox-ca-275-m-lang-innen-und-aussenbereich-als-deko-fuer-partys-weihnachten\/#breadcrumb"},"inLanguage":"de","potentialAction":[{"@type":"ReadAction","target":["https:\/\/marktxxl.de\/markt\/produkt\/idena-31820-led-lichterkette-mit-300-led-in-warmweiss-mit-8-stunden-timer-funktion-und-transformator-in-kunststoffbox-ca-275-m-lang-innen-und-aussenbereich-als-deko-fuer-partys-weihnachten\/"]}]},{"@type":"ImageObject","inLanguage":"de","@id":"https:\/\/marktxxl.de\/markt\/produkt\/idena-31820-led-lichterkette-mit-300-led-in-warmweiss-mit-8-stunden-timer-funktion-und-transformator-in-kunststoffbox-ca-275-m-lang-innen-und-aussenbereich-als-deko-fuer-partys-weihnachten\/#primaryimage","url":"https:\/\/m.media-amazon.com\/images\/I\/51ornQk1n4L._SL500_.jpg","contentUrl":"https:\/\/m.media-amazon.com\/images\/I\/51ornQk1n4L._SL500_.jpg","width":500,"height":500},{"@type":"BreadcrumbList","@id":"https:\/\/marktxxl.de\/markt\/produkt\/idena-31820-led-lichterkette-mit-300-led-in-warmweiss-mit-8-stunden-timer-funktion-und-transformator-in-kunststoffbox-ca-275-m-lang-innen-und-aussenbereich-als-deko-fuer-partys-weihnachten\/#breadcrumb","itemListElement":[{"@type":"ListItem","position":1,"name":"Startseite","item":"https:\/\/marktxxl.de\/markt\/"},{"@type":"ListItem","position":2,"name":"Markt","item":"https:\/\/marktxxl.de\/markt\/"},{"@type":"ListItem","position":3,"name":"Idena 31820 &#8211; LED Lichterkette mit 300 LED in warmwei\u00df, mit 8 Stunden Timer Funktion und Transformator, in Kunststoffbox\u2026"}]},{"@type":"WebSite","@id":"https:\/\/marktxxl.de\/markt\/#website","url":"https:\/\/marktxxl.de\/markt\/","name":"Markt-XXL","description":"Ihr Markt Online","publisher":{"@id":"https:\/\/marktxxl.de\/markt\/#organization"},"potentialAction":[{"@type":"SearchAction","target":{"@type":"EntryPoint","urlTemplate":"https:\/\/marktxxl.de\/markt\/?s={search_term_string}"},"query-input":{"@type":"PropertyValueSpecification","valueRequired":true,"valueName":"search_term_string"}}],"inLanguage":"de"},{"@type":"Organization","@id":"https:\/\/marktxxl.de\/markt\/#organization","name":"Markt-XXL","url":"https:\/\/marktxxl.de\/markt\/","logo":{"@type":"ImageObject","inLanguage":"de","@id":"https:\/\/marktxxl.de\/markt\/#\/schema\/logo\/image\/","url":"https:\/\/marktxxl.de\/markt\/wp-content\/uploads\/sites\/3\/2020\/12\/logo.png","contentUrl":"https:\/\/marktxxl.de\/markt\/wp-content\/uploads\/sites\/3\/2020\/12\/logo.png","width":200,"height":70,"caption":"Markt-XXL"},"image":{"@id":"https:\/\/marktxxl.de\/markt\/#\/schema\/logo\/image\/"}}]}},"_links":{"self":[{"href":"https:\/\/marktxxl.de\/markt\/wp-json\/wp\/v2\/product\/94415","targetHints":{"allow":["GET"]}}],"collection":[{"href":"https:\/\/marktxxl.de\/markt\/wp-json\/wp\/v2\/product"}],"about":[{"href":"https:\/\/marktxxl.de\/markt\/wp-json\/wp\/v2\/types\/product"}],"replies":[{"embeddable":true,"href":"https:\/\/marktxxl.de\/markt\/wp-json\/wp\/v2\/comments?post=94415"}],"wp:featuredmedia":[{"embeddable":true,"href":"https:\/\/marktxxl.de\/markt\/wp-json\/wp\/v2\/media\/94416"}],"wp:attachment":[{"href":"https:\/\/marktxxl.de\/markt\/wp-json\/wp\/v2\/media?parent=94415"}],"wp:term":[{"taxonomy":"product_brand","embeddable":true,"href":"https:\/\/marktxxl.de\/markt\/wp-json\/wp\/v2\/product_brand?post=94415"},{"taxonomy":"product_cat","embeddable":true,"href":"https:\/\/marktxxl.de\/markt\/wp-json\/wp\/v2\/product_cat?post=94415"},{"taxonomy":"product_tag","embeddable":true,"href":"https:\/\/marktxxl.de\/markt\/wp-json\/wp\/v2\/product_tag?post=94415"}],"curies":[{"name":"wp","href":"https:\/\/api.w.org\/{rel}","templated":true}]}}