{"id":94067,"date":"2021-12-28T22:21:49","date_gmt":"2021-12-28T21:21:49","guid":{"rendered":"https:\/\/marktxxl.de\/markt\/produkt\/10m-led-schlauch-lichterkette-batterie-aussen-bunt-lichterschlauch-132-modi-weihnachtsbeleuchtung-lichtschlauch-mit-fernbedienung-fuer-weihnachtsdeko-innen-aussen-weihnachten-deko-zimmer-hochzeit\/"},"modified":"2023-04-09T02:50:50","modified_gmt":"2023-04-09T00:50:50","slug":"10m-led-schlauch-lichterkette-batterie-aussen-bunt-lichterschlauch-132-modi-weihnachtsbeleuchtung-lichtschlauch-mit-fernbedienung-fuer-weihnachtsdeko-innen-aussen-weihnachten-deko-zimmer-hochzeit","status":"publish","type":"product","link":"https:\/\/marktxxl.de\/markt\/produkt\/10m-led-schlauch-lichterkette-batterie-aussen-bunt-lichterschlauch-132-modi-weihnachtsbeleuchtung-lichtschlauch-mit-fernbedienung-fuer-weihnachtsdeko-innen-aussen-weihnachten-deko-zimmer-hochzeit\/","title":{"rendered":"10M LED Schlauch Lichterkette Batterie Au\u00dfen, USB Outdoor Lichterkette, Bunt Lichtschlauch Lichterkette, Balkon\u2026"},"content":{"rendered":"<p>\ud83d\udc96\u301016 Farben mit 132 Modi\u3011Halloween Lichterkette Aussen haben 16 Farben (rot \/ gr\u00fcn \/ blau \/ gelb \/ lila \/ orange \/ wei\u00df &#8230;) und insgesamt 132 Lichtmodi. Jede der 16 einzelnen Farben hat 8 Beleuchtungsmodi (In Waves\/ Sequential\/ Slow Glow\/ Chasing\/ Slow Fade\/ Flash\/ Breathing\/ Combination). Led schlauch haben au\u00dferdem 4 weitere Multicolor Modi (Fade\/ Jump\/ Flash\/ Chase). Sie k\u00f6nnen die Farben, Modi, 5 Helligkeit und den Timer per Fernbedienung \u00e4ndern, um mit verschiedenen Festivals zu gehen<br \/>\n\ud83d\udc96\u3010IP68 wasserdicht und langlebig\u3011 Die IP68 wasserdichten Leuchtr\u00f6hren sind komplett versiegelt und werden nicht von Wasser angegriffen. LED Lichterschlauch hat die Eigenschaften Hitzebest\u00e4ndigkeit, Flexibilit\u00e4t, Energieeinsparung, Umweltschutz, Haltbarkeit und kann extremen \u00e4u\u00dferen Umgebungen (Regen, Schnee, Extrusion, Kollision usw.) standhalten. Daher kann lichtschlauch au\u00dfen oder innen verwendet werden.<br \/>\n\ud83d\udc96\u3010DIY f\u00fcr mehrere Szenen\u3011Bunt lichtschlauch sind flexibel und einfach zu installieren. Lichterkette schaffen ein warmes Ambiente f\u00fcr Halloween, Weihnachten, Partys, Hochzeiten, Valentinstag, Schlafzimmer, Bars, Clubs, Caf\u00e9s, B\u00fchnen, Gehwege, Terrassen, G\u00e4rten, Z\u00e4une, Veranden. Basteln Sie in verschiedene Formen oder wickeln Sie M\u00f6bel, Hinterh\u00f6fe, Terrassen, Wege, Gel\u00e4nder, D\u00e4cher, Schwimmb\u00e4der, B\u00e4ume, Gehwege, Treppen, H\u00e4user, Zierleisten ein, um Ihren Platz gem\u00fctlicher zu machen, zimmer.<br \/>\n\ud83d\udc96 \u3010Batteriebetrieben &amp; USB-betrieben\u3011: Die LED Schlauch Lichterkette f\u00fcr den Au\u00dfen wird mit einem wasserdichten Batteriegeh\u00e4use (Schutzart IP65) und einem 1M USB-Kabel geliefert. Es kann nicht nur mit 3 AA 4,5V-Batterien betrieben werden, sondern auch mit einem 5V-USB-Adapter oder einer Powerbank oder einem Computer, was mehr Optionen bietet und f\u00fcr mehr Gelegenheiten geeignet ist.<br \/>\n\ud83d\udc96\u3010Langlebig und hochwertig\u3011Die led Schlauch Lichterkette besteht aus 100 LED-Perlen mit 10 cm Perlenabstand. Durch den Schutz des PVC Schlauchs werden die Saiten nicht gebrochen und oxidiert, um eine l\u00e4ngere Lebensdauer zu erzielen und ein Verheddern zu vermeiden.<br \/>\n<div class=\"main-cross-sell\" data-asin=\"B09G9YQ94F\">\n\n\t<div class=\"WooZone-cross-sell-loader\">\n\t\t<div>\n\t\t\t<div id=\"floatingBarsG\">\n\t\t\t\t<div class=\"blockG\" id=\"rotateG_01\"><\/div>\n\t\t\t\t<div class=\"blockG\" id=\"rotateG_02\"><\/div>\n\t\t\t\t<div class=\"blockG\" id=\"rotateG_03\"><\/div>\n\t\t\t\t<div class=\"blockG\" id=\"rotateG_04\"><\/div>\n\t\t\t\t<div class=\"blockG\" id=\"rotateG_05\"><\/div>\n\t\t\t\t<div class=\"blockG\" id=\"rotateG_06\"><\/div>\n\t\t\t\t<div class=\"blockG\" id=\"rotateG_07\"><\/div>\n\t\t\t\t<div class=\"blockG\" id=\"rotateG_08\"><\/div>\n\t\t\t<\/div>\n\t\t\t<div class=\"WooZone-cross-sell-loader-text\"><\/div>\n\t\t<\/div>\n\t<\/div>\n\n\t\t\n<\/div>\n<div style=\"clear:both;\"><\/div><\/p>\n","protected":false},"excerpt":{"rendered":"<p>\ud83d\udc96\u301016 Farben mit 132 Modi\u3011Halloween Lichterkette Aussen haben 16 Farben (rot \/ gr\u00fcn \/ blau \/ gelb \/ lila \/ orange \/ wei\u00df &#8230;) und insgesamt 132 Lichtmodi. Jede der 16 einzelnen Farben hat 8 Beleuchtungsmodi (In Waves\/ Sequential\/ Slow Glow\/ Chasing\/ Slow Fade\/ Flash\/ Breathing\/ Combination). Led schlauch haben au\u00dferdem 4 weitere Multicolor Modi (Fade\/ Jump\/ Flash\/ Chase). Sie k\u00f6nnen die Farben, Modi, 5 Helligkeit und den Timer per Fernbedienung \u00e4ndern, um mit verschiedenen Festivals zu gehen<br \/>\n\ud83d\udc96\u3010IP68 wasserdicht und langlebig\u3011 Die IP68 wasserdichten Leuchtr\u00f6hren sind komplett versiegelt und werden nicht von Wasser angegriffen. LED Lichterschlauch hat die Eigenschaften Hitzebest\u00e4ndigkeit, Flexibilit\u00e4t, Energieeinsparung, Umweltschutz, Haltbarkeit und kann extremen \u00e4u\u00dferen Umgebungen (Regen, Schnee, Extrusion, Kollision usw.) standhalten. Daher kann lichtschlauch au\u00dfen oder innen verwendet werden.<br \/>\n\ud83d\udc96\u3010DIY f\u00fcr mehrere Szenen\u3011Bunt lichtschlauch sind flexibel und einfach zu installieren. Lichterkette schaffen ein warmes Ambiente f\u00fcr Halloween, Weihnachten, Partys, Hochzeiten, Valentinstag, Schlafzimmer, Bars, Clubs, Caf\u00e9s, B\u00fchnen, Gehwege, Terrassen, G\u00e4rten, Z\u00e4une, Veranden. Basteln Sie in verschiedene Formen oder wickeln Sie M\u00f6bel, Hinterh\u00f6fe, Terrassen, Wege, Gel\u00e4nder, D\u00e4cher, Schwimmb\u00e4der, B\u00e4ume, Gehwege, Treppen, H\u00e4user, Zierleisten ein, um Ihren Platz gem\u00fctlicher zu machen, zimmer.<\/p>\n","protected":false},"featured_media":94068,"comment_status":"open","ping_status":"closed","template":"","meta":[],"product_brand":[],"product_cat":[2108,15623],"product_tag":[],"class_list":{"0":"post-94067","1":"product","2":"type-product","3":"status-publish","4":"has-post-thumbnail","6":"product_cat-beleuchtung","7":"product_cat-lichtschlaeuche","8":"pa_brand-starryever","9":"pa_color-10m-batterie-usb","10":"pa_manufacturer-dy-technology-co-ltd","12":"first","13":"instock","14":"shipping-taxable","15":"purchasable","16":"product-type-simple","17":"customify-col","18":"product-has-gallery"},"yoast_head":"<!-- This site is optimized with the Yoast SEO plugin v27.4 - https:\/\/yoast.com\/product\/yoast-seo-wordpress\/ -->\n<title>10M LED Schlauch Lichterkette Batterie Au\u00dfen, USB Outdoor Lichterkette, Bunt Lichtschlauch Lichterkette, Balkon\u2026 - Markt-XXL<\/title>\n<meta name=\"description\" content=\"Markt-XXL 10M LED Schlauch Lichterkette Batterie Au\u00dfen, USB Outdoor Lichterkette, Bunt Lichtschlauch Lichterkette, Balkon\u2026\" \/>\n<meta name=\"robots\" content=\"index, follow, max-snippet:-1, max-image-preview:large, max-video-preview:-1\" \/>\n<link rel=\"canonical\" href=\"https:\/\/marktxxl.de\/markt\/produkt\/10m-led-schlauch-lichterkette-batterie-aussen-bunt-lichterschlauch-132-modi-weihnachtsbeleuchtung-lichtschlauch-mit-fernbedienung-fuer-weihnachtsdeko-innen-aussen-weihnachten-deko-zimmer-hochzeit\/\" \/>\n<meta property=\"og:locale\" content=\"de_DE\" \/>\n<meta property=\"og:type\" content=\"article\" \/>\n<meta property=\"og:title\" content=\"10M LED Schlauch Lichterkette Batterie Au\u00dfen, USB Outdoor Lichterkette, Bunt Lichtschlauch Lichterkette, Balkon\u2026 - Markt-XXL\" \/>\n<meta property=\"og:description\" content=\"Markt-XXL 10M LED Schlauch Lichterkette Batterie Au\u00dfen, USB Outdoor Lichterkette, Bunt Lichtschlauch Lichterkette, Balkon\u2026\" \/>\n<meta property=\"og:url\" content=\"https:\/\/marktxxl.de\/markt\/produkt\/10m-led-schlauch-lichterkette-batterie-aussen-bunt-lichterschlauch-132-modi-weihnachtsbeleuchtung-lichtschlauch-mit-fernbedienung-fuer-weihnachtsdeko-innen-aussen-weihnachten-deko-zimmer-hochzeit\/\" \/>\n<meta property=\"og:site_name\" content=\"Markt-XXL\" \/>\n<meta property=\"article:modified_time\" content=\"2023-04-09T00:50:50+00:00\" \/>\n<meta property=\"og:image\" content=\"https:\/\/m.media-amazon.com\/images\/I\/51Zuu6d5BQL._SL500_.jpg\" \/>\n\t<meta property=\"og:image:width\" content=\"500\" \/>\n\t<meta property=\"og:image:height\" content=\"500\" \/>\n\t<meta property=\"og:image:type\" content=\"image\/jpeg\" \/>\n<meta name=\"twitter:card\" content=\"summary_large_image\" \/>\n<meta name=\"twitter:label1\" content=\"Gesch\u00e4tzte Lesezeit\" \/>\n\t<meta name=\"twitter:data1\" content=\"1\u00a0Minute\" \/>\n<script type=\"application\/ld+json\" class=\"yoast-schema-graph\">{\"@context\":\"https:\\\/\\\/schema.org\",\"@graph\":[{\"@type\":\"WebPage\",\"@id\":\"https:\\\/\\\/marktxxl.de\\\/markt\\\/produkt\\\/10m-led-schlauch-lichterkette-batterie-aussen-bunt-lichterschlauch-132-modi-weihnachtsbeleuchtung-lichtschlauch-mit-fernbedienung-fuer-weihnachtsdeko-innen-aussen-weihnachten-deko-zimmer-hochzeit\\\/\",\"url\":\"https:\\\/\\\/marktxxl.de\\\/markt\\\/produkt\\\/10m-led-schlauch-lichterkette-batterie-aussen-bunt-lichterschlauch-132-modi-weihnachtsbeleuchtung-lichtschlauch-mit-fernbedienung-fuer-weihnachtsdeko-innen-aussen-weihnachten-deko-zimmer-hochzeit\\\/\",\"name\":\"10M LED Schlauch Lichterkette Batterie Au\u00dfen, USB Outdoor Lichterkette, Bunt Lichtschlauch Lichterkette, Balkon\u2026 - Markt-XXL\",\"isPartOf\":{\"@id\":\"https:\\\/\\\/marktxxl.de\\\/markt\\\/#website\"},\"primaryImageOfPage\":{\"@id\":\"https:\\\/\\\/marktxxl.de\\\/markt\\\/produkt\\\/10m-led-schlauch-lichterkette-batterie-aussen-bunt-lichterschlauch-132-modi-weihnachtsbeleuchtung-lichtschlauch-mit-fernbedienung-fuer-weihnachtsdeko-innen-aussen-weihnachten-deko-zimmer-hochzeit\\\/#primaryimage\"},\"image\":{\"@id\":\"https:\\\/\\\/marktxxl.de\\\/markt\\\/produkt\\\/10m-led-schlauch-lichterkette-batterie-aussen-bunt-lichterschlauch-132-modi-weihnachtsbeleuchtung-lichtschlauch-mit-fernbedienung-fuer-weihnachtsdeko-innen-aussen-weihnachten-deko-zimmer-hochzeit\\\/#primaryimage\"},\"thumbnailUrl\":\"https:\\\/\\\/m.media-amazon.com\\\/images\\\/I\\\/51Zuu6d5BQL._SL500_.jpg\",\"datePublished\":\"2021-12-28T21:21:49+00:00\",\"dateModified\":\"2023-04-09T00:50:50+00:00\",\"description\":\"Markt-XXL 10M LED Schlauch Lichterkette Batterie Au\u00dfen, USB Outdoor Lichterkette, Bunt Lichtschlauch Lichterkette, Balkon\u2026\",\"breadcrumb\":{\"@id\":\"https:\\\/\\\/marktxxl.de\\\/markt\\\/produkt\\\/10m-led-schlauch-lichterkette-batterie-aussen-bunt-lichterschlauch-132-modi-weihnachtsbeleuchtung-lichtschlauch-mit-fernbedienung-fuer-weihnachtsdeko-innen-aussen-weihnachten-deko-zimmer-hochzeit\\\/#breadcrumb\"},\"inLanguage\":\"de\",\"potentialAction\":[{\"@type\":\"ReadAction\",\"target\":[\"https:\\\/\\\/marktxxl.de\\\/markt\\\/produkt\\\/10m-led-schlauch-lichterkette-batterie-aussen-bunt-lichterschlauch-132-modi-weihnachtsbeleuchtung-lichtschlauch-mit-fernbedienung-fuer-weihnachtsdeko-innen-aussen-weihnachten-deko-zimmer-hochzeit\\\/\"]}]},{\"@type\":\"ImageObject\",\"inLanguage\":\"de\",\"@id\":\"https:\\\/\\\/marktxxl.de\\\/markt\\\/produkt\\\/10m-led-schlauch-lichterkette-batterie-aussen-bunt-lichterschlauch-132-modi-weihnachtsbeleuchtung-lichtschlauch-mit-fernbedienung-fuer-weihnachtsdeko-innen-aussen-weihnachten-deko-zimmer-hochzeit\\\/#primaryimage\",\"url\":\"https:\\\/\\\/m.media-amazon.com\\\/images\\\/I\\\/51Zuu6d5BQL._SL500_.jpg\",\"contentUrl\":\"https:\\\/\\\/m.media-amazon.com\\\/images\\\/I\\\/51Zuu6d5BQL._SL500_.jpg\",\"width\":500,\"height\":500},{\"@type\":\"BreadcrumbList\",\"@id\":\"https:\\\/\\\/marktxxl.de\\\/markt\\\/produkt\\\/10m-led-schlauch-lichterkette-batterie-aussen-bunt-lichterschlauch-132-modi-weihnachtsbeleuchtung-lichtschlauch-mit-fernbedienung-fuer-weihnachtsdeko-innen-aussen-weihnachten-deko-zimmer-hochzeit\\\/#breadcrumb\",\"itemListElement\":[{\"@type\":\"ListItem\",\"position\":1,\"name\":\"Startseite\",\"item\":\"https:\\\/\\\/marktxxl.de\\\/markt\\\/\"},{\"@type\":\"ListItem\",\"position\":2,\"name\":\"Markt\",\"item\":\"https:\\\/\\\/marktxxl.de\\\/markt\\\/\"},{\"@type\":\"ListItem\",\"position\":3,\"name\":\"10M LED Schlauch Lichterkette Batterie Au\u00dfen, USB Outdoor Lichterkette, Bunt Lichtschlauch Lichterkette, Balkon\u2026\"}]},{\"@type\":\"WebSite\",\"@id\":\"https:\\\/\\\/marktxxl.de\\\/markt\\\/#website\",\"url\":\"https:\\\/\\\/marktxxl.de\\\/markt\\\/\",\"name\":\"Markt-XXL\",\"description\":\"Ihr Markt Online\",\"publisher\":{\"@id\":\"https:\\\/\\\/marktxxl.de\\\/markt\\\/#organization\"},\"potentialAction\":[{\"@type\":\"SearchAction\",\"target\":{\"@type\":\"EntryPoint\",\"urlTemplate\":\"https:\\\/\\\/marktxxl.de\\\/markt\\\/?s={search_term_string}\"},\"query-input\":{\"@type\":\"PropertyValueSpecification\",\"valueRequired\":true,\"valueName\":\"search_term_string\"}}],\"inLanguage\":\"de\"},{\"@type\":\"Organization\",\"@id\":\"https:\\\/\\\/marktxxl.de\\\/markt\\\/#organization\",\"name\":\"Markt-XXL\",\"url\":\"https:\\\/\\\/marktxxl.de\\\/markt\\\/\",\"logo\":{\"@type\":\"ImageObject\",\"inLanguage\":\"de\",\"@id\":\"https:\\\/\\\/marktxxl.de\\\/markt\\\/#\\\/schema\\\/logo\\\/image\\\/\",\"url\":\"https:\\\/\\\/marktxxl.de\\\/markt\\\/wp-content\\\/uploads\\\/sites\\\/3\\\/2020\\\/12\\\/logo.png\",\"contentUrl\":\"https:\\\/\\\/marktxxl.de\\\/markt\\\/wp-content\\\/uploads\\\/sites\\\/3\\\/2020\\\/12\\\/logo.png\",\"width\":200,\"height\":70,\"caption\":\"Markt-XXL\"},\"image\":{\"@id\":\"https:\\\/\\\/marktxxl.de\\\/markt\\\/#\\\/schema\\\/logo\\\/image\\\/\"}}]}<\/script>\n<!-- \/ Yoast SEO plugin. -->","yoast_head_json":{"title":"10M LED Schlauch Lichterkette Batterie Au\u00dfen, USB Outdoor Lichterkette, Bunt Lichtschlauch Lichterkette, Balkon\u2026 - Markt-XXL","description":"Markt-XXL 10M LED Schlauch Lichterkette Batterie Au\u00dfen, USB Outdoor Lichterkette, Bunt Lichtschlauch Lichterkette, Balkon\u2026","robots":{"index":"index","follow":"follow","max-snippet":"max-snippet:-1","max-image-preview":"max-image-preview:large","max-video-preview":"max-video-preview:-1"},"canonical":"https:\/\/marktxxl.de\/markt\/produkt\/10m-led-schlauch-lichterkette-batterie-aussen-bunt-lichterschlauch-132-modi-weihnachtsbeleuchtung-lichtschlauch-mit-fernbedienung-fuer-weihnachtsdeko-innen-aussen-weihnachten-deko-zimmer-hochzeit\/","og_locale":"de_DE","og_type":"article","og_title":"10M LED Schlauch Lichterkette Batterie Au\u00dfen, USB Outdoor Lichterkette, Bunt Lichtschlauch Lichterkette, Balkon\u2026 - Markt-XXL","og_description":"Markt-XXL 10M LED Schlauch Lichterkette Batterie Au\u00dfen, USB Outdoor Lichterkette, Bunt Lichtschlauch Lichterkette, Balkon\u2026","og_url":"https:\/\/marktxxl.de\/markt\/produkt\/10m-led-schlauch-lichterkette-batterie-aussen-bunt-lichterschlauch-132-modi-weihnachtsbeleuchtung-lichtschlauch-mit-fernbedienung-fuer-weihnachtsdeko-innen-aussen-weihnachten-deko-zimmer-hochzeit\/","og_site_name":"Markt-XXL","article_modified_time":"2023-04-09T00:50:50+00:00","og_image":[{"width":500,"height":500,"url":"https:\/\/m.media-amazon.com\/images\/I\/51Zuu6d5BQL._SL500_.jpg","type":"image\/jpeg"}],"twitter_card":"summary_large_image","twitter_misc":{"Gesch\u00e4tzte Lesezeit":"1\u00a0Minute"},"schema":{"@context":"https:\/\/schema.org","@graph":[{"@type":"WebPage","@id":"https:\/\/marktxxl.de\/markt\/produkt\/10m-led-schlauch-lichterkette-batterie-aussen-bunt-lichterschlauch-132-modi-weihnachtsbeleuchtung-lichtschlauch-mit-fernbedienung-fuer-weihnachtsdeko-innen-aussen-weihnachten-deko-zimmer-hochzeit\/","url":"https:\/\/marktxxl.de\/markt\/produkt\/10m-led-schlauch-lichterkette-batterie-aussen-bunt-lichterschlauch-132-modi-weihnachtsbeleuchtung-lichtschlauch-mit-fernbedienung-fuer-weihnachtsdeko-innen-aussen-weihnachten-deko-zimmer-hochzeit\/","name":"10M LED Schlauch Lichterkette Batterie Au\u00dfen, USB Outdoor Lichterkette, Bunt Lichtschlauch Lichterkette, Balkon\u2026 - Markt-XXL","isPartOf":{"@id":"https:\/\/marktxxl.de\/markt\/#website"},"primaryImageOfPage":{"@id":"https:\/\/marktxxl.de\/markt\/produkt\/10m-led-schlauch-lichterkette-batterie-aussen-bunt-lichterschlauch-132-modi-weihnachtsbeleuchtung-lichtschlauch-mit-fernbedienung-fuer-weihnachtsdeko-innen-aussen-weihnachten-deko-zimmer-hochzeit\/#primaryimage"},"image":{"@id":"https:\/\/marktxxl.de\/markt\/produkt\/10m-led-schlauch-lichterkette-batterie-aussen-bunt-lichterschlauch-132-modi-weihnachtsbeleuchtung-lichtschlauch-mit-fernbedienung-fuer-weihnachtsdeko-innen-aussen-weihnachten-deko-zimmer-hochzeit\/#primaryimage"},"thumbnailUrl":"https:\/\/m.media-amazon.com\/images\/I\/51Zuu6d5BQL._SL500_.jpg","datePublished":"2021-12-28T21:21:49+00:00","dateModified":"2023-04-09T00:50:50+00:00","description":"Markt-XXL 10M LED Schlauch Lichterkette Batterie Au\u00dfen, USB Outdoor Lichterkette, Bunt Lichtschlauch Lichterkette, Balkon\u2026","breadcrumb":{"@id":"https:\/\/marktxxl.de\/markt\/produkt\/10m-led-schlauch-lichterkette-batterie-aussen-bunt-lichterschlauch-132-modi-weihnachtsbeleuchtung-lichtschlauch-mit-fernbedienung-fuer-weihnachtsdeko-innen-aussen-weihnachten-deko-zimmer-hochzeit\/#breadcrumb"},"inLanguage":"de","potentialAction":[{"@type":"ReadAction","target":["https:\/\/marktxxl.de\/markt\/produkt\/10m-led-schlauch-lichterkette-batterie-aussen-bunt-lichterschlauch-132-modi-weihnachtsbeleuchtung-lichtschlauch-mit-fernbedienung-fuer-weihnachtsdeko-innen-aussen-weihnachten-deko-zimmer-hochzeit\/"]}]},{"@type":"ImageObject","inLanguage":"de","@id":"https:\/\/marktxxl.de\/markt\/produkt\/10m-led-schlauch-lichterkette-batterie-aussen-bunt-lichterschlauch-132-modi-weihnachtsbeleuchtung-lichtschlauch-mit-fernbedienung-fuer-weihnachtsdeko-innen-aussen-weihnachten-deko-zimmer-hochzeit\/#primaryimage","url":"https:\/\/m.media-amazon.com\/images\/I\/51Zuu6d5BQL._SL500_.jpg","contentUrl":"https:\/\/m.media-amazon.com\/images\/I\/51Zuu6d5BQL._SL500_.jpg","width":500,"height":500},{"@type":"BreadcrumbList","@id":"https:\/\/marktxxl.de\/markt\/produkt\/10m-led-schlauch-lichterkette-batterie-aussen-bunt-lichterschlauch-132-modi-weihnachtsbeleuchtung-lichtschlauch-mit-fernbedienung-fuer-weihnachtsdeko-innen-aussen-weihnachten-deko-zimmer-hochzeit\/#breadcrumb","itemListElement":[{"@type":"ListItem","position":1,"name":"Startseite","item":"https:\/\/marktxxl.de\/markt\/"},{"@type":"ListItem","position":2,"name":"Markt","item":"https:\/\/marktxxl.de\/markt\/"},{"@type":"ListItem","position":3,"name":"10M LED Schlauch Lichterkette Batterie Au\u00dfen, USB Outdoor Lichterkette, Bunt Lichtschlauch Lichterkette, Balkon\u2026"}]},{"@type":"WebSite","@id":"https:\/\/marktxxl.de\/markt\/#website","url":"https:\/\/marktxxl.de\/markt\/","name":"Markt-XXL","description":"Ihr Markt Online","publisher":{"@id":"https:\/\/marktxxl.de\/markt\/#organization"},"potentialAction":[{"@type":"SearchAction","target":{"@type":"EntryPoint","urlTemplate":"https:\/\/marktxxl.de\/markt\/?s={search_term_string}"},"query-input":{"@type":"PropertyValueSpecification","valueRequired":true,"valueName":"search_term_string"}}],"inLanguage":"de"},{"@type":"Organization","@id":"https:\/\/marktxxl.de\/markt\/#organization","name":"Markt-XXL","url":"https:\/\/marktxxl.de\/markt\/","logo":{"@type":"ImageObject","inLanguage":"de","@id":"https:\/\/marktxxl.de\/markt\/#\/schema\/logo\/image\/","url":"https:\/\/marktxxl.de\/markt\/wp-content\/uploads\/sites\/3\/2020\/12\/logo.png","contentUrl":"https:\/\/marktxxl.de\/markt\/wp-content\/uploads\/sites\/3\/2020\/12\/logo.png","width":200,"height":70,"caption":"Markt-XXL"},"image":{"@id":"https:\/\/marktxxl.de\/markt\/#\/schema\/logo\/image\/"}}]}},"_links":{"self":[{"href":"https:\/\/marktxxl.de\/markt\/wp-json\/wp\/v2\/product\/94067","targetHints":{"allow":["GET"]}}],"collection":[{"href":"https:\/\/marktxxl.de\/markt\/wp-json\/wp\/v2\/product"}],"about":[{"href":"https:\/\/marktxxl.de\/markt\/wp-json\/wp\/v2\/types\/product"}],"replies":[{"embeddable":true,"href":"https:\/\/marktxxl.de\/markt\/wp-json\/wp\/v2\/comments?post=94067"}],"wp:featuredmedia":[{"embeddable":true,"href":"https:\/\/marktxxl.de\/markt\/wp-json\/wp\/v2\/media\/94068"}],"wp:attachment":[{"href":"https:\/\/marktxxl.de\/markt\/wp-json\/wp\/v2\/media?parent=94067"}],"wp:term":[{"taxonomy":"product_brand","embeddable":true,"href":"https:\/\/marktxxl.de\/markt\/wp-json\/wp\/v2\/product_brand?post=94067"},{"taxonomy":"product_cat","embeddable":true,"href":"https:\/\/marktxxl.de\/markt\/wp-json\/wp\/v2\/product_cat?post=94067"},{"taxonomy":"product_tag","embeddable":true,"href":"https:\/\/marktxxl.de\/markt\/wp-json\/wp\/v2\/product_tag?post=94067"}],"curies":[{"name":"wp","href":"https:\/\/api.w.org\/{rel}","templated":true}]}}