{"id":93886,"date":"2021-12-28T22:15:16","date_gmt":"2021-12-28T21:15:16","guid":{"rendered":"https:\/\/marktxxl.de\/markt\/produkt\/joyin-2-stueck-weihnachtslicht-abdeckung-mit-niedlichem-schneemann-motiv-fuer-aussenbeleuchtung-dekorationen-weihnachtsfeiern-geschenke-und-mehr\/"},"modified":"2023-04-09T02:50:47","modified_gmt":"2023-04-09T00:50:47","slug":"joyin-2-stueck-weihnachtslicht-abdeckung-mit-niedlichem-schneemann-motiv-fuer-aussenbeleuchtung-dekorationen-weihnachtsfeiern-geschenke-und-mehr","status":"publish","type":"product","link":"https:\/\/marktxxl.de\/markt\/produkt\/joyin-2-stueck-weihnachtslicht-abdeckung-mit-niedlichem-schneemann-motiv-fuer-aussenbeleuchtung-dekorationen-weihnachtsfeiern-geschenke-und-mehr\/","title":{"rendered":"JOYIN 2 St\u00fcck Weihnachtslicht-Abdeckung mit niedlichem Schneemann-Motiv, f\u00fcr Au\u00dfenbeleuchtung, Dekorationen\u2026"},"content":{"rendered":"<p>Unsere entz\u00fcckende Schneemann-Au\u00dfenlichtabdeckung enth\u00e4lt zwei niedliche Schneemann-Abdeckungen. Flexibles, witterungsbest\u00e4ndiges Acryl | kein Werkzeug oder Installation erforderlich | passend f\u00fcr Standard-Au\u00dfenbeleuchtung<br \/>\nWetterfeste Haltbarkeit &#8211; Die Acrylverarbeitung macht diese Outdoor-Weihnachtsdekorationen stark genug, um Regen, Schnee, Wind oder Schneeregen standzuhalten. SCHNELLE UND EINFACHE INSTALLATION &#8211; Beste Lichtabdeckungen sind flexibel und einfach zu installieren dank dehnbarer Schlaufenschn\u00fcre, die \u00fcber die meisten Standard-Au\u00dfenbeleuchtung gleiten. Jede Lichtabdeckung misst 25 x 34 x 10,2 cm.<br \/>\nWasserdicht und feuchtigkeitsbest\u00e4ndig. Hergestellt aus umweltfreundlichem EVA strukturiertem Kunststoff mit einer kristallisierten Textur, die wie Schnee aussieht, der nicht nur wasserdicht und feuchtigkeitsbest\u00e4ndig ist, sondern auch ein erstklassiges Gef\u00fchl hat. Es steht der Dekoration zu Hause nicht nach.<br \/>\nDiese Veranda-Lichtabdeckungen haben ein Gummiband mit besserer Elastizit\u00e4t und dicker, anstatt sich Sorgen zu machen, dass der Lampenschirm leicht fallen w\u00fcrde. Befestigen Sie einfach den Gurt an einer Laterne oder einem Au\u00dfenveranda-Licht. Einfaches Anbringen und Entfernen.<br \/>\nKundenzufriedenheit. Die Bereitstellung einer 100% Zufriedenheitserfahrung ist unsere oberste Priorit\u00e4t f\u00fcr unsere Kunden. Z\u00f6gern Sie nicht, uns \u00fcber &#8220;Verk\u00e4ufer kontaktieren&#8221; zu kontaktieren, wenn Produkte nicht Ihren Erwartungen entsprechen. Die Feiern beginnen bei JOYIN!<br \/>\n<div class=\"main-cross-sell\" data-asin=\"B08HC5R4N2\">\n\n\t<div class=\"WooZone-cross-sell-loader\">\n\t\t<div>\n\t\t\t<div id=\"floatingBarsG\">\n\t\t\t\t<div class=\"blockG\" id=\"rotateG_01\"><\/div>\n\t\t\t\t<div class=\"blockG\" id=\"rotateG_02\"><\/div>\n\t\t\t\t<div class=\"blockG\" id=\"rotateG_03\"><\/div>\n\t\t\t\t<div class=\"blockG\" id=\"rotateG_04\"><\/div>\n\t\t\t\t<div class=\"blockG\" id=\"rotateG_05\"><\/div>\n\t\t\t\t<div class=\"blockG\" id=\"rotateG_06\"><\/div>\n\t\t\t\t<div class=\"blockG\" id=\"rotateG_07\"><\/div>\n\t\t\t\t<div class=\"blockG\" id=\"rotateG_08\"><\/div>\n\t\t\t<\/div>\n\t\t\t<div class=\"WooZone-cross-sell-loader-text\"><\/div>\n\t\t<\/div>\n\t<\/div>\n\n\t\t\n<\/div>\n<div style=\"clear:both;\"><\/div><\/p>\n","protected":false},"excerpt":{"rendered":"<p>Unsere entz\u00fcckende Schneemann-Au\u00dfenlichtabdeckung enth\u00e4lt zwei niedliche Schneemann-Abdeckungen. Flexibles, witterungsbest\u00e4ndiges Acryl | kein Werkzeug oder Installation erforderlich | passend f\u00fcr Standard-Au\u00dfenbeleuchtung<br \/>\nWetterfeste Haltbarkeit &#8211; Die Acrylverarbeitung macht diese Outdoor-Weihnachtsdekorationen stark genug, um Regen, Schnee, Wind oder Schneeregen standzuhalten. SCHNELLE UND EINFACHE INSTALLATION &#8211; Beste Lichtabdeckungen sind flexibel und einfach zu installieren dank dehnbarer Schlaufenschn\u00fcre, die \u00fcber die meisten Standard-Au\u00dfenbeleuchtung gleiten. Jede Lichtabdeckung misst 25 x 34 x 10,2 cm.<br \/>\nWasserdicht und feuchtigkeitsbest\u00e4ndig. Hergestellt aus umweltfreundlichem EVA strukturiertem Kunststoff mit einer kristallisierten Textur, die wie Schnee aussieht, der nicht nur wasserdicht und feuchtigkeitsbest\u00e4ndig ist, sondern auch ein erstklassiges Gef\u00fchl hat. Es steht der Dekoration zu Hause nicht nach.<\/p>\n","protected":false},"featured_media":93887,"comment_status":"open","ping_status":"closed","template":"","meta":[],"product_brand":[],"product_cat":[2108,15622],"product_tag":[],"class_list":{"0":"post-93886","1":"product","2":"type-product","3":"status-publish","4":"has-post-thumbnail","6":"product_cat-beleuchtung","7":"product_cat-lichterketten","8":"pa_brand-joyin","9":"pa_manufacturer-joyin-inc","11":"first","12":"instock","13":"shipping-taxable","14":"purchasable","15":"product-type-simple","16":"customify-col","17":"product-has-gallery"},"yoast_head":"<!-- This site is optimized with the Yoast SEO plugin v27.4 - https:\/\/yoast.com\/product\/yoast-seo-wordpress\/ -->\n<title>JOYIN 2 St\u00fcck Weihnachtslicht-Abdeckung mit niedlichem Schneemann-Motiv, f\u00fcr Au\u00dfenbeleuchtung, Dekorationen\u2026 - Markt-XXL<\/title>\n<meta name=\"description\" content=\"Markt-XXL JOYIN 2 St\u00fcck Weihnachtslicht-Abdeckung mit niedlichem Schneemann-Motiv, f\u00fcr Au\u00dfenbeleuchtung, Dekorationen\u2026\" \/>\n<meta name=\"robots\" content=\"index, follow, max-snippet:-1, max-image-preview:large, max-video-preview:-1\" \/>\n<link rel=\"canonical\" href=\"https:\/\/marktxxl.de\/markt\/produkt\/joyin-2-stueck-weihnachtslicht-abdeckung-mit-niedlichem-schneemann-motiv-fuer-aussenbeleuchtung-dekorationen-weihnachtsfeiern-geschenke-und-mehr\/\" \/>\n<meta property=\"og:locale\" content=\"de_DE\" \/>\n<meta property=\"og:type\" content=\"article\" \/>\n<meta property=\"og:title\" content=\"JOYIN 2 St\u00fcck Weihnachtslicht-Abdeckung mit niedlichem Schneemann-Motiv, f\u00fcr Au\u00dfenbeleuchtung, Dekorationen\u2026 - Markt-XXL\" \/>\n<meta property=\"og:description\" content=\"Markt-XXL JOYIN 2 St\u00fcck Weihnachtslicht-Abdeckung mit niedlichem Schneemann-Motiv, f\u00fcr Au\u00dfenbeleuchtung, Dekorationen\u2026\" \/>\n<meta property=\"og:url\" content=\"https:\/\/marktxxl.de\/markt\/produkt\/joyin-2-stueck-weihnachtslicht-abdeckung-mit-niedlichem-schneemann-motiv-fuer-aussenbeleuchtung-dekorationen-weihnachtsfeiern-geschenke-und-mehr\/\" \/>\n<meta property=\"og:site_name\" content=\"Markt-XXL\" \/>\n<meta property=\"article:modified_time\" content=\"2023-04-09T00:50:47+00:00\" \/>\n<meta property=\"og:image\" content=\"https:\/\/m.media-amazon.com\/images\/I\/512QoPmb3LL._SL500_.jpg\" \/>\n\t<meta property=\"og:image:width\" content=\"500\" \/>\n\t<meta property=\"og:image:height\" content=\"500\" \/>\n\t<meta property=\"og:image:type\" content=\"image\/jpeg\" \/>\n<meta name=\"twitter:card\" content=\"summary_large_image\" \/>\n<meta name=\"twitter:label1\" content=\"Gesch\u00e4tzte Lesezeit\" \/>\n\t<meta name=\"twitter:data1\" content=\"1\u00a0Minute\" \/>\n<script type=\"application\/ld+json\" class=\"yoast-schema-graph\">{\"@context\":\"https:\\\/\\\/schema.org\",\"@graph\":[{\"@type\":\"WebPage\",\"@id\":\"https:\\\/\\\/marktxxl.de\\\/markt\\\/produkt\\\/joyin-2-stueck-weihnachtslicht-abdeckung-mit-niedlichem-schneemann-motiv-fuer-aussenbeleuchtung-dekorationen-weihnachtsfeiern-geschenke-und-mehr\\\/\",\"url\":\"https:\\\/\\\/marktxxl.de\\\/markt\\\/produkt\\\/joyin-2-stueck-weihnachtslicht-abdeckung-mit-niedlichem-schneemann-motiv-fuer-aussenbeleuchtung-dekorationen-weihnachtsfeiern-geschenke-und-mehr\\\/\",\"name\":\"JOYIN 2 St\u00fcck Weihnachtslicht-Abdeckung mit niedlichem Schneemann-Motiv, f\u00fcr Au\u00dfenbeleuchtung, Dekorationen\u2026 - Markt-XXL\",\"isPartOf\":{\"@id\":\"https:\\\/\\\/marktxxl.de\\\/markt\\\/#website\"},\"primaryImageOfPage\":{\"@id\":\"https:\\\/\\\/marktxxl.de\\\/markt\\\/produkt\\\/joyin-2-stueck-weihnachtslicht-abdeckung-mit-niedlichem-schneemann-motiv-fuer-aussenbeleuchtung-dekorationen-weihnachtsfeiern-geschenke-und-mehr\\\/#primaryimage\"},\"image\":{\"@id\":\"https:\\\/\\\/marktxxl.de\\\/markt\\\/produkt\\\/joyin-2-stueck-weihnachtslicht-abdeckung-mit-niedlichem-schneemann-motiv-fuer-aussenbeleuchtung-dekorationen-weihnachtsfeiern-geschenke-und-mehr\\\/#primaryimage\"},\"thumbnailUrl\":\"https:\\\/\\\/m.media-amazon.com\\\/images\\\/I\\\/512QoPmb3LL._SL500_.jpg\",\"datePublished\":\"2021-12-28T21:15:16+00:00\",\"dateModified\":\"2023-04-09T00:50:47+00:00\",\"description\":\"Markt-XXL JOYIN 2 St\u00fcck Weihnachtslicht-Abdeckung mit niedlichem Schneemann-Motiv, f\u00fcr Au\u00dfenbeleuchtung, Dekorationen\u2026\",\"breadcrumb\":{\"@id\":\"https:\\\/\\\/marktxxl.de\\\/markt\\\/produkt\\\/joyin-2-stueck-weihnachtslicht-abdeckung-mit-niedlichem-schneemann-motiv-fuer-aussenbeleuchtung-dekorationen-weihnachtsfeiern-geschenke-und-mehr\\\/#breadcrumb\"},\"inLanguage\":\"de\",\"potentialAction\":[{\"@type\":\"ReadAction\",\"target\":[\"https:\\\/\\\/marktxxl.de\\\/markt\\\/produkt\\\/joyin-2-stueck-weihnachtslicht-abdeckung-mit-niedlichem-schneemann-motiv-fuer-aussenbeleuchtung-dekorationen-weihnachtsfeiern-geschenke-und-mehr\\\/\"]}]},{\"@type\":\"ImageObject\",\"inLanguage\":\"de\",\"@id\":\"https:\\\/\\\/marktxxl.de\\\/markt\\\/produkt\\\/joyin-2-stueck-weihnachtslicht-abdeckung-mit-niedlichem-schneemann-motiv-fuer-aussenbeleuchtung-dekorationen-weihnachtsfeiern-geschenke-und-mehr\\\/#primaryimage\",\"url\":\"https:\\\/\\\/m.media-amazon.com\\\/images\\\/I\\\/512QoPmb3LL._SL500_.jpg\",\"contentUrl\":\"https:\\\/\\\/m.media-amazon.com\\\/images\\\/I\\\/512QoPmb3LL._SL500_.jpg\",\"width\":500,\"height\":500},{\"@type\":\"BreadcrumbList\",\"@id\":\"https:\\\/\\\/marktxxl.de\\\/markt\\\/produkt\\\/joyin-2-stueck-weihnachtslicht-abdeckung-mit-niedlichem-schneemann-motiv-fuer-aussenbeleuchtung-dekorationen-weihnachtsfeiern-geschenke-und-mehr\\\/#breadcrumb\",\"itemListElement\":[{\"@type\":\"ListItem\",\"position\":1,\"name\":\"Startseite\",\"item\":\"https:\\\/\\\/marktxxl.de\\\/markt\\\/\"},{\"@type\":\"ListItem\",\"position\":2,\"name\":\"Markt\",\"item\":\"https:\\\/\\\/marktxxl.de\\\/markt\\\/\"},{\"@type\":\"ListItem\",\"position\":3,\"name\":\"JOYIN 2 St\u00fcck Weihnachtslicht-Abdeckung mit niedlichem Schneemann-Motiv, f\u00fcr Au\u00dfenbeleuchtung, Dekorationen\u2026\"}]},{\"@type\":\"WebSite\",\"@id\":\"https:\\\/\\\/marktxxl.de\\\/markt\\\/#website\",\"url\":\"https:\\\/\\\/marktxxl.de\\\/markt\\\/\",\"name\":\"Markt-XXL\",\"description\":\"Ihr Markt Online\",\"publisher\":{\"@id\":\"https:\\\/\\\/marktxxl.de\\\/markt\\\/#organization\"},\"potentialAction\":[{\"@type\":\"SearchAction\",\"target\":{\"@type\":\"EntryPoint\",\"urlTemplate\":\"https:\\\/\\\/marktxxl.de\\\/markt\\\/?s={search_term_string}\"},\"query-input\":{\"@type\":\"PropertyValueSpecification\",\"valueRequired\":true,\"valueName\":\"search_term_string\"}}],\"inLanguage\":\"de\"},{\"@type\":\"Organization\",\"@id\":\"https:\\\/\\\/marktxxl.de\\\/markt\\\/#organization\",\"name\":\"Markt-XXL\",\"url\":\"https:\\\/\\\/marktxxl.de\\\/markt\\\/\",\"logo\":{\"@type\":\"ImageObject\",\"inLanguage\":\"de\",\"@id\":\"https:\\\/\\\/marktxxl.de\\\/markt\\\/#\\\/schema\\\/logo\\\/image\\\/\",\"url\":\"https:\\\/\\\/marktxxl.de\\\/markt\\\/wp-content\\\/uploads\\\/sites\\\/3\\\/2020\\\/12\\\/logo.png\",\"contentUrl\":\"https:\\\/\\\/marktxxl.de\\\/markt\\\/wp-content\\\/uploads\\\/sites\\\/3\\\/2020\\\/12\\\/logo.png\",\"width\":200,\"height\":70,\"caption\":\"Markt-XXL\"},\"image\":{\"@id\":\"https:\\\/\\\/marktxxl.de\\\/markt\\\/#\\\/schema\\\/logo\\\/image\\\/\"}}]}<\/script>\n<!-- \/ Yoast SEO plugin. -->","yoast_head_json":{"title":"JOYIN 2 St\u00fcck Weihnachtslicht-Abdeckung mit niedlichem Schneemann-Motiv, f\u00fcr Au\u00dfenbeleuchtung, Dekorationen\u2026 - Markt-XXL","description":"Markt-XXL JOYIN 2 St\u00fcck Weihnachtslicht-Abdeckung mit niedlichem Schneemann-Motiv, f\u00fcr Au\u00dfenbeleuchtung, Dekorationen\u2026","robots":{"index":"index","follow":"follow","max-snippet":"max-snippet:-1","max-image-preview":"max-image-preview:large","max-video-preview":"max-video-preview:-1"},"canonical":"https:\/\/marktxxl.de\/markt\/produkt\/joyin-2-stueck-weihnachtslicht-abdeckung-mit-niedlichem-schneemann-motiv-fuer-aussenbeleuchtung-dekorationen-weihnachtsfeiern-geschenke-und-mehr\/","og_locale":"de_DE","og_type":"article","og_title":"JOYIN 2 St\u00fcck Weihnachtslicht-Abdeckung mit niedlichem Schneemann-Motiv, f\u00fcr Au\u00dfenbeleuchtung, Dekorationen\u2026 - Markt-XXL","og_description":"Markt-XXL JOYIN 2 St\u00fcck Weihnachtslicht-Abdeckung mit niedlichem Schneemann-Motiv, f\u00fcr Au\u00dfenbeleuchtung, Dekorationen\u2026","og_url":"https:\/\/marktxxl.de\/markt\/produkt\/joyin-2-stueck-weihnachtslicht-abdeckung-mit-niedlichem-schneemann-motiv-fuer-aussenbeleuchtung-dekorationen-weihnachtsfeiern-geschenke-und-mehr\/","og_site_name":"Markt-XXL","article_modified_time":"2023-04-09T00:50:47+00:00","og_image":[{"width":500,"height":500,"url":"https:\/\/m.media-amazon.com\/images\/I\/512QoPmb3LL._SL500_.jpg","type":"image\/jpeg"}],"twitter_card":"summary_large_image","twitter_misc":{"Gesch\u00e4tzte Lesezeit":"1\u00a0Minute"},"schema":{"@context":"https:\/\/schema.org","@graph":[{"@type":"WebPage","@id":"https:\/\/marktxxl.de\/markt\/produkt\/joyin-2-stueck-weihnachtslicht-abdeckung-mit-niedlichem-schneemann-motiv-fuer-aussenbeleuchtung-dekorationen-weihnachtsfeiern-geschenke-und-mehr\/","url":"https:\/\/marktxxl.de\/markt\/produkt\/joyin-2-stueck-weihnachtslicht-abdeckung-mit-niedlichem-schneemann-motiv-fuer-aussenbeleuchtung-dekorationen-weihnachtsfeiern-geschenke-und-mehr\/","name":"JOYIN 2 St\u00fcck Weihnachtslicht-Abdeckung mit niedlichem Schneemann-Motiv, f\u00fcr Au\u00dfenbeleuchtung, Dekorationen\u2026 - Markt-XXL","isPartOf":{"@id":"https:\/\/marktxxl.de\/markt\/#website"},"primaryImageOfPage":{"@id":"https:\/\/marktxxl.de\/markt\/produkt\/joyin-2-stueck-weihnachtslicht-abdeckung-mit-niedlichem-schneemann-motiv-fuer-aussenbeleuchtung-dekorationen-weihnachtsfeiern-geschenke-und-mehr\/#primaryimage"},"image":{"@id":"https:\/\/marktxxl.de\/markt\/produkt\/joyin-2-stueck-weihnachtslicht-abdeckung-mit-niedlichem-schneemann-motiv-fuer-aussenbeleuchtung-dekorationen-weihnachtsfeiern-geschenke-und-mehr\/#primaryimage"},"thumbnailUrl":"https:\/\/m.media-amazon.com\/images\/I\/512QoPmb3LL._SL500_.jpg","datePublished":"2021-12-28T21:15:16+00:00","dateModified":"2023-04-09T00:50:47+00:00","description":"Markt-XXL JOYIN 2 St\u00fcck Weihnachtslicht-Abdeckung mit niedlichem Schneemann-Motiv, f\u00fcr Au\u00dfenbeleuchtung, Dekorationen\u2026","breadcrumb":{"@id":"https:\/\/marktxxl.de\/markt\/produkt\/joyin-2-stueck-weihnachtslicht-abdeckung-mit-niedlichem-schneemann-motiv-fuer-aussenbeleuchtung-dekorationen-weihnachtsfeiern-geschenke-und-mehr\/#breadcrumb"},"inLanguage":"de","potentialAction":[{"@type":"ReadAction","target":["https:\/\/marktxxl.de\/markt\/produkt\/joyin-2-stueck-weihnachtslicht-abdeckung-mit-niedlichem-schneemann-motiv-fuer-aussenbeleuchtung-dekorationen-weihnachtsfeiern-geschenke-und-mehr\/"]}]},{"@type":"ImageObject","inLanguage":"de","@id":"https:\/\/marktxxl.de\/markt\/produkt\/joyin-2-stueck-weihnachtslicht-abdeckung-mit-niedlichem-schneemann-motiv-fuer-aussenbeleuchtung-dekorationen-weihnachtsfeiern-geschenke-und-mehr\/#primaryimage","url":"https:\/\/m.media-amazon.com\/images\/I\/512QoPmb3LL._SL500_.jpg","contentUrl":"https:\/\/m.media-amazon.com\/images\/I\/512QoPmb3LL._SL500_.jpg","width":500,"height":500},{"@type":"BreadcrumbList","@id":"https:\/\/marktxxl.de\/markt\/produkt\/joyin-2-stueck-weihnachtslicht-abdeckung-mit-niedlichem-schneemann-motiv-fuer-aussenbeleuchtung-dekorationen-weihnachtsfeiern-geschenke-und-mehr\/#breadcrumb","itemListElement":[{"@type":"ListItem","position":1,"name":"Startseite","item":"https:\/\/marktxxl.de\/markt\/"},{"@type":"ListItem","position":2,"name":"Markt","item":"https:\/\/marktxxl.de\/markt\/"},{"@type":"ListItem","position":3,"name":"JOYIN 2 St\u00fcck Weihnachtslicht-Abdeckung mit niedlichem Schneemann-Motiv, f\u00fcr Au\u00dfenbeleuchtung, Dekorationen\u2026"}]},{"@type":"WebSite","@id":"https:\/\/marktxxl.de\/markt\/#website","url":"https:\/\/marktxxl.de\/markt\/","name":"Markt-XXL","description":"Ihr Markt Online","publisher":{"@id":"https:\/\/marktxxl.de\/markt\/#organization"},"potentialAction":[{"@type":"SearchAction","target":{"@type":"EntryPoint","urlTemplate":"https:\/\/marktxxl.de\/markt\/?s={search_term_string}"},"query-input":{"@type":"PropertyValueSpecification","valueRequired":true,"valueName":"search_term_string"}}],"inLanguage":"de"},{"@type":"Organization","@id":"https:\/\/marktxxl.de\/markt\/#organization","name":"Markt-XXL","url":"https:\/\/marktxxl.de\/markt\/","logo":{"@type":"ImageObject","inLanguage":"de","@id":"https:\/\/marktxxl.de\/markt\/#\/schema\/logo\/image\/","url":"https:\/\/marktxxl.de\/markt\/wp-content\/uploads\/sites\/3\/2020\/12\/logo.png","contentUrl":"https:\/\/marktxxl.de\/markt\/wp-content\/uploads\/sites\/3\/2020\/12\/logo.png","width":200,"height":70,"caption":"Markt-XXL"},"image":{"@id":"https:\/\/marktxxl.de\/markt\/#\/schema\/logo\/image\/"}}]}},"_links":{"self":[{"href":"https:\/\/marktxxl.de\/markt\/wp-json\/wp\/v2\/product\/93886","targetHints":{"allow":["GET"]}}],"collection":[{"href":"https:\/\/marktxxl.de\/markt\/wp-json\/wp\/v2\/product"}],"about":[{"href":"https:\/\/marktxxl.de\/markt\/wp-json\/wp\/v2\/types\/product"}],"replies":[{"embeddable":true,"href":"https:\/\/marktxxl.de\/markt\/wp-json\/wp\/v2\/comments?post=93886"}],"wp:featuredmedia":[{"embeddable":true,"href":"https:\/\/marktxxl.de\/markt\/wp-json\/wp\/v2\/media\/93887"}],"wp:attachment":[{"href":"https:\/\/marktxxl.de\/markt\/wp-json\/wp\/v2\/media?parent=93886"}],"wp:term":[{"taxonomy":"product_brand","embeddable":true,"href":"https:\/\/marktxxl.de\/markt\/wp-json\/wp\/v2\/product_brand?post=93886"},{"taxonomy":"product_cat","embeddable":true,"href":"https:\/\/marktxxl.de\/markt\/wp-json\/wp\/v2\/product_cat?post=93886"},{"taxonomy":"product_tag","embeddable":true,"href":"https:\/\/marktxxl.de\/markt\/wp-json\/wp\/v2\/product_tag?post=93886"}],"curies":[{"name":"wp","href":"https:\/\/api.w.org\/{rel}","templated":true}]}}