{"id":93814,"date":"2021-12-28T22:09:53","date_gmt":"2021-12-28T21:09:53","guid":{"rendered":"https:\/\/marktxxl.de\/markt\/produkt\/com-four-juteband-geschenkband-und-paketband-aus-jute-kordel-jute-schnur-dekoband\/"},"modified":"2023-04-09T02:50:45","modified_gmt":"2023-04-09T00:50:45","slug":"com-four-juteband-geschenkband-und-paketband-aus-jute-kordel-jute-schnur-dekoband","status":"publish","type":"product","link":"https:\/\/marktxxl.de\/markt\/produkt\/com-four-juteband-geschenkband-und-paketband-aus-jute-kordel-jute-schnur-dekoband\/","title":{"rendered":"com-four\u00ae 4-teiliges Set Juteband und Baumwollschnur &#8211; Jute-Schnur zum Einpacken und Dekorieren &#8211; Kordel als Paketschnur\u2026"},"content":{"rendered":"<p>PRAKTISCH IM ALLTAG: Das Jutegarn und Baumwollband sind jeweils ein Multitalent in naturfarben und wei\u00df und ideal zum Einpacken von Geschenken oder f\u00fcr die Gartenarbeit!<br \/>\nVIELSEITIG EINSETZBAR: Jute-Band und Baumwollschnur eignen sich hervorragend zum Verpacken, Dekorieren, Aufh\u00e4ngen und Basteln sowie zum Anbinden von B\u00e4umen, Str\u00e4uchern!<br \/>\nUMWELTFREUNDLICH: Die Kordeln bestehen aus Jute-Naturfaser bzw. Baumwolle und sind wiederverwendbar, recycelbar und abbaubar! Das reduziert Abfall und schont die Umwelt!<br \/>\nSTRAPAZIERF\u00c4HIG: Die mehrlagige Paketschnur hat eine hohe Festigkeit und ist widerstandf\u00e4hig! Auf einer Spule aufgerollt, l\u00e4sst sich die Kordel individuell zuschneiden!<br \/>\nLIEFERUMFANG: 2x Juteband, 2x Baumwollband \/\/ L\u00e4nge Juteband je Rolle: 40 m \/\/ L\u00e4nge Baumwollband je Rolle: 60 m \/\/ Material: Jute, Baumwolle \/\/ Farbe: naturfarben, wei\u00df<br \/>\n<div class=\"main-cross-sell\" data-asin=\"B093LH6Q9Z\">\n\n\t<div class=\"WooZone-cross-sell-loader\">\n\t\t<div>\n\t\t\t<div id=\"floatingBarsG\">\n\t\t\t\t<div class=\"blockG\" id=\"rotateG_01\"><\/div>\n\t\t\t\t<div class=\"blockG\" id=\"rotateG_02\"><\/div>\n\t\t\t\t<div class=\"blockG\" id=\"rotateG_03\"><\/div>\n\t\t\t\t<div class=\"blockG\" id=\"rotateG_04\"><\/div>\n\t\t\t\t<div class=\"blockG\" id=\"rotateG_05\"><\/div>\n\t\t\t\t<div class=\"blockG\" id=\"rotateG_06\"><\/div>\n\t\t\t\t<div class=\"blockG\" id=\"rotateG_07\"><\/div>\n\t\t\t\t<div class=\"blockG\" id=\"rotateG_08\"><\/div>\n\t\t\t<\/div>\n\t\t\t<div class=\"WooZone-cross-sell-loader-text\"><\/div>\n\t\t<\/div>\n\t<\/div>\n\n\t\t\n<\/div>\n<div style=\"clear:both;\"><\/div><\/p>\n","protected":false},"excerpt":{"rendered":"<p>PRAKTISCH IM ALLTAG: Das Jutegarn und Baumwollband sind jeweils ein Multitalent in naturfarben und wei\u00df und ideal zum Einpacken von Geschenken oder f\u00fcr die Gartenarbeit!<br \/>\nVIELSEITIG EINSETZBAR: Jute-Band und Baumwollschnur eignen sich hervorragend zum Verpacken, Dekorieren, Aufh\u00e4ngen und Basteln sowie zum Anbinden von B\u00e4umen, Str\u00e4uchern!<br \/>\nUMWELTFREUNDLICH: Die Kordeln bestehen aus Jute-Naturfaser bzw. Baumwolle und sind wiederverwendbar, recycelbar und abbaubar! Das reduziert Abfall und schont die Umwelt!<\/p>\n","protected":false},"featured_media":93815,"comment_status":"open","ping_status":"closed","template":"","meta":[],"product_brand":[],"product_cat":[2108,15622],"product_tag":[],"class_list":{"0":"post-93814","1":"product","2":"type-product","3":"status-publish","4":"has-post-thumbnail","6":"product_cat-beleuchtung","7":"product_cat-lichterketten","8":"pa_brand-com-four","9":"pa_manufacturer-com-four","11":"first","12":"instock","13":"shipping-taxable","14":"purchasable","15":"product-type-simple","16":"customify-col","17":"product-has-gallery"},"yoast_head":"<!-- This site is optimized with the Yoast SEO plugin v27.4 - https:\/\/yoast.com\/product\/yoast-seo-wordpress\/ -->\n<title>com-four\u00ae 4-teiliges Set Juteband und Baumwollschnur - Jute-Schnur zum Einpacken und Dekorieren - Kordel als Paketschnur\u2026 - Markt-XXL<\/title>\n<meta name=\"description\" content=\"Markt-XXL com-four\u00ae 4-teiliges Set Juteband und Baumwollschnur - Jute-Schnur zum Einpacken und Dekorieren - Kordel als Paketschnur\u2026\" \/>\n<meta name=\"robots\" content=\"index, follow, max-snippet:-1, max-image-preview:large, max-video-preview:-1\" \/>\n<link rel=\"canonical\" href=\"https:\/\/marktxxl.de\/markt\/produkt\/com-four-juteband-geschenkband-und-paketband-aus-jute-kordel-jute-schnur-dekoband\/\" \/>\n<meta property=\"og:locale\" content=\"de_DE\" \/>\n<meta property=\"og:type\" content=\"article\" \/>\n<meta property=\"og:title\" content=\"com-four\u00ae 4-teiliges Set Juteband und Baumwollschnur - Jute-Schnur zum Einpacken und Dekorieren - Kordel als Paketschnur\u2026 - Markt-XXL\" \/>\n<meta property=\"og:description\" content=\"Markt-XXL com-four\u00ae 4-teiliges Set Juteband und Baumwollschnur - Jute-Schnur zum Einpacken und Dekorieren - Kordel als Paketschnur\u2026\" \/>\n<meta property=\"og:url\" content=\"https:\/\/marktxxl.de\/markt\/produkt\/com-four-juteband-geschenkband-und-paketband-aus-jute-kordel-jute-schnur-dekoband\/\" \/>\n<meta property=\"og:site_name\" content=\"Markt-XXL\" \/>\n<meta property=\"article:modified_time\" content=\"2023-04-09T00:50:45+00:00\" \/>\n<meta property=\"og:image\" content=\"https:\/\/m.media-amazon.com\/images\/I\/51Mmjrzcg1L._SL500_.jpg\" \/>\n\t<meta property=\"og:image:width\" content=\"500\" \/>\n\t<meta property=\"og:image:height\" content=\"500\" \/>\n\t<meta property=\"og:image:type\" content=\"image\/jpeg\" \/>\n<meta name=\"twitter:card\" content=\"summary_large_image\" \/>\n<meta name=\"twitter:label1\" content=\"Gesch\u00e4tzte Lesezeit\" \/>\n\t<meta name=\"twitter:data1\" content=\"1\u00a0Minute\" \/>\n<script type=\"application\/ld+json\" class=\"yoast-schema-graph\">{\"@context\":\"https:\\\/\\\/schema.org\",\"@graph\":[{\"@type\":\"WebPage\",\"@id\":\"https:\\\/\\\/marktxxl.de\\\/markt\\\/produkt\\\/com-four-juteband-geschenkband-und-paketband-aus-jute-kordel-jute-schnur-dekoband\\\/\",\"url\":\"https:\\\/\\\/marktxxl.de\\\/markt\\\/produkt\\\/com-four-juteband-geschenkband-und-paketband-aus-jute-kordel-jute-schnur-dekoband\\\/\",\"name\":\"com-four\u00ae 4-teiliges Set Juteband und Baumwollschnur - Jute-Schnur zum Einpacken und Dekorieren - Kordel als Paketschnur\u2026 - Markt-XXL\",\"isPartOf\":{\"@id\":\"https:\\\/\\\/marktxxl.de\\\/markt\\\/#website\"},\"primaryImageOfPage\":{\"@id\":\"https:\\\/\\\/marktxxl.de\\\/markt\\\/produkt\\\/com-four-juteband-geschenkband-und-paketband-aus-jute-kordel-jute-schnur-dekoband\\\/#primaryimage\"},\"image\":{\"@id\":\"https:\\\/\\\/marktxxl.de\\\/markt\\\/produkt\\\/com-four-juteband-geschenkband-und-paketband-aus-jute-kordel-jute-schnur-dekoband\\\/#primaryimage\"},\"thumbnailUrl\":\"https:\\\/\\\/m.media-amazon.com\\\/images\\\/I\\\/51Mmjrzcg1L._SL500_.jpg\",\"datePublished\":\"2021-12-28T21:09:53+00:00\",\"dateModified\":\"2023-04-09T00:50:45+00:00\",\"description\":\"Markt-XXL com-four\u00ae 4-teiliges Set Juteband und Baumwollschnur - Jute-Schnur zum Einpacken und Dekorieren - Kordel als Paketschnur\u2026\",\"breadcrumb\":{\"@id\":\"https:\\\/\\\/marktxxl.de\\\/markt\\\/produkt\\\/com-four-juteband-geschenkband-und-paketband-aus-jute-kordel-jute-schnur-dekoband\\\/#breadcrumb\"},\"inLanguage\":\"de\",\"potentialAction\":[{\"@type\":\"ReadAction\",\"target\":[\"https:\\\/\\\/marktxxl.de\\\/markt\\\/produkt\\\/com-four-juteband-geschenkband-und-paketband-aus-jute-kordel-jute-schnur-dekoband\\\/\"]}]},{\"@type\":\"ImageObject\",\"inLanguage\":\"de\",\"@id\":\"https:\\\/\\\/marktxxl.de\\\/markt\\\/produkt\\\/com-four-juteband-geschenkband-und-paketband-aus-jute-kordel-jute-schnur-dekoband\\\/#primaryimage\",\"url\":\"https:\\\/\\\/m.media-amazon.com\\\/images\\\/I\\\/51Mmjrzcg1L._SL500_.jpg\",\"contentUrl\":\"https:\\\/\\\/m.media-amazon.com\\\/images\\\/I\\\/51Mmjrzcg1L._SL500_.jpg\",\"width\":500,\"height\":500},{\"@type\":\"BreadcrumbList\",\"@id\":\"https:\\\/\\\/marktxxl.de\\\/markt\\\/produkt\\\/com-four-juteband-geschenkband-und-paketband-aus-jute-kordel-jute-schnur-dekoband\\\/#breadcrumb\",\"itemListElement\":[{\"@type\":\"ListItem\",\"position\":1,\"name\":\"Startseite\",\"item\":\"https:\\\/\\\/marktxxl.de\\\/markt\\\/\"},{\"@type\":\"ListItem\",\"position\":2,\"name\":\"Markt\",\"item\":\"https:\\\/\\\/marktxxl.de\\\/markt\\\/\"},{\"@type\":\"ListItem\",\"position\":3,\"name\":\"com-four\u00ae 4-teiliges Set Juteband und Baumwollschnur &#8211; Jute-Schnur zum Einpacken und Dekorieren &#8211; Kordel als Paketschnur\u2026\"}]},{\"@type\":\"WebSite\",\"@id\":\"https:\\\/\\\/marktxxl.de\\\/markt\\\/#website\",\"url\":\"https:\\\/\\\/marktxxl.de\\\/markt\\\/\",\"name\":\"Markt-XXL\",\"description\":\"Ihr Markt Online\",\"publisher\":{\"@id\":\"https:\\\/\\\/marktxxl.de\\\/markt\\\/#organization\"},\"potentialAction\":[{\"@type\":\"SearchAction\",\"target\":{\"@type\":\"EntryPoint\",\"urlTemplate\":\"https:\\\/\\\/marktxxl.de\\\/markt\\\/?s={search_term_string}\"},\"query-input\":{\"@type\":\"PropertyValueSpecification\",\"valueRequired\":true,\"valueName\":\"search_term_string\"}}],\"inLanguage\":\"de\"},{\"@type\":\"Organization\",\"@id\":\"https:\\\/\\\/marktxxl.de\\\/markt\\\/#organization\",\"name\":\"Markt-XXL\",\"url\":\"https:\\\/\\\/marktxxl.de\\\/markt\\\/\",\"logo\":{\"@type\":\"ImageObject\",\"inLanguage\":\"de\",\"@id\":\"https:\\\/\\\/marktxxl.de\\\/markt\\\/#\\\/schema\\\/logo\\\/image\\\/\",\"url\":\"https:\\\/\\\/marktxxl.de\\\/markt\\\/wp-content\\\/uploads\\\/sites\\\/3\\\/2020\\\/12\\\/logo.png\",\"contentUrl\":\"https:\\\/\\\/marktxxl.de\\\/markt\\\/wp-content\\\/uploads\\\/sites\\\/3\\\/2020\\\/12\\\/logo.png\",\"width\":200,\"height\":70,\"caption\":\"Markt-XXL\"},\"image\":{\"@id\":\"https:\\\/\\\/marktxxl.de\\\/markt\\\/#\\\/schema\\\/logo\\\/image\\\/\"}}]}<\/script>\n<!-- \/ Yoast SEO plugin. -->","yoast_head_json":{"title":"com-four\u00ae 4-teiliges Set Juteband und Baumwollschnur - Jute-Schnur zum Einpacken und Dekorieren - Kordel als Paketschnur\u2026 - Markt-XXL","description":"Markt-XXL com-four\u00ae 4-teiliges Set Juteband und Baumwollschnur - Jute-Schnur zum Einpacken und Dekorieren - Kordel als Paketschnur\u2026","robots":{"index":"index","follow":"follow","max-snippet":"max-snippet:-1","max-image-preview":"max-image-preview:large","max-video-preview":"max-video-preview:-1"},"canonical":"https:\/\/marktxxl.de\/markt\/produkt\/com-four-juteband-geschenkband-und-paketband-aus-jute-kordel-jute-schnur-dekoband\/","og_locale":"de_DE","og_type":"article","og_title":"com-four\u00ae 4-teiliges Set Juteband und Baumwollschnur - Jute-Schnur zum Einpacken und Dekorieren - Kordel als Paketschnur\u2026 - Markt-XXL","og_description":"Markt-XXL com-four\u00ae 4-teiliges Set Juteband und Baumwollschnur - Jute-Schnur zum Einpacken und Dekorieren - Kordel als Paketschnur\u2026","og_url":"https:\/\/marktxxl.de\/markt\/produkt\/com-four-juteband-geschenkband-und-paketband-aus-jute-kordel-jute-schnur-dekoband\/","og_site_name":"Markt-XXL","article_modified_time":"2023-04-09T00:50:45+00:00","og_image":[{"width":500,"height":500,"url":"https:\/\/m.media-amazon.com\/images\/I\/51Mmjrzcg1L._SL500_.jpg","type":"image\/jpeg"}],"twitter_card":"summary_large_image","twitter_misc":{"Gesch\u00e4tzte Lesezeit":"1\u00a0Minute"},"schema":{"@context":"https:\/\/schema.org","@graph":[{"@type":"WebPage","@id":"https:\/\/marktxxl.de\/markt\/produkt\/com-four-juteband-geschenkband-und-paketband-aus-jute-kordel-jute-schnur-dekoband\/","url":"https:\/\/marktxxl.de\/markt\/produkt\/com-four-juteband-geschenkband-und-paketband-aus-jute-kordel-jute-schnur-dekoband\/","name":"com-four\u00ae 4-teiliges Set Juteband und Baumwollschnur - Jute-Schnur zum Einpacken und Dekorieren - Kordel als Paketschnur\u2026 - Markt-XXL","isPartOf":{"@id":"https:\/\/marktxxl.de\/markt\/#website"},"primaryImageOfPage":{"@id":"https:\/\/marktxxl.de\/markt\/produkt\/com-four-juteband-geschenkband-und-paketband-aus-jute-kordel-jute-schnur-dekoband\/#primaryimage"},"image":{"@id":"https:\/\/marktxxl.de\/markt\/produkt\/com-four-juteband-geschenkband-und-paketband-aus-jute-kordel-jute-schnur-dekoband\/#primaryimage"},"thumbnailUrl":"https:\/\/m.media-amazon.com\/images\/I\/51Mmjrzcg1L._SL500_.jpg","datePublished":"2021-12-28T21:09:53+00:00","dateModified":"2023-04-09T00:50:45+00:00","description":"Markt-XXL com-four\u00ae 4-teiliges Set Juteband und Baumwollschnur - Jute-Schnur zum Einpacken und Dekorieren - Kordel als Paketschnur\u2026","breadcrumb":{"@id":"https:\/\/marktxxl.de\/markt\/produkt\/com-four-juteband-geschenkband-und-paketband-aus-jute-kordel-jute-schnur-dekoband\/#breadcrumb"},"inLanguage":"de","potentialAction":[{"@type":"ReadAction","target":["https:\/\/marktxxl.de\/markt\/produkt\/com-four-juteband-geschenkband-und-paketband-aus-jute-kordel-jute-schnur-dekoband\/"]}]},{"@type":"ImageObject","inLanguage":"de","@id":"https:\/\/marktxxl.de\/markt\/produkt\/com-four-juteband-geschenkband-und-paketband-aus-jute-kordel-jute-schnur-dekoband\/#primaryimage","url":"https:\/\/m.media-amazon.com\/images\/I\/51Mmjrzcg1L._SL500_.jpg","contentUrl":"https:\/\/m.media-amazon.com\/images\/I\/51Mmjrzcg1L._SL500_.jpg","width":500,"height":500},{"@type":"BreadcrumbList","@id":"https:\/\/marktxxl.de\/markt\/produkt\/com-four-juteband-geschenkband-und-paketband-aus-jute-kordel-jute-schnur-dekoband\/#breadcrumb","itemListElement":[{"@type":"ListItem","position":1,"name":"Startseite","item":"https:\/\/marktxxl.de\/markt\/"},{"@type":"ListItem","position":2,"name":"Markt","item":"https:\/\/marktxxl.de\/markt\/"},{"@type":"ListItem","position":3,"name":"com-four\u00ae 4-teiliges Set Juteband und Baumwollschnur &#8211; Jute-Schnur zum Einpacken und Dekorieren &#8211; Kordel als Paketschnur\u2026"}]},{"@type":"WebSite","@id":"https:\/\/marktxxl.de\/markt\/#website","url":"https:\/\/marktxxl.de\/markt\/","name":"Markt-XXL","description":"Ihr Markt Online","publisher":{"@id":"https:\/\/marktxxl.de\/markt\/#organization"},"potentialAction":[{"@type":"SearchAction","target":{"@type":"EntryPoint","urlTemplate":"https:\/\/marktxxl.de\/markt\/?s={search_term_string}"},"query-input":{"@type":"PropertyValueSpecification","valueRequired":true,"valueName":"search_term_string"}}],"inLanguage":"de"},{"@type":"Organization","@id":"https:\/\/marktxxl.de\/markt\/#organization","name":"Markt-XXL","url":"https:\/\/marktxxl.de\/markt\/","logo":{"@type":"ImageObject","inLanguage":"de","@id":"https:\/\/marktxxl.de\/markt\/#\/schema\/logo\/image\/","url":"https:\/\/marktxxl.de\/markt\/wp-content\/uploads\/sites\/3\/2020\/12\/logo.png","contentUrl":"https:\/\/marktxxl.de\/markt\/wp-content\/uploads\/sites\/3\/2020\/12\/logo.png","width":200,"height":70,"caption":"Markt-XXL"},"image":{"@id":"https:\/\/marktxxl.de\/markt\/#\/schema\/logo\/image\/"}}]}},"_links":{"self":[{"href":"https:\/\/marktxxl.de\/markt\/wp-json\/wp\/v2\/product\/93814","targetHints":{"allow":["GET"]}}],"collection":[{"href":"https:\/\/marktxxl.de\/markt\/wp-json\/wp\/v2\/product"}],"about":[{"href":"https:\/\/marktxxl.de\/markt\/wp-json\/wp\/v2\/types\/product"}],"replies":[{"embeddable":true,"href":"https:\/\/marktxxl.de\/markt\/wp-json\/wp\/v2\/comments?post=93814"}],"wp:featuredmedia":[{"embeddable":true,"href":"https:\/\/marktxxl.de\/markt\/wp-json\/wp\/v2\/media\/93815"}],"wp:attachment":[{"href":"https:\/\/marktxxl.de\/markt\/wp-json\/wp\/v2\/media?parent=93814"}],"wp:term":[{"taxonomy":"product_brand","embeddable":true,"href":"https:\/\/marktxxl.de\/markt\/wp-json\/wp\/v2\/product_brand?post=93814"},{"taxonomy":"product_cat","embeddable":true,"href":"https:\/\/marktxxl.de\/markt\/wp-json\/wp\/v2\/product_cat?post=93814"},{"taxonomy":"product_tag","embeddable":true,"href":"https:\/\/marktxxl.de\/markt\/wp-json\/wp\/v2\/product_tag?post=93814"}],"curies":[{"name":"wp","href":"https:\/\/api.w.org\/{rel}","templated":true}]}}