{"id":93773,"date":"2021-12-28T22:09:27","date_gmt":"2021-12-28T21:09:27","guid":{"rendered":"https:\/\/marktxxl.de\/markt\/produkt\/weihnachten-schneeflocke-lichterkette-led-batteriebetriebene-lichterkettenweihnachtslichter6m-40-led-mit-fernbedienung-8-leuchtmodi-wasserdicht-%e2%80%8bfuer-zimmer-party-balkon-diy-deko-warmweis\/"},"modified":"2023-04-11T03:14:37","modified_gmt":"2023-04-11T01:14:37","slug":"weihnachten-schneeflocke-lichterkette-led-batteriebetriebene-lichterkettenweihnachtslichter6m-40-led-mit-fernbedienung-8-leuchtmodi-wasserdicht-fuer-zimmer-party-balkon-diy-deko-warmweis","status":"publish","type":"product","link":"https:\/\/marktxxl.de\/markt\/produkt\/weihnachten-schneeflocke-lichterkette-led-batteriebetriebene-lichterkettenweihnachtslichter6m-40-led-mit-fernbedienung-8-leuchtmodi-wasserdicht-fuer-zimmer-party-balkon-diy-deko-warmweis\/","title":{"rendered":"MOOB Weihnachten Schneeflocke Lichterkette , LED Batteriebetriebene Lichterketten,Weihnachtslichter,6M 40 LED mit\u2026"},"content":{"rendered":"<p>\ud83c\udf84\u30108 Beleuchtungsmodi LED lichterkette mit Fernbedienung\u3011 8 verschiedene Lichtmodi mit Merkfunktion. Kombination, Wellenform, Aufeinanderfolgend, langsam Hell werdend, aufleuchtend, langsam verblassen, Funkeln, Leuchtend.Mit der mitgelieferten Fernbedienung k\u00f6nnen Sie die Lichter einfach ein- und ausschalten,die Helligkeit einzustellen und das Timing f\u00fcr das automatische Ein- und Ausschalten einzustellen, um eine andere Atmosph\u00e4re f\u00fcr Ihr Leben zu schaffen.<br \/>\n\ud83c\udf84\u3010Perfekte Dekorationen\u3011Die lichterkette Innen\/Au\u00dfen besteht aus 40 snowflake , der Abstand von zwei snowflake betr\u00e4gt 15cm. Lichterkette ist warmwei\u00df, was eine gem\u00fctliche und warme Atmosph\u00e4re schaffen kann.Perfekte Dekoration f\u00fcr Schlafzimmer, Party, Festival, Hochzeitsfeier, Fenster, Baum. Bringen Sie eine warme und angenehme Atmosph\u00e4re in Ihr Zuhause oder Ihre Party.<br \/>\n\ud83c\udf84\u3010Bequeme Batteriestromversorgung\u3011Keine Montage und kein Werkzeug erforderlich, Sie k\u00f6nnen problemlos die gew\u00fcnschte Form erstellen.Diese Weihnachtsbaum lichterkette wird mit 3 AA Batterien (nicht im Lieferumfang enthalten) Es kann an jedem Ort verwendet werden,an dem Sie dekorieren m\u00f6chten, ohne von Stromproblemen gest\u00f6rt zu werden. Es ist eine ideale Dekoration f\u00fcr Sie.<br \/>\n\ud83c\udf84\u3010Wasserdichte Led Lichterketten F\u00fcr Au\u00dfen\u3011Unsere warmwei\u00dfen Schneeflockenlichter und das Batteriegeh\u00e4use sind wasserdicht nach IP65 und halten das ganze Jahr \u00fcber Regen und Schnee stand. Es wird die Verwendung an regnerischen oder feuchten Tagen nicht beeintr\u00e4chtigen. Mit der geringen W\u00e4rmeemission m\u00fcssen Sie es auch bei l\u00e4ngerer Zeit nicht ber\u00fchren, da der w\u00e4rmeisolierte Draht ihn w\u00e4hrend des Gebrauchs nicht \u00fcberhitzt.<br \/>\n\ud83c\udf84\u3010Lange Lebensdauer und 12 Monate Garantie\u3011 Dank des flexiblen PVC-Kabels kann die Lichterkette einfach nach Ihren W\u00fcnschen installiert werden. Wenn Sie Fragen zu unseren Lichterketten haben, senden Sie uns bitte eine E-Mail. Wir bieten Ihnen zufriedenstellende L\u00f6sungen.<br \/>\n<div class=\"main-cross-sell\" data-asin=\"B08JHRVJ8D\">\n\n\t<div class=\"WooZone-cross-sell-loader\">\n\t\t<div>\n\t\t\t<div id=\"floatingBarsG\">\n\t\t\t\t<div class=\"blockG\" id=\"rotateG_01\"><\/div>\n\t\t\t\t<div class=\"blockG\" id=\"rotateG_02\"><\/div>\n\t\t\t\t<div class=\"blockG\" id=\"rotateG_03\"><\/div>\n\t\t\t\t<div class=\"blockG\" id=\"rotateG_04\"><\/div>\n\t\t\t\t<div class=\"blockG\" id=\"rotateG_05\"><\/div>\n\t\t\t\t<div class=\"blockG\" id=\"rotateG_06\"><\/div>\n\t\t\t\t<div class=\"blockG\" id=\"rotateG_07\"><\/div>\n\t\t\t\t<div class=\"blockG\" id=\"rotateG_08\"><\/div>\n\t\t\t<\/div>\n\t\t\t<div class=\"WooZone-cross-sell-loader-text\"><\/div>\n\t\t<\/div>\n\t<\/div>\n\n\t\t\n<\/div>\n<div style=\"clear:both;\"><\/div><\/p>\n","protected":false},"excerpt":{"rendered":"<p>\ud83c\udf84\u30108 Beleuchtungsmodi LED lichterkette mit Fernbedienung\u3011 8 verschiedene Lichtmodi mit Merkfunktion. Kombination, Wellenform, Aufeinanderfolgend, langsam Hell werdend, aufleuchtend, langsam verblassen, Funkeln, Leuchtend.Mit der mitgelieferten Fernbedienung k\u00f6nnen Sie die Lichter einfach ein- und ausschalten,die Helligkeit einzustellen und das Timing f\u00fcr das automatische Ein- und Ausschalten einzustellen, um eine andere Atmosph\u00e4re f\u00fcr Ihr Leben zu schaffen.<br \/>\n\ud83c\udf84\u3010Perfekte Dekorationen\u3011Die lichterkette Innen\/Au\u00dfen besteht aus 40 snowflake , der Abstand von zwei snowflake betr\u00e4gt 15cm. Lichterkette ist warmwei\u00df, was eine gem\u00fctliche und warme Atmosph\u00e4re schaffen kann.Perfekte Dekoration f\u00fcr Schlafzimmer, Party, Festival, Hochzeitsfeier, Fenster, Baum. Bringen Sie eine warme und angenehme Atmosph\u00e4re in Ihr Zuhause oder Ihre Party.<br \/>\n\ud83c\udf84\u3010Bequeme Batteriestromversorgung\u3011Keine Montage und kein Werkzeug erforderlich, Sie k\u00f6nnen problemlos die gew\u00fcnschte Form erstellen.Diese Weihnachtsbaum lichterkette wird mit 3 AA Batterien (nicht im Lieferumfang enthalten) Es kann an jedem Ort verwendet werden,an dem Sie dekorieren m\u00f6chten, ohne von Stromproblemen gest\u00f6rt zu werden. Es ist eine ideale Dekoration f\u00fcr Sie.<\/p>\n","protected":false},"featured_media":93774,"comment_status":"open","ping_status":"closed","template":"","meta":[],"product_brand":[],"product_cat":[2108,15622],"product_tag":[],"class_list":{"0":"post-93773","1":"product","2":"type-product","3":"status-publish","4":"has-post-thumbnail","6":"product_cat-beleuchtung","7":"product_cat-lichterketten","8":"pa_brand-moob","9":"pa_manufacturer-moob","10":"pa_weight-0-330693393-pfund","12":"first","13":"instock","14":"shipping-taxable","15":"purchasable","16":"product-type-simple","17":"customify-col","18":"product-has-gallery"},"yoast_head":"<!-- This site is optimized with the Yoast SEO plugin v27.3 - https:\/\/yoast.com\/product\/yoast-seo-wordpress\/ -->\n<title>MOOB Weihnachten Schneeflocke Lichterkette , LED Batteriebetriebene Lichterketten,Weihnachtslichter,6M 40 LED mit\u2026 - Markt-XXL<\/title>\n<meta name=\"description\" content=\"Markt-XXL MOOB Weihnachten Schneeflocke Lichterkette , LED Batteriebetriebene Lichterketten,Weihnachtslichter,6M 40 LED mit\u2026\" \/>\n<meta name=\"robots\" content=\"index, follow, max-snippet:-1, max-image-preview:large, max-video-preview:-1\" \/>\n<link rel=\"canonical\" href=\"https:\/\/marktxxl.de\/markt\/produkt\/weihnachten-schneeflocke-lichterkette-led-batteriebetriebene-lichterkettenweihnachtslichter6m-40-led-mit-fernbedienung-8-leuchtmodi-wasserdicht-fuer-zimmer-party-balkon-diy-deko-warmweis\/\" \/>\n<meta property=\"og:locale\" content=\"de_DE\" \/>\n<meta property=\"og:type\" content=\"article\" \/>\n<meta property=\"og:title\" content=\"MOOB Weihnachten Schneeflocke Lichterkette , LED Batteriebetriebene Lichterketten,Weihnachtslichter,6M 40 LED mit\u2026 - Markt-XXL\" \/>\n<meta property=\"og:description\" content=\"Markt-XXL MOOB Weihnachten Schneeflocke Lichterkette , LED Batteriebetriebene Lichterketten,Weihnachtslichter,6M 40 LED mit\u2026\" \/>\n<meta property=\"og:url\" content=\"https:\/\/marktxxl.de\/markt\/produkt\/weihnachten-schneeflocke-lichterkette-led-batteriebetriebene-lichterkettenweihnachtslichter6m-40-led-mit-fernbedienung-8-leuchtmodi-wasserdicht-fuer-zimmer-party-balkon-diy-deko-warmweis\/\" \/>\n<meta property=\"og:site_name\" content=\"Markt-XXL\" \/>\n<meta property=\"article:modified_time\" content=\"2023-04-11T01:14:37+00:00\" \/>\n<meta property=\"og:image\" content=\"https:\/\/m.media-amazon.com\/images\/I\/51mIGKTTFlL._SL500_.jpg\" \/>\n\t<meta property=\"og:image:width\" content=\"500\" \/>\n\t<meta property=\"og:image:height\" content=\"500\" \/>\n\t<meta property=\"og:image:type\" content=\"image\/jpeg\" \/>\n<meta name=\"twitter:card\" content=\"summary_large_image\" \/>\n<meta name=\"twitter:label1\" content=\"Gesch\u00e4tzte Lesezeit\" \/>\n\t<meta name=\"twitter:data1\" content=\"1\u00a0Minute\" \/>\n<script type=\"application\/ld+json\" class=\"yoast-schema-graph\">{\"@context\":\"https:\\\/\\\/schema.org\",\"@graph\":[{\"@type\":\"WebPage\",\"@id\":\"https:\\\/\\\/marktxxl.de\\\/markt\\\/produkt\\\/weihnachten-schneeflocke-lichterkette-led-batteriebetriebene-lichterkettenweihnachtslichter6m-40-led-mit-fernbedienung-8-leuchtmodi-wasserdicht-fuer-zimmer-party-balkon-diy-deko-warmweis\\\/\",\"url\":\"https:\\\/\\\/marktxxl.de\\\/markt\\\/produkt\\\/weihnachten-schneeflocke-lichterkette-led-batteriebetriebene-lichterkettenweihnachtslichter6m-40-led-mit-fernbedienung-8-leuchtmodi-wasserdicht-fuer-zimmer-party-balkon-diy-deko-warmweis\\\/\",\"name\":\"MOOB Weihnachten Schneeflocke Lichterkette , LED Batteriebetriebene Lichterketten,Weihnachtslichter,6M 40 LED mit\u2026 - Markt-XXL\",\"isPartOf\":{\"@id\":\"https:\\\/\\\/marktxxl.de\\\/markt\\\/#website\"},\"primaryImageOfPage\":{\"@id\":\"https:\\\/\\\/marktxxl.de\\\/markt\\\/produkt\\\/weihnachten-schneeflocke-lichterkette-led-batteriebetriebene-lichterkettenweihnachtslichter6m-40-led-mit-fernbedienung-8-leuchtmodi-wasserdicht-fuer-zimmer-party-balkon-diy-deko-warmweis\\\/#primaryimage\"},\"image\":{\"@id\":\"https:\\\/\\\/marktxxl.de\\\/markt\\\/produkt\\\/weihnachten-schneeflocke-lichterkette-led-batteriebetriebene-lichterkettenweihnachtslichter6m-40-led-mit-fernbedienung-8-leuchtmodi-wasserdicht-fuer-zimmer-party-balkon-diy-deko-warmweis\\\/#primaryimage\"},\"thumbnailUrl\":\"https:\\\/\\\/m.media-amazon.com\\\/images\\\/I\\\/51mIGKTTFlL._SL500_.jpg\",\"datePublished\":\"2021-12-28T21:09:27+00:00\",\"dateModified\":\"2023-04-11T01:14:37+00:00\",\"description\":\"Markt-XXL MOOB Weihnachten Schneeflocke Lichterkette , LED Batteriebetriebene Lichterketten,Weihnachtslichter,6M 40 LED mit\u2026\",\"breadcrumb\":{\"@id\":\"https:\\\/\\\/marktxxl.de\\\/markt\\\/produkt\\\/weihnachten-schneeflocke-lichterkette-led-batteriebetriebene-lichterkettenweihnachtslichter6m-40-led-mit-fernbedienung-8-leuchtmodi-wasserdicht-fuer-zimmer-party-balkon-diy-deko-warmweis\\\/#breadcrumb\"},\"inLanguage\":\"de\",\"potentialAction\":[{\"@type\":\"ReadAction\",\"target\":[\"https:\\\/\\\/marktxxl.de\\\/markt\\\/produkt\\\/weihnachten-schneeflocke-lichterkette-led-batteriebetriebene-lichterkettenweihnachtslichter6m-40-led-mit-fernbedienung-8-leuchtmodi-wasserdicht-fuer-zimmer-party-balkon-diy-deko-warmweis\\\/\"]}]},{\"@type\":\"ImageObject\",\"inLanguage\":\"de\",\"@id\":\"https:\\\/\\\/marktxxl.de\\\/markt\\\/produkt\\\/weihnachten-schneeflocke-lichterkette-led-batteriebetriebene-lichterkettenweihnachtslichter6m-40-led-mit-fernbedienung-8-leuchtmodi-wasserdicht-fuer-zimmer-party-balkon-diy-deko-warmweis\\\/#primaryimage\",\"url\":\"https:\\\/\\\/m.media-amazon.com\\\/images\\\/I\\\/51mIGKTTFlL._SL500_.jpg\",\"contentUrl\":\"https:\\\/\\\/m.media-amazon.com\\\/images\\\/I\\\/51mIGKTTFlL._SL500_.jpg\",\"width\":500,\"height\":500},{\"@type\":\"BreadcrumbList\",\"@id\":\"https:\\\/\\\/marktxxl.de\\\/markt\\\/produkt\\\/weihnachten-schneeflocke-lichterkette-led-batteriebetriebene-lichterkettenweihnachtslichter6m-40-led-mit-fernbedienung-8-leuchtmodi-wasserdicht-fuer-zimmer-party-balkon-diy-deko-warmweis\\\/#breadcrumb\",\"itemListElement\":[{\"@type\":\"ListItem\",\"position\":1,\"name\":\"Startseite\",\"item\":\"https:\\\/\\\/marktxxl.de\\\/markt\\\/\"},{\"@type\":\"ListItem\",\"position\":2,\"name\":\"Markt\",\"item\":\"https:\\\/\\\/marktxxl.de\\\/markt\\\/\"},{\"@type\":\"ListItem\",\"position\":3,\"name\":\"MOOB Weihnachten Schneeflocke Lichterkette , LED Batteriebetriebene Lichterketten,Weihnachtslichter,6M 40 LED mit\u2026\"}]},{\"@type\":\"WebSite\",\"@id\":\"https:\\\/\\\/marktxxl.de\\\/markt\\\/#website\",\"url\":\"https:\\\/\\\/marktxxl.de\\\/markt\\\/\",\"name\":\"Markt-XXL\",\"description\":\"Ihr Markt Online\",\"publisher\":{\"@id\":\"https:\\\/\\\/marktxxl.de\\\/markt\\\/#organization\"},\"potentialAction\":[{\"@type\":\"SearchAction\",\"target\":{\"@type\":\"EntryPoint\",\"urlTemplate\":\"https:\\\/\\\/marktxxl.de\\\/markt\\\/?s={search_term_string}\"},\"query-input\":{\"@type\":\"PropertyValueSpecification\",\"valueRequired\":true,\"valueName\":\"search_term_string\"}}],\"inLanguage\":\"de\"},{\"@type\":\"Organization\",\"@id\":\"https:\\\/\\\/marktxxl.de\\\/markt\\\/#organization\",\"name\":\"Markt-XXL\",\"url\":\"https:\\\/\\\/marktxxl.de\\\/markt\\\/\",\"logo\":{\"@type\":\"ImageObject\",\"inLanguage\":\"de\",\"@id\":\"https:\\\/\\\/marktxxl.de\\\/markt\\\/#\\\/schema\\\/logo\\\/image\\\/\",\"url\":\"https:\\\/\\\/marktxxl.de\\\/markt\\\/wp-content\\\/uploads\\\/sites\\\/3\\\/2020\\\/12\\\/logo.png\",\"contentUrl\":\"https:\\\/\\\/marktxxl.de\\\/markt\\\/wp-content\\\/uploads\\\/sites\\\/3\\\/2020\\\/12\\\/logo.png\",\"width\":200,\"height\":70,\"caption\":\"Markt-XXL\"},\"image\":{\"@id\":\"https:\\\/\\\/marktxxl.de\\\/markt\\\/#\\\/schema\\\/logo\\\/image\\\/\"}}]}<\/script>\n<!-- \/ Yoast SEO plugin. -->","yoast_head_json":{"title":"MOOB Weihnachten Schneeflocke Lichterkette , LED Batteriebetriebene Lichterketten,Weihnachtslichter,6M 40 LED mit\u2026 - Markt-XXL","description":"Markt-XXL MOOB Weihnachten Schneeflocke Lichterkette , LED Batteriebetriebene Lichterketten,Weihnachtslichter,6M 40 LED mit\u2026","robots":{"index":"index","follow":"follow","max-snippet":"max-snippet:-1","max-image-preview":"max-image-preview:large","max-video-preview":"max-video-preview:-1"},"canonical":"https:\/\/marktxxl.de\/markt\/produkt\/weihnachten-schneeflocke-lichterkette-led-batteriebetriebene-lichterkettenweihnachtslichter6m-40-led-mit-fernbedienung-8-leuchtmodi-wasserdicht-fuer-zimmer-party-balkon-diy-deko-warmweis\/","og_locale":"de_DE","og_type":"article","og_title":"MOOB Weihnachten Schneeflocke Lichterkette , LED Batteriebetriebene Lichterketten,Weihnachtslichter,6M 40 LED mit\u2026 - Markt-XXL","og_description":"Markt-XXL MOOB Weihnachten Schneeflocke Lichterkette , LED Batteriebetriebene Lichterketten,Weihnachtslichter,6M 40 LED mit\u2026","og_url":"https:\/\/marktxxl.de\/markt\/produkt\/weihnachten-schneeflocke-lichterkette-led-batteriebetriebene-lichterkettenweihnachtslichter6m-40-led-mit-fernbedienung-8-leuchtmodi-wasserdicht-fuer-zimmer-party-balkon-diy-deko-warmweis\/","og_site_name":"Markt-XXL","article_modified_time":"2023-04-11T01:14:37+00:00","og_image":[{"width":500,"height":500,"url":"https:\/\/m.media-amazon.com\/images\/I\/51mIGKTTFlL._SL500_.jpg","type":"image\/jpeg"}],"twitter_card":"summary_large_image","twitter_misc":{"Gesch\u00e4tzte Lesezeit":"1\u00a0Minute"},"schema":{"@context":"https:\/\/schema.org","@graph":[{"@type":"WebPage","@id":"https:\/\/marktxxl.de\/markt\/produkt\/weihnachten-schneeflocke-lichterkette-led-batteriebetriebene-lichterkettenweihnachtslichter6m-40-led-mit-fernbedienung-8-leuchtmodi-wasserdicht-fuer-zimmer-party-balkon-diy-deko-warmweis\/","url":"https:\/\/marktxxl.de\/markt\/produkt\/weihnachten-schneeflocke-lichterkette-led-batteriebetriebene-lichterkettenweihnachtslichter6m-40-led-mit-fernbedienung-8-leuchtmodi-wasserdicht-fuer-zimmer-party-balkon-diy-deko-warmweis\/","name":"MOOB Weihnachten Schneeflocke Lichterkette , LED Batteriebetriebene Lichterketten,Weihnachtslichter,6M 40 LED mit\u2026 - Markt-XXL","isPartOf":{"@id":"https:\/\/marktxxl.de\/markt\/#website"},"primaryImageOfPage":{"@id":"https:\/\/marktxxl.de\/markt\/produkt\/weihnachten-schneeflocke-lichterkette-led-batteriebetriebene-lichterkettenweihnachtslichter6m-40-led-mit-fernbedienung-8-leuchtmodi-wasserdicht-fuer-zimmer-party-balkon-diy-deko-warmweis\/#primaryimage"},"image":{"@id":"https:\/\/marktxxl.de\/markt\/produkt\/weihnachten-schneeflocke-lichterkette-led-batteriebetriebene-lichterkettenweihnachtslichter6m-40-led-mit-fernbedienung-8-leuchtmodi-wasserdicht-fuer-zimmer-party-balkon-diy-deko-warmweis\/#primaryimage"},"thumbnailUrl":"https:\/\/m.media-amazon.com\/images\/I\/51mIGKTTFlL._SL500_.jpg","datePublished":"2021-12-28T21:09:27+00:00","dateModified":"2023-04-11T01:14:37+00:00","description":"Markt-XXL MOOB Weihnachten Schneeflocke Lichterkette , LED Batteriebetriebene Lichterketten,Weihnachtslichter,6M 40 LED mit\u2026","breadcrumb":{"@id":"https:\/\/marktxxl.de\/markt\/produkt\/weihnachten-schneeflocke-lichterkette-led-batteriebetriebene-lichterkettenweihnachtslichter6m-40-led-mit-fernbedienung-8-leuchtmodi-wasserdicht-fuer-zimmer-party-balkon-diy-deko-warmweis\/#breadcrumb"},"inLanguage":"de","potentialAction":[{"@type":"ReadAction","target":["https:\/\/marktxxl.de\/markt\/produkt\/weihnachten-schneeflocke-lichterkette-led-batteriebetriebene-lichterkettenweihnachtslichter6m-40-led-mit-fernbedienung-8-leuchtmodi-wasserdicht-fuer-zimmer-party-balkon-diy-deko-warmweis\/"]}]},{"@type":"ImageObject","inLanguage":"de","@id":"https:\/\/marktxxl.de\/markt\/produkt\/weihnachten-schneeflocke-lichterkette-led-batteriebetriebene-lichterkettenweihnachtslichter6m-40-led-mit-fernbedienung-8-leuchtmodi-wasserdicht-fuer-zimmer-party-balkon-diy-deko-warmweis\/#primaryimage","url":"https:\/\/m.media-amazon.com\/images\/I\/51mIGKTTFlL._SL500_.jpg","contentUrl":"https:\/\/m.media-amazon.com\/images\/I\/51mIGKTTFlL._SL500_.jpg","width":500,"height":500},{"@type":"BreadcrumbList","@id":"https:\/\/marktxxl.de\/markt\/produkt\/weihnachten-schneeflocke-lichterkette-led-batteriebetriebene-lichterkettenweihnachtslichter6m-40-led-mit-fernbedienung-8-leuchtmodi-wasserdicht-fuer-zimmer-party-balkon-diy-deko-warmweis\/#breadcrumb","itemListElement":[{"@type":"ListItem","position":1,"name":"Startseite","item":"https:\/\/marktxxl.de\/markt\/"},{"@type":"ListItem","position":2,"name":"Markt","item":"https:\/\/marktxxl.de\/markt\/"},{"@type":"ListItem","position":3,"name":"MOOB Weihnachten Schneeflocke Lichterkette , LED Batteriebetriebene Lichterketten,Weihnachtslichter,6M 40 LED mit\u2026"}]},{"@type":"WebSite","@id":"https:\/\/marktxxl.de\/markt\/#website","url":"https:\/\/marktxxl.de\/markt\/","name":"Markt-XXL","description":"Ihr Markt Online","publisher":{"@id":"https:\/\/marktxxl.de\/markt\/#organization"},"potentialAction":[{"@type":"SearchAction","target":{"@type":"EntryPoint","urlTemplate":"https:\/\/marktxxl.de\/markt\/?s={search_term_string}"},"query-input":{"@type":"PropertyValueSpecification","valueRequired":true,"valueName":"search_term_string"}}],"inLanguage":"de"},{"@type":"Organization","@id":"https:\/\/marktxxl.de\/markt\/#organization","name":"Markt-XXL","url":"https:\/\/marktxxl.de\/markt\/","logo":{"@type":"ImageObject","inLanguage":"de","@id":"https:\/\/marktxxl.de\/markt\/#\/schema\/logo\/image\/","url":"https:\/\/marktxxl.de\/markt\/wp-content\/uploads\/sites\/3\/2020\/12\/logo.png","contentUrl":"https:\/\/marktxxl.de\/markt\/wp-content\/uploads\/sites\/3\/2020\/12\/logo.png","width":200,"height":70,"caption":"Markt-XXL"},"image":{"@id":"https:\/\/marktxxl.de\/markt\/#\/schema\/logo\/image\/"}}]}},"_links":{"self":[{"href":"https:\/\/marktxxl.de\/markt\/wp-json\/wp\/v2\/product\/93773","targetHints":{"allow":["GET"]}}],"collection":[{"href":"https:\/\/marktxxl.de\/markt\/wp-json\/wp\/v2\/product"}],"about":[{"href":"https:\/\/marktxxl.de\/markt\/wp-json\/wp\/v2\/types\/product"}],"replies":[{"embeddable":true,"href":"https:\/\/marktxxl.de\/markt\/wp-json\/wp\/v2\/comments?post=93773"}],"wp:featuredmedia":[{"embeddable":true,"href":"https:\/\/marktxxl.de\/markt\/wp-json\/wp\/v2\/media\/93774"}],"wp:attachment":[{"href":"https:\/\/marktxxl.de\/markt\/wp-json\/wp\/v2\/media?parent=93773"}],"wp:term":[{"taxonomy":"product_brand","embeddable":true,"href":"https:\/\/marktxxl.de\/markt\/wp-json\/wp\/v2\/product_brand?post=93773"},{"taxonomy":"product_cat","embeddable":true,"href":"https:\/\/marktxxl.de\/markt\/wp-json\/wp\/v2\/product_cat?post=93773"},{"taxonomy":"product_tag","embeddable":true,"href":"https:\/\/marktxxl.de\/markt\/wp-json\/wp\/v2\/product_tag?post=93773"}],"curies":[{"name":"wp","href":"https:\/\/api.w.org\/{rel}","templated":true}]}}