{"id":93675,"date":"2021-12-28T22:06:23","date_gmt":"2021-12-28T21:06:23","guid":{"rendered":"https:\/\/marktxxl.de\/markt\/produkt\/eglooh-mercurio-deluxe-schreibtischunterlage-aus-leder-elegante-naehte-blau-in-kontrast-und-rutschfester-boden-made-in-italy\/"},"modified":"2023-04-11T03:14:37","modified_gmt":"2023-04-11T01:14:37","slug":"eglooh-mercurio-deluxe-schreibtischunterlage-aus-leder-elegante-naehte-blau-in-kontrast-und-rutschfester-boden-made-in-italy","status":"publish","type":"product","link":"https:\/\/marktxxl.de\/markt\/produkt\/eglooh-mercurio-deluxe-schreibtischunterlage-aus-leder-elegante-naehte-blau-in-kontrast-und-rutschfester-boden-made-in-italy\/","title":{"rendered":"Eglooh &#8211; Mercurio Deluxe &#8211; Schreibtischunterlage aus Leder Anthrazit Grau cm 50&#215;35 &#8211; Elegante N\u00e4hte, blau in Kontrast\u2026"},"content":{"rendered":"<p>Schreibtischunterlage mit wieder aufbereitetem Leder hergestellt, in Italien von einer handwerklichen Firma produziert, die auf jede Produktivphase achtet, von dem Lederzuschnitt bis zur Verpackung.<br \/>\nElegante leichtblau &#8211; blau im Kontrast dazu N\u00e4chte, die die handwerkliche Verarbeitung des Produktes preisen und ihm etwas Klasse, Originalit\u00e4t und Eleganz geben.<br \/>\nBoden mit rutschfestem Stoff hoher Qualit\u00e4t bezieht, angenehm zu ber\u00fchren, in der Lage eine feste Halt auf jeder Fl\u00e4che \u2013 aus Holz, Metall und sogar Glass &#8211; zu versichern.<br \/>\nAls praktische Schreibtisch-Bekleidung oder als weiche Schreibfl\u00e4che zu benutzen. In den weiten Gr\u00f6\u00dfen kann sie nicht nur Tastatur und Maus beherbergen, sondern auch Gl\u00e4ser und Tassen.<br \/>\nWiderstandf\u00e4hig gegen Abnutzung und Wasser, sie sch\u00fctzt den Schreibtisch sowohl vor Getr\u00e4nkefl\u00e4chen als auch vor Tinte, wenn nur Sie einen nassen Tuch und Naturseife benutzen.<br \/>\n<div class=\"main-cross-sell\" data-asin=\"B07TKXX9PS\">\n\n\t<div class=\"WooZone-cross-sell-loader\">\n\t\t<div>\n\t\t\t<div id=\"floatingBarsG\">\n\t\t\t\t<div class=\"blockG\" id=\"rotateG_01\"><\/div>\n\t\t\t\t<div class=\"blockG\" id=\"rotateG_02\"><\/div>\n\t\t\t\t<div class=\"blockG\" id=\"rotateG_03\"><\/div>\n\t\t\t\t<div class=\"blockG\" id=\"rotateG_04\"><\/div>\n\t\t\t\t<div class=\"blockG\" id=\"rotateG_05\"><\/div>\n\t\t\t\t<div class=\"blockG\" id=\"rotateG_06\"><\/div>\n\t\t\t\t<div class=\"blockG\" id=\"rotateG_07\"><\/div>\n\t\t\t\t<div class=\"blockG\" id=\"rotateG_08\"><\/div>\n\t\t\t<\/div>\n\t\t\t<div class=\"WooZone-cross-sell-loader-text\"><\/div>\n\t\t<\/div>\n\t<\/div>\n\n\t\t\n<\/div>\n<div style=\"clear:both;\"><\/div><\/p>\n","protected":false},"excerpt":{"rendered":"<p>Schreibtischunterlage mit wieder aufbereitetem Leder hergestellt, in Italien von einer handwerklichen Firma produziert, die auf jede Produktivphase achtet, von dem Lederzuschnitt bis zur Verpackung.<br \/>\nElegante leichtblau &#8211; blau im Kontrast dazu N\u00e4chte, die die handwerkliche Verarbeitung des Produktes preisen und ihm etwas Klasse, Originalit\u00e4t und Eleganz geben.<br \/>\nBoden mit rutschfestem Stoff hoher Qualit\u00e4t bezieht, angenehm zu ber\u00fchren, in der Lage eine feste Halt auf jeder Fl\u00e4che \u2013 aus Holz, Metall und sogar Glass &#8211; zu versichern.<\/p>\n","protected":false},"featured_media":93676,"comment_status":"open","ping_status":"closed","template":"","meta":[],"product_brand":[],"product_cat":[4143,1186],"product_tag":[],"class_list":{"0":"post-93675","1":"product","2":"type-product","3":"status-publish","4":"has-post-thumbnail","6":"product_cat-arbeitskleidung-uniformen","7":"product_cat-bekleidung","8":"pa_brand-eglooh","9":"pa_manufacturer-eglooh","11":"first","12":"instock","13":"shipping-taxable","14":"purchasable","15":"product-type-simple","16":"customify-col","17":"product-has-gallery"},"yoast_head":"<!-- This site is optimized with the Yoast SEO plugin v27.4 - https:\/\/yoast.com\/product\/yoast-seo-wordpress\/ -->\n<title>Eglooh - Mercurio Deluxe - Schreibtischunterlage aus Leder Anthrazit Grau cm 50x35 - Elegante N\u00e4hte, blau in Kontrast\u2026 - Markt-XXL<\/title>\n<meta name=\"description\" content=\"Markt-XXL Eglooh - Mercurio Deluxe - Schreibtischunterlage aus Leder Anthrazit Grau cm 50x35 - Elegante N\u00e4hte, blau in Kontrast\u2026\" \/>\n<meta name=\"robots\" content=\"index, follow, max-snippet:-1, max-image-preview:large, max-video-preview:-1\" \/>\n<link rel=\"canonical\" href=\"https:\/\/marktxxl.de\/markt\/produkt\/eglooh-mercurio-deluxe-schreibtischunterlage-aus-leder-elegante-naehte-blau-in-kontrast-und-rutschfester-boden-made-in-italy\/\" \/>\n<meta property=\"og:locale\" content=\"de_DE\" \/>\n<meta property=\"og:type\" content=\"article\" \/>\n<meta property=\"og:title\" content=\"Eglooh - Mercurio Deluxe - Schreibtischunterlage aus Leder Anthrazit Grau cm 50x35 - Elegante N\u00e4hte, blau in Kontrast\u2026 - Markt-XXL\" \/>\n<meta property=\"og:description\" content=\"Markt-XXL Eglooh - Mercurio Deluxe - Schreibtischunterlage aus Leder Anthrazit Grau cm 50x35 - Elegante N\u00e4hte, blau in Kontrast\u2026\" \/>\n<meta property=\"og:url\" content=\"https:\/\/marktxxl.de\/markt\/produkt\/eglooh-mercurio-deluxe-schreibtischunterlage-aus-leder-elegante-naehte-blau-in-kontrast-und-rutschfester-boden-made-in-italy\/\" \/>\n<meta property=\"og:site_name\" content=\"Markt-XXL\" \/>\n<meta property=\"article:modified_time\" content=\"2023-04-11T01:14:37+00:00\" \/>\n<meta property=\"og:image\" content=\"https:\/\/m.media-amazon.com\/images\/I\/31qRjCyBqqL._SL500_.jpg\" \/>\n\t<meta property=\"og:image:width\" content=\"500\" \/>\n\t<meta property=\"og:image:height\" content=\"500\" \/>\n\t<meta property=\"og:image:type\" content=\"image\/jpeg\" \/>\n<meta name=\"twitter:card\" content=\"summary_large_image\" \/>\n<meta name=\"twitter:label1\" content=\"Gesch\u00e4tzte Lesezeit\" \/>\n\t<meta name=\"twitter:data1\" content=\"1\u00a0Minute\" \/>\n<script type=\"application\/ld+json\" class=\"yoast-schema-graph\">{\"@context\":\"https:\\\/\\\/schema.org\",\"@graph\":[{\"@type\":\"WebPage\",\"@id\":\"https:\\\/\\\/marktxxl.de\\\/markt\\\/produkt\\\/eglooh-mercurio-deluxe-schreibtischunterlage-aus-leder-elegante-naehte-blau-in-kontrast-und-rutschfester-boden-made-in-italy\\\/\",\"url\":\"https:\\\/\\\/marktxxl.de\\\/markt\\\/produkt\\\/eglooh-mercurio-deluxe-schreibtischunterlage-aus-leder-elegante-naehte-blau-in-kontrast-und-rutschfester-boden-made-in-italy\\\/\",\"name\":\"Eglooh - Mercurio Deluxe - Schreibtischunterlage aus Leder Anthrazit Grau cm 50x35 - Elegante N\u00e4hte, blau in Kontrast\u2026 - Markt-XXL\",\"isPartOf\":{\"@id\":\"https:\\\/\\\/marktxxl.de\\\/markt\\\/#website\"},\"primaryImageOfPage\":{\"@id\":\"https:\\\/\\\/marktxxl.de\\\/markt\\\/produkt\\\/eglooh-mercurio-deluxe-schreibtischunterlage-aus-leder-elegante-naehte-blau-in-kontrast-und-rutschfester-boden-made-in-italy\\\/#primaryimage\"},\"image\":{\"@id\":\"https:\\\/\\\/marktxxl.de\\\/markt\\\/produkt\\\/eglooh-mercurio-deluxe-schreibtischunterlage-aus-leder-elegante-naehte-blau-in-kontrast-und-rutschfester-boden-made-in-italy\\\/#primaryimage\"},\"thumbnailUrl\":\"https:\\\/\\\/m.media-amazon.com\\\/images\\\/I\\\/31qRjCyBqqL._SL500_.jpg\",\"datePublished\":\"2021-12-28T21:06:23+00:00\",\"dateModified\":\"2023-04-11T01:14:37+00:00\",\"description\":\"Markt-XXL Eglooh - Mercurio Deluxe - Schreibtischunterlage aus Leder Anthrazit Grau cm 50x35 - Elegante N\u00e4hte, blau in Kontrast\u2026\",\"breadcrumb\":{\"@id\":\"https:\\\/\\\/marktxxl.de\\\/markt\\\/produkt\\\/eglooh-mercurio-deluxe-schreibtischunterlage-aus-leder-elegante-naehte-blau-in-kontrast-und-rutschfester-boden-made-in-italy\\\/#breadcrumb\"},\"inLanguage\":\"de\",\"potentialAction\":[{\"@type\":\"ReadAction\",\"target\":[\"https:\\\/\\\/marktxxl.de\\\/markt\\\/produkt\\\/eglooh-mercurio-deluxe-schreibtischunterlage-aus-leder-elegante-naehte-blau-in-kontrast-und-rutschfester-boden-made-in-italy\\\/\"]}]},{\"@type\":\"ImageObject\",\"inLanguage\":\"de\",\"@id\":\"https:\\\/\\\/marktxxl.de\\\/markt\\\/produkt\\\/eglooh-mercurio-deluxe-schreibtischunterlage-aus-leder-elegante-naehte-blau-in-kontrast-und-rutschfester-boden-made-in-italy\\\/#primaryimage\",\"url\":\"https:\\\/\\\/m.media-amazon.com\\\/images\\\/I\\\/31qRjCyBqqL._SL500_.jpg\",\"contentUrl\":\"https:\\\/\\\/m.media-amazon.com\\\/images\\\/I\\\/31qRjCyBqqL._SL500_.jpg\",\"width\":500,\"height\":500},{\"@type\":\"BreadcrumbList\",\"@id\":\"https:\\\/\\\/marktxxl.de\\\/markt\\\/produkt\\\/eglooh-mercurio-deluxe-schreibtischunterlage-aus-leder-elegante-naehte-blau-in-kontrast-und-rutschfester-boden-made-in-italy\\\/#breadcrumb\",\"itemListElement\":[{\"@type\":\"ListItem\",\"position\":1,\"name\":\"Startseite\",\"item\":\"https:\\\/\\\/marktxxl.de\\\/markt\\\/\"},{\"@type\":\"ListItem\",\"position\":2,\"name\":\"Markt\",\"item\":\"https:\\\/\\\/marktxxl.de\\\/markt\\\/\"},{\"@type\":\"ListItem\",\"position\":3,\"name\":\"Eglooh &#8211; Mercurio Deluxe &#8211; Schreibtischunterlage aus Leder Anthrazit Grau cm 50&#215;35 &#8211; Elegante N\u00e4hte, blau in Kontrast\u2026\"}]},{\"@type\":\"WebSite\",\"@id\":\"https:\\\/\\\/marktxxl.de\\\/markt\\\/#website\",\"url\":\"https:\\\/\\\/marktxxl.de\\\/markt\\\/\",\"name\":\"Markt-XXL\",\"description\":\"Ihr Markt Online\",\"publisher\":{\"@id\":\"https:\\\/\\\/marktxxl.de\\\/markt\\\/#organization\"},\"potentialAction\":[{\"@type\":\"SearchAction\",\"target\":{\"@type\":\"EntryPoint\",\"urlTemplate\":\"https:\\\/\\\/marktxxl.de\\\/markt\\\/?s={search_term_string}\"},\"query-input\":{\"@type\":\"PropertyValueSpecification\",\"valueRequired\":true,\"valueName\":\"search_term_string\"}}],\"inLanguage\":\"de\"},{\"@type\":\"Organization\",\"@id\":\"https:\\\/\\\/marktxxl.de\\\/markt\\\/#organization\",\"name\":\"Markt-XXL\",\"url\":\"https:\\\/\\\/marktxxl.de\\\/markt\\\/\",\"logo\":{\"@type\":\"ImageObject\",\"inLanguage\":\"de\",\"@id\":\"https:\\\/\\\/marktxxl.de\\\/markt\\\/#\\\/schema\\\/logo\\\/image\\\/\",\"url\":\"https:\\\/\\\/marktxxl.de\\\/markt\\\/wp-content\\\/uploads\\\/sites\\\/3\\\/2020\\\/12\\\/logo.png\",\"contentUrl\":\"https:\\\/\\\/marktxxl.de\\\/markt\\\/wp-content\\\/uploads\\\/sites\\\/3\\\/2020\\\/12\\\/logo.png\",\"width\":200,\"height\":70,\"caption\":\"Markt-XXL\"},\"image\":{\"@id\":\"https:\\\/\\\/marktxxl.de\\\/markt\\\/#\\\/schema\\\/logo\\\/image\\\/\"}}]}<\/script>\n<!-- \/ Yoast SEO plugin. -->","yoast_head_json":{"title":"Eglooh - Mercurio Deluxe - Schreibtischunterlage aus Leder Anthrazit Grau cm 50x35 - Elegante N\u00e4hte, blau in Kontrast\u2026 - Markt-XXL","description":"Markt-XXL Eglooh - Mercurio Deluxe - Schreibtischunterlage aus Leder Anthrazit Grau cm 50x35 - Elegante N\u00e4hte, blau in Kontrast\u2026","robots":{"index":"index","follow":"follow","max-snippet":"max-snippet:-1","max-image-preview":"max-image-preview:large","max-video-preview":"max-video-preview:-1"},"canonical":"https:\/\/marktxxl.de\/markt\/produkt\/eglooh-mercurio-deluxe-schreibtischunterlage-aus-leder-elegante-naehte-blau-in-kontrast-und-rutschfester-boden-made-in-italy\/","og_locale":"de_DE","og_type":"article","og_title":"Eglooh - Mercurio Deluxe - Schreibtischunterlage aus Leder Anthrazit Grau cm 50x35 - Elegante N\u00e4hte, blau in Kontrast\u2026 - Markt-XXL","og_description":"Markt-XXL Eglooh - Mercurio Deluxe - Schreibtischunterlage aus Leder Anthrazit Grau cm 50x35 - Elegante N\u00e4hte, blau in Kontrast\u2026","og_url":"https:\/\/marktxxl.de\/markt\/produkt\/eglooh-mercurio-deluxe-schreibtischunterlage-aus-leder-elegante-naehte-blau-in-kontrast-und-rutschfester-boden-made-in-italy\/","og_site_name":"Markt-XXL","article_modified_time":"2023-04-11T01:14:37+00:00","og_image":[{"width":500,"height":500,"url":"https:\/\/m.media-amazon.com\/images\/I\/31qRjCyBqqL._SL500_.jpg","type":"image\/jpeg"}],"twitter_card":"summary_large_image","twitter_misc":{"Gesch\u00e4tzte Lesezeit":"1\u00a0Minute"},"schema":{"@context":"https:\/\/schema.org","@graph":[{"@type":"WebPage","@id":"https:\/\/marktxxl.de\/markt\/produkt\/eglooh-mercurio-deluxe-schreibtischunterlage-aus-leder-elegante-naehte-blau-in-kontrast-und-rutschfester-boden-made-in-italy\/","url":"https:\/\/marktxxl.de\/markt\/produkt\/eglooh-mercurio-deluxe-schreibtischunterlage-aus-leder-elegante-naehte-blau-in-kontrast-und-rutschfester-boden-made-in-italy\/","name":"Eglooh - Mercurio Deluxe - Schreibtischunterlage aus Leder Anthrazit Grau cm 50x35 - Elegante N\u00e4hte, blau in Kontrast\u2026 - Markt-XXL","isPartOf":{"@id":"https:\/\/marktxxl.de\/markt\/#website"},"primaryImageOfPage":{"@id":"https:\/\/marktxxl.de\/markt\/produkt\/eglooh-mercurio-deluxe-schreibtischunterlage-aus-leder-elegante-naehte-blau-in-kontrast-und-rutschfester-boden-made-in-italy\/#primaryimage"},"image":{"@id":"https:\/\/marktxxl.de\/markt\/produkt\/eglooh-mercurio-deluxe-schreibtischunterlage-aus-leder-elegante-naehte-blau-in-kontrast-und-rutschfester-boden-made-in-italy\/#primaryimage"},"thumbnailUrl":"https:\/\/m.media-amazon.com\/images\/I\/31qRjCyBqqL._SL500_.jpg","datePublished":"2021-12-28T21:06:23+00:00","dateModified":"2023-04-11T01:14:37+00:00","description":"Markt-XXL Eglooh - Mercurio Deluxe - Schreibtischunterlage aus Leder Anthrazit Grau cm 50x35 - Elegante N\u00e4hte, blau in Kontrast\u2026","breadcrumb":{"@id":"https:\/\/marktxxl.de\/markt\/produkt\/eglooh-mercurio-deluxe-schreibtischunterlage-aus-leder-elegante-naehte-blau-in-kontrast-und-rutschfester-boden-made-in-italy\/#breadcrumb"},"inLanguage":"de","potentialAction":[{"@type":"ReadAction","target":["https:\/\/marktxxl.de\/markt\/produkt\/eglooh-mercurio-deluxe-schreibtischunterlage-aus-leder-elegante-naehte-blau-in-kontrast-und-rutschfester-boden-made-in-italy\/"]}]},{"@type":"ImageObject","inLanguage":"de","@id":"https:\/\/marktxxl.de\/markt\/produkt\/eglooh-mercurio-deluxe-schreibtischunterlage-aus-leder-elegante-naehte-blau-in-kontrast-und-rutschfester-boden-made-in-italy\/#primaryimage","url":"https:\/\/m.media-amazon.com\/images\/I\/31qRjCyBqqL._SL500_.jpg","contentUrl":"https:\/\/m.media-amazon.com\/images\/I\/31qRjCyBqqL._SL500_.jpg","width":500,"height":500},{"@type":"BreadcrumbList","@id":"https:\/\/marktxxl.de\/markt\/produkt\/eglooh-mercurio-deluxe-schreibtischunterlage-aus-leder-elegante-naehte-blau-in-kontrast-und-rutschfester-boden-made-in-italy\/#breadcrumb","itemListElement":[{"@type":"ListItem","position":1,"name":"Startseite","item":"https:\/\/marktxxl.de\/markt\/"},{"@type":"ListItem","position":2,"name":"Markt","item":"https:\/\/marktxxl.de\/markt\/"},{"@type":"ListItem","position":3,"name":"Eglooh &#8211; Mercurio Deluxe &#8211; Schreibtischunterlage aus Leder Anthrazit Grau cm 50&#215;35 &#8211; Elegante N\u00e4hte, blau in Kontrast\u2026"}]},{"@type":"WebSite","@id":"https:\/\/marktxxl.de\/markt\/#website","url":"https:\/\/marktxxl.de\/markt\/","name":"Markt-XXL","description":"Ihr Markt Online","publisher":{"@id":"https:\/\/marktxxl.de\/markt\/#organization"},"potentialAction":[{"@type":"SearchAction","target":{"@type":"EntryPoint","urlTemplate":"https:\/\/marktxxl.de\/markt\/?s={search_term_string}"},"query-input":{"@type":"PropertyValueSpecification","valueRequired":true,"valueName":"search_term_string"}}],"inLanguage":"de"},{"@type":"Organization","@id":"https:\/\/marktxxl.de\/markt\/#organization","name":"Markt-XXL","url":"https:\/\/marktxxl.de\/markt\/","logo":{"@type":"ImageObject","inLanguage":"de","@id":"https:\/\/marktxxl.de\/markt\/#\/schema\/logo\/image\/","url":"https:\/\/marktxxl.de\/markt\/wp-content\/uploads\/sites\/3\/2020\/12\/logo.png","contentUrl":"https:\/\/marktxxl.de\/markt\/wp-content\/uploads\/sites\/3\/2020\/12\/logo.png","width":200,"height":70,"caption":"Markt-XXL"},"image":{"@id":"https:\/\/marktxxl.de\/markt\/#\/schema\/logo\/image\/"}}]}},"_links":{"self":[{"href":"https:\/\/marktxxl.de\/markt\/wp-json\/wp\/v2\/product\/93675","targetHints":{"allow":["GET"]}}],"collection":[{"href":"https:\/\/marktxxl.de\/markt\/wp-json\/wp\/v2\/product"}],"about":[{"href":"https:\/\/marktxxl.de\/markt\/wp-json\/wp\/v2\/types\/product"}],"replies":[{"embeddable":true,"href":"https:\/\/marktxxl.de\/markt\/wp-json\/wp\/v2\/comments?post=93675"}],"wp:featuredmedia":[{"embeddable":true,"href":"https:\/\/marktxxl.de\/markt\/wp-json\/wp\/v2\/media\/93676"}],"wp:attachment":[{"href":"https:\/\/marktxxl.de\/markt\/wp-json\/wp\/v2\/media?parent=93675"}],"wp:term":[{"taxonomy":"product_brand","embeddable":true,"href":"https:\/\/marktxxl.de\/markt\/wp-json\/wp\/v2\/product_brand?post=93675"},{"taxonomy":"product_cat","embeddable":true,"href":"https:\/\/marktxxl.de\/markt\/wp-json\/wp\/v2\/product_cat?post=93675"},{"taxonomy":"product_tag","embeddable":true,"href":"https:\/\/marktxxl.de\/markt\/wp-json\/wp\/v2\/product_tag?post=93675"}],"curies":[{"name":"wp","href":"https:\/\/api.w.org\/{rel}","templated":true}]}}