{"id":93607,"date":"2021-12-28T22:01:08","date_gmt":"2021-12-28T21:01:08","guid":{"rendered":"https:\/\/marktxxl.de\/markt\/produkt\/red-kap-herren-shorts\/"},"modified":"2023-04-11T03:14:36","modified_gmt":"2023-04-11T01:14:36","slug":"red-kap-herren-shorts","status":"publish","type":"product","link":"https:\/\/marktxxl.de\/markt\/produkt\/red-kap-herren-shorts\/","title":{"rendered":"Red Kap Herren-Shorts."},"content":{"rendered":"<p>Klassischer Komfort: Diese Arbeitsshorts sind wie ein vollst\u00e4ndiger Werkzeugkasten, ideal f\u00fcr Arbeiten in Lagerhallen, Gesch\u00e4ften, Garagen und Pflanzen, wo Biegen, Hocken und Heben erforderlich ist. Sie bieten eine Innennaht und einen elastischen Bund f\u00fcr eine volle, komfortable Bewegungsfreiheit.<br \/>\nBew\u00e4hrte und wahre Funktionalit\u00e4t: Diese Shorts sind in der Garage getestet und mit Funktionen ausgestattet, darunter einen verdeckten, kratzfesten Knopfverschluss am Bund, eine kratzfeste Cargotasche und zwei Handytaschen, sowie zwei Vordertaschen im Jeans-Stil und zwei H\u00fcfttaschen<br \/>\nAlltags-Exzellenz: Unsere Arbeitsbekleidungskollektion ist f\u00fcr die Arbeit konzipiert, die Sie jeden Tag erledigen. St\u00e4rkere N\u00e4hte Langlebigere Stoffe. Taschen an den richtigen Stellen. Mit so vielen Funktionen, die Ihnen helfen, die Arbeit zu erledigen, hat unsere Arbeitskleidung definitiv das, was sie braucht.<br \/>\nArbeitskleidung richtig gemacht: Red Kap wei\u00df alles \u00fcber &#8220;richtig gemacht&#8221;. Wir kreieren seit dem Start als Familienunternehmen im Jahr 1923 bequeme, langlebige Arbeitskleidung. Heute statten wir 16 Millionen Amerikaner aus, die ihre H\u00e4nde und Herzen auf alle Arten von Arbeiten anwenden.<br \/>\nJedes Red Kap Kleidungsst\u00fcck muss strenge Tests bestehen, um Exzellenz in Design, Technik und Konstruktion zu beweisen. Vergleichen Sie unsere Qualit\u00e4t mit \u00e4hnlichen Kleidungsst\u00fccken von Carhartt, Workrite, Goodthreads, Chefworks, Cintas, Cherokee, Magellan oder Duluth Trading Company<br \/>\n<div class=\"main-cross-sell\" data-asin=\"B00O4UZ4TE\">\n\n\t<div class=\"WooZone-cross-sell-loader\">\n\t\t<div>\n\t\t\t<div id=\"floatingBarsG\">\n\t\t\t\t<div class=\"blockG\" id=\"rotateG_01\"><\/div>\n\t\t\t\t<div class=\"blockG\" id=\"rotateG_02\"><\/div>\n\t\t\t\t<div class=\"blockG\" id=\"rotateG_03\"><\/div>\n\t\t\t\t<div class=\"blockG\" id=\"rotateG_04\"><\/div>\n\t\t\t\t<div class=\"blockG\" id=\"rotateG_05\"><\/div>\n\t\t\t\t<div class=\"blockG\" id=\"rotateG_06\"><\/div>\n\t\t\t\t<div class=\"blockG\" id=\"rotateG_07\"><\/div>\n\t\t\t\t<div class=\"blockG\" id=\"rotateG_08\"><\/div>\n\t\t\t<\/div>\n\t\t\t<div class=\"WooZone-cross-sell-loader-text\"><\/div>\n\t\t<\/div>\n\t<\/div>\n\n\t\t\n<\/div>\n<div style=\"clear:both;\"><\/div><\/p>\n","protected":false},"excerpt":{"rendered":"<p>Klassischer Komfort: Diese Arbeitsshorts sind wie ein vollst\u00e4ndiger Werkzeugkasten, ideal f\u00fcr Arbeiten in Lagerhallen, Gesch\u00e4ften, Garagen und Pflanzen, wo Biegen, Hocken und Heben erforderlich ist. Sie bieten eine Innennaht und einen elastischen Bund f\u00fcr eine volle, komfortable Bewegungsfreiheit.<br \/>\nBew\u00e4hrte und wahre Funktionalit\u00e4t: Diese Shorts sind in der Garage getestet und mit Funktionen ausgestattet, darunter einen verdeckten, kratzfesten Knopfverschluss am Bund, eine kratzfeste Cargotasche und zwei Handytaschen, sowie zwei Vordertaschen im Jeans-Stil und zwei H\u00fcfttaschen<br \/>\nAlltags-Exzellenz: Unsere Arbeitsbekleidungskollektion ist f\u00fcr die Arbeit konzipiert, die Sie jeden Tag erledigen. St\u00e4rkere N\u00e4hte Langlebigere Stoffe. Taschen an den richtigen Stellen. Mit so vielen Funktionen, die Ihnen helfen, die Arbeit zu erledigen, hat unsere Arbeitskleidung definitiv das, was sie braucht.<\/p>\n","protected":false},"featured_media":93608,"comment_status":"open","ping_status":"closed","template":"","meta":[],"product_brand":[],"product_cat":[4143,1186],"product_tag":[],"class_list":{"0":"post-93607","1":"product","2":"type-product","3":"status-publish","4":"has-post-thumbnail","6":"product_cat-arbeitskleidung-uniformen","7":"product_cat-bekleidung","8":"pa_binding-textilien","9":"pa_brand-red-kap","10":"pa_manufacturer-vf-imagewear-inc","11":"pa_model-pt4a","13":"first","14":"instock","15":"shipping-taxable","16":"purchasable","17":"product-type-simple","18":"customify-col","19":"product-has-gallery"},"yoast_head":"<!-- This site is optimized with the Yoast SEO plugin v27.3 - https:\/\/yoast.com\/product\/yoast-seo-wordpress\/ -->\n<title>Red Kap Herren-Shorts. - Markt-XXL<\/title>\n<meta name=\"description\" content=\"Markt-XXL Red Kap Herren-Shorts.\" \/>\n<meta name=\"robots\" content=\"index, follow, max-snippet:-1, max-image-preview:large, max-video-preview:-1\" \/>\n<link rel=\"canonical\" href=\"https:\/\/marktxxl.de\/markt\/produkt\/red-kap-herren-shorts\/\" \/>\n<meta property=\"og:locale\" content=\"de_DE\" \/>\n<meta property=\"og:type\" content=\"article\" \/>\n<meta property=\"og:title\" content=\"Red Kap Herren-Shorts. - Markt-XXL\" \/>\n<meta property=\"og:description\" content=\"Markt-XXL Red Kap Herren-Shorts.\" \/>\n<meta property=\"og:url\" content=\"https:\/\/marktxxl.de\/markt\/produkt\/red-kap-herren-shorts\/\" \/>\n<meta property=\"og:site_name\" content=\"Markt-XXL\" \/>\n<meta property=\"article:modified_time\" content=\"2023-04-11T01:14:36+00:00\" \/>\n<meta property=\"og:image\" content=\"https:\/\/m.media-amazon.com\/images\/I\/41xBZlm5mQL._SL500_.jpg\" \/>\n\t<meta property=\"og:image:width\" content=\"500\" \/>\n\t<meta property=\"og:image:height\" content=\"500\" \/>\n\t<meta property=\"og:image:type\" content=\"image\/jpeg\" \/>\n<meta name=\"twitter:card\" content=\"summary_large_image\" \/>\n<meta name=\"twitter:label1\" content=\"Gesch\u00e4tzte Lesezeit\" \/>\n\t<meta name=\"twitter:data1\" content=\"1\u00a0Minute\" \/>\n<script type=\"application\/ld+json\" class=\"yoast-schema-graph\">{\"@context\":\"https:\\\/\\\/schema.org\",\"@graph\":[{\"@type\":\"WebPage\",\"@id\":\"https:\\\/\\\/marktxxl.de\\\/markt\\\/produkt\\\/red-kap-herren-shorts\\\/\",\"url\":\"https:\\\/\\\/marktxxl.de\\\/markt\\\/produkt\\\/red-kap-herren-shorts\\\/\",\"name\":\"Red Kap Herren-Shorts. - Markt-XXL\",\"isPartOf\":{\"@id\":\"https:\\\/\\\/marktxxl.de\\\/markt\\\/#website\"},\"primaryImageOfPage\":{\"@id\":\"https:\\\/\\\/marktxxl.de\\\/markt\\\/produkt\\\/red-kap-herren-shorts\\\/#primaryimage\"},\"image\":{\"@id\":\"https:\\\/\\\/marktxxl.de\\\/markt\\\/produkt\\\/red-kap-herren-shorts\\\/#primaryimage\"},\"thumbnailUrl\":\"https:\\\/\\\/m.media-amazon.com\\\/images\\\/I\\\/41xBZlm5mQL._SL500_.jpg\",\"datePublished\":\"2021-12-28T21:01:08+00:00\",\"dateModified\":\"2023-04-11T01:14:36+00:00\",\"description\":\"Markt-XXL Red Kap Herren-Shorts.\",\"breadcrumb\":{\"@id\":\"https:\\\/\\\/marktxxl.de\\\/markt\\\/produkt\\\/red-kap-herren-shorts\\\/#breadcrumb\"},\"inLanguage\":\"de\",\"potentialAction\":[{\"@type\":\"ReadAction\",\"target\":[\"https:\\\/\\\/marktxxl.de\\\/markt\\\/produkt\\\/red-kap-herren-shorts\\\/\"]}]},{\"@type\":\"ImageObject\",\"inLanguage\":\"de\",\"@id\":\"https:\\\/\\\/marktxxl.de\\\/markt\\\/produkt\\\/red-kap-herren-shorts\\\/#primaryimage\",\"url\":\"https:\\\/\\\/m.media-amazon.com\\\/images\\\/I\\\/41xBZlm5mQL._SL500_.jpg\",\"contentUrl\":\"https:\\\/\\\/m.media-amazon.com\\\/images\\\/I\\\/41xBZlm5mQL._SL500_.jpg\",\"width\":500,\"height\":500},{\"@type\":\"BreadcrumbList\",\"@id\":\"https:\\\/\\\/marktxxl.de\\\/markt\\\/produkt\\\/red-kap-herren-shorts\\\/#breadcrumb\",\"itemListElement\":[{\"@type\":\"ListItem\",\"position\":1,\"name\":\"Startseite\",\"item\":\"https:\\\/\\\/marktxxl.de\\\/markt\\\/\"},{\"@type\":\"ListItem\",\"position\":2,\"name\":\"Markt\",\"item\":\"https:\\\/\\\/marktxxl.de\\\/markt\\\/\"},{\"@type\":\"ListItem\",\"position\":3,\"name\":\"Red Kap Herren-Shorts.\"}]},{\"@type\":\"WebSite\",\"@id\":\"https:\\\/\\\/marktxxl.de\\\/markt\\\/#website\",\"url\":\"https:\\\/\\\/marktxxl.de\\\/markt\\\/\",\"name\":\"Markt-XXL\",\"description\":\"Ihr Markt Online\",\"publisher\":{\"@id\":\"https:\\\/\\\/marktxxl.de\\\/markt\\\/#organization\"},\"potentialAction\":[{\"@type\":\"SearchAction\",\"target\":{\"@type\":\"EntryPoint\",\"urlTemplate\":\"https:\\\/\\\/marktxxl.de\\\/markt\\\/?s={search_term_string}\"},\"query-input\":{\"@type\":\"PropertyValueSpecification\",\"valueRequired\":true,\"valueName\":\"search_term_string\"}}],\"inLanguage\":\"de\"},{\"@type\":\"Organization\",\"@id\":\"https:\\\/\\\/marktxxl.de\\\/markt\\\/#organization\",\"name\":\"Markt-XXL\",\"url\":\"https:\\\/\\\/marktxxl.de\\\/markt\\\/\",\"logo\":{\"@type\":\"ImageObject\",\"inLanguage\":\"de\",\"@id\":\"https:\\\/\\\/marktxxl.de\\\/markt\\\/#\\\/schema\\\/logo\\\/image\\\/\",\"url\":\"https:\\\/\\\/marktxxl.de\\\/markt\\\/wp-content\\\/uploads\\\/sites\\\/3\\\/2020\\\/12\\\/logo.png\",\"contentUrl\":\"https:\\\/\\\/marktxxl.de\\\/markt\\\/wp-content\\\/uploads\\\/sites\\\/3\\\/2020\\\/12\\\/logo.png\",\"width\":200,\"height\":70,\"caption\":\"Markt-XXL\"},\"image\":{\"@id\":\"https:\\\/\\\/marktxxl.de\\\/markt\\\/#\\\/schema\\\/logo\\\/image\\\/\"}}]}<\/script>\n<!-- \/ Yoast SEO plugin. -->","yoast_head_json":{"title":"Red Kap Herren-Shorts. - Markt-XXL","description":"Markt-XXL Red Kap Herren-Shorts.","robots":{"index":"index","follow":"follow","max-snippet":"max-snippet:-1","max-image-preview":"max-image-preview:large","max-video-preview":"max-video-preview:-1"},"canonical":"https:\/\/marktxxl.de\/markt\/produkt\/red-kap-herren-shorts\/","og_locale":"de_DE","og_type":"article","og_title":"Red Kap Herren-Shorts. - Markt-XXL","og_description":"Markt-XXL Red Kap Herren-Shorts.","og_url":"https:\/\/marktxxl.de\/markt\/produkt\/red-kap-herren-shorts\/","og_site_name":"Markt-XXL","article_modified_time":"2023-04-11T01:14:36+00:00","og_image":[{"width":500,"height":500,"url":"https:\/\/m.media-amazon.com\/images\/I\/41xBZlm5mQL._SL500_.jpg","type":"image\/jpeg"}],"twitter_card":"summary_large_image","twitter_misc":{"Gesch\u00e4tzte Lesezeit":"1\u00a0Minute"},"schema":{"@context":"https:\/\/schema.org","@graph":[{"@type":"WebPage","@id":"https:\/\/marktxxl.de\/markt\/produkt\/red-kap-herren-shorts\/","url":"https:\/\/marktxxl.de\/markt\/produkt\/red-kap-herren-shorts\/","name":"Red Kap Herren-Shorts. - Markt-XXL","isPartOf":{"@id":"https:\/\/marktxxl.de\/markt\/#website"},"primaryImageOfPage":{"@id":"https:\/\/marktxxl.de\/markt\/produkt\/red-kap-herren-shorts\/#primaryimage"},"image":{"@id":"https:\/\/marktxxl.de\/markt\/produkt\/red-kap-herren-shorts\/#primaryimage"},"thumbnailUrl":"https:\/\/m.media-amazon.com\/images\/I\/41xBZlm5mQL._SL500_.jpg","datePublished":"2021-12-28T21:01:08+00:00","dateModified":"2023-04-11T01:14:36+00:00","description":"Markt-XXL Red Kap Herren-Shorts.","breadcrumb":{"@id":"https:\/\/marktxxl.de\/markt\/produkt\/red-kap-herren-shorts\/#breadcrumb"},"inLanguage":"de","potentialAction":[{"@type":"ReadAction","target":["https:\/\/marktxxl.de\/markt\/produkt\/red-kap-herren-shorts\/"]}]},{"@type":"ImageObject","inLanguage":"de","@id":"https:\/\/marktxxl.de\/markt\/produkt\/red-kap-herren-shorts\/#primaryimage","url":"https:\/\/m.media-amazon.com\/images\/I\/41xBZlm5mQL._SL500_.jpg","contentUrl":"https:\/\/m.media-amazon.com\/images\/I\/41xBZlm5mQL._SL500_.jpg","width":500,"height":500},{"@type":"BreadcrumbList","@id":"https:\/\/marktxxl.de\/markt\/produkt\/red-kap-herren-shorts\/#breadcrumb","itemListElement":[{"@type":"ListItem","position":1,"name":"Startseite","item":"https:\/\/marktxxl.de\/markt\/"},{"@type":"ListItem","position":2,"name":"Markt","item":"https:\/\/marktxxl.de\/markt\/"},{"@type":"ListItem","position":3,"name":"Red Kap Herren-Shorts."}]},{"@type":"WebSite","@id":"https:\/\/marktxxl.de\/markt\/#website","url":"https:\/\/marktxxl.de\/markt\/","name":"Markt-XXL","description":"Ihr Markt Online","publisher":{"@id":"https:\/\/marktxxl.de\/markt\/#organization"},"potentialAction":[{"@type":"SearchAction","target":{"@type":"EntryPoint","urlTemplate":"https:\/\/marktxxl.de\/markt\/?s={search_term_string}"},"query-input":{"@type":"PropertyValueSpecification","valueRequired":true,"valueName":"search_term_string"}}],"inLanguage":"de"},{"@type":"Organization","@id":"https:\/\/marktxxl.de\/markt\/#organization","name":"Markt-XXL","url":"https:\/\/marktxxl.de\/markt\/","logo":{"@type":"ImageObject","inLanguage":"de","@id":"https:\/\/marktxxl.de\/markt\/#\/schema\/logo\/image\/","url":"https:\/\/marktxxl.de\/markt\/wp-content\/uploads\/sites\/3\/2020\/12\/logo.png","contentUrl":"https:\/\/marktxxl.de\/markt\/wp-content\/uploads\/sites\/3\/2020\/12\/logo.png","width":200,"height":70,"caption":"Markt-XXL"},"image":{"@id":"https:\/\/marktxxl.de\/markt\/#\/schema\/logo\/image\/"}}]}},"_links":{"self":[{"href":"https:\/\/marktxxl.de\/markt\/wp-json\/wp\/v2\/product\/93607","targetHints":{"allow":["GET"]}}],"collection":[{"href":"https:\/\/marktxxl.de\/markt\/wp-json\/wp\/v2\/product"}],"about":[{"href":"https:\/\/marktxxl.de\/markt\/wp-json\/wp\/v2\/types\/product"}],"replies":[{"embeddable":true,"href":"https:\/\/marktxxl.de\/markt\/wp-json\/wp\/v2\/comments?post=93607"}],"wp:featuredmedia":[{"embeddable":true,"href":"https:\/\/marktxxl.de\/markt\/wp-json\/wp\/v2\/media\/93608"}],"wp:attachment":[{"href":"https:\/\/marktxxl.de\/markt\/wp-json\/wp\/v2\/media?parent=93607"}],"wp:term":[{"taxonomy":"product_brand","embeddable":true,"href":"https:\/\/marktxxl.de\/markt\/wp-json\/wp\/v2\/product_brand?post=93607"},{"taxonomy":"product_cat","embeddable":true,"href":"https:\/\/marktxxl.de\/markt\/wp-json\/wp\/v2\/product_cat?post=93607"},{"taxonomy":"product_tag","embeddable":true,"href":"https:\/\/marktxxl.de\/markt\/wp-json\/wp\/v2\/product_tag?post=93607"}],"curies":[{"name":"wp","href":"https:\/\/api.w.org\/{rel}","templated":true}]}}