{"id":93415,"date":"2021-12-28T21:51:05","date_gmt":"2021-12-28T20:51:05","guid":{"rendered":"https:\/\/marktxxl.de\/markt\/produkt\/eulla-jungen-schlafanzug-set-neuheit-cartoon-dinosaurier-bagger-nachtwaesche-kurzarm-pyjamas-outfit\/"},"modified":"2023-04-11T03:14:33","modified_gmt":"2023-04-11T01:14:33","slug":"eulla-jungen-schlafanzug-set-neuheit-cartoon-dinosaurier-bagger-nachtwaesche-kurzarm-pyjamas-outfit","status":"publish","type":"product","link":"https:\/\/marktxxl.de\/markt\/produkt\/eulla-jungen-schlafanzug-set-neuheit-cartoon-dinosaurier-bagger-nachtwaesche-kurzarm-pyjamas-outfit\/","title":{"rendered":"EULLA Jungen Schlafanzug Set Neuheit Cartoon Dinosaurier Bagger Nachtw\u00e4sche Kurzarm Pyjamas Outfit"},"content":{"rendered":"<p>\u3010Hohe Qualit\u00e4t\u3011: Der EULLA Schlafanzug Jungen kurz aus 100% Baumwolle, bequem und atmungsaktiv, weiches Gef\u00fchl, nat\u00fcrliche Baumwolle sch\u00fctzen die zarte Haut des Babys.<br \/>\n\u3010S\u00fc\u00dfes Muster\u3011:Der EULLA Jungen Schlafanzug kurzer sind viele s\u00fc\u00dfe Jungen Gunst-Muster entworfen,einschlie\u00dflich Dinosaurier,Bagger, Raumfahre, Traktor, Flugzeuge,Hai,modern und stilvoll, der Liebling des Kindes.<br \/>\n\u3010Exquisite Verarbeitung\u3011: Schlafanzug Kurz Jungen, gut bedruckt, das Muster verblasst nicht. Rundhalsausschnitt zum einfachen An- und Ausziehen. Elastischer Bund zum einfachen An- und Ausziehen, rutschfest und schmerzfrei.<br \/>\n\u3010Gr\u00f6\u00dfentipps\u3011: Der Schlafanzug f\u00fcr Jungen kurze im Alter von 1-7 Jahren, einschlie\u00dflich Gr\u00f6\u00dfe 92 98 104 110 116 122. Wenn Ihre Kinder st\u00e4rker oder gr\u00f6\u00dfer als der Durchschnitt sind, ziehen Sie bitte eine Gr\u00f6\u00dfe gr\u00f6\u00dfer in Betracht.<br \/>\n\u3010Gelegenheit\u3011:Dieser Sommer Schlafanzug Kinder Kurz ist perfekt f\u00fcr Kleinkinder im Alltag, Schlafanz\u00fcge, Freizeitkleidung, Sportbekleidung im Sommer oder Fr\u00fchling oder f\u00fcr besondere Anl\u00e4sse wie Ostern, Schule, Geschenk zum Geburtstag, Party, Muttertag, Vatertag usw.<br \/>\n<div class=\"main-cross-sell\" data-asin=\"B07QMPW6MS\">\n\n\t<div class=\"WooZone-cross-sell-loader\">\n\t\t<div>\n\t\t\t<div id=\"floatingBarsG\">\n\t\t\t\t<div class=\"blockG\" id=\"rotateG_01\"><\/div>\n\t\t\t\t<div class=\"blockG\" id=\"rotateG_02\"><\/div>\n\t\t\t\t<div class=\"blockG\" id=\"rotateG_03\"><\/div>\n\t\t\t\t<div class=\"blockG\" id=\"rotateG_04\"><\/div>\n\t\t\t\t<div class=\"blockG\" id=\"rotateG_05\"><\/div>\n\t\t\t\t<div class=\"blockG\" id=\"rotateG_06\"><\/div>\n\t\t\t\t<div class=\"blockG\" id=\"rotateG_07\"><\/div>\n\t\t\t\t<div class=\"blockG\" id=\"rotateG_08\"><\/div>\n\t\t\t<\/div>\n\t\t\t<div class=\"WooZone-cross-sell-loader-text\"><\/div>\n\t\t<\/div>\n\t<\/div>\n\n\t\t\n<\/div>\n<div style=\"clear:both;\"><\/div><\/p>\n","protected":false},"excerpt":{"rendered":"<p>\u3010Hohe Qualit\u00e4t\u3011: Der EULLA Schlafanzug Jungen kurz aus 100% Baumwolle, bequem und atmungsaktiv, weiches Gef\u00fchl, nat\u00fcrliche Baumwolle sch\u00fctzen die zarte Haut des Babys.<br \/>\n\u3010S\u00fc\u00dfes Muster\u3011:Der EULLA Jungen Schlafanzug kurzer sind viele s\u00fc\u00dfe Jungen Gunst-Muster entworfen,einschlie\u00dflich Dinosaurier,Bagger, Raumfahre, Traktor, Flugzeuge,Hai,modern und stilvoll, der Liebling des Kindes.<br \/>\n\u3010Exquisite Verarbeitung\u3011: Schlafanzug Kurz Jungen, gut bedruckt, das Muster verblasst nicht. Rundhalsausschnitt zum einfachen An- und Ausziehen. Elastischer Bund zum einfachen An- und Ausziehen, rutschfest und schmerzfrei.<\/p>\n","protected":false},"featured_media":93416,"comment_status":"open","ping_status":"closed","template":"","meta":[],"product_brand":[],"product_cat":[1186,4034],"product_tag":[],"class_list":{"0":"post-93415","1":"product","2":"type-product","3":"status-publish","4":"has-post-thumbnail","6":"product_cat-bekleidung","7":"product_cat-jungen","8":"pa_brand-eulla","10":"first","11":"instock","12":"shipping-taxable","13":"purchasable","14":"product-type-simple","15":"customify-col","16":"product-has-gallery"},"yoast_head":"<!-- This site is optimized with the Yoast SEO plugin v27.4 - https:\/\/yoast.com\/product\/yoast-seo-wordpress\/ -->\n<title>EULLA Jungen Schlafanzug Set Neuheit Cartoon Dinosaurier Bagger Nachtw\u00e4sche Kurzarm Pyjamas Outfit - Markt-XXL<\/title>\n<meta name=\"description\" content=\"Markt-XXL EULLA Jungen Schlafanzug Set Neuheit Cartoon Dinosaurier Bagger Nachtw\u00e4sche Kurzarm Pyjamas Outfit\" \/>\n<meta name=\"robots\" content=\"index, follow, max-snippet:-1, max-image-preview:large, max-video-preview:-1\" \/>\n<link rel=\"canonical\" href=\"https:\/\/marktxxl.de\/markt\/produkt\/eulla-jungen-schlafanzug-set-neuheit-cartoon-dinosaurier-bagger-nachtwaesche-kurzarm-pyjamas-outfit\/\" \/>\n<meta property=\"og:locale\" content=\"de_DE\" \/>\n<meta property=\"og:type\" content=\"article\" \/>\n<meta property=\"og:title\" content=\"EULLA Jungen Schlafanzug Set Neuheit Cartoon Dinosaurier Bagger Nachtw\u00e4sche Kurzarm Pyjamas Outfit - Markt-XXL\" \/>\n<meta property=\"og:description\" content=\"Markt-XXL EULLA Jungen Schlafanzug Set Neuheit Cartoon Dinosaurier Bagger Nachtw\u00e4sche Kurzarm Pyjamas Outfit\" \/>\n<meta property=\"og:url\" content=\"https:\/\/marktxxl.de\/markt\/produkt\/eulla-jungen-schlafanzug-set-neuheit-cartoon-dinosaurier-bagger-nachtwaesche-kurzarm-pyjamas-outfit\/\" \/>\n<meta property=\"og:site_name\" content=\"Markt-XXL\" \/>\n<meta property=\"article:modified_time\" content=\"2023-04-11T01:14:33+00:00\" \/>\n<meta property=\"og:image\" content=\"https:\/\/m.media-amazon.com\/images\/I\/51rG1uXFxbL._SL500_.jpg\" \/>\n\t<meta property=\"og:image:width\" content=\"492\" \/>\n\t<meta property=\"og:image:height\" content=\"500\" \/>\n\t<meta property=\"og:image:type\" content=\"image\/jpeg\" \/>\n<meta name=\"twitter:card\" content=\"summary_large_image\" \/>\n<meta name=\"twitter:label1\" content=\"Gesch\u00e4tzte Lesezeit\" \/>\n\t<meta name=\"twitter:data1\" content=\"1\u00a0Minute\" \/>\n<script type=\"application\/ld+json\" class=\"yoast-schema-graph\">{\"@context\":\"https:\\\/\\\/schema.org\",\"@graph\":[{\"@type\":\"WebPage\",\"@id\":\"https:\\\/\\\/marktxxl.de\\\/markt\\\/produkt\\\/eulla-jungen-schlafanzug-set-neuheit-cartoon-dinosaurier-bagger-nachtwaesche-kurzarm-pyjamas-outfit\\\/\",\"url\":\"https:\\\/\\\/marktxxl.de\\\/markt\\\/produkt\\\/eulla-jungen-schlafanzug-set-neuheit-cartoon-dinosaurier-bagger-nachtwaesche-kurzarm-pyjamas-outfit\\\/\",\"name\":\"EULLA Jungen Schlafanzug Set Neuheit Cartoon Dinosaurier Bagger Nachtw\u00e4sche Kurzarm Pyjamas Outfit - Markt-XXL\",\"isPartOf\":{\"@id\":\"https:\\\/\\\/marktxxl.de\\\/markt\\\/#website\"},\"primaryImageOfPage\":{\"@id\":\"https:\\\/\\\/marktxxl.de\\\/markt\\\/produkt\\\/eulla-jungen-schlafanzug-set-neuheit-cartoon-dinosaurier-bagger-nachtwaesche-kurzarm-pyjamas-outfit\\\/#primaryimage\"},\"image\":{\"@id\":\"https:\\\/\\\/marktxxl.de\\\/markt\\\/produkt\\\/eulla-jungen-schlafanzug-set-neuheit-cartoon-dinosaurier-bagger-nachtwaesche-kurzarm-pyjamas-outfit\\\/#primaryimage\"},\"thumbnailUrl\":\"https:\\\/\\\/m.media-amazon.com\\\/images\\\/I\\\/51rG1uXFxbL._SL500_.jpg\",\"datePublished\":\"2021-12-28T20:51:05+00:00\",\"dateModified\":\"2023-04-11T01:14:33+00:00\",\"description\":\"Markt-XXL EULLA Jungen Schlafanzug Set Neuheit Cartoon Dinosaurier Bagger Nachtw\u00e4sche Kurzarm Pyjamas Outfit\",\"breadcrumb\":{\"@id\":\"https:\\\/\\\/marktxxl.de\\\/markt\\\/produkt\\\/eulla-jungen-schlafanzug-set-neuheit-cartoon-dinosaurier-bagger-nachtwaesche-kurzarm-pyjamas-outfit\\\/#breadcrumb\"},\"inLanguage\":\"de\",\"potentialAction\":[{\"@type\":\"ReadAction\",\"target\":[\"https:\\\/\\\/marktxxl.de\\\/markt\\\/produkt\\\/eulla-jungen-schlafanzug-set-neuheit-cartoon-dinosaurier-bagger-nachtwaesche-kurzarm-pyjamas-outfit\\\/\"]}]},{\"@type\":\"ImageObject\",\"inLanguage\":\"de\",\"@id\":\"https:\\\/\\\/marktxxl.de\\\/markt\\\/produkt\\\/eulla-jungen-schlafanzug-set-neuheit-cartoon-dinosaurier-bagger-nachtwaesche-kurzarm-pyjamas-outfit\\\/#primaryimage\",\"url\":\"https:\\\/\\\/m.media-amazon.com\\\/images\\\/I\\\/51rG1uXFxbL._SL500_.jpg\",\"contentUrl\":\"https:\\\/\\\/m.media-amazon.com\\\/images\\\/I\\\/51rG1uXFxbL._SL500_.jpg\",\"width\":492,\"height\":500},{\"@type\":\"BreadcrumbList\",\"@id\":\"https:\\\/\\\/marktxxl.de\\\/markt\\\/produkt\\\/eulla-jungen-schlafanzug-set-neuheit-cartoon-dinosaurier-bagger-nachtwaesche-kurzarm-pyjamas-outfit\\\/#breadcrumb\",\"itemListElement\":[{\"@type\":\"ListItem\",\"position\":1,\"name\":\"Startseite\",\"item\":\"https:\\\/\\\/marktxxl.de\\\/markt\\\/\"},{\"@type\":\"ListItem\",\"position\":2,\"name\":\"Markt\",\"item\":\"https:\\\/\\\/marktxxl.de\\\/markt\\\/\"},{\"@type\":\"ListItem\",\"position\":3,\"name\":\"EULLA Jungen Schlafanzug Set Neuheit Cartoon Dinosaurier Bagger Nachtw\u00e4sche Kurzarm Pyjamas Outfit\"}]},{\"@type\":\"WebSite\",\"@id\":\"https:\\\/\\\/marktxxl.de\\\/markt\\\/#website\",\"url\":\"https:\\\/\\\/marktxxl.de\\\/markt\\\/\",\"name\":\"Markt-XXL\",\"description\":\"Ihr Markt Online\",\"publisher\":{\"@id\":\"https:\\\/\\\/marktxxl.de\\\/markt\\\/#organization\"},\"potentialAction\":[{\"@type\":\"SearchAction\",\"target\":{\"@type\":\"EntryPoint\",\"urlTemplate\":\"https:\\\/\\\/marktxxl.de\\\/markt\\\/?s={search_term_string}\"},\"query-input\":{\"@type\":\"PropertyValueSpecification\",\"valueRequired\":true,\"valueName\":\"search_term_string\"}}],\"inLanguage\":\"de\"},{\"@type\":\"Organization\",\"@id\":\"https:\\\/\\\/marktxxl.de\\\/markt\\\/#organization\",\"name\":\"Markt-XXL\",\"url\":\"https:\\\/\\\/marktxxl.de\\\/markt\\\/\",\"logo\":{\"@type\":\"ImageObject\",\"inLanguage\":\"de\",\"@id\":\"https:\\\/\\\/marktxxl.de\\\/markt\\\/#\\\/schema\\\/logo\\\/image\\\/\",\"url\":\"https:\\\/\\\/marktxxl.de\\\/markt\\\/wp-content\\\/uploads\\\/sites\\\/3\\\/2020\\\/12\\\/logo.png\",\"contentUrl\":\"https:\\\/\\\/marktxxl.de\\\/markt\\\/wp-content\\\/uploads\\\/sites\\\/3\\\/2020\\\/12\\\/logo.png\",\"width\":200,\"height\":70,\"caption\":\"Markt-XXL\"},\"image\":{\"@id\":\"https:\\\/\\\/marktxxl.de\\\/markt\\\/#\\\/schema\\\/logo\\\/image\\\/\"}}]}<\/script>\n<!-- \/ Yoast SEO plugin. -->","yoast_head_json":{"title":"EULLA Jungen Schlafanzug Set Neuheit Cartoon Dinosaurier Bagger Nachtw\u00e4sche Kurzarm Pyjamas Outfit - Markt-XXL","description":"Markt-XXL EULLA Jungen Schlafanzug Set Neuheit Cartoon Dinosaurier Bagger Nachtw\u00e4sche Kurzarm Pyjamas Outfit","robots":{"index":"index","follow":"follow","max-snippet":"max-snippet:-1","max-image-preview":"max-image-preview:large","max-video-preview":"max-video-preview:-1"},"canonical":"https:\/\/marktxxl.de\/markt\/produkt\/eulla-jungen-schlafanzug-set-neuheit-cartoon-dinosaurier-bagger-nachtwaesche-kurzarm-pyjamas-outfit\/","og_locale":"de_DE","og_type":"article","og_title":"EULLA Jungen Schlafanzug Set Neuheit Cartoon Dinosaurier Bagger Nachtw\u00e4sche Kurzarm Pyjamas Outfit - Markt-XXL","og_description":"Markt-XXL EULLA Jungen Schlafanzug Set Neuheit Cartoon Dinosaurier Bagger Nachtw\u00e4sche Kurzarm Pyjamas Outfit","og_url":"https:\/\/marktxxl.de\/markt\/produkt\/eulla-jungen-schlafanzug-set-neuheit-cartoon-dinosaurier-bagger-nachtwaesche-kurzarm-pyjamas-outfit\/","og_site_name":"Markt-XXL","article_modified_time":"2023-04-11T01:14:33+00:00","og_image":[{"width":492,"height":500,"url":"https:\/\/m.media-amazon.com\/images\/I\/51rG1uXFxbL._SL500_.jpg","type":"image\/jpeg"}],"twitter_card":"summary_large_image","twitter_misc":{"Gesch\u00e4tzte Lesezeit":"1\u00a0Minute"},"schema":{"@context":"https:\/\/schema.org","@graph":[{"@type":"WebPage","@id":"https:\/\/marktxxl.de\/markt\/produkt\/eulla-jungen-schlafanzug-set-neuheit-cartoon-dinosaurier-bagger-nachtwaesche-kurzarm-pyjamas-outfit\/","url":"https:\/\/marktxxl.de\/markt\/produkt\/eulla-jungen-schlafanzug-set-neuheit-cartoon-dinosaurier-bagger-nachtwaesche-kurzarm-pyjamas-outfit\/","name":"EULLA Jungen Schlafanzug Set Neuheit Cartoon Dinosaurier Bagger Nachtw\u00e4sche Kurzarm Pyjamas Outfit - Markt-XXL","isPartOf":{"@id":"https:\/\/marktxxl.de\/markt\/#website"},"primaryImageOfPage":{"@id":"https:\/\/marktxxl.de\/markt\/produkt\/eulla-jungen-schlafanzug-set-neuheit-cartoon-dinosaurier-bagger-nachtwaesche-kurzarm-pyjamas-outfit\/#primaryimage"},"image":{"@id":"https:\/\/marktxxl.de\/markt\/produkt\/eulla-jungen-schlafanzug-set-neuheit-cartoon-dinosaurier-bagger-nachtwaesche-kurzarm-pyjamas-outfit\/#primaryimage"},"thumbnailUrl":"https:\/\/m.media-amazon.com\/images\/I\/51rG1uXFxbL._SL500_.jpg","datePublished":"2021-12-28T20:51:05+00:00","dateModified":"2023-04-11T01:14:33+00:00","description":"Markt-XXL EULLA Jungen Schlafanzug Set Neuheit Cartoon Dinosaurier Bagger Nachtw\u00e4sche Kurzarm Pyjamas Outfit","breadcrumb":{"@id":"https:\/\/marktxxl.de\/markt\/produkt\/eulla-jungen-schlafanzug-set-neuheit-cartoon-dinosaurier-bagger-nachtwaesche-kurzarm-pyjamas-outfit\/#breadcrumb"},"inLanguage":"de","potentialAction":[{"@type":"ReadAction","target":["https:\/\/marktxxl.de\/markt\/produkt\/eulla-jungen-schlafanzug-set-neuheit-cartoon-dinosaurier-bagger-nachtwaesche-kurzarm-pyjamas-outfit\/"]}]},{"@type":"ImageObject","inLanguage":"de","@id":"https:\/\/marktxxl.de\/markt\/produkt\/eulla-jungen-schlafanzug-set-neuheit-cartoon-dinosaurier-bagger-nachtwaesche-kurzarm-pyjamas-outfit\/#primaryimage","url":"https:\/\/m.media-amazon.com\/images\/I\/51rG1uXFxbL._SL500_.jpg","contentUrl":"https:\/\/m.media-amazon.com\/images\/I\/51rG1uXFxbL._SL500_.jpg","width":492,"height":500},{"@type":"BreadcrumbList","@id":"https:\/\/marktxxl.de\/markt\/produkt\/eulla-jungen-schlafanzug-set-neuheit-cartoon-dinosaurier-bagger-nachtwaesche-kurzarm-pyjamas-outfit\/#breadcrumb","itemListElement":[{"@type":"ListItem","position":1,"name":"Startseite","item":"https:\/\/marktxxl.de\/markt\/"},{"@type":"ListItem","position":2,"name":"Markt","item":"https:\/\/marktxxl.de\/markt\/"},{"@type":"ListItem","position":3,"name":"EULLA Jungen Schlafanzug Set Neuheit Cartoon Dinosaurier Bagger Nachtw\u00e4sche Kurzarm Pyjamas Outfit"}]},{"@type":"WebSite","@id":"https:\/\/marktxxl.de\/markt\/#website","url":"https:\/\/marktxxl.de\/markt\/","name":"Markt-XXL","description":"Ihr Markt Online","publisher":{"@id":"https:\/\/marktxxl.de\/markt\/#organization"},"potentialAction":[{"@type":"SearchAction","target":{"@type":"EntryPoint","urlTemplate":"https:\/\/marktxxl.de\/markt\/?s={search_term_string}"},"query-input":{"@type":"PropertyValueSpecification","valueRequired":true,"valueName":"search_term_string"}}],"inLanguage":"de"},{"@type":"Organization","@id":"https:\/\/marktxxl.de\/markt\/#organization","name":"Markt-XXL","url":"https:\/\/marktxxl.de\/markt\/","logo":{"@type":"ImageObject","inLanguage":"de","@id":"https:\/\/marktxxl.de\/markt\/#\/schema\/logo\/image\/","url":"https:\/\/marktxxl.de\/markt\/wp-content\/uploads\/sites\/3\/2020\/12\/logo.png","contentUrl":"https:\/\/marktxxl.de\/markt\/wp-content\/uploads\/sites\/3\/2020\/12\/logo.png","width":200,"height":70,"caption":"Markt-XXL"},"image":{"@id":"https:\/\/marktxxl.de\/markt\/#\/schema\/logo\/image\/"}}]}},"_links":{"self":[{"href":"https:\/\/marktxxl.de\/markt\/wp-json\/wp\/v2\/product\/93415","targetHints":{"allow":["GET"]}}],"collection":[{"href":"https:\/\/marktxxl.de\/markt\/wp-json\/wp\/v2\/product"}],"about":[{"href":"https:\/\/marktxxl.de\/markt\/wp-json\/wp\/v2\/types\/product"}],"replies":[{"embeddable":true,"href":"https:\/\/marktxxl.de\/markt\/wp-json\/wp\/v2\/comments?post=93415"}],"wp:featuredmedia":[{"embeddable":true,"href":"https:\/\/marktxxl.de\/markt\/wp-json\/wp\/v2\/media\/93416"}],"wp:attachment":[{"href":"https:\/\/marktxxl.de\/markt\/wp-json\/wp\/v2\/media?parent=93415"}],"wp:term":[{"taxonomy":"product_brand","embeddable":true,"href":"https:\/\/marktxxl.de\/markt\/wp-json\/wp\/v2\/product_brand?post=93415"},{"taxonomy":"product_cat","embeddable":true,"href":"https:\/\/marktxxl.de\/markt\/wp-json\/wp\/v2\/product_cat?post=93415"},{"taxonomy":"product_tag","embeddable":true,"href":"https:\/\/marktxxl.de\/markt\/wp-json\/wp\/v2\/product_tag?post=93415"}],"curies":[{"name":"wp","href":"https:\/\/api.w.org\/{rel}","templated":true}]}}