{"id":93400,"date":"2021-12-28T21:48:51","date_gmt":"2021-12-28T20:48:51","guid":{"rendered":"https:\/\/marktxxl.de\/markt\/produkt\/minecraft-schlafanzug-jungen-kurz-100-baumwolle-pyjama-kinder-set-mit-t-shirt-und-kurze-hosen-creeper-design-shirt-fuer-teenager-original-fanartikel-geschenke-fuer-kinder\/"},"modified":"2023-04-11T03:14:33","modified_gmt":"2023-04-11T01:14:33","slug":"minecraft-schlafanzug-jungen-kurz-100-baumwolle-pyjama-kinder-set-mit-t-shirt-und-kurze-hosen-creeper-design-shirt-fuer-teenager-original-fanartikel-geschenke-fuer-kinder","status":"publish","type":"product","link":"https:\/\/marktxxl.de\/markt\/produkt\/minecraft-schlafanzug-jungen-kurz-100-baumwolle-pyjama-kinder-set-mit-t-shirt-und-kurze-hosen-creeper-design-shirt-fuer-teenager-original-fanartikel-geschenke-fuer-kinder\/","title":{"rendered":"Minecraft Schlafanzug Jungen Kurz, 100% Baumwolle Pyjama Kinder Set mit T Shirt und Kurze Hosen, Creeper Design Shirt\u2026"},"content":{"rendered":"<p>MINECRAFT KINDER SCHLAFANZUG JUNGEN &#8212; Unser neues Minecraft Pyjama Kinder Junge und Jugendliche ist das perfekte Geschenk f\u00fcr jeden Gaming-Fan. Dieses zweiteilige Pyjama Set enth\u00e4lt ein sch\u00f6nes schwarzes Kurzarm Tshirt und passende kurze Hosen Jungen mit dem legend\u00e4ren feindlichen Mob The Creeper. Diese fantastischen Pyjama sind ideal f\u00fcr faule Tage zu Hause und k\u00f6nnen als T-Shirts und kurze Sets f\u00fcr Sommertage verwendet werden.<br \/>\nVERF\u00dcGBARE GR\u00d6SSEN &#8212; Unsere Minecraft Pyjama f\u00fcr Jungen und Jugendliche sind in den Gr\u00f6\u00dfen 5-6 Jahre (110-116 cm), 7-8 Jahre (122-128 cm), 9-10 Jahre (134-140 cm), 11-12 Jahre (146-152 cm) und 13-14 Jahre (158-164 cm) erh\u00e4ltlich. Sehr bequemer, super hochwertiger und weicher Schlafanzug Kinder Jungen, f\u00fcr Fr\u00fchling und Sommer.<br \/>\n100% BAUMWOLLE MATERIAL &#8212; Wir verwenden f\u00fcr unsere Kinder Nachtw\u00e4sche nur hochwertige Materialien und Stoffe f\u00fcr Kinder, um sie langlebig und maschinenwaschbar zu machen. Unsere kurzen Pyjamas f\u00fcr Jungen bestehen aus 100% atmungsaktiver Baumwolle und f\u00fchlen sich sehr weich an. Diese fantastischen Minecraft-Pyjamas eignen sich f\u00fcr Jungen und Jugendliche im Alter von 5 bis 14 Jahren.<br \/>\nOFFIZIELLE MINECRAFT MERCHANDISE &#8212; Offiziell lizenzierte Kinderpyjamas f\u00fcr Jungen und Jugendliche mit ihrem Lieblingscharakter The Creeper. Diese zweiteiligen kurzen Pyjamas wurden exklusiv f\u00fcr F &amp; F Stores entworfen und Sie werden sie nirgendwo anders finden. Ideal als Geschenk f\u00fcr jeden Minecraft-Fan von 5 bis 14 Jahren.<br \/>\nEINSCHULUNG GESCHENK &#8212; Wenn Sie auf der Suche fur ein Geburtstag Geschenk, Einschulung Geschenke oder andere besondere Anlass, fur ein Minecraft Fan sind, dann haben Sie es richtig gefunden. Diese super cool Jungen Pyjama Set mit Creeper Design ist das perfekte Kinder Geschenke, und passen auch f\u00fcr die jugendliche Jungen.<br \/>\n<div class=\"main-cross-sell\" data-asin=\"B08DK8JW25\">\n\n\t<div class=\"WooZone-cross-sell-loader\">\n\t\t<div>\n\t\t\t<div id=\"floatingBarsG\">\n\t\t\t\t<div class=\"blockG\" id=\"rotateG_01\"><\/div>\n\t\t\t\t<div class=\"blockG\" id=\"rotateG_02\"><\/div>\n\t\t\t\t<div class=\"blockG\" id=\"rotateG_03\"><\/div>\n\t\t\t\t<div class=\"blockG\" id=\"rotateG_04\"><\/div>\n\t\t\t\t<div class=\"blockG\" id=\"rotateG_05\"><\/div>\n\t\t\t\t<div class=\"blockG\" id=\"rotateG_06\"><\/div>\n\t\t\t\t<div class=\"blockG\" id=\"rotateG_07\"><\/div>\n\t\t\t\t<div class=\"blockG\" id=\"rotateG_08\"><\/div>\n\t\t\t<\/div>\n\t\t\t<div class=\"WooZone-cross-sell-loader-text\"><\/div>\n\t\t<\/div>\n\t<\/div>\n\n\t\t\n<\/div>\n<div style=\"clear:both;\"><\/div><\/p>\n","protected":false},"excerpt":{"rendered":"<p>MINECRAFT KINDER SCHLAFANZUG JUNGEN &#8212; Unser neues Minecraft Pyjama Kinder Junge und Jugendliche ist das perfekte Geschenk f\u00fcr jeden Gaming-Fan. Dieses zweiteilige Pyjama Set enth\u00e4lt ein sch\u00f6nes schwarzes Kurzarm Tshirt und passende kurze Hosen Jungen mit dem legend\u00e4ren feindlichen Mob The Creeper. Diese fantastischen Pyjama sind ideal f\u00fcr faule Tage zu Hause und k\u00f6nnen als T-Shirts und kurze Sets f\u00fcr Sommertage verwendet werden.<br \/>\nVERF\u00dcGBARE GR\u00d6SSEN &#8212; Unsere Minecraft Pyjama f\u00fcr Jungen und Jugendliche sind in den Gr\u00f6\u00dfen 5-6 Jahre (110-116 cm), 7-8 Jahre (122-128 cm), 9-10 Jahre (134-140 cm), 11-12 Jahre (146-152 cm) und 13-14 Jahre (158-164 cm) erh\u00e4ltlich. Sehr bequemer, super hochwertiger und weicher Schlafanzug Kinder Jungen, f\u00fcr Fr\u00fchling und Sommer.<br \/>\n100% BAUMWOLLE MATERIAL &#8212; Wir verwenden f\u00fcr unsere Kinder Nachtw\u00e4sche nur hochwertige Materialien und Stoffe f\u00fcr Kinder, um sie langlebig und maschinenwaschbar zu machen. Unsere kurzen Pyjamas f\u00fcr Jungen bestehen aus 100% atmungsaktiver Baumwolle und f\u00fchlen sich sehr weich an. Diese fantastischen Minecraft-Pyjamas eignen sich f\u00fcr Jungen und Jugendliche im Alter von 5 bis 14 Jahren.<\/p>\n","protected":false},"featured_media":93401,"comment_status":"open","ping_status":"closed","template":"","meta":[],"product_brand":[],"product_cat":[1186,4034],"product_tag":[],"class_list":{"0":"post-93400","1":"product","2":"type-product","3":"status-publish","4":"has-post-thumbnail","6":"product_cat-bekleidung","7":"product_cat-jungen","8":"pa_binding-textilien","9":"pa_brand-minecraft","10":"pa_height-0-67-zoll","12":"first","13":"instock","14":"shipping-taxable","15":"purchasable","16":"product-type-simple","17":"customify-col","18":"product-has-gallery"},"yoast_head":"<!-- This site is optimized with the Yoast SEO plugin v27.4 - https:\/\/yoast.com\/product\/yoast-seo-wordpress\/ -->\n<title>Minecraft Schlafanzug Jungen Kurz, 100% Baumwolle Pyjama Kinder Set mit T Shirt und Kurze Hosen, Creeper Design Shirt\u2026 - Markt-XXL<\/title>\n<meta name=\"description\" content=\"Markt-XXL Minecraft Schlafanzug Jungen Kurz, 100% Baumwolle Pyjama Kinder Set mit T Shirt und Kurze Hosen, Creeper Design Shirt\u2026\" \/>\n<meta name=\"robots\" content=\"index, follow, max-snippet:-1, max-image-preview:large, max-video-preview:-1\" \/>\n<link rel=\"canonical\" href=\"https:\/\/marktxxl.de\/markt\/produkt\/minecraft-schlafanzug-jungen-kurz-100-baumwolle-pyjama-kinder-set-mit-t-shirt-und-kurze-hosen-creeper-design-shirt-fuer-teenager-original-fanartikel-geschenke-fuer-kinder\/\" \/>\n<meta property=\"og:locale\" content=\"de_DE\" \/>\n<meta property=\"og:type\" content=\"article\" \/>\n<meta property=\"og:title\" content=\"Minecraft Schlafanzug Jungen Kurz, 100% Baumwolle Pyjama Kinder Set mit T Shirt und Kurze Hosen, Creeper Design Shirt\u2026 - Markt-XXL\" \/>\n<meta property=\"og:description\" content=\"Markt-XXL Minecraft Schlafanzug Jungen Kurz, 100% Baumwolle Pyjama Kinder Set mit T Shirt und Kurze Hosen, Creeper Design Shirt\u2026\" \/>\n<meta property=\"og:url\" content=\"https:\/\/marktxxl.de\/markt\/produkt\/minecraft-schlafanzug-jungen-kurz-100-baumwolle-pyjama-kinder-set-mit-t-shirt-und-kurze-hosen-creeper-design-shirt-fuer-teenager-original-fanartikel-geschenke-fuer-kinder\/\" \/>\n<meta property=\"og:site_name\" content=\"Markt-XXL\" \/>\n<meta property=\"article:modified_time\" content=\"2023-04-11T01:14:33+00:00\" \/>\n<meta property=\"og:image\" content=\"https:\/\/m.media-amazon.com\/images\/I\/41vXZIZt7SL._SL500_.jpg\" \/>\n\t<meta property=\"og:image:width\" content=\"500\" \/>\n\t<meta property=\"og:image:height\" content=\"500\" \/>\n\t<meta property=\"og:image:type\" content=\"image\/jpeg\" \/>\n<meta name=\"twitter:card\" content=\"summary_large_image\" \/>\n<meta name=\"twitter:label1\" content=\"Gesch\u00e4tzte Lesezeit\" \/>\n\t<meta name=\"twitter:data1\" content=\"1\u00a0Minute\" \/>\n<script type=\"application\/ld+json\" class=\"yoast-schema-graph\">{\"@context\":\"https:\\\/\\\/schema.org\",\"@graph\":[{\"@type\":\"WebPage\",\"@id\":\"https:\\\/\\\/marktxxl.de\\\/markt\\\/produkt\\\/minecraft-schlafanzug-jungen-kurz-100-baumwolle-pyjama-kinder-set-mit-t-shirt-und-kurze-hosen-creeper-design-shirt-fuer-teenager-original-fanartikel-geschenke-fuer-kinder\\\/\",\"url\":\"https:\\\/\\\/marktxxl.de\\\/markt\\\/produkt\\\/minecraft-schlafanzug-jungen-kurz-100-baumwolle-pyjama-kinder-set-mit-t-shirt-und-kurze-hosen-creeper-design-shirt-fuer-teenager-original-fanartikel-geschenke-fuer-kinder\\\/\",\"name\":\"Minecraft Schlafanzug Jungen Kurz, 100% Baumwolle Pyjama Kinder Set mit T Shirt und Kurze Hosen, Creeper Design Shirt\u2026 - Markt-XXL\",\"isPartOf\":{\"@id\":\"https:\\\/\\\/marktxxl.de\\\/markt\\\/#website\"},\"primaryImageOfPage\":{\"@id\":\"https:\\\/\\\/marktxxl.de\\\/markt\\\/produkt\\\/minecraft-schlafanzug-jungen-kurz-100-baumwolle-pyjama-kinder-set-mit-t-shirt-und-kurze-hosen-creeper-design-shirt-fuer-teenager-original-fanartikel-geschenke-fuer-kinder\\\/#primaryimage\"},\"image\":{\"@id\":\"https:\\\/\\\/marktxxl.de\\\/markt\\\/produkt\\\/minecraft-schlafanzug-jungen-kurz-100-baumwolle-pyjama-kinder-set-mit-t-shirt-und-kurze-hosen-creeper-design-shirt-fuer-teenager-original-fanartikel-geschenke-fuer-kinder\\\/#primaryimage\"},\"thumbnailUrl\":\"https:\\\/\\\/m.media-amazon.com\\\/images\\\/I\\\/41vXZIZt7SL._SL500_.jpg\",\"datePublished\":\"2021-12-28T20:48:51+00:00\",\"dateModified\":\"2023-04-11T01:14:33+00:00\",\"description\":\"Markt-XXL Minecraft Schlafanzug Jungen Kurz, 100% Baumwolle Pyjama Kinder Set mit T Shirt und Kurze Hosen, Creeper Design Shirt\u2026\",\"breadcrumb\":{\"@id\":\"https:\\\/\\\/marktxxl.de\\\/markt\\\/produkt\\\/minecraft-schlafanzug-jungen-kurz-100-baumwolle-pyjama-kinder-set-mit-t-shirt-und-kurze-hosen-creeper-design-shirt-fuer-teenager-original-fanartikel-geschenke-fuer-kinder\\\/#breadcrumb\"},\"inLanguage\":\"de\",\"potentialAction\":[{\"@type\":\"ReadAction\",\"target\":[\"https:\\\/\\\/marktxxl.de\\\/markt\\\/produkt\\\/minecraft-schlafanzug-jungen-kurz-100-baumwolle-pyjama-kinder-set-mit-t-shirt-und-kurze-hosen-creeper-design-shirt-fuer-teenager-original-fanartikel-geschenke-fuer-kinder\\\/\"]}]},{\"@type\":\"ImageObject\",\"inLanguage\":\"de\",\"@id\":\"https:\\\/\\\/marktxxl.de\\\/markt\\\/produkt\\\/minecraft-schlafanzug-jungen-kurz-100-baumwolle-pyjama-kinder-set-mit-t-shirt-und-kurze-hosen-creeper-design-shirt-fuer-teenager-original-fanartikel-geschenke-fuer-kinder\\\/#primaryimage\",\"url\":\"https:\\\/\\\/m.media-amazon.com\\\/images\\\/I\\\/41vXZIZt7SL._SL500_.jpg\",\"contentUrl\":\"https:\\\/\\\/m.media-amazon.com\\\/images\\\/I\\\/41vXZIZt7SL._SL500_.jpg\",\"width\":500,\"height\":500},{\"@type\":\"BreadcrumbList\",\"@id\":\"https:\\\/\\\/marktxxl.de\\\/markt\\\/produkt\\\/minecraft-schlafanzug-jungen-kurz-100-baumwolle-pyjama-kinder-set-mit-t-shirt-und-kurze-hosen-creeper-design-shirt-fuer-teenager-original-fanartikel-geschenke-fuer-kinder\\\/#breadcrumb\",\"itemListElement\":[{\"@type\":\"ListItem\",\"position\":1,\"name\":\"Startseite\",\"item\":\"https:\\\/\\\/marktxxl.de\\\/markt\\\/\"},{\"@type\":\"ListItem\",\"position\":2,\"name\":\"Markt\",\"item\":\"https:\\\/\\\/marktxxl.de\\\/markt\\\/\"},{\"@type\":\"ListItem\",\"position\":3,\"name\":\"Minecraft Schlafanzug Jungen Kurz, 100% Baumwolle Pyjama Kinder Set mit T Shirt und Kurze Hosen, Creeper Design Shirt\u2026\"}]},{\"@type\":\"WebSite\",\"@id\":\"https:\\\/\\\/marktxxl.de\\\/markt\\\/#website\",\"url\":\"https:\\\/\\\/marktxxl.de\\\/markt\\\/\",\"name\":\"Markt-XXL\",\"description\":\"Ihr Markt Online\",\"publisher\":{\"@id\":\"https:\\\/\\\/marktxxl.de\\\/markt\\\/#organization\"},\"potentialAction\":[{\"@type\":\"SearchAction\",\"target\":{\"@type\":\"EntryPoint\",\"urlTemplate\":\"https:\\\/\\\/marktxxl.de\\\/markt\\\/?s={search_term_string}\"},\"query-input\":{\"@type\":\"PropertyValueSpecification\",\"valueRequired\":true,\"valueName\":\"search_term_string\"}}],\"inLanguage\":\"de\"},{\"@type\":\"Organization\",\"@id\":\"https:\\\/\\\/marktxxl.de\\\/markt\\\/#organization\",\"name\":\"Markt-XXL\",\"url\":\"https:\\\/\\\/marktxxl.de\\\/markt\\\/\",\"logo\":{\"@type\":\"ImageObject\",\"inLanguage\":\"de\",\"@id\":\"https:\\\/\\\/marktxxl.de\\\/markt\\\/#\\\/schema\\\/logo\\\/image\\\/\",\"url\":\"https:\\\/\\\/marktxxl.de\\\/markt\\\/wp-content\\\/uploads\\\/sites\\\/3\\\/2020\\\/12\\\/logo.png\",\"contentUrl\":\"https:\\\/\\\/marktxxl.de\\\/markt\\\/wp-content\\\/uploads\\\/sites\\\/3\\\/2020\\\/12\\\/logo.png\",\"width\":200,\"height\":70,\"caption\":\"Markt-XXL\"},\"image\":{\"@id\":\"https:\\\/\\\/marktxxl.de\\\/markt\\\/#\\\/schema\\\/logo\\\/image\\\/\"}}]}<\/script>\n<!-- \/ Yoast SEO plugin. -->","yoast_head_json":{"title":"Minecraft Schlafanzug Jungen Kurz, 100% Baumwolle Pyjama Kinder Set mit T Shirt und Kurze Hosen, Creeper Design Shirt\u2026 - Markt-XXL","description":"Markt-XXL Minecraft Schlafanzug Jungen Kurz, 100% Baumwolle Pyjama Kinder Set mit T Shirt und Kurze Hosen, Creeper Design Shirt\u2026","robots":{"index":"index","follow":"follow","max-snippet":"max-snippet:-1","max-image-preview":"max-image-preview:large","max-video-preview":"max-video-preview:-1"},"canonical":"https:\/\/marktxxl.de\/markt\/produkt\/minecraft-schlafanzug-jungen-kurz-100-baumwolle-pyjama-kinder-set-mit-t-shirt-und-kurze-hosen-creeper-design-shirt-fuer-teenager-original-fanartikel-geschenke-fuer-kinder\/","og_locale":"de_DE","og_type":"article","og_title":"Minecraft Schlafanzug Jungen Kurz, 100% Baumwolle Pyjama Kinder Set mit T Shirt und Kurze Hosen, Creeper Design Shirt\u2026 - Markt-XXL","og_description":"Markt-XXL Minecraft Schlafanzug Jungen Kurz, 100% Baumwolle Pyjama Kinder Set mit T Shirt und Kurze Hosen, Creeper Design Shirt\u2026","og_url":"https:\/\/marktxxl.de\/markt\/produkt\/minecraft-schlafanzug-jungen-kurz-100-baumwolle-pyjama-kinder-set-mit-t-shirt-und-kurze-hosen-creeper-design-shirt-fuer-teenager-original-fanartikel-geschenke-fuer-kinder\/","og_site_name":"Markt-XXL","article_modified_time":"2023-04-11T01:14:33+00:00","og_image":[{"width":500,"height":500,"url":"https:\/\/m.media-amazon.com\/images\/I\/41vXZIZt7SL._SL500_.jpg","type":"image\/jpeg"}],"twitter_card":"summary_large_image","twitter_misc":{"Gesch\u00e4tzte Lesezeit":"1\u00a0Minute"},"schema":{"@context":"https:\/\/schema.org","@graph":[{"@type":"WebPage","@id":"https:\/\/marktxxl.de\/markt\/produkt\/minecraft-schlafanzug-jungen-kurz-100-baumwolle-pyjama-kinder-set-mit-t-shirt-und-kurze-hosen-creeper-design-shirt-fuer-teenager-original-fanartikel-geschenke-fuer-kinder\/","url":"https:\/\/marktxxl.de\/markt\/produkt\/minecraft-schlafanzug-jungen-kurz-100-baumwolle-pyjama-kinder-set-mit-t-shirt-und-kurze-hosen-creeper-design-shirt-fuer-teenager-original-fanartikel-geschenke-fuer-kinder\/","name":"Minecraft Schlafanzug Jungen Kurz, 100% Baumwolle Pyjama Kinder Set mit T Shirt und Kurze Hosen, Creeper Design Shirt\u2026 - Markt-XXL","isPartOf":{"@id":"https:\/\/marktxxl.de\/markt\/#website"},"primaryImageOfPage":{"@id":"https:\/\/marktxxl.de\/markt\/produkt\/minecraft-schlafanzug-jungen-kurz-100-baumwolle-pyjama-kinder-set-mit-t-shirt-und-kurze-hosen-creeper-design-shirt-fuer-teenager-original-fanartikel-geschenke-fuer-kinder\/#primaryimage"},"image":{"@id":"https:\/\/marktxxl.de\/markt\/produkt\/minecraft-schlafanzug-jungen-kurz-100-baumwolle-pyjama-kinder-set-mit-t-shirt-und-kurze-hosen-creeper-design-shirt-fuer-teenager-original-fanartikel-geschenke-fuer-kinder\/#primaryimage"},"thumbnailUrl":"https:\/\/m.media-amazon.com\/images\/I\/41vXZIZt7SL._SL500_.jpg","datePublished":"2021-12-28T20:48:51+00:00","dateModified":"2023-04-11T01:14:33+00:00","description":"Markt-XXL Minecraft Schlafanzug Jungen Kurz, 100% Baumwolle Pyjama Kinder Set mit T Shirt und Kurze Hosen, Creeper Design Shirt\u2026","breadcrumb":{"@id":"https:\/\/marktxxl.de\/markt\/produkt\/minecraft-schlafanzug-jungen-kurz-100-baumwolle-pyjama-kinder-set-mit-t-shirt-und-kurze-hosen-creeper-design-shirt-fuer-teenager-original-fanartikel-geschenke-fuer-kinder\/#breadcrumb"},"inLanguage":"de","potentialAction":[{"@type":"ReadAction","target":["https:\/\/marktxxl.de\/markt\/produkt\/minecraft-schlafanzug-jungen-kurz-100-baumwolle-pyjama-kinder-set-mit-t-shirt-und-kurze-hosen-creeper-design-shirt-fuer-teenager-original-fanartikel-geschenke-fuer-kinder\/"]}]},{"@type":"ImageObject","inLanguage":"de","@id":"https:\/\/marktxxl.de\/markt\/produkt\/minecraft-schlafanzug-jungen-kurz-100-baumwolle-pyjama-kinder-set-mit-t-shirt-und-kurze-hosen-creeper-design-shirt-fuer-teenager-original-fanartikel-geschenke-fuer-kinder\/#primaryimage","url":"https:\/\/m.media-amazon.com\/images\/I\/41vXZIZt7SL._SL500_.jpg","contentUrl":"https:\/\/m.media-amazon.com\/images\/I\/41vXZIZt7SL._SL500_.jpg","width":500,"height":500},{"@type":"BreadcrumbList","@id":"https:\/\/marktxxl.de\/markt\/produkt\/minecraft-schlafanzug-jungen-kurz-100-baumwolle-pyjama-kinder-set-mit-t-shirt-und-kurze-hosen-creeper-design-shirt-fuer-teenager-original-fanartikel-geschenke-fuer-kinder\/#breadcrumb","itemListElement":[{"@type":"ListItem","position":1,"name":"Startseite","item":"https:\/\/marktxxl.de\/markt\/"},{"@type":"ListItem","position":2,"name":"Markt","item":"https:\/\/marktxxl.de\/markt\/"},{"@type":"ListItem","position":3,"name":"Minecraft Schlafanzug Jungen Kurz, 100% Baumwolle Pyjama Kinder Set mit T Shirt und Kurze Hosen, Creeper Design Shirt\u2026"}]},{"@type":"WebSite","@id":"https:\/\/marktxxl.de\/markt\/#website","url":"https:\/\/marktxxl.de\/markt\/","name":"Markt-XXL","description":"Ihr Markt Online","publisher":{"@id":"https:\/\/marktxxl.de\/markt\/#organization"},"potentialAction":[{"@type":"SearchAction","target":{"@type":"EntryPoint","urlTemplate":"https:\/\/marktxxl.de\/markt\/?s={search_term_string}"},"query-input":{"@type":"PropertyValueSpecification","valueRequired":true,"valueName":"search_term_string"}}],"inLanguage":"de"},{"@type":"Organization","@id":"https:\/\/marktxxl.de\/markt\/#organization","name":"Markt-XXL","url":"https:\/\/marktxxl.de\/markt\/","logo":{"@type":"ImageObject","inLanguage":"de","@id":"https:\/\/marktxxl.de\/markt\/#\/schema\/logo\/image\/","url":"https:\/\/marktxxl.de\/markt\/wp-content\/uploads\/sites\/3\/2020\/12\/logo.png","contentUrl":"https:\/\/marktxxl.de\/markt\/wp-content\/uploads\/sites\/3\/2020\/12\/logo.png","width":200,"height":70,"caption":"Markt-XXL"},"image":{"@id":"https:\/\/marktxxl.de\/markt\/#\/schema\/logo\/image\/"}}]}},"_links":{"self":[{"href":"https:\/\/marktxxl.de\/markt\/wp-json\/wp\/v2\/product\/93400","targetHints":{"allow":["GET"]}}],"collection":[{"href":"https:\/\/marktxxl.de\/markt\/wp-json\/wp\/v2\/product"}],"about":[{"href":"https:\/\/marktxxl.de\/markt\/wp-json\/wp\/v2\/types\/product"}],"replies":[{"embeddable":true,"href":"https:\/\/marktxxl.de\/markt\/wp-json\/wp\/v2\/comments?post=93400"}],"wp:featuredmedia":[{"embeddable":true,"href":"https:\/\/marktxxl.de\/markt\/wp-json\/wp\/v2\/media\/93401"}],"wp:attachment":[{"href":"https:\/\/marktxxl.de\/markt\/wp-json\/wp\/v2\/media?parent=93400"}],"wp:term":[{"taxonomy":"product_brand","embeddable":true,"href":"https:\/\/marktxxl.de\/markt\/wp-json\/wp\/v2\/product_brand?post=93400"},{"taxonomy":"product_cat","embeddable":true,"href":"https:\/\/marktxxl.de\/markt\/wp-json\/wp\/v2\/product_cat?post=93400"},{"taxonomy":"product_tag","embeddable":true,"href":"https:\/\/marktxxl.de\/markt\/wp-json\/wp\/v2\/product_tag?post=93400"}],"curies":[{"name":"wp","href":"https:\/\/api.w.org\/{rel}","templated":true}]}}