{"id":93385,"date":"2021-12-28T21:48:40","date_gmt":"2021-12-28T20:48:40","guid":{"rendered":"https:\/\/marktxxl.de\/markt\/produkt\/nickelodeon-toddler-boys-paw-patrol-character-cotton-baseball-cap-multicolor-age-2-4\/"},"modified":"2023-04-11T03:14:32","modified_gmt":"2023-04-11T01:14:32","slug":"nickelodeon-toddler-boys-paw-patrol-character-cotton-baseball-cap-multicolor-age-2-4","status":"publish","type":"product","link":"https:\/\/marktxxl.de\/markt\/produkt\/nickelodeon-toddler-boys-paw-patrol-character-cotton-baseball-cap-multicolor-age-2-4\/","title":{"rendered":"Nickelodeon Paw Patrol 3D Ear Jungen Baumwolle Baseballkappe Chase &amp; Marshall (Kleinkind)"},"content":{"rendered":"<p>Stilvolles Design: Baseballkappe f\u00fcr Kleinkinder mit Chase von Nickelodeons Paw Patrol in buntem Charakter-Design.<br \/>\nPremium-Qualit\u00e4t: Die 5-Panel-Baseballkappe ist aus strapazierf\u00e4higem Baumwoll-Twill. Verf\u00fcgt \u00fcber eine gebogene Krempe mit Chase 02-Logo, buntes Chase-Bild auf der Krone, dimensionale Baumwoll-Twill-Ohren, blaues Schwei\u00dfband innen und graues Druckknopfverschluss f\u00fcr einfache Anpassung.<br \/>\nGr\u00f6\u00dfe: verstellbare Passform mit einfach zu bedienenden Druckkn\u00f6pfen f\u00fcr Kleinkinder im Alter von 2\u20134 Jahren. Ma\u00dfe der Krone: ca. 16,8 cm (L) x 16,8 cm (B) x 14,7 cm (H) &#8211; 51 cm Umfang. Krempe ist 6,3 cm (L) x 15,9 cm (B).<br \/>\nSpa\u00df und praktisch: Mit dieser lustigen und stilvollen, einzigartig gestalteten Baseballkappe ist er bereit f\u00fcr alle t\u00e4glichen Aktivit\u00e4ten. Nickelodeon Paw Patrol Accessoires sind ein tolles Geschenk und Zubeh\u00f6r, mit dem Jungen immer lieben und spielen werden.<br \/>\nPflegehinweis: Handw\u00e4sche mit \u00e4hnlichen Farben. Chlorfreie Bleiche Zum Trocknen flach hinlegen. Nicht b\u00fcgeln. Lizenziert: Offiziell lizenziertes Nickelodeon Paw Patrol Produkt.<br \/>\n<div class=\"main-cross-sell\" data-asin=\"B072DWHXCQ\">\n\n\t<div class=\"WooZone-cross-sell-loader\">\n\t\t<div>\n\t\t\t<div id=\"floatingBarsG\">\n\t\t\t\t<div class=\"blockG\" id=\"rotateG_01\"><\/div>\n\t\t\t\t<div class=\"blockG\" id=\"rotateG_02\"><\/div>\n\t\t\t\t<div class=\"blockG\" id=\"rotateG_03\"><\/div>\n\t\t\t\t<div class=\"blockG\" id=\"rotateG_04\"><\/div>\n\t\t\t\t<div class=\"blockG\" id=\"rotateG_05\"><\/div>\n\t\t\t\t<div class=\"blockG\" id=\"rotateG_06\"><\/div>\n\t\t\t\t<div class=\"blockG\" id=\"rotateG_07\"><\/div>\n\t\t\t\t<div class=\"blockG\" id=\"rotateG_08\"><\/div>\n\t\t\t<\/div>\n\t\t\t<div class=\"WooZone-cross-sell-loader-text\"><\/div>\n\t\t<\/div>\n\t<\/div>\n\n\t\t\n<\/div>\n<div style=\"clear:both;\"><\/div><\/p>\n","protected":false},"excerpt":{"rendered":"<p>Stilvolles Design: Baseballkappe f\u00fcr Kleinkinder mit Chase von Nickelodeons Paw Patrol in buntem Charakter-Design.<br \/>\nPremium-Qualit\u00e4t: Die 5-Panel-Baseballkappe ist aus strapazierf\u00e4higem Baumwoll-Twill. Verf\u00fcgt \u00fcber eine gebogene Krempe mit Chase 02-Logo, buntes Chase-Bild auf der Krone, dimensionale Baumwoll-Twill-Ohren, blaues Schwei\u00dfband innen und graues Druckknopfverschluss f\u00fcr einfache Anpassung.<br \/>\nGr\u00f6\u00dfe: verstellbare Passform mit einfach zu bedienenden Druckkn\u00f6pfen f\u00fcr Kleinkinder im Alter von 2\u20134 Jahren. Ma\u00dfe der Krone: ca. 16,8 cm (L) x 16,8 cm (B) x 14,7 cm (H) &#8211; 51 cm Umfang. Krempe ist 6,3 cm (L) x 15,9 cm (B).<\/p>\n","protected":false},"featured_media":93386,"comment_status":"open","ping_status":"closed","template":"","meta":[],"product_brand":[],"product_cat":[1186,4034],"product_tag":[],"class_list":{"0":"post-93385","1":"product","2":"type-product","3":"status-publish","4":"has-post-thumbnail","6":"product_cat-bekleidung","7":"product_cat-jungen","8":"pa_binding-textilien","9":"pa_brand-nickelodeon","10":"pa_color-blau-grau-mit-chase-artwork","11":"pa_manufacturer-abg-accessories-childrens-apparel","12":"pa_model-pas59908az","13":"pa_size-2-4-jahre","14":"pa_weight-0-1322773572-pfund","16":"first","17":"instock","18":"shipping-taxable","19":"purchasable","20":"product-type-simple","21":"customify-col","22":"product-has-gallery"},"yoast_head":"<!-- This site is optimized with the Yoast SEO plugin v27.4 - https:\/\/yoast.com\/product\/yoast-seo-wordpress\/ -->\n<title>Nickelodeon Paw Patrol 3D Ear Jungen Baumwolle Baseballkappe Chase &amp; Marshall (Kleinkind) - Markt-XXL<\/title>\n<meta name=\"description\" content=\"Markt-XXL Nickelodeon Paw Patrol 3D Ear Jungen Baumwolle Baseballkappe Chase &amp; Marshall (Kleinkind)\" \/>\n<meta name=\"robots\" content=\"index, follow, max-snippet:-1, max-image-preview:large, max-video-preview:-1\" \/>\n<link rel=\"canonical\" href=\"https:\/\/marktxxl.de\/markt\/produkt\/nickelodeon-toddler-boys-paw-patrol-character-cotton-baseball-cap-multicolor-age-2-4\/\" \/>\n<meta property=\"og:locale\" content=\"de_DE\" \/>\n<meta property=\"og:type\" content=\"article\" \/>\n<meta property=\"og:title\" content=\"Nickelodeon Paw Patrol 3D Ear Jungen Baumwolle Baseballkappe Chase &amp; Marshall (Kleinkind) - Markt-XXL\" \/>\n<meta property=\"og:description\" content=\"Markt-XXL Nickelodeon Paw Patrol 3D Ear Jungen Baumwolle Baseballkappe Chase &amp; Marshall (Kleinkind)\" \/>\n<meta property=\"og:url\" content=\"https:\/\/marktxxl.de\/markt\/produkt\/nickelodeon-toddler-boys-paw-patrol-character-cotton-baseball-cap-multicolor-age-2-4\/\" \/>\n<meta property=\"og:site_name\" content=\"Markt-XXL\" \/>\n<meta property=\"article:modified_time\" content=\"2023-04-11T01:14:32+00:00\" \/>\n<meta property=\"og:image\" content=\"https:\/\/m.media-amazon.com\/images\/I\/514mq4gq5PL._SL500_.jpg\" \/>\n\t<meta property=\"og:image:width\" content=\"500\" \/>\n\t<meta property=\"og:image:height\" content=\"500\" \/>\n\t<meta property=\"og:image:type\" content=\"image\/jpeg\" \/>\n<meta name=\"twitter:card\" content=\"summary_large_image\" \/>\n<meta name=\"twitter:label1\" content=\"Gesch\u00e4tzte Lesezeit\" \/>\n\t<meta name=\"twitter:data1\" content=\"1\u00a0Minute\" \/>\n<script type=\"application\/ld+json\" class=\"yoast-schema-graph\">{\"@context\":\"https:\\\/\\\/schema.org\",\"@graph\":[{\"@type\":\"WebPage\",\"@id\":\"https:\\\/\\\/marktxxl.de\\\/markt\\\/produkt\\\/nickelodeon-toddler-boys-paw-patrol-character-cotton-baseball-cap-multicolor-age-2-4\\\/\",\"url\":\"https:\\\/\\\/marktxxl.de\\\/markt\\\/produkt\\\/nickelodeon-toddler-boys-paw-patrol-character-cotton-baseball-cap-multicolor-age-2-4\\\/\",\"name\":\"Nickelodeon Paw Patrol 3D Ear Jungen Baumwolle Baseballkappe Chase &amp; Marshall (Kleinkind) - Markt-XXL\",\"isPartOf\":{\"@id\":\"https:\\\/\\\/marktxxl.de\\\/markt\\\/#website\"},\"primaryImageOfPage\":{\"@id\":\"https:\\\/\\\/marktxxl.de\\\/markt\\\/produkt\\\/nickelodeon-toddler-boys-paw-patrol-character-cotton-baseball-cap-multicolor-age-2-4\\\/#primaryimage\"},\"image\":{\"@id\":\"https:\\\/\\\/marktxxl.de\\\/markt\\\/produkt\\\/nickelodeon-toddler-boys-paw-patrol-character-cotton-baseball-cap-multicolor-age-2-4\\\/#primaryimage\"},\"thumbnailUrl\":\"https:\\\/\\\/m.media-amazon.com\\\/images\\\/I\\\/514mq4gq5PL._SL500_.jpg\",\"datePublished\":\"2021-12-28T20:48:40+00:00\",\"dateModified\":\"2023-04-11T01:14:32+00:00\",\"description\":\"Markt-XXL Nickelodeon Paw Patrol 3D Ear Jungen Baumwolle Baseballkappe Chase &amp; Marshall (Kleinkind)\",\"breadcrumb\":{\"@id\":\"https:\\\/\\\/marktxxl.de\\\/markt\\\/produkt\\\/nickelodeon-toddler-boys-paw-patrol-character-cotton-baseball-cap-multicolor-age-2-4\\\/#breadcrumb\"},\"inLanguage\":\"de\",\"potentialAction\":[{\"@type\":\"ReadAction\",\"target\":[\"https:\\\/\\\/marktxxl.de\\\/markt\\\/produkt\\\/nickelodeon-toddler-boys-paw-patrol-character-cotton-baseball-cap-multicolor-age-2-4\\\/\"]}]},{\"@type\":\"ImageObject\",\"inLanguage\":\"de\",\"@id\":\"https:\\\/\\\/marktxxl.de\\\/markt\\\/produkt\\\/nickelodeon-toddler-boys-paw-patrol-character-cotton-baseball-cap-multicolor-age-2-4\\\/#primaryimage\",\"url\":\"https:\\\/\\\/m.media-amazon.com\\\/images\\\/I\\\/514mq4gq5PL._SL500_.jpg\",\"contentUrl\":\"https:\\\/\\\/m.media-amazon.com\\\/images\\\/I\\\/514mq4gq5PL._SL500_.jpg\",\"width\":500,\"height\":500},{\"@type\":\"BreadcrumbList\",\"@id\":\"https:\\\/\\\/marktxxl.de\\\/markt\\\/produkt\\\/nickelodeon-toddler-boys-paw-patrol-character-cotton-baseball-cap-multicolor-age-2-4\\\/#breadcrumb\",\"itemListElement\":[{\"@type\":\"ListItem\",\"position\":1,\"name\":\"Startseite\",\"item\":\"https:\\\/\\\/marktxxl.de\\\/markt\\\/\"},{\"@type\":\"ListItem\",\"position\":2,\"name\":\"Markt\",\"item\":\"https:\\\/\\\/marktxxl.de\\\/markt\\\/\"},{\"@type\":\"ListItem\",\"position\":3,\"name\":\"Nickelodeon Paw Patrol 3D Ear Jungen Baumwolle Baseballkappe Chase &amp; Marshall (Kleinkind)\"}]},{\"@type\":\"WebSite\",\"@id\":\"https:\\\/\\\/marktxxl.de\\\/markt\\\/#website\",\"url\":\"https:\\\/\\\/marktxxl.de\\\/markt\\\/\",\"name\":\"Markt-XXL\",\"description\":\"Ihr Markt Online\",\"publisher\":{\"@id\":\"https:\\\/\\\/marktxxl.de\\\/markt\\\/#organization\"},\"potentialAction\":[{\"@type\":\"SearchAction\",\"target\":{\"@type\":\"EntryPoint\",\"urlTemplate\":\"https:\\\/\\\/marktxxl.de\\\/markt\\\/?s={search_term_string}\"},\"query-input\":{\"@type\":\"PropertyValueSpecification\",\"valueRequired\":true,\"valueName\":\"search_term_string\"}}],\"inLanguage\":\"de\"},{\"@type\":\"Organization\",\"@id\":\"https:\\\/\\\/marktxxl.de\\\/markt\\\/#organization\",\"name\":\"Markt-XXL\",\"url\":\"https:\\\/\\\/marktxxl.de\\\/markt\\\/\",\"logo\":{\"@type\":\"ImageObject\",\"inLanguage\":\"de\",\"@id\":\"https:\\\/\\\/marktxxl.de\\\/markt\\\/#\\\/schema\\\/logo\\\/image\\\/\",\"url\":\"https:\\\/\\\/marktxxl.de\\\/markt\\\/wp-content\\\/uploads\\\/sites\\\/3\\\/2020\\\/12\\\/logo.png\",\"contentUrl\":\"https:\\\/\\\/marktxxl.de\\\/markt\\\/wp-content\\\/uploads\\\/sites\\\/3\\\/2020\\\/12\\\/logo.png\",\"width\":200,\"height\":70,\"caption\":\"Markt-XXL\"},\"image\":{\"@id\":\"https:\\\/\\\/marktxxl.de\\\/markt\\\/#\\\/schema\\\/logo\\\/image\\\/\"}}]}<\/script>\n<!-- \/ Yoast SEO plugin. -->","yoast_head_json":{"title":"Nickelodeon Paw Patrol 3D Ear Jungen Baumwolle Baseballkappe Chase &amp; Marshall (Kleinkind) - Markt-XXL","description":"Markt-XXL Nickelodeon Paw Patrol 3D Ear Jungen Baumwolle Baseballkappe Chase &amp; Marshall (Kleinkind)","robots":{"index":"index","follow":"follow","max-snippet":"max-snippet:-1","max-image-preview":"max-image-preview:large","max-video-preview":"max-video-preview:-1"},"canonical":"https:\/\/marktxxl.de\/markt\/produkt\/nickelodeon-toddler-boys-paw-patrol-character-cotton-baseball-cap-multicolor-age-2-4\/","og_locale":"de_DE","og_type":"article","og_title":"Nickelodeon Paw Patrol 3D Ear Jungen Baumwolle Baseballkappe Chase &amp; Marshall (Kleinkind) - Markt-XXL","og_description":"Markt-XXL Nickelodeon Paw Patrol 3D Ear Jungen Baumwolle Baseballkappe Chase &amp; Marshall (Kleinkind)","og_url":"https:\/\/marktxxl.de\/markt\/produkt\/nickelodeon-toddler-boys-paw-patrol-character-cotton-baseball-cap-multicolor-age-2-4\/","og_site_name":"Markt-XXL","article_modified_time":"2023-04-11T01:14:32+00:00","og_image":[{"width":500,"height":500,"url":"https:\/\/m.media-amazon.com\/images\/I\/514mq4gq5PL._SL500_.jpg","type":"image\/jpeg"}],"twitter_card":"summary_large_image","twitter_misc":{"Gesch\u00e4tzte Lesezeit":"1\u00a0Minute"},"schema":{"@context":"https:\/\/schema.org","@graph":[{"@type":"WebPage","@id":"https:\/\/marktxxl.de\/markt\/produkt\/nickelodeon-toddler-boys-paw-patrol-character-cotton-baseball-cap-multicolor-age-2-4\/","url":"https:\/\/marktxxl.de\/markt\/produkt\/nickelodeon-toddler-boys-paw-patrol-character-cotton-baseball-cap-multicolor-age-2-4\/","name":"Nickelodeon Paw Patrol 3D Ear Jungen Baumwolle Baseballkappe Chase &amp; Marshall (Kleinkind) - Markt-XXL","isPartOf":{"@id":"https:\/\/marktxxl.de\/markt\/#website"},"primaryImageOfPage":{"@id":"https:\/\/marktxxl.de\/markt\/produkt\/nickelodeon-toddler-boys-paw-patrol-character-cotton-baseball-cap-multicolor-age-2-4\/#primaryimage"},"image":{"@id":"https:\/\/marktxxl.de\/markt\/produkt\/nickelodeon-toddler-boys-paw-patrol-character-cotton-baseball-cap-multicolor-age-2-4\/#primaryimage"},"thumbnailUrl":"https:\/\/m.media-amazon.com\/images\/I\/514mq4gq5PL._SL500_.jpg","datePublished":"2021-12-28T20:48:40+00:00","dateModified":"2023-04-11T01:14:32+00:00","description":"Markt-XXL Nickelodeon Paw Patrol 3D Ear Jungen Baumwolle Baseballkappe Chase &amp; Marshall (Kleinkind)","breadcrumb":{"@id":"https:\/\/marktxxl.de\/markt\/produkt\/nickelodeon-toddler-boys-paw-patrol-character-cotton-baseball-cap-multicolor-age-2-4\/#breadcrumb"},"inLanguage":"de","potentialAction":[{"@type":"ReadAction","target":["https:\/\/marktxxl.de\/markt\/produkt\/nickelodeon-toddler-boys-paw-patrol-character-cotton-baseball-cap-multicolor-age-2-4\/"]}]},{"@type":"ImageObject","inLanguage":"de","@id":"https:\/\/marktxxl.de\/markt\/produkt\/nickelodeon-toddler-boys-paw-patrol-character-cotton-baseball-cap-multicolor-age-2-4\/#primaryimage","url":"https:\/\/m.media-amazon.com\/images\/I\/514mq4gq5PL._SL500_.jpg","contentUrl":"https:\/\/m.media-amazon.com\/images\/I\/514mq4gq5PL._SL500_.jpg","width":500,"height":500},{"@type":"BreadcrumbList","@id":"https:\/\/marktxxl.de\/markt\/produkt\/nickelodeon-toddler-boys-paw-patrol-character-cotton-baseball-cap-multicolor-age-2-4\/#breadcrumb","itemListElement":[{"@type":"ListItem","position":1,"name":"Startseite","item":"https:\/\/marktxxl.de\/markt\/"},{"@type":"ListItem","position":2,"name":"Markt","item":"https:\/\/marktxxl.de\/markt\/"},{"@type":"ListItem","position":3,"name":"Nickelodeon Paw Patrol 3D Ear Jungen Baumwolle Baseballkappe Chase &amp; Marshall (Kleinkind)"}]},{"@type":"WebSite","@id":"https:\/\/marktxxl.de\/markt\/#website","url":"https:\/\/marktxxl.de\/markt\/","name":"Markt-XXL","description":"Ihr Markt Online","publisher":{"@id":"https:\/\/marktxxl.de\/markt\/#organization"},"potentialAction":[{"@type":"SearchAction","target":{"@type":"EntryPoint","urlTemplate":"https:\/\/marktxxl.de\/markt\/?s={search_term_string}"},"query-input":{"@type":"PropertyValueSpecification","valueRequired":true,"valueName":"search_term_string"}}],"inLanguage":"de"},{"@type":"Organization","@id":"https:\/\/marktxxl.de\/markt\/#organization","name":"Markt-XXL","url":"https:\/\/marktxxl.de\/markt\/","logo":{"@type":"ImageObject","inLanguage":"de","@id":"https:\/\/marktxxl.de\/markt\/#\/schema\/logo\/image\/","url":"https:\/\/marktxxl.de\/markt\/wp-content\/uploads\/sites\/3\/2020\/12\/logo.png","contentUrl":"https:\/\/marktxxl.de\/markt\/wp-content\/uploads\/sites\/3\/2020\/12\/logo.png","width":200,"height":70,"caption":"Markt-XXL"},"image":{"@id":"https:\/\/marktxxl.de\/markt\/#\/schema\/logo\/image\/"}}]}},"_links":{"self":[{"href":"https:\/\/marktxxl.de\/markt\/wp-json\/wp\/v2\/product\/93385","targetHints":{"allow":["GET"]}}],"collection":[{"href":"https:\/\/marktxxl.de\/markt\/wp-json\/wp\/v2\/product"}],"about":[{"href":"https:\/\/marktxxl.de\/markt\/wp-json\/wp\/v2\/types\/product"}],"replies":[{"embeddable":true,"href":"https:\/\/marktxxl.de\/markt\/wp-json\/wp\/v2\/comments?post=93385"}],"wp:featuredmedia":[{"embeddable":true,"href":"https:\/\/marktxxl.de\/markt\/wp-json\/wp\/v2\/media\/93386"}],"wp:attachment":[{"href":"https:\/\/marktxxl.de\/markt\/wp-json\/wp\/v2\/media?parent=93385"}],"wp:term":[{"taxonomy":"product_brand","embeddable":true,"href":"https:\/\/marktxxl.de\/markt\/wp-json\/wp\/v2\/product_brand?post=93385"},{"taxonomy":"product_cat","embeddable":true,"href":"https:\/\/marktxxl.de\/markt\/wp-json\/wp\/v2\/product_cat?post=93385"},{"taxonomy":"product_tag","embeddable":true,"href":"https:\/\/marktxxl.de\/markt\/wp-json\/wp\/v2\/product_tag?post=93385"}],"curies":[{"name":"wp","href":"https:\/\/api.w.org\/{rel}","templated":true}]}}