{"id":93356,"date":"2021-12-28T21:46:02","date_gmt":"2021-12-28T20:46:02","guid":{"rendered":"https:\/\/marktxxl.de\/markt\/produkt\/teen-titans-bademantel-kinder-fleece-morgenmantel-jungen-mit-kapuze-flauschig-weich-kinderbademantel-junge-und-teenager-4-14-jahre-geschenke-fur-kinder\/"},"modified":"2023-04-11T03:14:32","modified_gmt":"2023-04-11T01:14:32","slug":"teen-titans-bademantel-kinder-fleece-morgenmantel-jungen-mit-kapuze-flauschig-weich-kinderbademantel-junge-und-teenager-4-14-jahre-geschenke-fur-kinder","status":"publish","type":"product","link":"https:\/\/marktxxl.de\/markt\/produkt\/teen-titans-bademantel-kinder-fleece-morgenmantel-jungen-mit-kapuze-flauschig-weich-kinderbademantel-junge-und-teenager-4-14-jahre-geschenke-fur-kinder\/","title":{"rendered":"Teen Titans Bademantel Kinder, Fleece Morgenmantel Jungen mit Kapuze, Flauschig Weich Kinderbademantel Junge und\u2026"},"content":{"rendered":"<p>WEICHES BADEMANTEL JUNGEN: Diese neue, h\u00fcbsche Morgenmantel Kinder Jungen von den amerikanische Cartoon Teen Titans verf\u00fcgt \u00fcber ein farbige Design mit der sehr beliebte Charakteren Beast Boy, Raven, Starfire and Cyborg. Wickeln Sie die Kleinen mit ihren Lieblings Superhelden in die warme Robe<br \/>\nVERF\u00dcGBARE GR\u00d6SSEN: Der Bademantel Kinder Jungen ist in einer Vielzahl von Gr\u00f6\u00dfen erh\u00e4ltlich, geeignet f\u00fcr Jungen und Jugendliche: 4-5 Jahre(104-110 cm), 5-6 Jahre(110-116 cm), 7-8 Jahre(122-128 cm), 9-10 Jahre(134-140 cm), 11-12 Jahre(146-152 cm) und 13-14 Jahre(158-164 cm)<br \/>\nWEICHES QUALIT\u00c4T: Der weiche Jungen Bademantel von Teen Titans Go ist aus einem warmes Fleece gefertigt, dass in der kalten Jahreszeit kuscheln wird! Der Bademantel Kinder Fleece ist ideal zum Chillen zu Hause, perfekt zum Tragen am Morgen oder sogar nach einem hei\u00dfen Bad<br \/>\nTEEN TITANS MERCHANDISE: Diese Bademantel f\u00fcr Jungen ist offiziell lizensiert aus einer der beliebtesten TV-Shows f\u00fcr Kinder, mit Robin und seinem Team! Der Fleece Bademantel f\u00fcr Kinder wurde exklusiv f\u00fcr F&amp;F Stores entworfen und produziert und ist ein perfektes Geschenk f\u00fcr Jungen jeden Alters.<br \/>\nKINDER GESCHENKE: Wenn Sie auf der Suche nach einem Weihnachtsgeschenk f\u00fcr ein Geburtstagsgeschenk f\u00fcr Kinder sind, sind diese Badem\u00e4ntel das perfekte Geschenk f\u00fcr einen Teen Titans-Fana<br \/>\n<div class=\"main-cross-sell\" data-asin=\"B08JF1RNQ9\">\n\n\t<div class=\"WooZone-cross-sell-loader\">\n\t\t<div>\n\t\t\t<div id=\"floatingBarsG\">\n\t\t\t\t<div class=\"blockG\" id=\"rotateG_01\"><\/div>\n\t\t\t\t<div class=\"blockG\" id=\"rotateG_02\"><\/div>\n\t\t\t\t<div class=\"blockG\" id=\"rotateG_03\"><\/div>\n\t\t\t\t<div class=\"blockG\" id=\"rotateG_04\"><\/div>\n\t\t\t\t<div class=\"blockG\" id=\"rotateG_05\"><\/div>\n\t\t\t\t<div class=\"blockG\" id=\"rotateG_06\"><\/div>\n\t\t\t\t<div class=\"blockG\" id=\"rotateG_07\"><\/div>\n\t\t\t\t<div class=\"blockG\" id=\"rotateG_08\"><\/div>\n\t\t\t<\/div>\n\t\t\t<div class=\"WooZone-cross-sell-loader-text\"><\/div>\n\t\t<\/div>\n\t<\/div>\n\n\t\t\n<\/div>\n<div style=\"clear:both;\"><\/div><\/p>\n","protected":false},"excerpt":{"rendered":"<p>WEICHES BADEMANTEL JUNGEN: Diese neue, h\u00fcbsche Morgenmantel Kinder Jungen von den amerikanische Cartoon Teen Titans verf\u00fcgt \u00fcber ein farbige Design mit der sehr beliebte Charakteren Beast Boy, Raven, Starfire and Cyborg. Wickeln Sie die Kleinen mit ihren Lieblings Superhelden in die warme Robe<br \/>\nVERF\u00dcGBARE GR\u00d6SSEN: Der Bademantel Kinder Jungen ist in einer Vielzahl von Gr\u00f6\u00dfen erh\u00e4ltlich, geeignet f\u00fcr Jungen und Jugendliche: 4-5 Jahre(104-110 cm), 5-6 Jahre(110-116 cm), 7-8 Jahre(122-128 cm), 9-10 Jahre(134-140 cm), 11-12 Jahre(146-152 cm) und 13-14 Jahre(158-164 cm)<br \/>\nWEICHES QUALIT\u00c4T: Der weiche Jungen Bademantel von Teen Titans Go ist aus einem warmes Fleece gefertigt, dass in der kalten Jahreszeit kuscheln wird! Der Bademantel Kinder Fleece ist ideal zum Chillen zu Hause, perfekt zum Tragen am Morgen oder sogar nach einem hei\u00dfen Bad<\/p>\n","protected":false},"featured_media":93357,"comment_status":"open","ping_status":"closed","template":"","meta":[],"product_brand":[],"product_cat":[1186,4034],"product_tag":[],"class_list":{"0":"post-93356","1":"product","2":"type-product","3":"status-publish","4":"has-post-thumbnail","6":"product_cat-bekleidung","7":"product_cat-jungen","8":"pa_binding-textilien","9":"pa_brand-teen-titans-go","10":"pa_brand-thames-hudson","12":"first","13":"instock","14":"shipping-taxable","15":"purchasable","16":"product-type-simple","17":"customify-col","18":"product-has-gallery"},"yoast_head":"<!-- This site is optimized with the Yoast SEO plugin v27.4 - https:\/\/yoast.com\/product\/yoast-seo-wordpress\/ -->\n<title>Teen Titans Bademantel Kinder, Fleece Morgenmantel Jungen mit Kapuze, Flauschig Weich Kinderbademantel Junge und\u2026 - Markt-XXL<\/title>\n<meta name=\"description\" content=\"Markt-XXL Teen Titans Bademantel Kinder, Fleece Morgenmantel Jungen mit Kapuze, Flauschig Weich Kinderbademantel Junge und\u2026\" \/>\n<meta name=\"robots\" content=\"index, follow, max-snippet:-1, max-image-preview:large, max-video-preview:-1\" \/>\n<link rel=\"canonical\" href=\"https:\/\/marktxxl.de\/markt\/produkt\/teen-titans-bademantel-kinder-fleece-morgenmantel-jungen-mit-kapuze-flauschig-weich-kinderbademantel-junge-und-teenager-4-14-jahre-geschenke-fur-kinder\/\" \/>\n<meta property=\"og:locale\" content=\"de_DE\" \/>\n<meta property=\"og:type\" content=\"article\" \/>\n<meta property=\"og:title\" content=\"Teen Titans Bademantel Kinder, Fleece Morgenmantel Jungen mit Kapuze, Flauschig Weich Kinderbademantel Junge und\u2026 - Markt-XXL\" \/>\n<meta property=\"og:description\" content=\"Markt-XXL Teen Titans Bademantel Kinder, Fleece Morgenmantel Jungen mit Kapuze, Flauschig Weich Kinderbademantel Junge und\u2026\" \/>\n<meta property=\"og:url\" content=\"https:\/\/marktxxl.de\/markt\/produkt\/teen-titans-bademantel-kinder-fleece-morgenmantel-jungen-mit-kapuze-flauschig-weich-kinderbademantel-junge-und-teenager-4-14-jahre-geschenke-fur-kinder\/\" \/>\n<meta property=\"og:site_name\" content=\"Markt-XXL\" \/>\n<meta property=\"article:modified_time\" content=\"2023-04-11T01:14:32+00:00\" \/>\n<meta property=\"og:image\" content=\"https:\/\/m.media-amazon.com\/images\/I\/51C1N3VTFJL._SL500_.jpg\" \/>\n\t<meta property=\"og:image:width\" content=\"321\" \/>\n\t<meta property=\"og:image:height\" content=\"500\" \/>\n\t<meta property=\"og:image:type\" content=\"image\/jpeg\" \/>\n<meta name=\"twitter:card\" content=\"summary_large_image\" \/>\n<meta name=\"twitter:label1\" content=\"Gesch\u00e4tzte Lesezeit\" \/>\n\t<meta name=\"twitter:data1\" content=\"1\u00a0Minute\" \/>\n<script type=\"application\/ld+json\" class=\"yoast-schema-graph\">{\"@context\":\"https:\\\/\\\/schema.org\",\"@graph\":[{\"@type\":\"WebPage\",\"@id\":\"https:\\\/\\\/marktxxl.de\\\/markt\\\/produkt\\\/teen-titans-bademantel-kinder-fleece-morgenmantel-jungen-mit-kapuze-flauschig-weich-kinderbademantel-junge-und-teenager-4-14-jahre-geschenke-fur-kinder\\\/\",\"url\":\"https:\\\/\\\/marktxxl.de\\\/markt\\\/produkt\\\/teen-titans-bademantel-kinder-fleece-morgenmantel-jungen-mit-kapuze-flauschig-weich-kinderbademantel-junge-und-teenager-4-14-jahre-geschenke-fur-kinder\\\/\",\"name\":\"Teen Titans Bademantel Kinder, Fleece Morgenmantel Jungen mit Kapuze, Flauschig Weich Kinderbademantel Junge und\u2026 - Markt-XXL\",\"isPartOf\":{\"@id\":\"https:\\\/\\\/marktxxl.de\\\/markt\\\/#website\"},\"primaryImageOfPage\":{\"@id\":\"https:\\\/\\\/marktxxl.de\\\/markt\\\/produkt\\\/teen-titans-bademantel-kinder-fleece-morgenmantel-jungen-mit-kapuze-flauschig-weich-kinderbademantel-junge-und-teenager-4-14-jahre-geschenke-fur-kinder\\\/#primaryimage\"},\"image\":{\"@id\":\"https:\\\/\\\/marktxxl.de\\\/markt\\\/produkt\\\/teen-titans-bademantel-kinder-fleece-morgenmantel-jungen-mit-kapuze-flauschig-weich-kinderbademantel-junge-und-teenager-4-14-jahre-geschenke-fur-kinder\\\/#primaryimage\"},\"thumbnailUrl\":\"https:\\\/\\\/m.media-amazon.com\\\/images\\\/I\\\/51C1N3VTFJL._SL500_.jpg\",\"datePublished\":\"2021-12-28T20:46:02+00:00\",\"dateModified\":\"2023-04-11T01:14:32+00:00\",\"description\":\"Markt-XXL Teen Titans Bademantel Kinder, Fleece Morgenmantel Jungen mit Kapuze, Flauschig Weich Kinderbademantel Junge und\u2026\",\"breadcrumb\":{\"@id\":\"https:\\\/\\\/marktxxl.de\\\/markt\\\/produkt\\\/teen-titans-bademantel-kinder-fleece-morgenmantel-jungen-mit-kapuze-flauschig-weich-kinderbademantel-junge-und-teenager-4-14-jahre-geschenke-fur-kinder\\\/#breadcrumb\"},\"inLanguage\":\"de\",\"potentialAction\":[{\"@type\":\"ReadAction\",\"target\":[\"https:\\\/\\\/marktxxl.de\\\/markt\\\/produkt\\\/teen-titans-bademantel-kinder-fleece-morgenmantel-jungen-mit-kapuze-flauschig-weich-kinderbademantel-junge-und-teenager-4-14-jahre-geschenke-fur-kinder\\\/\"]}]},{\"@type\":\"ImageObject\",\"inLanguage\":\"de\",\"@id\":\"https:\\\/\\\/marktxxl.de\\\/markt\\\/produkt\\\/teen-titans-bademantel-kinder-fleece-morgenmantel-jungen-mit-kapuze-flauschig-weich-kinderbademantel-junge-und-teenager-4-14-jahre-geschenke-fur-kinder\\\/#primaryimage\",\"url\":\"https:\\\/\\\/m.media-amazon.com\\\/images\\\/I\\\/51C1N3VTFJL._SL500_.jpg\",\"contentUrl\":\"https:\\\/\\\/m.media-amazon.com\\\/images\\\/I\\\/51C1N3VTFJL._SL500_.jpg\",\"width\":321,\"height\":500},{\"@type\":\"BreadcrumbList\",\"@id\":\"https:\\\/\\\/marktxxl.de\\\/markt\\\/produkt\\\/teen-titans-bademantel-kinder-fleece-morgenmantel-jungen-mit-kapuze-flauschig-weich-kinderbademantel-junge-und-teenager-4-14-jahre-geschenke-fur-kinder\\\/#breadcrumb\",\"itemListElement\":[{\"@type\":\"ListItem\",\"position\":1,\"name\":\"Startseite\",\"item\":\"https:\\\/\\\/marktxxl.de\\\/markt\\\/\"},{\"@type\":\"ListItem\",\"position\":2,\"name\":\"Markt\",\"item\":\"https:\\\/\\\/marktxxl.de\\\/markt\\\/\"},{\"@type\":\"ListItem\",\"position\":3,\"name\":\"Teen Titans Bademantel Kinder, Fleece Morgenmantel Jungen mit Kapuze, Flauschig Weich Kinderbademantel Junge und\u2026\"}]},{\"@type\":\"WebSite\",\"@id\":\"https:\\\/\\\/marktxxl.de\\\/markt\\\/#website\",\"url\":\"https:\\\/\\\/marktxxl.de\\\/markt\\\/\",\"name\":\"Markt-XXL\",\"description\":\"Ihr Markt Online\",\"publisher\":{\"@id\":\"https:\\\/\\\/marktxxl.de\\\/markt\\\/#organization\"},\"potentialAction\":[{\"@type\":\"SearchAction\",\"target\":{\"@type\":\"EntryPoint\",\"urlTemplate\":\"https:\\\/\\\/marktxxl.de\\\/markt\\\/?s={search_term_string}\"},\"query-input\":{\"@type\":\"PropertyValueSpecification\",\"valueRequired\":true,\"valueName\":\"search_term_string\"}}],\"inLanguage\":\"de\"},{\"@type\":\"Organization\",\"@id\":\"https:\\\/\\\/marktxxl.de\\\/markt\\\/#organization\",\"name\":\"Markt-XXL\",\"url\":\"https:\\\/\\\/marktxxl.de\\\/markt\\\/\",\"logo\":{\"@type\":\"ImageObject\",\"inLanguage\":\"de\",\"@id\":\"https:\\\/\\\/marktxxl.de\\\/markt\\\/#\\\/schema\\\/logo\\\/image\\\/\",\"url\":\"https:\\\/\\\/marktxxl.de\\\/markt\\\/wp-content\\\/uploads\\\/sites\\\/3\\\/2020\\\/12\\\/logo.png\",\"contentUrl\":\"https:\\\/\\\/marktxxl.de\\\/markt\\\/wp-content\\\/uploads\\\/sites\\\/3\\\/2020\\\/12\\\/logo.png\",\"width\":200,\"height\":70,\"caption\":\"Markt-XXL\"},\"image\":{\"@id\":\"https:\\\/\\\/marktxxl.de\\\/markt\\\/#\\\/schema\\\/logo\\\/image\\\/\"}}]}<\/script>\n<!-- \/ Yoast SEO plugin. -->","yoast_head_json":{"title":"Teen Titans Bademantel Kinder, Fleece Morgenmantel Jungen mit Kapuze, Flauschig Weich Kinderbademantel Junge und\u2026 - Markt-XXL","description":"Markt-XXL Teen Titans Bademantel Kinder, Fleece Morgenmantel Jungen mit Kapuze, Flauschig Weich Kinderbademantel Junge und\u2026","robots":{"index":"index","follow":"follow","max-snippet":"max-snippet:-1","max-image-preview":"max-image-preview:large","max-video-preview":"max-video-preview:-1"},"canonical":"https:\/\/marktxxl.de\/markt\/produkt\/teen-titans-bademantel-kinder-fleece-morgenmantel-jungen-mit-kapuze-flauschig-weich-kinderbademantel-junge-und-teenager-4-14-jahre-geschenke-fur-kinder\/","og_locale":"de_DE","og_type":"article","og_title":"Teen Titans Bademantel Kinder, Fleece Morgenmantel Jungen mit Kapuze, Flauschig Weich Kinderbademantel Junge und\u2026 - Markt-XXL","og_description":"Markt-XXL Teen Titans Bademantel Kinder, Fleece Morgenmantel Jungen mit Kapuze, Flauschig Weich Kinderbademantel Junge und\u2026","og_url":"https:\/\/marktxxl.de\/markt\/produkt\/teen-titans-bademantel-kinder-fleece-morgenmantel-jungen-mit-kapuze-flauschig-weich-kinderbademantel-junge-und-teenager-4-14-jahre-geschenke-fur-kinder\/","og_site_name":"Markt-XXL","article_modified_time":"2023-04-11T01:14:32+00:00","og_image":[{"width":321,"height":500,"url":"https:\/\/m.media-amazon.com\/images\/I\/51C1N3VTFJL._SL500_.jpg","type":"image\/jpeg"}],"twitter_card":"summary_large_image","twitter_misc":{"Gesch\u00e4tzte Lesezeit":"1\u00a0Minute"},"schema":{"@context":"https:\/\/schema.org","@graph":[{"@type":"WebPage","@id":"https:\/\/marktxxl.de\/markt\/produkt\/teen-titans-bademantel-kinder-fleece-morgenmantel-jungen-mit-kapuze-flauschig-weich-kinderbademantel-junge-und-teenager-4-14-jahre-geschenke-fur-kinder\/","url":"https:\/\/marktxxl.de\/markt\/produkt\/teen-titans-bademantel-kinder-fleece-morgenmantel-jungen-mit-kapuze-flauschig-weich-kinderbademantel-junge-und-teenager-4-14-jahre-geschenke-fur-kinder\/","name":"Teen Titans Bademantel Kinder, Fleece Morgenmantel Jungen mit Kapuze, Flauschig Weich Kinderbademantel Junge und\u2026 - Markt-XXL","isPartOf":{"@id":"https:\/\/marktxxl.de\/markt\/#website"},"primaryImageOfPage":{"@id":"https:\/\/marktxxl.de\/markt\/produkt\/teen-titans-bademantel-kinder-fleece-morgenmantel-jungen-mit-kapuze-flauschig-weich-kinderbademantel-junge-und-teenager-4-14-jahre-geschenke-fur-kinder\/#primaryimage"},"image":{"@id":"https:\/\/marktxxl.de\/markt\/produkt\/teen-titans-bademantel-kinder-fleece-morgenmantel-jungen-mit-kapuze-flauschig-weich-kinderbademantel-junge-und-teenager-4-14-jahre-geschenke-fur-kinder\/#primaryimage"},"thumbnailUrl":"https:\/\/m.media-amazon.com\/images\/I\/51C1N3VTFJL._SL500_.jpg","datePublished":"2021-12-28T20:46:02+00:00","dateModified":"2023-04-11T01:14:32+00:00","description":"Markt-XXL Teen Titans Bademantel Kinder, Fleece Morgenmantel Jungen mit Kapuze, Flauschig Weich Kinderbademantel Junge und\u2026","breadcrumb":{"@id":"https:\/\/marktxxl.de\/markt\/produkt\/teen-titans-bademantel-kinder-fleece-morgenmantel-jungen-mit-kapuze-flauschig-weich-kinderbademantel-junge-und-teenager-4-14-jahre-geschenke-fur-kinder\/#breadcrumb"},"inLanguage":"de","potentialAction":[{"@type":"ReadAction","target":["https:\/\/marktxxl.de\/markt\/produkt\/teen-titans-bademantel-kinder-fleece-morgenmantel-jungen-mit-kapuze-flauschig-weich-kinderbademantel-junge-und-teenager-4-14-jahre-geschenke-fur-kinder\/"]}]},{"@type":"ImageObject","inLanguage":"de","@id":"https:\/\/marktxxl.de\/markt\/produkt\/teen-titans-bademantel-kinder-fleece-morgenmantel-jungen-mit-kapuze-flauschig-weich-kinderbademantel-junge-und-teenager-4-14-jahre-geschenke-fur-kinder\/#primaryimage","url":"https:\/\/m.media-amazon.com\/images\/I\/51C1N3VTFJL._SL500_.jpg","contentUrl":"https:\/\/m.media-amazon.com\/images\/I\/51C1N3VTFJL._SL500_.jpg","width":321,"height":500},{"@type":"BreadcrumbList","@id":"https:\/\/marktxxl.de\/markt\/produkt\/teen-titans-bademantel-kinder-fleece-morgenmantel-jungen-mit-kapuze-flauschig-weich-kinderbademantel-junge-und-teenager-4-14-jahre-geschenke-fur-kinder\/#breadcrumb","itemListElement":[{"@type":"ListItem","position":1,"name":"Startseite","item":"https:\/\/marktxxl.de\/markt\/"},{"@type":"ListItem","position":2,"name":"Markt","item":"https:\/\/marktxxl.de\/markt\/"},{"@type":"ListItem","position":3,"name":"Teen Titans Bademantel Kinder, Fleece Morgenmantel Jungen mit Kapuze, Flauschig Weich Kinderbademantel Junge und\u2026"}]},{"@type":"WebSite","@id":"https:\/\/marktxxl.de\/markt\/#website","url":"https:\/\/marktxxl.de\/markt\/","name":"Markt-XXL","description":"Ihr Markt Online","publisher":{"@id":"https:\/\/marktxxl.de\/markt\/#organization"},"potentialAction":[{"@type":"SearchAction","target":{"@type":"EntryPoint","urlTemplate":"https:\/\/marktxxl.de\/markt\/?s={search_term_string}"},"query-input":{"@type":"PropertyValueSpecification","valueRequired":true,"valueName":"search_term_string"}}],"inLanguage":"de"},{"@type":"Organization","@id":"https:\/\/marktxxl.de\/markt\/#organization","name":"Markt-XXL","url":"https:\/\/marktxxl.de\/markt\/","logo":{"@type":"ImageObject","inLanguage":"de","@id":"https:\/\/marktxxl.de\/markt\/#\/schema\/logo\/image\/","url":"https:\/\/marktxxl.de\/markt\/wp-content\/uploads\/sites\/3\/2020\/12\/logo.png","contentUrl":"https:\/\/marktxxl.de\/markt\/wp-content\/uploads\/sites\/3\/2020\/12\/logo.png","width":200,"height":70,"caption":"Markt-XXL"},"image":{"@id":"https:\/\/marktxxl.de\/markt\/#\/schema\/logo\/image\/"}}]}},"_links":{"self":[{"href":"https:\/\/marktxxl.de\/markt\/wp-json\/wp\/v2\/product\/93356","targetHints":{"allow":["GET"]}}],"collection":[{"href":"https:\/\/marktxxl.de\/markt\/wp-json\/wp\/v2\/product"}],"about":[{"href":"https:\/\/marktxxl.de\/markt\/wp-json\/wp\/v2\/types\/product"}],"replies":[{"embeddable":true,"href":"https:\/\/marktxxl.de\/markt\/wp-json\/wp\/v2\/comments?post=93356"}],"wp:featuredmedia":[{"embeddable":true,"href":"https:\/\/marktxxl.de\/markt\/wp-json\/wp\/v2\/media\/93357"}],"wp:attachment":[{"href":"https:\/\/marktxxl.de\/markt\/wp-json\/wp\/v2\/media?parent=93356"}],"wp:term":[{"taxonomy":"product_brand","embeddable":true,"href":"https:\/\/marktxxl.de\/markt\/wp-json\/wp\/v2\/product_brand?post=93356"},{"taxonomy":"product_cat","embeddable":true,"href":"https:\/\/marktxxl.de\/markt\/wp-json\/wp\/v2\/product_cat?post=93356"},{"taxonomy":"product_tag","embeddable":true,"href":"https:\/\/marktxxl.de\/markt\/wp-json\/wp\/v2\/product_tag?post=93356"}],"curies":[{"name":"wp","href":"https:\/\/api.w.org\/{rel}","templated":true}]}}