{"id":93252,"date":"2021-12-28T21:39:39","date_gmt":"2021-12-28T20:39:39","guid":{"rendered":"https:\/\/marktxxl.de\/markt\/produkt\/disney-schlafanzug-fuer-maedchen-prinzessin-jasmin-voller-laenge\/"},"modified":"2023-04-11T03:14:30","modified_gmt":"2023-04-11T01:14:30","slug":"disney-schlafanzug-fuer-maedchen-prinzessin-jasmin-voller-laenge","status":"publish","type":"product","link":"https:\/\/marktxxl.de\/markt\/produkt\/disney-schlafanzug-fuer-maedchen-prinzessin-jasmin-voller-laenge\/","title":{"rendered":"Disney Schlafanzug f\u00fcr M\u00e4dchen, Prinzessin, Jasmin, voller L\u00e4nge"},"content":{"rendered":"<p>Authentisches offizielles Lizenz: Neu von Disney. Unser sch\u00f6nes Jasmine-Pyjama-Set ist exklusiv von der neuen Marke Ultimate Kids, einzigartig in diesem Amazon-Shop. Dieses Design basiert auf dem offiziellen Kost\u00fcm von Jasmin und wurde so angepasst, dass es voll funktionsf\u00e4hig als Pyjama-Set sowie als Kost\u00fcm. Mit dem offiziellen Jasmin-Gr\u00fcn und die Hose sind genau wie Jasmines Hasenhose inklusive Chiffonrock. Two in one &#8211; Pyjama und Verkleidungskost\u00fcm.<br \/>\nDesign: Jedes Paar ist ein zweiteiliges Set mit einem lang\u00e4rmeligen Oberteil und einer langen Hose. Das Abfalleimer ist elastisch f\u00fcr eine perfekte Passform und die Hose ist mit B\u00fcndchen versehen. Das Material ist eine reichhaltige Baumwollmischung und ist perfekt f\u00fcr alle Jahreszeiten. Lang genug, um Ihre Kleinen im Winter warm zu halten, aber leicht und atmungsaktiv, um perfekt f\u00fcr die w\u00e4rmeren Monate zu sein. Perfekter Schlafanzug.<br \/>\nPflege: Maschinenwaschbar und hergestellt aus der besten Baumwollmischung, um diesen Schlafanzug langlebig und nat\u00fcrlich pflegeleicht zu machen. Das weiche Material ist super bequem, super gem\u00fctlich mit s\u00fc\u00dfem Design. Zufriedenheit garantiert.<br \/>\n<div class=\"main-cross-sell\" data-asin=\"B07ZL4GFM1\">\n\n\t<div class=\"WooZone-cross-sell-loader\">\n\t\t<div>\n\t\t\t<div id=\"floatingBarsG\">\n\t\t\t\t<div class=\"blockG\" id=\"rotateG_01\"><\/div>\n\t\t\t\t<div class=\"blockG\" id=\"rotateG_02\"><\/div>\n\t\t\t\t<div class=\"blockG\" id=\"rotateG_03\"><\/div>\n\t\t\t\t<div class=\"blockG\" id=\"rotateG_04\"><\/div>\n\t\t\t\t<div class=\"blockG\" id=\"rotateG_05\"><\/div>\n\t\t\t\t<div class=\"blockG\" id=\"rotateG_06\"><\/div>\n\t\t\t\t<div class=\"blockG\" id=\"rotateG_07\"><\/div>\n\t\t\t\t<div class=\"blockG\" id=\"rotateG_08\"><\/div>\n\t\t\t<\/div>\n\t\t\t<div class=\"WooZone-cross-sell-loader-text\"><\/div>\n\t\t<\/div>\n\t<\/div>\n\n\t\t\n<\/div>\n<div style=\"clear:both;\"><\/div><\/p>\n","protected":false},"excerpt":{"rendered":"<p>Authentisches offizielles Lizenz: Neu von Disney. Unser sch\u00f6nes Jasmine-Pyjama-Set ist exklusiv von der neuen Marke Ultimate Kids, einzigartig in diesem Amazon-Shop. Dieses Design basiert auf dem offiziellen Kost\u00fcm von Jasmin und wurde so angepasst, dass es voll funktionsf\u00e4hig als Pyjama-Set sowie als Kost\u00fcm. Mit dem offiziellen Jasmin-Gr\u00fcn und die Hose sind genau wie Jasmines Hasenhose inklusive Chiffonrock. Two in one &#8211; Pyjama und Verkleidungskost\u00fcm.<br \/>\nDesign: Jedes Paar ist ein zweiteiliges Set mit einem lang\u00e4rmeligen Oberteil und einer langen Hose. Das Abfalleimer ist elastisch f\u00fcr eine perfekte Passform und die Hose ist mit B\u00fcndchen versehen. Das Material ist eine reichhaltige Baumwollmischung und ist perfekt f\u00fcr alle Jahreszeiten. Lang genug, um Ihre Kleinen im Winter warm zu halten, aber leicht und atmungsaktiv, um perfekt f\u00fcr die w\u00e4rmeren Monate zu sein. Perfekter Schlafanzug.<br \/>\nPflege: Maschinenwaschbar und hergestellt aus der besten Baumwollmischung, um diesen Schlafanzug langlebig und nat\u00fcrlich pflegeleicht zu machen. Das weiche Material ist super bequem, super gem\u00fctlich mit s\u00fc\u00dfem Design. Zufriedenheit garantiert.<\/p>\n","protected":false},"featured_media":93253,"comment_status":"open","ping_status":"closed","template":"","meta":[],"product_brand":[],"product_cat":[1186,3990],"product_tag":[],"class_list":{"0":"post-93252","1":"product","2":"type-product","3":"status-publish","4":"has-post-thumbnail","6":"product_cat-bekleidung","7":"product_cat-maedchen","8":"pa_binding-textilien","9":"pa_brand-disney","10":"pa_color-gruen","11":"pa_manufacturer-disney","12":"pa_model-lbamzmpn1292","14":"first","15":"instock","16":"shipping-taxable","17":"purchasable","18":"product-type-simple","19":"customify-col","20":"product-has-gallery"},"yoast_head":"<!-- This site is optimized with the Yoast SEO plugin v27.4 - https:\/\/yoast.com\/product\/yoast-seo-wordpress\/ -->\n<title>Disney Schlafanzug f\u00fcr M\u00e4dchen, Prinzessin, Jasmin, voller L\u00e4nge - Markt-XXL<\/title>\n<meta name=\"description\" content=\"Markt-XXL Disney Schlafanzug f\u00fcr M\u00e4dchen, Prinzessin, Jasmin, voller L\u00e4nge\" \/>\n<meta name=\"robots\" content=\"index, follow, max-snippet:-1, max-image-preview:large, max-video-preview:-1\" \/>\n<link rel=\"canonical\" href=\"https:\/\/marktxxl.de\/markt\/produkt\/disney-schlafanzug-fuer-maedchen-prinzessin-jasmin-voller-laenge\/\" \/>\n<meta property=\"og:locale\" content=\"de_DE\" \/>\n<meta property=\"og:type\" content=\"article\" \/>\n<meta property=\"og:title\" content=\"Disney Schlafanzug f\u00fcr M\u00e4dchen, Prinzessin, Jasmin, voller L\u00e4nge - Markt-XXL\" \/>\n<meta property=\"og:description\" content=\"Markt-XXL Disney Schlafanzug f\u00fcr M\u00e4dchen, Prinzessin, Jasmin, voller L\u00e4nge\" \/>\n<meta property=\"og:url\" content=\"https:\/\/marktxxl.de\/markt\/produkt\/disney-schlafanzug-fuer-maedchen-prinzessin-jasmin-voller-laenge\/\" \/>\n<meta property=\"og:site_name\" content=\"Markt-XXL\" \/>\n<meta property=\"article:modified_time\" content=\"2023-04-11T01:14:30+00:00\" \/>\n<meta property=\"og:image\" content=\"https:\/\/m.media-amazon.com\/images\/I\/41Yts1gIrYL._SL500_.jpg\" \/>\n\t<meta property=\"og:image:width\" content=\"397\" \/>\n\t<meta property=\"og:image:height\" content=\"500\" \/>\n\t<meta property=\"og:image:type\" content=\"image\/jpeg\" \/>\n<meta name=\"twitter:card\" content=\"summary_large_image\" \/>\n<meta name=\"twitter:label1\" content=\"Gesch\u00e4tzte Lesezeit\" \/>\n\t<meta name=\"twitter:data1\" content=\"1\u00a0Minute\" \/>\n<script type=\"application\/ld+json\" class=\"yoast-schema-graph\">{\"@context\":\"https:\\\/\\\/schema.org\",\"@graph\":[{\"@type\":\"WebPage\",\"@id\":\"https:\\\/\\\/marktxxl.de\\\/markt\\\/produkt\\\/disney-schlafanzug-fuer-maedchen-prinzessin-jasmin-voller-laenge\\\/\",\"url\":\"https:\\\/\\\/marktxxl.de\\\/markt\\\/produkt\\\/disney-schlafanzug-fuer-maedchen-prinzessin-jasmin-voller-laenge\\\/\",\"name\":\"Disney Schlafanzug f\u00fcr M\u00e4dchen, Prinzessin, Jasmin, voller L\u00e4nge - Markt-XXL\",\"isPartOf\":{\"@id\":\"https:\\\/\\\/marktxxl.de\\\/markt\\\/#website\"},\"primaryImageOfPage\":{\"@id\":\"https:\\\/\\\/marktxxl.de\\\/markt\\\/produkt\\\/disney-schlafanzug-fuer-maedchen-prinzessin-jasmin-voller-laenge\\\/#primaryimage\"},\"image\":{\"@id\":\"https:\\\/\\\/marktxxl.de\\\/markt\\\/produkt\\\/disney-schlafanzug-fuer-maedchen-prinzessin-jasmin-voller-laenge\\\/#primaryimage\"},\"thumbnailUrl\":\"https:\\\/\\\/m.media-amazon.com\\\/images\\\/I\\\/41Yts1gIrYL._SL500_.jpg\",\"datePublished\":\"2021-12-28T20:39:39+00:00\",\"dateModified\":\"2023-04-11T01:14:30+00:00\",\"description\":\"Markt-XXL Disney Schlafanzug f\u00fcr M\u00e4dchen, Prinzessin, Jasmin, voller L\u00e4nge\",\"breadcrumb\":{\"@id\":\"https:\\\/\\\/marktxxl.de\\\/markt\\\/produkt\\\/disney-schlafanzug-fuer-maedchen-prinzessin-jasmin-voller-laenge\\\/#breadcrumb\"},\"inLanguage\":\"de\",\"potentialAction\":[{\"@type\":\"ReadAction\",\"target\":[\"https:\\\/\\\/marktxxl.de\\\/markt\\\/produkt\\\/disney-schlafanzug-fuer-maedchen-prinzessin-jasmin-voller-laenge\\\/\"]}]},{\"@type\":\"ImageObject\",\"inLanguage\":\"de\",\"@id\":\"https:\\\/\\\/marktxxl.de\\\/markt\\\/produkt\\\/disney-schlafanzug-fuer-maedchen-prinzessin-jasmin-voller-laenge\\\/#primaryimage\",\"url\":\"https:\\\/\\\/m.media-amazon.com\\\/images\\\/I\\\/41Yts1gIrYL._SL500_.jpg\",\"contentUrl\":\"https:\\\/\\\/m.media-amazon.com\\\/images\\\/I\\\/41Yts1gIrYL._SL500_.jpg\",\"width\":397,\"height\":500},{\"@type\":\"BreadcrumbList\",\"@id\":\"https:\\\/\\\/marktxxl.de\\\/markt\\\/produkt\\\/disney-schlafanzug-fuer-maedchen-prinzessin-jasmin-voller-laenge\\\/#breadcrumb\",\"itemListElement\":[{\"@type\":\"ListItem\",\"position\":1,\"name\":\"Startseite\",\"item\":\"https:\\\/\\\/marktxxl.de\\\/markt\\\/\"},{\"@type\":\"ListItem\",\"position\":2,\"name\":\"Markt\",\"item\":\"https:\\\/\\\/marktxxl.de\\\/markt\\\/\"},{\"@type\":\"ListItem\",\"position\":3,\"name\":\"Disney Schlafanzug f\u00fcr M\u00e4dchen, Prinzessin, Jasmin, voller L\u00e4nge\"}]},{\"@type\":\"WebSite\",\"@id\":\"https:\\\/\\\/marktxxl.de\\\/markt\\\/#website\",\"url\":\"https:\\\/\\\/marktxxl.de\\\/markt\\\/\",\"name\":\"Markt-XXL\",\"description\":\"Ihr Markt Online\",\"publisher\":{\"@id\":\"https:\\\/\\\/marktxxl.de\\\/markt\\\/#organization\"},\"potentialAction\":[{\"@type\":\"SearchAction\",\"target\":{\"@type\":\"EntryPoint\",\"urlTemplate\":\"https:\\\/\\\/marktxxl.de\\\/markt\\\/?s={search_term_string}\"},\"query-input\":{\"@type\":\"PropertyValueSpecification\",\"valueRequired\":true,\"valueName\":\"search_term_string\"}}],\"inLanguage\":\"de\"},{\"@type\":\"Organization\",\"@id\":\"https:\\\/\\\/marktxxl.de\\\/markt\\\/#organization\",\"name\":\"Markt-XXL\",\"url\":\"https:\\\/\\\/marktxxl.de\\\/markt\\\/\",\"logo\":{\"@type\":\"ImageObject\",\"inLanguage\":\"de\",\"@id\":\"https:\\\/\\\/marktxxl.de\\\/markt\\\/#\\\/schema\\\/logo\\\/image\\\/\",\"url\":\"https:\\\/\\\/marktxxl.de\\\/markt\\\/wp-content\\\/uploads\\\/sites\\\/3\\\/2020\\\/12\\\/logo.png\",\"contentUrl\":\"https:\\\/\\\/marktxxl.de\\\/markt\\\/wp-content\\\/uploads\\\/sites\\\/3\\\/2020\\\/12\\\/logo.png\",\"width\":200,\"height\":70,\"caption\":\"Markt-XXL\"},\"image\":{\"@id\":\"https:\\\/\\\/marktxxl.de\\\/markt\\\/#\\\/schema\\\/logo\\\/image\\\/\"}}]}<\/script>\n<!-- \/ Yoast SEO plugin. -->","yoast_head_json":{"title":"Disney Schlafanzug f\u00fcr M\u00e4dchen, Prinzessin, Jasmin, voller L\u00e4nge - Markt-XXL","description":"Markt-XXL Disney Schlafanzug f\u00fcr M\u00e4dchen, Prinzessin, Jasmin, voller L\u00e4nge","robots":{"index":"index","follow":"follow","max-snippet":"max-snippet:-1","max-image-preview":"max-image-preview:large","max-video-preview":"max-video-preview:-1"},"canonical":"https:\/\/marktxxl.de\/markt\/produkt\/disney-schlafanzug-fuer-maedchen-prinzessin-jasmin-voller-laenge\/","og_locale":"de_DE","og_type":"article","og_title":"Disney Schlafanzug f\u00fcr M\u00e4dchen, Prinzessin, Jasmin, voller L\u00e4nge - Markt-XXL","og_description":"Markt-XXL Disney Schlafanzug f\u00fcr M\u00e4dchen, Prinzessin, Jasmin, voller L\u00e4nge","og_url":"https:\/\/marktxxl.de\/markt\/produkt\/disney-schlafanzug-fuer-maedchen-prinzessin-jasmin-voller-laenge\/","og_site_name":"Markt-XXL","article_modified_time":"2023-04-11T01:14:30+00:00","og_image":[{"width":397,"height":500,"url":"https:\/\/m.media-amazon.com\/images\/I\/41Yts1gIrYL._SL500_.jpg","type":"image\/jpeg"}],"twitter_card":"summary_large_image","twitter_misc":{"Gesch\u00e4tzte Lesezeit":"1\u00a0Minute"},"schema":{"@context":"https:\/\/schema.org","@graph":[{"@type":"WebPage","@id":"https:\/\/marktxxl.de\/markt\/produkt\/disney-schlafanzug-fuer-maedchen-prinzessin-jasmin-voller-laenge\/","url":"https:\/\/marktxxl.de\/markt\/produkt\/disney-schlafanzug-fuer-maedchen-prinzessin-jasmin-voller-laenge\/","name":"Disney Schlafanzug f\u00fcr M\u00e4dchen, Prinzessin, Jasmin, voller L\u00e4nge - Markt-XXL","isPartOf":{"@id":"https:\/\/marktxxl.de\/markt\/#website"},"primaryImageOfPage":{"@id":"https:\/\/marktxxl.de\/markt\/produkt\/disney-schlafanzug-fuer-maedchen-prinzessin-jasmin-voller-laenge\/#primaryimage"},"image":{"@id":"https:\/\/marktxxl.de\/markt\/produkt\/disney-schlafanzug-fuer-maedchen-prinzessin-jasmin-voller-laenge\/#primaryimage"},"thumbnailUrl":"https:\/\/m.media-amazon.com\/images\/I\/41Yts1gIrYL._SL500_.jpg","datePublished":"2021-12-28T20:39:39+00:00","dateModified":"2023-04-11T01:14:30+00:00","description":"Markt-XXL Disney Schlafanzug f\u00fcr M\u00e4dchen, Prinzessin, Jasmin, voller L\u00e4nge","breadcrumb":{"@id":"https:\/\/marktxxl.de\/markt\/produkt\/disney-schlafanzug-fuer-maedchen-prinzessin-jasmin-voller-laenge\/#breadcrumb"},"inLanguage":"de","potentialAction":[{"@type":"ReadAction","target":["https:\/\/marktxxl.de\/markt\/produkt\/disney-schlafanzug-fuer-maedchen-prinzessin-jasmin-voller-laenge\/"]}]},{"@type":"ImageObject","inLanguage":"de","@id":"https:\/\/marktxxl.de\/markt\/produkt\/disney-schlafanzug-fuer-maedchen-prinzessin-jasmin-voller-laenge\/#primaryimage","url":"https:\/\/m.media-amazon.com\/images\/I\/41Yts1gIrYL._SL500_.jpg","contentUrl":"https:\/\/m.media-amazon.com\/images\/I\/41Yts1gIrYL._SL500_.jpg","width":397,"height":500},{"@type":"BreadcrumbList","@id":"https:\/\/marktxxl.de\/markt\/produkt\/disney-schlafanzug-fuer-maedchen-prinzessin-jasmin-voller-laenge\/#breadcrumb","itemListElement":[{"@type":"ListItem","position":1,"name":"Startseite","item":"https:\/\/marktxxl.de\/markt\/"},{"@type":"ListItem","position":2,"name":"Markt","item":"https:\/\/marktxxl.de\/markt\/"},{"@type":"ListItem","position":3,"name":"Disney Schlafanzug f\u00fcr M\u00e4dchen, Prinzessin, Jasmin, voller L\u00e4nge"}]},{"@type":"WebSite","@id":"https:\/\/marktxxl.de\/markt\/#website","url":"https:\/\/marktxxl.de\/markt\/","name":"Markt-XXL","description":"Ihr Markt Online","publisher":{"@id":"https:\/\/marktxxl.de\/markt\/#organization"},"potentialAction":[{"@type":"SearchAction","target":{"@type":"EntryPoint","urlTemplate":"https:\/\/marktxxl.de\/markt\/?s={search_term_string}"},"query-input":{"@type":"PropertyValueSpecification","valueRequired":true,"valueName":"search_term_string"}}],"inLanguage":"de"},{"@type":"Organization","@id":"https:\/\/marktxxl.de\/markt\/#organization","name":"Markt-XXL","url":"https:\/\/marktxxl.de\/markt\/","logo":{"@type":"ImageObject","inLanguage":"de","@id":"https:\/\/marktxxl.de\/markt\/#\/schema\/logo\/image\/","url":"https:\/\/marktxxl.de\/markt\/wp-content\/uploads\/sites\/3\/2020\/12\/logo.png","contentUrl":"https:\/\/marktxxl.de\/markt\/wp-content\/uploads\/sites\/3\/2020\/12\/logo.png","width":200,"height":70,"caption":"Markt-XXL"},"image":{"@id":"https:\/\/marktxxl.de\/markt\/#\/schema\/logo\/image\/"}}]}},"_links":{"self":[{"href":"https:\/\/marktxxl.de\/markt\/wp-json\/wp\/v2\/product\/93252","targetHints":{"allow":["GET"]}}],"collection":[{"href":"https:\/\/marktxxl.de\/markt\/wp-json\/wp\/v2\/product"}],"about":[{"href":"https:\/\/marktxxl.de\/markt\/wp-json\/wp\/v2\/types\/product"}],"replies":[{"embeddable":true,"href":"https:\/\/marktxxl.de\/markt\/wp-json\/wp\/v2\/comments?post=93252"}],"wp:featuredmedia":[{"embeddable":true,"href":"https:\/\/marktxxl.de\/markt\/wp-json\/wp\/v2\/media\/93253"}],"wp:attachment":[{"href":"https:\/\/marktxxl.de\/markt\/wp-json\/wp\/v2\/media?parent=93252"}],"wp:term":[{"taxonomy":"product_brand","embeddable":true,"href":"https:\/\/marktxxl.de\/markt\/wp-json\/wp\/v2\/product_brand?post=93252"},{"taxonomy":"product_cat","embeddable":true,"href":"https:\/\/marktxxl.de\/markt\/wp-json\/wp\/v2\/product_cat?post=93252"},{"taxonomy":"product_tag","embeddable":true,"href":"https:\/\/marktxxl.de\/markt\/wp-json\/wp\/v2\/product_tag?post=93252"}],"curies":[{"name":"wp","href":"https:\/\/api.w.org\/{rel}","templated":true}]}}