{"id":93153,"date":"2021-12-28T21:33:58","date_gmt":"2021-12-28T20:33:58","guid":{"rendered":"https:\/\/marktxxl.de\/markt\/produkt\/gravizone-tabakbeutel-mit-magnetverschluss-klassische-tabaktasche-leder-drehertasche-aus-wasserdichtem-oxford-gewebe\/"},"modified":"2023-04-11T03:14:29","modified_gmt":"2023-04-11T01:14:29","slug":"gravizone-tabakbeutel-mit-magnetverschluss-klassische-tabaktasche-leder-drehertasche-aus-wasserdichtem-oxford-gewebe","status":"publish","type":"product","link":"https:\/\/marktxxl.de\/markt\/produkt\/gravizone-tabakbeutel-mit-magnetverschluss-klassische-tabaktasche-leder-drehertasche-aus-wasserdichtem-oxford-gewebe\/","title":{"rendered":"Gravizone\u00ae Tabakbeutel mit Magnetverschluss \u2013 Klassische Tabaktasche Leder \u2013 Drehertasche aus wasserdichtem Oxford\u2026"},"content":{"rendered":"<p>\u2705 KLASSISCHE ELEGANZ \u2013 Mit Tabak Taschen M\u00e4nner perfekt ausstatten, die nicht nur bei ihrem Kleidungsstil auf gutes Aussehen achten. Wir haben bei unserem Tabakbeutel auf modernen Schnickschnack verzichtet und setzen auf schlichte Eleganz, die zu jedem passt!<br \/>\n\u2705 MAXIMAL STABILIT\u00c4T \u2013 Wir haben in diesem klassischen Tabakbeutel Leder und Oxford Gewebe vereint. Das Oxford Gewebe ist ein kr\u00e4ftiges Baumwollgebe mit einer matt schimmernden Oberfl\u00e4che!<br \/>\n\u2705 ALLES AN EINEM ORT \u2013 Die Drehtasche f\u00fcr Tabak kann auch als Zippo Tasche genutzt werden, sodass es dir nie an etwas fehlt. Der Magnetverschluss und der Rei\u00dfverschluss, sowie hochgeschlossene F\u00e4cher im Inneren sch\u00fctzen deinen Tabak und das Equipment!<br \/>\n\u2705 ORGANISATIONSTALENT \u2013 The handmade Drehbeutel von Gravizone \u00fcberzeugt durch jede Menge Platz und Organisation f\u00fcr dein Tabak Zubeh\u00f6r. Eindrehfilter, Zigarettenpapier und Zigarettenroller \u2013 alles kann praktisch und gemeinsam verpackt mitgenommen werden!<br \/>\n\u2705 100% DEIN KOMFORT \u2013 Unsere Drehtabak Tasche \u2013 auf jeden Fall ein Gewinn f\u00fcr dich. Schreite zur Tat und bereichere dich mit klassischer Eleganz, in jedem Moment des Tages und bei jedem Anlass!<br \/>\n<div class=\"main-cross-sell\" data-asin=\"B08P1YDDVD\">\n\n\t<div class=\"WooZone-cross-sell-loader\">\n\t\t<div>\n\t\t\t<div id=\"floatingBarsG\">\n\t\t\t\t<div class=\"blockG\" id=\"rotateG_01\"><\/div>\n\t\t\t\t<div class=\"blockG\" id=\"rotateG_02\"><\/div>\n\t\t\t\t<div class=\"blockG\" id=\"rotateG_03\"><\/div>\n\t\t\t\t<div class=\"blockG\" id=\"rotateG_04\"><\/div>\n\t\t\t\t<div class=\"blockG\" id=\"rotateG_05\"><\/div>\n\t\t\t\t<div class=\"blockG\" id=\"rotateG_06\"><\/div>\n\t\t\t\t<div class=\"blockG\" id=\"rotateG_07\"><\/div>\n\t\t\t\t<div class=\"blockG\" id=\"rotateG_08\"><\/div>\n\t\t\t<\/div>\n\t\t\t<div class=\"WooZone-cross-sell-loader-text\"><\/div>\n\t\t<\/div>\n\t<\/div>\n\n\t\t\n<\/div>\n<div style=\"clear:both;\"><\/div><\/p>\n","protected":false},"excerpt":{"rendered":"<p>\u2705 KLASSISCHE ELEGANZ \u2013 Mit Tabak Taschen M\u00e4nner perfekt ausstatten, die nicht nur bei ihrem Kleidungsstil auf gutes Aussehen achten. Wir haben bei unserem Tabakbeutel auf modernen Schnickschnack verzichtet und setzen auf schlichte Eleganz, die zu jedem passt!<br \/>\n\u2705 MAXIMAL STABILIT\u00c4T \u2013 Wir haben in diesem klassischen Tabakbeutel Leder und Oxford Gewebe vereint. Das Oxford Gewebe ist ein kr\u00e4ftiges Baumwollgebe mit einer matt schimmernden Oberfl\u00e4che!<br \/>\n\u2705 ALLES AN EINEM ORT \u2013 Die Drehtasche f\u00fcr Tabak kann auch als Zippo Tasche genutzt werden, sodass es dir nie an etwas fehlt. Der Magnetverschluss und der Rei\u00dfverschluss, sowie hochgeschlossene F\u00e4cher im Inneren sch\u00fctzen deinen Tabak und das Equipment!<\/p>\n","protected":false},"featured_media":93154,"comment_status":"open","ping_status":"closed","template":"","meta":[],"product_brand":[],"product_cat":[1186,3960],"product_tag":[],"class_list":{"0":"post-93153","1":"product","2":"type-product","3":"status-publish","4":"has-post-thumbnail","6":"product_cat-bekleidung","7":"product_cat-herren","8":"pa_brand-gr-gravizone","9":"pa_color-braun","10":"pa_size-m","12":"first","13":"instock","14":"shipping-taxable","15":"purchasable","16":"product-type-simple","17":"customify-col","18":"product-has-gallery"},"yoast_head":"<!-- This site is optimized with the Yoast SEO plugin v27.4 - https:\/\/yoast.com\/product\/yoast-seo-wordpress\/ -->\n<title>Gravizone\u00ae Tabakbeutel mit Magnetverschluss \u2013 Klassische Tabaktasche Leder \u2013 Drehertasche aus wasserdichtem Oxford\u2026 - Markt-XXL<\/title>\n<meta name=\"description\" content=\"Markt-XXL Gravizone\u00ae Tabakbeutel mit Magnetverschluss \u2013 Klassische Tabaktasche Leder \u2013 Drehertasche aus wasserdichtem Oxford\u2026\" \/>\n<meta name=\"robots\" content=\"index, follow, max-snippet:-1, max-image-preview:large, max-video-preview:-1\" \/>\n<link rel=\"canonical\" href=\"https:\/\/marktxxl.de\/markt\/produkt\/gravizone-tabakbeutel-mit-magnetverschluss-klassische-tabaktasche-leder-drehertasche-aus-wasserdichtem-oxford-gewebe\/\" \/>\n<meta property=\"og:locale\" content=\"de_DE\" \/>\n<meta property=\"og:type\" content=\"article\" \/>\n<meta property=\"og:title\" content=\"Gravizone\u00ae Tabakbeutel mit Magnetverschluss \u2013 Klassische Tabaktasche Leder \u2013 Drehertasche aus wasserdichtem Oxford\u2026 - Markt-XXL\" \/>\n<meta property=\"og:description\" content=\"Markt-XXL Gravizone\u00ae Tabakbeutel mit Magnetverschluss \u2013 Klassische Tabaktasche Leder \u2013 Drehertasche aus wasserdichtem Oxford\u2026\" \/>\n<meta property=\"og:url\" content=\"https:\/\/marktxxl.de\/markt\/produkt\/gravizone-tabakbeutel-mit-magnetverschluss-klassische-tabaktasche-leder-drehertasche-aus-wasserdichtem-oxford-gewebe\/\" \/>\n<meta property=\"og:site_name\" content=\"Markt-XXL\" \/>\n<meta property=\"article:modified_time\" content=\"2023-04-11T01:14:29+00:00\" \/>\n<meta property=\"og:image\" content=\"https:\/\/m.media-amazon.com\/images\/I\/41tXmSzDW8L._SL500_.jpg\" \/>\n\t<meta property=\"og:image:width\" content=\"500\" \/>\n\t<meta property=\"og:image:height\" content=\"500\" \/>\n\t<meta property=\"og:image:type\" content=\"image\/jpeg\" \/>\n<meta name=\"twitter:card\" content=\"summary_large_image\" \/>\n<meta name=\"twitter:label1\" content=\"Gesch\u00e4tzte Lesezeit\" \/>\n\t<meta name=\"twitter:data1\" content=\"1\u00a0Minute\" \/>\n<script type=\"application\/ld+json\" class=\"yoast-schema-graph\">{\"@context\":\"https:\\\/\\\/schema.org\",\"@graph\":[{\"@type\":\"WebPage\",\"@id\":\"https:\\\/\\\/marktxxl.de\\\/markt\\\/produkt\\\/gravizone-tabakbeutel-mit-magnetverschluss-klassische-tabaktasche-leder-drehertasche-aus-wasserdichtem-oxford-gewebe\\\/\",\"url\":\"https:\\\/\\\/marktxxl.de\\\/markt\\\/produkt\\\/gravizone-tabakbeutel-mit-magnetverschluss-klassische-tabaktasche-leder-drehertasche-aus-wasserdichtem-oxford-gewebe\\\/\",\"name\":\"Gravizone\u00ae Tabakbeutel mit Magnetverschluss \u2013 Klassische Tabaktasche Leder \u2013 Drehertasche aus wasserdichtem Oxford\u2026 - Markt-XXL\",\"isPartOf\":{\"@id\":\"https:\\\/\\\/marktxxl.de\\\/markt\\\/#website\"},\"primaryImageOfPage\":{\"@id\":\"https:\\\/\\\/marktxxl.de\\\/markt\\\/produkt\\\/gravizone-tabakbeutel-mit-magnetverschluss-klassische-tabaktasche-leder-drehertasche-aus-wasserdichtem-oxford-gewebe\\\/#primaryimage\"},\"image\":{\"@id\":\"https:\\\/\\\/marktxxl.de\\\/markt\\\/produkt\\\/gravizone-tabakbeutel-mit-magnetverschluss-klassische-tabaktasche-leder-drehertasche-aus-wasserdichtem-oxford-gewebe\\\/#primaryimage\"},\"thumbnailUrl\":\"https:\\\/\\\/m.media-amazon.com\\\/images\\\/I\\\/41tXmSzDW8L._SL500_.jpg\",\"datePublished\":\"2021-12-28T20:33:58+00:00\",\"dateModified\":\"2023-04-11T01:14:29+00:00\",\"description\":\"Markt-XXL Gravizone\u00ae Tabakbeutel mit Magnetverschluss \u2013 Klassische Tabaktasche Leder \u2013 Drehertasche aus wasserdichtem Oxford\u2026\",\"breadcrumb\":{\"@id\":\"https:\\\/\\\/marktxxl.de\\\/markt\\\/produkt\\\/gravizone-tabakbeutel-mit-magnetverschluss-klassische-tabaktasche-leder-drehertasche-aus-wasserdichtem-oxford-gewebe\\\/#breadcrumb\"},\"inLanguage\":\"de\",\"potentialAction\":[{\"@type\":\"ReadAction\",\"target\":[\"https:\\\/\\\/marktxxl.de\\\/markt\\\/produkt\\\/gravizone-tabakbeutel-mit-magnetverschluss-klassische-tabaktasche-leder-drehertasche-aus-wasserdichtem-oxford-gewebe\\\/\"]}]},{\"@type\":\"ImageObject\",\"inLanguage\":\"de\",\"@id\":\"https:\\\/\\\/marktxxl.de\\\/markt\\\/produkt\\\/gravizone-tabakbeutel-mit-magnetverschluss-klassische-tabaktasche-leder-drehertasche-aus-wasserdichtem-oxford-gewebe\\\/#primaryimage\",\"url\":\"https:\\\/\\\/m.media-amazon.com\\\/images\\\/I\\\/41tXmSzDW8L._SL500_.jpg\",\"contentUrl\":\"https:\\\/\\\/m.media-amazon.com\\\/images\\\/I\\\/41tXmSzDW8L._SL500_.jpg\",\"width\":500,\"height\":500},{\"@type\":\"BreadcrumbList\",\"@id\":\"https:\\\/\\\/marktxxl.de\\\/markt\\\/produkt\\\/gravizone-tabakbeutel-mit-magnetverschluss-klassische-tabaktasche-leder-drehertasche-aus-wasserdichtem-oxford-gewebe\\\/#breadcrumb\",\"itemListElement\":[{\"@type\":\"ListItem\",\"position\":1,\"name\":\"Startseite\",\"item\":\"https:\\\/\\\/marktxxl.de\\\/markt\\\/\"},{\"@type\":\"ListItem\",\"position\":2,\"name\":\"Markt\",\"item\":\"https:\\\/\\\/marktxxl.de\\\/markt\\\/\"},{\"@type\":\"ListItem\",\"position\":3,\"name\":\"Gravizone\u00ae Tabakbeutel mit Magnetverschluss \u2013 Klassische Tabaktasche Leder \u2013 Drehertasche aus wasserdichtem Oxford\u2026\"}]},{\"@type\":\"WebSite\",\"@id\":\"https:\\\/\\\/marktxxl.de\\\/markt\\\/#website\",\"url\":\"https:\\\/\\\/marktxxl.de\\\/markt\\\/\",\"name\":\"Markt-XXL\",\"description\":\"Ihr Markt Online\",\"publisher\":{\"@id\":\"https:\\\/\\\/marktxxl.de\\\/markt\\\/#organization\"},\"potentialAction\":[{\"@type\":\"SearchAction\",\"target\":{\"@type\":\"EntryPoint\",\"urlTemplate\":\"https:\\\/\\\/marktxxl.de\\\/markt\\\/?s={search_term_string}\"},\"query-input\":{\"@type\":\"PropertyValueSpecification\",\"valueRequired\":true,\"valueName\":\"search_term_string\"}}],\"inLanguage\":\"de\"},{\"@type\":\"Organization\",\"@id\":\"https:\\\/\\\/marktxxl.de\\\/markt\\\/#organization\",\"name\":\"Markt-XXL\",\"url\":\"https:\\\/\\\/marktxxl.de\\\/markt\\\/\",\"logo\":{\"@type\":\"ImageObject\",\"inLanguage\":\"de\",\"@id\":\"https:\\\/\\\/marktxxl.de\\\/markt\\\/#\\\/schema\\\/logo\\\/image\\\/\",\"url\":\"https:\\\/\\\/marktxxl.de\\\/markt\\\/wp-content\\\/uploads\\\/sites\\\/3\\\/2020\\\/12\\\/logo.png\",\"contentUrl\":\"https:\\\/\\\/marktxxl.de\\\/markt\\\/wp-content\\\/uploads\\\/sites\\\/3\\\/2020\\\/12\\\/logo.png\",\"width\":200,\"height\":70,\"caption\":\"Markt-XXL\"},\"image\":{\"@id\":\"https:\\\/\\\/marktxxl.de\\\/markt\\\/#\\\/schema\\\/logo\\\/image\\\/\"}}]}<\/script>\n<!-- \/ Yoast SEO plugin. -->","yoast_head_json":{"title":"Gravizone\u00ae Tabakbeutel mit Magnetverschluss \u2013 Klassische Tabaktasche Leder \u2013 Drehertasche aus wasserdichtem Oxford\u2026 - Markt-XXL","description":"Markt-XXL Gravizone\u00ae Tabakbeutel mit Magnetverschluss \u2013 Klassische Tabaktasche Leder \u2013 Drehertasche aus wasserdichtem Oxford\u2026","robots":{"index":"index","follow":"follow","max-snippet":"max-snippet:-1","max-image-preview":"max-image-preview:large","max-video-preview":"max-video-preview:-1"},"canonical":"https:\/\/marktxxl.de\/markt\/produkt\/gravizone-tabakbeutel-mit-magnetverschluss-klassische-tabaktasche-leder-drehertasche-aus-wasserdichtem-oxford-gewebe\/","og_locale":"de_DE","og_type":"article","og_title":"Gravizone\u00ae Tabakbeutel mit Magnetverschluss \u2013 Klassische Tabaktasche Leder \u2013 Drehertasche aus wasserdichtem Oxford\u2026 - Markt-XXL","og_description":"Markt-XXL Gravizone\u00ae Tabakbeutel mit Magnetverschluss \u2013 Klassische Tabaktasche Leder \u2013 Drehertasche aus wasserdichtem Oxford\u2026","og_url":"https:\/\/marktxxl.de\/markt\/produkt\/gravizone-tabakbeutel-mit-magnetverschluss-klassische-tabaktasche-leder-drehertasche-aus-wasserdichtem-oxford-gewebe\/","og_site_name":"Markt-XXL","article_modified_time":"2023-04-11T01:14:29+00:00","og_image":[{"width":500,"height":500,"url":"https:\/\/m.media-amazon.com\/images\/I\/41tXmSzDW8L._SL500_.jpg","type":"image\/jpeg"}],"twitter_card":"summary_large_image","twitter_misc":{"Gesch\u00e4tzte Lesezeit":"1\u00a0Minute"},"schema":{"@context":"https:\/\/schema.org","@graph":[{"@type":"WebPage","@id":"https:\/\/marktxxl.de\/markt\/produkt\/gravizone-tabakbeutel-mit-magnetverschluss-klassische-tabaktasche-leder-drehertasche-aus-wasserdichtem-oxford-gewebe\/","url":"https:\/\/marktxxl.de\/markt\/produkt\/gravizone-tabakbeutel-mit-magnetverschluss-klassische-tabaktasche-leder-drehertasche-aus-wasserdichtem-oxford-gewebe\/","name":"Gravizone\u00ae Tabakbeutel mit Magnetverschluss \u2013 Klassische Tabaktasche Leder \u2013 Drehertasche aus wasserdichtem Oxford\u2026 - Markt-XXL","isPartOf":{"@id":"https:\/\/marktxxl.de\/markt\/#website"},"primaryImageOfPage":{"@id":"https:\/\/marktxxl.de\/markt\/produkt\/gravizone-tabakbeutel-mit-magnetverschluss-klassische-tabaktasche-leder-drehertasche-aus-wasserdichtem-oxford-gewebe\/#primaryimage"},"image":{"@id":"https:\/\/marktxxl.de\/markt\/produkt\/gravizone-tabakbeutel-mit-magnetverschluss-klassische-tabaktasche-leder-drehertasche-aus-wasserdichtem-oxford-gewebe\/#primaryimage"},"thumbnailUrl":"https:\/\/m.media-amazon.com\/images\/I\/41tXmSzDW8L._SL500_.jpg","datePublished":"2021-12-28T20:33:58+00:00","dateModified":"2023-04-11T01:14:29+00:00","description":"Markt-XXL Gravizone\u00ae Tabakbeutel mit Magnetverschluss \u2013 Klassische Tabaktasche Leder \u2013 Drehertasche aus wasserdichtem Oxford\u2026","breadcrumb":{"@id":"https:\/\/marktxxl.de\/markt\/produkt\/gravizone-tabakbeutel-mit-magnetverschluss-klassische-tabaktasche-leder-drehertasche-aus-wasserdichtem-oxford-gewebe\/#breadcrumb"},"inLanguage":"de","potentialAction":[{"@type":"ReadAction","target":["https:\/\/marktxxl.de\/markt\/produkt\/gravizone-tabakbeutel-mit-magnetverschluss-klassische-tabaktasche-leder-drehertasche-aus-wasserdichtem-oxford-gewebe\/"]}]},{"@type":"ImageObject","inLanguage":"de","@id":"https:\/\/marktxxl.de\/markt\/produkt\/gravizone-tabakbeutel-mit-magnetverschluss-klassische-tabaktasche-leder-drehertasche-aus-wasserdichtem-oxford-gewebe\/#primaryimage","url":"https:\/\/m.media-amazon.com\/images\/I\/41tXmSzDW8L._SL500_.jpg","contentUrl":"https:\/\/m.media-amazon.com\/images\/I\/41tXmSzDW8L._SL500_.jpg","width":500,"height":500},{"@type":"BreadcrumbList","@id":"https:\/\/marktxxl.de\/markt\/produkt\/gravizone-tabakbeutel-mit-magnetverschluss-klassische-tabaktasche-leder-drehertasche-aus-wasserdichtem-oxford-gewebe\/#breadcrumb","itemListElement":[{"@type":"ListItem","position":1,"name":"Startseite","item":"https:\/\/marktxxl.de\/markt\/"},{"@type":"ListItem","position":2,"name":"Markt","item":"https:\/\/marktxxl.de\/markt\/"},{"@type":"ListItem","position":3,"name":"Gravizone\u00ae Tabakbeutel mit Magnetverschluss \u2013 Klassische Tabaktasche Leder \u2013 Drehertasche aus wasserdichtem Oxford\u2026"}]},{"@type":"WebSite","@id":"https:\/\/marktxxl.de\/markt\/#website","url":"https:\/\/marktxxl.de\/markt\/","name":"Markt-XXL","description":"Ihr Markt Online","publisher":{"@id":"https:\/\/marktxxl.de\/markt\/#organization"},"potentialAction":[{"@type":"SearchAction","target":{"@type":"EntryPoint","urlTemplate":"https:\/\/marktxxl.de\/markt\/?s={search_term_string}"},"query-input":{"@type":"PropertyValueSpecification","valueRequired":true,"valueName":"search_term_string"}}],"inLanguage":"de"},{"@type":"Organization","@id":"https:\/\/marktxxl.de\/markt\/#organization","name":"Markt-XXL","url":"https:\/\/marktxxl.de\/markt\/","logo":{"@type":"ImageObject","inLanguage":"de","@id":"https:\/\/marktxxl.de\/markt\/#\/schema\/logo\/image\/","url":"https:\/\/marktxxl.de\/markt\/wp-content\/uploads\/sites\/3\/2020\/12\/logo.png","contentUrl":"https:\/\/marktxxl.de\/markt\/wp-content\/uploads\/sites\/3\/2020\/12\/logo.png","width":200,"height":70,"caption":"Markt-XXL"},"image":{"@id":"https:\/\/marktxxl.de\/markt\/#\/schema\/logo\/image\/"}}]}},"_links":{"self":[{"href":"https:\/\/marktxxl.de\/markt\/wp-json\/wp\/v2\/product\/93153","targetHints":{"allow":["GET"]}}],"collection":[{"href":"https:\/\/marktxxl.de\/markt\/wp-json\/wp\/v2\/product"}],"about":[{"href":"https:\/\/marktxxl.de\/markt\/wp-json\/wp\/v2\/types\/product"}],"replies":[{"embeddable":true,"href":"https:\/\/marktxxl.de\/markt\/wp-json\/wp\/v2\/comments?post=93153"}],"wp:featuredmedia":[{"embeddable":true,"href":"https:\/\/marktxxl.de\/markt\/wp-json\/wp\/v2\/media\/93154"}],"wp:attachment":[{"href":"https:\/\/marktxxl.de\/markt\/wp-json\/wp\/v2\/media?parent=93153"}],"wp:term":[{"taxonomy":"product_brand","embeddable":true,"href":"https:\/\/marktxxl.de\/markt\/wp-json\/wp\/v2\/product_brand?post=93153"},{"taxonomy":"product_cat","embeddable":true,"href":"https:\/\/marktxxl.de\/markt\/wp-json\/wp\/v2\/product_cat?post=93153"},{"taxonomy":"product_tag","embeddable":true,"href":"https:\/\/marktxxl.de\/markt\/wp-json\/wp\/v2\/product_tag?post=93153"}],"curies":[{"name":"wp","href":"https:\/\/api.w.org\/{rel}","templated":true}]}}