{"id":93064,"date":"2021-12-28T21:30:30","date_gmt":"2021-12-28T20:30:30","guid":{"rendered":"https:\/\/marktxxl.de\/markt\/produkt\/new-era-nfl-tampa-bay-buccaneers-team-logo-and-name-hoodie-dunkelgrau\/"},"modified":"2023-04-11T03:13:24","modified_gmt":"2023-04-11T01:13:24","slug":"new-era-nfl-tampa-bay-buccaneers-team-logo-and-name-hoodie-dunkelgrau","status":"publish","type":"product","link":"https:\/\/marktxxl.de\/markt\/produkt\/new-era-nfl-tampa-bay-buccaneers-team-logo-and-name-hoodie-dunkelgrau\/","title":{"rendered":"New Era &#8211; NFL Tampa Bay Buccaneers Team Logo and Name Hoodie"},"content":{"rendered":"<p>Exklusiver Kapuzenpullover der American Football Mannschaft Carolina Panthers | Im original Team Blau mit hochwertig gedrucktem Panthers Logo und Team Schriftzug auf der Vorderseite | NFL Shield Logo auf dem rechten und New Era Flag auf dem linken \u00c4rmel.<br \/>\nOffizielles Lizenzprodukt der National Football League. Produziert von der weltweit bekannten Marke und NFL, NBA, MLB und NHL Ausstatter New Era.<br \/>\nKlassisch geschnittener Kapuzensweater in schwerer Qualit\u00e4t | Die Innenseite ist extrem gem\u00fctlich und flauschig. | Dreiteilige, dicke Kapuze mit passenden Zugkordeln | Aufgen\u00e4hte K\u00e4ngurutasche auf der Vorderseite | Gerippter Saum und gerippte B\u00fcndchen sorgen f\u00fcr den richtigen Sitz.<br \/>\nHochwertige Verarbeitung in einem bestimmten 80% Baumwolle und 20% Polyester-Gemisch garantieren einen ganz besonders angenehmen Tragekomfort und eine lange Lebensdauer, die gerade bei einer allt\u00e4glichen Nutzung besonders gefragt ist.<br \/>\nPflegehinweise: Auf links waschen (Innen nach Au\u00dfen) | maximale Waschtemperatur 30 Grad | kein Bleichmittel verwenden | farblich sortiert waschen | kann in den Trockner, h\u00e4lt aber l\u00e4nger bei Trocknung an der Luft.<br \/>\n<div class=\"main-cross-sell\" data-asin=\"B08GPMQ2B9\">\n\n\t<div class=\"WooZone-cross-sell-loader\">\n\t\t<div>\n\t\t\t<div id=\"floatingBarsG\">\n\t\t\t\t<div class=\"blockG\" id=\"rotateG_01\"><\/div>\n\t\t\t\t<div class=\"blockG\" id=\"rotateG_02\"><\/div>\n\t\t\t\t<div class=\"blockG\" id=\"rotateG_03\"><\/div>\n\t\t\t\t<div class=\"blockG\" id=\"rotateG_04\"><\/div>\n\t\t\t\t<div class=\"blockG\" id=\"rotateG_05\"><\/div>\n\t\t\t\t<div class=\"blockG\" id=\"rotateG_06\"><\/div>\n\t\t\t\t<div class=\"blockG\" id=\"rotateG_07\"><\/div>\n\t\t\t\t<div class=\"blockG\" id=\"rotateG_08\"><\/div>\n\t\t\t<\/div>\n\t\t\t<div class=\"WooZone-cross-sell-loader-text\"><\/div>\n\t\t<\/div>\n\t<\/div>\n\n\t\t\n<\/div>\n<div style=\"clear:both;\"><\/div><\/p>\n","protected":false},"excerpt":{"rendered":"<p>Exklusiver Kapuzenpullover der American Football Mannschaft Carolina Panthers | Im original Team Blau mit hochwertig gedrucktem Panthers Logo und Team Schriftzug auf der Vorderseite | NFL Shield Logo auf dem rechten und New Era Flag auf dem linken \u00c4rmel.<br \/>\nOffizielles Lizenzprodukt der National Football League. Produziert von der weltweit bekannten Marke und NFL, NBA, MLB und NHL Ausstatter New Era.<br \/>\nKlassisch geschnittener Kapuzensweater in schwerer Qualit\u00e4t | Die Innenseite ist extrem gem\u00fctlich und flauschig. | Dreiteilige, dicke Kapuze mit passenden Zugkordeln | Aufgen\u00e4hte K\u00e4ngurutasche auf der Vorderseite | Gerippter Saum und gerippte B\u00fcndchen sorgen f\u00fcr den richtigen Sitz.<\/p>\n","protected":false},"featured_media":93065,"comment_status":"open","ping_status":"closed","template":"","meta":[],"product_brand":[],"product_cat":[1186,3960],"product_tag":[],"class_list":{"0":"post-93064","1":"product","2":"type-product","3":"status-publish","4":"has-post-thumbnail","6":"product_cat-bekleidung","7":"product_cat-herren","8":"pa_brand-new-era","9":"pa_color-schwarz","10":"pa_weight-1-433004703-pfund","12":"first","13":"instock","14":"shipping-taxable","15":"purchasable","16":"product-type-simple","17":"customify-col","18":"product-has-gallery"},"yoast_head":"<!-- This site is optimized with the Yoast SEO plugin v27.3 - https:\/\/yoast.com\/product\/yoast-seo-wordpress\/ -->\n<title>New Era - NFL Tampa Bay Buccaneers Team Logo and Name Hoodie - Markt-XXL<\/title>\n<meta name=\"description\" content=\"Markt-XXL New Era - NFL Tampa Bay Buccaneers Team Logo and Name Hoodie\" \/>\n<meta name=\"robots\" content=\"index, follow, max-snippet:-1, max-image-preview:large, max-video-preview:-1\" \/>\n<link rel=\"canonical\" href=\"https:\/\/marktxxl.de\/markt\/produkt\/new-era-nfl-tampa-bay-buccaneers-team-logo-and-name-hoodie-dunkelgrau\/\" \/>\n<meta property=\"og:locale\" content=\"de_DE\" \/>\n<meta property=\"og:type\" content=\"article\" \/>\n<meta property=\"og:title\" content=\"New Era - NFL Tampa Bay Buccaneers Team Logo and Name Hoodie - Markt-XXL\" \/>\n<meta property=\"og:description\" content=\"Markt-XXL New Era - NFL Tampa Bay Buccaneers Team Logo and Name Hoodie\" \/>\n<meta property=\"og:url\" content=\"https:\/\/marktxxl.de\/markt\/produkt\/new-era-nfl-tampa-bay-buccaneers-team-logo-and-name-hoodie-dunkelgrau\/\" \/>\n<meta property=\"og:site_name\" content=\"Markt-XXL\" \/>\n<meta property=\"article:modified_time\" content=\"2023-04-11T01:13:24+00:00\" \/>\n<meta property=\"og:image\" content=\"https:\/\/m.media-amazon.com\/images\/I\/4187ThvqQUL._SL500_.jpg\" \/>\n\t<meta property=\"og:image:width\" content=\"365\" \/>\n\t<meta property=\"og:image:height\" content=\"500\" \/>\n\t<meta property=\"og:image:type\" content=\"image\/jpeg\" \/>\n<meta name=\"twitter:card\" content=\"summary_large_image\" \/>\n<meta name=\"twitter:label1\" content=\"Gesch\u00e4tzte Lesezeit\" \/>\n\t<meta name=\"twitter:data1\" content=\"1\u00a0Minute\" \/>\n<script type=\"application\/ld+json\" class=\"yoast-schema-graph\">{\"@context\":\"https:\\\/\\\/schema.org\",\"@graph\":[{\"@type\":\"WebPage\",\"@id\":\"https:\\\/\\\/marktxxl.de\\\/markt\\\/produkt\\\/new-era-nfl-tampa-bay-buccaneers-team-logo-and-name-hoodie-dunkelgrau\\\/\",\"url\":\"https:\\\/\\\/marktxxl.de\\\/markt\\\/produkt\\\/new-era-nfl-tampa-bay-buccaneers-team-logo-and-name-hoodie-dunkelgrau\\\/\",\"name\":\"New Era - NFL Tampa Bay Buccaneers Team Logo and Name Hoodie - Markt-XXL\",\"isPartOf\":{\"@id\":\"https:\\\/\\\/marktxxl.de\\\/markt\\\/#website\"},\"primaryImageOfPage\":{\"@id\":\"https:\\\/\\\/marktxxl.de\\\/markt\\\/produkt\\\/new-era-nfl-tampa-bay-buccaneers-team-logo-and-name-hoodie-dunkelgrau\\\/#primaryimage\"},\"image\":{\"@id\":\"https:\\\/\\\/marktxxl.de\\\/markt\\\/produkt\\\/new-era-nfl-tampa-bay-buccaneers-team-logo-and-name-hoodie-dunkelgrau\\\/#primaryimage\"},\"thumbnailUrl\":\"https:\\\/\\\/m.media-amazon.com\\\/images\\\/I\\\/4187ThvqQUL._SL500_.jpg\",\"datePublished\":\"2021-12-28T20:30:30+00:00\",\"dateModified\":\"2023-04-11T01:13:24+00:00\",\"description\":\"Markt-XXL New Era - NFL Tampa Bay Buccaneers Team Logo and Name Hoodie\",\"breadcrumb\":{\"@id\":\"https:\\\/\\\/marktxxl.de\\\/markt\\\/produkt\\\/new-era-nfl-tampa-bay-buccaneers-team-logo-and-name-hoodie-dunkelgrau\\\/#breadcrumb\"},\"inLanguage\":\"de\",\"potentialAction\":[{\"@type\":\"ReadAction\",\"target\":[\"https:\\\/\\\/marktxxl.de\\\/markt\\\/produkt\\\/new-era-nfl-tampa-bay-buccaneers-team-logo-and-name-hoodie-dunkelgrau\\\/\"]}]},{\"@type\":\"ImageObject\",\"inLanguage\":\"de\",\"@id\":\"https:\\\/\\\/marktxxl.de\\\/markt\\\/produkt\\\/new-era-nfl-tampa-bay-buccaneers-team-logo-and-name-hoodie-dunkelgrau\\\/#primaryimage\",\"url\":\"https:\\\/\\\/m.media-amazon.com\\\/images\\\/I\\\/4187ThvqQUL._SL500_.jpg\",\"contentUrl\":\"https:\\\/\\\/m.media-amazon.com\\\/images\\\/I\\\/4187ThvqQUL._SL500_.jpg\",\"width\":365,\"height\":500},{\"@type\":\"BreadcrumbList\",\"@id\":\"https:\\\/\\\/marktxxl.de\\\/markt\\\/produkt\\\/new-era-nfl-tampa-bay-buccaneers-team-logo-and-name-hoodie-dunkelgrau\\\/#breadcrumb\",\"itemListElement\":[{\"@type\":\"ListItem\",\"position\":1,\"name\":\"Startseite\",\"item\":\"https:\\\/\\\/marktxxl.de\\\/markt\\\/\"},{\"@type\":\"ListItem\",\"position\":2,\"name\":\"Markt\",\"item\":\"https:\\\/\\\/marktxxl.de\\\/markt\\\/\"},{\"@type\":\"ListItem\",\"position\":3,\"name\":\"New Era &#8211; NFL Tampa Bay Buccaneers Team Logo and Name Hoodie\"}]},{\"@type\":\"WebSite\",\"@id\":\"https:\\\/\\\/marktxxl.de\\\/markt\\\/#website\",\"url\":\"https:\\\/\\\/marktxxl.de\\\/markt\\\/\",\"name\":\"Markt-XXL\",\"description\":\"Ihr Markt Online\",\"publisher\":{\"@id\":\"https:\\\/\\\/marktxxl.de\\\/markt\\\/#organization\"},\"potentialAction\":[{\"@type\":\"SearchAction\",\"target\":{\"@type\":\"EntryPoint\",\"urlTemplate\":\"https:\\\/\\\/marktxxl.de\\\/markt\\\/?s={search_term_string}\"},\"query-input\":{\"@type\":\"PropertyValueSpecification\",\"valueRequired\":true,\"valueName\":\"search_term_string\"}}],\"inLanguage\":\"de\"},{\"@type\":\"Organization\",\"@id\":\"https:\\\/\\\/marktxxl.de\\\/markt\\\/#organization\",\"name\":\"Markt-XXL\",\"url\":\"https:\\\/\\\/marktxxl.de\\\/markt\\\/\",\"logo\":{\"@type\":\"ImageObject\",\"inLanguage\":\"de\",\"@id\":\"https:\\\/\\\/marktxxl.de\\\/markt\\\/#\\\/schema\\\/logo\\\/image\\\/\",\"url\":\"https:\\\/\\\/marktxxl.de\\\/markt\\\/wp-content\\\/uploads\\\/sites\\\/3\\\/2020\\\/12\\\/logo.png\",\"contentUrl\":\"https:\\\/\\\/marktxxl.de\\\/markt\\\/wp-content\\\/uploads\\\/sites\\\/3\\\/2020\\\/12\\\/logo.png\",\"width\":200,\"height\":70,\"caption\":\"Markt-XXL\"},\"image\":{\"@id\":\"https:\\\/\\\/marktxxl.de\\\/markt\\\/#\\\/schema\\\/logo\\\/image\\\/\"}}]}<\/script>\n<!-- \/ Yoast SEO plugin. -->","yoast_head_json":{"title":"New Era - NFL Tampa Bay Buccaneers Team Logo and Name Hoodie - Markt-XXL","description":"Markt-XXL New Era - NFL Tampa Bay Buccaneers Team Logo and Name Hoodie","robots":{"index":"index","follow":"follow","max-snippet":"max-snippet:-1","max-image-preview":"max-image-preview:large","max-video-preview":"max-video-preview:-1"},"canonical":"https:\/\/marktxxl.de\/markt\/produkt\/new-era-nfl-tampa-bay-buccaneers-team-logo-and-name-hoodie-dunkelgrau\/","og_locale":"de_DE","og_type":"article","og_title":"New Era - NFL Tampa Bay Buccaneers Team Logo and Name Hoodie - Markt-XXL","og_description":"Markt-XXL New Era - NFL Tampa Bay Buccaneers Team Logo and Name Hoodie","og_url":"https:\/\/marktxxl.de\/markt\/produkt\/new-era-nfl-tampa-bay-buccaneers-team-logo-and-name-hoodie-dunkelgrau\/","og_site_name":"Markt-XXL","article_modified_time":"2023-04-11T01:13:24+00:00","og_image":[{"width":365,"height":500,"url":"https:\/\/m.media-amazon.com\/images\/I\/4187ThvqQUL._SL500_.jpg","type":"image\/jpeg"}],"twitter_card":"summary_large_image","twitter_misc":{"Gesch\u00e4tzte Lesezeit":"1\u00a0Minute"},"schema":{"@context":"https:\/\/schema.org","@graph":[{"@type":"WebPage","@id":"https:\/\/marktxxl.de\/markt\/produkt\/new-era-nfl-tampa-bay-buccaneers-team-logo-and-name-hoodie-dunkelgrau\/","url":"https:\/\/marktxxl.de\/markt\/produkt\/new-era-nfl-tampa-bay-buccaneers-team-logo-and-name-hoodie-dunkelgrau\/","name":"New Era - NFL Tampa Bay Buccaneers Team Logo and Name Hoodie - Markt-XXL","isPartOf":{"@id":"https:\/\/marktxxl.de\/markt\/#website"},"primaryImageOfPage":{"@id":"https:\/\/marktxxl.de\/markt\/produkt\/new-era-nfl-tampa-bay-buccaneers-team-logo-and-name-hoodie-dunkelgrau\/#primaryimage"},"image":{"@id":"https:\/\/marktxxl.de\/markt\/produkt\/new-era-nfl-tampa-bay-buccaneers-team-logo-and-name-hoodie-dunkelgrau\/#primaryimage"},"thumbnailUrl":"https:\/\/m.media-amazon.com\/images\/I\/4187ThvqQUL._SL500_.jpg","datePublished":"2021-12-28T20:30:30+00:00","dateModified":"2023-04-11T01:13:24+00:00","description":"Markt-XXL New Era - NFL Tampa Bay Buccaneers Team Logo and Name Hoodie","breadcrumb":{"@id":"https:\/\/marktxxl.de\/markt\/produkt\/new-era-nfl-tampa-bay-buccaneers-team-logo-and-name-hoodie-dunkelgrau\/#breadcrumb"},"inLanguage":"de","potentialAction":[{"@type":"ReadAction","target":["https:\/\/marktxxl.de\/markt\/produkt\/new-era-nfl-tampa-bay-buccaneers-team-logo-and-name-hoodie-dunkelgrau\/"]}]},{"@type":"ImageObject","inLanguage":"de","@id":"https:\/\/marktxxl.de\/markt\/produkt\/new-era-nfl-tampa-bay-buccaneers-team-logo-and-name-hoodie-dunkelgrau\/#primaryimage","url":"https:\/\/m.media-amazon.com\/images\/I\/4187ThvqQUL._SL500_.jpg","contentUrl":"https:\/\/m.media-amazon.com\/images\/I\/4187ThvqQUL._SL500_.jpg","width":365,"height":500},{"@type":"BreadcrumbList","@id":"https:\/\/marktxxl.de\/markt\/produkt\/new-era-nfl-tampa-bay-buccaneers-team-logo-and-name-hoodie-dunkelgrau\/#breadcrumb","itemListElement":[{"@type":"ListItem","position":1,"name":"Startseite","item":"https:\/\/marktxxl.de\/markt\/"},{"@type":"ListItem","position":2,"name":"Markt","item":"https:\/\/marktxxl.de\/markt\/"},{"@type":"ListItem","position":3,"name":"New Era &#8211; NFL Tampa Bay Buccaneers Team Logo and Name Hoodie"}]},{"@type":"WebSite","@id":"https:\/\/marktxxl.de\/markt\/#website","url":"https:\/\/marktxxl.de\/markt\/","name":"Markt-XXL","description":"Ihr Markt Online","publisher":{"@id":"https:\/\/marktxxl.de\/markt\/#organization"},"potentialAction":[{"@type":"SearchAction","target":{"@type":"EntryPoint","urlTemplate":"https:\/\/marktxxl.de\/markt\/?s={search_term_string}"},"query-input":{"@type":"PropertyValueSpecification","valueRequired":true,"valueName":"search_term_string"}}],"inLanguage":"de"},{"@type":"Organization","@id":"https:\/\/marktxxl.de\/markt\/#organization","name":"Markt-XXL","url":"https:\/\/marktxxl.de\/markt\/","logo":{"@type":"ImageObject","inLanguage":"de","@id":"https:\/\/marktxxl.de\/markt\/#\/schema\/logo\/image\/","url":"https:\/\/marktxxl.de\/markt\/wp-content\/uploads\/sites\/3\/2020\/12\/logo.png","contentUrl":"https:\/\/marktxxl.de\/markt\/wp-content\/uploads\/sites\/3\/2020\/12\/logo.png","width":200,"height":70,"caption":"Markt-XXL"},"image":{"@id":"https:\/\/marktxxl.de\/markt\/#\/schema\/logo\/image\/"}}]}},"_links":{"self":[{"href":"https:\/\/marktxxl.de\/markt\/wp-json\/wp\/v2\/product\/93064","targetHints":{"allow":["GET"]}}],"collection":[{"href":"https:\/\/marktxxl.de\/markt\/wp-json\/wp\/v2\/product"}],"about":[{"href":"https:\/\/marktxxl.de\/markt\/wp-json\/wp\/v2\/types\/product"}],"replies":[{"embeddable":true,"href":"https:\/\/marktxxl.de\/markt\/wp-json\/wp\/v2\/comments?post=93064"}],"wp:featuredmedia":[{"embeddable":true,"href":"https:\/\/marktxxl.de\/markt\/wp-json\/wp\/v2\/media\/93065"}],"wp:attachment":[{"href":"https:\/\/marktxxl.de\/markt\/wp-json\/wp\/v2\/media?parent=93064"}],"wp:term":[{"taxonomy":"product_brand","embeddable":true,"href":"https:\/\/marktxxl.de\/markt\/wp-json\/wp\/v2\/product_brand?post=93064"},{"taxonomy":"product_cat","embeddable":true,"href":"https:\/\/marktxxl.de\/markt\/wp-json\/wp\/v2\/product_cat?post=93064"},{"taxonomy":"product_tag","embeddable":true,"href":"https:\/\/marktxxl.de\/markt\/wp-json\/wp\/v2\/product_tag?post=93064"}],"curies":[{"name":"wp","href":"https:\/\/api.w.org\/{rel}","templated":true}]}}