{"id":92966,"date":"2021-12-28T21:24:20","date_gmt":"2021-12-28T20:24:20","guid":{"rendered":"https:\/\/marktxxl.de\/markt\/produkt\/visconti-geldbeutel-damen-leder-rfid-schutz-portemonnaie-damen-geldboerse-bifold-mehrfarbig-portmonee-in-geschenk-box-polka\/"},"modified":"2023-04-11T03:13:21","modified_gmt":"2023-04-11T01:13:21","slug":"visconti-geldbeutel-damen-leder-rfid-schutz-portemonnaie-damen-geldboerse-bifold-mehrfarbig-portmonee-in-geschenk-box-polka","status":"publish","type":"product","link":"https:\/\/marktxxl.de\/markt\/produkt\/visconti-geldbeutel-damen-leder-rfid-schutz-portemonnaie-damen-geldboerse-bifold-mehrfarbig-portmonee-in-geschenk-box-polka\/","title":{"rendered":"VISCONTI 100% Pur Leder Portemonnaie Damen RFID Schutz Geldbeutel Damen Geldb\u00f6rse Bifold Mehrfarbig Portmonee mit\u2026"},"content":{"rendered":"<p>HOHE QUALIT\u00c4T UND HOHER WERT \u2013 Geldb\u00f6rsen von Visconti werden aus dem feinsten, glattesten und weichsten Kalbsleder gefertigt. Visconti-Portemonnaies werden individuell handgemacht, mit einem robusten Innenfutter und einer Naht, die von Branchenexperten pers\u00f6nlich \u00fcberpr\u00fcft wird, um eine langlebige, hochwertige Struktur zu gew\u00e4hrleisten.<br \/>\nRFID-TECHNOLOGIE F\u00dcR IHRE SICHERHEIT \u2013 Sch\u00fctzen Sie sich durch eine Geldb\u00f6rse mit RFID-Sicherheitsverschluss. Portemonnaies von Visconti sind mit fortschrittlicher RFID-Sicherheitstechnologie ausgestattet, einem einzigartigen Metall-Komposit, das speziell entwickelt wurde, um RFID-Signale zu blockieren und wertvolle Daten, die in RFID-Chips gespeichert werden vor unautorisierten Scans zu sch\u00fctzen.<br \/>\nVIEL RAUM UND AUSGEZEICHNETE ABMESSUNGEN \u2013 Diese wundersch\u00f6ne Damengeldb\u00f6rse hat viel Platz f\u00fcr Ihre M\u00fcnzen, Geldscheine und Karten und ist ihr perfekter Begleiter im Alltag. Sie misst 19 x 10 cm, hat 12 Einsch\u00fcbe f\u00fcr Kreditkarten + 1 Sichtfenster-Einsch\u00fcbe, 1 offene F\u00e4ch, 1 Kleingeldfach mit Rei\u00dfverschluss, und 2 gro\u00dfes Facher f\u00fcr Rezepte oder Notizzettel. R\u00dcCKSEITE DER BRIEFTASCHE MIT REISSVERSCHLUSS: 1 Rei\u00dfverschlussfach f\u00fcr M\u00fcnzen -1 offenes Fach.<br \/>\nVERSIEGELTE GESCHENK-VERPACKUNG \u2013 Visconti-Brieftaschen sind das perfekte Geschenk, ob Geburtstag, Jahrestag, Abschluss, Hochzeit, Weihnachten oder jeder andere sch\u00f6ne Anlass. Die Portemonnaies sind in einem eleganten Geschenkkarton versiegelt, bereit f\u00fcr Ihre besondere Person an ihrem besonderen Tag. Unsere Verpackungsprofis achten darauf,f\u00fcr jede Geldb\u00f6rse eine passende Verpackung auszuw\u00e4hlen und jeder wird beim Auspacken vom Geruch und davon,wie sich das Portemonnaie anf\u00fchlt, beeindruckt sein<br \/>\nUNSER VERSPRECHEN \u2013 Unser Ziel ist die v\u00f6llige Zufriedenheit unserer Kunden. Falls Ihnen Ihr Portemonnaie aus irgendeinem Grund nicht gef\u00e4llt, erstatten wir Ihnen innerhalb von 30 Tagen 100% zur\u00fcck. Ohne Ihnen irgendwelche Fragen zu stellen. Kaufen Sie jetzt OHNE RISIKO.<br \/>\n<div class=\"main-cross-sell\" data-asin=\"B00K9U6ROY\">\n\n\t<div class=\"WooZone-cross-sell-loader\">\n\t\t<div>\n\t\t\t<div id=\"floatingBarsG\">\n\t\t\t\t<div class=\"blockG\" id=\"rotateG_01\"><\/div>\n\t\t\t\t<div class=\"blockG\" id=\"rotateG_02\"><\/div>\n\t\t\t\t<div class=\"blockG\" id=\"rotateG_03\"><\/div>\n\t\t\t\t<div class=\"blockG\" id=\"rotateG_04\"><\/div>\n\t\t\t\t<div class=\"blockG\" id=\"rotateG_05\"><\/div>\n\t\t\t\t<div class=\"blockG\" id=\"rotateG_06\"><\/div>\n\t\t\t\t<div class=\"blockG\" id=\"rotateG_07\"><\/div>\n\t\t\t\t<div class=\"blockG\" id=\"rotateG_08\"><\/div>\n\t\t\t<\/div>\n\t\t\t<div class=\"WooZone-cross-sell-loader-text\"><\/div>\n\t\t<\/div>\n\t<\/div>\n\n\t\t\n<\/div>\n<div style=\"clear:both;\"><\/div><\/p>\n","protected":false},"excerpt":{"rendered":"<p>HOHE QUALIT\u00c4T UND HOHER WERT \u2013 Geldb\u00f6rsen von Visconti werden aus dem feinsten, glattesten und weichsten Kalbsleder gefertigt. Visconti-Portemonnaies werden individuell handgemacht, mit einem robusten Innenfutter und einer Naht, die von Branchenexperten pers\u00f6nlich \u00fcberpr\u00fcft wird, um eine langlebige, hochwertige Struktur zu gew\u00e4hrleisten.<br \/>\nRFID-TECHNOLOGIE F\u00dcR IHRE SICHERHEIT \u2013 Sch\u00fctzen Sie sich durch eine Geldb\u00f6rse mit RFID-Sicherheitsverschluss. Portemonnaies von Visconti sind mit fortschrittlicher RFID-Sicherheitstechnologie ausgestattet, einem einzigartigen Metall-Komposit, das speziell entwickelt wurde, um RFID-Signale zu blockieren und wertvolle Daten, die in RFID-Chips gespeichert werden vor unautorisierten Scans zu sch\u00fctzen.<br \/>\nVIEL RAUM UND AUSGEZEICHNETE ABMESSUNGEN \u2013 Diese wundersch\u00f6ne Damengeldb\u00f6rse hat viel Platz f\u00fcr Ihre M\u00fcnzen, Geldscheine und Karten und ist ihr perfekter Begleiter im Alltag. Sie misst 19 x 10 cm, hat 12 Einsch\u00fcbe f\u00fcr Kreditkarten + 1 Sichtfenster-Einsch\u00fcbe, 1 offene F\u00e4ch, 1 Kleingeldfach mit Rei\u00dfverschluss, und 2 gro\u00dfes Facher f\u00fcr Rezepte oder Notizzettel. R\u00dcCKSEITE DER BRIEFTASCHE MIT REISSVERSCHLUSS: 1 Rei\u00dfverschlussfach f\u00fcr M\u00fcnzen -1 offenes Fach.<\/p>\n","protected":false},"featured_media":92967,"comment_status":"open","ping_status":"closed","template":"","meta":[],"product_brand":[],"product_cat":[1186,3920],"product_tag":[],"class_list":{"0":"post-92966","1":"product","2":"type-product","3":"status-publish","4":"has-post-thumbnail","6":"product_cat-bekleidung","7":"product_cat-damen","8":"pa_binding-luggage","9":"pa_brand-visconti","10":"pa_height-3-93700787-zoll","11":"pa_length-7-480314953-zoll","12":"pa_weight-0-5732018812-pfund","13":"pa_width-0-9842519675-zoll","15":"first","16":"instock","17":"shipping-taxable","18":"purchasable","19":"product-type-simple","20":"customify-col","21":"product-has-gallery"},"yoast_head":"<!-- This site is optimized with the Yoast SEO plugin v27.3 - https:\/\/yoast.com\/product\/yoast-seo-wordpress\/ -->\n<title>VISCONTI 100% Pur Leder Portemonnaie Damen RFID Schutz Geldbeutel Damen Geldb\u00f6rse Bifold Mehrfarbig Portmonee mit\u2026 - Markt-XXL<\/title>\n<meta name=\"description\" content=\"Markt-XXL VISCONTI 100% Pur Leder Portemonnaie Damen RFID Schutz Geldbeutel Damen Geldb\u00f6rse Bifold Mehrfarbig Portmonee mit\u2026\" \/>\n<meta name=\"robots\" content=\"index, follow, max-snippet:-1, max-image-preview:large, max-video-preview:-1\" \/>\n<link rel=\"canonical\" href=\"https:\/\/marktxxl.de\/markt\/produkt\/visconti-geldbeutel-damen-leder-rfid-schutz-portemonnaie-damen-geldboerse-bifold-mehrfarbig-portmonee-in-geschenk-box-polka\/\" \/>\n<meta property=\"og:locale\" content=\"de_DE\" \/>\n<meta property=\"og:type\" content=\"article\" \/>\n<meta property=\"og:title\" content=\"VISCONTI 100% Pur Leder Portemonnaie Damen RFID Schutz Geldbeutel Damen Geldb\u00f6rse Bifold Mehrfarbig Portmonee mit\u2026 - Markt-XXL\" \/>\n<meta property=\"og:description\" content=\"Markt-XXL VISCONTI 100% Pur Leder Portemonnaie Damen RFID Schutz Geldbeutel Damen Geldb\u00f6rse Bifold Mehrfarbig Portmonee mit\u2026\" \/>\n<meta property=\"og:url\" content=\"https:\/\/marktxxl.de\/markt\/produkt\/visconti-geldbeutel-damen-leder-rfid-schutz-portemonnaie-damen-geldboerse-bifold-mehrfarbig-portmonee-in-geschenk-box-polka\/\" \/>\n<meta property=\"og:site_name\" content=\"Markt-XXL\" \/>\n<meta property=\"article:modified_time\" content=\"2023-04-11T01:13:21+00:00\" \/>\n<meta property=\"og:image\" content=\"https:\/\/m.media-amazon.com\/images\/I\/41LCIMYoMdL._SL500_.jpg\" \/>\n\t<meta property=\"og:image:width\" content=\"500\" \/>\n\t<meta property=\"og:image:height\" content=\"500\" \/>\n\t<meta property=\"og:image:type\" content=\"image\/jpeg\" \/>\n<meta name=\"twitter:card\" content=\"summary_large_image\" \/>\n<meta name=\"twitter:label1\" content=\"Gesch\u00e4tzte Lesezeit\" \/>\n\t<meta name=\"twitter:data1\" content=\"1\u00a0Minute\" \/>\n<script type=\"application\/ld+json\" class=\"yoast-schema-graph\">{\"@context\":\"https:\\\/\\\/schema.org\",\"@graph\":[{\"@type\":\"WebPage\",\"@id\":\"https:\\\/\\\/marktxxl.de\\\/markt\\\/produkt\\\/visconti-geldbeutel-damen-leder-rfid-schutz-portemonnaie-damen-geldboerse-bifold-mehrfarbig-portmonee-in-geschenk-box-polka\\\/\",\"url\":\"https:\\\/\\\/marktxxl.de\\\/markt\\\/produkt\\\/visconti-geldbeutel-damen-leder-rfid-schutz-portemonnaie-damen-geldboerse-bifold-mehrfarbig-portmonee-in-geschenk-box-polka\\\/\",\"name\":\"VISCONTI 100% Pur Leder Portemonnaie Damen RFID Schutz Geldbeutel Damen Geldb\u00f6rse Bifold Mehrfarbig Portmonee mit\u2026 - Markt-XXL\",\"isPartOf\":{\"@id\":\"https:\\\/\\\/marktxxl.de\\\/markt\\\/#website\"},\"primaryImageOfPage\":{\"@id\":\"https:\\\/\\\/marktxxl.de\\\/markt\\\/produkt\\\/visconti-geldbeutel-damen-leder-rfid-schutz-portemonnaie-damen-geldboerse-bifold-mehrfarbig-portmonee-in-geschenk-box-polka\\\/#primaryimage\"},\"image\":{\"@id\":\"https:\\\/\\\/marktxxl.de\\\/markt\\\/produkt\\\/visconti-geldbeutel-damen-leder-rfid-schutz-portemonnaie-damen-geldboerse-bifold-mehrfarbig-portmonee-in-geschenk-box-polka\\\/#primaryimage\"},\"thumbnailUrl\":\"https:\\\/\\\/m.media-amazon.com\\\/images\\\/I\\\/41LCIMYoMdL._SL500_.jpg\",\"datePublished\":\"2021-12-28T20:24:20+00:00\",\"dateModified\":\"2023-04-11T01:13:21+00:00\",\"description\":\"Markt-XXL VISCONTI 100% Pur Leder Portemonnaie Damen RFID Schutz Geldbeutel Damen Geldb\u00f6rse Bifold Mehrfarbig Portmonee mit\u2026\",\"breadcrumb\":{\"@id\":\"https:\\\/\\\/marktxxl.de\\\/markt\\\/produkt\\\/visconti-geldbeutel-damen-leder-rfid-schutz-portemonnaie-damen-geldboerse-bifold-mehrfarbig-portmonee-in-geschenk-box-polka\\\/#breadcrumb\"},\"inLanguage\":\"de\",\"potentialAction\":[{\"@type\":\"ReadAction\",\"target\":[\"https:\\\/\\\/marktxxl.de\\\/markt\\\/produkt\\\/visconti-geldbeutel-damen-leder-rfid-schutz-portemonnaie-damen-geldboerse-bifold-mehrfarbig-portmonee-in-geschenk-box-polka\\\/\"]}]},{\"@type\":\"ImageObject\",\"inLanguage\":\"de\",\"@id\":\"https:\\\/\\\/marktxxl.de\\\/markt\\\/produkt\\\/visconti-geldbeutel-damen-leder-rfid-schutz-portemonnaie-damen-geldboerse-bifold-mehrfarbig-portmonee-in-geschenk-box-polka\\\/#primaryimage\",\"url\":\"https:\\\/\\\/m.media-amazon.com\\\/images\\\/I\\\/41LCIMYoMdL._SL500_.jpg\",\"contentUrl\":\"https:\\\/\\\/m.media-amazon.com\\\/images\\\/I\\\/41LCIMYoMdL._SL500_.jpg\",\"width\":500,\"height\":500},{\"@type\":\"BreadcrumbList\",\"@id\":\"https:\\\/\\\/marktxxl.de\\\/markt\\\/produkt\\\/visconti-geldbeutel-damen-leder-rfid-schutz-portemonnaie-damen-geldboerse-bifold-mehrfarbig-portmonee-in-geschenk-box-polka\\\/#breadcrumb\",\"itemListElement\":[{\"@type\":\"ListItem\",\"position\":1,\"name\":\"Startseite\",\"item\":\"https:\\\/\\\/marktxxl.de\\\/markt\\\/\"},{\"@type\":\"ListItem\",\"position\":2,\"name\":\"Markt\",\"item\":\"https:\\\/\\\/marktxxl.de\\\/markt\\\/\"},{\"@type\":\"ListItem\",\"position\":3,\"name\":\"VISCONTI 100% Pur Leder Portemonnaie Damen RFID Schutz Geldbeutel Damen Geldb\u00f6rse Bifold Mehrfarbig Portmonee mit\u2026\"}]},{\"@type\":\"WebSite\",\"@id\":\"https:\\\/\\\/marktxxl.de\\\/markt\\\/#website\",\"url\":\"https:\\\/\\\/marktxxl.de\\\/markt\\\/\",\"name\":\"Markt-XXL\",\"description\":\"Ihr Markt Online\",\"publisher\":{\"@id\":\"https:\\\/\\\/marktxxl.de\\\/markt\\\/#organization\"},\"potentialAction\":[{\"@type\":\"SearchAction\",\"target\":{\"@type\":\"EntryPoint\",\"urlTemplate\":\"https:\\\/\\\/marktxxl.de\\\/markt\\\/?s={search_term_string}\"},\"query-input\":{\"@type\":\"PropertyValueSpecification\",\"valueRequired\":true,\"valueName\":\"search_term_string\"}}],\"inLanguage\":\"de\"},{\"@type\":\"Organization\",\"@id\":\"https:\\\/\\\/marktxxl.de\\\/markt\\\/#organization\",\"name\":\"Markt-XXL\",\"url\":\"https:\\\/\\\/marktxxl.de\\\/markt\\\/\",\"logo\":{\"@type\":\"ImageObject\",\"inLanguage\":\"de\",\"@id\":\"https:\\\/\\\/marktxxl.de\\\/markt\\\/#\\\/schema\\\/logo\\\/image\\\/\",\"url\":\"https:\\\/\\\/marktxxl.de\\\/markt\\\/wp-content\\\/uploads\\\/sites\\\/3\\\/2020\\\/12\\\/logo.png\",\"contentUrl\":\"https:\\\/\\\/marktxxl.de\\\/markt\\\/wp-content\\\/uploads\\\/sites\\\/3\\\/2020\\\/12\\\/logo.png\",\"width\":200,\"height\":70,\"caption\":\"Markt-XXL\"},\"image\":{\"@id\":\"https:\\\/\\\/marktxxl.de\\\/markt\\\/#\\\/schema\\\/logo\\\/image\\\/\"}}]}<\/script>\n<!-- \/ Yoast SEO plugin. -->","yoast_head_json":{"title":"VISCONTI 100% Pur Leder Portemonnaie Damen RFID Schutz Geldbeutel Damen Geldb\u00f6rse Bifold Mehrfarbig Portmonee mit\u2026 - Markt-XXL","description":"Markt-XXL VISCONTI 100% Pur Leder Portemonnaie Damen RFID Schutz Geldbeutel Damen Geldb\u00f6rse Bifold Mehrfarbig Portmonee mit\u2026","robots":{"index":"index","follow":"follow","max-snippet":"max-snippet:-1","max-image-preview":"max-image-preview:large","max-video-preview":"max-video-preview:-1"},"canonical":"https:\/\/marktxxl.de\/markt\/produkt\/visconti-geldbeutel-damen-leder-rfid-schutz-portemonnaie-damen-geldboerse-bifold-mehrfarbig-portmonee-in-geschenk-box-polka\/","og_locale":"de_DE","og_type":"article","og_title":"VISCONTI 100% Pur Leder Portemonnaie Damen RFID Schutz Geldbeutel Damen Geldb\u00f6rse Bifold Mehrfarbig Portmonee mit\u2026 - Markt-XXL","og_description":"Markt-XXL VISCONTI 100% Pur Leder Portemonnaie Damen RFID Schutz Geldbeutel Damen Geldb\u00f6rse Bifold Mehrfarbig Portmonee mit\u2026","og_url":"https:\/\/marktxxl.de\/markt\/produkt\/visconti-geldbeutel-damen-leder-rfid-schutz-portemonnaie-damen-geldboerse-bifold-mehrfarbig-portmonee-in-geschenk-box-polka\/","og_site_name":"Markt-XXL","article_modified_time":"2023-04-11T01:13:21+00:00","og_image":[{"width":500,"height":500,"url":"https:\/\/m.media-amazon.com\/images\/I\/41LCIMYoMdL._SL500_.jpg","type":"image\/jpeg"}],"twitter_card":"summary_large_image","twitter_misc":{"Gesch\u00e4tzte Lesezeit":"1\u00a0Minute"},"schema":{"@context":"https:\/\/schema.org","@graph":[{"@type":"WebPage","@id":"https:\/\/marktxxl.de\/markt\/produkt\/visconti-geldbeutel-damen-leder-rfid-schutz-portemonnaie-damen-geldboerse-bifold-mehrfarbig-portmonee-in-geschenk-box-polka\/","url":"https:\/\/marktxxl.de\/markt\/produkt\/visconti-geldbeutel-damen-leder-rfid-schutz-portemonnaie-damen-geldboerse-bifold-mehrfarbig-portmonee-in-geschenk-box-polka\/","name":"VISCONTI 100% Pur Leder Portemonnaie Damen RFID Schutz Geldbeutel Damen Geldb\u00f6rse Bifold Mehrfarbig Portmonee mit\u2026 - Markt-XXL","isPartOf":{"@id":"https:\/\/marktxxl.de\/markt\/#website"},"primaryImageOfPage":{"@id":"https:\/\/marktxxl.de\/markt\/produkt\/visconti-geldbeutel-damen-leder-rfid-schutz-portemonnaie-damen-geldboerse-bifold-mehrfarbig-portmonee-in-geschenk-box-polka\/#primaryimage"},"image":{"@id":"https:\/\/marktxxl.de\/markt\/produkt\/visconti-geldbeutel-damen-leder-rfid-schutz-portemonnaie-damen-geldboerse-bifold-mehrfarbig-portmonee-in-geschenk-box-polka\/#primaryimage"},"thumbnailUrl":"https:\/\/m.media-amazon.com\/images\/I\/41LCIMYoMdL._SL500_.jpg","datePublished":"2021-12-28T20:24:20+00:00","dateModified":"2023-04-11T01:13:21+00:00","description":"Markt-XXL VISCONTI 100% Pur Leder Portemonnaie Damen RFID Schutz Geldbeutel Damen Geldb\u00f6rse Bifold Mehrfarbig Portmonee mit\u2026","breadcrumb":{"@id":"https:\/\/marktxxl.de\/markt\/produkt\/visconti-geldbeutel-damen-leder-rfid-schutz-portemonnaie-damen-geldboerse-bifold-mehrfarbig-portmonee-in-geschenk-box-polka\/#breadcrumb"},"inLanguage":"de","potentialAction":[{"@type":"ReadAction","target":["https:\/\/marktxxl.de\/markt\/produkt\/visconti-geldbeutel-damen-leder-rfid-schutz-portemonnaie-damen-geldboerse-bifold-mehrfarbig-portmonee-in-geschenk-box-polka\/"]}]},{"@type":"ImageObject","inLanguage":"de","@id":"https:\/\/marktxxl.de\/markt\/produkt\/visconti-geldbeutel-damen-leder-rfid-schutz-portemonnaie-damen-geldboerse-bifold-mehrfarbig-portmonee-in-geschenk-box-polka\/#primaryimage","url":"https:\/\/m.media-amazon.com\/images\/I\/41LCIMYoMdL._SL500_.jpg","contentUrl":"https:\/\/m.media-amazon.com\/images\/I\/41LCIMYoMdL._SL500_.jpg","width":500,"height":500},{"@type":"BreadcrumbList","@id":"https:\/\/marktxxl.de\/markt\/produkt\/visconti-geldbeutel-damen-leder-rfid-schutz-portemonnaie-damen-geldboerse-bifold-mehrfarbig-portmonee-in-geschenk-box-polka\/#breadcrumb","itemListElement":[{"@type":"ListItem","position":1,"name":"Startseite","item":"https:\/\/marktxxl.de\/markt\/"},{"@type":"ListItem","position":2,"name":"Markt","item":"https:\/\/marktxxl.de\/markt\/"},{"@type":"ListItem","position":3,"name":"VISCONTI 100% Pur Leder Portemonnaie Damen RFID Schutz Geldbeutel Damen Geldb\u00f6rse Bifold Mehrfarbig Portmonee mit\u2026"}]},{"@type":"WebSite","@id":"https:\/\/marktxxl.de\/markt\/#website","url":"https:\/\/marktxxl.de\/markt\/","name":"Markt-XXL","description":"Ihr Markt Online","publisher":{"@id":"https:\/\/marktxxl.de\/markt\/#organization"},"potentialAction":[{"@type":"SearchAction","target":{"@type":"EntryPoint","urlTemplate":"https:\/\/marktxxl.de\/markt\/?s={search_term_string}"},"query-input":{"@type":"PropertyValueSpecification","valueRequired":true,"valueName":"search_term_string"}}],"inLanguage":"de"},{"@type":"Organization","@id":"https:\/\/marktxxl.de\/markt\/#organization","name":"Markt-XXL","url":"https:\/\/marktxxl.de\/markt\/","logo":{"@type":"ImageObject","inLanguage":"de","@id":"https:\/\/marktxxl.de\/markt\/#\/schema\/logo\/image\/","url":"https:\/\/marktxxl.de\/markt\/wp-content\/uploads\/sites\/3\/2020\/12\/logo.png","contentUrl":"https:\/\/marktxxl.de\/markt\/wp-content\/uploads\/sites\/3\/2020\/12\/logo.png","width":200,"height":70,"caption":"Markt-XXL"},"image":{"@id":"https:\/\/marktxxl.de\/markt\/#\/schema\/logo\/image\/"}}]}},"_links":{"self":[{"href":"https:\/\/marktxxl.de\/markt\/wp-json\/wp\/v2\/product\/92966","targetHints":{"allow":["GET"]}}],"collection":[{"href":"https:\/\/marktxxl.de\/markt\/wp-json\/wp\/v2\/product"}],"about":[{"href":"https:\/\/marktxxl.de\/markt\/wp-json\/wp\/v2\/types\/product"}],"replies":[{"embeddable":true,"href":"https:\/\/marktxxl.de\/markt\/wp-json\/wp\/v2\/comments?post=92966"}],"wp:featuredmedia":[{"embeddable":true,"href":"https:\/\/marktxxl.de\/markt\/wp-json\/wp\/v2\/media\/92967"}],"wp:attachment":[{"href":"https:\/\/marktxxl.de\/markt\/wp-json\/wp\/v2\/media?parent=92966"}],"wp:term":[{"taxonomy":"product_brand","embeddable":true,"href":"https:\/\/marktxxl.de\/markt\/wp-json\/wp\/v2\/product_brand?post=92966"},{"taxonomy":"product_cat","embeddable":true,"href":"https:\/\/marktxxl.de\/markt\/wp-json\/wp\/v2\/product_cat?post=92966"},{"taxonomy":"product_tag","embeddable":true,"href":"https:\/\/marktxxl.de\/markt\/wp-json\/wp\/v2\/product_tag?post=92966"}],"curies":[{"name":"wp","href":"https:\/\/api.w.org\/{rel}","templated":true}]}}