{"id":92918,"date":"2021-12-28T21:21:15","date_gmt":"2021-12-28T20:21:15","guid":{"rendered":"https:\/\/marktxxl.de\/markt\/produkt\/bethlehem-gifts-tm-authentischer-messianisch-juedischer-christlicher-tallit-gebetsschal-aus-israel\/"},"modified":"2023-04-11T03:13:20","modified_gmt":"2023-04-11T01:13:20","slug":"bethlehem-gifts-tm-authentischer-messianisch-juedischer-christlicher-tallit-gebetsschal-aus-israel","status":"publish","type":"product","link":"https:\/\/marktxxl.de\/markt\/produkt\/bethlehem-gifts-tm-authentischer-messianisch-juedischer-christlicher-tallit-gebetsschal-aus-israel\/","title":{"rendered":"Bethlehem Gifts TM Authentischer Messianisch-j\u00fcdischer christlicher Tallit Gebetsschal aus Israel (blau, normal)"},"content":{"rendered":"<p>Gebetsschal mit dem christlichen Hauptgebet in hebr\u00e4ischen Buchstaben. Aus Acryl und ist 183 cm lang und 55,9 cm breit. Wird in einer Tasche mit Rei\u00dfverschluss aus dem gleichen Material von hoher Qualit\u00e4t geliefert.<br \/>\nSch\u00f6ne Details<br \/>\nHochwertiges Messianisches Tallit mit Tasche. Segen<br \/>\n<div class=\"main-cross-sell\" data-asin=\"B07F31PS84\">\n\n\t<div class=\"WooZone-cross-sell-loader\">\n\t\t<div>\n\t\t\t<div id=\"floatingBarsG\">\n\t\t\t\t<div class=\"blockG\" id=\"rotateG_01\"><\/div>\n\t\t\t\t<div class=\"blockG\" id=\"rotateG_02\"><\/div>\n\t\t\t\t<div class=\"blockG\" id=\"rotateG_03\"><\/div>\n\t\t\t\t<div class=\"blockG\" id=\"rotateG_04\"><\/div>\n\t\t\t\t<div class=\"blockG\" id=\"rotateG_05\"><\/div>\n\t\t\t\t<div class=\"blockG\" id=\"rotateG_06\"><\/div>\n\t\t\t\t<div class=\"blockG\" id=\"rotateG_07\"><\/div>\n\t\t\t\t<div class=\"blockG\" id=\"rotateG_08\"><\/div>\n\t\t\t<\/div>\n\t\t\t<div class=\"WooZone-cross-sell-loader-text\"><\/div>\n\t\t<\/div>\n\t<\/div>\n\n\t\t\n<\/div>\n<div style=\"clear:both;\"><\/div><\/p>\n","protected":false},"excerpt":{"rendered":"<p>Gebetsschal mit dem christlichen Hauptgebet in hebr\u00e4ischen Buchstaben. Aus Acryl und ist 183 cm lang und 55,9 cm breit. Wird in einer Tasche mit Rei\u00dfverschluss aus dem gleichen Material von hoher Qualit\u00e4t geliefert.<br \/>\nSch\u00f6ne Details<br \/>\nHochwertiges Messianisches Tallit mit Tasche. Segen<\/p>\n","protected":false},"featured_media":92919,"comment_status":"open","ping_status":"closed","template":"","meta":[],"product_brand":[],"product_cat":[1186,3920],"product_tag":[],"class_list":{"0":"post-92918","1":"product","2":"type-product","3":"status-publish","4":"has-post-thumbnail","6":"product_cat-bekleidung","7":"product_cat-damen","8":"pa_binding-haushaltswaren","9":"pa_brand-bethlehem-gifts-tm","10":"pa_manufacturer-bethlehem-gifts-tm","12":"first","13":"instock","14":"shipping-taxable","15":"purchasable","16":"product-type-simple","17":"customify-col","18":"product-has-gallery"},"yoast_head":"<!-- This site is optimized with the Yoast SEO plugin v27.4 - https:\/\/yoast.com\/product\/yoast-seo-wordpress\/ -->\n<title>Bethlehem Gifts TM Authentischer Messianisch-j\u00fcdischer christlicher Tallit Gebetsschal aus Israel (blau, normal) - Markt-XXL<\/title>\n<meta name=\"description\" content=\"Markt-XXL Bethlehem Gifts TM Authentischer Messianisch-j\u00fcdischer christlicher Tallit Gebetsschal aus Israel (blau, normal)\" \/>\n<meta name=\"robots\" content=\"index, follow, max-snippet:-1, max-image-preview:large, max-video-preview:-1\" \/>\n<link rel=\"canonical\" href=\"https:\/\/marktxxl.de\/markt\/produkt\/bethlehem-gifts-tm-authentischer-messianisch-juedischer-christlicher-tallit-gebetsschal-aus-israel\/\" \/>\n<meta property=\"og:locale\" content=\"de_DE\" \/>\n<meta property=\"og:type\" content=\"article\" \/>\n<meta property=\"og:title\" content=\"Bethlehem Gifts TM Authentischer Messianisch-j\u00fcdischer christlicher Tallit Gebetsschal aus Israel (blau, normal) - Markt-XXL\" \/>\n<meta property=\"og:description\" content=\"Markt-XXL Bethlehem Gifts TM Authentischer Messianisch-j\u00fcdischer christlicher Tallit Gebetsschal aus Israel (blau, normal)\" \/>\n<meta property=\"og:url\" content=\"https:\/\/marktxxl.de\/markt\/produkt\/bethlehem-gifts-tm-authentischer-messianisch-juedischer-christlicher-tallit-gebetsschal-aus-israel\/\" \/>\n<meta property=\"og:site_name\" content=\"Markt-XXL\" \/>\n<meta property=\"article:modified_time\" content=\"2023-04-11T01:13:20+00:00\" \/>\n<meta property=\"og:image\" content=\"https:\/\/m.media-amazon.com\/images\/I\/31cEdjWJL+L._SL500_.jpg\" \/>\n\t<meta property=\"og:image:width\" content=\"500\" \/>\n\t<meta property=\"og:image:height\" content=\"375\" \/>\n\t<meta property=\"og:image:type\" content=\"image\/jpeg\" \/>\n<meta name=\"twitter:card\" content=\"summary_large_image\" \/>\n<script type=\"application\/ld+json\" class=\"yoast-schema-graph\">{\"@context\":\"https:\\\/\\\/schema.org\",\"@graph\":[{\"@type\":\"WebPage\",\"@id\":\"https:\\\/\\\/marktxxl.de\\\/markt\\\/produkt\\\/bethlehem-gifts-tm-authentischer-messianisch-juedischer-christlicher-tallit-gebetsschal-aus-israel\\\/\",\"url\":\"https:\\\/\\\/marktxxl.de\\\/markt\\\/produkt\\\/bethlehem-gifts-tm-authentischer-messianisch-juedischer-christlicher-tallit-gebetsschal-aus-israel\\\/\",\"name\":\"Bethlehem Gifts TM Authentischer Messianisch-j\u00fcdischer christlicher Tallit Gebetsschal aus Israel (blau, normal) - Markt-XXL\",\"isPartOf\":{\"@id\":\"https:\\\/\\\/marktxxl.de\\\/markt\\\/#website\"},\"primaryImageOfPage\":{\"@id\":\"https:\\\/\\\/marktxxl.de\\\/markt\\\/produkt\\\/bethlehem-gifts-tm-authentischer-messianisch-juedischer-christlicher-tallit-gebetsschal-aus-israel\\\/#primaryimage\"},\"image\":{\"@id\":\"https:\\\/\\\/marktxxl.de\\\/markt\\\/produkt\\\/bethlehem-gifts-tm-authentischer-messianisch-juedischer-christlicher-tallit-gebetsschal-aus-israel\\\/#primaryimage\"},\"thumbnailUrl\":\"https:\\\/\\\/m.media-amazon.com\\\/images\\\/I\\\/31cEdjWJL+L._SL500_.jpg\",\"datePublished\":\"2021-12-28T20:21:15+00:00\",\"dateModified\":\"2023-04-11T01:13:20+00:00\",\"description\":\"Markt-XXL Bethlehem Gifts TM Authentischer Messianisch-j\u00fcdischer christlicher Tallit Gebetsschal aus Israel (blau, normal)\",\"breadcrumb\":{\"@id\":\"https:\\\/\\\/marktxxl.de\\\/markt\\\/produkt\\\/bethlehem-gifts-tm-authentischer-messianisch-juedischer-christlicher-tallit-gebetsschal-aus-israel\\\/#breadcrumb\"},\"inLanguage\":\"de\",\"potentialAction\":[{\"@type\":\"ReadAction\",\"target\":[\"https:\\\/\\\/marktxxl.de\\\/markt\\\/produkt\\\/bethlehem-gifts-tm-authentischer-messianisch-juedischer-christlicher-tallit-gebetsschal-aus-israel\\\/\"]}]},{\"@type\":\"ImageObject\",\"inLanguage\":\"de\",\"@id\":\"https:\\\/\\\/marktxxl.de\\\/markt\\\/produkt\\\/bethlehem-gifts-tm-authentischer-messianisch-juedischer-christlicher-tallit-gebetsschal-aus-israel\\\/#primaryimage\",\"url\":\"https:\\\/\\\/m.media-amazon.com\\\/images\\\/I\\\/31cEdjWJL+L._SL500_.jpg\",\"contentUrl\":\"https:\\\/\\\/m.media-amazon.com\\\/images\\\/I\\\/31cEdjWJL+L._SL500_.jpg\",\"width\":500,\"height\":375},{\"@type\":\"BreadcrumbList\",\"@id\":\"https:\\\/\\\/marktxxl.de\\\/markt\\\/produkt\\\/bethlehem-gifts-tm-authentischer-messianisch-juedischer-christlicher-tallit-gebetsschal-aus-israel\\\/#breadcrumb\",\"itemListElement\":[{\"@type\":\"ListItem\",\"position\":1,\"name\":\"Startseite\",\"item\":\"https:\\\/\\\/marktxxl.de\\\/markt\\\/\"},{\"@type\":\"ListItem\",\"position\":2,\"name\":\"Markt\",\"item\":\"https:\\\/\\\/marktxxl.de\\\/markt\\\/\"},{\"@type\":\"ListItem\",\"position\":3,\"name\":\"Bethlehem Gifts TM Authentischer Messianisch-j\u00fcdischer christlicher Tallit Gebetsschal aus Israel (blau, normal)\"}]},{\"@type\":\"WebSite\",\"@id\":\"https:\\\/\\\/marktxxl.de\\\/markt\\\/#website\",\"url\":\"https:\\\/\\\/marktxxl.de\\\/markt\\\/\",\"name\":\"Markt-XXL\",\"description\":\"Ihr Markt Online\",\"publisher\":{\"@id\":\"https:\\\/\\\/marktxxl.de\\\/markt\\\/#organization\"},\"potentialAction\":[{\"@type\":\"SearchAction\",\"target\":{\"@type\":\"EntryPoint\",\"urlTemplate\":\"https:\\\/\\\/marktxxl.de\\\/markt\\\/?s={search_term_string}\"},\"query-input\":{\"@type\":\"PropertyValueSpecification\",\"valueRequired\":true,\"valueName\":\"search_term_string\"}}],\"inLanguage\":\"de\"},{\"@type\":\"Organization\",\"@id\":\"https:\\\/\\\/marktxxl.de\\\/markt\\\/#organization\",\"name\":\"Markt-XXL\",\"url\":\"https:\\\/\\\/marktxxl.de\\\/markt\\\/\",\"logo\":{\"@type\":\"ImageObject\",\"inLanguage\":\"de\",\"@id\":\"https:\\\/\\\/marktxxl.de\\\/markt\\\/#\\\/schema\\\/logo\\\/image\\\/\",\"url\":\"https:\\\/\\\/marktxxl.de\\\/markt\\\/wp-content\\\/uploads\\\/sites\\\/3\\\/2020\\\/12\\\/logo.png\",\"contentUrl\":\"https:\\\/\\\/marktxxl.de\\\/markt\\\/wp-content\\\/uploads\\\/sites\\\/3\\\/2020\\\/12\\\/logo.png\",\"width\":200,\"height\":70,\"caption\":\"Markt-XXL\"},\"image\":{\"@id\":\"https:\\\/\\\/marktxxl.de\\\/markt\\\/#\\\/schema\\\/logo\\\/image\\\/\"}}]}<\/script>\n<!-- \/ Yoast SEO plugin. -->","yoast_head_json":{"title":"Bethlehem Gifts TM Authentischer Messianisch-j\u00fcdischer christlicher Tallit Gebetsschal aus Israel (blau, normal) - Markt-XXL","description":"Markt-XXL Bethlehem Gifts TM Authentischer Messianisch-j\u00fcdischer christlicher Tallit Gebetsschal aus Israel (blau, normal)","robots":{"index":"index","follow":"follow","max-snippet":"max-snippet:-1","max-image-preview":"max-image-preview:large","max-video-preview":"max-video-preview:-1"},"canonical":"https:\/\/marktxxl.de\/markt\/produkt\/bethlehem-gifts-tm-authentischer-messianisch-juedischer-christlicher-tallit-gebetsschal-aus-israel\/","og_locale":"de_DE","og_type":"article","og_title":"Bethlehem Gifts TM Authentischer Messianisch-j\u00fcdischer christlicher Tallit Gebetsschal aus Israel (blau, normal) - Markt-XXL","og_description":"Markt-XXL Bethlehem Gifts TM Authentischer Messianisch-j\u00fcdischer christlicher Tallit Gebetsschal aus Israel (blau, normal)","og_url":"https:\/\/marktxxl.de\/markt\/produkt\/bethlehem-gifts-tm-authentischer-messianisch-juedischer-christlicher-tallit-gebetsschal-aus-israel\/","og_site_name":"Markt-XXL","article_modified_time":"2023-04-11T01:13:20+00:00","og_image":[{"width":500,"height":375,"url":"https:\/\/m.media-amazon.com\/images\/I\/31cEdjWJL+L._SL500_.jpg","type":"image\/jpeg"}],"twitter_card":"summary_large_image","schema":{"@context":"https:\/\/schema.org","@graph":[{"@type":"WebPage","@id":"https:\/\/marktxxl.de\/markt\/produkt\/bethlehem-gifts-tm-authentischer-messianisch-juedischer-christlicher-tallit-gebetsschal-aus-israel\/","url":"https:\/\/marktxxl.de\/markt\/produkt\/bethlehem-gifts-tm-authentischer-messianisch-juedischer-christlicher-tallit-gebetsschal-aus-israel\/","name":"Bethlehem Gifts TM Authentischer Messianisch-j\u00fcdischer christlicher Tallit Gebetsschal aus Israel (blau, normal) - Markt-XXL","isPartOf":{"@id":"https:\/\/marktxxl.de\/markt\/#website"},"primaryImageOfPage":{"@id":"https:\/\/marktxxl.de\/markt\/produkt\/bethlehem-gifts-tm-authentischer-messianisch-juedischer-christlicher-tallit-gebetsschal-aus-israel\/#primaryimage"},"image":{"@id":"https:\/\/marktxxl.de\/markt\/produkt\/bethlehem-gifts-tm-authentischer-messianisch-juedischer-christlicher-tallit-gebetsschal-aus-israel\/#primaryimage"},"thumbnailUrl":"https:\/\/m.media-amazon.com\/images\/I\/31cEdjWJL+L._SL500_.jpg","datePublished":"2021-12-28T20:21:15+00:00","dateModified":"2023-04-11T01:13:20+00:00","description":"Markt-XXL Bethlehem Gifts TM Authentischer Messianisch-j\u00fcdischer christlicher Tallit Gebetsschal aus Israel (blau, normal)","breadcrumb":{"@id":"https:\/\/marktxxl.de\/markt\/produkt\/bethlehem-gifts-tm-authentischer-messianisch-juedischer-christlicher-tallit-gebetsschal-aus-israel\/#breadcrumb"},"inLanguage":"de","potentialAction":[{"@type":"ReadAction","target":["https:\/\/marktxxl.de\/markt\/produkt\/bethlehem-gifts-tm-authentischer-messianisch-juedischer-christlicher-tallit-gebetsschal-aus-israel\/"]}]},{"@type":"ImageObject","inLanguage":"de","@id":"https:\/\/marktxxl.de\/markt\/produkt\/bethlehem-gifts-tm-authentischer-messianisch-juedischer-christlicher-tallit-gebetsschal-aus-israel\/#primaryimage","url":"https:\/\/m.media-amazon.com\/images\/I\/31cEdjWJL+L._SL500_.jpg","contentUrl":"https:\/\/m.media-amazon.com\/images\/I\/31cEdjWJL+L._SL500_.jpg","width":500,"height":375},{"@type":"BreadcrumbList","@id":"https:\/\/marktxxl.de\/markt\/produkt\/bethlehem-gifts-tm-authentischer-messianisch-juedischer-christlicher-tallit-gebetsschal-aus-israel\/#breadcrumb","itemListElement":[{"@type":"ListItem","position":1,"name":"Startseite","item":"https:\/\/marktxxl.de\/markt\/"},{"@type":"ListItem","position":2,"name":"Markt","item":"https:\/\/marktxxl.de\/markt\/"},{"@type":"ListItem","position":3,"name":"Bethlehem Gifts TM Authentischer Messianisch-j\u00fcdischer christlicher Tallit Gebetsschal aus Israel (blau, normal)"}]},{"@type":"WebSite","@id":"https:\/\/marktxxl.de\/markt\/#website","url":"https:\/\/marktxxl.de\/markt\/","name":"Markt-XXL","description":"Ihr Markt Online","publisher":{"@id":"https:\/\/marktxxl.de\/markt\/#organization"},"potentialAction":[{"@type":"SearchAction","target":{"@type":"EntryPoint","urlTemplate":"https:\/\/marktxxl.de\/markt\/?s={search_term_string}"},"query-input":{"@type":"PropertyValueSpecification","valueRequired":true,"valueName":"search_term_string"}}],"inLanguage":"de"},{"@type":"Organization","@id":"https:\/\/marktxxl.de\/markt\/#organization","name":"Markt-XXL","url":"https:\/\/marktxxl.de\/markt\/","logo":{"@type":"ImageObject","inLanguage":"de","@id":"https:\/\/marktxxl.de\/markt\/#\/schema\/logo\/image\/","url":"https:\/\/marktxxl.de\/markt\/wp-content\/uploads\/sites\/3\/2020\/12\/logo.png","contentUrl":"https:\/\/marktxxl.de\/markt\/wp-content\/uploads\/sites\/3\/2020\/12\/logo.png","width":200,"height":70,"caption":"Markt-XXL"},"image":{"@id":"https:\/\/marktxxl.de\/markt\/#\/schema\/logo\/image\/"}}]}},"_links":{"self":[{"href":"https:\/\/marktxxl.de\/markt\/wp-json\/wp\/v2\/product\/92918","targetHints":{"allow":["GET"]}}],"collection":[{"href":"https:\/\/marktxxl.de\/markt\/wp-json\/wp\/v2\/product"}],"about":[{"href":"https:\/\/marktxxl.de\/markt\/wp-json\/wp\/v2\/types\/product"}],"replies":[{"embeddable":true,"href":"https:\/\/marktxxl.de\/markt\/wp-json\/wp\/v2\/comments?post=92918"}],"wp:featuredmedia":[{"embeddable":true,"href":"https:\/\/marktxxl.de\/markt\/wp-json\/wp\/v2\/media\/92919"}],"wp:attachment":[{"href":"https:\/\/marktxxl.de\/markt\/wp-json\/wp\/v2\/media?parent=92918"}],"wp:term":[{"taxonomy":"product_brand","embeddable":true,"href":"https:\/\/marktxxl.de\/markt\/wp-json\/wp\/v2\/product_brand?post=92918"},{"taxonomy":"product_cat","embeddable":true,"href":"https:\/\/marktxxl.de\/markt\/wp-json\/wp\/v2\/product_cat?post=92918"},{"taxonomy":"product_tag","embeddable":true,"href":"https:\/\/marktxxl.de\/markt\/wp-json\/wp\/v2\/product_tag?post=92918"}],"curies":[{"name":"wp","href":"https:\/\/api.w.org\/{rel}","templated":true}]}}