{"id":92862,"date":"2021-12-28T21:16:01","date_gmt":"2021-12-28T20:16:01","guid":{"rendered":"https:\/\/marktxxl.de\/markt\/produkt\/benirap-damen-unterwaesche-unterhose-%e3%80%906er-pack%e3%80%91%e3%80%90atmungsaktive-weich%e3%80%91%e3%80%90baumwolle-stretch%e3%80%91-frauen-maedchen-sanft-brief-hoeschen-schwacher-anstieg-n\/"},"modified":"2023-04-11T03:13:19","modified_gmt":"2023-04-11T01:13:19","slug":"benirap-damen-unterwaesche-unterhose-%e3%80%906er-pack%e3%80%91%e3%80%90atmungsaktive-weich%e3%80%91%e3%80%90baumwolle-stretch%e3%80%91-frauen-maedchen-sanft-brief-hoeschen-schwacher-anstieg-n","status":"publish","type":"product","link":"https:\/\/marktxxl.de\/markt\/produkt\/benirap-damen-unterwaesche-unterhose-%e3%80%906er-pack%e3%80%91%e3%80%90atmungsaktive-weich%e3%80%91%e3%80%90baumwolle-stretch%e3%80%91-frauen-maedchen-sanft-brief-hoeschen-schwacher-anstieg-n\/","title":{"rendered":"Benirap Perioden Unterw\u00e4sche Damen 3 Pack Menstruation Slip Mittlere Taille Unterhosen Damen Baumwolle Stretch\u2026"},"content":{"rendered":"<p>\u301095\u00a0% Baumwolle, 5\u00a0% Elasthan\u3011 maschinenwaschbar mit W\u00e4schesack (bis 30\u00a0\u00b0C). Benirap besteht darauf, nur hochwertige Originalbaumwolle und branchenf\u00fchrende Webtechnologie zu verwenden, um eine hohe Qualit\u00e4t zu gew\u00e4hrleisten.<br \/>\n\u3010Atmungsaktive Baumwollstretch Damen Unterw\u00e4sche\u3011 kein Ball, kein Kneifen, kein Kleben, nicht zu eng, aber nicht locker. Baumwolle hat eine gute Durchl\u00e4ssigkeit und sorgt daf\u00fcr, dass Sie sich wohler f\u00fchlen.<br \/>\n\u3010Zweischichtiges C-f\u00f6rmiges Weiblich Unterhosen \u3011 Bieten zus\u00e4tzlichen Schutz, atmungsaktiv und gesund. Besonders geeignet f\u00fcr Menschen mit Kreuzschmerzen und Bewegungsmangel. Ebenso ist es f\u00fcr den postpartalen Kaiserschnitt und die Erholung von einer Bauchoperation geeignet.<br \/>\n\u3010Weiche und bequeme Unterw\u00e4sche\u3011 voller Elastizit\u00e4t. Die Bein\u00f6ffnungen bieten reibungslosen Komfort. Der breite elastische und bequeme Bund rollt nicht zusammen oder l\u00e4sst sich nicht zusammenziehen, sodass Sie ihn Tag und Nacht bequem tragen k\u00f6nnen.<br \/>\n\u3010Buntes Damen Unterhosen \u3011 sieht sehr modisch und charmant aus und ist f\u00fcr alle Frauen geeignet. Sehr gut geeignet f\u00fcr Kleider, hoch taillierte Hosen und Jeans. Eine Vielzahl von Farboptionen bringt viel Freude in Ihr t\u00e4gliches Leben. Geeignet f\u00fcr zu Hause, vor dem Schlafengehen und f\u00fcr den t\u00e4glichen Gebrauch.<br \/>\n<div class=\"main-cross-sell\" data-asin=\"B0921Z3L5V\">\n\n\t<div class=\"WooZone-cross-sell-loader\">\n\t\t<div>\n\t\t\t<div id=\"floatingBarsG\">\n\t\t\t\t<div class=\"blockG\" id=\"rotateG_01\"><\/div>\n\t\t\t\t<div class=\"blockG\" id=\"rotateG_02\"><\/div>\n\t\t\t\t<div class=\"blockG\" id=\"rotateG_03\"><\/div>\n\t\t\t\t<div class=\"blockG\" id=\"rotateG_04\"><\/div>\n\t\t\t\t<div class=\"blockG\" id=\"rotateG_05\"><\/div>\n\t\t\t\t<div class=\"blockG\" id=\"rotateG_06\"><\/div>\n\t\t\t\t<div class=\"blockG\" id=\"rotateG_07\"><\/div>\n\t\t\t\t<div class=\"blockG\" id=\"rotateG_08\"><\/div>\n\t\t\t<\/div>\n\t\t\t<div class=\"WooZone-cross-sell-loader-text\"><\/div>\n\t\t<\/div>\n\t<\/div>\n\n\t\t\n<\/div>\n<div style=\"clear:both;\"><\/div><\/p>\n","protected":false},"excerpt":{"rendered":"<p>\u301095\u00a0% Baumwolle, 5\u00a0% Elasthan\u3011 maschinenwaschbar mit W\u00e4schesack (bis 30\u00a0\u00b0C). Benirap besteht darauf, nur hochwertige Originalbaumwolle und branchenf\u00fchrende Webtechnologie zu verwenden, um eine hohe Qualit\u00e4t zu gew\u00e4hrleisten.<br \/>\n\u3010Atmungsaktive Baumwollstretch Damen Unterw\u00e4sche\u3011 kein Ball, kein Kneifen, kein Kleben, nicht zu eng, aber nicht locker. Baumwolle hat eine gute Durchl\u00e4ssigkeit und sorgt daf\u00fcr, dass Sie sich wohler f\u00fchlen.<br \/>\n\u3010Zweischichtiges C-f\u00f6rmiges Weiblich Unterhosen \u3011 Bieten zus\u00e4tzlichen Schutz, atmungsaktiv und gesund. Besonders geeignet f\u00fcr Menschen mit Kreuzschmerzen und Bewegungsmangel. Ebenso ist es f\u00fcr den postpartalen Kaiserschnitt und die Erholung von einer Bauchoperation geeignet.<\/p>\n","protected":false},"featured_media":92863,"comment_status":"open","ping_status":"closed","template":"","meta":[],"product_brand":[],"product_cat":[1186,3920],"product_tag":[],"class_list":{"0":"post-92862","1":"product","2":"type-product","3":"status-publish","4":"has-post-thumbnail","6":"product_cat-bekleidung","7":"product_cat-damen","8":"pa_brand-benirap","9":"pa_manufacturer-benirap","10":"pa_size-36-46","11":"pa_weight-0-220462262-pfund","13":"first","14":"instock","15":"shipping-taxable","16":"purchasable","17":"product-type-simple","18":"customify-col","19":"product-has-gallery"},"yoast_head":"<!-- This site is optimized with the Yoast SEO plugin v27.4 - https:\/\/yoast.com\/product\/yoast-seo-wordpress\/ -->\n<title>Benirap Perioden Unterw\u00e4sche Damen 3 Pack Menstruation Slip Mittlere Taille Unterhosen Damen Baumwolle Stretch\u2026 - Markt-XXL<\/title>\n<meta name=\"description\" content=\"Markt-XXL Benirap Perioden Unterw\u00e4sche Damen 3 Pack Menstruation Slip Mittlere Taille Unterhosen Damen Baumwolle Stretch\u2026\" \/>\n<meta name=\"robots\" content=\"index, follow, max-snippet:-1, max-image-preview:large, max-video-preview:-1\" \/>\n<link rel=\"canonical\" href=\"https:\/\/marktxxl.de\/markt\/produkt\/benirap-damen-unterwaesche-unterhose-\u30106er-pack\u3011\u3010atmungsaktive-weich\u3011\u3010baumwolle-stretch\u3011-frauen-maedchen-sanft-brief-hoeschen-schwacher-anstieg-n\/\" \/>\n<meta property=\"og:locale\" content=\"de_DE\" \/>\n<meta property=\"og:type\" content=\"article\" \/>\n<meta property=\"og:title\" content=\"Benirap Perioden Unterw\u00e4sche Damen 3 Pack Menstruation Slip Mittlere Taille Unterhosen Damen Baumwolle Stretch\u2026 - Markt-XXL\" \/>\n<meta property=\"og:description\" content=\"Markt-XXL Benirap Perioden Unterw\u00e4sche Damen 3 Pack Menstruation Slip Mittlere Taille Unterhosen Damen Baumwolle Stretch\u2026\" \/>\n<meta property=\"og:url\" content=\"https:\/\/marktxxl.de\/markt\/produkt\/benirap-damen-unterwaesche-unterhose-\u30106er-pack\u3011\u3010atmungsaktive-weich\u3011\u3010baumwolle-stretch\u3011-frauen-maedchen-sanft-brief-hoeschen-schwacher-anstieg-n\/\" \/>\n<meta property=\"og:site_name\" content=\"Markt-XXL\" \/>\n<meta property=\"article:modified_time\" content=\"2023-04-11T01:13:19+00:00\" \/>\n<meta property=\"og:image\" content=\"https:\/\/m.media-amazon.com\/images\/I\/41ho2mRHZ+S._SL500_.jpg\" \/>\n\t<meta property=\"og:image:width\" content=\"500\" \/>\n\t<meta property=\"og:image:height\" content=\"500\" \/>\n\t<meta property=\"og:image:type\" content=\"image\/jpeg\" \/>\n<meta name=\"twitter:card\" content=\"summary_large_image\" \/>\n<meta name=\"twitter:label1\" content=\"Gesch\u00e4tzte Lesezeit\" \/>\n\t<meta name=\"twitter:data1\" content=\"1\u00a0Minute\" \/>\n<script type=\"application\/ld+json\" class=\"yoast-schema-graph\">{\"@context\":\"https:\\\/\\\/schema.org\",\"@graph\":[{\"@type\":\"WebPage\",\"@id\":\"https:\\\/\\\/marktxxl.de\\\/markt\\\/produkt\\\/benirap-damen-unterwaesche-unterhose-%e3%80%906er-pack%e3%80%91%e3%80%90atmungsaktive-weich%e3%80%91%e3%80%90baumwolle-stretch%e3%80%91-frauen-maedchen-sanft-brief-hoeschen-schwacher-anstieg-n\\\/\",\"url\":\"https:\\\/\\\/marktxxl.de\\\/markt\\\/produkt\\\/benirap-damen-unterwaesche-unterhose-%e3%80%906er-pack%e3%80%91%e3%80%90atmungsaktive-weich%e3%80%91%e3%80%90baumwolle-stretch%e3%80%91-frauen-maedchen-sanft-brief-hoeschen-schwacher-anstieg-n\\\/\",\"name\":\"Benirap Perioden Unterw\u00e4sche Damen 3 Pack Menstruation Slip Mittlere Taille Unterhosen Damen Baumwolle Stretch\u2026 - Markt-XXL\",\"isPartOf\":{\"@id\":\"https:\\\/\\\/marktxxl.de\\\/markt\\\/#website\"},\"primaryImageOfPage\":{\"@id\":\"https:\\\/\\\/marktxxl.de\\\/markt\\\/produkt\\\/benirap-damen-unterwaesche-unterhose-%e3%80%906er-pack%e3%80%91%e3%80%90atmungsaktive-weich%e3%80%91%e3%80%90baumwolle-stretch%e3%80%91-frauen-maedchen-sanft-brief-hoeschen-schwacher-anstieg-n\\\/#primaryimage\"},\"image\":{\"@id\":\"https:\\\/\\\/marktxxl.de\\\/markt\\\/produkt\\\/benirap-damen-unterwaesche-unterhose-%e3%80%906er-pack%e3%80%91%e3%80%90atmungsaktive-weich%e3%80%91%e3%80%90baumwolle-stretch%e3%80%91-frauen-maedchen-sanft-brief-hoeschen-schwacher-anstieg-n\\\/#primaryimage\"},\"thumbnailUrl\":\"https:\\\/\\\/m.media-amazon.com\\\/images\\\/I\\\/41ho2mRHZ+S._SL500_.jpg\",\"datePublished\":\"2021-12-28T20:16:01+00:00\",\"dateModified\":\"2023-04-11T01:13:19+00:00\",\"description\":\"Markt-XXL Benirap Perioden Unterw\u00e4sche Damen 3 Pack Menstruation Slip Mittlere Taille Unterhosen Damen Baumwolle Stretch\u2026\",\"breadcrumb\":{\"@id\":\"https:\\\/\\\/marktxxl.de\\\/markt\\\/produkt\\\/benirap-damen-unterwaesche-unterhose-%e3%80%906er-pack%e3%80%91%e3%80%90atmungsaktive-weich%e3%80%91%e3%80%90baumwolle-stretch%e3%80%91-frauen-maedchen-sanft-brief-hoeschen-schwacher-anstieg-n\\\/#breadcrumb\"},\"inLanguage\":\"de\",\"potentialAction\":[{\"@type\":\"ReadAction\",\"target\":[\"https:\\\/\\\/marktxxl.de\\\/markt\\\/produkt\\\/benirap-damen-unterwaesche-unterhose-%e3%80%906er-pack%e3%80%91%e3%80%90atmungsaktive-weich%e3%80%91%e3%80%90baumwolle-stretch%e3%80%91-frauen-maedchen-sanft-brief-hoeschen-schwacher-anstieg-n\\\/\"]}]},{\"@type\":\"ImageObject\",\"inLanguage\":\"de\",\"@id\":\"https:\\\/\\\/marktxxl.de\\\/markt\\\/produkt\\\/benirap-damen-unterwaesche-unterhose-%e3%80%906er-pack%e3%80%91%e3%80%90atmungsaktive-weich%e3%80%91%e3%80%90baumwolle-stretch%e3%80%91-frauen-maedchen-sanft-brief-hoeschen-schwacher-anstieg-n\\\/#primaryimage\",\"url\":\"https:\\\/\\\/m.media-amazon.com\\\/images\\\/I\\\/41ho2mRHZ+S._SL500_.jpg\",\"contentUrl\":\"https:\\\/\\\/m.media-amazon.com\\\/images\\\/I\\\/41ho2mRHZ+S._SL500_.jpg\",\"width\":500,\"height\":500},{\"@type\":\"BreadcrumbList\",\"@id\":\"https:\\\/\\\/marktxxl.de\\\/markt\\\/produkt\\\/benirap-damen-unterwaesche-unterhose-%e3%80%906er-pack%e3%80%91%e3%80%90atmungsaktive-weich%e3%80%91%e3%80%90baumwolle-stretch%e3%80%91-frauen-maedchen-sanft-brief-hoeschen-schwacher-anstieg-n\\\/#breadcrumb\",\"itemListElement\":[{\"@type\":\"ListItem\",\"position\":1,\"name\":\"Startseite\",\"item\":\"https:\\\/\\\/marktxxl.de\\\/markt\\\/\"},{\"@type\":\"ListItem\",\"position\":2,\"name\":\"Markt\",\"item\":\"https:\\\/\\\/marktxxl.de\\\/markt\\\/\"},{\"@type\":\"ListItem\",\"position\":3,\"name\":\"Benirap Perioden Unterw\u00e4sche Damen 3 Pack Menstruation Slip Mittlere Taille Unterhosen Damen Baumwolle Stretch\u2026\"}]},{\"@type\":\"WebSite\",\"@id\":\"https:\\\/\\\/marktxxl.de\\\/markt\\\/#website\",\"url\":\"https:\\\/\\\/marktxxl.de\\\/markt\\\/\",\"name\":\"Markt-XXL\",\"description\":\"Ihr Markt Online\",\"publisher\":{\"@id\":\"https:\\\/\\\/marktxxl.de\\\/markt\\\/#organization\"},\"potentialAction\":[{\"@type\":\"SearchAction\",\"target\":{\"@type\":\"EntryPoint\",\"urlTemplate\":\"https:\\\/\\\/marktxxl.de\\\/markt\\\/?s={search_term_string}\"},\"query-input\":{\"@type\":\"PropertyValueSpecification\",\"valueRequired\":true,\"valueName\":\"search_term_string\"}}],\"inLanguage\":\"de\"},{\"@type\":\"Organization\",\"@id\":\"https:\\\/\\\/marktxxl.de\\\/markt\\\/#organization\",\"name\":\"Markt-XXL\",\"url\":\"https:\\\/\\\/marktxxl.de\\\/markt\\\/\",\"logo\":{\"@type\":\"ImageObject\",\"inLanguage\":\"de\",\"@id\":\"https:\\\/\\\/marktxxl.de\\\/markt\\\/#\\\/schema\\\/logo\\\/image\\\/\",\"url\":\"https:\\\/\\\/marktxxl.de\\\/markt\\\/wp-content\\\/uploads\\\/sites\\\/3\\\/2020\\\/12\\\/logo.png\",\"contentUrl\":\"https:\\\/\\\/marktxxl.de\\\/markt\\\/wp-content\\\/uploads\\\/sites\\\/3\\\/2020\\\/12\\\/logo.png\",\"width\":200,\"height\":70,\"caption\":\"Markt-XXL\"},\"image\":{\"@id\":\"https:\\\/\\\/marktxxl.de\\\/markt\\\/#\\\/schema\\\/logo\\\/image\\\/\"}}]}<\/script>\n<!-- \/ Yoast SEO plugin. -->","yoast_head_json":{"title":"Benirap Perioden Unterw\u00e4sche Damen 3 Pack Menstruation Slip Mittlere Taille Unterhosen Damen Baumwolle Stretch\u2026 - Markt-XXL","description":"Markt-XXL Benirap Perioden Unterw\u00e4sche Damen 3 Pack Menstruation Slip Mittlere Taille Unterhosen Damen Baumwolle Stretch\u2026","robots":{"index":"index","follow":"follow","max-snippet":"max-snippet:-1","max-image-preview":"max-image-preview:large","max-video-preview":"max-video-preview:-1"},"canonical":"https:\/\/marktxxl.de\/markt\/produkt\/benirap-damen-unterwaesche-unterhose-\u30106er-pack\u3011\u3010atmungsaktive-weich\u3011\u3010baumwolle-stretch\u3011-frauen-maedchen-sanft-brief-hoeschen-schwacher-anstieg-n\/","og_locale":"de_DE","og_type":"article","og_title":"Benirap Perioden Unterw\u00e4sche Damen 3 Pack Menstruation Slip Mittlere Taille Unterhosen Damen Baumwolle Stretch\u2026 - Markt-XXL","og_description":"Markt-XXL Benirap Perioden Unterw\u00e4sche Damen 3 Pack Menstruation Slip Mittlere Taille Unterhosen Damen Baumwolle Stretch\u2026","og_url":"https:\/\/marktxxl.de\/markt\/produkt\/benirap-damen-unterwaesche-unterhose-\u30106er-pack\u3011\u3010atmungsaktive-weich\u3011\u3010baumwolle-stretch\u3011-frauen-maedchen-sanft-brief-hoeschen-schwacher-anstieg-n\/","og_site_name":"Markt-XXL","article_modified_time":"2023-04-11T01:13:19+00:00","og_image":[{"width":500,"height":500,"url":"https:\/\/m.media-amazon.com\/images\/I\/41ho2mRHZ+S._SL500_.jpg","type":"image\/jpeg"}],"twitter_card":"summary_large_image","twitter_misc":{"Gesch\u00e4tzte Lesezeit":"1\u00a0Minute"},"schema":{"@context":"https:\/\/schema.org","@graph":[{"@type":"WebPage","@id":"https:\/\/marktxxl.de\/markt\/produkt\/benirap-damen-unterwaesche-unterhose-%e3%80%906er-pack%e3%80%91%e3%80%90atmungsaktive-weich%e3%80%91%e3%80%90baumwolle-stretch%e3%80%91-frauen-maedchen-sanft-brief-hoeschen-schwacher-anstieg-n\/","url":"https:\/\/marktxxl.de\/markt\/produkt\/benirap-damen-unterwaesche-unterhose-%e3%80%906er-pack%e3%80%91%e3%80%90atmungsaktive-weich%e3%80%91%e3%80%90baumwolle-stretch%e3%80%91-frauen-maedchen-sanft-brief-hoeschen-schwacher-anstieg-n\/","name":"Benirap Perioden Unterw\u00e4sche Damen 3 Pack Menstruation Slip Mittlere Taille Unterhosen Damen Baumwolle Stretch\u2026 - Markt-XXL","isPartOf":{"@id":"https:\/\/marktxxl.de\/markt\/#website"},"primaryImageOfPage":{"@id":"https:\/\/marktxxl.de\/markt\/produkt\/benirap-damen-unterwaesche-unterhose-%e3%80%906er-pack%e3%80%91%e3%80%90atmungsaktive-weich%e3%80%91%e3%80%90baumwolle-stretch%e3%80%91-frauen-maedchen-sanft-brief-hoeschen-schwacher-anstieg-n\/#primaryimage"},"image":{"@id":"https:\/\/marktxxl.de\/markt\/produkt\/benirap-damen-unterwaesche-unterhose-%e3%80%906er-pack%e3%80%91%e3%80%90atmungsaktive-weich%e3%80%91%e3%80%90baumwolle-stretch%e3%80%91-frauen-maedchen-sanft-brief-hoeschen-schwacher-anstieg-n\/#primaryimage"},"thumbnailUrl":"https:\/\/m.media-amazon.com\/images\/I\/41ho2mRHZ+S._SL500_.jpg","datePublished":"2021-12-28T20:16:01+00:00","dateModified":"2023-04-11T01:13:19+00:00","description":"Markt-XXL Benirap Perioden Unterw\u00e4sche Damen 3 Pack Menstruation Slip Mittlere Taille Unterhosen Damen Baumwolle Stretch\u2026","breadcrumb":{"@id":"https:\/\/marktxxl.de\/markt\/produkt\/benirap-damen-unterwaesche-unterhose-%e3%80%906er-pack%e3%80%91%e3%80%90atmungsaktive-weich%e3%80%91%e3%80%90baumwolle-stretch%e3%80%91-frauen-maedchen-sanft-brief-hoeschen-schwacher-anstieg-n\/#breadcrumb"},"inLanguage":"de","potentialAction":[{"@type":"ReadAction","target":["https:\/\/marktxxl.de\/markt\/produkt\/benirap-damen-unterwaesche-unterhose-%e3%80%906er-pack%e3%80%91%e3%80%90atmungsaktive-weich%e3%80%91%e3%80%90baumwolle-stretch%e3%80%91-frauen-maedchen-sanft-brief-hoeschen-schwacher-anstieg-n\/"]}]},{"@type":"ImageObject","inLanguage":"de","@id":"https:\/\/marktxxl.de\/markt\/produkt\/benirap-damen-unterwaesche-unterhose-%e3%80%906er-pack%e3%80%91%e3%80%90atmungsaktive-weich%e3%80%91%e3%80%90baumwolle-stretch%e3%80%91-frauen-maedchen-sanft-brief-hoeschen-schwacher-anstieg-n\/#primaryimage","url":"https:\/\/m.media-amazon.com\/images\/I\/41ho2mRHZ+S._SL500_.jpg","contentUrl":"https:\/\/m.media-amazon.com\/images\/I\/41ho2mRHZ+S._SL500_.jpg","width":500,"height":500},{"@type":"BreadcrumbList","@id":"https:\/\/marktxxl.de\/markt\/produkt\/benirap-damen-unterwaesche-unterhose-%e3%80%906er-pack%e3%80%91%e3%80%90atmungsaktive-weich%e3%80%91%e3%80%90baumwolle-stretch%e3%80%91-frauen-maedchen-sanft-brief-hoeschen-schwacher-anstieg-n\/#breadcrumb","itemListElement":[{"@type":"ListItem","position":1,"name":"Startseite","item":"https:\/\/marktxxl.de\/markt\/"},{"@type":"ListItem","position":2,"name":"Markt","item":"https:\/\/marktxxl.de\/markt\/"},{"@type":"ListItem","position":3,"name":"Benirap Perioden Unterw\u00e4sche Damen 3 Pack Menstruation Slip Mittlere Taille Unterhosen Damen Baumwolle Stretch\u2026"}]},{"@type":"WebSite","@id":"https:\/\/marktxxl.de\/markt\/#website","url":"https:\/\/marktxxl.de\/markt\/","name":"Markt-XXL","description":"Ihr Markt Online","publisher":{"@id":"https:\/\/marktxxl.de\/markt\/#organization"},"potentialAction":[{"@type":"SearchAction","target":{"@type":"EntryPoint","urlTemplate":"https:\/\/marktxxl.de\/markt\/?s={search_term_string}"},"query-input":{"@type":"PropertyValueSpecification","valueRequired":true,"valueName":"search_term_string"}}],"inLanguage":"de"},{"@type":"Organization","@id":"https:\/\/marktxxl.de\/markt\/#organization","name":"Markt-XXL","url":"https:\/\/marktxxl.de\/markt\/","logo":{"@type":"ImageObject","inLanguage":"de","@id":"https:\/\/marktxxl.de\/markt\/#\/schema\/logo\/image\/","url":"https:\/\/marktxxl.de\/markt\/wp-content\/uploads\/sites\/3\/2020\/12\/logo.png","contentUrl":"https:\/\/marktxxl.de\/markt\/wp-content\/uploads\/sites\/3\/2020\/12\/logo.png","width":200,"height":70,"caption":"Markt-XXL"},"image":{"@id":"https:\/\/marktxxl.de\/markt\/#\/schema\/logo\/image\/"}}]}},"_links":{"self":[{"href":"https:\/\/marktxxl.de\/markt\/wp-json\/wp\/v2\/product\/92862","targetHints":{"allow":["GET"]}}],"collection":[{"href":"https:\/\/marktxxl.de\/markt\/wp-json\/wp\/v2\/product"}],"about":[{"href":"https:\/\/marktxxl.de\/markt\/wp-json\/wp\/v2\/types\/product"}],"replies":[{"embeddable":true,"href":"https:\/\/marktxxl.de\/markt\/wp-json\/wp\/v2\/comments?post=92862"}],"wp:featuredmedia":[{"embeddable":true,"href":"https:\/\/marktxxl.de\/markt\/wp-json\/wp\/v2\/media\/92863"}],"wp:attachment":[{"href":"https:\/\/marktxxl.de\/markt\/wp-json\/wp\/v2\/media?parent=92862"}],"wp:term":[{"taxonomy":"product_brand","embeddable":true,"href":"https:\/\/marktxxl.de\/markt\/wp-json\/wp\/v2\/product_brand?post=92862"},{"taxonomy":"product_cat","embeddable":true,"href":"https:\/\/marktxxl.de\/markt\/wp-json\/wp\/v2\/product_cat?post=92862"},{"taxonomy":"product_tag","embeddable":true,"href":"https:\/\/marktxxl.de\/markt\/wp-json\/wp\/v2\/product_tag?post=92862"}],"curies":[{"name":"wp","href":"https:\/\/api.w.org\/{rel}","templated":true}]}}