{"id":92860,"date":"2021-12-28T21:15:56","date_gmt":"2021-12-28T20:15:56","guid":{"rendered":"https:\/\/marktxxl.de\/markt\/produkt\/h-i-s-damen-slips-his-10-er-pack\/"},"modified":"2023-04-11T03:13:19","modified_gmt":"2023-04-11T01:13:19","slug":"h-i-s-damen-slips-his-10-er-pack","status":"publish","type":"product","link":"https:\/\/marktxxl.de\/markt\/produkt\/h-i-s-damen-slips-his-10-er-pack\/","title":{"rendered":"H.I.S Damen Slips HIS | 10 er Pack"},"content":{"rendered":"<p>HIS Damen Slips | 10 St\u00fcck<br \/>\nmit elastischen Abschl\u00fcssen an Taille- und Beinausschnitten, weiche Baumwoll-Stretch Qualit\u00e4t, f\u00fcr eine feminine Silhouette, komfortabler und guter Sitz, Baumwollzwickel, Seitenn\u00e4hte<br \/>\nbequem und angenehm zu tragen, angenehm weich auf der Haut, flache Abschl\u00fcsse, d\u00fcnneres Material, das nur wenig auftr\u00e4gt, elastisches, weiches B\u00fcndchen<br \/>\ndezentes H.I.S Logo vorn auf dem B\u00fcndchen (HIS verwendet unterschiedliche Logos, daher kann es vorkommen, dass das Label vom abgebildeten abweicht), hoher Tragekomfort durch elastische Baumwollmischung, die Seitenstegh\u00f6he bei Gr\u00f6\u00dfe 36 betr\u00e4gt ca. 5 cm<br \/>\nMaterial: 95% Baumwolle, 5% Elasthan | Maschinenw\u00e4sche bei 40 Grad im Schonwaschgang<br \/>\n<div class=\"main-cross-sell\" data-asin=\"B014HQAIXG\">\n\n\t<div class=\"WooZone-cross-sell-loader\">\n\t\t<div>\n\t\t\t<div id=\"floatingBarsG\">\n\t\t\t\t<div class=\"blockG\" id=\"rotateG_01\"><\/div>\n\t\t\t\t<div class=\"blockG\" id=\"rotateG_02\"><\/div>\n\t\t\t\t<div class=\"blockG\" id=\"rotateG_03\"><\/div>\n\t\t\t\t<div class=\"blockG\" id=\"rotateG_04\"><\/div>\n\t\t\t\t<div class=\"blockG\" id=\"rotateG_05\"><\/div>\n\t\t\t\t<div class=\"blockG\" id=\"rotateG_06\"><\/div>\n\t\t\t\t<div class=\"blockG\" id=\"rotateG_07\"><\/div>\n\t\t\t\t<div class=\"blockG\" id=\"rotateG_08\"><\/div>\n\t\t\t<\/div>\n\t\t\t<div class=\"WooZone-cross-sell-loader-text\"><\/div>\n\t\t<\/div>\n\t<\/div>\n\n\t\t\n<\/div>\n<div style=\"clear:both;\"><\/div><\/p>\n","protected":false},"excerpt":{"rendered":"<p>HIS Damen Slips | 10 St\u00fcck<br \/>\nmit elastischen Abschl\u00fcssen an Taille- und Beinausschnitten, weiche Baumwoll-Stretch Qualit\u00e4t, f\u00fcr eine feminine Silhouette, komfortabler und guter Sitz, Baumwollzwickel, Seitenn\u00e4hte<br \/>\nbequem und angenehm zu tragen, angenehm weich auf der Haut, flache Abschl\u00fcsse, d\u00fcnneres Material, das nur wenig auftr\u00e4gt, elastisches, weiches B\u00fcndchen<\/p>\n","protected":false},"featured_media":92861,"comment_status":"open","ping_status":"closed","template":"","meta":[],"product_brand":[],"product_cat":[1186,3920],"product_tag":[],"class_list":{"0":"post-92860","1":"product","2":"type-product","3":"status-publish","4":"has-post-thumbnail","6":"product_cat-bekleidung","7":"product_cat-damen","8":"pa_brand-h-i-s","9":"pa_manufacturer-h-i-s","11":"first","12":"instock","13":"shipping-taxable","14":"purchasable","15":"product-type-simple","16":"customify-col","17":"product-has-gallery"},"yoast_head":"<!-- This site is optimized with the Yoast SEO plugin v27.3 - https:\/\/yoast.com\/product\/yoast-seo-wordpress\/ -->\n<title>H.I.S Damen Slips HIS | 10 er Pack - Markt-XXL<\/title>\n<meta name=\"description\" content=\"Markt-XXL H.I.S Damen Slips HIS | 10 er Pack\" \/>\n<meta name=\"robots\" content=\"index, follow, max-snippet:-1, max-image-preview:large, max-video-preview:-1\" \/>\n<link rel=\"canonical\" href=\"https:\/\/marktxxl.de\/markt\/produkt\/h-i-s-damen-slips-his-10-er-pack\/\" \/>\n<meta property=\"og:locale\" content=\"de_DE\" \/>\n<meta property=\"og:type\" content=\"article\" \/>\n<meta property=\"og:title\" content=\"H.I.S Damen Slips HIS | 10 er Pack - Markt-XXL\" \/>\n<meta property=\"og:description\" content=\"Markt-XXL H.I.S Damen Slips HIS | 10 er Pack\" \/>\n<meta property=\"og:url\" content=\"https:\/\/marktxxl.de\/markt\/produkt\/h-i-s-damen-slips-his-10-er-pack\/\" \/>\n<meta property=\"og:site_name\" content=\"Markt-XXL\" \/>\n<meta property=\"article:modified_time\" content=\"2023-04-11T01:13:19+00:00\" \/>\n<meta property=\"og:image\" content=\"https:\/\/m.media-amazon.com\/images\/I\/61NaJBDX5yL._SL500_.jpg\" \/>\n\t<meta property=\"og:image:width\" content=\"500\" \/>\n\t<meta property=\"og:image:height\" content=\"500\" \/>\n\t<meta property=\"og:image:type\" content=\"image\/jpeg\" \/>\n<meta name=\"twitter:card\" content=\"summary_large_image\" \/>\n<meta name=\"twitter:label1\" content=\"Gesch\u00e4tzte Lesezeit\" \/>\n\t<meta name=\"twitter:data1\" content=\"1\u00a0Minute\" \/>\n<script type=\"application\/ld+json\" class=\"yoast-schema-graph\">{\"@context\":\"https:\\\/\\\/schema.org\",\"@graph\":[{\"@type\":\"WebPage\",\"@id\":\"https:\\\/\\\/marktxxl.de\\\/markt\\\/produkt\\\/h-i-s-damen-slips-his-10-er-pack\\\/\",\"url\":\"https:\\\/\\\/marktxxl.de\\\/markt\\\/produkt\\\/h-i-s-damen-slips-his-10-er-pack\\\/\",\"name\":\"H.I.S Damen Slips HIS | 10 er Pack - Markt-XXL\",\"isPartOf\":{\"@id\":\"https:\\\/\\\/marktxxl.de\\\/markt\\\/#website\"},\"primaryImageOfPage\":{\"@id\":\"https:\\\/\\\/marktxxl.de\\\/markt\\\/produkt\\\/h-i-s-damen-slips-his-10-er-pack\\\/#primaryimage\"},\"image\":{\"@id\":\"https:\\\/\\\/marktxxl.de\\\/markt\\\/produkt\\\/h-i-s-damen-slips-his-10-er-pack\\\/#primaryimage\"},\"thumbnailUrl\":\"https:\\\/\\\/m.media-amazon.com\\\/images\\\/I\\\/61NaJBDX5yL._SL500_.jpg\",\"datePublished\":\"2021-12-28T20:15:56+00:00\",\"dateModified\":\"2023-04-11T01:13:19+00:00\",\"description\":\"Markt-XXL H.I.S Damen Slips HIS | 10 er Pack\",\"breadcrumb\":{\"@id\":\"https:\\\/\\\/marktxxl.de\\\/markt\\\/produkt\\\/h-i-s-damen-slips-his-10-er-pack\\\/#breadcrumb\"},\"inLanguage\":\"de\",\"potentialAction\":[{\"@type\":\"ReadAction\",\"target\":[\"https:\\\/\\\/marktxxl.de\\\/markt\\\/produkt\\\/h-i-s-damen-slips-his-10-er-pack\\\/\"]}]},{\"@type\":\"ImageObject\",\"inLanguage\":\"de\",\"@id\":\"https:\\\/\\\/marktxxl.de\\\/markt\\\/produkt\\\/h-i-s-damen-slips-his-10-er-pack\\\/#primaryimage\",\"url\":\"https:\\\/\\\/m.media-amazon.com\\\/images\\\/I\\\/61NaJBDX5yL._SL500_.jpg\",\"contentUrl\":\"https:\\\/\\\/m.media-amazon.com\\\/images\\\/I\\\/61NaJBDX5yL._SL500_.jpg\",\"width\":500,\"height\":500},{\"@type\":\"BreadcrumbList\",\"@id\":\"https:\\\/\\\/marktxxl.de\\\/markt\\\/produkt\\\/h-i-s-damen-slips-his-10-er-pack\\\/#breadcrumb\",\"itemListElement\":[{\"@type\":\"ListItem\",\"position\":1,\"name\":\"Startseite\",\"item\":\"https:\\\/\\\/marktxxl.de\\\/markt\\\/\"},{\"@type\":\"ListItem\",\"position\":2,\"name\":\"Markt\",\"item\":\"https:\\\/\\\/marktxxl.de\\\/markt\\\/\"},{\"@type\":\"ListItem\",\"position\":3,\"name\":\"H.I.S Damen Slips HIS | 10 er Pack\"}]},{\"@type\":\"WebSite\",\"@id\":\"https:\\\/\\\/marktxxl.de\\\/markt\\\/#website\",\"url\":\"https:\\\/\\\/marktxxl.de\\\/markt\\\/\",\"name\":\"Markt-XXL\",\"description\":\"Ihr Markt Online\",\"publisher\":{\"@id\":\"https:\\\/\\\/marktxxl.de\\\/markt\\\/#organization\"},\"potentialAction\":[{\"@type\":\"SearchAction\",\"target\":{\"@type\":\"EntryPoint\",\"urlTemplate\":\"https:\\\/\\\/marktxxl.de\\\/markt\\\/?s={search_term_string}\"},\"query-input\":{\"@type\":\"PropertyValueSpecification\",\"valueRequired\":true,\"valueName\":\"search_term_string\"}}],\"inLanguage\":\"de\"},{\"@type\":\"Organization\",\"@id\":\"https:\\\/\\\/marktxxl.de\\\/markt\\\/#organization\",\"name\":\"Markt-XXL\",\"url\":\"https:\\\/\\\/marktxxl.de\\\/markt\\\/\",\"logo\":{\"@type\":\"ImageObject\",\"inLanguage\":\"de\",\"@id\":\"https:\\\/\\\/marktxxl.de\\\/markt\\\/#\\\/schema\\\/logo\\\/image\\\/\",\"url\":\"https:\\\/\\\/marktxxl.de\\\/markt\\\/wp-content\\\/uploads\\\/sites\\\/3\\\/2020\\\/12\\\/logo.png\",\"contentUrl\":\"https:\\\/\\\/marktxxl.de\\\/markt\\\/wp-content\\\/uploads\\\/sites\\\/3\\\/2020\\\/12\\\/logo.png\",\"width\":200,\"height\":70,\"caption\":\"Markt-XXL\"},\"image\":{\"@id\":\"https:\\\/\\\/marktxxl.de\\\/markt\\\/#\\\/schema\\\/logo\\\/image\\\/\"}}]}<\/script>\n<!-- \/ Yoast SEO plugin. -->","yoast_head_json":{"title":"H.I.S Damen Slips HIS | 10 er Pack - Markt-XXL","description":"Markt-XXL H.I.S Damen Slips HIS | 10 er Pack","robots":{"index":"index","follow":"follow","max-snippet":"max-snippet:-1","max-image-preview":"max-image-preview:large","max-video-preview":"max-video-preview:-1"},"canonical":"https:\/\/marktxxl.de\/markt\/produkt\/h-i-s-damen-slips-his-10-er-pack\/","og_locale":"de_DE","og_type":"article","og_title":"H.I.S Damen Slips HIS | 10 er Pack - Markt-XXL","og_description":"Markt-XXL H.I.S Damen Slips HIS | 10 er Pack","og_url":"https:\/\/marktxxl.de\/markt\/produkt\/h-i-s-damen-slips-his-10-er-pack\/","og_site_name":"Markt-XXL","article_modified_time":"2023-04-11T01:13:19+00:00","og_image":[{"width":500,"height":500,"url":"https:\/\/m.media-amazon.com\/images\/I\/61NaJBDX5yL._SL500_.jpg","type":"image\/jpeg"}],"twitter_card":"summary_large_image","twitter_misc":{"Gesch\u00e4tzte Lesezeit":"1\u00a0Minute"},"schema":{"@context":"https:\/\/schema.org","@graph":[{"@type":"WebPage","@id":"https:\/\/marktxxl.de\/markt\/produkt\/h-i-s-damen-slips-his-10-er-pack\/","url":"https:\/\/marktxxl.de\/markt\/produkt\/h-i-s-damen-slips-his-10-er-pack\/","name":"H.I.S Damen Slips HIS | 10 er Pack - Markt-XXL","isPartOf":{"@id":"https:\/\/marktxxl.de\/markt\/#website"},"primaryImageOfPage":{"@id":"https:\/\/marktxxl.de\/markt\/produkt\/h-i-s-damen-slips-his-10-er-pack\/#primaryimage"},"image":{"@id":"https:\/\/marktxxl.de\/markt\/produkt\/h-i-s-damen-slips-his-10-er-pack\/#primaryimage"},"thumbnailUrl":"https:\/\/m.media-amazon.com\/images\/I\/61NaJBDX5yL._SL500_.jpg","datePublished":"2021-12-28T20:15:56+00:00","dateModified":"2023-04-11T01:13:19+00:00","description":"Markt-XXL H.I.S Damen Slips HIS | 10 er Pack","breadcrumb":{"@id":"https:\/\/marktxxl.de\/markt\/produkt\/h-i-s-damen-slips-his-10-er-pack\/#breadcrumb"},"inLanguage":"de","potentialAction":[{"@type":"ReadAction","target":["https:\/\/marktxxl.de\/markt\/produkt\/h-i-s-damen-slips-his-10-er-pack\/"]}]},{"@type":"ImageObject","inLanguage":"de","@id":"https:\/\/marktxxl.de\/markt\/produkt\/h-i-s-damen-slips-his-10-er-pack\/#primaryimage","url":"https:\/\/m.media-amazon.com\/images\/I\/61NaJBDX5yL._SL500_.jpg","contentUrl":"https:\/\/m.media-amazon.com\/images\/I\/61NaJBDX5yL._SL500_.jpg","width":500,"height":500},{"@type":"BreadcrumbList","@id":"https:\/\/marktxxl.de\/markt\/produkt\/h-i-s-damen-slips-his-10-er-pack\/#breadcrumb","itemListElement":[{"@type":"ListItem","position":1,"name":"Startseite","item":"https:\/\/marktxxl.de\/markt\/"},{"@type":"ListItem","position":2,"name":"Markt","item":"https:\/\/marktxxl.de\/markt\/"},{"@type":"ListItem","position":3,"name":"H.I.S Damen Slips HIS | 10 er Pack"}]},{"@type":"WebSite","@id":"https:\/\/marktxxl.de\/markt\/#website","url":"https:\/\/marktxxl.de\/markt\/","name":"Markt-XXL","description":"Ihr Markt Online","publisher":{"@id":"https:\/\/marktxxl.de\/markt\/#organization"},"potentialAction":[{"@type":"SearchAction","target":{"@type":"EntryPoint","urlTemplate":"https:\/\/marktxxl.de\/markt\/?s={search_term_string}"},"query-input":{"@type":"PropertyValueSpecification","valueRequired":true,"valueName":"search_term_string"}}],"inLanguage":"de"},{"@type":"Organization","@id":"https:\/\/marktxxl.de\/markt\/#organization","name":"Markt-XXL","url":"https:\/\/marktxxl.de\/markt\/","logo":{"@type":"ImageObject","inLanguage":"de","@id":"https:\/\/marktxxl.de\/markt\/#\/schema\/logo\/image\/","url":"https:\/\/marktxxl.de\/markt\/wp-content\/uploads\/sites\/3\/2020\/12\/logo.png","contentUrl":"https:\/\/marktxxl.de\/markt\/wp-content\/uploads\/sites\/3\/2020\/12\/logo.png","width":200,"height":70,"caption":"Markt-XXL"},"image":{"@id":"https:\/\/marktxxl.de\/markt\/#\/schema\/logo\/image\/"}}]}},"_links":{"self":[{"href":"https:\/\/marktxxl.de\/markt\/wp-json\/wp\/v2\/product\/92860","targetHints":{"allow":["GET"]}}],"collection":[{"href":"https:\/\/marktxxl.de\/markt\/wp-json\/wp\/v2\/product"}],"about":[{"href":"https:\/\/marktxxl.de\/markt\/wp-json\/wp\/v2\/types\/product"}],"replies":[{"embeddable":true,"href":"https:\/\/marktxxl.de\/markt\/wp-json\/wp\/v2\/comments?post=92860"}],"wp:featuredmedia":[{"embeddable":true,"href":"https:\/\/marktxxl.de\/markt\/wp-json\/wp\/v2\/media\/92861"}],"wp:attachment":[{"href":"https:\/\/marktxxl.de\/markt\/wp-json\/wp\/v2\/media?parent=92860"}],"wp:term":[{"taxonomy":"product_brand","embeddable":true,"href":"https:\/\/marktxxl.de\/markt\/wp-json\/wp\/v2\/product_brand?post=92860"},{"taxonomy":"product_cat","embeddable":true,"href":"https:\/\/marktxxl.de\/markt\/wp-json\/wp\/v2\/product_cat?post=92860"},{"taxonomy":"product_tag","embeddable":true,"href":"https:\/\/marktxxl.de\/markt\/wp-json\/wp\/v2\/product_tag?post=92860"}],"curies":[{"name":"wp","href":"https:\/\/api.w.org\/{rel}","templated":true}]}}