{"id":92788,"date":"2021-12-28T21:12:37","date_gmt":"2021-12-28T20:12:37","guid":{"rendered":"https:\/\/marktxxl.de\/markt\/produkt\/nemesis-now-lucky-cat-frauen-geldboerse-gothic-horror-katzen\/"},"modified":"2023-04-11T03:13:18","modified_gmt":"2023-04-11T01:13:18","slug":"nemesis-now-lucky-cat-frauen-geldboerse-gothic-horror-katzen","status":"publish","type":"product","link":"https:\/\/marktxxl.de\/markt\/produkt\/nemesis-now-lucky-cat-frauen-geldboerse-gothic-horror-katzen\/","title":{"rendered":"Nemesis Now \u201eLucky Cat\u201c Geldb\u00f6rse, 19 cm, Polyurethan, Einheitsgr\u00f6\u00dfe, Schwarz"},"content":{"rendered":"<p>Gothic, Horror, Katzen<br \/>\nGeldb\u00f6rse mit folgenden Eigenschaften:<br \/>\nGeldb\u00f6rse || Hoher Tragekomfort<br \/>\nMaterial: Langlebig<br \/>\nEntdecke alle Top Marken von EMP! Das perfekte Weihnachtsgeschenk<br \/>\n<div class=\"main-cross-sell\" data-asin=\"B08244QT71\">\n\n\t<div class=\"WooZone-cross-sell-loader\">\n\t\t<div>\n\t\t\t<div id=\"floatingBarsG\">\n\t\t\t\t<div class=\"blockG\" id=\"rotateG_01\"><\/div>\n\t\t\t\t<div class=\"blockG\" id=\"rotateG_02\"><\/div>\n\t\t\t\t<div class=\"blockG\" id=\"rotateG_03\"><\/div>\n\t\t\t\t<div class=\"blockG\" id=\"rotateG_04\"><\/div>\n\t\t\t\t<div class=\"blockG\" id=\"rotateG_05\"><\/div>\n\t\t\t\t<div class=\"blockG\" id=\"rotateG_06\"><\/div>\n\t\t\t\t<div class=\"blockG\" id=\"rotateG_07\"><\/div>\n\t\t\t\t<div class=\"blockG\" id=\"rotateG_08\"><\/div>\n\t\t\t<\/div>\n\t\t\t<div class=\"WooZone-cross-sell-loader-text\"><\/div>\n\t\t<\/div>\n\t<\/div>\n\n\t\t\n<\/div>\n<div style=\"clear:both;\"><\/div><\/p>\n","protected":false},"excerpt":{"rendered":"<p>Gothic, Horror, Katzen<br \/>\nGeldb\u00f6rse mit folgenden Eigenschaften:<br \/>\nGeldb\u00f6rse || Hoher Tragekomfort<\/p>\n","protected":false},"featured_media":92789,"comment_status":"open","ping_status":"closed","template":"","meta":[],"product_brand":[],"product_cat":[1186,3920],"product_tag":[],"class_list":{"0":"post-92788","1":"product","2":"type-product","3":"status-publish","4":"has-post-thumbnail","6":"product_cat-bekleidung","7":"product_cat-damen","8":"pa_brand-nemesis-now","9":"pa_color-standard","10":"pa_manufacturer-nemesis-now-limited","11":"pa_size-onesize","12":"pa_weight-0-00220462262-pfund","14":"first","15":"instock","16":"shipping-taxable","17":"purchasable","18":"product-type-simple","19":"customify-col","20":"product-has-gallery"},"yoast_head":"<!-- This site is optimized with the Yoast SEO plugin v27.3 - https:\/\/yoast.com\/product\/yoast-seo-wordpress\/ -->\n<title>Nemesis Now \u201eLucky Cat\u201c Geldb\u00f6rse, 19 cm, Polyurethan, Einheitsgr\u00f6\u00dfe, Schwarz - Markt-XXL<\/title>\n<meta name=\"description\" content=\"Markt-XXL Nemesis Now \u201eLucky Cat\u201c Geldb\u00f6rse, 19 cm, Polyurethan, Einheitsgr\u00f6\u00dfe, Schwarz\" \/>\n<meta name=\"robots\" content=\"index, follow, max-snippet:-1, max-image-preview:large, max-video-preview:-1\" \/>\n<link rel=\"canonical\" href=\"https:\/\/marktxxl.de\/markt\/produkt\/nemesis-now-lucky-cat-frauen-geldboerse-gothic-horror-katzen\/\" \/>\n<meta property=\"og:locale\" content=\"de_DE\" \/>\n<meta property=\"og:type\" content=\"article\" \/>\n<meta property=\"og:title\" content=\"Nemesis Now \u201eLucky Cat\u201c Geldb\u00f6rse, 19 cm, Polyurethan, Einheitsgr\u00f6\u00dfe, Schwarz - Markt-XXL\" \/>\n<meta property=\"og:description\" content=\"Markt-XXL Nemesis Now \u201eLucky Cat\u201c Geldb\u00f6rse, 19 cm, Polyurethan, Einheitsgr\u00f6\u00dfe, Schwarz\" \/>\n<meta property=\"og:url\" content=\"https:\/\/marktxxl.de\/markt\/produkt\/nemesis-now-lucky-cat-frauen-geldboerse-gothic-horror-katzen\/\" \/>\n<meta property=\"og:site_name\" content=\"Markt-XXL\" \/>\n<meta property=\"article:modified_time\" content=\"2023-04-11T01:13:18+00:00\" \/>\n<meta property=\"og:image\" content=\"https:\/\/m.media-amazon.com\/images\/I\/41D2PJoe1sS._SL500_.jpg\" \/>\n\t<meta property=\"og:image:width\" content=\"482\" \/>\n\t<meta property=\"og:image:height\" content=\"500\" \/>\n\t<meta property=\"og:image:type\" content=\"image\/jpeg\" \/>\n<meta name=\"twitter:card\" content=\"summary_large_image\" \/>\n<script type=\"application\/ld+json\" class=\"yoast-schema-graph\">{\"@context\":\"https:\\\/\\\/schema.org\",\"@graph\":[{\"@type\":\"WebPage\",\"@id\":\"https:\\\/\\\/marktxxl.de\\\/markt\\\/produkt\\\/nemesis-now-lucky-cat-frauen-geldboerse-gothic-horror-katzen\\\/\",\"url\":\"https:\\\/\\\/marktxxl.de\\\/markt\\\/produkt\\\/nemesis-now-lucky-cat-frauen-geldboerse-gothic-horror-katzen\\\/\",\"name\":\"Nemesis Now \u201eLucky Cat\u201c Geldb\u00f6rse, 19 cm, Polyurethan, Einheitsgr\u00f6\u00dfe, Schwarz - Markt-XXL\",\"isPartOf\":{\"@id\":\"https:\\\/\\\/marktxxl.de\\\/markt\\\/#website\"},\"primaryImageOfPage\":{\"@id\":\"https:\\\/\\\/marktxxl.de\\\/markt\\\/produkt\\\/nemesis-now-lucky-cat-frauen-geldboerse-gothic-horror-katzen\\\/#primaryimage\"},\"image\":{\"@id\":\"https:\\\/\\\/marktxxl.de\\\/markt\\\/produkt\\\/nemesis-now-lucky-cat-frauen-geldboerse-gothic-horror-katzen\\\/#primaryimage\"},\"thumbnailUrl\":\"https:\\\/\\\/m.media-amazon.com\\\/images\\\/I\\\/41D2PJoe1sS._SL500_.jpg\",\"datePublished\":\"2021-12-28T20:12:37+00:00\",\"dateModified\":\"2023-04-11T01:13:18+00:00\",\"description\":\"Markt-XXL Nemesis Now \u201eLucky Cat\u201c Geldb\u00f6rse, 19 cm, Polyurethan, Einheitsgr\u00f6\u00dfe, Schwarz\",\"breadcrumb\":{\"@id\":\"https:\\\/\\\/marktxxl.de\\\/markt\\\/produkt\\\/nemesis-now-lucky-cat-frauen-geldboerse-gothic-horror-katzen\\\/#breadcrumb\"},\"inLanguage\":\"de\",\"potentialAction\":[{\"@type\":\"ReadAction\",\"target\":[\"https:\\\/\\\/marktxxl.de\\\/markt\\\/produkt\\\/nemesis-now-lucky-cat-frauen-geldboerse-gothic-horror-katzen\\\/\"]}]},{\"@type\":\"ImageObject\",\"inLanguage\":\"de\",\"@id\":\"https:\\\/\\\/marktxxl.de\\\/markt\\\/produkt\\\/nemesis-now-lucky-cat-frauen-geldboerse-gothic-horror-katzen\\\/#primaryimage\",\"url\":\"https:\\\/\\\/m.media-amazon.com\\\/images\\\/I\\\/41D2PJoe1sS._SL500_.jpg\",\"contentUrl\":\"https:\\\/\\\/m.media-amazon.com\\\/images\\\/I\\\/41D2PJoe1sS._SL500_.jpg\",\"width\":482,\"height\":500},{\"@type\":\"BreadcrumbList\",\"@id\":\"https:\\\/\\\/marktxxl.de\\\/markt\\\/produkt\\\/nemesis-now-lucky-cat-frauen-geldboerse-gothic-horror-katzen\\\/#breadcrumb\",\"itemListElement\":[{\"@type\":\"ListItem\",\"position\":1,\"name\":\"Startseite\",\"item\":\"https:\\\/\\\/marktxxl.de\\\/markt\\\/\"},{\"@type\":\"ListItem\",\"position\":2,\"name\":\"Markt\",\"item\":\"https:\\\/\\\/marktxxl.de\\\/markt\\\/\"},{\"@type\":\"ListItem\",\"position\":3,\"name\":\"Nemesis Now \u201eLucky Cat\u201c Geldb\u00f6rse, 19 cm, Polyurethan, Einheitsgr\u00f6\u00dfe, Schwarz\"}]},{\"@type\":\"WebSite\",\"@id\":\"https:\\\/\\\/marktxxl.de\\\/markt\\\/#website\",\"url\":\"https:\\\/\\\/marktxxl.de\\\/markt\\\/\",\"name\":\"Markt-XXL\",\"description\":\"Ihr Markt Online\",\"publisher\":{\"@id\":\"https:\\\/\\\/marktxxl.de\\\/markt\\\/#organization\"},\"potentialAction\":[{\"@type\":\"SearchAction\",\"target\":{\"@type\":\"EntryPoint\",\"urlTemplate\":\"https:\\\/\\\/marktxxl.de\\\/markt\\\/?s={search_term_string}\"},\"query-input\":{\"@type\":\"PropertyValueSpecification\",\"valueRequired\":true,\"valueName\":\"search_term_string\"}}],\"inLanguage\":\"de\"},{\"@type\":\"Organization\",\"@id\":\"https:\\\/\\\/marktxxl.de\\\/markt\\\/#organization\",\"name\":\"Markt-XXL\",\"url\":\"https:\\\/\\\/marktxxl.de\\\/markt\\\/\",\"logo\":{\"@type\":\"ImageObject\",\"inLanguage\":\"de\",\"@id\":\"https:\\\/\\\/marktxxl.de\\\/markt\\\/#\\\/schema\\\/logo\\\/image\\\/\",\"url\":\"https:\\\/\\\/marktxxl.de\\\/markt\\\/wp-content\\\/uploads\\\/sites\\\/3\\\/2020\\\/12\\\/logo.png\",\"contentUrl\":\"https:\\\/\\\/marktxxl.de\\\/markt\\\/wp-content\\\/uploads\\\/sites\\\/3\\\/2020\\\/12\\\/logo.png\",\"width\":200,\"height\":70,\"caption\":\"Markt-XXL\"},\"image\":{\"@id\":\"https:\\\/\\\/marktxxl.de\\\/markt\\\/#\\\/schema\\\/logo\\\/image\\\/\"}}]}<\/script>\n<!-- \/ Yoast SEO plugin. -->","yoast_head_json":{"title":"Nemesis Now \u201eLucky Cat\u201c Geldb\u00f6rse, 19 cm, Polyurethan, Einheitsgr\u00f6\u00dfe, Schwarz - Markt-XXL","description":"Markt-XXL Nemesis Now \u201eLucky Cat\u201c Geldb\u00f6rse, 19 cm, Polyurethan, Einheitsgr\u00f6\u00dfe, Schwarz","robots":{"index":"index","follow":"follow","max-snippet":"max-snippet:-1","max-image-preview":"max-image-preview:large","max-video-preview":"max-video-preview:-1"},"canonical":"https:\/\/marktxxl.de\/markt\/produkt\/nemesis-now-lucky-cat-frauen-geldboerse-gothic-horror-katzen\/","og_locale":"de_DE","og_type":"article","og_title":"Nemesis Now \u201eLucky Cat\u201c Geldb\u00f6rse, 19 cm, Polyurethan, Einheitsgr\u00f6\u00dfe, Schwarz - Markt-XXL","og_description":"Markt-XXL Nemesis Now \u201eLucky Cat\u201c Geldb\u00f6rse, 19 cm, Polyurethan, Einheitsgr\u00f6\u00dfe, Schwarz","og_url":"https:\/\/marktxxl.de\/markt\/produkt\/nemesis-now-lucky-cat-frauen-geldboerse-gothic-horror-katzen\/","og_site_name":"Markt-XXL","article_modified_time":"2023-04-11T01:13:18+00:00","og_image":[{"width":482,"height":500,"url":"https:\/\/m.media-amazon.com\/images\/I\/41D2PJoe1sS._SL500_.jpg","type":"image\/jpeg"}],"twitter_card":"summary_large_image","schema":{"@context":"https:\/\/schema.org","@graph":[{"@type":"WebPage","@id":"https:\/\/marktxxl.de\/markt\/produkt\/nemesis-now-lucky-cat-frauen-geldboerse-gothic-horror-katzen\/","url":"https:\/\/marktxxl.de\/markt\/produkt\/nemesis-now-lucky-cat-frauen-geldboerse-gothic-horror-katzen\/","name":"Nemesis Now \u201eLucky Cat\u201c Geldb\u00f6rse, 19 cm, Polyurethan, Einheitsgr\u00f6\u00dfe, Schwarz - Markt-XXL","isPartOf":{"@id":"https:\/\/marktxxl.de\/markt\/#website"},"primaryImageOfPage":{"@id":"https:\/\/marktxxl.de\/markt\/produkt\/nemesis-now-lucky-cat-frauen-geldboerse-gothic-horror-katzen\/#primaryimage"},"image":{"@id":"https:\/\/marktxxl.de\/markt\/produkt\/nemesis-now-lucky-cat-frauen-geldboerse-gothic-horror-katzen\/#primaryimage"},"thumbnailUrl":"https:\/\/m.media-amazon.com\/images\/I\/41D2PJoe1sS._SL500_.jpg","datePublished":"2021-12-28T20:12:37+00:00","dateModified":"2023-04-11T01:13:18+00:00","description":"Markt-XXL Nemesis Now \u201eLucky Cat\u201c Geldb\u00f6rse, 19 cm, Polyurethan, Einheitsgr\u00f6\u00dfe, Schwarz","breadcrumb":{"@id":"https:\/\/marktxxl.de\/markt\/produkt\/nemesis-now-lucky-cat-frauen-geldboerse-gothic-horror-katzen\/#breadcrumb"},"inLanguage":"de","potentialAction":[{"@type":"ReadAction","target":["https:\/\/marktxxl.de\/markt\/produkt\/nemesis-now-lucky-cat-frauen-geldboerse-gothic-horror-katzen\/"]}]},{"@type":"ImageObject","inLanguage":"de","@id":"https:\/\/marktxxl.de\/markt\/produkt\/nemesis-now-lucky-cat-frauen-geldboerse-gothic-horror-katzen\/#primaryimage","url":"https:\/\/m.media-amazon.com\/images\/I\/41D2PJoe1sS._SL500_.jpg","contentUrl":"https:\/\/m.media-amazon.com\/images\/I\/41D2PJoe1sS._SL500_.jpg","width":482,"height":500},{"@type":"BreadcrumbList","@id":"https:\/\/marktxxl.de\/markt\/produkt\/nemesis-now-lucky-cat-frauen-geldboerse-gothic-horror-katzen\/#breadcrumb","itemListElement":[{"@type":"ListItem","position":1,"name":"Startseite","item":"https:\/\/marktxxl.de\/markt\/"},{"@type":"ListItem","position":2,"name":"Markt","item":"https:\/\/marktxxl.de\/markt\/"},{"@type":"ListItem","position":3,"name":"Nemesis Now \u201eLucky Cat\u201c Geldb\u00f6rse, 19 cm, Polyurethan, Einheitsgr\u00f6\u00dfe, Schwarz"}]},{"@type":"WebSite","@id":"https:\/\/marktxxl.de\/markt\/#website","url":"https:\/\/marktxxl.de\/markt\/","name":"Markt-XXL","description":"Ihr Markt Online","publisher":{"@id":"https:\/\/marktxxl.de\/markt\/#organization"},"potentialAction":[{"@type":"SearchAction","target":{"@type":"EntryPoint","urlTemplate":"https:\/\/marktxxl.de\/markt\/?s={search_term_string}"},"query-input":{"@type":"PropertyValueSpecification","valueRequired":true,"valueName":"search_term_string"}}],"inLanguage":"de"},{"@type":"Organization","@id":"https:\/\/marktxxl.de\/markt\/#organization","name":"Markt-XXL","url":"https:\/\/marktxxl.de\/markt\/","logo":{"@type":"ImageObject","inLanguage":"de","@id":"https:\/\/marktxxl.de\/markt\/#\/schema\/logo\/image\/","url":"https:\/\/marktxxl.de\/markt\/wp-content\/uploads\/sites\/3\/2020\/12\/logo.png","contentUrl":"https:\/\/marktxxl.de\/markt\/wp-content\/uploads\/sites\/3\/2020\/12\/logo.png","width":200,"height":70,"caption":"Markt-XXL"},"image":{"@id":"https:\/\/marktxxl.de\/markt\/#\/schema\/logo\/image\/"}}]}},"_links":{"self":[{"href":"https:\/\/marktxxl.de\/markt\/wp-json\/wp\/v2\/product\/92788","targetHints":{"allow":["GET"]}}],"collection":[{"href":"https:\/\/marktxxl.de\/markt\/wp-json\/wp\/v2\/product"}],"about":[{"href":"https:\/\/marktxxl.de\/markt\/wp-json\/wp\/v2\/types\/product"}],"replies":[{"embeddable":true,"href":"https:\/\/marktxxl.de\/markt\/wp-json\/wp\/v2\/comments?post=92788"}],"wp:featuredmedia":[{"embeddable":true,"href":"https:\/\/marktxxl.de\/markt\/wp-json\/wp\/v2\/media\/92789"}],"wp:attachment":[{"href":"https:\/\/marktxxl.de\/markt\/wp-json\/wp\/v2\/media?parent=92788"}],"wp:term":[{"taxonomy":"product_brand","embeddable":true,"href":"https:\/\/marktxxl.de\/markt\/wp-json\/wp\/v2\/product_brand?post=92788"},{"taxonomy":"product_cat","embeddable":true,"href":"https:\/\/marktxxl.de\/markt\/wp-json\/wp\/v2\/product_cat?post=92788"},{"taxonomy":"product_tag","embeddable":true,"href":"https:\/\/marktxxl.de\/markt\/wp-json\/wp\/v2\/product_tag?post=92788"}],"curies":[{"name":"wp","href":"https:\/\/api.w.org\/{rel}","templated":true}]}}