{"id":92735,"date":"2021-12-28T21:10:03","date_gmt":"2021-12-28T20:10:03","guid":{"rendered":"https:\/\/marktxxl.de\/markt\/produkt\/mitesserentferner-porenreiniger-vakuumsauger-mitesser-entferner-usb-ladung-led-anzeige-5-modi-5-austauschbare-saugspitzen-mit-7er-pickel-nadel\/"},"modified":"2023-04-11T03:13:17","modified_gmt":"2023-04-11T01:13:17","slug":"mitesserentferner-porenreiniger-vakuumsauger-mitesser-entferner-usb-ladung-led-anzeige-5-modi-5-austauschbare-saugspitzen-mit-7er-pickel-nadel","status":"publish","type":"product","link":"https:\/\/marktxxl.de\/markt\/produkt\/mitesserentferner-porenreiniger-vakuumsauger-mitesser-entferner-usb-ladung-led-anzeige-5-modi-5-austauschbare-saugspitzen-mit-7er-pickel-nadel\/","title":{"rendered":"Mitesserentferner Porenreiniger Vakuumsauger Mitesser Entferner USB-Ladung LED-Anzeige 5 Modi 5 austauschbare\u2026"},"content":{"rendered":"<p>\u3010Professionell Design\u3011 Mitesser Sauger Porenreiniger Verwenden Sie Vakuumtechnologie,Es kann die Haut tief reinigen und verschiedene Probleme der Gesichtshaut effektiv l\u00f6sen. Langfristige Persistenz kann hartn\u00e4ckige Mitesser,Whiteheads,Akne,Fett,abgestorbene Haut und Make-up-R\u00fcckst\u00e4nde und andere Hautprobleme beseitigen.<br \/>\n\u3010Sicherheit, Gesundheit und Effizienz\u3011 Die Mitesserentfer aus ABS-Materialien. Diese Staubsauger-Maschine f\u00fcr Pickel und Mitesser verwendet effektive physikalische Methoden, um Hautprobleme ohne giftige und sch\u00e4dliche Chemikalien zu l\u00f6sen. Untersuchungen zeigen, dass bei einer maximalen Saugkraft von 60 kPa Mitesser und Komedonen effektiv entfernt werden k\u00f6nnen, ohne Hautsch\u00e4den zu verursachen. Au\u00dferdem werden 7 St\u00fcck Akne mitesser Entfernungswerkzeug.<br \/>\n\u3010Wiederaufladbare und Bildschirmanzeige\u3011Blackhead Remover Vacuum Sie m\u00fcssen sich keine Gedanken \u00fcber den Austausch der Batterie machen. Das porenreiniger wird \u00fcber USB aufgeladen und kann nach dem vollst\u00e4ndigen Aufladen bis zu 180 Minuten lang ununterbrochen arbeiten. Der LED-Anzeige zeigt deutlich den Saugpegel und den Arbeitsstatus an.<br \/>\n\u3010Geeignet f\u00fcr alle Hauttypen\u3011Das Gesichtssauger verwendet die Vakuumabsorptionstechnologie, die speziell f\u00fcr verschiedene Hauttypen entwickelt wurde. Stufe 1 ist f\u00fcr empfindliche Haut geeignet, Stufe 2 ist f\u00fcr trockene Haut geeignet, Stufe 3 ist f\u00fcr normale Haut geeignet und Stufe 4-5 ist f\u00fcr Mischhaut und fettige Haut geeignet. Sie k\u00f6nnen die Kraft einer besser geeigneten Absaugung ausw\u00e4hlen, um ein komfortableres zu erzielen Reinigung.Kann mit 7 St\u00fcck Akne mitesser Entfernungswerkzeug.<br \/>\n\u3010Leicht und Kompakt\u3011Der Mitesserentferner ist so konzipiert, dass er leicht und einfach zu transportieren ist, so dass Sie zu Hause oder auf Reisen professionelle Spa-Hautpflege genie\u00dfen k\u00f6nnen. Das stromlinienf\u00f6rmige Design ist sch\u00f6n und kann bequem gehalten werden. Wundersch\u00f6n verpackt, kann ein Geschenk f\u00fcr Familie oder Freunde sein.<br \/>\n<div class=\"main-cross-sell\" data-asin=\"B09G2HWGBV\">\n\n\t<div class=\"WooZone-cross-sell-loader\">\n\t\t<div>\n\t\t\t<div id=\"floatingBarsG\">\n\t\t\t\t<div class=\"blockG\" id=\"rotateG_01\"><\/div>\n\t\t\t\t<div class=\"blockG\" id=\"rotateG_02\"><\/div>\n\t\t\t\t<div class=\"blockG\" id=\"rotateG_03\"><\/div>\n\t\t\t\t<div class=\"blockG\" id=\"rotateG_04\"><\/div>\n\t\t\t\t<div class=\"blockG\" id=\"rotateG_05\"><\/div>\n\t\t\t\t<div class=\"blockG\" id=\"rotateG_06\"><\/div>\n\t\t\t\t<div class=\"blockG\" id=\"rotateG_07\"><\/div>\n\t\t\t\t<div class=\"blockG\" id=\"rotateG_08\"><\/div>\n\t\t\t<\/div>\n\t\t\t<div class=\"WooZone-cross-sell-loader-text\"><\/div>\n\t\t<\/div>\n\t<\/div>\n\n\t\t\n<\/div>\n<div style=\"clear:both;\"><\/div><\/p>\n","protected":false},"excerpt":{"rendered":"<p>\u3010Professionell Design\u3011 Mitesser Sauger Porenreiniger Verwenden Sie Vakuumtechnologie,Es kann die Haut tief reinigen und verschiedene Probleme der Gesichtshaut effektiv l\u00f6sen. Langfristige Persistenz kann hartn\u00e4ckige Mitesser,Whiteheads,Akne,Fett,abgestorbene Haut und Make-up-R\u00fcckst\u00e4nde und andere Hautprobleme beseitigen.<br \/>\n\u3010Sicherheit, Gesundheit und Effizienz\u3011 Die Mitesserentfer aus ABS-Materialien. Diese Staubsauger-Maschine f\u00fcr Pickel und Mitesser verwendet effektive physikalische Methoden, um Hautprobleme ohne giftige und sch\u00e4dliche Chemikalien zu l\u00f6sen. Untersuchungen zeigen, dass bei einer maximalen Saugkraft von 60 kPa Mitesser und Komedonen effektiv entfernt werden k\u00f6nnen, ohne Hautsch\u00e4den zu verursachen. Au\u00dferdem werden 7 St\u00fcck Akne mitesser Entfernungswerkzeug.<br \/>\n\u3010Wiederaufladbare und Bildschirmanzeige\u3011Blackhead Remover Vacuum Sie m\u00fcssen sich keine Gedanken \u00fcber den Austausch der Batterie machen. Das porenreiniger wird \u00fcber USB aufgeladen und kann nach dem vollst\u00e4ndigen Aufladen bis zu 180 Minuten lang ununterbrochen arbeiten. Der LED-Anzeige zeigt deutlich den Saugpegel und den Arbeitsstatus an.<\/p>\n","protected":false},"featured_media":92736,"comment_status":"open","ping_status":"closed","template":"","meta":[],"product_brand":[],"product_cat":[2858,7659],"product_tag":[],"class_list":{"0":"post-92735","1":"product","2":"type-product","3":"status-publish","4":"has-post-thumbnail","6":"product_cat-beauty","7":"product_cat-manikuere-pedikuere","8":"pa_binding-misc","9":"pa_brand-frohmen","10":"pa_manufacturer-kefulai-intelligent-electric-appliance-dongguan-co-ltd","12":"first","13":"instock","14":"shipping-taxable","15":"purchasable","16":"product-type-simple","17":"customify-col","18":"product-has-gallery"},"yoast_head":"<!-- This site is optimized with the Yoast SEO plugin v27.4 - https:\/\/yoast.com\/product\/yoast-seo-wordpress\/ -->\n<title>Mitesserentferner Porenreiniger Vakuumsauger Mitesser Entferner USB-Ladung LED-Anzeige 5 Modi 5 austauschbare\u2026 - Markt-XXL<\/title>\n<meta name=\"description\" content=\"Markt-XXL Mitesserentferner Porenreiniger Vakuumsauger Mitesser Entferner USB-Ladung LED-Anzeige 5 Modi 5 austauschbare\u2026\" \/>\n<meta name=\"robots\" content=\"index, follow, max-snippet:-1, max-image-preview:large, max-video-preview:-1\" \/>\n<link rel=\"canonical\" href=\"https:\/\/marktxxl.de\/markt\/produkt\/mitesserentferner-porenreiniger-vakuumsauger-mitesser-entferner-usb-ladung-led-anzeige-5-modi-5-austauschbare-saugspitzen-mit-7er-pickel-nadel\/\" \/>\n<meta property=\"og:locale\" content=\"de_DE\" \/>\n<meta property=\"og:type\" content=\"article\" \/>\n<meta property=\"og:title\" content=\"Mitesserentferner Porenreiniger Vakuumsauger Mitesser Entferner USB-Ladung LED-Anzeige 5 Modi 5 austauschbare\u2026 - Markt-XXL\" \/>\n<meta property=\"og:description\" content=\"Markt-XXL Mitesserentferner Porenreiniger Vakuumsauger Mitesser Entferner USB-Ladung LED-Anzeige 5 Modi 5 austauschbare\u2026\" \/>\n<meta property=\"og:url\" content=\"https:\/\/marktxxl.de\/markt\/produkt\/mitesserentferner-porenreiniger-vakuumsauger-mitesser-entferner-usb-ladung-led-anzeige-5-modi-5-austauschbare-saugspitzen-mit-7er-pickel-nadel\/\" \/>\n<meta property=\"og:site_name\" content=\"Markt-XXL\" \/>\n<meta property=\"article:modified_time\" content=\"2023-04-11T01:13:17+00:00\" \/>\n<meta property=\"og:image\" content=\"https:\/\/m.media-amazon.com\/images\/I\/41GH6nDQMpL._SL500_.jpg\" \/>\n\t<meta property=\"og:image:width\" content=\"500\" \/>\n\t<meta property=\"og:image:height\" content=\"500\" \/>\n\t<meta property=\"og:image:type\" content=\"image\/jpeg\" \/>\n<meta name=\"twitter:card\" content=\"summary_large_image\" \/>\n<meta name=\"twitter:label1\" content=\"Gesch\u00e4tzte Lesezeit\" \/>\n\t<meta name=\"twitter:data1\" content=\"1\u00a0Minute\" \/>\n<script type=\"application\/ld+json\" class=\"yoast-schema-graph\">{\"@context\":\"https:\\\/\\\/schema.org\",\"@graph\":[{\"@type\":\"WebPage\",\"@id\":\"https:\\\/\\\/marktxxl.de\\\/markt\\\/produkt\\\/mitesserentferner-porenreiniger-vakuumsauger-mitesser-entferner-usb-ladung-led-anzeige-5-modi-5-austauschbare-saugspitzen-mit-7er-pickel-nadel\\\/\",\"url\":\"https:\\\/\\\/marktxxl.de\\\/markt\\\/produkt\\\/mitesserentferner-porenreiniger-vakuumsauger-mitesser-entferner-usb-ladung-led-anzeige-5-modi-5-austauschbare-saugspitzen-mit-7er-pickel-nadel\\\/\",\"name\":\"Mitesserentferner Porenreiniger Vakuumsauger Mitesser Entferner USB-Ladung LED-Anzeige 5 Modi 5 austauschbare\u2026 - Markt-XXL\",\"isPartOf\":{\"@id\":\"https:\\\/\\\/marktxxl.de\\\/markt\\\/#website\"},\"primaryImageOfPage\":{\"@id\":\"https:\\\/\\\/marktxxl.de\\\/markt\\\/produkt\\\/mitesserentferner-porenreiniger-vakuumsauger-mitesser-entferner-usb-ladung-led-anzeige-5-modi-5-austauschbare-saugspitzen-mit-7er-pickel-nadel\\\/#primaryimage\"},\"image\":{\"@id\":\"https:\\\/\\\/marktxxl.de\\\/markt\\\/produkt\\\/mitesserentferner-porenreiniger-vakuumsauger-mitesser-entferner-usb-ladung-led-anzeige-5-modi-5-austauschbare-saugspitzen-mit-7er-pickel-nadel\\\/#primaryimage\"},\"thumbnailUrl\":\"https:\\\/\\\/m.media-amazon.com\\\/images\\\/I\\\/41GH6nDQMpL._SL500_.jpg\",\"datePublished\":\"2021-12-28T20:10:03+00:00\",\"dateModified\":\"2023-04-11T01:13:17+00:00\",\"description\":\"Markt-XXL Mitesserentferner Porenreiniger Vakuumsauger Mitesser Entferner USB-Ladung LED-Anzeige 5 Modi 5 austauschbare\u2026\",\"breadcrumb\":{\"@id\":\"https:\\\/\\\/marktxxl.de\\\/markt\\\/produkt\\\/mitesserentferner-porenreiniger-vakuumsauger-mitesser-entferner-usb-ladung-led-anzeige-5-modi-5-austauschbare-saugspitzen-mit-7er-pickel-nadel\\\/#breadcrumb\"},\"inLanguage\":\"de\",\"potentialAction\":[{\"@type\":\"ReadAction\",\"target\":[\"https:\\\/\\\/marktxxl.de\\\/markt\\\/produkt\\\/mitesserentferner-porenreiniger-vakuumsauger-mitesser-entferner-usb-ladung-led-anzeige-5-modi-5-austauschbare-saugspitzen-mit-7er-pickel-nadel\\\/\"]}]},{\"@type\":\"ImageObject\",\"inLanguage\":\"de\",\"@id\":\"https:\\\/\\\/marktxxl.de\\\/markt\\\/produkt\\\/mitesserentferner-porenreiniger-vakuumsauger-mitesser-entferner-usb-ladung-led-anzeige-5-modi-5-austauschbare-saugspitzen-mit-7er-pickel-nadel\\\/#primaryimage\",\"url\":\"https:\\\/\\\/m.media-amazon.com\\\/images\\\/I\\\/41GH6nDQMpL._SL500_.jpg\",\"contentUrl\":\"https:\\\/\\\/m.media-amazon.com\\\/images\\\/I\\\/41GH6nDQMpL._SL500_.jpg\",\"width\":500,\"height\":500},{\"@type\":\"BreadcrumbList\",\"@id\":\"https:\\\/\\\/marktxxl.de\\\/markt\\\/produkt\\\/mitesserentferner-porenreiniger-vakuumsauger-mitesser-entferner-usb-ladung-led-anzeige-5-modi-5-austauschbare-saugspitzen-mit-7er-pickel-nadel\\\/#breadcrumb\",\"itemListElement\":[{\"@type\":\"ListItem\",\"position\":1,\"name\":\"Startseite\",\"item\":\"https:\\\/\\\/marktxxl.de\\\/markt\\\/\"},{\"@type\":\"ListItem\",\"position\":2,\"name\":\"Markt\",\"item\":\"https:\\\/\\\/marktxxl.de\\\/markt\\\/\"},{\"@type\":\"ListItem\",\"position\":3,\"name\":\"Mitesserentferner Porenreiniger Vakuumsauger Mitesser Entferner USB-Ladung LED-Anzeige 5 Modi 5 austauschbare\u2026\"}]},{\"@type\":\"WebSite\",\"@id\":\"https:\\\/\\\/marktxxl.de\\\/markt\\\/#website\",\"url\":\"https:\\\/\\\/marktxxl.de\\\/markt\\\/\",\"name\":\"Markt-XXL\",\"description\":\"Ihr Markt Online\",\"publisher\":{\"@id\":\"https:\\\/\\\/marktxxl.de\\\/markt\\\/#organization\"},\"potentialAction\":[{\"@type\":\"SearchAction\",\"target\":{\"@type\":\"EntryPoint\",\"urlTemplate\":\"https:\\\/\\\/marktxxl.de\\\/markt\\\/?s={search_term_string}\"},\"query-input\":{\"@type\":\"PropertyValueSpecification\",\"valueRequired\":true,\"valueName\":\"search_term_string\"}}],\"inLanguage\":\"de\"},{\"@type\":\"Organization\",\"@id\":\"https:\\\/\\\/marktxxl.de\\\/markt\\\/#organization\",\"name\":\"Markt-XXL\",\"url\":\"https:\\\/\\\/marktxxl.de\\\/markt\\\/\",\"logo\":{\"@type\":\"ImageObject\",\"inLanguage\":\"de\",\"@id\":\"https:\\\/\\\/marktxxl.de\\\/markt\\\/#\\\/schema\\\/logo\\\/image\\\/\",\"url\":\"https:\\\/\\\/marktxxl.de\\\/markt\\\/wp-content\\\/uploads\\\/sites\\\/3\\\/2020\\\/12\\\/logo.png\",\"contentUrl\":\"https:\\\/\\\/marktxxl.de\\\/markt\\\/wp-content\\\/uploads\\\/sites\\\/3\\\/2020\\\/12\\\/logo.png\",\"width\":200,\"height\":70,\"caption\":\"Markt-XXL\"},\"image\":{\"@id\":\"https:\\\/\\\/marktxxl.de\\\/markt\\\/#\\\/schema\\\/logo\\\/image\\\/\"}}]}<\/script>\n<!-- \/ Yoast SEO plugin. -->","yoast_head_json":{"title":"Mitesserentferner Porenreiniger Vakuumsauger Mitesser Entferner USB-Ladung LED-Anzeige 5 Modi 5 austauschbare\u2026 - Markt-XXL","description":"Markt-XXL Mitesserentferner Porenreiniger Vakuumsauger Mitesser Entferner USB-Ladung LED-Anzeige 5 Modi 5 austauschbare\u2026","robots":{"index":"index","follow":"follow","max-snippet":"max-snippet:-1","max-image-preview":"max-image-preview:large","max-video-preview":"max-video-preview:-1"},"canonical":"https:\/\/marktxxl.de\/markt\/produkt\/mitesserentferner-porenreiniger-vakuumsauger-mitesser-entferner-usb-ladung-led-anzeige-5-modi-5-austauschbare-saugspitzen-mit-7er-pickel-nadel\/","og_locale":"de_DE","og_type":"article","og_title":"Mitesserentferner Porenreiniger Vakuumsauger Mitesser Entferner USB-Ladung LED-Anzeige 5 Modi 5 austauschbare\u2026 - Markt-XXL","og_description":"Markt-XXL Mitesserentferner Porenreiniger Vakuumsauger Mitesser Entferner USB-Ladung LED-Anzeige 5 Modi 5 austauschbare\u2026","og_url":"https:\/\/marktxxl.de\/markt\/produkt\/mitesserentferner-porenreiniger-vakuumsauger-mitesser-entferner-usb-ladung-led-anzeige-5-modi-5-austauschbare-saugspitzen-mit-7er-pickel-nadel\/","og_site_name":"Markt-XXL","article_modified_time":"2023-04-11T01:13:17+00:00","og_image":[{"width":500,"height":500,"url":"https:\/\/m.media-amazon.com\/images\/I\/41GH6nDQMpL._SL500_.jpg","type":"image\/jpeg"}],"twitter_card":"summary_large_image","twitter_misc":{"Gesch\u00e4tzte Lesezeit":"1\u00a0Minute"},"schema":{"@context":"https:\/\/schema.org","@graph":[{"@type":"WebPage","@id":"https:\/\/marktxxl.de\/markt\/produkt\/mitesserentferner-porenreiniger-vakuumsauger-mitesser-entferner-usb-ladung-led-anzeige-5-modi-5-austauschbare-saugspitzen-mit-7er-pickel-nadel\/","url":"https:\/\/marktxxl.de\/markt\/produkt\/mitesserentferner-porenreiniger-vakuumsauger-mitesser-entferner-usb-ladung-led-anzeige-5-modi-5-austauschbare-saugspitzen-mit-7er-pickel-nadel\/","name":"Mitesserentferner Porenreiniger Vakuumsauger Mitesser Entferner USB-Ladung LED-Anzeige 5 Modi 5 austauschbare\u2026 - Markt-XXL","isPartOf":{"@id":"https:\/\/marktxxl.de\/markt\/#website"},"primaryImageOfPage":{"@id":"https:\/\/marktxxl.de\/markt\/produkt\/mitesserentferner-porenreiniger-vakuumsauger-mitesser-entferner-usb-ladung-led-anzeige-5-modi-5-austauschbare-saugspitzen-mit-7er-pickel-nadel\/#primaryimage"},"image":{"@id":"https:\/\/marktxxl.de\/markt\/produkt\/mitesserentferner-porenreiniger-vakuumsauger-mitesser-entferner-usb-ladung-led-anzeige-5-modi-5-austauschbare-saugspitzen-mit-7er-pickel-nadel\/#primaryimage"},"thumbnailUrl":"https:\/\/m.media-amazon.com\/images\/I\/41GH6nDQMpL._SL500_.jpg","datePublished":"2021-12-28T20:10:03+00:00","dateModified":"2023-04-11T01:13:17+00:00","description":"Markt-XXL Mitesserentferner Porenreiniger Vakuumsauger Mitesser Entferner USB-Ladung LED-Anzeige 5 Modi 5 austauschbare\u2026","breadcrumb":{"@id":"https:\/\/marktxxl.de\/markt\/produkt\/mitesserentferner-porenreiniger-vakuumsauger-mitesser-entferner-usb-ladung-led-anzeige-5-modi-5-austauschbare-saugspitzen-mit-7er-pickel-nadel\/#breadcrumb"},"inLanguage":"de","potentialAction":[{"@type":"ReadAction","target":["https:\/\/marktxxl.de\/markt\/produkt\/mitesserentferner-porenreiniger-vakuumsauger-mitesser-entferner-usb-ladung-led-anzeige-5-modi-5-austauschbare-saugspitzen-mit-7er-pickel-nadel\/"]}]},{"@type":"ImageObject","inLanguage":"de","@id":"https:\/\/marktxxl.de\/markt\/produkt\/mitesserentferner-porenreiniger-vakuumsauger-mitesser-entferner-usb-ladung-led-anzeige-5-modi-5-austauschbare-saugspitzen-mit-7er-pickel-nadel\/#primaryimage","url":"https:\/\/m.media-amazon.com\/images\/I\/41GH6nDQMpL._SL500_.jpg","contentUrl":"https:\/\/m.media-amazon.com\/images\/I\/41GH6nDQMpL._SL500_.jpg","width":500,"height":500},{"@type":"BreadcrumbList","@id":"https:\/\/marktxxl.de\/markt\/produkt\/mitesserentferner-porenreiniger-vakuumsauger-mitesser-entferner-usb-ladung-led-anzeige-5-modi-5-austauschbare-saugspitzen-mit-7er-pickel-nadel\/#breadcrumb","itemListElement":[{"@type":"ListItem","position":1,"name":"Startseite","item":"https:\/\/marktxxl.de\/markt\/"},{"@type":"ListItem","position":2,"name":"Markt","item":"https:\/\/marktxxl.de\/markt\/"},{"@type":"ListItem","position":3,"name":"Mitesserentferner Porenreiniger Vakuumsauger Mitesser Entferner USB-Ladung LED-Anzeige 5 Modi 5 austauschbare\u2026"}]},{"@type":"WebSite","@id":"https:\/\/marktxxl.de\/markt\/#website","url":"https:\/\/marktxxl.de\/markt\/","name":"Markt-XXL","description":"Ihr Markt Online","publisher":{"@id":"https:\/\/marktxxl.de\/markt\/#organization"},"potentialAction":[{"@type":"SearchAction","target":{"@type":"EntryPoint","urlTemplate":"https:\/\/marktxxl.de\/markt\/?s={search_term_string}"},"query-input":{"@type":"PropertyValueSpecification","valueRequired":true,"valueName":"search_term_string"}}],"inLanguage":"de"},{"@type":"Organization","@id":"https:\/\/marktxxl.de\/markt\/#organization","name":"Markt-XXL","url":"https:\/\/marktxxl.de\/markt\/","logo":{"@type":"ImageObject","inLanguage":"de","@id":"https:\/\/marktxxl.de\/markt\/#\/schema\/logo\/image\/","url":"https:\/\/marktxxl.de\/markt\/wp-content\/uploads\/sites\/3\/2020\/12\/logo.png","contentUrl":"https:\/\/marktxxl.de\/markt\/wp-content\/uploads\/sites\/3\/2020\/12\/logo.png","width":200,"height":70,"caption":"Markt-XXL"},"image":{"@id":"https:\/\/marktxxl.de\/markt\/#\/schema\/logo\/image\/"}}]}},"_links":{"self":[{"href":"https:\/\/marktxxl.de\/markt\/wp-json\/wp\/v2\/product\/92735","targetHints":{"allow":["GET"]}}],"collection":[{"href":"https:\/\/marktxxl.de\/markt\/wp-json\/wp\/v2\/product"}],"about":[{"href":"https:\/\/marktxxl.de\/markt\/wp-json\/wp\/v2\/types\/product"}],"replies":[{"embeddable":true,"href":"https:\/\/marktxxl.de\/markt\/wp-json\/wp\/v2\/comments?post=92735"}],"wp:featuredmedia":[{"embeddable":true,"href":"https:\/\/marktxxl.de\/markt\/wp-json\/wp\/v2\/media\/92736"}],"wp:attachment":[{"href":"https:\/\/marktxxl.de\/markt\/wp-json\/wp\/v2\/media?parent=92735"}],"wp:term":[{"taxonomy":"product_brand","embeddable":true,"href":"https:\/\/marktxxl.de\/markt\/wp-json\/wp\/v2\/product_brand?post=92735"},{"taxonomy":"product_cat","embeddable":true,"href":"https:\/\/marktxxl.de\/markt\/wp-json\/wp\/v2\/product_cat?post=92735"},{"taxonomy":"product_tag","embeddable":true,"href":"https:\/\/marktxxl.de\/markt\/wp-json\/wp\/v2\/product_tag?post=92735"}],"curies":[{"name":"wp","href":"https:\/\/api.w.org\/{rel}","templated":true}]}}