{"id":92612,"date":"2021-12-28T21:06:34","date_gmt":"2021-12-28T20:06:34","guid":{"rendered":"https:\/\/marktxxl.de\/markt\/produkt\/jade-roller-mit-vitamin-c-serum-gua-sha-massage-gegen-augenringe-falten-anti-aging-pflege-set-mit-premium-gesichtsroller-100-jade-stein-beauty-rolle-fuer-gesicht-massagegeraet\/"},"modified":"2023-04-11T03:13:15","modified_gmt":"2023-04-11T01:13:15","slug":"jade-roller-mit-vitamin-c-serum-gua-sha-massage-gegen-augenringe-falten-anti-aging-pflege-set-mit-premium-gesichtsroller-100-jade-stein-beauty-rolle-fuer-gesicht-massagegeraet","status":"publish","type":"product","link":"https:\/\/marktxxl.de\/markt\/produkt\/jade-roller-mit-vitamin-c-serum-gua-sha-massage-gegen-augenringe-falten-anti-aging-pflege-set-mit-premium-gesichtsroller-100-jade-stein-beauty-rolle-fuer-gesicht-massagegeraet\/","title":{"rendered":"Jade Roller mit Vitamin C Serum &amp; Gua Sha &#8211; Massage gegen Augenringe &amp; Falten &#8211; Anti Aging Pflege Set mit Premium\u2026"},"content":{"rendered":"<p>Warum Jade-Gesichtsroller von Eco Master? &#8211; Sind Sie auf der Suche nach einer Premium-Massagerolle f\u00fcr eine ges\u00fcndere Haut? Unser nat\u00fcrlicher Jade-Gesichtsroller wird mit Gua-Sha-Schaber-Set und Vitamin C-Serum f\u00fcr das Gesicht geliefert, um Ihnen eine gl\u00e4nzendere und straffere Haut zusammen mit anderen Sch\u00f6nheitsvorteilen zu geben. Unser Anti-Aging-Sch\u00f6nheitswerkzeug gleitet sanft auf Ihrem Gesicht, ohne Quietschger\u00e4usche. Verwenden Sie unseren Gesichtsroller \u00fcberall dort, wo Sie wollen, da er leicht in die Tasche passt und auf der Arbeit, zu Hause oder im Freizeiturlaub verwendet werden kann.<br \/>\nDer beste Augenroller f\u00fcr dunkle Kreise und Schwellungen \u2013 das Jade-Gesichtsroller und Gua-Sha-Set ist einfach zu verwenden um Ihre Augen, Nase und Hals. Dieses essentielle Sch\u00f6nheits-Werkzeug-Set erh\u00f6ht die Durchblutung, f\u00f6rdert den Sauerstofffluss und massiert Ihre Haut, was zu einer gesunden, feuchtigkeitsspendenden und nat\u00fcrlich strahlenden Haut f\u00fchrt. Das Gua Sha l\u00f6st Verspannungen im Gesicht und Vit C Serum st\u00e4rkt die Haut auf nat\u00fcrliche Weise durch Erh\u00f6hung der Kollagenproduktion.<br \/>\nWie Sie unseren Gesichtsmassageroller verwenden: Tragen Sie zun\u00e4chst ein paar Tropfen Vitamin C-Serum in kreisenden Bewegungen auf das Gesicht auf. Dann verwenden Sie den Jade Roller um das Serum in die Haut zu massieren (verwenden Sie das kleinere Ende f\u00fcr schwer zug\u00e4ngliche Stellen). Verwenden Sie den Gua Sha Stein in einer nach oben gerichteten Schabbewegung auf Stirn, Wange und Kiefer und verwenden Sie ihn in einer Abw\u00e4rtsbewegung am Hals. Verwenden Sie es t\u00e4glich und k\u00fchlen Sie sowohl den Jade-Roller als auch das Gua-Sha-Set vor dem Gebrauch ab, um die besten Ergebnisse zu erzielen.<br \/>\nBestes Beauty-Geschenk-Set f\u00fcr Frauen \u2013 Wenn Sie Ihrer Mutter, Ehefrau, Freundin oder Gro\u00dfmutter effektive Beauty-Produkte schenken m\u00f6chten, sind Sie hier genau richtig. Dieses exquisite Geschenkset wird sicherlich eine angenehme \u00dcberraschung sein. Geben Sie ihr das beste Spa-Erlebnis aus dem Komfort ihres Zuhauses, indem Sie ihr unseren Jade-Roller schenken. Ob Geburtstag, Hochzeit oder jede andere Feier, unsere Gesichtsrollen w\u00fcrden als eines der durchdachtesten Gesichtsgeschenk-Sets f\u00fcr Frauen \u00fcberhaupt kommen!<br \/>\nEntdecken Sie Ihre Sch\u00f6nheit mit Eco Masters \u2013 Bei Eco Masters verwenden wir unsere \u00fcber 15 Jahre Erfahrung, um nat\u00fcrliche, effektive Wege zu entdecken, um die beste Sch\u00f6nheit aus Ihrer Haut und Ihrem Haar zu bringen. Wir machen keine Kompromisse bei der Entfernung von chemisch sch\u00e4dlichen Inhaltsstoffen ein, wir zielen auf ganzheitliche Sch\u00f6nheit au\u00dfen und innen.<br \/>\n<div class=\"main-cross-sell\" data-asin=\"B07RFRGD5N\">\n\n\t<div class=\"WooZone-cross-sell-loader\">\n\t\t<div>\n\t\t\t<div id=\"floatingBarsG\">\n\t\t\t\t<div class=\"blockG\" id=\"rotateG_01\"><\/div>\n\t\t\t\t<div class=\"blockG\" id=\"rotateG_02\"><\/div>\n\t\t\t\t<div class=\"blockG\" id=\"rotateG_03\"><\/div>\n\t\t\t\t<div class=\"blockG\" id=\"rotateG_04\"><\/div>\n\t\t\t\t<div class=\"blockG\" id=\"rotateG_05\"><\/div>\n\t\t\t\t<div class=\"blockG\" id=\"rotateG_06\"><\/div>\n\t\t\t\t<div class=\"blockG\" id=\"rotateG_07\"><\/div>\n\t\t\t\t<div class=\"blockG\" id=\"rotateG_08\"><\/div>\n\t\t\t<\/div>\n\t\t\t<div class=\"WooZone-cross-sell-loader-text\"><\/div>\n\t\t<\/div>\n\t<\/div>\n\n\t\t\n<\/div>\n<div style=\"clear:both;\"><\/div><\/p>\n","protected":false},"excerpt":{"rendered":"<p>Warum Jade-Gesichtsroller von Eco Master? &#8211; Sind Sie auf der Suche nach einer Premium-Massagerolle f\u00fcr eine ges\u00fcndere Haut? Unser nat\u00fcrlicher Jade-Gesichtsroller wird mit Gua-Sha-Schaber-Set und Vitamin C-Serum f\u00fcr das Gesicht geliefert, um Ihnen eine gl\u00e4nzendere und straffere Haut zusammen mit anderen Sch\u00f6nheitsvorteilen zu geben. Unser Anti-Aging-Sch\u00f6nheitswerkzeug gleitet sanft auf Ihrem Gesicht, ohne Quietschger\u00e4usche. Verwenden Sie unseren Gesichtsroller \u00fcberall dort, wo Sie wollen, da er leicht in die Tasche passt und auf der Arbeit, zu Hause oder im Freizeiturlaub verwendet werden kann.<br \/>\nDer beste Augenroller f\u00fcr dunkle Kreise und Schwellungen \u2013 das Jade-Gesichtsroller und Gua-Sha-Set ist einfach zu verwenden um Ihre Augen, Nase und Hals. Dieses essentielle Sch\u00f6nheits-Werkzeug-Set erh\u00f6ht die Durchblutung, f\u00f6rdert den Sauerstofffluss und massiert Ihre Haut, was zu einer gesunden, feuchtigkeitsspendenden und nat\u00fcrlich strahlenden Haut f\u00fchrt. Das Gua Sha l\u00f6st Verspannungen im Gesicht und Vit C Serum st\u00e4rkt die Haut auf nat\u00fcrliche Weise durch Erh\u00f6hung der Kollagenproduktion.<br \/>\nWie Sie unseren Gesichtsmassageroller verwenden: Tragen Sie zun\u00e4chst ein paar Tropfen Vitamin C-Serum in kreisenden Bewegungen auf das Gesicht auf. Dann verwenden Sie den Jade Roller um das Serum in die Haut zu massieren (verwenden Sie das kleinere Ende f\u00fcr schwer zug\u00e4ngliche Stellen). Verwenden Sie den Gua Sha Stein in einer nach oben gerichteten Schabbewegung auf Stirn, Wange und Kiefer und verwenden Sie ihn in einer Abw\u00e4rtsbewegung am Hals. Verwenden Sie es t\u00e4glich und k\u00fchlen Sie sowohl den Jade-Roller als auch das Gua-Sha-Set vor dem Gebrauch ab, um die besten Ergebnisse zu erzielen.<\/p>\n","protected":false},"featured_media":92613,"comment_status":"open","ping_status":"closed","template":"","meta":[],"product_brand":[],"product_cat":[2858,7726],"product_tag":[],"class_list":{"0":"post-92612","1":"product","2":"type-product","3":"status-publish","4":"has-post-thumbnail","6":"product_cat-beauty","7":"product_cat-zubehoer-beauty","8":"pa_binding-badartikel","9":"pa_brand-eco-masters","10":"pa_height-1-9291338563-zoll","11":"pa_languages-unbekannt-englisch-unbekannt-deutsch-unbekannt-franzoesisch-unbekannt-italienisch-unbekannt-spanisch","12":"pa_length-2-8346456664-zoll","13":"pa_manufacturer-comfort-click-ltd","14":"pa_model-29217","15":"pa_size-3-count-pack-of-1","16":"pa_width-2-362204722-zoll","18":"first","19":"instock","20":"shipping-taxable","21":"purchasable","22":"product-type-simple","23":"customify-col","24":"product-has-gallery"},"yoast_head":"<!-- This site is optimized with the Yoast SEO plugin v27.4 - https:\/\/yoast.com\/product\/yoast-seo-wordpress\/ -->\n<title>Jade Roller mit Vitamin C Serum &amp; Gua Sha - Massage gegen Augenringe &amp; Falten - Anti Aging Pflege Set mit Premium\u2026 - Markt-XXL<\/title>\n<meta name=\"description\" content=\"Markt-XXL Jade Roller mit Vitamin C Serum &amp; Gua Sha - Massage gegen Augenringe &amp; Falten - Anti Aging Pflege Set mit Premium\u2026\" \/>\n<meta name=\"robots\" content=\"index, follow, max-snippet:-1, max-image-preview:large, max-video-preview:-1\" \/>\n<link rel=\"canonical\" href=\"https:\/\/marktxxl.de\/markt\/produkt\/jade-roller-mit-vitamin-c-serum-gua-sha-massage-gegen-augenringe-falten-anti-aging-pflege-set-mit-premium-gesichtsroller-100-jade-stein-beauty-rolle-fuer-gesicht-massagegeraet\/\" \/>\n<meta property=\"og:locale\" content=\"de_DE\" \/>\n<meta property=\"og:type\" content=\"article\" \/>\n<meta property=\"og:title\" content=\"Jade Roller mit Vitamin C Serum &amp; Gua Sha - Massage gegen Augenringe &amp; Falten - Anti Aging Pflege Set mit Premium\u2026 - Markt-XXL\" \/>\n<meta property=\"og:description\" content=\"Markt-XXL Jade Roller mit Vitamin C Serum &amp; Gua Sha - Massage gegen Augenringe &amp; Falten - Anti Aging Pflege Set mit Premium\u2026\" \/>\n<meta property=\"og:url\" content=\"https:\/\/marktxxl.de\/markt\/produkt\/jade-roller-mit-vitamin-c-serum-gua-sha-massage-gegen-augenringe-falten-anti-aging-pflege-set-mit-premium-gesichtsroller-100-jade-stein-beauty-rolle-fuer-gesicht-massagegeraet\/\" \/>\n<meta property=\"og:site_name\" content=\"Markt-XXL\" \/>\n<meta property=\"article:modified_time\" content=\"2023-04-11T01:13:15+00:00\" \/>\n<meta property=\"og:image\" content=\"https:\/\/m.media-amazon.com\/images\/I\/41c8MbGnX2L._SL500_.jpg\" \/>\n\t<meta property=\"og:image:width\" content=\"500\" \/>\n\t<meta property=\"og:image:height\" content=\"500\" \/>\n\t<meta property=\"og:image:type\" content=\"image\/jpeg\" \/>\n<meta name=\"twitter:card\" content=\"summary_large_image\" \/>\n<meta name=\"twitter:label1\" content=\"Gesch\u00e4tzte Lesezeit\" \/>\n\t<meta name=\"twitter:data1\" content=\"2\u00a0Minuten\" \/>\n<script type=\"application\/ld+json\" class=\"yoast-schema-graph\">{\"@context\":\"https:\\\/\\\/schema.org\",\"@graph\":[{\"@type\":\"WebPage\",\"@id\":\"https:\\\/\\\/marktxxl.de\\\/markt\\\/produkt\\\/jade-roller-mit-vitamin-c-serum-gua-sha-massage-gegen-augenringe-falten-anti-aging-pflege-set-mit-premium-gesichtsroller-100-jade-stein-beauty-rolle-fuer-gesicht-massagegeraet\\\/\",\"url\":\"https:\\\/\\\/marktxxl.de\\\/markt\\\/produkt\\\/jade-roller-mit-vitamin-c-serum-gua-sha-massage-gegen-augenringe-falten-anti-aging-pflege-set-mit-premium-gesichtsroller-100-jade-stein-beauty-rolle-fuer-gesicht-massagegeraet\\\/\",\"name\":\"Jade Roller mit Vitamin C Serum &amp; Gua Sha - Massage gegen Augenringe &amp; Falten - Anti Aging Pflege Set mit Premium\u2026 - Markt-XXL\",\"isPartOf\":{\"@id\":\"https:\\\/\\\/marktxxl.de\\\/markt\\\/#website\"},\"primaryImageOfPage\":{\"@id\":\"https:\\\/\\\/marktxxl.de\\\/markt\\\/produkt\\\/jade-roller-mit-vitamin-c-serum-gua-sha-massage-gegen-augenringe-falten-anti-aging-pflege-set-mit-premium-gesichtsroller-100-jade-stein-beauty-rolle-fuer-gesicht-massagegeraet\\\/#primaryimage\"},\"image\":{\"@id\":\"https:\\\/\\\/marktxxl.de\\\/markt\\\/produkt\\\/jade-roller-mit-vitamin-c-serum-gua-sha-massage-gegen-augenringe-falten-anti-aging-pflege-set-mit-premium-gesichtsroller-100-jade-stein-beauty-rolle-fuer-gesicht-massagegeraet\\\/#primaryimage\"},\"thumbnailUrl\":\"https:\\\/\\\/m.media-amazon.com\\\/images\\\/I\\\/41c8MbGnX2L._SL500_.jpg\",\"datePublished\":\"2021-12-28T20:06:34+00:00\",\"dateModified\":\"2023-04-11T01:13:15+00:00\",\"description\":\"Markt-XXL Jade Roller mit Vitamin C Serum &amp; Gua Sha - Massage gegen Augenringe &amp; Falten - Anti Aging Pflege Set mit Premium\u2026\",\"breadcrumb\":{\"@id\":\"https:\\\/\\\/marktxxl.de\\\/markt\\\/produkt\\\/jade-roller-mit-vitamin-c-serum-gua-sha-massage-gegen-augenringe-falten-anti-aging-pflege-set-mit-premium-gesichtsroller-100-jade-stein-beauty-rolle-fuer-gesicht-massagegeraet\\\/#breadcrumb\"},\"inLanguage\":\"de\",\"potentialAction\":[{\"@type\":\"ReadAction\",\"target\":[\"https:\\\/\\\/marktxxl.de\\\/markt\\\/produkt\\\/jade-roller-mit-vitamin-c-serum-gua-sha-massage-gegen-augenringe-falten-anti-aging-pflege-set-mit-premium-gesichtsroller-100-jade-stein-beauty-rolle-fuer-gesicht-massagegeraet\\\/\"]}]},{\"@type\":\"ImageObject\",\"inLanguage\":\"de\",\"@id\":\"https:\\\/\\\/marktxxl.de\\\/markt\\\/produkt\\\/jade-roller-mit-vitamin-c-serum-gua-sha-massage-gegen-augenringe-falten-anti-aging-pflege-set-mit-premium-gesichtsroller-100-jade-stein-beauty-rolle-fuer-gesicht-massagegeraet\\\/#primaryimage\",\"url\":\"https:\\\/\\\/m.media-amazon.com\\\/images\\\/I\\\/41c8MbGnX2L._SL500_.jpg\",\"contentUrl\":\"https:\\\/\\\/m.media-amazon.com\\\/images\\\/I\\\/41c8MbGnX2L._SL500_.jpg\",\"width\":500,\"height\":500},{\"@type\":\"BreadcrumbList\",\"@id\":\"https:\\\/\\\/marktxxl.de\\\/markt\\\/produkt\\\/jade-roller-mit-vitamin-c-serum-gua-sha-massage-gegen-augenringe-falten-anti-aging-pflege-set-mit-premium-gesichtsroller-100-jade-stein-beauty-rolle-fuer-gesicht-massagegeraet\\\/#breadcrumb\",\"itemListElement\":[{\"@type\":\"ListItem\",\"position\":1,\"name\":\"Startseite\",\"item\":\"https:\\\/\\\/marktxxl.de\\\/markt\\\/\"},{\"@type\":\"ListItem\",\"position\":2,\"name\":\"Markt\",\"item\":\"https:\\\/\\\/marktxxl.de\\\/markt\\\/\"},{\"@type\":\"ListItem\",\"position\":3,\"name\":\"Jade Roller mit Vitamin C Serum &amp; Gua Sha &#8211; Massage gegen Augenringe &amp; Falten &#8211; Anti Aging Pflege Set mit Premium\u2026\"}]},{\"@type\":\"WebSite\",\"@id\":\"https:\\\/\\\/marktxxl.de\\\/markt\\\/#website\",\"url\":\"https:\\\/\\\/marktxxl.de\\\/markt\\\/\",\"name\":\"Markt-XXL\",\"description\":\"Ihr Markt Online\",\"publisher\":{\"@id\":\"https:\\\/\\\/marktxxl.de\\\/markt\\\/#organization\"},\"potentialAction\":[{\"@type\":\"SearchAction\",\"target\":{\"@type\":\"EntryPoint\",\"urlTemplate\":\"https:\\\/\\\/marktxxl.de\\\/markt\\\/?s={search_term_string}\"},\"query-input\":{\"@type\":\"PropertyValueSpecification\",\"valueRequired\":true,\"valueName\":\"search_term_string\"}}],\"inLanguage\":\"de\"},{\"@type\":\"Organization\",\"@id\":\"https:\\\/\\\/marktxxl.de\\\/markt\\\/#organization\",\"name\":\"Markt-XXL\",\"url\":\"https:\\\/\\\/marktxxl.de\\\/markt\\\/\",\"logo\":{\"@type\":\"ImageObject\",\"inLanguage\":\"de\",\"@id\":\"https:\\\/\\\/marktxxl.de\\\/markt\\\/#\\\/schema\\\/logo\\\/image\\\/\",\"url\":\"https:\\\/\\\/marktxxl.de\\\/markt\\\/wp-content\\\/uploads\\\/sites\\\/3\\\/2020\\\/12\\\/logo.png\",\"contentUrl\":\"https:\\\/\\\/marktxxl.de\\\/markt\\\/wp-content\\\/uploads\\\/sites\\\/3\\\/2020\\\/12\\\/logo.png\",\"width\":200,\"height\":70,\"caption\":\"Markt-XXL\"},\"image\":{\"@id\":\"https:\\\/\\\/marktxxl.de\\\/markt\\\/#\\\/schema\\\/logo\\\/image\\\/\"}}]}<\/script>\n<!-- \/ Yoast SEO plugin. -->","yoast_head_json":{"title":"Jade Roller mit Vitamin C Serum &amp; Gua Sha - Massage gegen Augenringe &amp; Falten - Anti Aging Pflege Set mit Premium\u2026 - Markt-XXL","description":"Markt-XXL Jade Roller mit Vitamin C Serum &amp; Gua Sha - Massage gegen Augenringe &amp; Falten - Anti Aging Pflege Set mit Premium\u2026","robots":{"index":"index","follow":"follow","max-snippet":"max-snippet:-1","max-image-preview":"max-image-preview:large","max-video-preview":"max-video-preview:-1"},"canonical":"https:\/\/marktxxl.de\/markt\/produkt\/jade-roller-mit-vitamin-c-serum-gua-sha-massage-gegen-augenringe-falten-anti-aging-pflege-set-mit-premium-gesichtsroller-100-jade-stein-beauty-rolle-fuer-gesicht-massagegeraet\/","og_locale":"de_DE","og_type":"article","og_title":"Jade Roller mit Vitamin C Serum &amp; Gua Sha - Massage gegen Augenringe &amp; Falten - Anti Aging Pflege Set mit Premium\u2026 - Markt-XXL","og_description":"Markt-XXL Jade Roller mit Vitamin C Serum &amp; Gua Sha - Massage gegen Augenringe &amp; Falten - Anti Aging Pflege Set mit Premium\u2026","og_url":"https:\/\/marktxxl.de\/markt\/produkt\/jade-roller-mit-vitamin-c-serum-gua-sha-massage-gegen-augenringe-falten-anti-aging-pflege-set-mit-premium-gesichtsroller-100-jade-stein-beauty-rolle-fuer-gesicht-massagegeraet\/","og_site_name":"Markt-XXL","article_modified_time":"2023-04-11T01:13:15+00:00","og_image":[{"width":500,"height":500,"url":"https:\/\/m.media-amazon.com\/images\/I\/41c8MbGnX2L._SL500_.jpg","type":"image\/jpeg"}],"twitter_card":"summary_large_image","twitter_misc":{"Gesch\u00e4tzte Lesezeit":"2\u00a0Minuten"},"schema":{"@context":"https:\/\/schema.org","@graph":[{"@type":"WebPage","@id":"https:\/\/marktxxl.de\/markt\/produkt\/jade-roller-mit-vitamin-c-serum-gua-sha-massage-gegen-augenringe-falten-anti-aging-pflege-set-mit-premium-gesichtsroller-100-jade-stein-beauty-rolle-fuer-gesicht-massagegeraet\/","url":"https:\/\/marktxxl.de\/markt\/produkt\/jade-roller-mit-vitamin-c-serum-gua-sha-massage-gegen-augenringe-falten-anti-aging-pflege-set-mit-premium-gesichtsroller-100-jade-stein-beauty-rolle-fuer-gesicht-massagegeraet\/","name":"Jade Roller mit Vitamin C Serum &amp; Gua Sha - Massage gegen Augenringe &amp; Falten - Anti Aging Pflege Set mit Premium\u2026 - Markt-XXL","isPartOf":{"@id":"https:\/\/marktxxl.de\/markt\/#website"},"primaryImageOfPage":{"@id":"https:\/\/marktxxl.de\/markt\/produkt\/jade-roller-mit-vitamin-c-serum-gua-sha-massage-gegen-augenringe-falten-anti-aging-pflege-set-mit-premium-gesichtsroller-100-jade-stein-beauty-rolle-fuer-gesicht-massagegeraet\/#primaryimage"},"image":{"@id":"https:\/\/marktxxl.de\/markt\/produkt\/jade-roller-mit-vitamin-c-serum-gua-sha-massage-gegen-augenringe-falten-anti-aging-pflege-set-mit-premium-gesichtsroller-100-jade-stein-beauty-rolle-fuer-gesicht-massagegeraet\/#primaryimage"},"thumbnailUrl":"https:\/\/m.media-amazon.com\/images\/I\/41c8MbGnX2L._SL500_.jpg","datePublished":"2021-12-28T20:06:34+00:00","dateModified":"2023-04-11T01:13:15+00:00","description":"Markt-XXL Jade Roller mit Vitamin C Serum &amp; Gua Sha - Massage gegen Augenringe &amp; Falten - Anti Aging Pflege Set mit Premium\u2026","breadcrumb":{"@id":"https:\/\/marktxxl.de\/markt\/produkt\/jade-roller-mit-vitamin-c-serum-gua-sha-massage-gegen-augenringe-falten-anti-aging-pflege-set-mit-premium-gesichtsroller-100-jade-stein-beauty-rolle-fuer-gesicht-massagegeraet\/#breadcrumb"},"inLanguage":"de","potentialAction":[{"@type":"ReadAction","target":["https:\/\/marktxxl.de\/markt\/produkt\/jade-roller-mit-vitamin-c-serum-gua-sha-massage-gegen-augenringe-falten-anti-aging-pflege-set-mit-premium-gesichtsroller-100-jade-stein-beauty-rolle-fuer-gesicht-massagegeraet\/"]}]},{"@type":"ImageObject","inLanguage":"de","@id":"https:\/\/marktxxl.de\/markt\/produkt\/jade-roller-mit-vitamin-c-serum-gua-sha-massage-gegen-augenringe-falten-anti-aging-pflege-set-mit-premium-gesichtsroller-100-jade-stein-beauty-rolle-fuer-gesicht-massagegeraet\/#primaryimage","url":"https:\/\/m.media-amazon.com\/images\/I\/41c8MbGnX2L._SL500_.jpg","contentUrl":"https:\/\/m.media-amazon.com\/images\/I\/41c8MbGnX2L._SL500_.jpg","width":500,"height":500},{"@type":"BreadcrumbList","@id":"https:\/\/marktxxl.de\/markt\/produkt\/jade-roller-mit-vitamin-c-serum-gua-sha-massage-gegen-augenringe-falten-anti-aging-pflege-set-mit-premium-gesichtsroller-100-jade-stein-beauty-rolle-fuer-gesicht-massagegeraet\/#breadcrumb","itemListElement":[{"@type":"ListItem","position":1,"name":"Startseite","item":"https:\/\/marktxxl.de\/markt\/"},{"@type":"ListItem","position":2,"name":"Markt","item":"https:\/\/marktxxl.de\/markt\/"},{"@type":"ListItem","position":3,"name":"Jade Roller mit Vitamin C Serum &amp; Gua Sha &#8211; Massage gegen Augenringe &amp; Falten &#8211; Anti Aging Pflege Set mit Premium\u2026"}]},{"@type":"WebSite","@id":"https:\/\/marktxxl.de\/markt\/#website","url":"https:\/\/marktxxl.de\/markt\/","name":"Markt-XXL","description":"Ihr Markt Online","publisher":{"@id":"https:\/\/marktxxl.de\/markt\/#organization"},"potentialAction":[{"@type":"SearchAction","target":{"@type":"EntryPoint","urlTemplate":"https:\/\/marktxxl.de\/markt\/?s={search_term_string}"},"query-input":{"@type":"PropertyValueSpecification","valueRequired":true,"valueName":"search_term_string"}}],"inLanguage":"de"},{"@type":"Organization","@id":"https:\/\/marktxxl.de\/markt\/#organization","name":"Markt-XXL","url":"https:\/\/marktxxl.de\/markt\/","logo":{"@type":"ImageObject","inLanguage":"de","@id":"https:\/\/marktxxl.de\/markt\/#\/schema\/logo\/image\/","url":"https:\/\/marktxxl.de\/markt\/wp-content\/uploads\/sites\/3\/2020\/12\/logo.png","contentUrl":"https:\/\/marktxxl.de\/markt\/wp-content\/uploads\/sites\/3\/2020\/12\/logo.png","width":200,"height":70,"caption":"Markt-XXL"},"image":{"@id":"https:\/\/marktxxl.de\/markt\/#\/schema\/logo\/image\/"}}]}},"_links":{"self":[{"href":"https:\/\/marktxxl.de\/markt\/wp-json\/wp\/v2\/product\/92612","targetHints":{"allow":["GET"]}}],"collection":[{"href":"https:\/\/marktxxl.de\/markt\/wp-json\/wp\/v2\/product"}],"about":[{"href":"https:\/\/marktxxl.de\/markt\/wp-json\/wp\/v2\/types\/product"}],"replies":[{"embeddable":true,"href":"https:\/\/marktxxl.de\/markt\/wp-json\/wp\/v2\/comments?post=92612"}],"wp:featuredmedia":[{"embeddable":true,"href":"https:\/\/marktxxl.de\/markt\/wp-json\/wp\/v2\/media\/92613"}],"wp:attachment":[{"href":"https:\/\/marktxxl.de\/markt\/wp-json\/wp\/v2\/media?parent=92612"}],"wp:term":[{"taxonomy":"product_brand","embeddable":true,"href":"https:\/\/marktxxl.de\/markt\/wp-json\/wp\/v2\/product_brand?post=92612"},{"taxonomy":"product_cat","embeddable":true,"href":"https:\/\/marktxxl.de\/markt\/wp-json\/wp\/v2\/product_cat?post=92612"},{"taxonomy":"product_tag","embeddable":true,"href":"https:\/\/marktxxl.de\/markt\/wp-json\/wp\/v2\/product_tag?post=92612"}],"curies":[{"name":"wp","href":"https:\/\/api.w.org\/{rel}","templated":true}]}}