{"id":92604,"date":"2021-12-28T21:06:28","date_gmt":"2021-12-28T20:06:28","guid":{"rendered":"https:\/\/marktxxl.de\/markt\/produkt\/kousei-falsche-wimpern-dramatisch-10-paar-wimpern-pack-flauschig-lange-weiche-dicke-verlaengerung-natuerliche-volumen-wiederverwendbare-handgefertigte-make-up-wimpern-kein-kleber\/"},"modified":"2023-04-11T03:13:15","modified_gmt":"2023-04-11T01:13:15","slug":"kousei-falsche-wimpern-dramatisch-10-paar-wimpern-pack-flauschig-lange-weiche-dicke-verlaengerung-natuerliche-volumen-wiederverwendbare-handgefertigte-make-up-wimpern-kein-kleber","status":"publish","type":"product","link":"https:\/\/marktxxl.de\/markt\/produkt\/kousei-falsche-wimpern-dramatisch-10-paar-wimpern-pack-flauschig-lange-weiche-dicke-verlaengerung-natuerliche-volumen-wiederverwendbare-handgefertigte-make-up-wimpern-kein-kleber\/","title":{"rendered":"KOUSEI Falsche Wimpern Dramatisch 10 Paar Wimpern Pack Flauschig Lange Weiche Dicke Verl\u00e4ngerung Nat\u00fcrliche Volumen\u2026"},"content":{"rendered":"<p>\u3010HOHE QUALIT\u00c4T\u3011Lebendig und gl\u00e4nzend und lange lebensdauer. Hergestellt aus feinster kunstfaser und 100 % handarbeit. Handgefertigte k\u00fcnstliche wimpern sind mit sch\u00f6ner und richtiger pflege wiederverwendbar<br \/>\n\u3010FLEXIBEL &amp; D\u00dcNN\u3011B\u00e4nder sind weich und reizen Ihre augen nicht und lassen sich leichter anbringen, um Ihnen mehr tragekomfort zu bieten, und die ultrad\u00fcnnen faserwimpern k\u00f6nnen Ihnen ein nat\u00fcrliches und sch\u00f6nes aussehen verleihen<br \/>\n\u3010KEIN KLEBER\u3011Es ist kein kleber in der packung enthalten, aber er ist f\u00fcr alle gew\u00f6hnlichen wimpernkleber geeignet und kann sicher verwendet werden. Zur fixierung wird eine kleine menge kleber auf den wimpern verwendet<br \/>\n\u3010EINFACHES ANWENDEN UND ENTFERNEN\u3011Wimpern ist einfach zu installieren und zu entfernen, auch f\u00fcr anf\u00e4nger. Es ist bequem f\u00fcr l\u00e4ngeres tragen, hypoallergen, t\u00e4glicher gebrauch. Vorsichtig verwenden, wimpern k\u00f6nnen 3-5 mal wiederverwendet werden. Wischen sie nach der anwendung klebstoff- und kosmetikreste auf den wimpern mit einem feuchten<br \/>\n\u3010ANLASS UND SUPER GESCHENK\u3011Die wimpern eignen sich f\u00fcr hochzeitsveranstaltungen, fotoshootings, ausgehen, partys oder den t\u00e4glichen gebrauch. Au\u00dferdem ausgezeichnetes geschenk f\u00fcr m\u00e4dchen \/ frauen, exquisite wimpernbox<br \/>\n<div class=\"main-cross-sell\" data-asin=\"B09535D4XP\">\n\n\t<div class=\"WooZone-cross-sell-loader\">\n\t\t<div>\n\t\t\t<div id=\"floatingBarsG\">\n\t\t\t\t<div class=\"blockG\" id=\"rotateG_01\"><\/div>\n\t\t\t\t<div class=\"blockG\" id=\"rotateG_02\"><\/div>\n\t\t\t\t<div class=\"blockG\" id=\"rotateG_03\"><\/div>\n\t\t\t\t<div class=\"blockG\" id=\"rotateG_04\"><\/div>\n\t\t\t\t<div class=\"blockG\" id=\"rotateG_05\"><\/div>\n\t\t\t\t<div class=\"blockG\" id=\"rotateG_06\"><\/div>\n\t\t\t\t<div class=\"blockG\" id=\"rotateG_07\"><\/div>\n\t\t\t\t<div class=\"blockG\" id=\"rotateG_08\"><\/div>\n\t\t\t<\/div>\n\t\t\t<div class=\"WooZone-cross-sell-loader-text\"><\/div>\n\t\t<\/div>\n\t<\/div>\n\n\t\t\n<\/div>\n<div style=\"clear:both;\"><\/div><\/p>\n","protected":false},"excerpt":{"rendered":"<p>\u3010HOHE QUALIT\u00c4T\u3011Lebendig und gl\u00e4nzend und lange lebensdauer. Hergestellt aus feinster kunstfaser und 100 % handarbeit. Handgefertigte k\u00fcnstliche wimpern sind mit sch\u00f6ner und richtiger pflege wiederverwendbar<br \/>\n\u3010FLEXIBEL &amp; D\u00dcNN\u3011B\u00e4nder sind weich und reizen Ihre augen nicht und lassen sich leichter anbringen, um Ihnen mehr tragekomfort zu bieten, und die ultrad\u00fcnnen faserwimpern k\u00f6nnen Ihnen ein nat\u00fcrliches und sch\u00f6nes aussehen verleihen<br \/>\n\u3010KEIN KLEBER\u3011Es ist kein kleber in der packung enthalten, aber er ist f\u00fcr alle gew\u00f6hnlichen wimpernkleber geeignet und kann sicher verwendet werden. Zur fixierung wird eine kleine menge kleber auf den wimpern verwendet<\/p>\n","protected":false},"featured_media":92605,"comment_status":"open","ping_status":"closed","template":"","meta":[],"product_brand":[],"product_cat":[2858,7726],"product_tag":[],"class_list":{"0":"post-92604","1":"product","2":"type-product","3":"status-publish","4":"has-post-thumbnail","6":"product_cat-beauty","7":"product_cat-zubehoer-beauty","8":"pa_brand-kousei","9":"pa_manufacturer-kousei","10":"pa_size-10-paar-1er-pack","12":"first","13":"instock","14":"shipping-taxable","15":"purchasable","16":"product-type-simple","17":"customify-col","18":"product-has-gallery"},"yoast_head":"<!-- This site is optimized with the Yoast SEO plugin v27.4 - https:\/\/yoast.com\/product\/yoast-seo-wordpress\/ -->\n<title>KOUSEI Falsche Wimpern Dramatisch 10 Paar Wimpern Pack Flauschig Lange Weiche Dicke Verl\u00e4ngerung Nat\u00fcrliche Volumen\u2026 - Markt-XXL<\/title>\n<meta name=\"description\" content=\"Markt-XXL KOUSEI Falsche Wimpern Dramatisch 10 Paar Wimpern Pack Flauschig Lange Weiche Dicke Verl\u00e4ngerung Nat\u00fcrliche Volumen\u2026\" \/>\n<meta name=\"robots\" content=\"index, follow, max-snippet:-1, max-image-preview:large, max-video-preview:-1\" \/>\n<link rel=\"canonical\" href=\"https:\/\/marktxxl.de\/markt\/produkt\/kousei-falsche-wimpern-dramatisch-10-paar-wimpern-pack-flauschig-lange-weiche-dicke-verlaengerung-natuerliche-volumen-wiederverwendbare-handgefertigte-make-up-wimpern-kein-kleber\/\" \/>\n<meta property=\"og:locale\" content=\"de_DE\" \/>\n<meta property=\"og:type\" content=\"article\" \/>\n<meta property=\"og:title\" content=\"KOUSEI Falsche Wimpern Dramatisch 10 Paar Wimpern Pack Flauschig Lange Weiche Dicke Verl\u00e4ngerung Nat\u00fcrliche Volumen\u2026 - Markt-XXL\" \/>\n<meta property=\"og:description\" content=\"Markt-XXL KOUSEI Falsche Wimpern Dramatisch 10 Paar Wimpern Pack Flauschig Lange Weiche Dicke Verl\u00e4ngerung Nat\u00fcrliche Volumen\u2026\" \/>\n<meta property=\"og:url\" content=\"https:\/\/marktxxl.de\/markt\/produkt\/kousei-falsche-wimpern-dramatisch-10-paar-wimpern-pack-flauschig-lange-weiche-dicke-verlaengerung-natuerliche-volumen-wiederverwendbare-handgefertigte-make-up-wimpern-kein-kleber\/\" \/>\n<meta property=\"og:site_name\" content=\"Markt-XXL\" \/>\n<meta property=\"article:modified_time\" content=\"2023-04-11T01:13:15+00:00\" \/>\n<meta property=\"og:image\" content=\"https:\/\/m.media-amazon.com\/images\/I\/51xQ+iTvmzS._SL500_.jpg\" \/>\n\t<meta property=\"og:image:width\" content=\"500\" \/>\n\t<meta property=\"og:image:height\" content=\"500\" \/>\n\t<meta property=\"og:image:type\" content=\"image\/jpeg\" \/>\n<meta name=\"twitter:card\" content=\"summary_large_image\" \/>\n<meta name=\"twitter:label1\" content=\"Gesch\u00e4tzte Lesezeit\" \/>\n\t<meta name=\"twitter:data1\" content=\"1\u00a0Minute\" \/>\n<script type=\"application\/ld+json\" class=\"yoast-schema-graph\">{\"@context\":\"https:\\\/\\\/schema.org\",\"@graph\":[{\"@type\":\"WebPage\",\"@id\":\"https:\\\/\\\/marktxxl.de\\\/markt\\\/produkt\\\/kousei-falsche-wimpern-dramatisch-10-paar-wimpern-pack-flauschig-lange-weiche-dicke-verlaengerung-natuerliche-volumen-wiederverwendbare-handgefertigte-make-up-wimpern-kein-kleber\\\/\",\"url\":\"https:\\\/\\\/marktxxl.de\\\/markt\\\/produkt\\\/kousei-falsche-wimpern-dramatisch-10-paar-wimpern-pack-flauschig-lange-weiche-dicke-verlaengerung-natuerliche-volumen-wiederverwendbare-handgefertigte-make-up-wimpern-kein-kleber\\\/\",\"name\":\"KOUSEI Falsche Wimpern Dramatisch 10 Paar Wimpern Pack Flauschig Lange Weiche Dicke Verl\u00e4ngerung Nat\u00fcrliche Volumen\u2026 - Markt-XXL\",\"isPartOf\":{\"@id\":\"https:\\\/\\\/marktxxl.de\\\/markt\\\/#website\"},\"primaryImageOfPage\":{\"@id\":\"https:\\\/\\\/marktxxl.de\\\/markt\\\/produkt\\\/kousei-falsche-wimpern-dramatisch-10-paar-wimpern-pack-flauschig-lange-weiche-dicke-verlaengerung-natuerliche-volumen-wiederverwendbare-handgefertigte-make-up-wimpern-kein-kleber\\\/#primaryimage\"},\"image\":{\"@id\":\"https:\\\/\\\/marktxxl.de\\\/markt\\\/produkt\\\/kousei-falsche-wimpern-dramatisch-10-paar-wimpern-pack-flauschig-lange-weiche-dicke-verlaengerung-natuerliche-volumen-wiederverwendbare-handgefertigte-make-up-wimpern-kein-kleber\\\/#primaryimage\"},\"thumbnailUrl\":\"https:\\\/\\\/m.media-amazon.com\\\/images\\\/I\\\/51xQ+iTvmzS._SL500_.jpg\",\"datePublished\":\"2021-12-28T20:06:28+00:00\",\"dateModified\":\"2023-04-11T01:13:15+00:00\",\"description\":\"Markt-XXL KOUSEI Falsche Wimpern Dramatisch 10 Paar Wimpern Pack Flauschig Lange Weiche Dicke Verl\u00e4ngerung Nat\u00fcrliche Volumen\u2026\",\"breadcrumb\":{\"@id\":\"https:\\\/\\\/marktxxl.de\\\/markt\\\/produkt\\\/kousei-falsche-wimpern-dramatisch-10-paar-wimpern-pack-flauschig-lange-weiche-dicke-verlaengerung-natuerliche-volumen-wiederverwendbare-handgefertigte-make-up-wimpern-kein-kleber\\\/#breadcrumb\"},\"inLanguage\":\"de\",\"potentialAction\":[{\"@type\":\"ReadAction\",\"target\":[\"https:\\\/\\\/marktxxl.de\\\/markt\\\/produkt\\\/kousei-falsche-wimpern-dramatisch-10-paar-wimpern-pack-flauschig-lange-weiche-dicke-verlaengerung-natuerliche-volumen-wiederverwendbare-handgefertigte-make-up-wimpern-kein-kleber\\\/\"]}]},{\"@type\":\"ImageObject\",\"inLanguage\":\"de\",\"@id\":\"https:\\\/\\\/marktxxl.de\\\/markt\\\/produkt\\\/kousei-falsche-wimpern-dramatisch-10-paar-wimpern-pack-flauschig-lange-weiche-dicke-verlaengerung-natuerliche-volumen-wiederverwendbare-handgefertigte-make-up-wimpern-kein-kleber\\\/#primaryimage\",\"url\":\"https:\\\/\\\/m.media-amazon.com\\\/images\\\/I\\\/51xQ+iTvmzS._SL500_.jpg\",\"contentUrl\":\"https:\\\/\\\/m.media-amazon.com\\\/images\\\/I\\\/51xQ+iTvmzS._SL500_.jpg\",\"width\":500,\"height\":500},{\"@type\":\"BreadcrumbList\",\"@id\":\"https:\\\/\\\/marktxxl.de\\\/markt\\\/produkt\\\/kousei-falsche-wimpern-dramatisch-10-paar-wimpern-pack-flauschig-lange-weiche-dicke-verlaengerung-natuerliche-volumen-wiederverwendbare-handgefertigte-make-up-wimpern-kein-kleber\\\/#breadcrumb\",\"itemListElement\":[{\"@type\":\"ListItem\",\"position\":1,\"name\":\"Startseite\",\"item\":\"https:\\\/\\\/marktxxl.de\\\/markt\\\/\"},{\"@type\":\"ListItem\",\"position\":2,\"name\":\"Markt\",\"item\":\"https:\\\/\\\/marktxxl.de\\\/markt\\\/\"},{\"@type\":\"ListItem\",\"position\":3,\"name\":\"KOUSEI Falsche Wimpern Dramatisch 10 Paar Wimpern Pack Flauschig Lange Weiche Dicke Verl\u00e4ngerung Nat\u00fcrliche Volumen\u2026\"}]},{\"@type\":\"WebSite\",\"@id\":\"https:\\\/\\\/marktxxl.de\\\/markt\\\/#website\",\"url\":\"https:\\\/\\\/marktxxl.de\\\/markt\\\/\",\"name\":\"Markt-XXL\",\"description\":\"Ihr Markt Online\",\"publisher\":{\"@id\":\"https:\\\/\\\/marktxxl.de\\\/markt\\\/#organization\"},\"potentialAction\":[{\"@type\":\"SearchAction\",\"target\":{\"@type\":\"EntryPoint\",\"urlTemplate\":\"https:\\\/\\\/marktxxl.de\\\/markt\\\/?s={search_term_string}\"},\"query-input\":{\"@type\":\"PropertyValueSpecification\",\"valueRequired\":true,\"valueName\":\"search_term_string\"}}],\"inLanguage\":\"de\"},{\"@type\":\"Organization\",\"@id\":\"https:\\\/\\\/marktxxl.de\\\/markt\\\/#organization\",\"name\":\"Markt-XXL\",\"url\":\"https:\\\/\\\/marktxxl.de\\\/markt\\\/\",\"logo\":{\"@type\":\"ImageObject\",\"inLanguage\":\"de\",\"@id\":\"https:\\\/\\\/marktxxl.de\\\/markt\\\/#\\\/schema\\\/logo\\\/image\\\/\",\"url\":\"https:\\\/\\\/marktxxl.de\\\/markt\\\/wp-content\\\/uploads\\\/sites\\\/3\\\/2020\\\/12\\\/logo.png\",\"contentUrl\":\"https:\\\/\\\/marktxxl.de\\\/markt\\\/wp-content\\\/uploads\\\/sites\\\/3\\\/2020\\\/12\\\/logo.png\",\"width\":200,\"height\":70,\"caption\":\"Markt-XXL\"},\"image\":{\"@id\":\"https:\\\/\\\/marktxxl.de\\\/markt\\\/#\\\/schema\\\/logo\\\/image\\\/\"}}]}<\/script>\n<!-- \/ Yoast SEO plugin. -->","yoast_head_json":{"title":"KOUSEI Falsche Wimpern Dramatisch 10 Paar Wimpern Pack Flauschig Lange Weiche Dicke Verl\u00e4ngerung Nat\u00fcrliche Volumen\u2026 - Markt-XXL","description":"Markt-XXL KOUSEI Falsche Wimpern Dramatisch 10 Paar Wimpern Pack Flauschig Lange Weiche Dicke Verl\u00e4ngerung Nat\u00fcrliche Volumen\u2026","robots":{"index":"index","follow":"follow","max-snippet":"max-snippet:-1","max-image-preview":"max-image-preview:large","max-video-preview":"max-video-preview:-1"},"canonical":"https:\/\/marktxxl.de\/markt\/produkt\/kousei-falsche-wimpern-dramatisch-10-paar-wimpern-pack-flauschig-lange-weiche-dicke-verlaengerung-natuerliche-volumen-wiederverwendbare-handgefertigte-make-up-wimpern-kein-kleber\/","og_locale":"de_DE","og_type":"article","og_title":"KOUSEI Falsche Wimpern Dramatisch 10 Paar Wimpern Pack Flauschig Lange Weiche Dicke Verl\u00e4ngerung Nat\u00fcrliche Volumen\u2026 - Markt-XXL","og_description":"Markt-XXL KOUSEI Falsche Wimpern Dramatisch 10 Paar Wimpern Pack Flauschig Lange Weiche Dicke Verl\u00e4ngerung Nat\u00fcrliche Volumen\u2026","og_url":"https:\/\/marktxxl.de\/markt\/produkt\/kousei-falsche-wimpern-dramatisch-10-paar-wimpern-pack-flauschig-lange-weiche-dicke-verlaengerung-natuerliche-volumen-wiederverwendbare-handgefertigte-make-up-wimpern-kein-kleber\/","og_site_name":"Markt-XXL","article_modified_time":"2023-04-11T01:13:15+00:00","og_image":[{"width":500,"height":500,"url":"https:\/\/m.media-amazon.com\/images\/I\/51xQ+iTvmzS._SL500_.jpg","type":"image\/jpeg"}],"twitter_card":"summary_large_image","twitter_misc":{"Gesch\u00e4tzte Lesezeit":"1\u00a0Minute"},"schema":{"@context":"https:\/\/schema.org","@graph":[{"@type":"WebPage","@id":"https:\/\/marktxxl.de\/markt\/produkt\/kousei-falsche-wimpern-dramatisch-10-paar-wimpern-pack-flauschig-lange-weiche-dicke-verlaengerung-natuerliche-volumen-wiederverwendbare-handgefertigte-make-up-wimpern-kein-kleber\/","url":"https:\/\/marktxxl.de\/markt\/produkt\/kousei-falsche-wimpern-dramatisch-10-paar-wimpern-pack-flauschig-lange-weiche-dicke-verlaengerung-natuerliche-volumen-wiederverwendbare-handgefertigte-make-up-wimpern-kein-kleber\/","name":"KOUSEI Falsche Wimpern Dramatisch 10 Paar Wimpern Pack Flauschig Lange Weiche Dicke Verl\u00e4ngerung Nat\u00fcrliche Volumen\u2026 - Markt-XXL","isPartOf":{"@id":"https:\/\/marktxxl.de\/markt\/#website"},"primaryImageOfPage":{"@id":"https:\/\/marktxxl.de\/markt\/produkt\/kousei-falsche-wimpern-dramatisch-10-paar-wimpern-pack-flauschig-lange-weiche-dicke-verlaengerung-natuerliche-volumen-wiederverwendbare-handgefertigte-make-up-wimpern-kein-kleber\/#primaryimage"},"image":{"@id":"https:\/\/marktxxl.de\/markt\/produkt\/kousei-falsche-wimpern-dramatisch-10-paar-wimpern-pack-flauschig-lange-weiche-dicke-verlaengerung-natuerliche-volumen-wiederverwendbare-handgefertigte-make-up-wimpern-kein-kleber\/#primaryimage"},"thumbnailUrl":"https:\/\/m.media-amazon.com\/images\/I\/51xQ+iTvmzS._SL500_.jpg","datePublished":"2021-12-28T20:06:28+00:00","dateModified":"2023-04-11T01:13:15+00:00","description":"Markt-XXL KOUSEI Falsche Wimpern Dramatisch 10 Paar Wimpern Pack Flauschig Lange Weiche Dicke Verl\u00e4ngerung Nat\u00fcrliche Volumen\u2026","breadcrumb":{"@id":"https:\/\/marktxxl.de\/markt\/produkt\/kousei-falsche-wimpern-dramatisch-10-paar-wimpern-pack-flauschig-lange-weiche-dicke-verlaengerung-natuerliche-volumen-wiederverwendbare-handgefertigte-make-up-wimpern-kein-kleber\/#breadcrumb"},"inLanguage":"de","potentialAction":[{"@type":"ReadAction","target":["https:\/\/marktxxl.de\/markt\/produkt\/kousei-falsche-wimpern-dramatisch-10-paar-wimpern-pack-flauschig-lange-weiche-dicke-verlaengerung-natuerliche-volumen-wiederverwendbare-handgefertigte-make-up-wimpern-kein-kleber\/"]}]},{"@type":"ImageObject","inLanguage":"de","@id":"https:\/\/marktxxl.de\/markt\/produkt\/kousei-falsche-wimpern-dramatisch-10-paar-wimpern-pack-flauschig-lange-weiche-dicke-verlaengerung-natuerliche-volumen-wiederverwendbare-handgefertigte-make-up-wimpern-kein-kleber\/#primaryimage","url":"https:\/\/m.media-amazon.com\/images\/I\/51xQ+iTvmzS._SL500_.jpg","contentUrl":"https:\/\/m.media-amazon.com\/images\/I\/51xQ+iTvmzS._SL500_.jpg","width":500,"height":500},{"@type":"BreadcrumbList","@id":"https:\/\/marktxxl.de\/markt\/produkt\/kousei-falsche-wimpern-dramatisch-10-paar-wimpern-pack-flauschig-lange-weiche-dicke-verlaengerung-natuerliche-volumen-wiederverwendbare-handgefertigte-make-up-wimpern-kein-kleber\/#breadcrumb","itemListElement":[{"@type":"ListItem","position":1,"name":"Startseite","item":"https:\/\/marktxxl.de\/markt\/"},{"@type":"ListItem","position":2,"name":"Markt","item":"https:\/\/marktxxl.de\/markt\/"},{"@type":"ListItem","position":3,"name":"KOUSEI Falsche Wimpern Dramatisch 10 Paar Wimpern Pack Flauschig Lange Weiche Dicke Verl\u00e4ngerung Nat\u00fcrliche Volumen\u2026"}]},{"@type":"WebSite","@id":"https:\/\/marktxxl.de\/markt\/#website","url":"https:\/\/marktxxl.de\/markt\/","name":"Markt-XXL","description":"Ihr Markt Online","publisher":{"@id":"https:\/\/marktxxl.de\/markt\/#organization"},"potentialAction":[{"@type":"SearchAction","target":{"@type":"EntryPoint","urlTemplate":"https:\/\/marktxxl.de\/markt\/?s={search_term_string}"},"query-input":{"@type":"PropertyValueSpecification","valueRequired":true,"valueName":"search_term_string"}}],"inLanguage":"de"},{"@type":"Organization","@id":"https:\/\/marktxxl.de\/markt\/#organization","name":"Markt-XXL","url":"https:\/\/marktxxl.de\/markt\/","logo":{"@type":"ImageObject","inLanguage":"de","@id":"https:\/\/marktxxl.de\/markt\/#\/schema\/logo\/image\/","url":"https:\/\/marktxxl.de\/markt\/wp-content\/uploads\/sites\/3\/2020\/12\/logo.png","contentUrl":"https:\/\/marktxxl.de\/markt\/wp-content\/uploads\/sites\/3\/2020\/12\/logo.png","width":200,"height":70,"caption":"Markt-XXL"},"image":{"@id":"https:\/\/marktxxl.de\/markt\/#\/schema\/logo\/image\/"}}]}},"_links":{"self":[{"href":"https:\/\/marktxxl.de\/markt\/wp-json\/wp\/v2\/product\/92604","targetHints":{"allow":["GET"]}}],"collection":[{"href":"https:\/\/marktxxl.de\/markt\/wp-json\/wp\/v2\/product"}],"about":[{"href":"https:\/\/marktxxl.de\/markt\/wp-json\/wp\/v2\/types\/product"}],"replies":[{"embeddable":true,"href":"https:\/\/marktxxl.de\/markt\/wp-json\/wp\/v2\/comments?post=92604"}],"wp:featuredmedia":[{"embeddable":true,"href":"https:\/\/marktxxl.de\/markt\/wp-json\/wp\/v2\/media\/92605"}],"wp:attachment":[{"href":"https:\/\/marktxxl.de\/markt\/wp-json\/wp\/v2\/media?parent=92604"}],"wp:term":[{"taxonomy":"product_brand","embeddable":true,"href":"https:\/\/marktxxl.de\/markt\/wp-json\/wp\/v2\/product_brand?post=92604"},{"taxonomy":"product_cat","embeddable":true,"href":"https:\/\/marktxxl.de\/markt\/wp-json\/wp\/v2\/product_cat?post=92604"},{"taxonomy":"product_tag","embeddable":true,"href":"https:\/\/marktxxl.de\/markt\/wp-json\/wp\/v2\/product_tag?post=92604"}],"curies":[{"name":"wp","href":"https:\/\/api.w.org\/{rel}","templated":true}]}}