{"id":92561,"date":"2021-12-28T21:04:23","date_gmt":"2021-12-28T20:04:23","guid":{"rendered":"https:\/\/marktxxl.de\/markt\/produkt\/niceneeded-nail-art-stamper-mit-schaber-transparenter-soft-clear-stamper-fuer-french-smile-line-tools-nail-art-stamping-stamper-fuer-manikuerewerkzeuge\/"},"modified":"2023-04-11T03:13:15","modified_gmt":"2023-04-11T01:13:15","slug":"niceneeded-nail-art-stamper-mit-schaber-transparenter-soft-clear-stamper-fuer-french-smile-line-tools-nail-art-stamping-stamper-fuer-manikuerewerkzeuge","status":"publish","type":"product","link":"https:\/\/marktxxl.de\/markt\/produkt\/niceneeded-nail-art-stamper-mit-schaber-transparenter-soft-clear-stamper-fuer-french-smile-line-tools-nail-art-stamping-stamper-fuer-manikuerewerkzeuge\/","title":{"rendered":"NICENEEDED Nagelkunst Stempel mit Schaben, Transparenter weicher klarer Stempel f\u00fcr French Smile Line Werkzeuge, Nail\u2026"},"content":{"rendered":"<p>\u2655[1PAKET ENTHALTEN]: Das Nailart-Schaber-Kit enth\u00e4lt 1 Nagelkunst-Stempel und [ Schaber.<br \/>\n\u2655[DIY FRENCH NAIL]: Nail Art Stamper, nicht nur ein Nail Art Stamper, kann aber auch als franz\u00f6sisches L\u00e4cheln-Linien-Schneidwerkzeug verwendet werden, um verschiedene franz\u00f6sische L\u00e4cheln-Linien herzustellen.<br \/>\n\u2655[SPEZIALSTEMPELPOLITUR WIRD EMPFOHLEN]: Der Nagelstempel kann zum \u00dcbertragen von Bildern verwendet werden, aber denken Sie daran, spezielle Stempelpolitur f\u00fcr eine bessere Wirkung zu verwenden. Es ist weder Gel noch normale Politur.<br \/>\n\u2655[UPGRADIERTE VERPACKUNG]: Die verbesserte Verpackung kann den Geleestempel gut sch\u00fctzen und Transportsch\u00e4den effektiv vermeiden.<br \/>\n\u2655[WARM NOTE]: Wenn Sie die Bilder nicht drucken konnten, Bitte waschen Sie den Stempel vor dem Gebrauch; Verwenden Sie sauberes Klebeband oder eine Fusselrolle, um Nagellack oder Schmutz zu entfernen. NICHT mit Aceton reinigen, Nagellackentferner, und Baumwolle.<br \/>\n<div class=\"main-cross-sell\" data-asin=\"B08K3FMPWW\">\n\n\t<div class=\"WooZone-cross-sell-loader\">\n\t\t<div>\n\t\t\t<div id=\"floatingBarsG\">\n\t\t\t\t<div class=\"blockG\" id=\"rotateG_01\"><\/div>\n\t\t\t\t<div class=\"blockG\" id=\"rotateG_02\"><\/div>\n\t\t\t\t<div class=\"blockG\" id=\"rotateG_03\"><\/div>\n\t\t\t\t<div class=\"blockG\" id=\"rotateG_04\"><\/div>\n\t\t\t\t<div class=\"blockG\" id=\"rotateG_05\"><\/div>\n\t\t\t\t<div class=\"blockG\" id=\"rotateG_06\"><\/div>\n\t\t\t\t<div class=\"blockG\" id=\"rotateG_07\"><\/div>\n\t\t\t\t<div class=\"blockG\" id=\"rotateG_08\"><\/div>\n\t\t\t<\/div>\n\t\t\t<div class=\"WooZone-cross-sell-loader-text\"><\/div>\n\t\t<\/div>\n\t<\/div>\n\n\t\t\n<\/div>\n<div style=\"clear:both;\"><\/div><\/p>\n","protected":false},"excerpt":{"rendered":"<p>\u2655[1PAKET ENTHALTEN]: Das Nailart-Schaber-Kit enth\u00e4lt 1 Nagelkunst-Stempel und [ Schaber.<br \/>\n\u2655[DIY FRENCH NAIL]: Nail Art Stamper, nicht nur ein Nail Art Stamper, kann aber auch als franz\u00f6sisches L\u00e4cheln-Linien-Schneidwerkzeug verwendet werden, um verschiedene franz\u00f6sische L\u00e4cheln-Linien herzustellen.<br \/>\n\u2655[SPEZIALSTEMPELPOLITUR WIRD EMPFOHLEN]: Der Nagelstempel kann zum \u00dcbertragen von Bildern verwendet werden, aber denken Sie daran, spezielle Stempelpolitur f\u00fcr eine bessere Wirkung zu verwenden. Es ist weder Gel noch normale Politur.<\/p>\n","protected":false},"featured_media":92562,"comment_status":"open","ping_status":"closed","template":"","meta":[],"product_brand":[],"product_cat":[2858,7659],"product_tag":[],"class_list":{"0":"post-92561","1":"product","2":"type-product","3":"status-publish","4":"has-post-thumbnail","6":"product_cat-beauty","7":"product_cat-manikuere-pedikuere","8":"pa_brand-niceneeded","9":"pa_color-stil-3","10":"pa_length-2-zentimeter","11":"pa_manufacturer-niceneeded","12":"pa_size-2-teiliges-set","13":"pa_weight-0-0440924524-pfund","15":"first","16":"instock","17":"shipping-taxable","18":"purchasable","19":"product-type-simple","20":"customify-col","21":"product-has-gallery"},"yoast_head":"<!-- This site is optimized with the Yoast SEO plugin v27.4 - https:\/\/yoast.com\/product\/yoast-seo-wordpress\/ -->\n<title>NICENEEDED Nagelkunst Stempel mit Schaben, Transparenter weicher klarer Stempel f\u00fcr French Smile Line Werkzeuge, Nail\u2026 - Markt-XXL<\/title>\n<meta name=\"description\" content=\"Markt-XXL NICENEEDED Nagelkunst Stempel mit Schaben, Transparenter weicher klarer Stempel f\u00fcr French Smile Line Werkzeuge, Nail\u2026\" \/>\n<meta name=\"robots\" content=\"index, follow, max-snippet:-1, max-image-preview:large, max-video-preview:-1\" \/>\n<link rel=\"canonical\" href=\"https:\/\/marktxxl.de\/markt\/produkt\/niceneeded-nail-art-stamper-mit-schaber-transparenter-soft-clear-stamper-fuer-french-smile-line-tools-nail-art-stamping-stamper-fuer-manikuerewerkzeuge\/\" \/>\n<meta property=\"og:locale\" content=\"de_DE\" \/>\n<meta property=\"og:type\" content=\"article\" \/>\n<meta property=\"og:title\" content=\"NICENEEDED Nagelkunst Stempel mit Schaben, Transparenter weicher klarer Stempel f\u00fcr French Smile Line Werkzeuge, Nail\u2026 - Markt-XXL\" \/>\n<meta property=\"og:description\" content=\"Markt-XXL NICENEEDED Nagelkunst Stempel mit Schaben, Transparenter weicher klarer Stempel f\u00fcr French Smile Line Werkzeuge, Nail\u2026\" \/>\n<meta property=\"og:url\" content=\"https:\/\/marktxxl.de\/markt\/produkt\/niceneeded-nail-art-stamper-mit-schaber-transparenter-soft-clear-stamper-fuer-french-smile-line-tools-nail-art-stamping-stamper-fuer-manikuerewerkzeuge\/\" \/>\n<meta property=\"og:site_name\" content=\"Markt-XXL\" \/>\n<meta property=\"article:modified_time\" content=\"2023-04-11T01:13:15+00:00\" \/>\n<meta property=\"og:image\" content=\"https:\/\/m.media-amazon.com\/images\/I\/41cxVad8BNL._SL500_.jpg\" \/>\n\t<meta property=\"og:image:width\" content=\"500\" \/>\n\t<meta property=\"og:image:height\" content=\"500\" \/>\n\t<meta property=\"og:image:type\" content=\"image\/jpeg\" \/>\n<meta name=\"twitter:card\" content=\"summary_large_image\" \/>\n<meta name=\"twitter:label1\" content=\"Gesch\u00e4tzte Lesezeit\" \/>\n\t<meta name=\"twitter:data1\" content=\"1\u00a0Minute\" \/>\n<script type=\"application\/ld+json\" class=\"yoast-schema-graph\">{\"@context\":\"https:\\\/\\\/schema.org\",\"@graph\":[{\"@type\":\"WebPage\",\"@id\":\"https:\\\/\\\/marktxxl.de\\\/markt\\\/produkt\\\/niceneeded-nail-art-stamper-mit-schaber-transparenter-soft-clear-stamper-fuer-french-smile-line-tools-nail-art-stamping-stamper-fuer-manikuerewerkzeuge\\\/\",\"url\":\"https:\\\/\\\/marktxxl.de\\\/markt\\\/produkt\\\/niceneeded-nail-art-stamper-mit-schaber-transparenter-soft-clear-stamper-fuer-french-smile-line-tools-nail-art-stamping-stamper-fuer-manikuerewerkzeuge\\\/\",\"name\":\"NICENEEDED Nagelkunst Stempel mit Schaben, Transparenter weicher klarer Stempel f\u00fcr French Smile Line Werkzeuge, Nail\u2026 - Markt-XXL\",\"isPartOf\":{\"@id\":\"https:\\\/\\\/marktxxl.de\\\/markt\\\/#website\"},\"primaryImageOfPage\":{\"@id\":\"https:\\\/\\\/marktxxl.de\\\/markt\\\/produkt\\\/niceneeded-nail-art-stamper-mit-schaber-transparenter-soft-clear-stamper-fuer-french-smile-line-tools-nail-art-stamping-stamper-fuer-manikuerewerkzeuge\\\/#primaryimage\"},\"image\":{\"@id\":\"https:\\\/\\\/marktxxl.de\\\/markt\\\/produkt\\\/niceneeded-nail-art-stamper-mit-schaber-transparenter-soft-clear-stamper-fuer-french-smile-line-tools-nail-art-stamping-stamper-fuer-manikuerewerkzeuge\\\/#primaryimage\"},\"thumbnailUrl\":\"https:\\\/\\\/m.media-amazon.com\\\/images\\\/I\\\/41cxVad8BNL._SL500_.jpg\",\"datePublished\":\"2021-12-28T20:04:23+00:00\",\"dateModified\":\"2023-04-11T01:13:15+00:00\",\"description\":\"Markt-XXL NICENEEDED Nagelkunst Stempel mit Schaben, Transparenter weicher klarer Stempel f\u00fcr French Smile Line Werkzeuge, Nail\u2026\",\"breadcrumb\":{\"@id\":\"https:\\\/\\\/marktxxl.de\\\/markt\\\/produkt\\\/niceneeded-nail-art-stamper-mit-schaber-transparenter-soft-clear-stamper-fuer-french-smile-line-tools-nail-art-stamping-stamper-fuer-manikuerewerkzeuge\\\/#breadcrumb\"},\"inLanguage\":\"de\",\"potentialAction\":[{\"@type\":\"ReadAction\",\"target\":[\"https:\\\/\\\/marktxxl.de\\\/markt\\\/produkt\\\/niceneeded-nail-art-stamper-mit-schaber-transparenter-soft-clear-stamper-fuer-french-smile-line-tools-nail-art-stamping-stamper-fuer-manikuerewerkzeuge\\\/\"]}]},{\"@type\":\"ImageObject\",\"inLanguage\":\"de\",\"@id\":\"https:\\\/\\\/marktxxl.de\\\/markt\\\/produkt\\\/niceneeded-nail-art-stamper-mit-schaber-transparenter-soft-clear-stamper-fuer-french-smile-line-tools-nail-art-stamping-stamper-fuer-manikuerewerkzeuge\\\/#primaryimage\",\"url\":\"https:\\\/\\\/m.media-amazon.com\\\/images\\\/I\\\/41cxVad8BNL._SL500_.jpg\",\"contentUrl\":\"https:\\\/\\\/m.media-amazon.com\\\/images\\\/I\\\/41cxVad8BNL._SL500_.jpg\",\"width\":500,\"height\":500},{\"@type\":\"BreadcrumbList\",\"@id\":\"https:\\\/\\\/marktxxl.de\\\/markt\\\/produkt\\\/niceneeded-nail-art-stamper-mit-schaber-transparenter-soft-clear-stamper-fuer-french-smile-line-tools-nail-art-stamping-stamper-fuer-manikuerewerkzeuge\\\/#breadcrumb\",\"itemListElement\":[{\"@type\":\"ListItem\",\"position\":1,\"name\":\"Startseite\",\"item\":\"https:\\\/\\\/marktxxl.de\\\/markt\\\/\"},{\"@type\":\"ListItem\",\"position\":2,\"name\":\"Markt\",\"item\":\"https:\\\/\\\/marktxxl.de\\\/markt\\\/\"},{\"@type\":\"ListItem\",\"position\":3,\"name\":\"NICENEEDED Nagelkunst Stempel mit Schaben, Transparenter weicher klarer Stempel f\u00fcr French Smile Line Werkzeuge, Nail\u2026\"}]},{\"@type\":\"WebSite\",\"@id\":\"https:\\\/\\\/marktxxl.de\\\/markt\\\/#website\",\"url\":\"https:\\\/\\\/marktxxl.de\\\/markt\\\/\",\"name\":\"Markt-XXL\",\"description\":\"Ihr Markt Online\",\"publisher\":{\"@id\":\"https:\\\/\\\/marktxxl.de\\\/markt\\\/#organization\"},\"potentialAction\":[{\"@type\":\"SearchAction\",\"target\":{\"@type\":\"EntryPoint\",\"urlTemplate\":\"https:\\\/\\\/marktxxl.de\\\/markt\\\/?s={search_term_string}\"},\"query-input\":{\"@type\":\"PropertyValueSpecification\",\"valueRequired\":true,\"valueName\":\"search_term_string\"}}],\"inLanguage\":\"de\"},{\"@type\":\"Organization\",\"@id\":\"https:\\\/\\\/marktxxl.de\\\/markt\\\/#organization\",\"name\":\"Markt-XXL\",\"url\":\"https:\\\/\\\/marktxxl.de\\\/markt\\\/\",\"logo\":{\"@type\":\"ImageObject\",\"inLanguage\":\"de\",\"@id\":\"https:\\\/\\\/marktxxl.de\\\/markt\\\/#\\\/schema\\\/logo\\\/image\\\/\",\"url\":\"https:\\\/\\\/marktxxl.de\\\/markt\\\/wp-content\\\/uploads\\\/sites\\\/3\\\/2020\\\/12\\\/logo.png\",\"contentUrl\":\"https:\\\/\\\/marktxxl.de\\\/markt\\\/wp-content\\\/uploads\\\/sites\\\/3\\\/2020\\\/12\\\/logo.png\",\"width\":200,\"height\":70,\"caption\":\"Markt-XXL\"},\"image\":{\"@id\":\"https:\\\/\\\/marktxxl.de\\\/markt\\\/#\\\/schema\\\/logo\\\/image\\\/\"}}]}<\/script>\n<!-- \/ Yoast SEO plugin. -->","yoast_head_json":{"title":"NICENEEDED Nagelkunst Stempel mit Schaben, Transparenter weicher klarer Stempel f\u00fcr French Smile Line Werkzeuge, Nail\u2026 - Markt-XXL","description":"Markt-XXL NICENEEDED Nagelkunst Stempel mit Schaben, Transparenter weicher klarer Stempel f\u00fcr French Smile Line Werkzeuge, Nail\u2026","robots":{"index":"index","follow":"follow","max-snippet":"max-snippet:-1","max-image-preview":"max-image-preview:large","max-video-preview":"max-video-preview:-1"},"canonical":"https:\/\/marktxxl.de\/markt\/produkt\/niceneeded-nail-art-stamper-mit-schaber-transparenter-soft-clear-stamper-fuer-french-smile-line-tools-nail-art-stamping-stamper-fuer-manikuerewerkzeuge\/","og_locale":"de_DE","og_type":"article","og_title":"NICENEEDED Nagelkunst Stempel mit Schaben, Transparenter weicher klarer Stempel f\u00fcr French Smile Line Werkzeuge, Nail\u2026 - Markt-XXL","og_description":"Markt-XXL NICENEEDED Nagelkunst Stempel mit Schaben, Transparenter weicher klarer Stempel f\u00fcr French Smile Line Werkzeuge, Nail\u2026","og_url":"https:\/\/marktxxl.de\/markt\/produkt\/niceneeded-nail-art-stamper-mit-schaber-transparenter-soft-clear-stamper-fuer-french-smile-line-tools-nail-art-stamping-stamper-fuer-manikuerewerkzeuge\/","og_site_name":"Markt-XXL","article_modified_time":"2023-04-11T01:13:15+00:00","og_image":[{"width":500,"height":500,"url":"https:\/\/m.media-amazon.com\/images\/I\/41cxVad8BNL._SL500_.jpg","type":"image\/jpeg"}],"twitter_card":"summary_large_image","twitter_misc":{"Gesch\u00e4tzte Lesezeit":"1\u00a0Minute"},"schema":{"@context":"https:\/\/schema.org","@graph":[{"@type":"WebPage","@id":"https:\/\/marktxxl.de\/markt\/produkt\/niceneeded-nail-art-stamper-mit-schaber-transparenter-soft-clear-stamper-fuer-french-smile-line-tools-nail-art-stamping-stamper-fuer-manikuerewerkzeuge\/","url":"https:\/\/marktxxl.de\/markt\/produkt\/niceneeded-nail-art-stamper-mit-schaber-transparenter-soft-clear-stamper-fuer-french-smile-line-tools-nail-art-stamping-stamper-fuer-manikuerewerkzeuge\/","name":"NICENEEDED Nagelkunst Stempel mit Schaben, Transparenter weicher klarer Stempel f\u00fcr French Smile Line Werkzeuge, Nail\u2026 - Markt-XXL","isPartOf":{"@id":"https:\/\/marktxxl.de\/markt\/#website"},"primaryImageOfPage":{"@id":"https:\/\/marktxxl.de\/markt\/produkt\/niceneeded-nail-art-stamper-mit-schaber-transparenter-soft-clear-stamper-fuer-french-smile-line-tools-nail-art-stamping-stamper-fuer-manikuerewerkzeuge\/#primaryimage"},"image":{"@id":"https:\/\/marktxxl.de\/markt\/produkt\/niceneeded-nail-art-stamper-mit-schaber-transparenter-soft-clear-stamper-fuer-french-smile-line-tools-nail-art-stamping-stamper-fuer-manikuerewerkzeuge\/#primaryimage"},"thumbnailUrl":"https:\/\/m.media-amazon.com\/images\/I\/41cxVad8BNL._SL500_.jpg","datePublished":"2021-12-28T20:04:23+00:00","dateModified":"2023-04-11T01:13:15+00:00","description":"Markt-XXL NICENEEDED Nagelkunst Stempel mit Schaben, Transparenter weicher klarer Stempel f\u00fcr French Smile Line Werkzeuge, Nail\u2026","breadcrumb":{"@id":"https:\/\/marktxxl.de\/markt\/produkt\/niceneeded-nail-art-stamper-mit-schaber-transparenter-soft-clear-stamper-fuer-french-smile-line-tools-nail-art-stamping-stamper-fuer-manikuerewerkzeuge\/#breadcrumb"},"inLanguage":"de","potentialAction":[{"@type":"ReadAction","target":["https:\/\/marktxxl.de\/markt\/produkt\/niceneeded-nail-art-stamper-mit-schaber-transparenter-soft-clear-stamper-fuer-french-smile-line-tools-nail-art-stamping-stamper-fuer-manikuerewerkzeuge\/"]}]},{"@type":"ImageObject","inLanguage":"de","@id":"https:\/\/marktxxl.de\/markt\/produkt\/niceneeded-nail-art-stamper-mit-schaber-transparenter-soft-clear-stamper-fuer-french-smile-line-tools-nail-art-stamping-stamper-fuer-manikuerewerkzeuge\/#primaryimage","url":"https:\/\/m.media-amazon.com\/images\/I\/41cxVad8BNL._SL500_.jpg","contentUrl":"https:\/\/m.media-amazon.com\/images\/I\/41cxVad8BNL._SL500_.jpg","width":500,"height":500},{"@type":"BreadcrumbList","@id":"https:\/\/marktxxl.de\/markt\/produkt\/niceneeded-nail-art-stamper-mit-schaber-transparenter-soft-clear-stamper-fuer-french-smile-line-tools-nail-art-stamping-stamper-fuer-manikuerewerkzeuge\/#breadcrumb","itemListElement":[{"@type":"ListItem","position":1,"name":"Startseite","item":"https:\/\/marktxxl.de\/markt\/"},{"@type":"ListItem","position":2,"name":"Markt","item":"https:\/\/marktxxl.de\/markt\/"},{"@type":"ListItem","position":3,"name":"NICENEEDED Nagelkunst Stempel mit Schaben, Transparenter weicher klarer Stempel f\u00fcr French Smile Line Werkzeuge, Nail\u2026"}]},{"@type":"WebSite","@id":"https:\/\/marktxxl.de\/markt\/#website","url":"https:\/\/marktxxl.de\/markt\/","name":"Markt-XXL","description":"Ihr Markt Online","publisher":{"@id":"https:\/\/marktxxl.de\/markt\/#organization"},"potentialAction":[{"@type":"SearchAction","target":{"@type":"EntryPoint","urlTemplate":"https:\/\/marktxxl.de\/markt\/?s={search_term_string}"},"query-input":{"@type":"PropertyValueSpecification","valueRequired":true,"valueName":"search_term_string"}}],"inLanguage":"de"},{"@type":"Organization","@id":"https:\/\/marktxxl.de\/markt\/#organization","name":"Markt-XXL","url":"https:\/\/marktxxl.de\/markt\/","logo":{"@type":"ImageObject","inLanguage":"de","@id":"https:\/\/marktxxl.de\/markt\/#\/schema\/logo\/image\/","url":"https:\/\/marktxxl.de\/markt\/wp-content\/uploads\/sites\/3\/2020\/12\/logo.png","contentUrl":"https:\/\/marktxxl.de\/markt\/wp-content\/uploads\/sites\/3\/2020\/12\/logo.png","width":200,"height":70,"caption":"Markt-XXL"},"image":{"@id":"https:\/\/marktxxl.de\/markt\/#\/schema\/logo\/image\/"}}]}},"_links":{"self":[{"href":"https:\/\/marktxxl.de\/markt\/wp-json\/wp\/v2\/product\/92561","targetHints":{"allow":["GET"]}}],"collection":[{"href":"https:\/\/marktxxl.de\/markt\/wp-json\/wp\/v2\/product"}],"about":[{"href":"https:\/\/marktxxl.de\/markt\/wp-json\/wp\/v2\/types\/product"}],"replies":[{"embeddable":true,"href":"https:\/\/marktxxl.de\/markt\/wp-json\/wp\/v2\/comments?post=92561"}],"wp:featuredmedia":[{"embeddable":true,"href":"https:\/\/marktxxl.de\/markt\/wp-json\/wp\/v2\/media\/92562"}],"wp:attachment":[{"href":"https:\/\/marktxxl.de\/markt\/wp-json\/wp\/v2\/media?parent=92561"}],"wp:term":[{"taxonomy":"product_brand","embeddable":true,"href":"https:\/\/marktxxl.de\/markt\/wp-json\/wp\/v2\/product_brand?post=92561"},{"taxonomy":"product_cat","embeddable":true,"href":"https:\/\/marktxxl.de\/markt\/wp-json\/wp\/v2\/product_cat?post=92561"},{"taxonomy":"product_tag","embeddable":true,"href":"https:\/\/marktxxl.de\/markt\/wp-json\/wp\/v2\/product_tag?post=92561"}],"curies":[{"name":"wp","href":"https:\/\/api.w.org\/{rel}","templated":true}]}}