{"id":92509,"date":"2021-12-28T21:01:04","date_gmt":"2021-12-28T20:01:04","guid":{"rendered":"https:\/\/marktxxl.de\/markt\/produkt\/nagelknipser-gross-fuer-fingernaegel-und-fussnaegel-nail-clipper-2-stuecke-fingernagel-knipser-aus-premium-edelstahl-manikuere-fussnagelknipser\/"},"modified":"2023-04-11T03:13:14","modified_gmt":"2023-04-11T01:13:14","slug":"nagelknipser-gross-fuer-fingernaegel-und-fussnaegel-nail-clipper-2-stuecke-fingernagel-knipser-aus-premium-edelstahl-manikuere-fussnagelknipser","status":"publish","type":"product","link":"https:\/\/marktxxl.de\/markt\/produkt\/nagelknipser-gross-fuer-fingernaegel-und-fussnaegel-nail-clipper-2-stuecke-fingernagel-knipser-aus-premium-edelstahl-manikuere-fussnagelknipser\/","title":{"rendered":"Nagelknipser Gro\u00df F\u00fcr Fingern\u00e4gel Und Fu\u00dfn\u00e4gel &#8211; Nail Clipper 2 St\u00fccke Fingernagel Knipser Aus Premium Edelstahl\u2026"},"content":{"rendered":"<p>\u3010Leicht zu schneidende N\u00e4gel\u3011 Die Nagelknipser mit Edelstahlklinge ist scharf und die N\u00e4gel spritzen nicht. Mit polierter Oberfl\u00e4che lassen sich die N\u00e4gel besser versch\u00f6nern.<br \/>\n\u3010Geeignet f\u00fcr verschiedene N\u00e4gel\u3011Dieses Nagelknipser-Set kann problemlos zwei Gr\u00f6\u00dfen (7,5 * 1,5 cm (gro\u00df) 6,5 * 1,2 cm (klein)) von Finger- und Fu\u00dfn\u00e4geln verarbeiten. Der 2-teilige Nageltrimmer kann alle N\u00e4gel sauber k\u00fcrzen und h\u00e4lt Finger- und Fu\u00dfn\u00e4gel sauber und ordentlich.<br \/>\n\u3010[Einfach zu bedienen und m\u00fchelos\u3011 Dieses Nagelknipser-Set verf\u00fcgt \u00fcber ein ergonomisches Design und eine rutschfeste Griffoberfl\u00e4che, die fest in der Hand gehalten werden kann. Es kann von M\u00e4nnern, Frauen, Senioren und Kindern verwendet werden und ist sehr gut f\u00fcr den t\u00e4glichen Gebrauch geeignet.<br \/>\n\u3010Saubere N\u00e4gel ausschneiden\u3011Nagelknipser bieten besseren Halt und schneiden effektiv dicke und harte Finger- und Fu\u00dfn\u00e4gel. Am Griff jedes Nagelknipsers befindet sich eine Nagelfeile, die das Sch\u00e4rfen der N\u00e4gel erleichtert.<br \/>\n\u3010Leicht zu reinigen\u3011Das Edelstahlmaterial kann vor und nach dem Gebrauch mit Wasser gereinigt werden.Es ist langlebig, leicht und tragbar.Es ist ein unverzichtbares Nagelpflegewerkzeug f\u00fcr Familie, Gesch\u00e4ftsreisen und Reisen.<br \/>\n<div class=\"main-cross-sell\" data-asin=\"B01N4PKJPS\">\n\n\t<div class=\"WooZone-cross-sell-loader\">\n\t\t<div>\n\t\t\t<div id=\"floatingBarsG\">\n\t\t\t\t<div class=\"blockG\" id=\"rotateG_01\"><\/div>\n\t\t\t\t<div class=\"blockG\" id=\"rotateG_02\"><\/div>\n\t\t\t\t<div class=\"blockG\" id=\"rotateG_03\"><\/div>\n\t\t\t\t<div class=\"blockG\" id=\"rotateG_04\"><\/div>\n\t\t\t\t<div class=\"blockG\" id=\"rotateG_05\"><\/div>\n\t\t\t\t<div class=\"blockG\" id=\"rotateG_06\"><\/div>\n\t\t\t\t<div class=\"blockG\" id=\"rotateG_07\"><\/div>\n\t\t\t\t<div class=\"blockG\" id=\"rotateG_08\"><\/div>\n\t\t\t<\/div>\n\t\t\t<div class=\"WooZone-cross-sell-loader-text\"><\/div>\n\t\t<\/div>\n\t<\/div>\n\n\t\t\n<\/div>\n<div style=\"clear:both;\"><\/div><\/p>\n","protected":false},"excerpt":{"rendered":"<p>\u3010Leicht zu schneidende N\u00e4gel\u3011 Die Nagelknipser mit Edelstahlklinge ist scharf und die N\u00e4gel spritzen nicht. Mit polierter Oberfl\u00e4che lassen sich die N\u00e4gel besser versch\u00f6nern.<br \/>\n\u3010Geeignet f\u00fcr verschiedene N\u00e4gel\u3011Dieses Nagelknipser-Set kann problemlos zwei Gr\u00f6\u00dfen (7,5 * 1,5 cm (gro\u00df) 6,5 * 1,2 cm (klein)) von Finger- und Fu\u00dfn\u00e4geln verarbeiten. Der 2-teilige Nageltrimmer kann alle N\u00e4gel sauber k\u00fcrzen und h\u00e4lt Finger- und Fu\u00dfn\u00e4gel sauber und ordentlich.<br \/>\n\u3010[Einfach zu bedienen und m\u00fchelos\u3011 Dieses Nagelknipser-Set verf\u00fcgt \u00fcber ein ergonomisches Design und eine rutschfeste Griffoberfl\u00e4che, die fest in der Hand gehalten werden kann. Es kann von M\u00e4nnern, Frauen, Senioren und Kindern verwendet werden und ist sehr gut f\u00fcr den t\u00e4glichen Gebrauch geeignet.<\/p>\n","protected":false},"featured_media":92510,"comment_status":"open","ping_status":"closed","template":"","meta":[],"product_brand":[],"product_cat":[2858,7659],"product_tag":[],"class_list":{"0":"post-92509","1":"product","2":"type-product","3":"status-publish","4":"has-post-thumbnail","6":"product_cat-beauty","7":"product_cat-manikuere-pedikuere","8":"pa_binding-badartikel","9":"pa_brand-bestope-pro","10":"pa_brand-busch-jaeger-3","11":"pa_height-0-8267716527-zoll","12":"pa_languages-unbekannt-italienisch","13":"pa_length-3-3464566895-zoll","14":"pa_manufacturer-bestope","15":"pa_model-hz067","16":"pa_size-2-count-pack-of-1","17":"pa_weight-89-gramm","18":"pa_width-2-362204722-zoll","20":"first","21":"instock","22":"shipping-taxable","23":"purchasable","24":"product-type-simple","25":"customify-col","26":"product-has-gallery"},"yoast_head":"<!-- This site is optimized with the Yoast SEO plugin v27.4 - https:\/\/yoast.com\/product\/yoast-seo-wordpress\/ -->\n<title>Nagelknipser Gro\u00df F\u00fcr Fingern\u00e4gel Und Fu\u00dfn\u00e4gel - Nail Clipper 2 St\u00fccke Fingernagel Knipser Aus Premium Edelstahl\u2026 - Markt-XXL<\/title>\n<meta name=\"description\" content=\"Markt-XXL Nagelknipser Gro\u00df F\u00fcr Fingern\u00e4gel Und Fu\u00dfn\u00e4gel - Nail Clipper 2 St\u00fccke Fingernagel Knipser Aus Premium Edelstahl\u2026\" \/>\n<meta name=\"robots\" content=\"index, follow, max-snippet:-1, max-image-preview:large, max-video-preview:-1\" \/>\n<link rel=\"canonical\" href=\"https:\/\/marktxxl.de\/markt\/produkt\/nagelknipser-gross-fuer-fingernaegel-und-fussnaegel-nail-clipper-2-stuecke-fingernagel-knipser-aus-premium-edelstahl-manikuere-fussnagelknipser\/\" \/>\n<meta property=\"og:locale\" content=\"de_DE\" \/>\n<meta property=\"og:type\" content=\"article\" \/>\n<meta property=\"og:title\" content=\"Nagelknipser Gro\u00df F\u00fcr Fingern\u00e4gel Und Fu\u00dfn\u00e4gel - Nail Clipper 2 St\u00fccke Fingernagel Knipser Aus Premium Edelstahl\u2026 - Markt-XXL\" \/>\n<meta property=\"og:description\" content=\"Markt-XXL Nagelknipser Gro\u00df F\u00fcr Fingern\u00e4gel Und Fu\u00dfn\u00e4gel - Nail Clipper 2 St\u00fccke Fingernagel Knipser Aus Premium Edelstahl\u2026\" \/>\n<meta property=\"og:url\" content=\"https:\/\/marktxxl.de\/markt\/produkt\/nagelknipser-gross-fuer-fingernaegel-und-fussnaegel-nail-clipper-2-stuecke-fingernagel-knipser-aus-premium-edelstahl-manikuere-fussnagelknipser\/\" \/>\n<meta property=\"og:site_name\" content=\"Markt-XXL\" \/>\n<meta property=\"article:modified_time\" content=\"2023-04-11T01:13:14+00:00\" \/>\n<meta property=\"og:image\" content=\"https:\/\/m.media-amazon.com\/images\/I\/517b9-rT6jL._SL500_.jpg\" \/>\n\t<meta property=\"og:image:width\" content=\"500\" \/>\n\t<meta property=\"og:image:height\" content=\"500\" \/>\n\t<meta property=\"og:image:type\" content=\"image\/jpeg\" \/>\n<meta name=\"twitter:card\" content=\"summary_large_image\" \/>\n<meta name=\"twitter:label1\" content=\"Gesch\u00e4tzte Lesezeit\" \/>\n\t<meta name=\"twitter:data1\" content=\"1\u00a0Minute\" \/>\n<script type=\"application\/ld+json\" class=\"yoast-schema-graph\">{\"@context\":\"https:\\\/\\\/schema.org\",\"@graph\":[{\"@type\":\"WebPage\",\"@id\":\"https:\\\/\\\/marktxxl.de\\\/markt\\\/produkt\\\/nagelknipser-gross-fuer-fingernaegel-und-fussnaegel-nail-clipper-2-stuecke-fingernagel-knipser-aus-premium-edelstahl-manikuere-fussnagelknipser\\\/\",\"url\":\"https:\\\/\\\/marktxxl.de\\\/markt\\\/produkt\\\/nagelknipser-gross-fuer-fingernaegel-und-fussnaegel-nail-clipper-2-stuecke-fingernagel-knipser-aus-premium-edelstahl-manikuere-fussnagelknipser\\\/\",\"name\":\"Nagelknipser Gro\u00df F\u00fcr Fingern\u00e4gel Und Fu\u00dfn\u00e4gel - Nail Clipper 2 St\u00fccke Fingernagel Knipser Aus Premium Edelstahl\u2026 - Markt-XXL\",\"isPartOf\":{\"@id\":\"https:\\\/\\\/marktxxl.de\\\/markt\\\/#website\"},\"primaryImageOfPage\":{\"@id\":\"https:\\\/\\\/marktxxl.de\\\/markt\\\/produkt\\\/nagelknipser-gross-fuer-fingernaegel-und-fussnaegel-nail-clipper-2-stuecke-fingernagel-knipser-aus-premium-edelstahl-manikuere-fussnagelknipser\\\/#primaryimage\"},\"image\":{\"@id\":\"https:\\\/\\\/marktxxl.de\\\/markt\\\/produkt\\\/nagelknipser-gross-fuer-fingernaegel-und-fussnaegel-nail-clipper-2-stuecke-fingernagel-knipser-aus-premium-edelstahl-manikuere-fussnagelknipser\\\/#primaryimage\"},\"thumbnailUrl\":\"https:\\\/\\\/m.media-amazon.com\\\/images\\\/I\\\/517b9-rT6jL._SL500_.jpg\",\"datePublished\":\"2021-12-28T20:01:04+00:00\",\"dateModified\":\"2023-04-11T01:13:14+00:00\",\"description\":\"Markt-XXL Nagelknipser Gro\u00df F\u00fcr Fingern\u00e4gel Und Fu\u00dfn\u00e4gel - Nail Clipper 2 St\u00fccke Fingernagel Knipser Aus Premium Edelstahl\u2026\",\"breadcrumb\":{\"@id\":\"https:\\\/\\\/marktxxl.de\\\/markt\\\/produkt\\\/nagelknipser-gross-fuer-fingernaegel-und-fussnaegel-nail-clipper-2-stuecke-fingernagel-knipser-aus-premium-edelstahl-manikuere-fussnagelknipser\\\/#breadcrumb\"},\"inLanguage\":\"de\",\"potentialAction\":[{\"@type\":\"ReadAction\",\"target\":[\"https:\\\/\\\/marktxxl.de\\\/markt\\\/produkt\\\/nagelknipser-gross-fuer-fingernaegel-und-fussnaegel-nail-clipper-2-stuecke-fingernagel-knipser-aus-premium-edelstahl-manikuere-fussnagelknipser\\\/\"]}]},{\"@type\":\"ImageObject\",\"inLanguage\":\"de\",\"@id\":\"https:\\\/\\\/marktxxl.de\\\/markt\\\/produkt\\\/nagelknipser-gross-fuer-fingernaegel-und-fussnaegel-nail-clipper-2-stuecke-fingernagel-knipser-aus-premium-edelstahl-manikuere-fussnagelknipser\\\/#primaryimage\",\"url\":\"https:\\\/\\\/m.media-amazon.com\\\/images\\\/I\\\/517b9-rT6jL._SL500_.jpg\",\"contentUrl\":\"https:\\\/\\\/m.media-amazon.com\\\/images\\\/I\\\/517b9-rT6jL._SL500_.jpg\",\"width\":500,\"height\":500},{\"@type\":\"BreadcrumbList\",\"@id\":\"https:\\\/\\\/marktxxl.de\\\/markt\\\/produkt\\\/nagelknipser-gross-fuer-fingernaegel-und-fussnaegel-nail-clipper-2-stuecke-fingernagel-knipser-aus-premium-edelstahl-manikuere-fussnagelknipser\\\/#breadcrumb\",\"itemListElement\":[{\"@type\":\"ListItem\",\"position\":1,\"name\":\"Startseite\",\"item\":\"https:\\\/\\\/marktxxl.de\\\/markt\\\/\"},{\"@type\":\"ListItem\",\"position\":2,\"name\":\"Markt\",\"item\":\"https:\\\/\\\/marktxxl.de\\\/markt\\\/\"},{\"@type\":\"ListItem\",\"position\":3,\"name\":\"Nagelknipser Gro\u00df F\u00fcr Fingern\u00e4gel Und Fu\u00dfn\u00e4gel &#8211; Nail Clipper 2 St\u00fccke Fingernagel Knipser Aus Premium Edelstahl\u2026\"}]},{\"@type\":\"WebSite\",\"@id\":\"https:\\\/\\\/marktxxl.de\\\/markt\\\/#website\",\"url\":\"https:\\\/\\\/marktxxl.de\\\/markt\\\/\",\"name\":\"Markt-XXL\",\"description\":\"Ihr Markt Online\",\"publisher\":{\"@id\":\"https:\\\/\\\/marktxxl.de\\\/markt\\\/#organization\"},\"potentialAction\":[{\"@type\":\"SearchAction\",\"target\":{\"@type\":\"EntryPoint\",\"urlTemplate\":\"https:\\\/\\\/marktxxl.de\\\/markt\\\/?s={search_term_string}\"},\"query-input\":{\"@type\":\"PropertyValueSpecification\",\"valueRequired\":true,\"valueName\":\"search_term_string\"}}],\"inLanguage\":\"de\"},{\"@type\":\"Organization\",\"@id\":\"https:\\\/\\\/marktxxl.de\\\/markt\\\/#organization\",\"name\":\"Markt-XXL\",\"url\":\"https:\\\/\\\/marktxxl.de\\\/markt\\\/\",\"logo\":{\"@type\":\"ImageObject\",\"inLanguage\":\"de\",\"@id\":\"https:\\\/\\\/marktxxl.de\\\/markt\\\/#\\\/schema\\\/logo\\\/image\\\/\",\"url\":\"https:\\\/\\\/marktxxl.de\\\/markt\\\/wp-content\\\/uploads\\\/sites\\\/3\\\/2020\\\/12\\\/logo.png\",\"contentUrl\":\"https:\\\/\\\/marktxxl.de\\\/markt\\\/wp-content\\\/uploads\\\/sites\\\/3\\\/2020\\\/12\\\/logo.png\",\"width\":200,\"height\":70,\"caption\":\"Markt-XXL\"},\"image\":{\"@id\":\"https:\\\/\\\/marktxxl.de\\\/markt\\\/#\\\/schema\\\/logo\\\/image\\\/\"}}]}<\/script>\n<!-- \/ Yoast SEO plugin. -->","yoast_head_json":{"title":"Nagelknipser Gro\u00df F\u00fcr Fingern\u00e4gel Und Fu\u00dfn\u00e4gel - Nail Clipper 2 St\u00fccke Fingernagel Knipser Aus Premium Edelstahl\u2026 - Markt-XXL","description":"Markt-XXL Nagelknipser Gro\u00df F\u00fcr Fingern\u00e4gel Und Fu\u00dfn\u00e4gel - Nail Clipper 2 St\u00fccke Fingernagel Knipser Aus Premium Edelstahl\u2026","robots":{"index":"index","follow":"follow","max-snippet":"max-snippet:-1","max-image-preview":"max-image-preview:large","max-video-preview":"max-video-preview:-1"},"canonical":"https:\/\/marktxxl.de\/markt\/produkt\/nagelknipser-gross-fuer-fingernaegel-und-fussnaegel-nail-clipper-2-stuecke-fingernagel-knipser-aus-premium-edelstahl-manikuere-fussnagelknipser\/","og_locale":"de_DE","og_type":"article","og_title":"Nagelknipser Gro\u00df F\u00fcr Fingern\u00e4gel Und Fu\u00dfn\u00e4gel - Nail Clipper 2 St\u00fccke Fingernagel Knipser Aus Premium Edelstahl\u2026 - Markt-XXL","og_description":"Markt-XXL Nagelknipser Gro\u00df F\u00fcr Fingern\u00e4gel Und Fu\u00dfn\u00e4gel - Nail Clipper 2 St\u00fccke Fingernagel Knipser Aus Premium Edelstahl\u2026","og_url":"https:\/\/marktxxl.de\/markt\/produkt\/nagelknipser-gross-fuer-fingernaegel-und-fussnaegel-nail-clipper-2-stuecke-fingernagel-knipser-aus-premium-edelstahl-manikuere-fussnagelknipser\/","og_site_name":"Markt-XXL","article_modified_time":"2023-04-11T01:13:14+00:00","og_image":[{"width":500,"height":500,"url":"https:\/\/m.media-amazon.com\/images\/I\/517b9-rT6jL._SL500_.jpg","type":"image\/jpeg"}],"twitter_card":"summary_large_image","twitter_misc":{"Gesch\u00e4tzte Lesezeit":"1\u00a0Minute"},"schema":{"@context":"https:\/\/schema.org","@graph":[{"@type":"WebPage","@id":"https:\/\/marktxxl.de\/markt\/produkt\/nagelknipser-gross-fuer-fingernaegel-und-fussnaegel-nail-clipper-2-stuecke-fingernagel-knipser-aus-premium-edelstahl-manikuere-fussnagelknipser\/","url":"https:\/\/marktxxl.de\/markt\/produkt\/nagelknipser-gross-fuer-fingernaegel-und-fussnaegel-nail-clipper-2-stuecke-fingernagel-knipser-aus-premium-edelstahl-manikuere-fussnagelknipser\/","name":"Nagelknipser Gro\u00df F\u00fcr Fingern\u00e4gel Und Fu\u00dfn\u00e4gel - Nail Clipper 2 St\u00fccke Fingernagel Knipser Aus Premium Edelstahl\u2026 - Markt-XXL","isPartOf":{"@id":"https:\/\/marktxxl.de\/markt\/#website"},"primaryImageOfPage":{"@id":"https:\/\/marktxxl.de\/markt\/produkt\/nagelknipser-gross-fuer-fingernaegel-und-fussnaegel-nail-clipper-2-stuecke-fingernagel-knipser-aus-premium-edelstahl-manikuere-fussnagelknipser\/#primaryimage"},"image":{"@id":"https:\/\/marktxxl.de\/markt\/produkt\/nagelknipser-gross-fuer-fingernaegel-und-fussnaegel-nail-clipper-2-stuecke-fingernagel-knipser-aus-premium-edelstahl-manikuere-fussnagelknipser\/#primaryimage"},"thumbnailUrl":"https:\/\/m.media-amazon.com\/images\/I\/517b9-rT6jL._SL500_.jpg","datePublished":"2021-12-28T20:01:04+00:00","dateModified":"2023-04-11T01:13:14+00:00","description":"Markt-XXL Nagelknipser Gro\u00df F\u00fcr Fingern\u00e4gel Und Fu\u00dfn\u00e4gel - Nail Clipper 2 St\u00fccke Fingernagel Knipser Aus Premium Edelstahl\u2026","breadcrumb":{"@id":"https:\/\/marktxxl.de\/markt\/produkt\/nagelknipser-gross-fuer-fingernaegel-und-fussnaegel-nail-clipper-2-stuecke-fingernagel-knipser-aus-premium-edelstahl-manikuere-fussnagelknipser\/#breadcrumb"},"inLanguage":"de","potentialAction":[{"@type":"ReadAction","target":["https:\/\/marktxxl.de\/markt\/produkt\/nagelknipser-gross-fuer-fingernaegel-und-fussnaegel-nail-clipper-2-stuecke-fingernagel-knipser-aus-premium-edelstahl-manikuere-fussnagelknipser\/"]}]},{"@type":"ImageObject","inLanguage":"de","@id":"https:\/\/marktxxl.de\/markt\/produkt\/nagelknipser-gross-fuer-fingernaegel-und-fussnaegel-nail-clipper-2-stuecke-fingernagel-knipser-aus-premium-edelstahl-manikuere-fussnagelknipser\/#primaryimage","url":"https:\/\/m.media-amazon.com\/images\/I\/517b9-rT6jL._SL500_.jpg","contentUrl":"https:\/\/m.media-amazon.com\/images\/I\/517b9-rT6jL._SL500_.jpg","width":500,"height":500},{"@type":"BreadcrumbList","@id":"https:\/\/marktxxl.de\/markt\/produkt\/nagelknipser-gross-fuer-fingernaegel-und-fussnaegel-nail-clipper-2-stuecke-fingernagel-knipser-aus-premium-edelstahl-manikuere-fussnagelknipser\/#breadcrumb","itemListElement":[{"@type":"ListItem","position":1,"name":"Startseite","item":"https:\/\/marktxxl.de\/markt\/"},{"@type":"ListItem","position":2,"name":"Markt","item":"https:\/\/marktxxl.de\/markt\/"},{"@type":"ListItem","position":3,"name":"Nagelknipser Gro\u00df F\u00fcr Fingern\u00e4gel Und Fu\u00dfn\u00e4gel &#8211; Nail Clipper 2 St\u00fccke Fingernagel Knipser Aus Premium Edelstahl\u2026"}]},{"@type":"WebSite","@id":"https:\/\/marktxxl.de\/markt\/#website","url":"https:\/\/marktxxl.de\/markt\/","name":"Markt-XXL","description":"Ihr Markt Online","publisher":{"@id":"https:\/\/marktxxl.de\/markt\/#organization"},"potentialAction":[{"@type":"SearchAction","target":{"@type":"EntryPoint","urlTemplate":"https:\/\/marktxxl.de\/markt\/?s={search_term_string}"},"query-input":{"@type":"PropertyValueSpecification","valueRequired":true,"valueName":"search_term_string"}}],"inLanguage":"de"},{"@type":"Organization","@id":"https:\/\/marktxxl.de\/markt\/#organization","name":"Markt-XXL","url":"https:\/\/marktxxl.de\/markt\/","logo":{"@type":"ImageObject","inLanguage":"de","@id":"https:\/\/marktxxl.de\/markt\/#\/schema\/logo\/image\/","url":"https:\/\/marktxxl.de\/markt\/wp-content\/uploads\/sites\/3\/2020\/12\/logo.png","contentUrl":"https:\/\/marktxxl.de\/markt\/wp-content\/uploads\/sites\/3\/2020\/12\/logo.png","width":200,"height":70,"caption":"Markt-XXL"},"image":{"@id":"https:\/\/marktxxl.de\/markt\/#\/schema\/logo\/image\/"}}]}},"_links":{"self":[{"href":"https:\/\/marktxxl.de\/markt\/wp-json\/wp\/v2\/product\/92509","targetHints":{"allow":["GET"]}}],"collection":[{"href":"https:\/\/marktxxl.de\/markt\/wp-json\/wp\/v2\/product"}],"about":[{"href":"https:\/\/marktxxl.de\/markt\/wp-json\/wp\/v2\/types\/product"}],"replies":[{"embeddable":true,"href":"https:\/\/marktxxl.de\/markt\/wp-json\/wp\/v2\/comments?post=92509"}],"wp:featuredmedia":[{"embeddable":true,"href":"https:\/\/marktxxl.de\/markt\/wp-json\/wp\/v2\/media\/92510"}],"wp:attachment":[{"href":"https:\/\/marktxxl.de\/markt\/wp-json\/wp\/v2\/media?parent=92509"}],"wp:term":[{"taxonomy":"product_brand","embeddable":true,"href":"https:\/\/marktxxl.de\/markt\/wp-json\/wp\/v2\/product_brand?post=92509"},{"taxonomy":"product_cat","embeddable":true,"href":"https:\/\/marktxxl.de\/markt\/wp-json\/wp\/v2\/product_cat?post=92509"},{"taxonomy":"product_tag","embeddable":true,"href":"https:\/\/marktxxl.de\/markt\/wp-json\/wp\/v2\/product_tag?post=92509"}],"curies":[{"name":"wp","href":"https:\/\/api.w.org\/{rel}","templated":true}]}}