{"id":92476,"date":"2021-12-28T21:00:36","date_gmt":"2021-12-28T20:00:36","guid":{"rendered":"https:\/\/marktxxl.de\/markt\/produkt\/1500-stueck-strasssteine-6-groessen-glitzersteine-ab-strasssteine-selbstklebend-zum-aufkleben-kristall-edelsteine-fuer-naegel-kleidung-handwerk-mit-pick-up-pinzette-und-strass-picker-dotting-p\/"},"modified":"2023-04-11T03:13:14","modified_gmt":"2023-04-11T01:13:14","slug":"1500-stueck-strasssteine-6-groessen-glitzersteine-ab-strasssteine-selbstklebend-zum-aufkleben-kristall-edelsteine-fuer-naegel-kleidung-handwerk-mit-pick-up-pinzette-und-strass-picker-dotting-p","status":"publish","type":"product","link":"https:\/\/marktxxl.de\/markt\/produkt\/1500-stueck-strasssteine-6-groessen-glitzersteine-ab-strasssteine-selbstklebend-zum-aufkleben-kristall-edelsteine-fuer-naegel-kleidung-handwerk-mit-pick-up-pinzette-und-strass-picker-dotting-p\/","title":{"rendered":"1500 St\u00fcck Strasssteine &#8211; 6 Gr\u00f6\u00dfen Glitzersteine, AB Strasssteine Selbstklebend zum Aufkleben, Kristall &#8211; Edelsteine f\u00fcr\u2026"},"content":{"rendered":"<p>[Paketdetail] Jedes Paket enth\u00e4lt 6 Gitter der Kristalle der AB-Farbe und der transparenten Farbe, die Quantit\u00e4t ist ungef\u00e4hr 1500 St\u00fccke; Enth\u00e4lt au\u00dferdem 1 Doppelpunkt-Punktstift und 1 Ellbogen-Pinzette, mit denen Sie verschiedene Arten von Nagelkunst herstellen k\u00f6nnen. Die Box hat 12 kleine F\u00e4cher und ihre Abdeckungen k\u00f6nnen einzeln ge\u00f6ffnet werden. Dies ist sehr n\u00fctzlich f\u00fcr Sie, um sie zu klassifizieren und zu lagern, damit sie sich nicht vermischen. Sehr hilfreich ist auch die Aufbewahrung<br \/>\n[Hohe Qualit\u00e4t] Der Strass aus hochwertigem Glas, fein geschnitten mit sauberen R\u00e4ndern, hat einen sch\u00f6nen Lichtreflexionseffekt, l\u00e4sst die N\u00e4gel strahlen und attraktiv werden; die 2 punkte des tupfens sind aus edelstahl und wachsen individuell f\u00fcr unterschiedliche anwendungen.<br \/>\n[Gr\u00f6\u00dfen] 6 verschiedene Gr\u00f6\u00dfen der Edelsteinrhinestones eingeschlossen: 1.5 Millimeter, 2.0 Millimeter, 2.3 Millimeter, 2.7 Millimeter, 3.0 Millimeter, 3.8 Millimeter; Die Strasssteinschachtel hat 12 kleine F\u00e4cher und deren Deckel k\u00f6nnen einzeln ge\u00f6ffnet werden.<br \/>\n[Bedienungsfreundlich] Die matte Behandlung des Strassbodens, die festere Haftung, das nicht leicht fallende Punktier- und Aufnahmewerkzeug sind benutzerfreundlich und helfen Ihnen, bei all Ihren Schmuckdesign- und Scrapbooking-Projekten problemlos Strasssteine \u200b\u200baufzunehmen und zu setzen.<br \/>\n[Nagelkunstwerkzeuge] Die Edelsteine \u200b\u200bmit flacher R\u00fcckseite eignen sich f\u00fcr Nagelk\u00fcnste, die verschiedene Stile kreieren. Sie eignen sich auch f\u00fcr DIY-Handymuscheln, Schuhe, Kleidung, Gitarren, Tablets, Sammelalben und andere Kunstwerke. 1500 St\u00fcck Strasssteine \u200b\u200breichen f\u00fcr die Dekoration Ihrer Nail Art, Augen Make-up, K\u00f6rperkunst, Telefon, Taschen, Gru\u00dfkarten, Kleidung, hohe Netzstr\u00fcmpfe, Hochzeitskleid und andere Gegenst\u00e4nde.<br \/>\n<div class=\"main-cross-sell\" data-asin=\"B083RMHBKY\">\n\n\t<div class=\"WooZone-cross-sell-loader\">\n\t\t<div>\n\t\t\t<div id=\"floatingBarsG\">\n\t\t\t\t<div class=\"blockG\" id=\"rotateG_01\"><\/div>\n\t\t\t\t<div class=\"blockG\" id=\"rotateG_02\"><\/div>\n\t\t\t\t<div class=\"blockG\" id=\"rotateG_03\"><\/div>\n\t\t\t\t<div class=\"blockG\" id=\"rotateG_04\"><\/div>\n\t\t\t\t<div class=\"blockG\" id=\"rotateG_05\"><\/div>\n\t\t\t\t<div class=\"blockG\" id=\"rotateG_06\"><\/div>\n\t\t\t\t<div class=\"blockG\" id=\"rotateG_07\"><\/div>\n\t\t\t\t<div class=\"blockG\" id=\"rotateG_08\"><\/div>\n\t\t\t<\/div>\n\t\t\t<div class=\"WooZone-cross-sell-loader-text\"><\/div>\n\t\t<\/div>\n\t<\/div>\n\n\t\t\n<\/div>\n<div style=\"clear:both;\"><\/div><\/p>\n","protected":false},"excerpt":{"rendered":"<p>[Paketdetail] Jedes Paket enth\u00e4lt 6 Gitter der Kristalle der AB-Farbe und der transparenten Farbe, die Quantit\u00e4t ist ungef\u00e4hr 1500 St\u00fccke; Enth\u00e4lt au\u00dferdem 1 Doppelpunkt-Punktstift und 1 Ellbogen-Pinzette, mit denen Sie verschiedene Arten von Nagelkunst herstellen k\u00f6nnen. Die Box hat 12 kleine F\u00e4cher und ihre Abdeckungen k\u00f6nnen einzeln ge\u00f6ffnet werden. Dies ist sehr n\u00fctzlich f\u00fcr Sie, um sie zu klassifizieren und zu lagern, damit sie sich nicht vermischen. Sehr hilfreich ist auch die Aufbewahrung<br \/>\n[Hohe Qualit\u00e4t] Der Strass aus hochwertigem Glas, fein geschnitten mit sauberen R\u00e4ndern, hat einen sch\u00f6nen Lichtreflexionseffekt, l\u00e4sst die N\u00e4gel strahlen und attraktiv werden; die 2 punkte des tupfens sind aus edelstahl und wachsen individuell f\u00fcr unterschiedliche anwendungen.<br \/>\n[Gr\u00f6\u00dfen] 6 verschiedene Gr\u00f6\u00dfen der Edelsteinrhinestones eingeschlossen: 1.5 Millimeter, 2.0 Millimeter, 2.3 Millimeter, 2.7 Millimeter, 3.0 Millimeter, 3.8 Millimeter; Die Strasssteinschachtel hat 12 kleine F\u00e4cher und deren Deckel k\u00f6nnen einzeln ge\u00f6ffnet werden.<\/p>\n","protected":false},"featured_media":92477,"comment_status":"open","ping_status":"closed","template":"","meta":[],"product_brand":[],"product_cat":[2858,7659],"product_tag":[],"class_list":{"0":"post-92476","1":"product","2":"type-product","3":"status-publish","4":"has-post-thumbnail","6":"product_cat-beauty","7":"product_cat-manikuere-pedikuere","8":"pa_binding-misc","9":"pa_brand-netume","10":"pa_height-3-93700787-zoll","11":"pa_length-0-9842519675-zoll","12":"pa_manufacturer-netume","13":"pa_size-1500-stueck-1er-pack","14":"pa_weight-0-18959754532-pfund","15":"pa_width-6-299212592-zoll","17":"first","18":"instock","19":"shipping-taxable","20":"purchasable","21":"product-type-simple","22":"customify-col","23":"product-has-gallery"},"yoast_head":"<!-- This site is optimized with the Yoast SEO plugin v27.4 - https:\/\/yoast.com\/product\/yoast-seo-wordpress\/ -->\n<title>1500 St\u00fcck Strasssteine - 6 Gr\u00f6\u00dfen Glitzersteine, AB Strasssteine Selbstklebend zum Aufkleben, Kristall - Edelsteine f\u00fcr\u2026 - Markt-XXL<\/title>\n<meta name=\"description\" content=\"Markt-XXL 1500 St\u00fcck Strasssteine - 6 Gr\u00f6\u00dfen Glitzersteine, AB Strasssteine Selbstklebend zum Aufkleben, Kristall - Edelsteine f\u00fcr\u2026\" \/>\n<meta name=\"robots\" content=\"index, follow, max-snippet:-1, max-image-preview:large, max-video-preview:-1\" \/>\n<link rel=\"canonical\" href=\"https:\/\/marktxxl.de\/markt\/produkt\/1500-stueck-strasssteine-6-groessen-glitzersteine-ab-strasssteine-selbstklebend-zum-aufkleben-kristall-edelsteine-fuer-naegel-kleidung-handwerk-mit-pick-up-pinzette-und-strass-picker-dotting-p\/\" \/>\n<meta property=\"og:locale\" content=\"de_DE\" \/>\n<meta property=\"og:type\" content=\"article\" \/>\n<meta property=\"og:title\" content=\"1500 St\u00fcck Strasssteine - 6 Gr\u00f6\u00dfen Glitzersteine, AB Strasssteine Selbstklebend zum Aufkleben, Kristall - Edelsteine f\u00fcr\u2026 - Markt-XXL\" \/>\n<meta property=\"og:description\" content=\"Markt-XXL 1500 St\u00fcck Strasssteine - 6 Gr\u00f6\u00dfen Glitzersteine, AB Strasssteine Selbstklebend zum Aufkleben, Kristall - Edelsteine f\u00fcr\u2026\" \/>\n<meta property=\"og:url\" content=\"https:\/\/marktxxl.de\/markt\/produkt\/1500-stueck-strasssteine-6-groessen-glitzersteine-ab-strasssteine-selbstklebend-zum-aufkleben-kristall-edelsteine-fuer-naegel-kleidung-handwerk-mit-pick-up-pinzette-und-strass-picker-dotting-p\/\" \/>\n<meta property=\"og:site_name\" content=\"Markt-XXL\" \/>\n<meta property=\"article:modified_time\" content=\"2023-04-11T01:13:14+00:00\" \/>\n<meta property=\"og:image\" content=\"https:\/\/m.media-amazon.com\/images\/I\/51xNElrpzXL._SL500_.jpg\" \/>\n\t<meta property=\"og:image:width\" content=\"500\" \/>\n\t<meta property=\"og:image:height\" content=\"500\" \/>\n\t<meta property=\"og:image:type\" content=\"image\/jpeg\" \/>\n<meta name=\"twitter:card\" content=\"summary_large_image\" \/>\n<meta name=\"twitter:label1\" content=\"Gesch\u00e4tzte Lesezeit\" \/>\n\t<meta name=\"twitter:data1\" content=\"1\u00a0Minute\" \/>\n<script type=\"application\/ld+json\" class=\"yoast-schema-graph\">{\"@context\":\"https:\\\/\\\/schema.org\",\"@graph\":[{\"@type\":\"WebPage\",\"@id\":\"https:\\\/\\\/marktxxl.de\\\/markt\\\/produkt\\\/1500-stueck-strasssteine-6-groessen-glitzersteine-ab-strasssteine-selbstklebend-zum-aufkleben-kristall-edelsteine-fuer-naegel-kleidung-handwerk-mit-pick-up-pinzette-und-strass-picker-dotting-p\\\/\",\"url\":\"https:\\\/\\\/marktxxl.de\\\/markt\\\/produkt\\\/1500-stueck-strasssteine-6-groessen-glitzersteine-ab-strasssteine-selbstklebend-zum-aufkleben-kristall-edelsteine-fuer-naegel-kleidung-handwerk-mit-pick-up-pinzette-und-strass-picker-dotting-p\\\/\",\"name\":\"1500 St\u00fcck Strasssteine - 6 Gr\u00f6\u00dfen Glitzersteine, AB Strasssteine Selbstklebend zum Aufkleben, Kristall - Edelsteine f\u00fcr\u2026 - Markt-XXL\",\"isPartOf\":{\"@id\":\"https:\\\/\\\/marktxxl.de\\\/markt\\\/#website\"},\"primaryImageOfPage\":{\"@id\":\"https:\\\/\\\/marktxxl.de\\\/markt\\\/produkt\\\/1500-stueck-strasssteine-6-groessen-glitzersteine-ab-strasssteine-selbstklebend-zum-aufkleben-kristall-edelsteine-fuer-naegel-kleidung-handwerk-mit-pick-up-pinzette-und-strass-picker-dotting-p\\\/#primaryimage\"},\"image\":{\"@id\":\"https:\\\/\\\/marktxxl.de\\\/markt\\\/produkt\\\/1500-stueck-strasssteine-6-groessen-glitzersteine-ab-strasssteine-selbstklebend-zum-aufkleben-kristall-edelsteine-fuer-naegel-kleidung-handwerk-mit-pick-up-pinzette-und-strass-picker-dotting-p\\\/#primaryimage\"},\"thumbnailUrl\":\"https:\\\/\\\/m.media-amazon.com\\\/images\\\/I\\\/51xNElrpzXL._SL500_.jpg\",\"datePublished\":\"2021-12-28T20:00:36+00:00\",\"dateModified\":\"2023-04-11T01:13:14+00:00\",\"description\":\"Markt-XXL 1500 St\u00fcck Strasssteine - 6 Gr\u00f6\u00dfen Glitzersteine, AB Strasssteine Selbstklebend zum Aufkleben, Kristall - Edelsteine f\u00fcr\u2026\",\"breadcrumb\":{\"@id\":\"https:\\\/\\\/marktxxl.de\\\/markt\\\/produkt\\\/1500-stueck-strasssteine-6-groessen-glitzersteine-ab-strasssteine-selbstklebend-zum-aufkleben-kristall-edelsteine-fuer-naegel-kleidung-handwerk-mit-pick-up-pinzette-und-strass-picker-dotting-p\\\/#breadcrumb\"},\"inLanguage\":\"de\",\"potentialAction\":[{\"@type\":\"ReadAction\",\"target\":[\"https:\\\/\\\/marktxxl.de\\\/markt\\\/produkt\\\/1500-stueck-strasssteine-6-groessen-glitzersteine-ab-strasssteine-selbstklebend-zum-aufkleben-kristall-edelsteine-fuer-naegel-kleidung-handwerk-mit-pick-up-pinzette-und-strass-picker-dotting-p\\\/\"]}]},{\"@type\":\"ImageObject\",\"inLanguage\":\"de\",\"@id\":\"https:\\\/\\\/marktxxl.de\\\/markt\\\/produkt\\\/1500-stueck-strasssteine-6-groessen-glitzersteine-ab-strasssteine-selbstklebend-zum-aufkleben-kristall-edelsteine-fuer-naegel-kleidung-handwerk-mit-pick-up-pinzette-und-strass-picker-dotting-p\\\/#primaryimage\",\"url\":\"https:\\\/\\\/m.media-amazon.com\\\/images\\\/I\\\/51xNElrpzXL._SL500_.jpg\",\"contentUrl\":\"https:\\\/\\\/m.media-amazon.com\\\/images\\\/I\\\/51xNElrpzXL._SL500_.jpg\",\"width\":500,\"height\":500},{\"@type\":\"BreadcrumbList\",\"@id\":\"https:\\\/\\\/marktxxl.de\\\/markt\\\/produkt\\\/1500-stueck-strasssteine-6-groessen-glitzersteine-ab-strasssteine-selbstklebend-zum-aufkleben-kristall-edelsteine-fuer-naegel-kleidung-handwerk-mit-pick-up-pinzette-und-strass-picker-dotting-p\\\/#breadcrumb\",\"itemListElement\":[{\"@type\":\"ListItem\",\"position\":1,\"name\":\"Startseite\",\"item\":\"https:\\\/\\\/marktxxl.de\\\/markt\\\/\"},{\"@type\":\"ListItem\",\"position\":2,\"name\":\"Markt\",\"item\":\"https:\\\/\\\/marktxxl.de\\\/markt\\\/\"},{\"@type\":\"ListItem\",\"position\":3,\"name\":\"1500 St\u00fcck Strasssteine &#8211; 6 Gr\u00f6\u00dfen Glitzersteine, AB Strasssteine Selbstklebend zum Aufkleben, Kristall &#8211; Edelsteine f\u00fcr\u2026\"}]},{\"@type\":\"WebSite\",\"@id\":\"https:\\\/\\\/marktxxl.de\\\/markt\\\/#website\",\"url\":\"https:\\\/\\\/marktxxl.de\\\/markt\\\/\",\"name\":\"Markt-XXL\",\"description\":\"Ihr Markt Online\",\"publisher\":{\"@id\":\"https:\\\/\\\/marktxxl.de\\\/markt\\\/#organization\"},\"potentialAction\":[{\"@type\":\"SearchAction\",\"target\":{\"@type\":\"EntryPoint\",\"urlTemplate\":\"https:\\\/\\\/marktxxl.de\\\/markt\\\/?s={search_term_string}\"},\"query-input\":{\"@type\":\"PropertyValueSpecification\",\"valueRequired\":true,\"valueName\":\"search_term_string\"}}],\"inLanguage\":\"de\"},{\"@type\":\"Organization\",\"@id\":\"https:\\\/\\\/marktxxl.de\\\/markt\\\/#organization\",\"name\":\"Markt-XXL\",\"url\":\"https:\\\/\\\/marktxxl.de\\\/markt\\\/\",\"logo\":{\"@type\":\"ImageObject\",\"inLanguage\":\"de\",\"@id\":\"https:\\\/\\\/marktxxl.de\\\/markt\\\/#\\\/schema\\\/logo\\\/image\\\/\",\"url\":\"https:\\\/\\\/marktxxl.de\\\/markt\\\/wp-content\\\/uploads\\\/sites\\\/3\\\/2020\\\/12\\\/logo.png\",\"contentUrl\":\"https:\\\/\\\/marktxxl.de\\\/markt\\\/wp-content\\\/uploads\\\/sites\\\/3\\\/2020\\\/12\\\/logo.png\",\"width\":200,\"height\":70,\"caption\":\"Markt-XXL\"},\"image\":{\"@id\":\"https:\\\/\\\/marktxxl.de\\\/markt\\\/#\\\/schema\\\/logo\\\/image\\\/\"}}]}<\/script>\n<!-- \/ Yoast SEO plugin. -->","yoast_head_json":{"title":"1500 St\u00fcck Strasssteine - 6 Gr\u00f6\u00dfen Glitzersteine, AB Strasssteine Selbstklebend zum Aufkleben, Kristall - Edelsteine f\u00fcr\u2026 - Markt-XXL","description":"Markt-XXL 1500 St\u00fcck Strasssteine - 6 Gr\u00f6\u00dfen Glitzersteine, AB Strasssteine Selbstklebend zum Aufkleben, Kristall - Edelsteine f\u00fcr\u2026","robots":{"index":"index","follow":"follow","max-snippet":"max-snippet:-1","max-image-preview":"max-image-preview:large","max-video-preview":"max-video-preview:-1"},"canonical":"https:\/\/marktxxl.de\/markt\/produkt\/1500-stueck-strasssteine-6-groessen-glitzersteine-ab-strasssteine-selbstklebend-zum-aufkleben-kristall-edelsteine-fuer-naegel-kleidung-handwerk-mit-pick-up-pinzette-und-strass-picker-dotting-p\/","og_locale":"de_DE","og_type":"article","og_title":"1500 St\u00fcck Strasssteine - 6 Gr\u00f6\u00dfen Glitzersteine, AB Strasssteine Selbstklebend zum Aufkleben, Kristall - Edelsteine f\u00fcr\u2026 - Markt-XXL","og_description":"Markt-XXL 1500 St\u00fcck Strasssteine - 6 Gr\u00f6\u00dfen Glitzersteine, AB Strasssteine Selbstklebend zum Aufkleben, Kristall - Edelsteine f\u00fcr\u2026","og_url":"https:\/\/marktxxl.de\/markt\/produkt\/1500-stueck-strasssteine-6-groessen-glitzersteine-ab-strasssteine-selbstklebend-zum-aufkleben-kristall-edelsteine-fuer-naegel-kleidung-handwerk-mit-pick-up-pinzette-und-strass-picker-dotting-p\/","og_site_name":"Markt-XXL","article_modified_time":"2023-04-11T01:13:14+00:00","og_image":[{"width":500,"height":500,"url":"https:\/\/m.media-amazon.com\/images\/I\/51xNElrpzXL._SL500_.jpg","type":"image\/jpeg"}],"twitter_card":"summary_large_image","twitter_misc":{"Gesch\u00e4tzte Lesezeit":"1\u00a0Minute"},"schema":{"@context":"https:\/\/schema.org","@graph":[{"@type":"WebPage","@id":"https:\/\/marktxxl.de\/markt\/produkt\/1500-stueck-strasssteine-6-groessen-glitzersteine-ab-strasssteine-selbstklebend-zum-aufkleben-kristall-edelsteine-fuer-naegel-kleidung-handwerk-mit-pick-up-pinzette-und-strass-picker-dotting-p\/","url":"https:\/\/marktxxl.de\/markt\/produkt\/1500-stueck-strasssteine-6-groessen-glitzersteine-ab-strasssteine-selbstklebend-zum-aufkleben-kristall-edelsteine-fuer-naegel-kleidung-handwerk-mit-pick-up-pinzette-und-strass-picker-dotting-p\/","name":"1500 St\u00fcck Strasssteine - 6 Gr\u00f6\u00dfen Glitzersteine, AB Strasssteine Selbstklebend zum Aufkleben, Kristall - Edelsteine f\u00fcr\u2026 - Markt-XXL","isPartOf":{"@id":"https:\/\/marktxxl.de\/markt\/#website"},"primaryImageOfPage":{"@id":"https:\/\/marktxxl.de\/markt\/produkt\/1500-stueck-strasssteine-6-groessen-glitzersteine-ab-strasssteine-selbstklebend-zum-aufkleben-kristall-edelsteine-fuer-naegel-kleidung-handwerk-mit-pick-up-pinzette-und-strass-picker-dotting-p\/#primaryimage"},"image":{"@id":"https:\/\/marktxxl.de\/markt\/produkt\/1500-stueck-strasssteine-6-groessen-glitzersteine-ab-strasssteine-selbstklebend-zum-aufkleben-kristall-edelsteine-fuer-naegel-kleidung-handwerk-mit-pick-up-pinzette-und-strass-picker-dotting-p\/#primaryimage"},"thumbnailUrl":"https:\/\/m.media-amazon.com\/images\/I\/51xNElrpzXL._SL500_.jpg","datePublished":"2021-12-28T20:00:36+00:00","dateModified":"2023-04-11T01:13:14+00:00","description":"Markt-XXL 1500 St\u00fcck Strasssteine - 6 Gr\u00f6\u00dfen Glitzersteine, AB Strasssteine Selbstklebend zum Aufkleben, Kristall - Edelsteine f\u00fcr\u2026","breadcrumb":{"@id":"https:\/\/marktxxl.de\/markt\/produkt\/1500-stueck-strasssteine-6-groessen-glitzersteine-ab-strasssteine-selbstklebend-zum-aufkleben-kristall-edelsteine-fuer-naegel-kleidung-handwerk-mit-pick-up-pinzette-und-strass-picker-dotting-p\/#breadcrumb"},"inLanguage":"de","potentialAction":[{"@type":"ReadAction","target":["https:\/\/marktxxl.de\/markt\/produkt\/1500-stueck-strasssteine-6-groessen-glitzersteine-ab-strasssteine-selbstklebend-zum-aufkleben-kristall-edelsteine-fuer-naegel-kleidung-handwerk-mit-pick-up-pinzette-und-strass-picker-dotting-p\/"]}]},{"@type":"ImageObject","inLanguage":"de","@id":"https:\/\/marktxxl.de\/markt\/produkt\/1500-stueck-strasssteine-6-groessen-glitzersteine-ab-strasssteine-selbstklebend-zum-aufkleben-kristall-edelsteine-fuer-naegel-kleidung-handwerk-mit-pick-up-pinzette-und-strass-picker-dotting-p\/#primaryimage","url":"https:\/\/m.media-amazon.com\/images\/I\/51xNElrpzXL._SL500_.jpg","contentUrl":"https:\/\/m.media-amazon.com\/images\/I\/51xNElrpzXL._SL500_.jpg","width":500,"height":500},{"@type":"BreadcrumbList","@id":"https:\/\/marktxxl.de\/markt\/produkt\/1500-stueck-strasssteine-6-groessen-glitzersteine-ab-strasssteine-selbstklebend-zum-aufkleben-kristall-edelsteine-fuer-naegel-kleidung-handwerk-mit-pick-up-pinzette-und-strass-picker-dotting-p\/#breadcrumb","itemListElement":[{"@type":"ListItem","position":1,"name":"Startseite","item":"https:\/\/marktxxl.de\/markt\/"},{"@type":"ListItem","position":2,"name":"Markt","item":"https:\/\/marktxxl.de\/markt\/"},{"@type":"ListItem","position":3,"name":"1500 St\u00fcck Strasssteine &#8211; 6 Gr\u00f6\u00dfen Glitzersteine, AB Strasssteine Selbstklebend zum Aufkleben, Kristall &#8211; Edelsteine f\u00fcr\u2026"}]},{"@type":"WebSite","@id":"https:\/\/marktxxl.de\/markt\/#website","url":"https:\/\/marktxxl.de\/markt\/","name":"Markt-XXL","description":"Ihr Markt Online","publisher":{"@id":"https:\/\/marktxxl.de\/markt\/#organization"},"potentialAction":[{"@type":"SearchAction","target":{"@type":"EntryPoint","urlTemplate":"https:\/\/marktxxl.de\/markt\/?s={search_term_string}"},"query-input":{"@type":"PropertyValueSpecification","valueRequired":true,"valueName":"search_term_string"}}],"inLanguage":"de"},{"@type":"Organization","@id":"https:\/\/marktxxl.de\/markt\/#organization","name":"Markt-XXL","url":"https:\/\/marktxxl.de\/markt\/","logo":{"@type":"ImageObject","inLanguage":"de","@id":"https:\/\/marktxxl.de\/markt\/#\/schema\/logo\/image\/","url":"https:\/\/marktxxl.de\/markt\/wp-content\/uploads\/sites\/3\/2020\/12\/logo.png","contentUrl":"https:\/\/marktxxl.de\/markt\/wp-content\/uploads\/sites\/3\/2020\/12\/logo.png","width":200,"height":70,"caption":"Markt-XXL"},"image":{"@id":"https:\/\/marktxxl.de\/markt\/#\/schema\/logo\/image\/"}}]}},"_links":{"self":[{"href":"https:\/\/marktxxl.de\/markt\/wp-json\/wp\/v2\/product\/92476","targetHints":{"allow":["GET"]}}],"collection":[{"href":"https:\/\/marktxxl.de\/markt\/wp-json\/wp\/v2\/product"}],"about":[{"href":"https:\/\/marktxxl.de\/markt\/wp-json\/wp\/v2\/types\/product"}],"replies":[{"embeddable":true,"href":"https:\/\/marktxxl.de\/markt\/wp-json\/wp\/v2\/comments?post=92476"}],"wp:featuredmedia":[{"embeddable":true,"href":"https:\/\/marktxxl.de\/markt\/wp-json\/wp\/v2\/media\/92477"}],"wp:attachment":[{"href":"https:\/\/marktxxl.de\/markt\/wp-json\/wp\/v2\/media?parent=92476"}],"wp:term":[{"taxonomy":"product_brand","embeddable":true,"href":"https:\/\/marktxxl.de\/markt\/wp-json\/wp\/v2\/product_brand?post=92476"},{"taxonomy":"product_cat","embeddable":true,"href":"https:\/\/marktxxl.de\/markt\/wp-json\/wp\/v2\/product_cat?post=92476"},{"taxonomy":"product_tag","embeddable":true,"href":"https:\/\/marktxxl.de\/markt\/wp-json\/wp\/v2\/product_tag?post=92476"}],"curies":[{"name":"wp","href":"https:\/\/api.w.org\/{rel}","templated":true}]}}