{"id":92424,"date":"2021-12-28T20:57:59","date_gmt":"2021-12-28T19:57:59","guid":{"rendered":"https:\/\/marktxxl.de\/markt\/produkt\/12-stueck-polygel-nagel-klammer-nagelspitzen-clip-nagel-tips-clips-nagelklammern-fuer-poly-gel-nagelverlaengerung\/"},"modified":"2023-04-11T03:13:13","modified_gmt":"2023-04-11T01:13:13","slug":"12-stueck-polygel-nagel-klammer-nagelspitzen-clip-nagel-tips-clips-nagelklammern-fuer-poly-gel-nagelverlaengerung","status":"publish","type":"product","link":"https:\/\/marktxxl.de\/markt\/produkt\/12-stueck-polygel-nagel-klammer-nagelspitzen-clip-nagel-tips-clips-nagelklammern-fuer-poly-gel-nagelverlaengerung\/","title":{"rendered":"12 St\u00fcck Polygel Nagel Klammer, Nagelspitzen Clip, Nagel Tips Clips Nagelklammern f\u00fcr Poly Gel Nagelverl\u00e4ngerung"},"content":{"rendered":"<p>Paketinhalt: Sie erhalten 12 St\u00fcck transparente Nagelspitzenclip, genug f\u00fcr Sie zu verwenden und zu ersetzen.<br \/>\nMaterial: Hergestellt aus hochwertigem Acryl Kunststoff, druable und verschlei\u00dffest<br \/>\nGuter Effekt: Der Nagel Klammer h\u00e4lt das Poly gel so fest, dass es wie nat\u00fcrliche N\u00e4gel aussieht. Diese Nagelklammern sind perfekt, um Polygel formen w\u00e4hrend des Aush\u00e4rtens an Ort und Stelle zu halten.<br \/>\nEinfach zu verwenden: Die Nagel klips halten gut nicht zu fest und nicht zu lasch. Diese Nagel Klemmer machen das Auftragen Ihrer Polygel-N\u00e4gel zum Kinderspiel. Perfekt genug, um die Form an Ort und Stelle zu halten und nicht zu stark auf das Polygel zu dr\u00fccken.<br \/>\nUnerl\u00e4sslich in der Polygel-Nagelmodellage mit Dual-Tips. H\u00e4lt ohne zu klemmen, gut luftdurchl\u00e4ssig. Eine gute Option f\u00fcr den professionellen Salongebrauch oder den Heimgebrauch. Sie werden angenehm \u00fcberrascht sein, wie gut diese N\u00e4gel Clips funktionieren und wie viel Zeit sie Ihnen sparen.<br \/>\n<div class=\"main-cross-sell\" data-asin=\"B08PBKY3SN\">\n\n\t<div class=\"WooZone-cross-sell-loader\">\n\t\t<div>\n\t\t\t<div id=\"floatingBarsG\">\n\t\t\t\t<div class=\"blockG\" id=\"rotateG_01\"><\/div>\n\t\t\t\t<div class=\"blockG\" id=\"rotateG_02\"><\/div>\n\t\t\t\t<div class=\"blockG\" id=\"rotateG_03\"><\/div>\n\t\t\t\t<div class=\"blockG\" id=\"rotateG_04\"><\/div>\n\t\t\t\t<div class=\"blockG\" id=\"rotateG_05\"><\/div>\n\t\t\t\t<div class=\"blockG\" id=\"rotateG_06\"><\/div>\n\t\t\t\t<div class=\"blockG\" id=\"rotateG_07\"><\/div>\n\t\t\t\t<div class=\"blockG\" id=\"rotateG_08\"><\/div>\n\t\t\t<\/div>\n\t\t\t<div class=\"WooZone-cross-sell-loader-text\"><\/div>\n\t\t<\/div>\n\t<\/div>\n\n\t\t\n<\/div>\n<div style=\"clear:both;\"><\/div><\/p>\n","protected":false},"excerpt":{"rendered":"<p>Paketinhalt: Sie erhalten 12 St\u00fcck transparente Nagelspitzenclip, genug f\u00fcr Sie zu verwenden und zu ersetzen.<br \/>\nMaterial: Hergestellt aus hochwertigem Acryl Kunststoff, druable und verschlei\u00dffest<br \/>\nGuter Effekt: Der Nagel Klammer h\u00e4lt das Poly gel so fest, dass es wie nat\u00fcrliche N\u00e4gel aussieht. Diese Nagelklammern sind perfekt, um Polygel formen w\u00e4hrend des Aush\u00e4rtens an Ort und Stelle zu halten.<\/p>\n","protected":false},"featured_media":92425,"comment_status":"open","ping_status":"closed","template":"","meta":[],"product_brand":[],"product_cat":[2858,7659],"product_tag":[],"class_list":{"0":"post-92424","1":"product","2":"type-product","3":"status-publish","4":"has-post-thumbnail","6":"product_cat-beauty","7":"product_cat-manikuere-pedikuere","8":"pa_brand-illuva","9":"pa_color-transparent","10":"pa_manufacturer-illuva","11":"pa_size-12-stueck-1er-pack","13":"first","14":"instock","15":"shipping-taxable","16":"purchasable","17":"product-type-simple","18":"customify-col","19":"product-has-gallery"},"yoast_head":"<!-- This site is optimized with the Yoast SEO plugin v27.4 - https:\/\/yoast.com\/product\/yoast-seo-wordpress\/ -->\n<title>12 St\u00fcck Polygel Nagel Klammer, Nagelspitzen Clip, Nagel Tips Clips Nagelklammern f\u00fcr Poly Gel Nagelverl\u00e4ngerung - Markt-XXL<\/title>\n<meta name=\"description\" content=\"Markt-XXL 12 St\u00fcck Polygel Nagel Klammer, Nagelspitzen Clip, Nagel Tips Clips Nagelklammern f\u00fcr Poly Gel Nagelverl\u00e4ngerung\" \/>\n<meta name=\"robots\" content=\"index, follow, max-snippet:-1, max-image-preview:large, max-video-preview:-1\" \/>\n<link rel=\"canonical\" href=\"https:\/\/marktxxl.de\/markt\/produkt\/12-stueck-polygel-nagel-klammer-nagelspitzen-clip-nagel-tips-clips-nagelklammern-fuer-poly-gel-nagelverlaengerung\/\" \/>\n<meta property=\"og:locale\" content=\"de_DE\" \/>\n<meta property=\"og:type\" content=\"article\" \/>\n<meta property=\"og:title\" content=\"12 St\u00fcck Polygel Nagel Klammer, Nagelspitzen Clip, Nagel Tips Clips Nagelklammern f\u00fcr Poly Gel Nagelverl\u00e4ngerung - Markt-XXL\" \/>\n<meta property=\"og:description\" content=\"Markt-XXL 12 St\u00fcck Polygel Nagel Klammer, Nagelspitzen Clip, Nagel Tips Clips Nagelklammern f\u00fcr Poly Gel Nagelverl\u00e4ngerung\" \/>\n<meta property=\"og:url\" content=\"https:\/\/marktxxl.de\/markt\/produkt\/12-stueck-polygel-nagel-klammer-nagelspitzen-clip-nagel-tips-clips-nagelklammern-fuer-poly-gel-nagelverlaengerung\/\" \/>\n<meta property=\"og:site_name\" content=\"Markt-XXL\" \/>\n<meta property=\"article:modified_time\" content=\"2023-04-11T01:13:13+00:00\" \/>\n<meta property=\"og:image\" content=\"https:\/\/m.media-amazon.com\/images\/I\/41Ye9cRPfdL._SL500_.jpg\" \/>\n\t<meta property=\"og:image:width\" content=\"407\" \/>\n\t<meta property=\"og:image:height\" content=\"500\" \/>\n\t<meta property=\"og:image:type\" content=\"image\/jpeg\" \/>\n<meta name=\"twitter:card\" content=\"summary_large_image\" \/>\n<meta name=\"twitter:label1\" content=\"Gesch\u00e4tzte Lesezeit\" \/>\n\t<meta name=\"twitter:data1\" content=\"1\u00a0Minute\" \/>\n<script type=\"application\/ld+json\" class=\"yoast-schema-graph\">{\"@context\":\"https:\\\/\\\/schema.org\",\"@graph\":[{\"@type\":\"WebPage\",\"@id\":\"https:\\\/\\\/marktxxl.de\\\/markt\\\/produkt\\\/12-stueck-polygel-nagel-klammer-nagelspitzen-clip-nagel-tips-clips-nagelklammern-fuer-poly-gel-nagelverlaengerung\\\/\",\"url\":\"https:\\\/\\\/marktxxl.de\\\/markt\\\/produkt\\\/12-stueck-polygel-nagel-klammer-nagelspitzen-clip-nagel-tips-clips-nagelklammern-fuer-poly-gel-nagelverlaengerung\\\/\",\"name\":\"12 St\u00fcck Polygel Nagel Klammer, Nagelspitzen Clip, Nagel Tips Clips Nagelklammern f\u00fcr Poly Gel Nagelverl\u00e4ngerung - Markt-XXL\",\"isPartOf\":{\"@id\":\"https:\\\/\\\/marktxxl.de\\\/markt\\\/#website\"},\"primaryImageOfPage\":{\"@id\":\"https:\\\/\\\/marktxxl.de\\\/markt\\\/produkt\\\/12-stueck-polygel-nagel-klammer-nagelspitzen-clip-nagel-tips-clips-nagelklammern-fuer-poly-gel-nagelverlaengerung\\\/#primaryimage\"},\"image\":{\"@id\":\"https:\\\/\\\/marktxxl.de\\\/markt\\\/produkt\\\/12-stueck-polygel-nagel-klammer-nagelspitzen-clip-nagel-tips-clips-nagelklammern-fuer-poly-gel-nagelverlaengerung\\\/#primaryimage\"},\"thumbnailUrl\":\"https:\\\/\\\/m.media-amazon.com\\\/images\\\/I\\\/41Ye9cRPfdL._SL500_.jpg\",\"datePublished\":\"2021-12-28T19:57:59+00:00\",\"dateModified\":\"2023-04-11T01:13:13+00:00\",\"description\":\"Markt-XXL 12 St\u00fcck Polygel Nagel Klammer, Nagelspitzen Clip, Nagel Tips Clips Nagelklammern f\u00fcr Poly Gel Nagelverl\u00e4ngerung\",\"breadcrumb\":{\"@id\":\"https:\\\/\\\/marktxxl.de\\\/markt\\\/produkt\\\/12-stueck-polygel-nagel-klammer-nagelspitzen-clip-nagel-tips-clips-nagelklammern-fuer-poly-gel-nagelverlaengerung\\\/#breadcrumb\"},\"inLanguage\":\"de\",\"potentialAction\":[{\"@type\":\"ReadAction\",\"target\":[\"https:\\\/\\\/marktxxl.de\\\/markt\\\/produkt\\\/12-stueck-polygel-nagel-klammer-nagelspitzen-clip-nagel-tips-clips-nagelklammern-fuer-poly-gel-nagelverlaengerung\\\/\"]}]},{\"@type\":\"ImageObject\",\"inLanguage\":\"de\",\"@id\":\"https:\\\/\\\/marktxxl.de\\\/markt\\\/produkt\\\/12-stueck-polygel-nagel-klammer-nagelspitzen-clip-nagel-tips-clips-nagelklammern-fuer-poly-gel-nagelverlaengerung\\\/#primaryimage\",\"url\":\"https:\\\/\\\/m.media-amazon.com\\\/images\\\/I\\\/41Ye9cRPfdL._SL500_.jpg\",\"contentUrl\":\"https:\\\/\\\/m.media-amazon.com\\\/images\\\/I\\\/41Ye9cRPfdL._SL500_.jpg\",\"width\":407,\"height\":500},{\"@type\":\"BreadcrumbList\",\"@id\":\"https:\\\/\\\/marktxxl.de\\\/markt\\\/produkt\\\/12-stueck-polygel-nagel-klammer-nagelspitzen-clip-nagel-tips-clips-nagelklammern-fuer-poly-gel-nagelverlaengerung\\\/#breadcrumb\",\"itemListElement\":[{\"@type\":\"ListItem\",\"position\":1,\"name\":\"Startseite\",\"item\":\"https:\\\/\\\/marktxxl.de\\\/markt\\\/\"},{\"@type\":\"ListItem\",\"position\":2,\"name\":\"Markt\",\"item\":\"https:\\\/\\\/marktxxl.de\\\/markt\\\/\"},{\"@type\":\"ListItem\",\"position\":3,\"name\":\"12 St\u00fcck Polygel Nagel Klammer, Nagelspitzen Clip, Nagel Tips Clips Nagelklammern f\u00fcr Poly Gel Nagelverl\u00e4ngerung\"}]},{\"@type\":\"WebSite\",\"@id\":\"https:\\\/\\\/marktxxl.de\\\/markt\\\/#website\",\"url\":\"https:\\\/\\\/marktxxl.de\\\/markt\\\/\",\"name\":\"Markt-XXL\",\"description\":\"Ihr Markt Online\",\"publisher\":{\"@id\":\"https:\\\/\\\/marktxxl.de\\\/markt\\\/#organization\"},\"potentialAction\":[{\"@type\":\"SearchAction\",\"target\":{\"@type\":\"EntryPoint\",\"urlTemplate\":\"https:\\\/\\\/marktxxl.de\\\/markt\\\/?s={search_term_string}\"},\"query-input\":{\"@type\":\"PropertyValueSpecification\",\"valueRequired\":true,\"valueName\":\"search_term_string\"}}],\"inLanguage\":\"de\"},{\"@type\":\"Organization\",\"@id\":\"https:\\\/\\\/marktxxl.de\\\/markt\\\/#organization\",\"name\":\"Markt-XXL\",\"url\":\"https:\\\/\\\/marktxxl.de\\\/markt\\\/\",\"logo\":{\"@type\":\"ImageObject\",\"inLanguage\":\"de\",\"@id\":\"https:\\\/\\\/marktxxl.de\\\/markt\\\/#\\\/schema\\\/logo\\\/image\\\/\",\"url\":\"https:\\\/\\\/marktxxl.de\\\/markt\\\/wp-content\\\/uploads\\\/sites\\\/3\\\/2020\\\/12\\\/logo.png\",\"contentUrl\":\"https:\\\/\\\/marktxxl.de\\\/markt\\\/wp-content\\\/uploads\\\/sites\\\/3\\\/2020\\\/12\\\/logo.png\",\"width\":200,\"height\":70,\"caption\":\"Markt-XXL\"},\"image\":{\"@id\":\"https:\\\/\\\/marktxxl.de\\\/markt\\\/#\\\/schema\\\/logo\\\/image\\\/\"}}]}<\/script>\n<!-- \/ Yoast SEO plugin. -->","yoast_head_json":{"title":"12 St\u00fcck Polygel Nagel Klammer, Nagelspitzen Clip, Nagel Tips Clips Nagelklammern f\u00fcr Poly Gel Nagelverl\u00e4ngerung - Markt-XXL","description":"Markt-XXL 12 St\u00fcck Polygel Nagel Klammer, Nagelspitzen Clip, Nagel Tips Clips Nagelklammern f\u00fcr Poly Gel Nagelverl\u00e4ngerung","robots":{"index":"index","follow":"follow","max-snippet":"max-snippet:-1","max-image-preview":"max-image-preview:large","max-video-preview":"max-video-preview:-1"},"canonical":"https:\/\/marktxxl.de\/markt\/produkt\/12-stueck-polygel-nagel-klammer-nagelspitzen-clip-nagel-tips-clips-nagelklammern-fuer-poly-gel-nagelverlaengerung\/","og_locale":"de_DE","og_type":"article","og_title":"12 St\u00fcck Polygel Nagel Klammer, Nagelspitzen Clip, Nagel Tips Clips Nagelklammern f\u00fcr Poly Gel Nagelverl\u00e4ngerung - Markt-XXL","og_description":"Markt-XXL 12 St\u00fcck Polygel Nagel Klammer, Nagelspitzen Clip, Nagel Tips Clips Nagelklammern f\u00fcr Poly Gel Nagelverl\u00e4ngerung","og_url":"https:\/\/marktxxl.de\/markt\/produkt\/12-stueck-polygel-nagel-klammer-nagelspitzen-clip-nagel-tips-clips-nagelklammern-fuer-poly-gel-nagelverlaengerung\/","og_site_name":"Markt-XXL","article_modified_time":"2023-04-11T01:13:13+00:00","og_image":[{"width":407,"height":500,"url":"https:\/\/m.media-amazon.com\/images\/I\/41Ye9cRPfdL._SL500_.jpg","type":"image\/jpeg"}],"twitter_card":"summary_large_image","twitter_misc":{"Gesch\u00e4tzte Lesezeit":"1\u00a0Minute"},"schema":{"@context":"https:\/\/schema.org","@graph":[{"@type":"WebPage","@id":"https:\/\/marktxxl.de\/markt\/produkt\/12-stueck-polygel-nagel-klammer-nagelspitzen-clip-nagel-tips-clips-nagelklammern-fuer-poly-gel-nagelverlaengerung\/","url":"https:\/\/marktxxl.de\/markt\/produkt\/12-stueck-polygel-nagel-klammer-nagelspitzen-clip-nagel-tips-clips-nagelklammern-fuer-poly-gel-nagelverlaengerung\/","name":"12 St\u00fcck Polygel Nagel Klammer, Nagelspitzen Clip, Nagel Tips Clips Nagelklammern f\u00fcr Poly Gel Nagelverl\u00e4ngerung - Markt-XXL","isPartOf":{"@id":"https:\/\/marktxxl.de\/markt\/#website"},"primaryImageOfPage":{"@id":"https:\/\/marktxxl.de\/markt\/produkt\/12-stueck-polygel-nagel-klammer-nagelspitzen-clip-nagel-tips-clips-nagelklammern-fuer-poly-gel-nagelverlaengerung\/#primaryimage"},"image":{"@id":"https:\/\/marktxxl.de\/markt\/produkt\/12-stueck-polygel-nagel-klammer-nagelspitzen-clip-nagel-tips-clips-nagelklammern-fuer-poly-gel-nagelverlaengerung\/#primaryimage"},"thumbnailUrl":"https:\/\/m.media-amazon.com\/images\/I\/41Ye9cRPfdL._SL500_.jpg","datePublished":"2021-12-28T19:57:59+00:00","dateModified":"2023-04-11T01:13:13+00:00","description":"Markt-XXL 12 St\u00fcck Polygel Nagel Klammer, Nagelspitzen Clip, Nagel Tips Clips Nagelklammern f\u00fcr Poly Gel Nagelverl\u00e4ngerung","breadcrumb":{"@id":"https:\/\/marktxxl.de\/markt\/produkt\/12-stueck-polygel-nagel-klammer-nagelspitzen-clip-nagel-tips-clips-nagelklammern-fuer-poly-gel-nagelverlaengerung\/#breadcrumb"},"inLanguage":"de","potentialAction":[{"@type":"ReadAction","target":["https:\/\/marktxxl.de\/markt\/produkt\/12-stueck-polygel-nagel-klammer-nagelspitzen-clip-nagel-tips-clips-nagelklammern-fuer-poly-gel-nagelverlaengerung\/"]}]},{"@type":"ImageObject","inLanguage":"de","@id":"https:\/\/marktxxl.de\/markt\/produkt\/12-stueck-polygel-nagel-klammer-nagelspitzen-clip-nagel-tips-clips-nagelklammern-fuer-poly-gel-nagelverlaengerung\/#primaryimage","url":"https:\/\/m.media-amazon.com\/images\/I\/41Ye9cRPfdL._SL500_.jpg","contentUrl":"https:\/\/m.media-amazon.com\/images\/I\/41Ye9cRPfdL._SL500_.jpg","width":407,"height":500},{"@type":"BreadcrumbList","@id":"https:\/\/marktxxl.de\/markt\/produkt\/12-stueck-polygel-nagel-klammer-nagelspitzen-clip-nagel-tips-clips-nagelklammern-fuer-poly-gel-nagelverlaengerung\/#breadcrumb","itemListElement":[{"@type":"ListItem","position":1,"name":"Startseite","item":"https:\/\/marktxxl.de\/markt\/"},{"@type":"ListItem","position":2,"name":"Markt","item":"https:\/\/marktxxl.de\/markt\/"},{"@type":"ListItem","position":3,"name":"12 St\u00fcck Polygel Nagel Klammer, Nagelspitzen Clip, Nagel Tips Clips Nagelklammern f\u00fcr Poly Gel Nagelverl\u00e4ngerung"}]},{"@type":"WebSite","@id":"https:\/\/marktxxl.de\/markt\/#website","url":"https:\/\/marktxxl.de\/markt\/","name":"Markt-XXL","description":"Ihr Markt Online","publisher":{"@id":"https:\/\/marktxxl.de\/markt\/#organization"},"potentialAction":[{"@type":"SearchAction","target":{"@type":"EntryPoint","urlTemplate":"https:\/\/marktxxl.de\/markt\/?s={search_term_string}"},"query-input":{"@type":"PropertyValueSpecification","valueRequired":true,"valueName":"search_term_string"}}],"inLanguage":"de"},{"@type":"Organization","@id":"https:\/\/marktxxl.de\/markt\/#organization","name":"Markt-XXL","url":"https:\/\/marktxxl.de\/markt\/","logo":{"@type":"ImageObject","inLanguage":"de","@id":"https:\/\/marktxxl.de\/markt\/#\/schema\/logo\/image\/","url":"https:\/\/marktxxl.de\/markt\/wp-content\/uploads\/sites\/3\/2020\/12\/logo.png","contentUrl":"https:\/\/marktxxl.de\/markt\/wp-content\/uploads\/sites\/3\/2020\/12\/logo.png","width":200,"height":70,"caption":"Markt-XXL"},"image":{"@id":"https:\/\/marktxxl.de\/markt\/#\/schema\/logo\/image\/"}}]}},"_links":{"self":[{"href":"https:\/\/marktxxl.de\/markt\/wp-json\/wp\/v2\/product\/92424","targetHints":{"allow":["GET"]}}],"collection":[{"href":"https:\/\/marktxxl.de\/markt\/wp-json\/wp\/v2\/product"}],"about":[{"href":"https:\/\/marktxxl.de\/markt\/wp-json\/wp\/v2\/types\/product"}],"replies":[{"embeddable":true,"href":"https:\/\/marktxxl.de\/markt\/wp-json\/wp\/v2\/comments?post=92424"}],"wp:featuredmedia":[{"embeddable":true,"href":"https:\/\/marktxxl.de\/markt\/wp-json\/wp\/v2\/media\/92425"}],"wp:attachment":[{"href":"https:\/\/marktxxl.de\/markt\/wp-json\/wp\/v2\/media?parent=92424"}],"wp:term":[{"taxonomy":"product_brand","embeddable":true,"href":"https:\/\/marktxxl.de\/markt\/wp-json\/wp\/v2\/product_brand?post=92424"},{"taxonomy":"product_cat","embeddable":true,"href":"https:\/\/marktxxl.de\/markt\/wp-json\/wp\/v2\/product_cat?post=92424"},{"taxonomy":"product_tag","embeddable":true,"href":"https:\/\/marktxxl.de\/markt\/wp-json\/wp\/v2\/product_tag?post=92424"}],"curies":[{"name":"wp","href":"https:\/\/api.w.org\/{rel}","templated":true}]}}