{"id":92409,"date":"2021-12-28T20:57:49","date_gmt":"2021-12-28T19:57:49","guid":{"rendered":"https:\/\/marktxxl.de\/markt\/produkt\/jinlaili-7-stueck-pinselset-fuer-nailart-acryl-gel-nagel-pinsel-set-nagelpinsel-uv-gel-nagel-acryl-pinsel-nail-art-nagel-kunst-professionell-malerei-pen-fuer-gelnaegel-nail-art-nagel-stift-fuer-mal\/"},"modified":"2023-04-11T03:13:13","modified_gmt":"2023-04-11T01:13:13","slug":"jinlaili-7-stueck-pinselset-fuer-nailart-acryl-gel-nagel-pinsel-set-nagelpinsel-uv-gel-nagel-acryl-pinsel-nail-art-nagel-kunst-professionell-malerei-pen-fuer-gelnaegel-nail-art-nagel-stift-fuer-mal","status":"publish","type":"product","link":"https:\/\/marktxxl.de\/markt\/produkt\/jinlaili-7-stueck-pinselset-fuer-nailart-acryl-gel-nagel-pinsel-set-nagelpinsel-uv-gel-nagel-acryl-pinsel-nail-art-nagel-kunst-professionell-malerei-pen-fuer-gelnaegel-nail-art-nagel-stift-fuer-mal\/","title":{"rendered":"Jinlaili 7 St\u00fcck Pinselset f\u00fcr Nailart, Acryl Gel Nagel Pinsel Set, Nagelpinsel UV Gel Nagel Acryl Pinsel Nail Art Nagel\u2026"},"content":{"rendered":"<p>\u2764Hochwertige Materialien: Die Nagelb\u00fcrste wird mit einer Metallpr\u00e4gung geliefert, die den Stiftk\u00f6rper und die Stiftspitze fest verriegelt und den B\u00fcrstenstift stark, robust und langlebig macht.<br \/>\n\u27647PCS Nail Art Brush Set: Inklusive 7 St\u00fcck professionellem Nagellackpinsel, unterschiedlicher Gr\u00f6\u00dfe (2, 4, 6, 8, 10, 12, 14), perfekt f\u00fcr unterschiedliche Funktionen. Unsere Nagelb\u00fcrsten k\u00f6nnen Ihre unterschiedlichen Verwendungszwecke erf\u00fcllen und sind f\u00fcr Nagelspezialisten und Nagellerner geeignet.<br \/>\n\u2764Leicht zu reinigen: Nachdem Sie die Acrylnagelb\u00fcrste zum Auftragen von Glitzergel verwendet haben, m\u00fcssen Sie die Borsten nur mit geringem Aufwand mit Alkohol oder Aceton reinigen. Dann erhalten Sie eine saubere B\u00fcrste, die sehr einfach und bequem zu reinigen ist.<br \/>\n\u2764Multifunktionaler Pinsel: Dieses Nagelb\u00fcrstenset besteht aus feinen Nylonborsten, die sich hervorragend zum Auftragen von Glitzerpulvern, zum Zeichnen exquisiter 3D-Muster, Plaids, Blumen und farbigen franz\u00f6sischen N\u00e4geln eignen und Ihnen dabei helfen, sch\u00f6ne N\u00e4gel zu Hause herzustellen.<br \/>\n\u2764Sch\u00f6nes Geschenk f\u00fcr Nagelkunst-Enthusiasten: Diese Nagellackpinsel eignen sich hervorragend f\u00fcr Nagelstudios und Heimwerker-Nagelkunst. Sie sind sch\u00f6ne Geschenke f\u00fcr Ihre Freundin, Mutter oder Freundin, die ein Nagelkunst-Enthusiast ist.<br \/>\n<div class=\"main-cross-sell\" data-asin=\"B08CVBZV4J\">\n\n\t<div class=\"WooZone-cross-sell-loader\">\n\t\t<div>\n\t\t\t<div id=\"floatingBarsG\">\n\t\t\t\t<div class=\"blockG\" id=\"rotateG_01\"><\/div>\n\t\t\t\t<div class=\"blockG\" id=\"rotateG_02\"><\/div>\n\t\t\t\t<div class=\"blockG\" id=\"rotateG_03\"><\/div>\n\t\t\t\t<div class=\"blockG\" id=\"rotateG_04\"><\/div>\n\t\t\t\t<div class=\"blockG\" id=\"rotateG_05\"><\/div>\n\t\t\t\t<div class=\"blockG\" id=\"rotateG_06\"><\/div>\n\t\t\t\t<div class=\"blockG\" id=\"rotateG_07\"><\/div>\n\t\t\t\t<div class=\"blockG\" id=\"rotateG_08\"><\/div>\n\t\t\t<\/div>\n\t\t\t<div class=\"WooZone-cross-sell-loader-text\"><\/div>\n\t\t<\/div>\n\t<\/div>\n\n\t\t\n<\/div>\n<div style=\"clear:both;\"><\/div><\/p>\n","protected":false},"excerpt":{"rendered":"<p>\u2764Hochwertige Materialien: Die Nagelb\u00fcrste wird mit einer Metallpr\u00e4gung geliefert, die den Stiftk\u00f6rper und die Stiftspitze fest verriegelt und den B\u00fcrstenstift stark, robust und langlebig macht.<br \/>\n\u27647PCS Nail Art Brush Set: Inklusive 7 St\u00fcck professionellem Nagellackpinsel, unterschiedlicher Gr\u00f6\u00dfe (2, 4, 6, 8, 10, 12, 14), perfekt f\u00fcr unterschiedliche Funktionen. Unsere Nagelb\u00fcrsten k\u00f6nnen Ihre unterschiedlichen Verwendungszwecke erf\u00fcllen und sind f\u00fcr Nagelspezialisten und Nagellerner geeignet.<br \/>\n\u2764Leicht zu reinigen: Nachdem Sie die Acrylnagelb\u00fcrste zum Auftragen von Glitzergel verwendet haben, m\u00fcssen Sie die Borsten nur mit geringem Aufwand mit Alkohol oder Aceton reinigen. Dann erhalten Sie eine saubere B\u00fcrste, die sehr einfach und bequem zu reinigen ist.<\/p>\n","protected":false},"featured_media":92410,"comment_status":"open","ping_status":"closed","template":"","meta":[],"product_brand":[],"product_cat":[2858,7659],"product_tag":[],"class_list":{"0":"post-92409","1":"product","2":"type-product","3":"status-publish","4":"has-post-thumbnail","6":"product_cat-beauty","7":"product_cat-manikuere-pedikuere","8":"pa_brand-jinlaili","9":"pa_color-lila","10":"pa_height-0-3149606296-zoll","11":"pa_length-7-086614166-zoll","12":"pa_manufacturer-jinlaili","13":"pa_size-7-stueck-1er-pack","14":"pa_width-3-149606296-zoll","16":"first","17":"instock","18":"shipping-taxable","19":"purchasable","20":"product-type-simple","21":"customify-col","22":"product-has-gallery"},"yoast_head":"<!-- This site is optimized with the Yoast SEO plugin v27.4 - https:\/\/yoast.com\/product\/yoast-seo-wordpress\/ -->\n<title>Jinlaili 7 St\u00fcck Pinselset f\u00fcr Nailart, Acryl Gel Nagel Pinsel Set, Nagelpinsel UV Gel Nagel Acryl Pinsel Nail Art Nagel\u2026 - Markt-XXL<\/title>\n<meta name=\"description\" content=\"Markt-XXL Jinlaili 7 St\u00fcck Pinselset f\u00fcr Nailart, Acryl Gel Nagel Pinsel Set, Nagelpinsel UV Gel Nagel Acryl Pinsel Nail Art Nagel\u2026\" \/>\n<meta name=\"robots\" content=\"index, follow, max-snippet:-1, max-image-preview:large, max-video-preview:-1\" \/>\n<link rel=\"canonical\" href=\"https:\/\/marktxxl.de\/markt\/produkt\/jinlaili-7-stueck-pinselset-fuer-nailart-acryl-gel-nagel-pinsel-set-nagelpinsel-uv-gel-nagel-acryl-pinsel-nail-art-nagel-kunst-professionell-malerei-pen-fuer-gelnaegel-nail-art-nagel-stift-fuer-mal\/\" \/>\n<meta property=\"og:locale\" content=\"de_DE\" \/>\n<meta property=\"og:type\" content=\"article\" \/>\n<meta property=\"og:title\" content=\"Jinlaili 7 St\u00fcck Pinselset f\u00fcr Nailart, Acryl Gel Nagel Pinsel Set, Nagelpinsel UV Gel Nagel Acryl Pinsel Nail Art Nagel\u2026 - Markt-XXL\" \/>\n<meta property=\"og:description\" content=\"Markt-XXL Jinlaili 7 St\u00fcck Pinselset f\u00fcr Nailart, Acryl Gel Nagel Pinsel Set, Nagelpinsel UV Gel Nagel Acryl Pinsel Nail Art Nagel\u2026\" \/>\n<meta property=\"og:url\" content=\"https:\/\/marktxxl.de\/markt\/produkt\/jinlaili-7-stueck-pinselset-fuer-nailart-acryl-gel-nagel-pinsel-set-nagelpinsel-uv-gel-nagel-acryl-pinsel-nail-art-nagel-kunst-professionell-malerei-pen-fuer-gelnaegel-nail-art-nagel-stift-fuer-mal\/\" \/>\n<meta property=\"og:site_name\" content=\"Markt-XXL\" \/>\n<meta property=\"article:modified_time\" content=\"2023-04-11T01:13:13+00:00\" \/>\n<meta property=\"og:image\" content=\"https:\/\/m.media-amazon.com\/images\/I\/41lE0AKCT-L._SL500_.jpg\" \/>\n\t<meta property=\"og:image:width\" content=\"500\" \/>\n\t<meta property=\"og:image:height\" content=\"500\" \/>\n\t<meta property=\"og:image:type\" content=\"image\/jpeg\" \/>\n<meta name=\"twitter:card\" content=\"summary_large_image\" \/>\n<meta name=\"twitter:label1\" content=\"Gesch\u00e4tzte Lesezeit\" \/>\n\t<meta name=\"twitter:data1\" content=\"1\u00a0Minute\" \/>\n<script type=\"application\/ld+json\" class=\"yoast-schema-graph\">{\"@context\":\"https:\\\/\\\/schema.org\",\"@graph\":[{\"@type\":\"WebPage\",\"@id\":\"https:\\\/\\\/marktxxl.de\\\/markt\\\/produkt\\\/jinlaili-7-stueck-pinselset-fuer-nailart-acryl-gel-nagel-pinsel-set-nagelpinsel-uv-gel-nagel-acryl-pinsel-nail-art-nagel-kunst-professionell-malerei-pen-fuer-gelnaegel-nail-art-nagel-stift-fuer-mal\\\/\",\"url\":\"https:\\\/\\\/marktxxl.de\\\/markt\\\/produkt\\\/jinlaili-7-stueck-pinselset-fuer-nailart-acryl-gel-nagel-pinsel-set-nagelpinsel-uv-gel-nagel-acryl-pinsel-nail-art-nagel-kunst-professionell-malerei-pen-fuer-gelnaegel-nail-art-nagel-stift-fuer-mal\\\/\",\"name\":\"Jinlaili 7 St\u00fcck Pinselset f\u00fcr Nailart, Acryl Gel Nagel Pinsel Set, Nagelpinsel UV Gel Nagel Acryl Pinsel Nail Art Nagel\u2026 - Markt-XXL\",\"isPartOf\":{\"@id\":\"https:\\\/\\\/marktxxl.de\\\/markt\\\/#website\"},\"primaryImageOfPage\":{\"@id\":\"https:\\\/\\\/marktxxl.de\\\/markt\\\/produkt\\\/jinlaili-7-stueck-pinselset-fuer-nailart-acryl-gel-nagel-pinsel-set-nagelpinsel-uv-gel-nagel-acryl-pinsel-nail-art-nagel-kunst-professionell-malerei-pen-fuer-gelnaegel-nail-art-nagel-stift-fuer-mal\\\/#primaryimage\"},\"image\":{\"@id\":\"https:\\\/\\\/marktxxl.de\\\/markt\\\/produkt\\\/jinlaili-7-stueck-pinselset-fuer-nailart-acryl-gel-nagel-pinsel-set-nagelpinsel-uv-gel-nagel-acryl-pinsel-nail-art-nagel-kunst-professionell-malerei-pen-fuer-gelnaegel-nail-art-nagel-stift-fuer-mal\\\/#primaryimage\"},\"thumbnailUrl\":\"https:\\\/\\\/m.media-amazon.com\\\/images\\\/I\\\/41lE0AKCT-L._SL500_.jpg\",\"datePublished\":\"2021-12-28T19:57:49+00:00\",\"dateModified\":\"2023-04-11T01:13:13+00:00\",\"description\":\"Markt-XXL Jinlaili 7 St\u00fcck Pinselset f\u00fcr Nailart, Acryl Gel Nagel Pinsel Set, Nagelpinsel UV Gel Nagel Acryl Pinsel Nail Art Nagel\u2026\",\"breadcrumb\":{\"@id\":\"https:\\\/\\\/marktxxl.de\\\/markt\\\/produkt\\\/jinlaili-7-stueck-pinselset-fuer-nailart-acryl-gel-nagel-pinsel-set-nagelpinsel-uv-gel-nagel-acryl-pinsel-nail-art-nagel-kunst-professionell-malerei-pen-fuer-gelnaegel-nail-art-nagel-stift-fuer-mal\\\/#breadcrumb\"},\"inLanguage\":\"de\",\"potentialAction\":[{\"@type\":\"ReadAction\",\"target\":[\"https:\\\/\\\/marktxxl.de\\\/markt\\\/produkt\\\/jinlaili-7-stueck-pinselset-fuer-nailart-acryl-gel-nagel-pinsel-set-nagelpinsel-uv-gel-nagel-acryl-pinsel-nail-art-nagel-kunst-professionell-malerei-pen-fuer-gelnaegel-nail-art-nagel-stift-fuer-mal\\\/\"]}]},{\"@type\":\"ImageObject\",\"inLanguage\":\"de\",\"@id\":\"https:\\\/\\\/marktxxl.de\\\/markt\\\/produkt\\\/jinlaili-7-stueck-pinselset-fuer-nailart-acryl-gel-nagel-pinsel-set-nagelpinsel-uv-gel-nagel-acryl-pinsel-nail-art-nagel-kunst-professionell-malerei-pen-fuer-gelnaegel-nail-art-nagel-stift-fuer-mal\\\/#primaryimage\",\"url\":\"https:\\\/\\\/m.media-amazon.com\\\/images\\\/I\\\/41lE0AKCT-L._SL500_.jpg\",\"contentUrl\":\"https:\\\/\\\/m.media-amazon.com\\\/images\\\/I\\\/41lE0AKCT-L._SL500_.jpg\",\"width\":500,\"height\":500},{\"@type\":\"BreadcrumbList\",\"@id\":\"https:\\\/\\\/marktxxl.de\\\/markt\\\/produkt\\\/jinlaili-7-stueck-pinselset-fuer-nailart-acryl-gel-nagel-pinsel-set-nagelpinsel-uv-gel-nagel-acryl-pinsel-nail-art-nagel-kunst-professionell-malerei-pen-fuer-gelnaegel-nail-art-nagel-stift-fuer-mal\\\/#breadcrumb\",\"itemListElement\":[{\"@type\":\"ListItem\",\"position\":1,\"name\":\"Startseite\",\"item\":\"https:\\\/\\\/marktxxl.de\\\/markt\\\/\"},{\"@type\":\"ListItem\",\"position\":2,\"name\":\"Markt\",\"item\":\"https:\\\/\\\/marktxxl.de\\\/markt\\\/\"},{\"@type\":\"ListItem\",\"position\":3,\"name\":\"Jinlaili 7 St\u00fcck Pinselset f\u00fcr Nailart, Acryl Gel Nagel Pinsel Set, Nagelpinsel UV Gel Nagel Acryl Pinsel Nail Art Nagel\u2026\"}]},{\"@type\":\"WebSite\",\"@id\":\"https:\\\/\\\/marktxxl.de\\\/markt\\\/#website\",\"url\":\"https:\\\/\\\/marktxxl.de\\\/markt\\\/\",\"name\":\"Markt-XXL\",\"description\":\"Ihr Markt Online\",\"publisher\":{\"@id\":\"https:\\\/\\\/marktxxl.de\\\/markt\\\/#organization\"},\"potentialAction\":[{\"@type\":\"SearchAction\",\"target\":{\"@type\":\"EntryPoint\",\"urlTemplate\":\"https:\\\/\\\/marktxxl.de\\\/markt\\\/?s={search_term_string}\"},\"query-input\":{\"@type\":\"PropertyValueSpecification\",\"valueRequired\":true,\"valueName\":\"search_term_string\"}}],\"inLanguage\":\"de\"},{\"@type\":\"Organization\",\"@id\":\"https:\\\/\\\/marktxxl.de\\\/markt\\\/#organization\",\"name\":\"Markt-XXL\",\"url\":\"https:\\\/\\\/marktxxl.de\\\/markt\\\/\",\"logo\":{\"@type\":\"ImageObject\",\"inLanguage\":\"de\",\"@id\":\"https:\\\/\\\/marktxxl.de\\\/markt\\\/#\\\/schema\\\/logo\\\/image\\\/\",\"url\":\"https:\\\/\\\/marktxxl.de\\\/markt\\\/wp-content\\\/uploads\\\/sites\\\/3\\\/2020\\\/12\\\/logo.png\",\"contentUrl\":\"https:\\\/\\\/marktxxl.de\\\/markt\\\/wp-content\\\/uploads\\\/sites\\\/3\\\/2020\\\/12\\\/logo.png\",\"width\":200,\"height\":70,\"caption\":\"Markt-XXL\"},\"image\":{\"@id\":\"https:\\\/\\\/marktxxl.de\\\/markt\\\/#\\\/schema\\\/logo\\\/image\\\/\"}}]}<\/script>\n<!-- \/ Yoast SEO plugin. -->","yoast_head_json":{"title":"Jinlaili 7 St\u00fcck Pinselset f\u00fcr Nailart, Acryl Gel Nagel Pinsel Set, Nagelpinsel UV Gel Nagel Acryl Pinsel Nail Art Nagel\u2026 - Markt-XXL","description":"Markt-XXL Jinlaili 7 St\u00fcck Pinselset f\u00fcr Nailart, Acryl Gel Nagel Pinsel Set, Nagelpinsel UV Gel Nagel Acryl Pinsel Nail Art Nagel\u2026","robots":{"index":"index","follow":"follow","max-snippet":"max-snippet:-1","max-image-preview":"max-image-preview:large","max-video-preview":"max-video-preview:-1"},"canonical":"https:\/\/marktxxl.de\/markt\/produkt\/jinlaili-7-stueck-pinselset-fuer-nailart-acryl-gel-nagel-pinsel-set-nagelpinsel-uv-gel-nagel-acryl-pinsel-nail-art-nagel-kunst-professionell-malerei-pen-fuer-gelnaegel-nail-art-nagel-stift-fuer-mal\/","og_locale":"de_DE","og_type":"article","og_title":"Jinlaili 7 St\u00fcck Pinselset f\u00fcr Nailart, Acryl Gel Nagel Pinsel Set, Nagelpinsel UV Gel Nagel Acryl Pinsel Nail Art Nagel\u2026 - Markt-XXL","og_description":"Markt-XXL Jinlaili 7 St\u00fcck Pinselset f\u00fcr Nailart, Acryl Gel Nagel Pinsel Set, Nagelpinsel UV Gel Nagel Acryl Pinsel Nail Art Nagel\u2026","og_url":"https:\/\/marktxxl.de\/markt\/produkt\/jinlaili-7-stueck-pinselset-fuer-nailart-acryl-gel-nagel-pinsel-set-nagelpinsel-uv-gel-nagel-acryl-pinsel-nail-art-nagel-kunst-professionell-malerei-pen-fuer-gelnaegel-nail-art-nagel-stift-fuer-mal\/","og_site_name":"Markt-XXL","article_modified_time":"2023-04-11T01:13:13+00:00","og_image":[{"width":500,"height":500,"url":"https:\/\/m.media-amazon.com\/images\/I\/41lE0AKCT-L._SL500_.jpg","type":"image\/jpeg"}],"twitter_card":"summary_large_image","twitter_misc":{"Gesch\u00e4tzte Lesezeit":"1\u00a0Minute"},"schema":{"@context":"https:\/\/schema.org","@graph":[{"@type":"WebPage","@id":"https:\/\/marktxxl.de\/markt\/produkt\/jinlaili-7-stueck-pinselset-fuer-nailart-acryl-gel-nagel-pinsel-set-nagelpinsel-uv-gel-nagel-acryl-pinsel-nail-art-nagel-kunst-professionell-malerei-pen-fuer-gelnaegel-nail-art-nagel-stift-fuer-mal\/","url":"https:\/\/marktxxl.de\/markt\/produkt\/jinlaili-7-stueck-pinselset-fuer-nailart-acryl-gel-nagel-pinsel-set-nagelpinsel-uv-gel-nagel-acryl-pinsel-nail-art-nagel-kunst-professionell-malerei-pen-fuer-gelnaegel-nail-art-nagel-stift-fuer-mal\/","name":"Jinlaili 7 St\u00fcck Pinselset f\u00fcr Nailart, Acryl Gel Nagel Pinsel Set, Nagelpinsel UV Gel Nagel Acryl Pinsel Nail Art Nagel\u2026 - Markt-XXL","isPartOf":{"@id":"https:\/\/marktxxl.de\/markt\/#website"},"primaryImageOfPage":{"@id":"https:\/\/marktxxl.de\/markt\/produkt\/jinlaili-7-stueck-pinselset-fuer-nailart-acryl-gel-nagel-pinsel-set-nagelpinsel-uv-gel-nagel-acryl-pinsel-nail-art-nagel-kunst-professionell-malerei-pen-fuer-gelnaegel-nail-art-nagel-stift-fuer-mal\/#primaryimage"},"image":{"@id":"https:\/\/marktxxl.de\/markt\/produkt\/jinlaili-7-stueck-pinselset-fuer-nailart-acryl-gel-nagel-pinsel-set-nagelpinsel-uv-gel-nagel-acryl-pinsel-nail-art-nagel-kunst-professionell-malerei-pen-fuer-gelnaegel-nail-art-nagel-stift-fuer-mal\/#primaryimage"},"thumbnailUrl":"https:\/\/m.media-amazon.com\/images\/I\/41lE0AKCT-L._SL500_.jpg","datePublished":"2021-12-28T19:57:49+00:00","dateModified":"2023-04-11T01:13:13+00:00","description":"Markt-XXL Jinlaili 7 St\u00fcck Pinselset f\u00fcr Nailart, Acryl Gel Nagel Pinsel Set, Nagelpinsel UV Gel Nagel Acryl Pinsel Nail Art Nagel\u2026","breadcrumb":{"@id":"https:\/\/marktxxl.de\/markt\/produkt\/jinlaili-7-stueck-pinselset-fuer-nailart-acryl-gel-nagel-pinsel-set-nagelpinsel-uv-gel-nagel-acryl-pinsel-nail-art-nagel-kunst-professionell-malerei-pen-fuer-gelnaegel-nail-art-nagel-stift-fuer-mal\/#breadcrumb"},"inLanguage":"de","potentialAction":[{"@type":"ReadAction","target":["https:\/\/marktxxl.de\/markt\/produkt\/jinlaili-7-stueck-pinselset-fuer-nailart-acryl-gel-nagel-pinsel-set-nagelpinsel-uv-gel-nagel-acryl-pinsel-nail-art-nagel-kunst-professionell-malerei-pen-fuer-gelnaegel-nail-art-nagel-stift-fuer-mal\/"]}]},{"@type":"ImageObject","inLanguage":"de","@id":"https:\/\/marktxxl.de\/markt\/produkt\/jinlaili-7-stueck-pinselset-fuer-nailart-acryl-gel-nagel-pinsel-set-nagelpinsel-uv-gel-nagel-acryl-pinsel-nail-art-nagel-kunst-professionell-malerei-pen-fuer-gelnaegel-nail-art-nagel-stift-fuer-mal\/#primaryimage","url":"https:\/\/m.media-amazon.com\/images\/I\/41lE0AKCT-L._SL500_.jpg","contentUrl":"https:\/\/m.media-amazon.com\/images\/I\/41lE0AKCT-L._SL500_.jpg","width":500,"height":500},{"@type":"BreadcrumbList","@id":"https:\/\/marktxxl.de\/markt\/produkt\/jinlaili-7-stueck-pinselset-fuer-nailart-acryl-gel-nagel-pinsel-set-nagelpinsel-uv-gel-nagel-acryl-pinsel-nail-art-nagel-kunst-professionell-malerei-pen-fuer-gelnaegel-nail-art-nagel-stift-fuer-mal\/#breadcrumb","itemListElement":[{"@type":"ListItem","position":1,"name":"Startseite","item":"https:\/\/marktxxl.de\/markt\/"},{"@type":"ListItem","position":2,"name":"Markt","item":"https:\/\/marktxxl.de\/markt\/"},{"@type":"ListItem","position":3,"name":"Jinlaili 7 St\u00fcck Pinselset f\u00fcr Nailart, Acryl Gel Nagel Pinsel Set, Nagelpinsel UV Gel Nagel Acryl Pinsel Nail Art Nagel\u2026"}]},{"@type":"WebSite","@id":"https:\/\/marktxxl.de\/markt\/#website","url":"https:\/\/marktxxl.de\/markt\/","name":"Markt-XXL","description":"Ihr Markt Online","publisher":{"@id":"https:\/\/marktxxl.de\/markt\/#organization"},"potentialAction":[{"@type":"SearchAction","target":{"@type":"EntryPoint","urlTemplate":"https:\/\/marktxxl.de\/markt\/?s={search_term_string}"},"query-input":{"@type":"PropertyValueSpecification","valueRequired":true,"valueName":"search_term_string"}}],"inLanguage":"de"},{"@type":"Organization","@id":"https:\/\/marktxxl.de\/markt\/#organization","name":"Markt-XXL","url":"https:\/\/marktxxl.de\/markt\/","logo":{"@type":"ImageObject","inLanguage":"de","@id":"https:\/\/marktxxl.de\/markt\/#\/schema\/logo\/image\/","url":"https:\/\/marktxxl.de\/markt\/wp-content\/uploads\/sites\/3\/2020\/12\/logo.png","contentUrl":"https:\/\/marktxxl.de\/markt\/wp-content\/uploads\/sites\/3\/2020\/12\/logo.png","width":200,"height":70,"caption":"Markt-XXL"},"image":{"@id":"https:\/\/marktxxl.de\/markt\/#\/schema\/logo\/image\/"}}]}},"_links":{"self":[{"href":"https:\/\/marktxxl.de\/markt\/wp-json\/wp\/v2\/product\/92409","targetHints":{"allow":["GET"]}}],"collection":[{"href":"https:\/\/marktxxl.de\/markt\/wp-json\/wp\/v2\/product"}],"about":[{"href":"https:\/\/marktxxl.de\/markt\/wp-json\/wp\/v2\/types\/product"}],"replies":[{"embeddable":true,"href":"https:\/\/marktxxl.de\/markt\/wp-json\/wp\/v2\/comments?post=92409"}],"wp:featuredmedia":[{"embeddable":true,"href":"https:\/\/marktxxl.de\/markt\/wp-json\/wp\/v2\/media\/92410"}],"wp:attachment":[{"href":"https:\/\/marktxxl.de\/markt\/wp-json\/wp\/v2\/media?parent=92409"}],"wp:term":[{"taxonomy":"product_brand","embeddable":true,"href":"https:\/\/marktxxl.de\/markt\/wp-json\/wp\/v2\/product_brand?post=92409"},{"taxonomy":"product_cat","embeddable":true,"href":"https:\/\/marktxxl.de\/markt\/wp-json\/wp\/v2\/product_cat?post=92409"},{"taxonomy":"product_tag","embeddable":true,"href":"https:\/\/marktxxl.de\/markt\/wp-json\/wp\/v2\/product_tag?post=92409"}],"curies":[{"name":"wp","href":"https:\/\/api.w.org\/{rel}","templated":true}]}}