{"id":92402,"date":"2021-12-28T20:57:43","date_gmt":"2021-12-28T19:57:43","guid":{"rendered":"https:\/\/marktxxl.de\/markt\/produkt\/mosen-elektrische-nagelfraeser-elektrische-nagelfeile-manikuereset-20000u-min-11-in-1-usb-nagelknipser-setelektrisches-pedikuereset-polierwerkzeuge-nagelknipser-set-fuer-acryl-gele-kallus-entferne\/"},"modified":"2023-04-09T02:48:21","modified_gmt":"2023-04-09T00:48:21","slug":"mosen-elektrische-nagelfraeser-elektrische-nagelfeile-manikuereset-20000u-min-11-in-1-usb-nagelknipser-setelektrisches-pedikuereset-polierwerkzeuge-nagelknipser-set-fuer-acryl-gele-kallus-entferne","status":"publish","type":"product","link":"https:\/\/marktxxl.de\/markt\/produkt\/mosen-elektrische-nagelfraeser-elektrische-nagelfeile-manikuereset-20000u-min-11-in-1-usb-nagelknipser-setelektrisches-pedikuereset-polierwerkzeuge-nagelknipser-set-fuer-acryl-gele-kallus-entferne\/","title":{"rendered":"Mosen Elektrische Nagelfr\u00e4ser, Elektrische nagelfeile Manik\u00fcreset, 20000u\/Min 11 in 1 USB Nagelknipser Set,Elektrisches\u2026"},"content":{"rendered":"<p>\u3010Professionelle Manik\u00fcre-Set\u3011\uff1a Das Elektrische Nagelfeile enth\u00e4lt 11 Bohrer, ein USB-Ladekabel und eine Packung Ersatzschleifb\u00e4nder ,Machen Sie Ihre Nagelkunst zu Hause und sparen Sie teure Salonrechnung, Es ist multifunktional zum Schleifen, Schnitzen, Schneiden, Polieren und Entfernen von Geln\u00e4geln , Acryln\u00e4gel und Nagelhaut von Hand und Fu\u00df.<br \/>\n\u3010Geschwindigkeit einstellbar\u3011\uff1aDie Geschwindigkeit des Elektrische Nagelfr\u00e4ser Manik\u00fcre Pedik\u00fcre Set Manik\u00fcre ist einstellbar.Und die Vorw\u00e4rts- und R\u00fcckw\u00e4rtsdrehrichtung kann gem\u00e4\u00df Ihren Gewohnheiten ausgew\u00e4hlt werden.Zwei Drehrichtungen erm\u00f6glichen die Verwendung f\u00fcr Rechts- und Linksh\u00e4nder.Unser Schleifkopf hat eine starke Feststellkraft und die Drehzahl pro Minute betr\u00e4gt 20000 U \/ min<br \/>\n\u3010Mega Produktleistung\u3011High tech geschwindigkeitslager und ein verbesserter Innenmotor sorgen f\u00fcr eine stabile Qualit\u00e4t der Nagelbohrmaschine, leise Stimme und leichte Vibrationen bei der Manik\u00fcre.Toller Aluminiumk\u00f6rper f\u00fcr effiziente W\u00e4rmeableitung und lange Lebensdauer.<br \/>\n\u3010PORTABLE\u3011: Mosen Tragbar Elektrische Nagelfr\u00e4ser,Dank seines kleinen Geh\u00e4uses und des USB-Schnittstellendesigns der Ladeleitung k\u00f6nnen Sie mit dieser nagelfeile maschine die Manik\u00fcre durchf\u00fchren, egal, wo Sie zu Hause oder unterwegs sind, mit Laptop, Powerbank, USB-Ladeger\u00e4t oder Autoladeger\u00e4t !<br \/>\n\u3010Sicherheit &amp; einfach zu bedienen\u3011Der Bohrer kann ohne Werkzeug leicht gewechselt werden. Ziehen Sie ihn einfach heraus und setzen Sie ihn ein. Die Standard-USB-Schnittstelle muss nur mit dem Netzkabel verbunden werden, um zu arbeiten.<br \/>\n<div class=\"main-cross-sell\" data-asin=\"B091Q4YKGY\">\n\n\t<div class=\"WooZone-cross-sell-loader\">\n\t\t<div>\n\t\t\t<div id=\"floatingBarsG\">\n\t\t\t\t<div class=\"blockG\" id=\"rotateG_01\"><\/div>\n\t\t\t\t<div class=\"blockG\" id=\"rotateG_02\"><\/div>\n\t\t\t\t<div class=\"blockG\" id=\"rotateG_03\"><\/div>\n\t\t\t\t<div class=\"blockG\" id=\"rotateG_04\"><\/div>\n\t\t\t\t<div class=\"blockG\" id=\"rotateG_05\"><\/div>\n\t\t\t\t<div class=\"blockG\" id=\"rotateG_06\"><\/div>\n\t\t\t\t<div class=\"blockG\" id=\"rotateG_07\"><\/div>\n\t\t\t\t<div class=\"blockG\" id=\"rotateG_08\"><\/div>\n\t\t\t<\/div>\n\t\t\t<div class=\"WooZone-cross-sell-loader-text\"><\/div>\n\t\t<\/div>\n\t<\/div>\n\n\t\t\n<\/div>\n<div style=\"clear:both;\"><\/div><\/p>\n","protected":false},"excerpt":{"rendered":"<p>\u3010Professionelle Manik\u00fcre-Set\u3011\uff1a Das Elektrische Nagelfeile enth\u00e4lt 11 Bohrer, ein USB-Ladekabel und eine Packung Ersatzschleifb\u00e4nder ,Machen Sie Ihre Nagelkunst zu Hause und sparen Sie teure Salonrechnung, Es ist multifunktional zum Schleifen, Schnitzen, Schneiden, Polieren und Entfernen von Geln\u00e4geln , Acryln\u00e4gel und Nagelhaut von Hand und Fu\u00df.<br \/>\n\u3010Geschwindigkeit einstellbar\u3011\uff1aDie Geschwindigkeit des Elektrische Nagelfr\u00e4ser Manik\u00fcre Pedik\u00fcre Set Manik\u00fcre ist einstellbar.Und die Vorw\u00e4rts- und R\u00fcckw\u00e4rtsdrehrichtung kann gem\u00e4\u00df Ihren Gewohnheiten ausgew\u00e4hlt werden.Zwei Drehrichtungen erm\u00f6glichen die Verwendung f\u00fcr Rechts- und Linksh\u00e4nder.Unser Schleifkopf hat eine starke Feststellkraft und die Drehzahl pro Minute betr\u00e4gt 20000 U \/ min<br \/>\n\u3010Mega Produktleistung\u3011High tech geschwindigkeitslager und ein verbesserter Innenmotor sorgen f\u00fcr eine stabile Qualit\u00e4t der Nagelbohrmaschine, leise Stimme und leichte Vibrationen bei der Manik\u00fcre.Toller Aluminiumk\u00f6rper f\u00fcr effiziente W\u00e4rmeableitung und lange Lebensdauer.<\/p>\n","protected":false},"featured_media":92403,"comment_status":"open","ping_status":"closed","template":"","meta":[],"product_brand":[],"product_cat":[2858,7659],"product_tag":[],"class_list":{"0":"post-92402","1":"product","2":"type-product","3":"status-publish","4":"has-post-thumbnail","6":"product_cat-beauty","7":"product_cat-manikuere-pedikuere","8":"pa_binding-misc","9":"pa_brand-mosen","10":"pa_height-0-70866-zoll","11":"pa_length-5-23621-zoll","12":"pa_manufacturer-mosen","13":"pa_model-mj05","14":"pa_size-71-stueck-1er-pack","15":"pa_weight-0-12345886672-pfund","16":"pa_width-0-70866-zoll","18":"first","19":"instock","20":"shipping-taxable","21":"purchasable","22":"product-type-simple","23":"customify-col","24":"product-has-gallery"},"yoast_head":"<!-- This site is optimized with the Yoast SEO plugin v27.4 - https:\/\/yoast.com\/product\/yoast-seo-wordpress\/ -->\n<title>Mosen Elektrische Nagelfr\u00e4ser, Elektrische nagelfeile Manik\u00fcreset, 20000u\/Min 11 in 1 USB Nagelknipser Set,Elektrisches\u2026 - Markt-XXL<\/title>\n<meta name=\"description\" content=\"Markt-XXL Mosen Elektrische Nagelfr\u00e4ser, Elektrische nagelfeile Manik\u00fcreset, 20000u\/Min 11 in 1 USB Nagelknipser Set,Elektrisches\u2026\" \/>\n<meta name=\"robots\" content=\"index, follow, max-snippet:-1, max-image-preview:large, max-video-preview:-1\" \/>\n<link rel=\"canonical\" href=\"https:\/\/marktxxl.de\/markt\/produkt\/mosen-elektrische-nagelfraeser-elektrische-nagelfeile-manikuereset-20000u-min-11-in-1-usb-nagelknipser-setelektrisches-pedikuereset-polierwerkzeuge-nagelknipser-set-fuer-acryl-gele-kallus-entferne\/\" \/>\n<meta property=\"og:locale\" content=\"de_DE\" \/>\n<meta property=\"og:type\" content=\"article\" \/>\n<meta property=\"og:title\" content=\"Mosen Elektrische Nagelfr\u00e4ser, Elektrische nagelfeile Manik\u00fcreset, 20000u\/Min 11 in 1 USB Nagelknipser Set,Elektrisches\u2026 - Markt-XXL\" \/>\n<meta property=\"og:description\" content=\"Markt-XXL Mosen Elektrische Nagelfr\u00e4ser, Elektrische nagelfeile Manik\u00fcreset, 20000u\/Min 11 in 1 USB Nagelknipser Set,Elektrisches\u2026\" \/>\n<meta property=\"og:url\" content=\"https:\/\/marktxxl.de\/markt\/produkt\/mosen-elektrische-nagelfraeser-elektrische-nagelfeile-manikuereset-20000u-min-11-in-1-usb-nagelknipser-setelektrisches-pedikuereset-polierwerkzeuge-nagelknipser-set-fuer-acryl-gele-kallus-entferne\/\" \/>\n<meta property=\"og:site_name\" content=\"Markt-XXL\" \/>\n<meta property=\"article:modified_time\" content=\"2023-04-09T00:48:21+00:00\" \/>\n<meta property=\"og:image\" content=\"https:\/\/m.media-amazon.com\/images\/I\/41sRfemasoL._SL500_.jpg\" \/>\n\t<meta property=\"og:image:width\" content=\"500\" \/>\n\t<meta property=\"og:image:height\" content=\"500\" \/>\n\t<meta property=\"og:image:type\" content=\"image\/jpeg\" \/>\n<meta name=\"twitter:card\" content=\"summary_large_image\" \/>\n<meta name=\"twitter:label1\" content=\"Gesch\u00e4tzte Lesezeit\" \/>\n\t<meta name=\"twitter:data1\" content=\"1\u00a0Minute\" \/>\n<script type=\"application\/ld+json\" class=\"yoast-schema-graph\">{\"@context\":\"https:\\\/\\\/schema.org\",\"@graph\":[{\"@type\":\"WebPage\",\"@id\":\"https:\\\/\\\/marktxxl.de\\\/markt\\\/produkt\\\/mosen-elektrische-nagelfraeser-elektrische-nagelfeile-manikuereset-20000u-min-11-in-1-usb-nagelknipser-setelektrisches-pedikuereset-polierwerkzeuge-nagelknipser-set-fuer-acryl-gele-kallus-entferne\\\/\",\"url\":\"https:\\\/\\\/marktxxl.de\\\/markt\\\/produkt\\\/mosen-elektrische-nagelfraeser-elektrische-nagelfeile-manikuereset-20000u-min-11-in-1-usb-nagelknipser-setelektrisches-pedikuereset-polierwerkzeuge-nagelknipser-set-fuer-acryl-gele-kallus-entferne\\\/\",\"name\":\"Mosen Elektrische Nagelfr\u00e4ser, Elektrische nagelfeile Manik\u00fcreset, 20000u\\\/Min 11 in 1 USB Nagelknipser Set,Elektrisches\u2026 - Markt-XXL\",\"isPartOf\":{\"@id\":\"https:\\\/\\\/marktxxl.de\\\/markt\\\/#website\"},\"primaryImageOfPage\":{\"@id\":\"https:\\\/\\\/marktxxl.de\\\/markt\\\/produkt\\\/mosen-elektrische-nagelfraeser-elektrische-nagelfeile-manikuereset-20000u-min-11-in-1-usb-nagelknipser-setelektrisches-pedikuereset-polierwerkzeuge-nagelknipser-set-fuer-acryl-gele-kallus-entferne\\\/#primaryimage\"},\"image\":{\"@id\":\"https:\\\/\\\/marktxxl.de\\\/markt\\\/produkt\\\/mosen-elektrische-nagelfraeser-elektrische-nagelfeile-manikuereset-20000u-min-11-in-1-usb-nagelknipser-setelektrisches-pedikuereset-polierwerkzeuge-nagelknipser-set-fuer-acryl-gele-kallus-entferne\\\/#primaryimage\"},\"thumbnailUrl\":\"https:\\\/\\\/m.media-amazon.com\\\/images\\\/I\\\/41sRfemasoL._SL500_.jpg\",\"datePublished\":\"2021-12-28T19:57:43+00:00\",\"dateModified\":\"2023-04-09T00:48:21+00:00\",\"description\":\"Markt-XXL Mosen Elektrische Nagelfr\u00e4ser, Elektrische nagelfeile Manik\u00fcreset, 20000u\\\/Min 11 in 1 USB Nagelknipser Set,Elektrisches\u2026\",\"breadcrumb\":{\"@id\":\"https:\\\/\\\/marktxxl.de\\\/markt\\\/produkt\\\/mosen-elektrische-nagelfraeser-elektrische-nagelfeile-manikuereset-20000u-min-11-in-1-usb-nagelknipser-setelektrisches-pedikuereset-polierwerkzeuge-nagelknipser-set-fuer-acryl-gele-kallus-entferne\\\/#breadcrumb\"},\"inLanguage\":\"de\",\"potentialAction\":[{\"@type\":\"ReadAction\",\"target\":[\"https:\\\/\\\/marktxxl.de\\\/markt\\\/produkt\\\/mosen-elektrische-nagelfraeser-elektrische-nagelfeile-manikuereset-20000u-min-11-in-1-usb-nagelknipser-setelektrisches-pedikuereset-polierwerkzeuge-nagelknipser-set-fuer-acryl-gele-kallus-entferne\\\/\"]}]},{\"@type\":\"ImageObject\",\"inLanguage\":\"de\",\"@id\":\"https:\\\/\\\/marktxxl.de\\\/markt\\\/produkt\\\/mosen-elektrische-nagelfraeser-elektrische-nagelfeile-manikuereset-20000u-min-11-in-1-usb-nagelknipser-setelektrisches-pedikuereset-polierwerkzeuge-nagelknipser-set-fuer-acryl-gele-kallus-entferne\\\/#primaryimage\",\"url\":\"https:\\\/\\\/m.media-amazon.com\\\/images\\\/I\\\/41sRfemasoL._SL500_.jpg\",\"contentUrl\":\"https:\\\/\\\/m.media-amazon.com\\\/images\\\/I\\\/41sRfemasoL._SL500_.jpg\",\"width\":500,\"height\":500},{\"@type\":\"BreadcrumbList\",\"@id\":\"https:\\\/\\\/marktxxl.de\\\/markt\\\/produkt\\\/mosen-elektrische-nagelfraeser-elektrische-nagelfeile-manikuereset-20000u-min-11-in-1-usb-nagelknipser-setelektrisches-pedikuereset-polierwerkzeuge-nagelknipser-set-fuer-acryl-gele-kallus-entferne\\\/#breadcrumb\",\"itemListElement\":[{\"@type\":\"ListItem\",\"position\":1,\"name\":\"Startseite\",\"item\":\"https:\\\/\\\/marktxxl.de\\\/markt\\\/\"},{\"@type\":\"ListItem\",\"position\":2,\"name\":\"Markt\",\"item\":\"https:\\\/\\\/marktxxl.de\\\/markt\\\/\"},{\"@type\":\"ListItem\",\"position\":3,\"name\":\"Mosen Elektrische Nagelfr\u00e4ser, Elektrische nagelfeile Manik\u00fcreset, 20000u\\\/Min 11 in 1 USB Nagelknipser Set,Elektrisches\u2026\"}]},{\"@type\":\"WebSite\",\"@id\":\"https:\\\/\\\/marktxxl.de\\\/markt\\\/#website\",\"url\":\"https:\\\/\\\/marktxxl.de\\\/markt\\\/\",\"name\":\"Markt-XXL\",\"description\":\"Ihr Markt Online\",\"publisher\":{\"@id\":\"https:\\\/\\\/marktxxl.de\\\/markt\\\/#organization\"},\"potentialAction\":[{\"@type\":\"SearchAction\",\"target\":{\"@type\":\"EntryPoint\",\"urlTemplate\":\"https:\\\/\\\/marktxxl.de\\\/markt\\\/?s={search_term_string}\"},\"query-input\":{\"@type\":\"PropertyValueSpecification\",\"valueRequired\":true,\"valueName\":\"search_term_string\"}}],\"inLanguage\":\"de\"},{\"@type\":\"Organization\",\"@id\":\"https:\\\/\\\/marktxxl.de\\\/markt\\\/#organization\",\"name\":\"Markt-XXL\",\"url\":\"https:\\\/\\\/marktxxl.de\\\/markt\\\/\",\"logo\":{\"@type\":\"ImageObject\",\"inLanguage\":\"de\",\"@id\":\"https:\\\/\\\/marktxxl.de\\\/markt\\\/#\\\/schema\\\/logo\\\/image\\\/\",\"url\":\"https:\\\/\\\/marktxxl.de\\\/markt\\\/wp-content\\\/uploads\\\/sites\\\/3\\\/2020\\\/12\\\/logo.png\",\"contentUrl\":\"https:\\\/\\\/marktxxl.de\\\/markt\\\/wp-content\\\/uploads\\\/sites\\\/3\\\/2020\\\/12\\\/logo.png\",\"width\":200,\"height\":70,\"caption\":\"Markt-XXL\"},\"image\":{\"@id\":\"https:\\\/\\\/marktxxl.de\\\/markt\\\/#\\\/schema\\\/logo\\\/image\\\/\"}}]}<\/script>\n<!-- \/ Yoast SEO plugin. -->","yoast_head_json":{"title":"Mosen Elektrische Nagelfr\u00e4ser, Elektrische nagelfeile Manik\u00fcreset, 20000u\/Min 11 in 1 USB Nagelknipser Set,Elektrisches\u2026 - Markt-XXL","description":"Markt-XXL Mosen Elektrische Nagelfr\u00e4ser, Elektrische nagelfeile Manik\u00fcreset, 20000u\/Min 11 in 1 USB Nagelknipser Set,Elektrisches\u2026","robots":{"index":"index","follow":"follow","max-snippet":"max-snippet:-1","max-image-preview":"max-image-preview:large","max-video-preview":"max-video-preview:-1"},"canonical":"https:\/\/marktxxl.de\/markt\/produkt\/mosen-elektrische-nagelfraeser-elektrische-nagelfeile-manikuereset-20000u-min-11-in-1-usb-nagelknipser-setelektrisches-pedikuereset-polierwerkzeuge-nagelknipser-set-fuer-acryl-gele-kallus-entferne\/","og_locale":"de_DE","og_type":"article","og_title":"Mosen Elektrische Nagelfr\u00e4ser, Elektrische nagelfeile Manik\u00fcreset, 20000u\/Min 11 in 1 USB Nagelknipser Set,Elektrisches\u2026 - Markt-XXL","og_description":"Markt-XXL Mosen Elektrische Nagelfr\u00e4ser, Elektrische nagelfeile Manik\u00fcreset, 20000u\/Min 11 in 1 USB Nagelknipser Set,Elektrisches\u2026","og_url":"https:\/\/marktxxl.de\/markt\/produkt\/mosen-elektrische-nagelfraeser-elektrische-nagelfeile-manikuereset-20000u-min-11-in-1-usb-nagelknipser-setelektrisches-pedikuereset-polierwerkzeuge-nagelknipser-set-fuer-acryl-gele-kallus-entferne\/","og_site_name":"Markt-XXL","article_modified_time":"2023-04-09T00:48:21+00:00","og_image":[{"width":500,"height":500,"url":"https:\/\/m.media-amazon.com\/images\/I\/41sRfemasoL._SL500_.jpg","type":"image\/jpeg"}],"twitter_card":"summary_large_image","twitter_misc":{"Gesch\u00e4tzte Lesezeit":"1\u00a0Minute"},"schema":{"@context":"https:\/\/schema.org","@graph":[{"@type":"WebPage","@id":"https:\/\/marktxxl.de\/markt\/produkt\/mosen-elektrische-nagelfraeser-elektrische-nagelfeile-manikuereset-20000u-min-11-in-1-usb-nagelknipser-setelektrisches-pedikuereset-polierwerkzeuge-nagelknipser-set-fuer-acryl-gele-kallus-entferne\/","url":"https:\/\/marktxxl.de\/markt\/produkt\/mosen-elektrische-nagelfraeser-elektrische-nagelfeile-manikuereset-20000u-min-11-in-1-usb-nagelknipser-setelektrisches-pedikuereset-polierwerkzeuge-nagelknipser-set-fuer-acryl-gele-kallus-entferne\/","name":"Mosen Elektrische Nagelfr\u00e4ser, Elektrische nagelfeile Manik\u00fcreset, 20000u\/Min 11 in 1 USB Nagelknipser Set,Elektrisches\u2026 - Markt-XXL","isPartOf":{"@id":"https:\/\/marktxxl.de\/markt\/#website"},"primaryImageOfPage":{"@id":"https:\/\/marktxxl.de\/markt\/produkt\/mosen-elektrische-nagelfraeser-elektrische-nagelfeile-manikuereset-20000u-min-11-in-1-usb-nagelknipser-setelektrisches-pedikuereset-polierwerkzeuge-nagelknipser-set-fuer-acryl-gele-kallus-entferne\/#primaryimage"},"image":{"@id":"https:\/\/marktxxl.de\/markt\/produkt\/mosen-elektrische-nagelfraeser-elektrische-nagelfeile-manikuereset-20000u-min-11-in-1-usb-nagelknipser-setelektrisches-pedikuereset-polierwerkzeuge-nagelknipser-set-fuer-acryl-gele-kallus-entferne\/#primaryimage"},"thumbnailUrl":"https:\/\/m.media-amazon.com\/images\/I\/41sRfemasoL._SL500_.jpg","datePublished":"2021-12-28T19:57:43+00:00","dateModified":"2023-04-09T00:48:21+00:00","description":"Markt-XXL Mosen Elektrische Nagelfr\u00e4ser, Elektrische nagelfeile Manik\u00fcreset, 20000u\/Min 11 in 1 USB Nagelknipser Set,Elektrisches\u2026","breadcrumb":{"@id":"https:\/\/marktxxl.de\/markt\/produkt\/mosen-elektrische-nagelfraeser-elektrische-nagelfeile-manikuereset-20000u-min-11-in-1-usb-nagelknipser-setelektrisches-pedikuereset-polierwerkzeuge-nagelknipser-set-fuer-acryl-gele-kallus-entferne\/#breadcrumb"},"inLanguage":"de","potentialAction":[{"@type":"ReadAction","target":["https:\/\/marktxxl.de\/markt\/produkt\/mosen-elektrische-nagelfraeser-elektrische-nagelfeile-manikuereset-20000u-min-11-in-1-usb-nagelknipser-setelektrisches-pedikuereset-polierwerkzeuge-nagelknipser-set-fuer-acryl-gele-kallus-entferne\/"]}]},{"@type":"ImageObject","inLanguage":"de","@id":"https:\/\/marktxxl.de\/markt\/produkt\/mosen-elektrische-nagelfraeser-elektrische-nagelfeile-manikuereset-20000u-min-11-in-1-usb-nagelknipser-setelektrisches-pedikuereset-polierwerkzeuge-nagelknipser-set-fuer-acryl-gele-kallus-entferne\/#primaryimage","url":"https:\/\/m.media-amazon.com\/images\/I\/41sRfemasoL._SL500_.jpg","contentUrl":"https:\/\/m.media-amazon.com\/images\/I\/41sRfemasoL._SL500_.jpg","width":500,"height":500},{"@type":"BreadcrumbList","@id":"https:\/\/marktxxl.de\/markt\/produkt\/mosen-elektrische-nagelfraeser-elektrische-nagelfeile-manikuereset-20000u-min-11-in-1-usb-nagelknipser-setelektrisches-pedikuereset-polierwerkzeuge-nagelknipser-set-fuer-acryl-gele-kallus-entferne\/#breadcrumb","itemListElement":[{"@type":"ListItem","position":1,"name":"Startseite","item":"https:\/\/marktxxl.de\/markt\/"},{"@type":"ListItem","position":2,"name":"Markt","item":"https:\/\/marktxxl.de\/markt\/"},{"@type":"ListItem","position":3,"name":"Mosen Elektrische Nagelfr\u00e4ser, Elektrische nagelfeile Manik\u00fcreset, 20000u\/Min 11 in 1 USB Nagelknipser Set,Elektrisches\u2026"}]},{"@type":"WebSite","@id":"https:\/\/marktxxl.de\/markt\/#website","url":"https:\/\/marktxxl.de\/markt\/","name":"Markt-XXL","description":"Ihr Markt Online","publisher":{"@id":"https:\/\/marktxxl.de\/markt\/#organization"},"potentialAction":[{"@type":"SearchAction","target":{"@type":"EntryPoint","urlTemplate":"https:\/\/marktxxl.de\/markt\/?s={search_term_string}"},"query-input":{"@type":"PropertyValueSpecification","valueRequired":true,"valueName":"search_term_string"}}],"inLanguage":"de"},{"@type":"Organization","@id":"https:\/\/marktxxl.de\/markt\/#organization","name":"Markt-XXL","url":"https:\/\/marktxxl.de\/markt\/","logo":{"@type":"ImageObject","inLanguage":"de","@id":"https:\/\/marktxxl.de\/markt\/#\/schema\/logo\/image\/","url":"https:\/\/marktxxl.de\/markt\/wp-content\/uploads\/sites\/3\/2020\/12\/logo.png","contentUrl":"https:\/\/marktxxl.de\/markt\/wp-content\/uploads\/sites\/3\/2020\/12\/logo.png","width":200,"height":70,"caption":"Markt-XXL"},"image":{"@id":"https:\/\/marktxxl.de\/markt\/#\/schema\/logo\/image\/"}}]}},"_links":{"self":[{"href":"https:\/\/marktxxl.de\/markt\/wp-json\/wp\/v2\/product\/92402","targetHints":{"allow":["GET"]}}],"collection":[{"href":"https:\/\/marktxxl.de\/markt\/wp-json\/wp\/v2\/product"}],"about":[{"href":"https:\/\/marktxxl.de\/markt\/wp-json\/wp\/v2\/types\/product"}],"replies":[{"embeddable":true,"href":"https:\/\/marktxxl.de\/markt\/wp-json\/wp\/v2\/comments?post=92402"}],"wp:featuredmedia":[{"embeddable":true,"href":"https:\/\/marktxxl.de\/markt\/wp-json\/wp\/v2\/media\/92403"}],"wp:attachment":[{"href":"https:\/\/marktxxl.de\/markt\/wp-json\/wp\/v2\/media?parent=92402"}],"wp:term":[{"taxonomy":"product_brand","embeddable":true,"href":"https:\/\/marktxxl.de\/markt\/wp-json\/wp\/v2\/product_brand?post=92402"},{"taxonomy":"product_cat","embeddable":true,"href":"https:\/\/marktxxl.de\/markt\/wp-json\/wp\/v2\/product_cat?post=92402"},{"taxonomy":"product_tag","embeddable":true,"href":"https:\/\/marktxxl.de\/markt\/wp-json\/wp\/v2\/product_tag?post=92402"}],"curies":[{"name":"wp","href":"https:\/\/api.w.org\/{rel}","templated":true}]}}