{"id":92386,"date":"2021-12-28T20:57:33","date_gmt":"2021-12-28T19:57:33","guid":{"rendered":"https:\/\/marktxxl.de\/markt\/produkt\/kaome-baby-wickelrucksack-wickeltasche-mit-wickelunterlage-und-flaschenwaermer-multifunktional-grosse-babyrucksack-bluemchen-wasserdichter-reiserucksack-fuer-unterwegs\/"},"modified":"2023-04-09T02:48:21","modified_gmt":"2023-04-09T00:48:21","slug":"kaome-baby-wickelrucksack-wickeltasche-mit-wickelunterlage-und-flaschenwaermer-multifunktional-grosse-babyrucksack-bluemchen-wasserdichter-reiserucksack-fuer-unterwegs","status":"publish","type":"product","link":"https:\/\/marktxxl.de\/markt\/produkt\/kaome-baby-wickelrucksack-wickeltasche-mit-wickelunterlage-und-flaschenwaermer-multifunktional-grosse-babyrucksack-bluemchen-wasserdichter-reiserucksack-fuer-unterwegs\/","title":{"rendered":"Kaome Baby Wickelrucksack Wickeltasche mit Wickelunterlage und flaschenw\u00e4rmer, Multifunktional Gro\u00dfe Babyrucksack\u2026"},"content":{"rendered":"<p>Was Sie erhalten: eine Wickeltasche mit Wickelunterlage und Flaschentasche (Abmessung: 30cm x 20cm x 40cm; Gewicht: 0,9 kg; Mattengr\u00f6\u00dfe: 60cm x 40cm; Flaschentaschengr\u00f6\u00dfe: 25cm x 12cm)<br \/>\nGro\u00dfe Kapazit\u00e4t: Gro\u00dfes Hauptfach mit doppelten Rei\u00dfverschl\u00fcssen und 15 separate Taschen, darunter Isoliertaschen und eine Tasche f\u00fcr nasse Kleidung. Sie k\u00f6nnen die Flasche Ihres Babys, Windeln, nasse Kleidung, saubere Kleidung, Snacks, Spielzeug und weitere wichtige Babyartikel in verschiedenen Taschen unterbringen.<br \/>\nPraktisches Design: Extra breite \u00d6ffnung, Gep\u00e4ckbefestigungsgurt, Haken und Gurte f\u00fcr den Kinderwagen, Rei\u00dfverschluss an der R\u00fcckseite, seitliche Papiertasche, Schl\u00fcsselringschnalle, Diebstahlschutztasche und Ledergriff &#8211; Diese kleinen Designs sorgen f\u00fcr ein komfortables Erlebnis.<br \/>\nLanglebig aber weich: Unser Windelrucksack besteht aus Stretch-Oxford, das sich sehr weich anf\u00fchlt. Das hochwertige Gewebe verleiht ihm eine gute wasserdichte und rei\u00dffeste Funktion. Und das bezaubernde Muster l\u00e4sst diesen Rucksack sehr stilvoll aussehen.<br \/>\nKaome garantiert Qualit\u00e4t und Service: F\u00fcr jedes von Kaome verkaufte Produkt gilt eine Garantie von 12 Monaten. Bei Problemen k\u00f6nnen Sie sich gerne jederzeit an uns wenden.<br \/>\n<div class=\"main-cross-sell\" data-asin=\"B084P7G2HD\">\n\n\t<div class=\"WooZone-cross-sell-loader\">\n\t\t<div>\n\t\t\t<div id=\"floatingBarsG\">\n\t\t\t\t<div class=\"blockG\" id=\"rotateG_01\"><\/div>\n\t\t\t\t<div class=\"blockG\" id=\"rotateG_02\"><\/div>\n\t\t\t\t<div class=\"blockG\" id=\"rotateG_03\"><\/div>\n\t\t\t\t<div class=\"blockG\" id=\"rotateG_04\"><\/div>\n\t\t\t\t<div class=\"blockG\" id=\"rotateG_05\"><\/div>\n\t\t\t\t<div class=\"blockG\" id=\"rotateG_06\"><\/div>\n\t\t\t\t<div class=\"blockG\" id=\"rotateG_07\"><\/div>\n\t\t\t\t<div class=\"blockG\" id=\"rotateG_08\"><\/div>\n\t\t\t<\/div>\n\t\t\t<div class=\"WooZone-cross-sell-loader-text\"><\/div>\n\t\t<\/div>\n\t<\/div>\n\n\t\t\n<\/div>\n<div style=\"clear:both;\"><\/div><\/p>\n","protected":false},"excerpt":{"rendered":"<p>Was Sie erhalten: eine Wickeltasche mit Wickelunterlage und Flaschentasche (Abmessung: 30cm x 20cm x 40cm; Gewicht: 0,9 kg; Mattengr\u00f6\u00dfe: 60cm x 40cm; Flaschentaschengr\u00f6\u00dfe: 25cm x 12cm)<br \/>\nGro\u00dfe Kapazit\u00e4t: Gro\u00dfes Hauptfach mit doppelten Rei\u00dfverschl\u00fcssen und 15 separate Taschen, darunter Isoliertaschen und eine Tasche f\u00fcr nasse Kleidung. Sie k\u00f6nnen die Flasche Ihres Babys, Windeln, nasse Kleidung, saubere Kleidung, Snacks, Spielzeug und weitere wichtige Babyartikel in verschiedenen Taschen unterbringen.<br \/>\nPraktisches Design: Extra breite \u00d6ffnung, Gep\u00e4ckbefestigungsgurt, Haken und Gurte f\u00fcr den Kinderwagen, Rei\u00dfverschluss an der R\u00fcckseite, seitliche Papiertasche, Schl\u00fcsselringschnalle, Diebstahlschutztasche und Ledergriff &#8211; Diese kleinen Designs sorgen f\u00fcr ein komfortables Erlebnis.<\/p>\n","protected":false},"featured_media":92387,"comment_status":"open","ping_status":"closed","template":"","meta":[],"product_brand":[],"product_cat":[21,9520],"product_tag":[],"class_list":{"0":"post-92386","1":"product","2":"type-product","3":"status-publish","4":"has-post-thumbnail","6":"product_cat-baby","7":"product_cat-wickeln-baby","8":"pa_brand-kaome","9":"pa_manufacturer-kaome","11":"first","12":"instock","13":"shipping-taxable","14":"purchasable","15":"product-type-simple","16":"customify-col","17":"product-has-gallery"},"yoast_head":"<!-- This site is optimized with the Yoast SEO plugin v27.4 - https:\/\/yoast.com\/product\/yoast-seo-wordpress\/ -->\n<title>Kaome Baby Wickelrucksack Wickeltasche mit Wickelunterlage und flaschenw\u00e4rmer, Multifunktional Gro\u00dfe Babyrucksack\u2026 - Markt-XXL<\/title>\n<meta name=\"description\" content=\"Markt-XXL Kaome Baby Wickelrucksack Wickeltasche mit Wickelunterlage und flaschenw\u00e4rmer, Multifunktional Gro\u00dfe Babyrucksack\u2026\" \/>\n<meta name=\"robots\" content=\"index, follow, max-snippet:-1, max-image-preview:large, max-video-preview:-1\" \/>\n<link rel=\"canonical\" href=\"https:\/\/marktxxl.de\/markt\/produkt\/kaome-baby-wickelrucksack-wickeltasche-mit-wickelunterlage-und-flaschenwaermer-multifunktional-grosse-babyrucksack-bluemchen-wasserdichter-reiserucksack-fuer-unterwegs\/\" \/>\n<meta property=\"og:locale\" content=\"de_DE\" \/>\n<meta property=\"og:type\" content=\"article\" \/>\n<meta property=\"og:title\" content=\"Kaome Baby Wickelrucksack Wickeltasche mit Wickelunterlage und flaschenw\u00e4rmer, Multifunktional Gro\u00dfe Babyrucksack\u2026 - Markt-XXL\" \/>\n<meta property=\"og:description\" content=\"Markt-XXL Kaome Baby Wickelrucksack Wickeltasche mit Wickelunterlage und flaschenw\u00e4rmer, Multifunktional Gro\u00dfe Babyrucksack\u2026\" \/>\n<meta property=\"og:url\" content=\"https:\/\/marktxxl.de\/markt\/produkt\/kaome-baby-wickelrucksack-wickeltasche-mit-wickelunterlage-und-flaschenwaermer-multifunktional-grosse-babyrucksack-bluemchen-wasserdichter-reiserucksack-fuer-unterwegs\/\" \/>\n<meta property=\"og:site_name\" content=\"Markt-XXL\" \/>\n<meta property=\"article:modified_time\" content=\"2023-04-09T00:48:21+00:00\" \/>\n<meta property=\"og:image\" content=\"https:\/\/m.media-amazon.com\/images\/I\/51aUkFkzKXL._SL500_.jpg\" \/>\n\t<meta property=\"og:image:width\" content=\"385\" \/>\n\t<meta property=\"og:image:height\" content=\"500\" \/>\n\t<meta property=\"og:image:type\" content=\"image\/jpeg\" \/>\n<meta name=\"twitter:card\" content=\"summary_large_image\" \/>\n<meta name=\"twitter:label1\" content=\"Gesch\u00e4tzte Lesezeit\" \/>\n\t<meta name=\"twitter:data1\" content=\"1\u00a0Minute\" \/>\n<script type=\"application\/ld+json\" class=\"yoast-schema-graph\">{\"@context\":\"https:\\\/\\\/schema.org\",\"@graph\":[{\"@type\":\"WebPage\",\"@id\":\"https:\\\/\\\/marktxxl.de\\\/markt\\\/produkt\\\/kaome-baby-wickelrucksack-wickeltasche-mit-wickelunterlage-und-flaschenwaermer-multifunktional-grosse-babyrucksack-bluemchen-wasserdichter-reiserucksack-fuer-unterwegs\\\/\",\"url\":\"https:\\\/\\\/marktxxl.de\\\/markt\\\/produkt\\\/kaome-baby-wickelrucksack-wickeltasche-mit-wickelunterlage-und-flaschenwaermer-multifunktional-grosse-babyrucksack-bluemchen-wasserdichter-reiserucksack-fuer-unterwegs\\\/\",\"name\":\"Kaome Baby Wickelrucksack Wickeltasche mit Wickelunterlage und flaschenw\u00e4rmer, Multifunktional Gro\u00dfe Babyrucksack\u2026 - Markt-XXL\",\"isPartOf\":{\"@id\":\"https:\\\/\\\/marktxxl.de\\\/markt\\\/#website\"},\"primaryImageOfPage\":{\"@id\":\"https:\\\/\\\/marktxxl.de\\\/markt\\\/produkt\\\/kaome-baby-wickelrucksack-wickeltasche-mit-wickelunterlage-und-flaschenwaermer-multifunktional-grosse-babyrucksack-bluemchen-wasserdichter-reiserucksack-fuer-unterwegs\\\/#primaryimage\"},\"image\":{\"@id\":\"https:\\\/\\\/marktxxl.de\\\/markt\\\/produkt\\\/kaome-baby-wickelrucksack-wickeltasche-mit-wickelunterlage-und-flaschenwaermer-multifunktional-grosse-babyrucksack-bluemchen-wasserdichter-reiserucksack-fuer-unterwegs\\\/#primaryimage\"},\"thumbnailUrl\":\"https:\\\/\\\/m.media-amazon.com\\\/images\\\/I\\\/51aUkFkzKXL._SL500_.jpg\",\"datePublished\":\"2021-12-28T19:57:33+00:00\",\"dateModified\":\"2023-04-09T00:48:21+00:00\",\"description\":\"Markt-XXL Kaome Baby Wickelrucksack Wickeltasche mit Wickelunterlage und flaschenw\u00e4rmer, Multifunktional Gro\u00dfe Babyrucksack\u2026\",\"breadcrumb\":{\"@id\":\"https:\\\/\\\/marktxxl.de\\\/markt\\\/produkt\\\/kaome-baby-wickelrucksack-wickeltasche-mit-wickelunterlage-und-flaschenwaermer-multifunktional-grosse-babyrucksack-bluemchen-wasserdichter-reiserucksack-fuer-unterwegs\\\/#breadcrumb\"},\"inLanguage\":\"de\",\"potentialAction\":[{\"@type\":\"ReadAction\",\"target\":[\"https:\\\/\\\/marktxxl.de\\\/markt\\\/produkt\\\/kaome-baby-wickelrucksack-wickeltasche-mit-wickelunterlage-und-flaschenwaermer-multifunktional-grosse-babyrucksack-bluemchen-wasserdichter-reiserucksack-fuer-unterwegs\\\/\"]}]},{\"@type\":\"ImageObject\",\"inLanguage\":\"de\",\"@id\":\"https:\\\/\\\/marktxxl.de\\\/markt\\\/produkt\\\/kaome-baby-wickelrucksack-wickeltasche-mit-wickelunterlage-und-flaschenwaermer-multifunktional-grosse-babyrucksack-bluemchen-wasserdichter-reiserucksack-fuer-unterwegs\\\/#primaryimage\",\"url\":\"https:\\\/\\\/m.media-amazon.com\\\/images\\\/I\\\/51aUkFkzKXL._SL500_.jpg\",\"contentUrl\":\"https:\\\/\\\/m.media-amazon.com\\\/images\\\/I\\\/51aUkFkzKXL._SL500_.jpg\",\"width\":385,\"height\":500},{\"@type\":\"BreadcrumbList\",\"@id\":\"https:\\\/\\\/marktxxl.de\\\/markt\\\/produkt\\\/kaome-baby-wickelrucksack-wickeltasche-mit-wickelunterlage-und-flaschenwaermer-multifunktional-grosse-babyrucksack-bluemchen-wasserdichter-reiserucksack-fuer-unterwegs\\\/#breadcrumb\",\"itemListElement\":[{\"@type\":\"ListItem\",\"position\":1,\"name\":\"Startseite\",\"item\":\"https:\\\/\\\/marktxxl.de\\\/markt\\\/\"},{\"@type\":\"ListItem\",\"position\":2,\"name\":\"Markt\",\"item\":\"https:\\\/\\\/marktxxl.de\\\/markt\\\/\"},{\"@type\":\"ListItem\",\"position\":3,\"name\":\"Kaome Baby Wickelrucksack Wickeltasche mit Wickelunterlage und flaschenw\u00e4rmer, Multifunktional Gro\u00dfe Babyrucksack\u2026\"}]},{\"@type\":\"WebSite\",\"@id\":\"https:\\\/\\\/marktxxl.de\\\/markt\\\/#website\",\"url\":\"https:\\\/\\\/marktxxl.de\\\/markt\\\/\",\"name\":\"Markt-XXL\",\"description\":\"Ihr Markt Online\",\"publisher\":{\"@id\":\"https:\\\/\\\/marktxxl.de\\\/markt\\\/#organization\"},\"potentialAction\":[{\"@type\":\"SearchAction\",\"target\":{\"@type\":\"EntryPoint\",\"urlTemplate\":\"https:\\\/\\\/marktxxl.de\\\/markt\\\/?s={search_term_string}\"},\"query-input\":{\"@type\":\"PropertyValueSpecification\",\"valueRequired\":true,\"valueName\":\"search_term_string\"}}],\"inLanguage\":\"de\"},{\"@type\":\"Organization\",\"@id\":\"https:\\\/\\\/marktxxl.de\\\/markt\\\/#organization\",\"name\":\"Markt-XXL\",\"url\":\"https:\\\/\\\/marktxxl.de\\\/markt\\\/\",\"logo\":{\"@type\":\"ImageObject\",\"inLanguage\":\"de\",\"@id\":\"https:\\\/\\\/marktxxl.de\\\/markt\\\/#\\\/schema\\\/logo\\\/image\\\/\",\"url\":\"https:\\\/\\\/marktxxl.de\\\/markt\\\/wp-content\\\/uploads\\\/sites\\\/3\\\/2020\\\/12\\\/logo.png\",\"contentUrl\":\"https:\\\/\\\/marktxxl.de\\\/markt\\\/wp-content\\\/uploads\\\/sites\\\/3\\\/2020\\\/12\\\/logo.png\",\"width\":200,\"height\":70,\"caption\":\"Markt-XXL\"},\"image\":{\"@id\":\"https:\\\/\\\/marktxxl.de\\\/markt\\\/#\\\/schema\\\/logo\\\/image\\\/\"}}]}<\/script>\n<!-- \/ Yoast SEO plugin. -->","yoast_head_json":{"title":"Kaome Baby Wickelrucksack Wickeltasche mit Wickelunterlage und flaschenw\u00e4rmer, Multifunktional Gro\u00dfe Babyrucksack\u2026 - Markt-XXL","description":"Markt-XXL Kaome Baby Wickelrucksack Wickeltasche mit Wickelunterlage und flaschenw\u00e4rmer, Multifunktional Gro\u00dfe Babyrucksack\u2026","robots":{"index":"index","follow":"follow","max-snippet":"max-snippet:-1","max-image-preview":"max-image-preview:large","max-video-preview":"max-video-preview:-1"},"canonical":"https:\/\/marktxxl.de\/markt\/produkt\/kaome-baby-wickelrucksack-wickeltasche-mit-wickelunterlage-und-flaschenwaermer-multifunktional-grosse-babyrucksack-bluemchen-wasserdichter-reiserucksack-fuer-unterwegs\/","og_locale":"de_DE","og_type":"article","og_title":"Kaome Baby Wickelrucksack Wickeltasche mit Wickelunterlage und flaschenw\u00e4rmer, Multifunktional Gro\u00dfe Babyrucksack\u2026 - Markt-XXL","og_description":"Markt-XXL Kaome Baby Wickelrucksack Wickeltasche mit Wickelunterlage und flaschenw\u00e4rmer, Multifunktional Gro\u00dfe Babyrucksack\u2026","og_url":"https:\/\/marktxxl.de\/markt\/produkt\/kaome-baby-wickelrucksack-wickeltasche-mit-wickelunterlage-und-flaschenwaermer-multifunktional-grosse-babyrucksack-bluemchen-wasserdichter-reiserucksack-fuer-unterwegs\/","og_site_name":"Markt-XXL","article_modified_time":"2023-04-09T00:48:21+00:00","og_image":[{"width":385,"height":500,"url":"https:\/\/m.media-amazon.com\/images\/I\/51aUkFkzKXL._SL500_.jpg","type":"image\/jpeg"}],"twitter_card":"summary_large_image","twitter_misc":{"Gesch\u00e4tzte Lesezeit":"1\u00a0Minute"},"schema":{"@context":"https:\/\/schema.org","@graph":[{"@type":"WebPage","@id":"https:\/\/marktxxl.de\/markt\/produkt\/kaome-baby-wickelrucksack-wickeltasche-mit-wickelunterlage-und-flaschenwaermer-multifunktional-grosse-babyrucksack-bluemchen-wasserdichter-reiserucksack-fuer-unterwegs\/","url":"https:\/\/marktxxl.de\/markt\/produkt\/kaome-baby-wickelrucksack-wickeltasche-mit-wickelunterlage-und-flaschenwaermer-multifunktional-grosse-babyrucksack-bluemchen-wasserdichter-reiserucksack-fuer-unterwegs\/","name":"Kaome Baby Wickelrucksack Wickeltasche mit Wickelunterlage und flaschenw\u00e4rmer, Multifunktional Gro\u00dfe Babyrucksack\u2026 - Markt-XXL","isPartOf":{"@id":"https:\/\/marktxxl.de\/markt\/#website"},"primaryImageOfPage":{"@id":"https:\/\/marktxxl.de\/markt\/produkt\/kaome-baby-wickelrucksack-wickeltasche-mit-wickelunterlage-und-flaschenwaermer-multifunktional-grosse-babyrucksack-bluemchen-wasserdichter-reiserucksack-fuer-unterwegs\/#primaryimage"},"image":{"@id":"https:\/\/marktxxl.de\/markt\/produkt\/kaome-baby-wickelrucksack-wickeltasche-mit-wickelunterlage-und-flaschenwaermer-multifunktional-grosse-babyrucksack-bluemchen-wasserdichter-reiserucksack-fuer-unterwegs\/#primaryimage"},"thumbnailUrl":"https:\/\/m.media-amazon.com\/images\/I\/51aUkFkzKXL._SL500_.jpg","datePublished":"2021-12-28T19:57:33+00:00","dateModified":"2023-04-09T00:48:21+00:00","description":"Markt-XXL Kaome Baby Wickelrucksack Wickeltasche mit Wickelunterlage und flaschenw\u00e4rmer, Multifunktional Gro\u00dfe Babyrucksack\u2026","breadcrumb":{"@id":"https:\/\/marktxxl.de\/markt\/produkt\/kaome-baby-wickelrucksack-wickeltasche-mit-wickelunterlage-und-flaschenwaermer-multifunktional-grosse-babyrucksack-bluemchen-wasserdichter-reiserucksack-fuer-unterwegs\/#breadcrumb"},"inLanguage":"de","potentialAction":[{"@type":"ReadAction","target":["https:\/\/marktxxl.de\/markt\/produkt\/kaome-baby-wickelrucksack-wickeltasche-mit-wickelunterlage-und-flaschenwaermer-multifunktional-grosse-babyrucksack-bluemchen-wasserdichter-reiserucksack-fuer-unterwegs\/"]}]},{"@type":"ImageObject","inLanguage":"de","@id":"https:\/\/marktxxl.de\/markt\/produkt\/kaome-baby-wickelrucksack-wickeltasche-mit-wickelunterlage-und-flaschenwaermer-multifunktional-grosse-babyrucksack-bluemchen-wasserdichter-reiserucksack-fuer-unterwegs\/#primaryimage","url":"https:\/\/m.media-amazon.com\/images\/I\/51aUkFkzKXL._SL500_.jpg","contentUrl":"https:\/\/m.media-amazon.com\/images\/I\/51aUkFkzKXL._SL500_.jpg","width":385,"height":500},{"@type":"BreadcrumbList","@id":"https:\/\/marktxxl.de\/markt\/produkt\/kaome-baby-wickelrucksack-wickeltasche-mit-wickelunterlage-und-flaschenwaermer-multifunktional-grosse-babyrucksack-bluemchen-wasserdichter-reiserucksack-fuer-unterwegs\/#breadcrumb","itemListElement":[{"@type":"ListItem","position":1,"name":"Startseite","item":"https:\/\/marktxxl.de\/markt\/"},{"@type":"ListItem","position":2,"name":"Markt","item":"https:\/\/marktxxl.de\/markt\/"},{"@type":"ListItem","position":3,"name":"Kaome Baby Wickelrucksack Wickeltasche mit Wickelunterlage und flaschenw\u00e4rmer, Multifunktional Gro\u00dfe Babyrucksack\u2026"}]},{"@type":"WebSite","@id":"https:\/\/marktxxl.de\/markt\/#website","url":"https:\/\/marktxxl.de\/markt\/","name":"Markt-XXL","description":"Ihr Markt Online","publisher":{"@id":"https:\/\/marktxxl.de\/markt\/#organization"},"potentialAction":[{"@type":"SearchAction","target":{"@type":"EntryPoint","urlTemplate":"https:\/\/marktxxl.de\/markt\/?s={search_term_string}"},"query-input":{"@type":"PropertyValueSpecification","valueRequired":true,"valueName":"search_term_string"}}],"inLanguage":"de"},{"@type":"Organization","@id":"https:\/\/marktxxl.de\/markt\/#organization","name":"Markt-XXL","url":"https:\/\/marktxxl.de\/markt\/","logo":{"@type":"ImageObject","inLanguage":"de","@id":"https:\/\/marktxxl.de\/markt\/#\/schema\/logo\/image\/","url":"https:\/\/marktxxl.de\/markt\/wp-content\/uploads\/sites\/3\/2020\/12\/logo.png","contentUrl":"https:\/\/marktxxl.de\/markt\/wp-content\/uploads\/sites\/3\/2020\/12\/logo.png","width":200,"height":70,"caption":"Markt-XXL"},"image":{"@id":"https:\/\/marktxxl.de\/markt\/#\/schema\/logo\/image\/"}}]}},"_links":{"self":[{"href":"https:\/\/marktxxl.de\/markt\/wp-json\/wp\/v2\/product\/92386","targetHints":{"allow":["GET"]}}],"collection":[{"href":"https:\/\/marktxxl.de\/markt\/wp-json\/wp\/v2\/product"}],"about":[{"href":"https:\/\/marktxxl.de\/markt\/wp-json\/wp\/v2\/types\/product"}],"replies":[{"embeddable":true,"href":"https:\/\/marktxxl.de\/markt\/wp-json\/wp\/v2\/comments?post=92386"}],"wp:featuredmedia":[{"embeddable":true,"href":"https:\/\/marktxxl.de\/markt\/wp-json\/wp\/v2\/media\/92387"}],"wp:attachment":[{"href":"https:\/\/marktxxl.de\/markt\/wp-json\/wp\/v2\/media?parent=92386"}],"wp:term":[{"taxonomy":"product_brand","embeddable":true,"href":"https:\/\/marktxxl.de\/markt\/wp-json\/wp\/v2\/product_brand?post=92386"},{"taxonomy":"product_cat","embeddable":true,"href":"https:\/\/marktxxl.de\/markt\/wp-json\/wp\/v2\/product_cat?post=92386"},{"taxonomy":"product_tag","embeddable":true,"href":"https:\/\/marktxxl.de\/markt\/wp-json\/wp\/v2\/product_tag?post=92386"}],"curies":[{"name":"wp","href":"https:\/\/api.w.org\/{rel}","templated":true}]}}