{"id":92295,"date":"2021-12-28T20:51:45","date_gmt":"2021-12-28T19:51:45","guid":{"rendered":"https:\/\/marktxxl.de\/markt\/produkt\/tragbares-windel-wickelkissen-wasserdicht-faltbar-baby-wickelauflage-reisewindelwechselmatte-kleines-leicht-wickelunterlagen-fuer-baby-waschmaschinenfest-babywechsler\/"},"modified":"2023-04-10T03:04:28","modified_gmt":"2023-04-10T01:04:28","slug":"tragbares-windel-wickelkissen-wasserdicht-faltbar-baby-wickelauflage-reisewindelwechselmatte-kleines-leicht-wickelunterlagen-fuer-baby-waschmaschinenfest-babywechsler","status":"publish","type":"product","link":"https:\/\/marktxxl.de\/markt\/produkt\/tragbares-windel-wickelkissen-wasserdicht-faltbar-baby-wickelauflage-reisewindelwechselmatte-kleines-leicht-wickelunterlagen-fuer-baby-waschmaschinenfest-babywechsler\/","title":{"rendered":"Tragbare Windel-Wickelunterlage \u2013 Wasserdichte faltbare Baby-Wickelunterlage \u2013 Reise-Windel-Wickelunterlage \u2013 leichte\u2026"},"content":{"rendered":"<p>Gross Bereich \u00c4ndern &#8211; Unsere SWIFT windelwechselkissen verf\u00fcgt \u00fcber einen grossen windelwechselbereich von 25,5&#8243; mal 13,5&#8243;, das macht es f\u00fcr den einsatz von neugeborenen bis 36 monaten geeignet. Sie haben mehr platz, um ihr baby zu bewegen, w\u00e4hrend sie die windel wechseln.<br \/>\nKompakte Gefaltete Gr\u00f6sse &#8211; Es ist notwendig, eine menge sachen f\u00fcr einen tagesausflug in ihre babywindeltasche zu packen. Deshalb haben wir unser SWIFT portable diaper changing pad so gefaltet, dass es zu einem kleinen und kompakten windelwechsel mit einer gr\u00f6\u00dfe von 6,8&#8243; x 8,5&#8243;. Nimmt nur wenig platz in ihren windelrucks\u00e4cken oder tragetaschen ein.<br \/>\nWasserdichtes \u00c4nderungspad &#8211; Wir verwenden eine hochwertige, wasserdichte und glatte windelwechseloberfl\u00e4che f\u00fcr eine einfache fleckenreinigung unterwegs. Einfach mit feuchten t\u00fcchern abwischen oder desinfektionsmittel nach jedem gebrauch.<br \/>\nWeiche Kissenpadding &#8211; Mit unseren weich gepolsterten windelwechselmatten kann sich ihr baby bequem hinlegen und genie\u00dfen sie windelwechsel \u00fcberall ohne viel aufhebens. Sch\u00fctzen sie ihr baby in \u00f6ffentlichen windelwechselstationen vor harten und schmutzigen oberfl\u00e4chen.<br \/>\nLanglebig &amp; Letzt &#8211; Von drucken \u00fcber n\u00e4hte bis hin zur endbearbeitung stellen wir sicher, dass jeder schritt mit liebe von hand gefertigt wird, wir liefern ihnen nur produkte von bester qualit\u00e4t. Unsere SWIFT windelwechselmatte ist maschinenwaschbar und einfach zu bedienen, macht es zum perfekten modernen elternteil f\u00fcr unterwegs wesentlich!<br \/>\n<div class=\"main-cross-sell\" data-asin=\"B08Z7N3R8G\">\n\n\t<div class=\"WooZone-cross-sell-loader\">\n\t\t<div>\n\t\t\t<div id=\"floatingBarsG\">\n\t\t\t\t<div class=\"blockG\" id=\"rotateG_01\"><\/div>\n\t\t\t\t<div class=\"blockG\" id=\"rotateG_02\"><\/div>\n\t\t\t\t<div class=\"blockG\" id=\"rotateG_03\"><\/div>\n\t\t\t\t<div class=\"blockG\" id=\"rotateG_04\"><\/div>\n\t\t\t\t<div class=\"blockG\" id=\"rotateG_05\"><\/div>\n\t\t\t\t<div class=\"blockG\" id=\"rotateG_06\"><\/div>\n\t\t\t\t<div class=\"blockG\" id=\"rotateG_07\"><\/div>\n\t\t\t\t<div class=\"blockG\" id=\"rotateG_08\"><\/div>\n\t\t\t<\/div>\n\t\t\t<div class=\"WooZone-cross-sell-loader-text\"><\/div>\n\t\t<\/div>\n\t<\/div>\n\n\t\t\n<\/div>\n<div style=\"clear:both;\"><\/div><\/p>\n","protected":false},"excerpt":{"rendered":"<p>Gross Bereich \u00c4ndern &#8211; Unsere SWIFT windelwechselkissen verf\u00fcgt \u00fcber einen grossen windelwechselbereich von 25,5&#8243; mal 13,5&#8243;, das macht es f\u00fcr den einsatz von neugeborenen bis 36 monaten geeignet. Sie haben mehr platz, um ihr baby zu bewegen, w\u00e4hrend sie die windel wechseln.<br \/>\nKompakte Gefaltete Gr\u00f6sse &#8211; Es ist notwendig, eine menge sachen f\u00fcr einen tagesausflug in ihre babywindeltasche zu packen. Deshalb haben wir unser SWIFT portable diaper changing pad so gefaltet, dass es zu einem kleinen und kompakten windelwechsel mit einer gr\u00f6\u00dfe von 6,8&#8243; x 8,5&#8243;. Nimmt nur wenig platz in ihren windelrucks\u00e4cken oder tragetaschen ein.<br \/>\nWasserdichtes \u00c4nderungspad &#8211; Wir verwenden eine hochwertige, wasserdichte und glatte windelwechseloberfl\u00e4che f\u00fcr eine einfache fleckenreinigung unterwegs. Einfach mit feuchten t\u00fcchern abwischen oder desinfektionsmittel nach jedem gebrauch.<\/p>\n","protected":false},"featured_media":92296,"comment_status":"open","ping_status":"closed","template":"","meta":[],"product_brand":[],"product_cat":[21,9520],"product_tag":[],"class_list":{"0":"post-92295","1":"product","2":"type-product","3":"status-publish","4":"has-post-thumbnail","6":"product_cat-baby","7":"product_cat-wickeln-baby","8":"pa_brand-keababies","9":"pa_manufacturer-keababies","10":"pa_model-keababies","12":"first","13":"instock","14":"shipping-taxable","15":"purchasable","16":"product-type-simple","17":"customify-col","18":"product-has-gallery"},"yoast_head":"<!-- This site is optimized with the Yoast SEO plugin v27.4 - https:\/\/yoast.com\/product\/yoast-seo-wordpress\/ -->\n<title>Tragbare Windel-Wickelunterlage \u2013 Wasserdichte faltbare Baby-Wickelunterlage \u2013 Reise-Windel-Wickelunterlage \u2013 leichte\u2026 - Markt-XXL<\/title>\n<meta name=\"description\" content=\"Markt-XXL Tragbare Windel-Wickelunterlage \u2013 Wasserdichte faltbare Baby-Wickelunterlage \u2013 Reise-Windel-Wickelunterlage \u2013 leichte\u2026\" \/>\n<meta name=\"robots\" content=\"index, follow, max-snippet:-1, max-image-preview:large, max-video-preview:-1\" \/>\n<link rel=\"canonical\" href=\"https:\/\/marktxxl.de\/markt\/produkt\/tragbares-windel-wickelkissen-wasserdicht-faltbar-baby-wickelauflage-reisewindelwechselmatte-kleines-leicht-wickelunterlagen-fuer-baby-waschmaschinenfest-babywechsler\/\" \/>\n<meta property=\"og:locale\" content=\"de_DE\" \/>\n<meta property=\"og:type\" content=\"article\" \/>\n<meta property=\"og:title\" content=\"Tragbare Windel-Wickelunterlage \u2013 Wasserdichte faltbare Baby-Wickelunterlage \u2013 Reise-Windel-Wickelunterlage \u2013 leichte\u2026 - Markt-XXL\" \/>\n<meta property=\"og:description\" content=\"Markt-XXL Tragbare Windel-Wickelunterlage \u2013 Wasserdichte faltbare Baby-Wickelunterlage \u2013 Reise-Windel-Wickelunterlage \u2013 leichte\u2026\" \/>\n<meta property=\"og:url\" content=\"https:\/\/marktxxl.de\/markt\/produkt\/tragbares-windel-wickelkissen-wasserdicht-faltbar-baby-wickelauflage-reisewindelwechselmatte-kleines-leicht-wickelunterlagen-fuer-baby-waschmaschinenfest-babywechsler\/\" \/>\n<meta property=\"og:site_name\" content=\"Markt-XXL\" \/>\n<meta property=\"article:modified_time\" content=\"2023-04-10T01:04:28+00:00\" \/>\n<meta property=\"og:image\" content=\"https:\/\/m.media-amazon.com\/images\/I\/51SWnfS82QL._SL500_.jpg\" \/>\n\t<meta property=\"og:image:width\" content=\"500\" \/>\n\t<meta property=\"og:image:height\" content=\"500\" \/>\n\t<meta property=\"og:image:type\" content=\"image\/jpeg\" \/>\n<meta name=\"twitter:card\" content=\"summary_large_image\" \/>\n<meta name=\"twitter:label1\" content=\"Gesch\u00e4tzte Lesezeit\" \/>\n\t<meta name=\"twitter:data1\" content=\"1\u00a0Minute\" \/>\n<script type=\"application\/ld+json\" class=\"yoast-schema-graph\">{\"@context\":\"https:\\\/\\\/schema.org\",\"@graph\":[{\"@type\":\"WebPage\",\"@id\":\"https:\\\/\\\/marktxxl.de\\\/markt\\\/produkt\\\/tragbares-windel-wickelkissen-wasserdicht-faltbar-baby-wickelauflage-reisewindelwechselmatte-kleines-leicht-wickelunterlagen-fuer-baby-waschmaschinenfest-babywechsler\\\/\",\"url\":\"https:\\\/\\\/marktxxl.de\\\/markt\\\/produkt\\\/tragbares-windel-wickelkissen-wasserdicht-faltbar-baby-wickelauflage-reisewindelwechselmatte-kleines-leicht-wickelunterlagen-fuer-baby-waschmaschinenfest-babywechsler\\\/\",\"name\":\"Tragbare Windel-Wickelunterlage \u2013 Wasserdichte faltbare Baby-Wickelunterlage \u2013 Reise-Windel-Wickelunterlage \u2013 leichte\u2026 - Markt-XXL\",\"isPartOf\":{\"@id\":\"https:\\\/\\\/marktxxl.de\\\/markt\\\/#website\"},\"primaryImageOfPage\":{\"@id\":\"https:\\\/\\\/marktxxl.de\\\/markt\\\/produkt\\\/tragbares-windel-wickelkissen-wasserdicht-faltbar-baby-wickelauflage-reisewindelwechselmatte-kleines-leicht-wickelunterlagen-fuer-baby-waschmaschinenfest-babywechsler\\\/#primaryimage\"},\"image\":{\"@id\":\"https:\\\/\\\/marktxxl.de\\\/markt\\\/produkt\\\/tragbares-windel-wickelkissen-wasserdicht-faltbar-baby-wickelauflage-reisewindelwechselmatte-kleines-leicht-wickelunterlagen-fuer-baby-waschmaschinenfest-babywechsler\\\/#primaryimage\"},\"thumbnailUrl\":\"https:\\\/\\\/m.media-amazon.com\\\/images\\\/I\\\/51SWnfS82QL._SL500_.jpg\",\"datePublished\":\"2021-12-28T19:51:45+00:00\",\"dateModified\":\"2023-04-10T01:04:28+00:00\",\"description\":\"Markt-XXL Tragbare Windel-Wickelunterlage \u2013 Wasserdichte faltbare Baby-Wickelunterlage \u2013 Reise-Windel-Wickelunterlage \u2013 leichte\u2026\",\"breadcrumb\":{\"@id\":\"https:\\\/\\\/marktxxl.de\\\/markt\\\/produkt\\\/tragbares-windel-wickelkissen-wasserdicht-faltbar-baby-wickelauflage-reisewindelwechselmatte-kleines-leicht-wickelunterlagen-fuer-baby-waschmaschinenfest-babywechsler\\\/#breadcrumb\"},\"inLanguage\":\"de\",\"potentialAction\":[{\"@type\":\"ReadAction\",\"target\":[\"https:\\\/\\\/marktxxl.de\\\/markt\\\/produkt\\\/tragbares-windel-wickelkissen-wasserdicht-faltbar-baby-wickelauflage-reisewindelwechselmatte-kleines-leicht-wickelunterlagen-fuer-baby-waschmaschinenfest-babywechsler\\\/\"]}]},{\"@type\":\"ImageObject\",\"inLanguage\":\"de\",\"@id\":\"https:\\\/\\\/marktxxl.de\\\/markt\\\/produkt\\\/tragbares-windel-wickelkissen-wasserdicht-faltbar-baby-wickelauflage-reisewindelwechselmatte-kleines-leicht-wickelunterlagen-fuer-baby-waschmaschinenfest-babywechsler\\\/#primaryimage\",\"url\":\"https:\\\/\\\/m.media-amazon.com\\\/images\\\/I\\\/51SWnfS82QL._SL500_.jpg\",\"contentUrl\":\"https:\\\/\\\/m.media-amazon.com\\\/images\\\/I\\\/51SWnfS82QL._SL500_.jpg\",\"width\":500,\"height\":500},{\"@type\":\"BreadcrumbList\",\"@id\":\"https:\\\/\\\/marktxxl.de\\\/markt\\\/produkt\\\/tragbares-windel-wickelkissen-wasserdicht-faltbar-baby-wickelauflage-reisewindelwechselmatte-kleines-leicht-wickelunterlagen-fuer-baby-waschmaschinenfest-babywechsler\\\/#breadcrumb\",\"itemListElement\":[{\"@type\":\"ListItem\",\"position\":1,\"name\":\"Startseite\",\"item\":\"https:\\\/\\\/marktxxl.de\\\/markt\\\/\"},{\"@type\":\"ListItem\",\"position\":2,\"name\":\"Markt\",\"item\":\"https:\\\/\\\/marktxxl.de\\\/markt\\\/\"},{\"@type\":\"ListItem\",\"position\":3,\"name\":\"Tragbare Windel-Wickelunterlage \u2013 Wasserdichte faltbare Baby-Wickelunterlage \u2013 Reise-Windel-Wickelunterlage \u2013 leichte\u2026\"}]},{\"@type\":\"WebSite\",\"@id\":\"https:\\\/\\\/marktxxl.de\\\/markt\\\/#website\",\"url\":\"https:\\\/\\\/marktxxl.de\\\/markt\\\/\",\"name\":\"Markt-XXL\",\"description\":\"Ihr Markt Online\",\"publisher\":{\"@id\":\"https:\\\/\\\/marktxxl.de\\\/markt\\\/#organization\"},\"potentialAction\":[{\"@type\":\"SearchAction\",\"target\":{\"@type\":\"EntryPoint\",\"urlTemplate\":\"https:\\\/\\\/marktxxl.de\\\/markt\\\/?s={search_term_string}\"},\"query-input\":{\"@type\":\"PropertyValueSpecification\",\"valueRequired\":true,\"valueName\":\"search_term_string\"}}],\"inLanguage\":\"de\"},{\"@type\":\"Organization\",\"@id\":\"https:\\\/\\\/marktxxl.de\\\/markt\\\/#organization\",\"name\":\"Markt-XXL\",\"url\":\"https:\\\/\\\/marktxxl.de\\\/markt\\\/\",\"logo\":{\"@type\":\"ImageObject\",\"inLanguage\":\"de\",\"@id\":\"https:\\\/\\\/marktxxl.de\\\/markt\\\/#\\\/schema\\\/logo\\\/image\\\/\",\"url\":\"https:\\\/\\\/marktxxl.de\\\/markt\\\/wp-content\\\/uploads\\\/sites\\\/3\\\/2020\\\/12\\\/logo.png\",\"contentUrl\":\"https:\\\/\\\/marktxxl.de\\\/markt\\\/wp-content\\\/uploads\\\/sites\\\/3\\\/2020\\\/12\\\/logo.png\",\"width\":200,\"height\":70,\"caption\":\"Markt-XXL\"},\"image\":{\"@id\":\"https:\\\/\\\/marktxxl.de\\\/markt\\\/#\\\/schema\\\/logo\\\/image\\\/\"}}]}<\/script>\n<!-- \/ Yoast SEO plugin. -->","yoast_head_json":{"title":"Tragbare Windel-Wickelunterlage \u2013 Wasserdichte faltbare Baby-Wickelunterlage \u2013 Reise-Windel-Wickelunterlage \u2013 leichte\u2026 - Markt-XXL","description":"Markt-XXL Tragbare Windel-Wickelunterlage \u2013 Wasserdichte faltbare Baby-Wickelunterlage \u2013 Reise-Windel-Wickelunterlage \u2013 leichte\u2026","robots":{"index":"index","follow":"follow","max-snippet":"max-snippet:-1","max-image-preview":"max-image-preview:large","max-video-preview":"max-video-preview:-1"},"canonical":"https:\/\/marktxxl.de\/markt\/produkt\/tragbares-windel-wickelkissen-wasserdicht-faltbar-baby-wickelauflage-reisewindelwechselmatte-kleines-leicht-wickelunterlagen-fuer-baby-waschmaschinenfest-babywechsler\/","og_locale":"de_DE","og_type":"article","og_title":"Tragbare Windel-Wickelunterlage \u2013 Wasserdichte faltbare Baby-Wickelunterlage \u2013 Reise-Windel-Wickelunterlage \u2013 leichte\u2026 - Markt-XXL","og_description":"Markt-XXL Tragbare Windel-Wickelunterlage \u2013 Wasserdichte faltbare Baby-Wickelunterlage \u2013 Reise-Windel-Wickelunterlage \u2013 leichte\u2026","og_url":"https:\/\/marktxxl.de\/markt\/produkt\/tragbares-windel-wickelkissen-wasserdicht-faltbar-baby-wickelauflage-reisewindelwechselmatte-kleines-leicht-wickelunterlagen-fuer-baby-waschmaschinenfest-babywechsler\/","og_site_name":"Markt-XXL","article_modified_time":"2023-04-10T01:04:28+00:00","og_image":[{"width":500,"height":500,"url":"https:\/\/m.media-amazon.com\/images\/I\/51SWnfS82QL._SL500_.jpg","type":"image\/jpeg"}],"twitter_card":"summary_large_image","twitter_misc":{"Gesch\u00e4tzte Lesezeit":"1\u00a0Minute"},"schema":{"@context":"https:\/\/schema.org","@graph":[{"@type":"WebPage","@id":"https:\/\/marktxxl.de\/markt\/produkt\/tragbares-windel-wickelkissen-wasserdicht-faltbar-baby-wickelauflage-reisewindelwechselmatte-kleines-leicht-wickelunterlagen-fuer-baby-waschmaschinenfest-babywechsler\/","url":"https:\/\/marktxxl.de\/markt\/produkt\/tragbares-windel-wickelkissen-wasserdicht-faltbar-baby-wickelauflage-reisewindelwechselmatte-kleines-leicht-wickelunterlagen-fuer-baby-waschmaschinenfest-babywechsler\/","name":"Tragbare Windel-Wickelunterlage \u2013 Wasserdichte faltbare Baby-Wickelunterlage \u2013 Reise-Windel-Wickelunterlage \u2013 leichte\u2026 - Markt-XXL","isPartOf":{"@id":"https:\/\/marktxxl.de\/markt\/#website"},"primaryImageOfPage":{"@id":"https:\/\/marktxxl.de\/markt\/produkt\/tragbares-windel-wickelkissen-wasserdicht-faltbar-baby-wickelauflage-reisewindelwechselmatte-kleines-leicht-wickelunterlagen-fuer-baby-waschmaschinenfest-babywechsler\/#primaryimage"},"image":{"@id":"https:\/\/marktxxl.de\/markt\/produkt\/tragbares-windel-wickelkissen-wasserdicht-faltbar-baby-wickelauflage-reisewindelwechselmatte-kleines-leicht-wickelunterlagen-fuer-baby-waschmaschinenfest-babywechsler\/#primaryimage"},"thumbnailUrl":"https:\/\/m.media-amazon.com\/images\/I\/51SWnfS82QL._SL500_.jpg","datePublished":"2021-12-28T19:51:45+00:00","dateModified":"2023-04-10T01:04:28+00:00","description":"Markt-XXL Tragbare Windel-Wickelunterlage \u2013 Wasserdichte faltbare Baby-Wickelunterlage \u2013 Reise-Windel-Wickelunterlage \u2013 leichte\u2026","breadcrumb":{"@id":"https:\/\/marktxxl.de\/markt\/produkt\/tragbares-windel-wickelkissen-wasserdicht-faltbar-baby-wickelauflage-reisewindelwechselmatte-kleines-leicht-wickelunterlagen-fuer-baby-waschmaschinenfest-babywechsler\/#breadcrumb"},"inLanguage":"de","potentialAction":[{"@type":"ReadAction","target":["https:\/\/marktxxl.de\/markt\/produkt\/tragbares-windel-wickelkissen-wasserdicht-faltbar-baby-wickelauflage-reisewindelwechselmatte-kleines-leicht-wickelunterlagen-fuer-baby-waschmaschinenfest-babywechsler\/"]}]},{"@type":"ImageObject","inLanguage":"de","@id":"https:\/\/marktxxl.de\/markt\/produkt\/tragbares-windel-wickelkissen-wasserdicht-faltbar-baby-wickelauflage-reisewindelwechselmatte-kleines-leicht-wickelunterlagen-fuer-baby-waschmaschinenfest-babywechsler\/#primaryimage","url":"https:\/\/m.media-amazon.com\/images\/I\/51SWnfS82QL._SL500_.jpg","contentUrl":"https:\/\/m.media-amazon.com\/images\/I\/51SWnfS82QL._SL500_.jpg","width":500,"height":500},{"@type":"BreadcrumbList","@id":"https:\/\/marktxxl.de\/markt\/produkt\/tragbares-windel-wickelkissen-wasserdicht-faltbar-baby-wickelauflage-reisewindelwechselmatte-kleines-leicht-wickelunterlagen-fuer-baby-waschmaschinenfest-babywechsler\/#breadcrumb","itemListElement":[{"@type":"ListItem","position":1,"name":"Startseite","item":"https:\/\/marktxxl.de\/markt\/"},{"@type":"ListItem","position":2,"name":"Markt","item":"https:\/\/marktxxl.de\/markt\/"},{"@type":"ListItem","position":3,"name":"Tragbare Windel-Wickelunterlage \u2013 Wasserdichte faltbare Baby-Wickelunterlage \u2013 Reise-Windel-Wickelunterlage \u2013 leichte\u2026"}]},{"@type":"WebSite","@id":"https:\/\/marktxxl.de\/markt\/#website","url":"https:\/\/marktxxl.de\/markt\/","name":"Markt-XXL","description":"Ihr Markt Online","publisher":{"@id":"https:\/\/marktxxl.de\/markt\/#organization"},"potentialAction":[{"@type":"SearchAction","target":{"@type":"EntryPoint","urlTemplate":"https:\/\/marktxxl.de\/markt\/?s={search_term_string}"},"query-input":{"@type":"PropertyValueSpecification","valueRequired":true,"valueName":"search_term_string"}}],"inLanguage":"de"},{"@type":"Organization","@id":"https:\/\/marktxxl.de\/markt\/#organization","name":"Markt-XXL","url":"https:\/\/marktxxl.de\/markt\/","logo":{"@type":"ImageObject","inLanguage":"de","@id":"https:\/\/marktxxl.de\/markt\/#\/schema\/logo\/image\/","url":"https:\/\/marktxxl.de\/markt\/wp-content\/uploads\/sites\/3\/2020\/12\/logo.png","contentUrl":"https:\/\/marktxxl.de\/markt\/wp-content\/uploads\/sites\/3\/2020\/12\/logo.png","width":200,"height":70,"caption":"Markt-XXL"},"image":{"@id":"https:\/\/marktxxl.de\/markt\/#\/schema\/logo\/image\/"}}]}},"_links":{"self":[{"href":"https:\/\/marktxxl.de\/markt\/wp-json\/wp\/v2\/product\/92295","targetHints":{"allow":["GET"]}}],"collection":[{"href":"https:\/\/marktxxl.de\/markt\/wp-json\/wp\/v2\/product"}],"about":[{"href":"https:\/\/marktxxl.de\/markt\/wp-json\/wp\/v2\/types\/product"}],"replies":[{"embeddable":true,"href":"https:\/\/marktxxl.de\/markt\/wp-json\/wp\/v2\/comments?post=92295"}],"wp:featuredmedia":[{"embeddable":true,"href":"https:\/\/marktxxl.de\/markt\/wp-json\/wp\/v2\/media\/92296"}],"wp:attachment":[{"href":"https:\/\/marktxxl.de\/markt\/wp-json\/wp\/v2\/media?parent=92295"}],"wp:term":[{"taxonomy":"product_brand","embeddable":true,"href":"https:\/\/marktxxl.de\/markt\/wp-json\/wp\/v2\/product_brand?post=92295"},{"taxonomy":"product_cat","embeddable":true,"href":"https:\/\/marktxxl.de\/markt\/wp-json\/wp\/v2\/product_cat?post=92295"},{"taxonomy":"product_tag","embeddable":true,"href":"https:\/\/marktxxl.de\/markt\/wp-json\/wp\/v2\/product_tag?post=92295"}],"curies":[{"name":"wp","href":"https:\/\/api.w.org\/{rel}","templated":true}]}}