{"id":92285,"date":"2021-12-28T20:51:40","date_gmt":"2021-12-28T19:51:40","guid":{"rendered":"https:\/\/marktxxl.de\/markt\/produkt\/baby-wickelunterlage-fuer-unterwegs-tragbar-wasserdicht-windeltasche-mit-wickelunterlage-wickeltasche-klein-fuer-unterwegs-reise-wickelauflage-unterwegs\/"},"modified":"2023-04-10T03:04:28","modified_gmt":"2023-04-10T01:04:28","slug":"baby-wickelunterlage-fuer-unterwegs-tragbar-wasserdicht-windeltasche-mit-wickelunterlage-wickeltasche-klein-fuer-unterwegs-reise-wickelauflage-unterwegs","status":"publish","type":"product","link":"https:\/\/marktxxl.de\/markt\/produkt\/baby-wickelunterlage-fuer-unterwegs-tragbar-wasserdicht-windeltasche-mit-wickelunterlage-wickeltasche-klein-fuer-unterwegs-reise-wickelauflage-unterwegs\/","title":{"rendered":"Baby Windelwechselkissen &#8211; Tragbar Wasserdicht Windelwechselmatte &#8211; Faltwindelwechselstation &#8211; Reise Windelwechselkissen\u2026"},"content":{"rendered":"<p>H\u00e4nde Frei Halten &#8211; Ob Sie Ihr Baby tragen, mit einem Kinderwagen oder Autositz, dies EZEE Windelwechselmatte h\u00e4lt dir den ganzen Tag die H\u00e4nde frei! Befestigen Sie einfach die 2 Metallverschl\u00fcsse an einer Seite oder \u00fcber der Windelmatte. Tragen Sie es so, wie Sie es m\u00f6chten, auf deiner Schulter, um deinen arm, als kupplung, oder schnallen Sie es um Ihren Kinderwagengriff. Befestigen Sie einfach die 2 Metallverschl\u00fcsse an einer Seite oder \u00fcber der Windelmatte, um den Stil zu \u00e4ndern.<br \/>\nSchlank &amp; Leicht &#8211; Wir wissen, dass das Tragen der wichtigsten Dinge f\u00fcr andere Babys schwer genug f\u00fcr Sie ist, Also haben wir unsere gemacht EZEE Windelmatte leicht und schlank zu sein bei nur 1,2&#8243; dick, wenn geschlossen. Passt problemlos in Wickeltaschen, ohne zu viel Platz in Anspruch zu nehmen. Sie k\u00f6nnen das Windelwechselkissen f\u00fcr den Heimgebrauch abnehmen oder bei gro\u00dfelternplatz.<br \/>\nEinfach Zu S\u00e4ubern &#8211; Wischen Sie es nach Gebrauch einfach mit Wasser oder Seife ab, falls erforderlich. Maschinenwaschbar und maschinentrocknen bei schwacher Hitze. Geeignet f\u00fcr jede besch\u00e4ftigte moderne Mama oder Papa!<br \/>\nKomfort &amp; Bequemlichkeit &#8211; Wir haben das gemacht windelwechselkissen durchgehend mit weicher und hochwertiger Polsterung gepolstert, um Ihrem baby maximalen Komfort zu bieten. Kommt mit eingebautem kissen,um eine leichte Anhebung des Kopfes Ihres Babys zu erm\u00f6glichen. Keine Details sind zu klein, wenn es darum geht, unsere EZEE Windelmatte zu konstruieren. Versuchen Sie es, um es zu f\u00fchlen.<br \/>\nFaltbar Grosse Windelmatte &#8211; Mit einem gro\u00dfen windelwechselbereich von 21,7&#8243; x 20,9&#8243;, Sie m\u00fcssen sich nie Sorgen machen, dass Ihr baby das wechseln Ihres babys in \u00f6ffentlichen windelwechselstationen ber\u00fchrt.<br \/>\n<div class=\"main-cross-sell\" data-asin=\"B08Z773BSH\">\n\n\t<div class=\"WooZone-cross-sell-loader\">\n\t\t<div>\n\t\t\t<div id=\"floatingBarsG\">\n\t\t\t\t<div class=\"blockG\" id=\"rotateG_01\"><\/div>\n\t\t\t\t<div class=\"blockG\" id=\"rotateG_02\"><\/div>\n\t\t\t\t<div class=\"blockG\" id=\"rotateG_03\"><\/div>\n\t\t\t\t<div class=\"blockG\" id=\"rotateG_04\"><\/div>\n\t\t\t\t<div class=\"blockG\" id=\"rotateG_05\"><\/div>\n\t\t\t\t<div class=\"blockG\" id=\"rotateG_06\"><\/div>\n\t\t\t\t<div class=\"blockG\" id=\"rotateG_07\"><\/div>\n\t\t\t\t<div class=\"blockG\" id=\"rotateG_08\"><\/div>\n\t\t\t<\/div>\n\t\t\t<div class=\"WooZone-cross-sell-loader-text\"><\/div>\n\t\t<\/div>\n\t<\/div>\n\n\t\t\n<\/div>\n<div style=\"clear:both;\"><\/div><\/p>\n","protected":false},"excerpt":{"rendered":"<p>H\u00e4nde Frei Halten &#8211; Ob Sie Ihr Baby tragen, mit einem Kinderwagen oder Autositz, dies EZEE Windelwechselmatte h\u00e4lt dir den ganzen Tag die H\u00e4nde frei! Befestigen Sie einfach die 2 Metallverschl\u00fcsse an einer Seite oder \u00fcber der Windelmatte. Tragen Sie es so, wie Sie es m\u00f6chten, auf deiner Schulter, um deinen arm, als kupplung, oder schnallen Sie es um Ihren Kinderwagengriff. Befestigen Sie einfach die 2 Metallverschl\u00fcsse an einer Seite oder \u00fcber der Windelmatte, um den Stil zu \u00e4ndern.<br \/>\nSchlank &amp; Leicht &#8211; Wir wissen, dass das Tragen der wichtigsten Dinge f\u00fcr andere Babys schwer genug f\u00fcr Sie ist, Also haben wir unsere gemacht EZEE Windelmatte leicht und schlank zu sein bei nur 1,2&#8243; dick, wenn geschlossen. Passt problemlos in Wickeltaschen, ohne zu viel Platz in Anspruch zu nehmen. Sie k\u00f6nnen das Windelwechselkissen f\u00fcr den Heimgebrauch abnehmen oder bei gro\u00dfelternplatz.<br \/>\nEinfach Zu S\u00e4ubern &#8211; Wischen Sie es nach Gebrauch einfach mit Wasser oder Seife ab, falls erforderlich. Maschinenwaschbar und maschinentrocknen bei schwacher Hitze. Geeignet f\u00fcr jede besch\u00e4ftigte moderne Mama oder Papa!<\/p>\n","protected":false},"featured_media":92286,"comment_status":"open","ping_status":"closed","template":"","meta":[],"product_brand":[],"product_cat":[21,9520],"product_tag":[],"class_list":{"0":"post-92285","1":"product","2":"type-product","3":"status-publish","4":"has-post-thumbnail","6":"product_cat-baby","7":"product_cat-wickeln-baby","8":"pa_brand-keababies","9":"pa_manufacturer-keababies","11":"first","12":"instock","13":"shipping-taxable","14":"purchasable","15":"product-type-simple","16":"customify-col","17":"product-has-gallery"},"yoast_head":"<!-- This site is optimized with the Yoast SEO plugin v27.4 - https:\/\/yoast.com\/product\/yoast-seo-wordpress\/ -->\n<title>Baby Windelwechselkissen - Tragbar Wasserdicht Windelwechselmatte - Faltwindelwechselstation - Reise Windelwechselkissen\u2026 - Markt-XXL<\/title>\n<meta name=\"description\" content=\"Markt-XXL Baby Windelwechselkissen - Tragbar Wasserdicht Windelwechselmatte - Faltwindelwechselstation - Reise Windelwechselkissen\u2026\" \/>\n<meta name=\"robots\" content=\"index, follow, max-snippet:-1, max-image-preview:large, max-video-preview:-1\" \/>\n<link rel=\"canonical\" href=\"https:\/\/marktxxl.de\/markt\/produkt\/baby-wickelunterlage-fuer-unterwegs-tragbar-wasserdicht-windeltasche-mit-wickelunterlage-wickeltasche-klein-fuer-unterwegs-reise-wickelauflage-unterwegs\/\" \/>\n<meta property=\"og:locale\" content=\"de_DE\" \/>\n<meta property=\"og:type\" content=\"article\" \/>\n<meta property=\"og:title\" content=\"Baby Windelwechselkissen - Tragbar Wasserdicht Windelwechselmatte - Faltwindelwechselstation - Reise Windelwechselkissen\u2026 - Markt-XXL\" \/>\n<meta property=\"og:description\" content=\"Markt-XXL Baby Windelwechselkissen - Tragbar Wasserdicht Windelwechselmatte - Faltwindelwechselstation - Reise Windelwechselkissen\u2026\" \/>\n<meta property=\"og:url\" content=\"https:\/\/marktxxl.de\/markt\/produkt\/baby-wickelunterlage-fuer-unterwegs-tragbar-wasserdicht-windeltasche-mit-wickelunterlage-wickeltasche-klein-fuer-unterwegs-reise-wickelauflage-unterwegs\/\" \/>\n<meta property=\"og:site_name\" content=\"Markt-XXL\" \/>\n<meta property=\"article:modified_time\" content=\"2023-04-10T01:04:28+00:00\" \/>\n<meta property=\"og:image\" content=\"https:\/\/m.media-amazon.com\/images\/I\/516oCma-O+S._SL500_.jpg\" \/>\n\t<meta property=\"og:image:width\" content=\"500\" \/>\n\t<meta property=\"og:image:height\" content=\"500\" \/>\n\t<meta property=\"og:image:type\" content=\"image\/jpeg\" \/>\n<meta name=\"twitter:card\" content=\"summary_large_image\" \/>\n<meta name=\"twitter:label1\" content=\"Gesch\u00e4tzte Lesezeit\" \/>\n\t<meta name=\"twitter:data1\" content=\"1\u00a0Minute\" \/>\n<script type=\"application\/ld+json\" class=\"yoast-schema-graph\">{\"@context\":\"https:\\\/\\\/schema.org\",\"@graph\":[{\"@type\":\"WebPage\",\"@id\":\"https:\\\/\\\/marktxxl.de\\\/markt\\\/produkt\\\/baby-wickelunterlage-fuer-unterwegs-tragbar-wasserdicht-windeltasche-mit-wickelunterlage-wickeltasche-klein-fuer-unterwegs-reise-wickelauflage-unterwegs\\\/\",\"url\":\"https:\\\/\\\/marktxxl.de\\\/markt\\\/produkt\\\/baby-wickelunterlage-fuer-unterwegs-tragbar-wasserdicht-windeltasche-mit-wickelunterlage-wickeltasche-klein-fuer-unterwegs-reise-wickelauflage-unterwegs\\\/\",\"name\":\"Baby Windelwechselkissen - Tragbar Wasserdicht Windelwechselmatte - Faltwindelwechselstation - Reise Windelwechselkissen\u2026 - Markt-XXL\",\"isPartOf\":{\"@id\":\"https:\\\/\\\/marktxxl.de\\\/markt\\\/#website\"},\"primaryImageOfPage\":{\"@id\":\"https:\\\/\\\/marktxxl.de\\\/markt\\\/produkt\\\/baby-wickelunterlage-fuer-unterwegs-tragbar-wasserdicht-windeltasche-mit-wickelunterlage-wickeltasche-klein-fuer-unterwegs-reise-wickelauflage-unterwegs\\\/#primaryimage\"},\"image\":{\"@id\":\"https:\\\/\\\/marktxxl.de\\\/markt\\\/produkt\\\/baby-wickelunterlage-fuer-unterwegs-tragbar-wasserdicht-windeltasche-mit-wickelunterlage-wickeltasche-klein-fuer-unterwegs-reise-wickelauflage-unterwegs\\\/#primaryimage\"},\"thumbnailUrl\":\"https:\\\/\\\/m.media-amazon.com\\\/images\\\/I\\\/516oCma-O+S._SL500_.jpg\",\"datePublished\":\"2021-12-28T19:51:40+00:00\",\"dateModified\":\"2023-04-10T01:04:28+00:00\",\"description\":\"Markt-XXL Baby Windelwechselkissen - Tragbar Wasserdicht Windelwechselmatte - Faltwindelwechselstation - Reise Windelwechselkissen\u2026\",\"breadcrumb\":{\"@id\":\"https:\\\/\\\/marktxxl.de\\\/markt\\\/produkt\\\/baby-wickelunterlage-fuer-unterwegs-tragbar-wasserdicht-windeltasche-mit-wickelunterlage-wickeltasche-klein-fuer-unterwegs-reise-wickelauflage-unterwegs\\\/#breadcrumb\"},\"inLanguage\":\"de\",\"potentialAction\":[{\"@type\":\"ReadAction\",\"target\":[\"https:\\\/\\\/marktxxl.de\\\/markt\\\/produkt\\\/baby-wickelunterlage-fuer-unterwegs-tragbar-wasserdicht-windeltasche-mit-wickelunterlage-wickeltasche-klein-fuer-unterwegs-reise-wickelauflage-unterwegs\\\/\"]}]},{\"@type\":\"ImageObject\",\"inLanguage\":\"de\",\"@id\":\"https:\\\/\\\/marktxxl.de\\\/markt\\\/produkt\\\/baby-wickelunterlage-fuer-unterwegs-tragbar-wasserdicht-windeltasche-mit-wickelunterlage-wickeltasche-klein-fuer-unterwegs-reise-wickelauflage-unterwegs\\\/#primaryimage\",\"url\":\"https:\\\/\\\/m.media-amazon.com\\\/images\\\/I\\\/516oCma-O+S._SL500_.jpg\",\"contentUrl\":\"https:\\\/\\\/m.media-amazon.com\\\/images\\\/I\\\/516oCma-O+S._SL500_.jpg\",\"width\":500,\"height\":500},{\"@type\":\"BreadcrumbList\",\"@id\":\"https:\\\/\\\/marktxxl.de\\\/markt\\\/produkt\\\/baby-wickelunterlage-fuer-unterwegs-tragbar-wasserdicht-windeltasche-mit-wickelunterlage-wickeltasche-klein-fuer-unterwegs-reise-wickelauflage-unterwegs\\\/#breadcrumb\",\"itemListElement\":[{\"@type\":\"ListItem\",\"position\":1,\"name\":\"Startseite\",\"item\":\"https:\\\/\\\/marktxxl.de\\\/markt\\\/\"},{\"@type\":\"ListItem\",\"position\":2,\"name\":\"Markt\",\"item\":\"https:\\\/\\\/marktxxl.de\\\/markt\\\/\"},{\"@type\":\"ListItem\",\"position\":3,\"name\":\"Baby Windelwechselkissen &#8211; Tragbar Wasserdicht Windelwechselmatte &#8211; Faltwindelwechselstation &#8211; Reise Windelwechselkissen\u2026\"}]},{\"@type\":\"WebSite\",\"@id\":\"https:\\\/\\\/marktxxl.de\\\/markt\\\/#website\",\"url\":\"https:\\\/\\\/marktxxl.de\\\/markt\\\/\",\"name\":\"Markt-XXL\",\"description\":\"Ihr Markt Online\",\"publisher\":{\"@id\":\"https:\\\/\\\/marktxxl.de\\\/markt\\\/#organization\"},\"potentialAction\":[{\"@type\":\"SearchAction\",\"target\":{\"@type\":\"EntryPoint\",\"urlTemplate\":\"https:\\\/\\\/marktxxl.de\\\/markt\\\/?s={search_term_string}\"},\"query-input\":{\"@type\":\"PropertyValueSpecification\",\"valueRequired\":true,\"valueName\":\"search_term_string\"}}],\"inLanguage\":\"de\"},{\"@type\":\"Organization\",\"@id\":\"https:\\\/\\\/marktxxl.de\\\/markt\\\/#organization\",\"name\":\"Markt-XXL\",\"url\":\"https:\\\/\\\/marktxxl.de\\\/markt\\\/\",\"logo\":{\"@type\":\"ImageObject\",\"inLanguage\":\"de\",\"@id\":\"https:\\\/\\\/marktxxl.de\\\/markt\\\/#\\\/schema\\\/logo\\\/image\\\/\",\"url\":\"https:\\\/\\\/marktxxl.de\\\/markt\\\/wp-content\\\/uploads\\\/sites\\\/3\\\/2020\\\/12\\\/logo.png\",\"contentUrl\":\"https:\\\/\\\/marktxxl.de\\\/markt\\\/wp-content\\\/uploads\\\/sites\\\/3\\\/2020\\\/12\\\/logo.png\",\"width\":200,\"height\":70,\"caption\":\"Markt-XXL\"},\"image\":{\"@id\":\"https:\\\/\\\/marktxxl.de\\\/markt\\\/#\\\/schema\\\/logo\\\/image\\\/\"}}]}<\/script>\n<!-- \/ Yoast SEO plugin. -->","yoast_head_json":{"title":"Baby Windelwechselkissen - Tragbar Wasserdicht Windelwechselmatte - Faltwindelwechselstation - Reise Windelwechselkissen\u2026 - Markt-XXL","description":"Markt-XXL Baby Windelwechselkissen - Tragbar Wasserdicht Windelwechselmatte - Faltwindelwechselstation - Reise Windelwechselkissen\u2026","robots":{"index":"index","follow":"follow","max-snippet":"max-snippet:-1","max-image-preview":"max-image-preview:large","max-video-preview":"max-video-preview:-1"},"canonical":"https:\/\/marktxxl.de\/markt\/produkt\/baby-wickelunterlage-fuer-unterwegs-tragbar-wasserdicht-windeltasche-mit-wickelunterlage-wickeltasche-klein-fuer-unterwegs-reise-wickelauflage-unterwegs\/","og_locale":"de_DE","og_type":"article","og_title":"Baby Windelwechselkissen - Tragbar Wasserdicht Windelwechselmatte - Faltwindelwechselstation - Reise Windelwechselkissen\u2026 - Markt-XXL","og_description":"Markt-XXL Baby Windelwechselkissen - Tragbar Wasserdicht Windelwechselmatte - Faltwindelwechselstation - Reise Windelwechselkissen\u2026","og_url":"https:\/\/marktxxl.de\/markt\/produkt\/baby-wickelunterlage-fuer-unterwegs-tragbar-wasserdicht-windeltasche-mit-wickelunterlage-wickeltasche-klein-fuer-unterwegs-reise-wickelauflage-unterwegs\/","og_site_name":"Markt-XXL","article_modified_time":"2023-04-10T01:04:28+00:00","og_image":[{"width":500,"height":500,"url":"https:\/\/m.media-amazon.com\/images\/I\/516oCma-O+S._SL500_.jpg","type":"image\/jpeg"}],"twitter_card":"summary_large_image","twitter_misc":{"Gesch\u00e4tzte Lesezeit":"1\u00a0Minute"},"schema":{"@context":"https:\/\/schema.org","@graph":[{"@type":"WebPage","@id":"https:\/\/marktxxl.de\/markt\/produkt\/baby-wickelunterlage-fuer-unterwegs-tragbar-wasserdicht-windeltasche-mit-wickelunterlage-wickeltasche-klein-fuer-unterwegs-reise-wickelauflage-unterwegs\/","url":"https:\/\/marktxxl.de\/markt\/produkt\/baby-wickelunterlage-fuer-unterwegs-tragbar-wasserdicht-windeltasche-mit-wickelunterlage-wickeltasche-klein-fuer-unterwegs-reise-wickelauflage-unterwegs\/","name":"Baby Windelwechselkissen - Tragbar Wasserdicht Windelwechselmatte - Faltwindelwechselstation - Reise Windelwechselkissen\u2026 - Markt-XXL","isPartOf":{"@id":"https:\/\/marktxxl.de\/markt\/#website"},"primaryImageOfPage":{"@id":"https:\/\/marktxxl.de\/markt\/produkt\/baby-wickelunterlage-fuer-unterwegs-tragbar-wasserdicht-windeltasche-mit-wickelunterlage-wickeltasche-klein-fuer-unterwegs-reise-wickelauflage-unterwegs\/#primaryimage"},"image":{"@id":"https:\/\/marktxxl.de\/markt\/produkt\/baby-wickelunterlage-fuer-unterwegs-tragbar-wasserdicht-windeltasche-mit-wickelunterlage-wickeltasche-klein-fuer-unterwegs-reise-wickelauflage-unterwegs\/#primaryimage"},"thumbnailUrl":"https:\/\/m.media-amazon.com\/images\/I\/516oCma-O+S._SL500_.jpg","datePublished":"2021-12-28T19:51:40+00:00","dateModified":"2023-04-10T01:04:28+00:00","description":"Markt-XXL Baby Windelwechselkissen - Tragbar Wasserdicht Windelwechselmatte - Faltwindelwechselstation - Reise Windelwechselkissen\u2026","breadcrumb":{"@id":"https:\/\/marktxxl.de\/markt\/produkt\/baby-wickelunterlage-fuer-unterwegs-tragbar-wasserdicht-windeltasche-mit-wickelunterlage-wickeltasche-klein-fuer-unterwegs-reise-wickelauflage-unterwegs\/#breadcrumb"},"inLanguage":"de","potentialAction":[{"@type":"ReadAction","target":["https:\/\/marktxxl.de\/markt\/produkt\/baby-wickelunterlage-fuer-unterwegs-tragbar-wasserdicht-windeltasche-mit-wickelunterlage-wickeltasche-klein-fuer-unterwegs-reise-wickelauflage-unterwegs\/"]}]},{"@type":"ImageObject","inLanguage":"de","@id":"https:\/\/marktxxl.de\/markt\/produkt\/baby-wickelunterlage-fuer-unterwegs-tragbar-wasserdicht-windeltasche-mit-wickelunterlage-wickeltasche-klein-fuer-unterwegs-reise-wickelauflage-unterwegs\/#primaryimage","url":"https:\/\/m.media-amazon.com\/images\/I\/516oCma-O+S._SL500_.jpg","contentUrl":"https:\/\/m.media-amazon.com\/images\/I\/516oCma-O+S._SL500_.jpg","width":500,"height":500},{"@type":"BreadcrumbList","@id":"https:\/\/marktxxl.de\/markt\/produkt\/baby-wickelunterlage-fuer-unterwegs-tragbar-wasserdicht-windeltasche-mit-wickelunterlage-wickeltasche-klein-fuer-unterwegs-reise-wickelauflage-unterwegs\/#breadcrumb","itemListElement":[{"@type":"ListItem","position":1,"name":"Startseite","item":"https:\/\/marktxxl.de\/markt\/"},{"@type":"ListItem","position":2,"name":"Markt","item":"https:\/\/marktxxl.de\/markt\/"},{"@type":"ListItem","position":3,"name":"Baby Windelwechselkissen &#8211; Tragbar Wasserdicht Windelwechselmatte &#8211; Faltwindelwechselstation &#8211; Reise Windelwechselkissen\u2026"}]},{"@type":"WebSite","@id":"https:\/\/marktxxl.de\/markt\/#website","url":"https:\/\/marktxxl.de\/markt\/","name":"Markt-XXL","description":"Ihr Markt Online","publisher":{"@id":"https:\/\/marktxxl.de\/markt\/#organization"},"potentialAction":[{"@type":"SearchAction","target":{"@type":"EntryPoint","urlTemplate":"https:\/\/marktxxl.de\/markt\/?s={search_term_string}"},"query-input":{"@type":"PropertyValueSpecification","valueRequired":true,"valueName":"search_term_string"}}],"inLanguage":"de"},{"@type":"Organization","@id":"https:\/\/marktxxl.de\/markt\/#organization","name":"Markt-XXL","url":"https:\/\/marktxxl.de\/markt\/","logo":{"@type":"ImageObject","inLanguage":"de","@id":"https:\/\/marktxxl.de\/markt\/#\/schema\/logo\/image\/","url":"https:\/\/marktxxl.de\/markt\/wp-content\/uploads\/sites\/3\/2020\/12\/logo.png","contentUrl":"https:\/\/marktxxl.de\/markt\/wp-content\/uploads\/sites\/3\/2020\/12\/logo.png","width":200,"height":70,"caption":"Markt-XXL"},"image":{"@id":"https:\/\/marktxxl.de\/markt\/#\/schema\/logo\/image\/"}}]}},"_links":{"self":[{"href":"https:\/\/marktxxl.de\/markt\/wp-json\/wp\/v2\/product\/92285","targetHints":{"allow":["GET"]}}],"collection":[{"href":"https:\/\/marktxxl.de\/markt\/wp-json\/wp\/v2\/product"}],"about":[{"href":"https:\/\/marktxxl.de\/markt\/wp-json\/wp\/v2\/types\/product"}],"replies":[{"embeddable":true,"href":"https:\/\/marktxxl.de\/markt\/wp-json\/wp\/v2\/comments?post=92285"}],"wp:featuredmedia":[{"embeddable":true,"href":"https:\/\/marktxxl.de\/markt\/wp-json\/wp\/v2\/media\/92286"}],"wp:attachment":[{"href":"https:\/\/marktxxl.de\/markt\/wp-json\/wp\/v2\/media?parent=92285"}],"wp:term":[{"taxonomy":"product_brand","embeddable":true,"href":"https:\/\/marktxxl.de\/markt\/wp-json\/wp\/v2\/product_brand?post=92285"},{"taxonomy":"product_cat","embeddable":true,"href":"https:\/\/marktxxl.de\/markt\/wp-json\/wp\/v2\/product_cat?post=92285"},{"taxonomy":"product_tag","embeddable":true,"href":"https:\/\/marktxxl.de\/markt\/wp-json\/wp\/v2\/product_tag?post=92285"}],"curies":[{"name":"wp","href":"https:\/\/api.w.org\/{rel}","templated":true}]}}