{"id":92277,"date":"2021-12-28T20:51:35","date_gmt":"2021-12-28T19:51:35","guid":{"rendered":"https:\/\/marktxxl.de\/markt\/produkt\/baby-wickelrucksack-wickeltasche-multifunktional-grosse-kapazitaet-babytasche\/"},"modified":"2023-04-10T03:04:28","modified_gmt":"2023-04-10T01:04:28","slug":"baby-wickelrucksack-wickeltasche-multifunktional-grosse-kapazitaet-babytasche","status":"publish","type":"product","link":"https:\/\/marktxxl.de\/markt\/produkt\/baby-wickelrucksack-wickeltasche-multifunktional-grosse-kapazitaet-babytasche\/","title":{"rendered":"Baby Wickelrucksack Multifunktional Wickeltasche Rucksack Gro\u00dfe Kapazit\u00e4t Babytasche M\u00e4dchen f\u00fcr Unterwegs (Blume)"},"content":{"rendered":"<p>\u2764 Gro\u00dfe Kapazit\u00e4t &#8211; Organizer System verf\u00fcgt \u00fcber separate Aufbewahrungstaschen, k\u00f6nnen Sie die Milchflasche, Wasserflasche, Baby-Kleidung, Baby-Windel, Handtuch u.a. in verschiedenen separaten Taschen legen<br \/>\n\u2764 Praktisch &amp; Gesund &#8211; Isolierte Milchflaschentaschen davorne k\u00f6nnen die Fl\u00fcssigkeiten stundenlang warm oder kalt bewahren; Auf der linken und rechten Seite gibt leicht zug\u00e4ngliche Taschen, um Taschent\u00fccher, Flasche oder Ihr Handy zu stecken<br \/>\n\u2764 Haltbarer Material &#8211; Mit hochwertigen strapazierf\u00e4higem langlebigen Oxford Tuch gefertigt, sehr robust und leicht zu reinigen, Wasserabweisend, Schmutzabweisend und Anti-Riss, keine Sorge dass die Milch oder Wasser auf der Tasche versch\u00fcttet<br \/>\n\u2764 Leichtgewicht &#8211; Gut gepolsterte Schultergurte machen Sie Trost, wenn Sie alle Ihre Baby Gegenst\u00e4nde tragen, und vermeiden Ihre Schultern zu verletzen, wenn es voll ist<br \/>\n\u2764 Schick &amp; Multifunktional &#8211; Der Best Wickelrucksack bietet nicht nur einen modischen Look, sondern auch einen angenehmen und gut organisierten Bedingung f\u00fcr Sie. Es kann als Rucksack, Handtasche und passt auch Familie Spaziergang. Sehr stilvoll und geeignet f\u00fcr Reisen, Ausflug, Ausgehen, Shopping.<br \/>\n<div class=\"main-cross-sell\" data-asin=\"B07HFHGK3M\">\n\n\t<div class=\"WooZone-cross-sell-loader\">\n\t\t<div>\n\t\t\t<div id=\"floatingBarsG\">\n\t\t\t\t<div class=\"blockG\" id=\"rotateG_01\"><\/div>\n\t\t\t\t<div class=\"blockG\" id=\"rotateG_02\"><\/div>\n\t\t\t\t<div class=\"blockG\" id=\"rotateG_03\"><\/div>\n\t\t\t\t<div class=\"blockG\" id=\"rotateG_04\"><\/div>\n\t\t\t\t<div class=\"blockG\" id=\"rotateG_05\"><\/div>\n\t\t\t\t<div class=\"blockG\" id=\"rotateG_06\"><\/div>\n\t\t\t\t<div class=\"blockG\" id=\"rotateG_07\"><\/div>\n\t\t\t\t<div class=\"blockG\" id=\"rotateG_08\"><\/div>\n\t\t\t<\/div>\n\t\t\t<div class=\"WooZone-cross-sell-loader-text\"><\/div>\n\t\t<\/div>\n\t<\/div>\n\n\t\t\n<\/div>\n<div style=\"clear:both;\"><\/div><\/p>\n","protected":false},"excerpt":{"rendered":"<p>\u2764 Gro\u00dfe Kapazit\u00e4t &#8211; Organizer System verf\u00fcgt \u00fcber separate Aufbewahrungstaschen, k\u00f6nnen Sie die Milchflasche, Wasserflasche, Baby-Kleidung, Baby-Windel, Handtuch u.a. in verschiedenen separaten Taschen legen<br \/>\n\u2764 Praktisch &amp; Gesund &#8211; Isolierte Milchflaschentaschen davorne k\u00f6nnen die Fl\u00fcssigkeiten stundenlang warm oder kalt bewahren; Auf der linken und rechten Seite gibt leicht zug\u00e4ngliche Taschen, um Taschent\u00fccher, Flasche oder Ihr Handy zu stecken<br \/>\n\u2764 Haltbarer Material &#8211; Mit hochwertigen strapazierf\u00e4higem langlebigen Oxford Tuch gefertigt, sehr robust und leicht zu reinigen, Wasserabweisend, Schmutzabweisend und Anti-Riss, keine Sorge dass die Milch oder Wasser auf der Tasche versch\u00fcttet<\/p>\n","protected":false},"featured_media":92278,"comment_status":"open","ping_status":"closed","template":"","meta":[],"product_brand":[],"product_cat":[21,9520],"product_tag":[],"class_list":{"0":"post-92277","1":"product","2":"type-product","3":"status-publish","4":"has-post-thumbnail","6":"product_cat-baby","7":"product_cat-wickeln-baby","8":"pa_binding-babyartikel","9":"pa_brand-fewofj","10":"pa_height-16-5-zoll","11":"pa_length-11-zoll","12":"pa_manufacturer-fewofj","13":"pa_size-l","14":"pa_width-7-zoll","16":"first","17":"instock","18":"shipping-taxable","19":"purchasable","20":"product-type-simple","21":"customify-col","22":"product-has-gallery"},"yoast_head":"<!-- This site is optimized with the Yoast SEO plugin v27.4 - https:\/\/yoast.com\/product\/yoast-seo-wordpress\/ -->\n<title>Baby Wickelrucksack Multifunktional Wickeltasche Rucksack Gro\u00dfe Kapazit\u00e4t Babytasche M\u00e4dchen f\u00fcr Unterwegs (Blume) - Markt-XXL<\/title>\n<meta name=\"description\" content=\"Markt-XXL Baby Wickelrucksack Multifunktional Wickeltasche Rucksack Gro\u00dfe Kapazit\u00e4t Babytasche M\u00e4dchen f\u00fcr Unterwegs (Blume)\" \/>\n<meta name=\"robots\" content=\"index, follow, max-snippet:-1, max-image-preview:large, max-video-preview:-1\" \/>\n<link rel=\"canonical\" href=\"https:\/\/marktxxl.de\/markt\/produkt\/baby-wickelrucksack-wickeltasche-multifunktional-grosse-kapazitaet-babytasche\/\" \/>\n<meta property=\"og:locale\" content=\"de_DE\" \/>\n<meta property=\"og:type\" content=\"article\" \/>\n<meta property=\"og:title\" content=\"Baby Wickelrucksack Multifunktional Wickeltasche Rucksack Gro\u00dfe Kapazit\u00e4t Babytasche M\u00e4dchen f\u00fcr Unterwegs (Blume) - Markt-XXL\" \/>\n<meta property=\"og:description\" content=\"Markt-XXL Baby Wickelrucksack Multifunktional Wickeltasche Rucksack Gro\u00dfe Kapazit\u00e4t Babytasche M\u00e4dchen f\u00fcr Unterwegs (Blume)\" \/>\n<meta property=\"og:url\" content=\"https:\/\/marktxxl.de\/markt\/produkt\/baby-wickelrucksack-wickeltasche-multifunktional-grosse-kapazitaet-babytasche\/\" \/>\n<meta property=\"og:site_name\" content=\"Markt-XXL\" \/>\n<meta property=\"article:modified_time\" content=\"2023-04-10T01:04:28+00:00\" \/>\n<meta property=\"og:image\" content=\"https:\/\/m.media-amazon.com\/images\/I\/41PfgjUsU4L._SL500_.jpg\" \/>\n\t<meta property=\"og:image:width\" content=\"500\" \/>\n\t<meta property=\"og:image:height\" content=\"500\" \/>\n\t<meta property=\"og:image:type\" content=\"image\/jpeg\" \/>\n<meta name=\"twitter:card\" content=\"summary_large_image\" \/>\n<meta name=\"twitter:label1\" content=\"Gesch\u00e4tzte Lesezeit\" \/>\n\t<meta name=\"twitter:data1\" content=\"1\u00a0Minute\" \/>\n<script type=\"application\/ld+json\" class=\"yoast-schema-graph\">{\"@context\":\"https:\\\/\\\/schema.org\",\"@graph\":[{\"@type\":\"WebPage\",\"@id\":\"https:\\\/\\\/marktxxl.de\\\/markt\\\/produkt\\\/baby-wickelrucksack-wickeltasche-multifunktional-grosse-kapazitaet-babytasche\\\/\",\"url\":\"https:\\\/\\\/marktxxl.de\\\/markt\\\/produkt\\\/baby-wickelrucksack-wickeltasche-multifunktional-grosse-kapazitaet-babytasche\\\/\",\"name\":\"Baby Wickelrucksack Multifunktional Wickeltasche Rucksack Gro\u00dfe Kapazit\u00e4t Babytasche M\u00e4dchen f\u00fcr Unterwegs (Blume) - Markt-XXL\",\"isPartOf\":{\"@id\":\"https:\\\/\\\/marktxxl.de\\\/markt\\\/#website\"},\"primaryImageOfPage\":{\"@id\":\"https:\\\/\\\/marktxxl.de\\\/markt\\\/produkt\\\/baby-wickelrucksack-wickeltasche-multifunktional-grosse-kapazitaet-babytasche\\\/#primaryimage\"},\"image\":{\"@id\":\"https:\\\/\\\/marktxxl.de\\\/markt\\\/produkt\\\/baby-wickelrucksack-wickeltasche-multifunktional-grosse-kapazitaet-babytasche\\\/#primaryimage\"},\"thumbnailUrl\":\"https:\\\/\\\/m.media-amazon.com\\\/images\\\/I\\\/41PfgjUsU4L._SL500_.jpg\",\"datePublished\":\"2021-12-28T19:51:35+00:00\",\"dateModified\":\"2023-04-10T01:04:28+00:00\",\"description\":\"Markt-XXL Baby Wickelrucksack Multifunktional Wickeltasche Rucksack Gro\u00dfe Kapazit\u00e4t Babytasche M\u00e4dchen f\u00fcr Unterwegs (Blume)\",\"breadcrumb\":{\"@id\":\"https:\\\/\\\/marktxxl.de\\\/markt\\\/produkt\\\/baby-wickelrucksack-wickeltasche-multifunktional-grosse-kapazitaet-babytasche\\\/#breadcrumb\"},\"inLanguage\":\"de\",\"potentialAction\":[{\"@type\":\"ReadAction\",\"target\":[\"https:\\\/\\\/marktxxl.de\\\/markt\\\/produkt\\\/baby-wickelrucksack-wickeltasche-multifunktional-grosse-kapazitaet-babytasche\\\/\"]}]},{\"@type\":\"ImageObject\",\"inLanguage\":\"de\",\"@id\":\"https:\\\/\\\/marktxxl.de\\\/markt\\\/produkt\\\/baby-wickelrucksack-wickeltasche-multifunktional-grosse-kapazitaet-babytasche\\\/#primaryimage\",\"url\":\"https:\\\/\\\/m.media-amazon.com\\\/images\\\/I\\\/41PfgjUsU4L._SL500_.jpg\",\"contentUrl\":\"https:\\\/\\\/m.media-amazon.com\\\/images\\\/I\\\/41PfgjUsU4L._SL500_.jpg\",\"width\":500,\"height\":500},{\"@type\":\"BreadcrumbList\",\"@id\":\"https:\\\/\\\/marktxxl.de\\\/markt\\\/produkt\\\/baby-wickelrucksack-wickeltasche-multifunktional-grosse-kapazitaet-babytasche\\\/#breadcrumb\",\"itemListElement\":[{\"@type\":\"ListItem\",\"position\":1,\"name\":\"Startseite\",\"item\":\"https:\\\/\\\/marktxxl.de\\\/markt\\\/\"},{\"@type\":\"ListItem\",\"position\":2,\"name\":\"Markt\",\"item\":\"https:\\\/\\\/marktxxl.de\\\/markt\\\/\"},{\"@type\":\"ListItem\",\"position\":3,\"name\":\"Baby Wickelrucksack Multifunktional Wickeltasche Rucksack Gro\u00dfe Kapazit\u00e4t Babytasche M\u00e4dchen f\u00fcr Unterwegs (Blume)\"}]},{\"@type\":\"WebSite\",\"@id\":\"https:\\\/\\\/marktxxl.de\\\/markt\\\/#website\",\"url\":\"https:\\\/\\\/marktxxl.de\\\/markt\\\/\",\"name\":\"Markt-XXL\",\"description\":\"Ihr Markt Online\",\"publisher\":{\"@id\":\"https:\\\/\\\/marktxxl.de\\\/markt\\\/#organization\"},\"potentialAction\":[{\"@type\":\"SearchAction\",\"target\":{\"@type\":\"EntryPoint\",\"urlTemplate\":\"https:\\\/\\\/marktxxl.de\\\/markt\\\/?s={search_term_string}\"},\"query-input\":{\"@type\":\"PropertyValueSpecification\",\"valueRequired\":true,\"valueName\":\"search_term_string\"}}],\"inLanguage\":\"de\"},{\"@type\":\"Organization\",\"@id\":\"https:\\\/\\\/marktxxl.de\\\/markt\\\/#organization\",\"name\":\"Markt-XXL\",\"url\":\"https:\\\/\\\/marktxxl.de\\\/markt\\\/\",\"logo\":{\"@type\":\"ImageObject\",\"inLanguage\":\"de\",\"@id\":\"https:\\\/\\\/marktxxl.de\\\/markt\\\/#\\\/schema\\\/logo\\\/image\\\/\",\"url\":\"https:\\\/\\\/marktxxl.de\\\/markt\\\/wp-content\\\/uploads\\\/sites\\\/3\\\/2020\\\/12\\\/logo.png\",\"contentUrl\":\"https:\\\/\\\/marktxxl.de\\\/markt\\\/wp-content\\\/uploads\\\/sites\\\/3\\\/2020\\\/12\\\/logo.png\",\"width\":200,\"height\":70,\"caption\":\"Markt-XXL\"},\"image\":{\"@id\":\"https:\\\/\\\/marktxxl.de\\\/markt\\\/#\\\/schema\\\/logo\\\/image\\\/\"}}]}<\/script>\n<!-- \/ Yoast SEO plugin. -->","yoast_head_json":{"title":"Baby Wickelrucksack Multifunktional Wickeltasche Rucksack Gro\u00dfe Kapazit\u00e4t Babytasche M\u00e4dchen f\u00fcr Unterwegs (Blume) - Markt-XXL","description":"Markt-XXL Baby Wickelrucksack Multifunktional Wickeltasche Rucksack Gro\u00dfe Kapazit\u00e4t Babytasche M\u00e4dchen f\u00fcr Unterwegs (Blume)","robots":{"index":"index","follow":"follow","max-snippet":"max-snippet:-1","max-image-preview":"max-image-preview:large","max-video-preview":"max-video-preview:-1"},"canonical":"https:\/\/marktxxl.de\/markt\/produkt\/baby-wickelrucksack-wickeltasche-multifunktional-grosse-kapazitaet-babytasche\/","og_locale":"de_DE","og_type":"article","og_title":"Baby Wickelrucksack Multifunktional Wickeltasche Rucksack Gro\u00dfe Kapazit\u00e4t Babytasche M\u00e4dchen f\u00fcr Unterwegs (Blume) - Markt-XXL","og_description":"Markt-XXL Baby Wickelrucksack Multifunktional Wickeltasche Rucksack Gro\u00dfe Kapazit\u00e4t Babytasche M\u00e4dchen f\u00fcr Unterwegs (Blume)","og_url":"https:\/\/marktxxl.de\/markt\/produkt\/baby-wickelrucksack-wickeltasche-multifunktional-grosse-kapazitaet-babytasche\/","og_site_name":"Markt-XXL","article_modified_time":"2023-04-10T01:04:28+00:00","og_image":[{"width":500,"height":500,"url":"https:\/\/m.media-amazon.com\/images\/I\/41PfgjUsU4L._SL500_.jpg","type":"image\/jpeg"}],"twitter_card":"summary_large_image","twitter_misc":{"Gesch\u00e4tzte Lesezeit":"1\u00a0Minute"},"schema":{"@context":"https:\/\/schema.org","@graph":[{"@type":"WebPage","@id":"https:\/\/marktxxl.de\/markt\/produkt\/baby-wickelrucksack-wickeltasche-multifunktional-grosse-kapazitaet-babytasche\/","url":"https:\/\/marktxxl.de\/markt\/produkt\/baby-wickelrucksack-wickeltasche-multifunktional-grosse-kapazitaet-babytasche\/","name":"Baby Wickelrucksack Multifunktional Wickeltasche Rucksack Gro\u00dfe Kapazit\u00e4t Babytasche M\u00e4dchen f\u00fcr Unterwegs (Blume) - Markt-XXL","isPartOf":{"@id":"https:\/\/marktxxl.de\/markt\/#website"},"primaryImageOfPage":{"@id":"https:\/\/marktxxl.de\/markt\/produkt\/baby-wickelrucksack-wickeltasche-multifunktional-grosse-kapazitaet-babytasche\/#primaryimage"},"image":{"@id":"https:\/\/marktxxl.de\/markt\/produkt\/baby-wickelrucksack-wickeltasche-multifunktional-grosse-kapazitaet-babytasche\/#primaryimage"},"thumbnailUrl":"https:\/\/m.media-amazon.com\/images\/I\/41PfgjUsU4L._SL500_.jpg","datePublished":"2021-12-28T19:51:35+00:00","dateModified":"2023-04-10T01:04:28+00:00","description":"Markt-XXL Baby Wickelrucksack Multifunktional Wickeltasche Rucksack Gro\u00dfe Kapazit\u00e4t Babytasche M\u00e4dchen f\u00fcr Unterwegs (Blume)","breadcrumb":{"@id":"https:\/\/marktxxl.de\/markt\/produkt\/baby-wickelrucksack-wickeltasche-multifunktional-grosse-kapazitaet-babytasche\/#breadcrumb"},"inLanguage":"de","potentialAction":[{"@type":"ReadAction","target":["https:\/\/marktxxl.de\/markt\/produkt\/baby-wickelrucksack-wickeltasche-multifunktional-grosse-kapazitaet-babytasche\/"]}]},{"@type":"ImageObject","inLanguage":"de","@id":"https:\/\/marktxxl.de\/markt\/produkt\/baby-wickelrucksack-wickeltasche-multifunktional-grosse-kapazitaet-babytasche\/#primaryimage","url":"https:\/\/m.media-amazon.com\/images\/I\/41PfgjUsU4L._SL500_.jpg","contentUrl":"https:\/\/m.media-amazon.com\/images\/I\/41PfgjUsU4L._SL500_.jpg","width":500,"height":500},{"@type":"BreadcrumbList","@id":"https:\/\/marktxxl.de\/markt\/produkt\/baby-wickelrucksack-wickeltasche-multifunktional-grosse-kapazitaet-babytasche\/#breadcrumb","itemListElement":[{"@type":"ListItem","position":1,"name":"Startseite","item":"https:\/\/marktxxl.de\/markt\/"},{"@type":"ListItem","position":2,"name":"Markt","item":"https:\/\/marktxxl.de\/markt\/"},{"@type":"ListItem","position":3,"name":"Baby Wickelrucksack Multifunktional Wickeltasche Rucksack Gro\u00dfe Kapazit\u00e4t Babytasche M\u00e4dchen f\u00fcr Unterwegs (Blume)"}]},{"@type":"WebSite","@id":"https:\/\/marktxxl.de\/markt\/#website","url":"https:\/\/marktxxl.de\/markt\/","name":"Markt-XXL","description":"Ihr Markt Online","publisher":{"@id":"https:\/\/marktxxl.de\/markt\/#organization"},"potentialAction":[{"@type":"SearchAction","target":{"@type":"EntryPoint","urlTemplate":"https:\/\/marktxxl.de\/markt\/?s={search_term_string}"},"query-input":{"@type":"PropertyValueSpecification","valueRequired":true,"valueName":"search_term_string"}}],"inLanguage":"de"},{"@type":"Organization","@id":"https:\/\/marktxxl.de\/markt\/#organization","name":"Markt-XXL","url":"https:\/\/marktxxl.de\/markt\/","logo":{"@type":"ImageObject","inLanguage":"de","@id":"https:\/\/marktxxl.de\/markt\/#\/schema\/logo\/image\/","url":"https:\/\/marktxxl.de\/markt\/wp-content\/uploads\/sites\/3\/2020\/12\/logo.png","contentUrl":"https:\/\/marktxxl.de\/markt\/wp-content\/uploads\/sites\/3\/2020\/12\/logo.png","width":200,"height":70,"caption":"Markt-XXL"},"image":{"@id":"https:\/\/marktxxl.de\/markt\/#\/schema\/logo\/image\/"}}]}},"_links":{"self":[{"href":"https:\/\/marktxxl.de\/markt\/wp-json\/wp\/v2\/product\/92277","targetHints":{"allow":["GET"]}}],"collection":[{"href":"https:\/\/marktxxl.de\/markt\/wp-json\/wp\/v2\/product"}],"about":[{"href":"https:\/\/marktxxl.de\/markt\/wp-json\/wp\/v2\/types\/product"}],"replies":[{"embeddable":true,"href":"https:\/\/marktxxl.de\/markt\/wp-json\/wp\/v2\/comments?post=92277"}],"wp:featuredmedia":[{"embeddable":true,"href":"https:\/\/marktxxl.de\/markt\/wp-json\/wp\/v2\/media\/92278"}],"wp:attachment":[{"href":"https:\/\/marktxxl.de\/markt\/wp-json\/wp\/v2\/media?parent=92277"}],"wp:term":[{"taxonomy":"product_brand","embeddable":true,"href":"https:\/\/marktxxl.de\/markt\/wp-json\/wp\/v2\/product_brand?post=92277"},{"taxonomy":"product_cat","embeddable":true,"href":"https:\/\/marktxxl.de\/markt\/wp-json\/wp\/v2\/product_cat?post=92277"},{"taxonomy":"product_tag","embeddable":true,"href":"https:\/\/marktxxl.de\/markt\/wp-json\/wp\/v2\/product_tag?post=92277"}],"curies":[{"name":"wp","href":"https:\/\/api.w.org\/{rel}","templated":true}]}}