{"id":92145,"date":"2021-12-28T20:45:48","date_gmt":"2021-12-28T19:45:48","guid":{"rendered":"https:\/\/marktxxl.de\/markt\/produkt\/amteker-4-stueck-wand-saver-wandschutz-fuer-treppengitter-sicherheits-wandschutz-fuer-baby-gatternfuer-klemm-fuesse-mit-durchmesser-bis-4cm\/"},"modified":"2023-04-10T03:04:26","modified_gmt":"2023-04-10T01:04:26","slug":"amteker-4-stueck-wand-saver-wandschutz-fuer-treppengitter-sicherheits-wandschutz-fuer-baby-gatternfuer-klemm-fuesse-mit-durchmesser-bis-4cm","status":"publish","type":"product","link":"https:\/\/marktxxl.de\/markt\/produkt\/amteker-4-stueck-wand-saver-wandschutz-fuer-treppengitter-sicherheits-wandschutz-fuer-baby-gatternfuer-klemm-fuesse-mit-durchmesser-bis-4cm\/","title":{"rendered":"Amteker Luftmatratze Pool Zubeh\u00f6r 2St\u00fcck"},"content":{"rendered":"<p>\u3010GEFALSCHTE ERINNERUNG\u3011Nur Sundell-De ist berechtigt, dieses Produkt zu verkaufen, \u00fcberpr\u00fcfen Sie bitte den Namen des Verk\u00e4ufers sorgf\u00e4ltig vor der Zahlung, um Sachsch\u00e4den zu vermeiden. Wir bieten keine Garantie f\u00fcr gef\u00e4lschte Produkte von anderen Anbietern an.<br \/>\n\u3010WALL SCHUTZ\u3011Gr\u00f6\u00dfe &#8211; 3.1 inch(Au\u00dfendurchmesser), 1.6 inch(Innendurchmesser), 1 inch(Dicke). Die Wandschutz-Schutzpolster sch\u00fctzen Ihre W\u00e4nde, T\u00fcren und Treppen, wenn Baby- oder Haustier-Tore montiert werden. Die Wall Cups f\u00fcr Baby Gate weiten den Druck vom Baby Gate auf eine viel gr\u00f6\u00dfere Fl\u00e4che aus. Die Gummigriff-Wand Die Tassen-Pads bleiben an den W\u00e4nden haften, damit das Tor nicht verrutscht.<br \/>\n\u3010NON-SLIP &amp; SICHERHEIT\u3011Diese Wall Cup Guard Protektoren f\u00fcr zus\u00e4tzliche Sicherheit. Ihre Baby Tore werden sicher an Ort und Stelle gehalten. Wenn Sie mit diesen Innovationen Ihr s\u00fc\u00dfes Haustier treffen oder das Kind es sch\u00fcttelt, m\u00fcssen Sie sich nicht mehr um die Bewegung der T\u00fcr k\u00fcmmern. Die Baby Gate Wall Cups bleiben stabiler, bis Sie die Schutzgitter entfernen m\u00fcssen. Sie werden auch keine Spuren hinterlassen.<br \/>\n\u3010MEHRVERWENDUNG\u3011Die Kindersicherheitstor-Sto\u00dfd\u00e4mpfercups werden f\u00fcr viele Art Druckartgatter wie verwendet: Kindertor, Sicherheitsbabytor, gehen durch Gatter, Babytore f\u00fcr Treppen, Haustiertore mit T\u00fcr, Spannung Babytor, Treppengitter f\u00fcr Kleinkinder, Duschenspannung Stange, etc .. Sie verwenden auch gut an jedem Ort: W\u00e4nde, Treppen, T\u00fcren, K\u00fcche usw. &#8230; Die Wand Tassen k\u00f6nnen f\u00fcr Duschvorh\u00e4nge mit gespannten Befestigungsstangen verwendet werden.<br \/>\n\u3010EINFACHE INSTALLATION &amp; ENTFERNEN\u3011Keine Werkzeuge f\u00fcr die Installation erforderlich. Sie m\u00fcssen nur Wandtassen zwischen den Druckschraubenbolzen und der Wand mit Ihren H\u00e4nden platzieren. Keine Schrauben sind erforderlich. Die Baby Gate Wall Cups bleiben stabiler, bis Sie die Schutzgitter entfernen m\u00fcssen. Sie werden auch keine Spuren hinterlassen.<br \/>\n<div class=\"main-cross-sell\" data-asin=\"B07CZD7NR9\">\n\n\t<div class=\"WooZone-cross-sell-loader\">\n\t\t<div>\n\t\t\t<div id=\"floatingBarsG\">\n\t\t\t\t<div class=\"blockG\" id=\"rotateG_01\"><\/div>\n\t\t\t\t<div class=\"blockG\" id=\"rotateG_02\"><\/div>\n\t\t\t\t<div class=\"blockG\" id=\"rotateG_03\"><\/div>\n\t\t\t\t<div class=\"blockG\" id=\"rotateG_04\"><\/div>\n\t\t\t\t<div class=\"blockG\" id=\"rotateG_05\"><\/div>\n\t\t\t\t<div class=\"blockG\" id=\"rotateG_06\"><\/div>\n\t\t\t\t<div class=\"blockG\" id=\"rotateG_07\"><\/div>\n\t\t\t\t<div class=\"blockG\" id=\"rotateG_08\"><\/div>\n\t\t\t<\/div>\n\t\t\t<div class=\"WooZone-cross-sell-loader-text\"><\/div>\n\t\t<\/div>\n\t<\/div>\n\n\t\t\n<\/div>\n<div style=\"clear:both;\"><\/div><\/p>\n","protected":false},"excerpt":{"rendered":"<p>\u3010GEFALSCHTE ERINNERUNG\u3011Nur Sundell-De ist berechtigt, dieses Produkt zu verkaufen, \u00fcberpr\u00fcfen Sie bitte den Namen des Verk\u00e4ufers sorgf\u00e4ltig vor der Zahlung, um Sachsch\u00e4den zu vermeiden. Wir bieten keine Garantie f\u00fcr gef\u00e4lschte Produkte von anderen Anbietern an.<br \/>\n\u3010WALL SCHUTZ\u3011Gr\u00f6\u00dfe &#8211; 3.1 inch(Au\u00dfendurchmesser), 1.6 inch(Innendurchmesser), 1 inch(Dicke). Die Wandschutz-Schutzpolster sch\u00fctzen Ihre W\u00e4nde, T\u00fcren und Treppen, wenn Baby- oder Haustier-Tore montiert werden. Die Wall Cups f\u00fcr Baby Gate weiten den Druck vom Baby Gate auf eine viel gr\u00f6\u00dfere Fl\u00e4che aus. Die Gummigriff-Wand Die Tassen-Pads bleiben an den W\u00e4nden haften, damit das Tor nicht verrutscht.<br \/>\n\u3010NON-SLIP &amp; SICHERHEIT\u3011Diese Wall Cup Guard Protektoren f\u00fcr zus\u00e4tzliche Sicherheit. Ihre Baby Tore werden sicher an Ort und Stelle gehalten. Wenn Sie mit diesen Innovationen Ihr s\u00fc\u00dfes Haustier treffen oder das Kind es sch\u00fcttelt, m\u00fcssen Sie sich nicht mehr um die Bewegung der T\u00fcr k\u00fcmmern. Die Baby Gate Wall Cups bleiben stabiler, bis Sie die Schutzgitter entfernen m\u00fcssen. Sie werden auch keine Spuren hinterlassen.<\/p>\n","protected":false},"featured_media":92146,"comment_status":"open","ping_status":"closed","template":"","meta":[],"product_brand":[],"product_cat":[21,9378],"product_tag":[],"class_list":{"0":"post-92145","1":"product","2":"type-product","3":"status-publish","4":"has-post-thumbnail","6":"product_cat-baby","7":"product_cat-sicherheit-baby","8":"pa_binding-babyartikel","9":"pa_brand-amteker","10":"pa_height-2-17-zoll","11":"pa_length-6-69-zoll","12":"pa_manufacturer-amteker","13":"pa_size-4-stueck-1er-pack","14":"pa_width-3-54-zoll","16":"first","17":"instock","18":"shipping-taxable","19":"purchasable","20":"product-type-simple","21":"customify-col","22":"product-has-gallery"},"yoast_head":"<!-- This site is optimized with the Yoast SEO plugin v27.4 - https:\/\/yoast.com\/product\/yoast-seo-wordpress\/ -->\n<title>Amteker Luftmatratze Pool Zubeh\u00f6r 2St\u00fcck - Markt-XXL<\/title>\n<meta name=\"description\" content=\"Markt-XXL Amteker Luftmatratze Pool Zubeh\u00f6r 2St\u00fcck\" \/>\n<meta name=\"robots\" content=\"index, follow, max-snippet:-1, max-image-preview:large, max-video-preview:-1\" \/>\n<link rel=\"canonical\" href=\"https:\/\/marktxxl.de\/markt\/produkt\/amteker-4-stueck-wand-saver-wandschutz-fuer-treppengitter-sicherheits-wandschutz-fuer-baby-gatternfuer-klemm-fuesse-mit-durchmesser-bis-4cm\/\" \/>\n<meta property=\"og:locale\" content=\"de_DE\" \/>\n<meta property=\"og:type\" content=\"article\" \/>\n<meta property=\"og:title\" content=\"Amteker Luftmatratze Pool Zubeh\u00f6r 2St\u00fcck - Markt-XXL\" \/>\n<meta property=\"og:description\" content=\"Markt-XXL Amteker Luftmatratze Pool Zubeh\u00f6r 2St\u00fcck\" \/>\n<meta property=\"og:url\" content=\"https:\/\/marktxxl.de\/markt\/produkt\/amteker-4-stueck-wand-saver-wandschutz-fuer-treppengitter-sicherheits-wandschutz-fuer-baby-gatternfuer-klemm-fuesse-mit-durchmesser-bis-4cm\/\" \/>\n<meta property=\"og:site_name\" content=\"Markt-XXL\" \/>\n<meta property=\"article:modified_time\" content=\"2023-04-10T01:04:26+00:00\" \/>\n<meta property=\"og:image\" content=\"https:\/\/m.media-amazon.com\/images\/I\/41yiDW80vAL._SL500_.jpg\" \/>\n\t<meta property=\"og:image:width\" content=\"500\" \/>\n\t<meta property=\"og:image:height\" content=\"500\" \/>\n\t<meta property=\"og:image:type\" content=\"image\/jpeg\" \/>\n<meta name=\"twitter:card\" content=\"summary_large_image\" \/>\n<meta name=\"twitter:label1\" content=\"Gesch\u00e4tzte Lesezeit\" \/>\n\t<meta name=\"twitter:data1\" content=\"2\u00a0Minuten\" \/>\n<script type=\"application\/ld+json\" class=\"yoast-schema-graph\">{\"@context\":\"https:\\\/\\\/schema.org\",\"@graph\":[{\"@type\":\"WebPage\",\"@id\":\"https:\\\/\\\/marktxxl.de\\\/markt\\\/produkt\\\/amteker-4-stueck-wand-saver-wandschutz-fuer-treppengitter-sicherheits-wandschutz-fuer-baby-gatternfuer-klemm-fuesse-mit-durchmesser-bis-4cm\\\/\",\"url\":\"https:\\\/\\\/marktxxl.de\\\/markt\\\/produkt\\\/amteker-4-stueck-wand-saver-wandschutz-fuer-treppengitter-sicherheits-wandschutz-fuer-baby-gatternfuer-klemm-fuesse-mit-durchmesser-bis-4cm\\\/\",\"name\":\"Amteker Luftmatratze Pool Zubeh\u00f6r 2St\u00fcck - Markt-XXL\",\"isPartOf\":{\"@id\":\"https:\\\/\\\/marktxxl.de\\\/markt\\\/#website\"},\"primaryImageOfPage\":{\"@id\":\"https:\\\/\\\/marktxxl.de\\\/markt\\\/produkt\\\/amteker-4-stueck-wand-saver-wandschutz-fuer-treppengitter-sicherheits-wandschutz-fuer-baby-gatternfuer-klemm-fuesse-mit-durchmesser-bis-4cm\\\/#primaryimage\"},\"image\":{\"@id\":\"https:\\\/\\\/marktxxl.de\\\/markt\\\/produkt\\\/amteker-4-stueck-wand-saver-wandschutz-fuer-treppengitter-sicherheits-wandschutz-fuer-baby-gatternfuer-klemm-fuesse-mit-durchmesser-bis-4cm\\\/#primaryimage\"},\"thumbnailUrl\":\"https:\\\/\\\/m.media-amazon.com\\\/images\\\/I\\\/41yiDW80vAL._SL500_.jpg\",\"datePublished\":\"2021-12-28T19:45:48+00:00\",\"dateModified\":\"2023-04-10T01:04:26+00:00\",\"description\":\"Markt-XXL Amteker Luftmatratze Pool Zubeh\u00f6r 2St\u00fcck\",\"breadcrumb\":{\"@id\":\"https:\\\/\\\/marktxxl.de\\\/markt\\\/produkt\\\/amteker-4-stueck-wand-saver-wandschutz-fuer-treppengitter-sicherheits-wandschutz-fuer-baby-gatternfuer-klemm-fuesse-mit-durchmesser-bis-4cm\\\/#breadcrumb\"},\"inLanguage\":\"de\",\"potentialAction\":[{\"@type\":\"ReadAction\",\"target\":[\"https:\\\/\\\/marktxxl.de\\\/markt\\\/produkt\\\/amteker-4-stueck-wand-saver-wandschutz-fuer-treppengitter-sicherheits-wandschutz-fuer-baby-gatternfuer-klemm-fuesse-mit-durchmesser-bis-4cm\\\/\"]}]},{\"@type\":\"ImageObject\",\"inLanguage\":\"de\",\"@id\":\"https:\\\/\\\/marktxxl.de\\\/markt\\\/produkt\\\/amteker-4-stueck-wand-saver-wandschutz-fuer-treppengitter-sicherheits-wandschutz-fuer-baby-gatternfuer-klemm-fuesse-mit-durchmesser-bis-4cm\\\/#primaryimage\",\"url\":\"https:\\\/\\\/m.media-amazon.com\\\/images\\\/I\\\/41yiDW80vAL._SL500_.jpg\",\"contentUrl\":\"https:\\\/\\\/m.media-amazon.com\\\/images\\\/I\\\/41yiDW80vAL._SL500_.jpg\",\"width\":500,\"height\":500},{\"@type\":\"BreadcrumbList\",\"@id\":\"https:\\\/\\\/marktxxl.de\\\/markt\\\/produkt\\\/amteker-4-stueck-wand-saver-wandschutz-fuer-treppengitter-sicherheits-wandschutz-fuer-baby-gatternfuer-klemm-fuesse-mit-durchmesser-bis-4cm\\\/#breadcrumb\",\"itemListElement\":[{\"@type\":\"ListItem\",\"position\":1,\"name\":\"Startseite\",\"item\":\"https:\\\/\\\/marktxxl.de\\\/markt\\\/\"},{\"@type\":\"ListItem\",\"position\":2,\"name\":\"Markt\",\"item\":\"https:\\\/\\\/marktxxl.de\\\/markt\\\/\"},{\"@type\":\"ListItem\",\"position\":3,\"name\":\"Amteker Luftmatratze Pool Zubeh\u00f6r 2St\u00fcck\"}]},{\"@type\":\"WebSite\",\"@id\":\"https:\\\/\\\/marktxxl.de\\\/markt\\\/#website\",\"url\":\"https:\\\/\\\/marktxxl.de\\\/markt\\\/\",\"name\":\"Markt-XXL\",\"description\":\"Ihr Markt Online\",\"publisher\":{\"@id\":\"https:\\\/\\\/marktxxl.de\\\/markt\\\/#organization\"},\"potentialAction\":[{\"@type\":\"SearchAction\",\"target\":{\"@type\":\"EntryPoint\",\"urlTemplate\":\"https:\\\/\\\/marktxxl.de\\\/markt\\\/?s={search_term_string}\"},\"query-input\":{\"@type\":\"PropertyValueSpecification\",\"valueRequired\":true,\"valueName\":\"search_term_string\"}}],\"inLanguage\":\"de\"},{\"@type\":\"Organization\",\"@id\":\"https:\\\/\\\/marktxxl.de\\\/markt\\\/#organization\",\"name\":\"Markt-XXL\",\"url\":\"https:\\\/\\\/marktxxl.de\\\/markt\\\/\",\"logo\":{\"@type\":\"ImageObject\",\"inLanguage\":\"de\",\"@id\":\"https:\\\/\\\/marktxxl.de\\\/markt\\\/#\\\/schema\\\/logo\\\/image\\\/\",\"url\":\"https:\\\/\\\/marktxxl.de\\\/markt\\\/wp-content\\\/uploads\\\/sites\\\/3\\\/2020\\\/12\\\/logo.png\",\"contentUrl\":\"https:\\\/\\\/marktxxl.de\\\/markt\\\/wp-content\\\/uploads\\\/sites\\\/3\\\/2020\\\/12\\\/logo.png\",\"width\":200,\"height\":70,\"caption\":\"Markt-XXL\"},\"image\":{\"@id\":\"https:\\\/\\\/marktxxl.de\\\/markt\\\/#\\\/schema\\\/logo\\\/image\\\/\"}}]}<\/script>\n<!-- \/ Yoast SEO plugin. -->","yoast_head_json":{"title":"Amteker Luftmatratze Pool Zubeh\u00f6r 2St\u00fcck - Markt-XXL","description":"Markt-XXL Amteker Luftmatratze Pool Zubeh\u00f6r 2St\u00fcck","robots":{"index":"index","follow":"follow","max-snippet":"max-snippet:-1","max-image-preview":"max-image-preview:large","max-video-preview":"max-video-preview:-1"},"canonical":"https:\/\/marktxxl.de\/markt\/produkt\/amteker-4-stueck-wand-saver-wandschutz-fuer-treppengitter-sicherheits-wandschutz-fuer-baby-gatternfuer-klemm-fuesse-mit-durchmesser-bis-4cm\/","og_locale":"de_DE","og_type":"article","og_title":"Amteker Luftmatratze Pool Zubeh\u00f6r 2St\u00fcck - Markt-XXL","og_description":"Markt-XXL Amteker Luftmatratze Pool Zubeh\u00f6r 2St\u00fcck","og_url":"https:\/\/marktxxl.de\/markt\/produkt\/amteker-4-stueck-wand-saver-wandschutz-fuer-treppengitter-sicherheits-wandschutz-fuer-baby-gatternfuer-klemm-fuesse-mit-durchmesser-bis-4cm\/","og_site_name":"Markt-XXL","article_modified_time":"2023-04-10T01:04:26+00:00","og_image":[{"width":500,"height":500,"url":"https:\/\/m.media-amazon.com\/images\/I\/41yiDW80vAL._SL500_.jpg","type":"image\/jpeg"}],"twitter_card":"summary_large_image","twitter_misc":{"Gesch\u00e4tzte Lesezeit":"2\u00a0Minuten"},"schema":{"@context":"https:\/\/schema.org","@graph":[{"@type":"WebPage","@id":"https:\/\/marktxxl.de\/markt\/produkt\/amteker-4-stueck-wand-saver-wandschutz-fuer-treppengitter-sicherheits-wandschutz-fuer-baby-gatternfuer-klemm-fuesse-mit-durchmesser-bis-4cm\/","url":"https:\/\/marktxxl.de\/markt\/produkt\/amteker-4-stueck-wand-saver-wandschutz-fuer-treppengitter-sicherheits-wandschutz-fuer-baby-gatternfuer-klemm-fuesse-mit-durchmesser-bis-4cm\/","name":"Amteker Luftmatratze Pool Zubeh\u00f6r 2St\u00fcck - Markt-XXL","isPartOf":{"@id":"https:\/\/marktxxl.de\/markt\/#website"},"primaryImageOfPage":{"@id":"https:\/\/marktxxl.de\/markt\/produkt\/amteker-4-stueck-wand-saver-wandschutz-fuer-treppengitter-sicherheits-wandschutz-fuer-baby-gatternfuer-klemm-fuesse-mit-durchmesser-bis-4cm\/#primaryimage"},"image":{"@id":"https:\/\/marktxxl.de\/markt\/produkt\/amteker-4-stueck-wand-saver-wandschutz-fuer-treppengitter-sicherheits-wandschutz-fuer-baby-gatternfuer-klemm-fuesse-mit-durchmesser-bis-4cm\/#primaryimage"},"thumbnailUrl":"https:\/\/m.media-amazon.com\/images\/I\/41yiDW80vAL._SL500_.jpg","datePublished":"2021-12-28T19:45:48+00:00","dateModified":"2023-04-10T01:04:26+00:00","description":"Markt-XXL Amteker Luftmatratze Pool Zubeh\u00f6r 2St\u00fcck","breadcrumb":{"@id":"https:\/\/marktxxl.de\/markt\/produkt\/amteker-4-stueck-wand-saver-wandschutz-fuer-treppengitter-sicherheits-wandschutz-fuer-baby-gatternfuer-klemm-fuesse-mit-durchmesser-bis-4cm\/#breadcrumb"},"inLanguage":"de","potentialAction":[{"@type":"ReadAction","target":["https:\/\/marktxxl.de\/markt\/produkt\/amteker-4-stueck-wand-saver-wandschutz-fuer-treppengitter-sicherheits-wandschutz-fuer-baby-gatternfuer-klemm-fuesse-mit-durchmesser-bis-4cm\/"]}]},{"@type":"ImageObject","inLanguage":"de","@id":"https:\/\/marktxxl.de\/markt\/produkt\/amteker-4-stueck-wand-saver-wandschutz-fuer-treppengitter-sicherheits-wandschutz-fuer-baby-gatternfuer-klemm-fuesse-mit-durchmesser-bis-4cm\/#primaryimage","url":"https:\/\/m.media-amazon.com\/images\/I\/41yiDW80vAL._SL500_.jpg","contentUrl":"https:\/\/m.media-amazon.com\/images\/I\/41yiDW80vAL._SL500_.jpg","width":500,"height":500},{"@type":"BreadcrumbList","@id":"https:\/\/marktxxl.de\/markt\/produkt\/amteker-4-stueck-wand-saver-wandschutz-fuer-treppengitter-sicherheits-wandschutz-fuer-baby-gatternfuer-klemm-fuesse-mit-durchmesser-bis-4cm\/#breadcrumb","itemListElement":[{"@type":"ListItem","position":1,"name":"Startseite","item":"https:\/\/marktxxl.de\/markt\/"},{"@type":"ListItem","position":2,"name":"Markt","item":"https:\/\/marktxxl.de\/markt\/"},{"@type":"ListItem","position":3,"name":"Amteker Luftmatratze Pool Zubeh\u00f6r 2St\u00fcck"}]},{"@type":"WebSite","@id":"https:\/\/marktxxl.de\/markt\/#website","url":"https:\/\/marktxxl.de\/markt\/","name":"Markt-XXL","description":"Ihr Markt Online","publisher":{"@id":"https:\/\/marktxxl.de\/markt\/#organization"},"potentialAction":[{"@type":"SearchAction","target":{"@type":"EntryPoint","urlTemplate":"https:\/\/marktxxl.de\/markt\/?s={search_term_string}"},"query-input":{"@type":"PropertyValueSpecification","valueRequired":true,"valueName":"search_term_string"}}],"inLanguage":"de"},{"@type":"Organization","@id":"https:\/\/marktxxl.de\/markt\/#organization","name":"Markt-XXL","url":"https:\/\/marktxxl.de\/markt\/","logo":{"@type":"ImageObject","inLanguage":"de","@id":"https:\/\/marktxxl.de\/markt\/#\/schema\/logo\/image\/","url":"https:\/\/marktxxl.de\/markt\/wp-content\/uploads\/sites\/3\/2020\/12\/logo.png","contentUrl":"https:\/\/marktxxl.de\/markt\/wp-content\/uploads\/sites\/3\/2020\/12\/logo.png","width":200,"height":70,"caption":"Markt-XXL"},"image":{"@id":"https:\/\/marktxxl.de\/markt\/#\/schema\/logo\/image\/"}}]}},"_links":{"self":[{"href":"https:\/\/marktxxl.de\/markt\/wp-json\/wp\/v2\/product\/92145","targetHints":{"allow":["GET"]}}],"collection":[{"href":"https:\/\/marktxxl.de\/markt\/wp-json\/wp\/v2\/product"}],"about":[{"href":"https:\/\/marktxxl.de\/markt\/wp-json\/wp\/v2\/types\/product"}],"replies":[{"embeddable":true,"href":"https:\/\/marktxxl.de\/markt\/wp-json\/wp\/v2\/comments?post=92145"}],"wp:featuredmedia":[{"embeddable":true,"href":"https:\/\/marktxxl.de\/markt\/wp-json\/wp\/v2\/media\/92146"}],"wp:attachment":[{"href":"https:\/\/marktxxl.de\/markt\/wp-json\/wp\/v2\/media?parent=92145"}],"wp:term":[{"taxonomy":"product_brand","embeddable":true,"href":"https:\/\/marktxxl.de\/markt\/wp-json\/wp\/v2\/product_brand?post=92145"},{"taxonomy":"product_cat","embeddable":true,"href":"https:\/\/marktxxl.de\/markt\/wp-json\/wp\/v2\/product_cat?post=92145"},{"taxonomy":"product_tag","embeddable":true,"href":"https:\/\/marktxxl.de\/markt\/wp-json\/wp\/v2\/product_tag?post=92145"}],"curies":[{"name":"wp","href":"https:\/\/api.w.org\/{rel}","templated":true}]}}