{"id":92137,"date":"2021-12-28T20:45:43","date_gmt":"2021-12-28T19:45:43","guid":{"rendered":"https:\/\/marktxxl.de\/markt\/produkt\/beego-backofen-kindersicherung-kindersicherung-backofen-schutz-fuer-babys-kleinkinder-einfache-installation-1-x-schloss-weiss\/"},"modified":"2023-04-10T03:04:26","modified_gmt":"2023-04-10T01:04:26","slug":"beego-backofen-kindersicherung-kindersicherung-backofen-schutz-fuer-babys-kleinkinder-einfache-installation-1-x-schloss-weiss","status":"publish","type":"product","link":"https:\/\/marktxxl.de\/markt\/produkt\/beego-backofen-kindersicherung-kindersicherung-backofen-schutz-fuer-babys-kleinkinder-einfache-installation-1-x-schloss-weiss\/","title":{"rendered":"BeeGo\u00ae Backofen Kindersicherung, Kindersicherung Backofen, Schutz f\u00fcr Babys &amp; Kleinkinder, Einfache Installation (1 x\u2026"},"content":{"rendered":"<p>Selbstklebend: Sch\u00fctzen Sie Kinder und Kleinkinder vor verbrannten Fingern und H\u00e4nden mit dem neuesten selbstklebenden Ofensicherungsschloss<br \/>\nKompatibel: Unsere kindersicheren Ofenschoner sind kompatibel mit den meisten Ofenmodellen und Mikrowellen<br \/>\nPremium-Qualit\u00e4t: Im Gegensatz zu anderen Ofensicherheitsger\u00e4ten verwenden wir das st\u00e4rkste industrielle 3M-VHB-Klebeband, um Schl\u00f6sser an Ofent\u00fcren zu sichern. Jedes Schloss wurde aus hitzebest\u00e4ndigen PC-Materialien hergestellt, um extremen Temperaturen standzuhalten<br \/>\nEinfachheit: Unsere Ofenschl\u00f6sser sind unglaublich einfach zu installieren. Kein Werkzeug oder Schrauben erforderlich. Entfernen Sie einfach die 3M-Klebebandabdeckung und platzieren Sie das Schloss an der gew\u00fcnschten Stelle. 72 Stunden einwirken lassen, fertig<br \/>\n1 Jahr Garantie: Wir bieten eine 12-monatige Ersatzgarantie auf unsere Sicherheitsprodukte ohne Fragen. Wir geben auch eine 30 Tage Geld-zur\u00fcck-Garantie auf alle unsere Produkte<br \/>\n<div class=\"main-cross-sell\" data-asin=\"B082VXDKV9\">\n\n\t<div class=\"WooZone-cross-sell-loader\">\n\t\t<div>\n\t\t\t<div id=\"floatingBarsG\">\n\t\t\t\t<div class=\"blockG\" id=\"rotateG_01\"><\/div>\n\t\t\t\t<div class=\"blockG\" id=\"rotateG_02\"><\/div>\n\t\t\t\t<div class=\"blockG\" id=\"rotateG_03\"><\/div>\n\t\t\t\t<div class=\"blockG\" id=\"rotateG_04\"><\/div>\n\t\t\t\t<div class=\"blockG\" id=\"rotateG_05\"><\/div>\n\t\t\t\t<div class=\"blockG\" id=\"rotateG_06\"><\/div>\n\t\t\t\t<div class=\"blockG\" id=\"rotateG_07\"><\/div>\n\t\t\t\t<div class=\"blockG\" id=\"rotateG_08\"><\/div>\n\t\t\t<\/div>\n\t\t\t<div class=\"WooZone-cross-sell-loader-text\"><\/div>\n\t\t<\/div>\n\t<\/div>\n\n\t\t\n<\/div>\n<div style=\"clear:both;\"><\/div><\/p>\n","protected":false},"excerpt":{"rendered":"<p>Selbstklebend: Sch\u00fctzen Sie Kinder und Kleinkinder vor verbrannten Fingern und H\u00e4nden mit dem neuesten selbstklebenden Ofensicherungsschloss<br \/>\nKompatibel: Unsere kindersicheren Ofenschoner sind kompatibel mit den meisten Ofenmodellen und Mikrowellen<br \/>\nPremium-Qualit\u00e4t: Im Gegensatz zu anderen Ofensicherheitsger\u00e4ten verwenden wir das st\u00e4rkste industrielle 3M-VHB-Klebeband, um Schl\u00f6sser an Ofent\u00fcren zu sichern. Jedes Schloss wurde aus hitzebest\u00e4ndigen PC-Materialien hergestellt, um extremen Temperaturen standzuhalten<\/p>\n","protected":false},"featured_media":92138,"comment_status":"open","ping_status":"closed","template":"","meta":[],"product_brand":[],"product_cat":[21,9378],"product_tag":[],"class_list":{"0":"post-92137","1":"product","2":"type-product","3":"status-publish","4":"has-post-thumbnail","6":"product_cat-baby","7":"product_cat-sicherheit-baby","8":"pa_binding-babyartikel","9":"pa_brand-beego","10":"pa_manufacturer-beego","11":"pa_size-8x5x3","13":"first","14":"instock","15":"shipping-taxable","16":"purchasable","17":"product-type-simple","18":"customify-col","19":"product-has-gallery"},"yoast_head":"<!-- This site is optimized with the Yoast SEO plugin v27.4 - https:\/\/yoast.com\/product\/yoast-seo-wordpress\/ -->\n<title>BeeGo\u00ae Backofen Kindersicherung, Kindersicherung Backofen, Schutz f\u00fcr Babys &amp; Kleinkinder, Einfache Installation (1 x\u2026 - Markt-XXL<\/title>\n<meta name=\"description\" content=\"Markt-XXL BeeGo\u00ae Backofen Kindersicherung, Kindersicherung Backofen, Schutz f\u00fcr Babys &amp; Kleinkinder, Einfache Installation (1 x\u2026\" \/>\n<meta name=\"robots\" content=\"index, follow, max-snippet:-1, max-image-preview:large, max-video-preview:-1\" \/>\n<link rel=\"canonical\" href=\"https:\/\/marktxxl.de\/markt\/produkt\/beego-backofen-kindersicherung-kindersicherung-backofen-schutz-fuer-babys-kleinkinder-einfache-installation-1-x-schloss-weiss\/\" \/>\n<meta property=\"og:locale\" content=\"de_DE\" \/>\n<meta property=\"og:type\" content=\"article\" \/>\n<meta property=\"og:title\" content=\"BeeGo\u00ae Backofen Kindersicherung, Kindersicherung Backofen, Schutz f\u00fcr Babys &amp; Kleinkinder, Einfache Installation (1 x\u2026 - Markt-XXL\" \/>\n<meta property=\"og:description\" content=\"Markt-XXL BeeGo\u00ae Backofen Kindersicherung, Kindersicherung Backofen, Schutz f\u00fcr Babys &amp; Kleinkinder, Einfache Installation (1 x\u2026\" \/>\n<meta property=\"og:url\" content=\"https:\/\/marktxxl.de\/markt\/produkt\/beego-backofen-kindersicherung-kindersicherung-backofen-schutz-fuer-babys-kleinkinder-einfache-installation-1-x-schloss-weiss\/\" \/>\n<meta property=\"og:site_name\" content=\"Markt-XXL\" \/>\n<meta property=\"article:modified_time\" content=\"2023-04-10T01:04:26+00:00\" \/>\n<meta property=\"og:image\" content=\"https:\/\/m.media-amazon.com\/images\/I\/31ycVctIEWL._SL500_.jpg\" \/>\n\t<meta property=\"og:image:width\" content=\"500\" \/>\n\t<meta property=\"og:image:height\" content=\"500\" \/>\n\t<meta property=\"og:image:type\" content=\"image\/jpeg\" \/>\n<meta name=\"twitter:card\" content=\"summary_large_image\" \/>\n<meta name=\"twitter:label1\" content=\"Gesch\u00e4tzte Lesezeit\" \/>\n\t<meta name=\"twitter:data1\" content=\"1\u00a0Minute\" \/>\n<script type=\"application\/ld+json\" class=\"yoast-schema-graph\">{\"@context\":\"https:\\\/\\\/schema.org\",\"@graph\":[{\"@type\":\"WebPage\",\"@id\":\"https:\\\/\\\/marktxxl.de\\\/markt\\\/produkt\\\/beego-backofen-kindersicherung-kindersicherung-backofen-schutz-fuer-babys-kleinkinder-einfache-installation-1-x-schloss-weiss\\\/\",\"url\":\"https:\\\/\\\/marktxxl.de\\\/markt\\\/produkt\\\/beego-backofen-kindersicherung-kindersicherung-backofen-schutz-fuer-babys-kleinkinder-einfache-installation-1-x-schloss-weiss\\\/\",\"name\":\"BeeGo\u00ae Backofen Kindersicherung, Kindersicherung Backofen, Schutz f\u00fcr Babys &amp; Kleinkinder, Einfache Installation (1 x\u2026 - Markt-XXL\",\"isPartOf\":{\"@id\":\"https:\\\/\\\/marktxxl.de\\\/markt\\\/#website\"},\"primaryImageOfPage\":{\"@id\":\"https:\\\/\\\/marktxxl.de\\\/markt\\\/produkt\\\/beego-backofen-kindersicherung-kindersicherung-backofen-schutz-fuer-babys-kleinkinder-einfache-installation-1-x-schloss-weiss\\\/#primaryimage\"},\"image\":{\"@id\":\"https:\\\/\\\/marktxxl.de\\\/markt\\\/produkt\\\/beego-backofen-kindersicherung-kindersicherung-backofen-schutz-fuer-babys-kleinkinder-einfache-installation-1-x-schloss-weiss\\\/#primaryimage\"},\"thumbnailUrl\":\"https:\\\/\\\/m.media-amazon.com\\\/images\\\/I\\\/31ycVctIEWL._SL500_.jpg\",\"datePublished\":\"2021-12-28T19:45:43+00:00\",\"dateModified\":\"2023-04-10T01:04:26+00:00\",\"description\":\"Markt-XXL BeeGo\u00ae Backofen Kindersicherung, Kindersicherung Backofen, Schutz f\u00fcr Babys &amp; Kleinkinder, Einfache Installation (1 x\u2026\",\"breadcrumb\":{\"@id\":\"https:\\\/\\\/marktxxl.de\\\/markt\\\/produkt\\\/beego-backofen-kindersicherung-kindersicherung-backofen-schutz-fuer-babys-kleinkinder-einfache-installation-1-x-schloss-weiss\\\/#breadcrumb\"},\"inLanguage\":\"de\",\"potentialAction\":[{\"@type\":\"ReadAction\",\"target\":[\"https:\\\/\\\/marktxxl.de\\\/markt\\\/produkt\\\/beego-backofen-kindersicherung-kindersicherung-backofen-schutz-fuer-babys-kleinkinder-einfache-installation-1-x-schloss-weiss\\\/\"]}]},{\"@type\":\"ImageObject\",\"inLanguage\":\"de\",\"@id\":\"https:\\\/\\\/marktxxl.de\\\/markt\\\/produkt\\\/beego-backofen-kindersicherung-kindersicherung-backofen-schutz-fuer-babys-kleinkinder-einfache-installation-1-x-schloss-weiss\\\/#primaryimage\",\"url\":\"https:\\\/\\\/m.media-amazon.com\\\/images\\\/I\\\/31ycVctIEWL._SL500_.jpg\",\"contentUrl\":\"https:\\\/\\\/m.media-amazon.com\\\/images\\\/I\\\/31ycVctIEWL._SL500_.jpg\",\"width\":500,\"height\":500},{\"@type\":\"BreadcrumbList\",\"@id\":\"https:\\\/\\\/marktxxl.de\\\/markt\\\/produkt\\\/beego-backofen-kindersicherung-kindersicherung-backofen-schutz-fuer-babys-kleinkinder-einfache-installation-1-x-schloss-weiss\\\/#breadcrumb\",\"itemListElement\":[{\"@type\":\"ListItem\",\"position\":1,\"name\":\"Startseite\",\"item\":\"https:\\\/\\\/marktxxl.de\\\/markt\\\/\"},{\"@type\":\"ListItem\",\"position\":2,\"name\":\"Markt\",\"item\":\"https:\\\/\\\/marktxxl.de\\\/markt\\\/\"},{\"@type\":\"ListItem\",\"position\":3,\"name\":\"BeeGo\u00ae Backofen Kindersicherung, Kindersicherung Backofen, Schutz f\u00fcr Babys &amp; Kleinkinder, Einfache Installation (1 x\u2026\"}]},{\"@type\":\"WebSite\",\"@id\":\"https:\\\/\\\/marktxxl.de\\\/markt\\\/#website\",\"url\":\"https:\\\/\\\/marktxxl.de\\\/markt\\\/\",\"name\":\"Markt-XXL\",\"description\":\"Ihr Markt Online\",\"publisher\":{\"@id\":\"https:\\\/\\\/marktxxl.de\\\/markt\\\/#organization\"},\"potentialAction\":[{\"@type\":\"SearchAction\",\"target\":{\"@type\":\"EntryPoint\",\"urlTemplate\":\"https:\\\/\\\/marktxxl.de\\\/markt\\\/?s={search_term_string}\"},\"query-input\":{\"@type\":\"PropertyValueSpecification\",\"valueRequired\":true,\"valueName\":\"search_term_string\"}}],\"inLanguage\":\"de\"},{\"@type\":\"Organization\",\"@id\":\"https:\\\/\\\/marktxxl.de\\\/markt\\\/#organization\",\"name\":\"Markt-XXL\",\"url\":\"https:\\\/\\\/marktxxl.de\\\/markt\\\/\",\"logo\":{\"@type\":\"ImageObject\",\"inLanguage\":\"de\",\"@id\":\"https:\\\/\\\/marktxxl.de\\\/markt\\\/#\\\/schema\\\/logo\\\/image\\\/\",\"url\":\"https:\\\/\\\/marktxxl.de\\\/markt\\\/wp-content\\\/uploads\\\/sites\\\/3\\\/2020\\\/12\\\/logo.png\",\"contentUrl\":\"https:\\\/\\\/marktxxl.de\\\/markt\\\/wp-content\\\/uploads\\\/sites\\\/3\\\/2020\\\/12\\\/logo.png\",\"width\":200,\"height\":70,\"caption\":\"Markt-XXL\"},\"image\":{\"@id\":\"https:\\\/\\\/marktxxl.de\\\/markt\\\/#\\\/schema\\\/logo\\\/image\\\/\"}}]}<\/script>\n<!-- \/ Yoast SEO plugin. -->","yoast_head_json":{"title":"BeeGo\u00ae Backofen Kindersicherung, Kindersicherung Backofen, Schutz f\u00fcr Babys &amp; Kleinkinder, Einfache Installation (1 x\u2026 - Markt-XXL","description":"Markt-XXL BeeGo\u00ae Backofen Kindersicherung, Kindersicherung Backofen, Schutz f\u00fcr Babys &amp; Kleinkinder, Einfache Installation (1 x\u2026","robots":{"index":"index","follow":"follow","max-snippet":"max-snippet:-1","max-image-preview":"max-image-preview:large","max-video-preview":"max-video-preview:-1"},"canonical":"https:\/\/marktxxl.de\/markt\/produkt\/beego-backofen-kindersicherung-kindersicherung-backofen-schutz-fuer-babys-kleinkinder-einfache-installation-1-x-schloss-weiss\/","og_locale":"de_DE","og_type":"article","og_title":"BeeGo\u00ae Backofen Kindersicherung, Kindersicherung Backofen, Schutz f\u00fcr Babys &amp; Kleinkinder, Einfache Installation (1 x\u2026 - Markt-XXL","og_description":"Markt-XXL BeeGo\u00ae Backofen Kindersicherung, Kindersicherung Backofen, Schutz f\u00fcr Babys &amp; Kleinkinder, Einfache Installation (1 x\u2026","og_url":"https:\/\/marktxxl.de\/markt\/produkt\/beego-backofen-kindersicherung-kindersicherung-backofen-schutz-fuer-babys-kleinkinder-einfache-installation-1-x-schloss-weiss\/","og_site_name":"Markt-XXL","article_modified_time":"2023-04-10T01:04:26+00:00","og_image":[{"width":500,"height":500,"url":"https:\/\/m.media-amazon.com\/images\/I\/31ycVctIEWL._SL500_.jpg","type":"image\/jpeg"}],"twitter_card":"summary_large_image","twitter_misc":{"Gesch\u00e4tzte Lesezeit":"1\u00a0Minute"},"schema":{"@context":"https:\/\/schema.org","@graph":[{"@type":"WebPage","@id":"https:\/\/marktxxl.de\/markt\/produkt\/beego-backofen-kindersicherung-kindersicherung-backofen-schutz-fuer-babys-kleinkinder-einfache-installation-1-x-schloss-weiss\/","url":"https:\/\/marktxxl.de\/markt\/produkt\/beego-backofen-kindersicherung-kindersicherung-backofen-schutz-fuer-babys-kleinkinder-einfache-installation-1-x-schloss-weiss\/","name":"BeeGo\u00ae Backofen Kindersicherung, Kindersicherung Backofen, Schutz f\u00fcr Babys &amp; Kleinkinder, Einfache Installation (1 x\u2026 - Markt-XXL","isPartOf":{"@id":"https:\/\/marktxxl.de\/markt\/#website"},"primaryImageOfPage":{"@id":"https:\/\/marktxxl.de\/markt\/produkt\/beego-backofen-kindersicherung-kindersicherung-backofen-schutz-fuer-babys-kleinkinder-einfache-installation-1-x-schloss-weiss\/#primaryimage"},"image":{"@id":"https:\/\/marktxxl.de\/markt\/produkt\/beego-backofen-kindersicherung-kindersicherung-backofen-schutz-fuer-babys-kleinkinder-einfache-installation-1-x-schloss-weiss\/#primaryimage"},"thumbnailUrl":"https:\/\/m.media-amazon.com\/images\/I\/31ycVctIEWL._SL500_.jpg","datePublished":"2021-12-28T19:45:43+00:00","dateModified":"2023-04-10T01:04:26+00:00","description":"Markt-XXL BeeGo\u00ae Backofen Kindersicherung, Kindersicherung Backofen, Schutz f\u00fcr Babys &amp; Kleinkinder, Einfache Installation (1 x\u2026","breadcrumb":{"@id":"https:\/\/marktxxl.de\/markt\/produkt\/beego-backofen-kindersicherung-kindersicherung-backofen-schutz-fuer-babys-kleinkinder-einfache-installation-1-x-schloss-weiss\/#breadcrumb"},"inLanguage":"de","potentialAction":[{"@type":"ReadAction","target":["https:\/\/marktxxl.de\/markt\/produkt\/beego-backofen-kindersicherung-kindersicherung-backofen-schutz-fuer-babys-kleinkinder-einfache-installation-1-x-schloss-weiss\/"]}]},{"@type":"ImageObject","inLanguage":"de","@id":"https:\/\/marktxxl.de\/markt\/produkt\/beego-backofen-kindersicherung-kindersicherung-backofen-schutz-fuer-babys-kleinkinder-einfache-installation-1-x-schloss-weiss\/#primaryimage","url":"https:\/\/m.media-amazon.com\/images\/I\/31ycVctIEWL._SL500_.jpg","contentUrl":"https:\/\/m.media-amazon.com\/images\/I\/31ycVctIEWL._SL500_.jpg","width":500,"height":500},{"@type":"BreadcrumbList","@id":"https:\/\/marktxxl.de\/markt\/produkt\/beego-backofen-kindersicherung-kindersicherung-backofen-schutz-fuer-babys-kleinkinder-einfache-installation-1-x-schloss-weiss\/#breadcrumb","itemListElement":[{"@type":"ListItem","position":1,"name":"Startseite","item":"https:\/\/marktxxl.de\/markt\/"},{"@type":"ListItem","position":2,"name":"Markt","item":"https:\/\/marktxxl.de\/markt\/"},{"@type":"ListItem","position":3,"name":"BeeGo\u00ae Backofen Kindersicherung, Kindersicherung Backofen, Schutz f\u00fcr Babys &amp; Kleinkinder, Einfache Installation (1 x\u2026"}]},{"@type":"WebSite","@id":"https:\/\/marktxxl.de\/markt\/#website","url":"https:\/\/marktxxl.de\/markt\/","name":"Markt-XXL","description":"Ihr Markt Online","publisher":{"@id":"https:\/\/marktxxl.de\/markt\/#organization"},"potentialAction":[{"@type":"SearchAction","target":{"@type":"EntryPoint","urlTemplate":"https:\/\/marktxxl.de\/markt\/?s={search_term_string}"},"query-input":{"@type":"PropertyValueSpecification","valueRequired":true,"valueName":"search_term_string"}}],"inLanguage":"de"},{"@type":"Organization","@id":"https:\/\/marktxxl.de\/markt\/#organization","name":"Markt-XXL","url":"https:\/\/marktxxl.de\/markt\/","logo":{"@type":"ImageObject","inLanguage":"de","@id":"https:\/\/marktxxl.de\/markt\/#\/schema\/logo\/image\/","url":"https:\/\/marktxxl.de\/markt\/wp-content\/uploads\/sites\/3\/2020\/12\/logo.png","contentUrl":"https:\/\/marktxxl.de\/markt\/wp-content\/uploads\/sites\/3\/2020\/12\/logo.png","width":200,"height":70,"caption":"Markt-XXL"},"image":{"@id":"https:\/\/marktxxl.de\/markt\/#\/schema\/logo\/image\/"}}]}},"_links":{"self":[{"href":"https:\/\/marktxxl.de\/markt\/wp-json\/wp\/v2\/product\/92137","targetHints":{"allow":["GET"]}}],"collection":[{"href":"https:\/\/marktxxl.de\/markt\/wp-json\/wp\/v2\/product"}],"about":[{"href":"https:\/\/marktxxl.de\/markt\/wp-json\/wp\/v2\/types\/product"}],"replies":[{"embeddable":true,"href":"https:\/\/marktxxl.de\/markt\/wp-json\/wp\/v2\/comments?post=92137"}],"wp:featuredmedia":[{"embeddable":true,"href":"https:\/\/marktxxl.de\/markt\/wp-json\/wp\/v2\/media\/92138"}],"wp:attachment":[{"href":"https:\/\/marktxxl.de\/markt\/wp-json\/wp\/v2\/media?parent=92137"}],"wp:term":[{"taxonomy":"product_brand","embeddable":true,"href":"https:\/\/marktxxl.de\/markt\/wp-json\/wp\/v2\/product_brand?post=92137"},{"taxonomy":"product_cat","embeddable":true,"href":"https:\/\/marktxxl.de\/markt\/wp-json\/wp\/v2\/product_cat?post=92137"},{"taxonomy":"product_tag","embeddable":true,"href":"https:\/\/marktxxl.de\/markt\/wp-json\/wp\/v2\/product_tag?post=92137"}],"curies":[{"name":"wp","href":"https:\/\/api.w.org\/{rel}","templated":true}]}}