{"id":92125,"date":"2021-12-28T20:45:33","date_gmt":"2021-12-28T19:45:33","guid":{"rendered":"https:\/\/marktxxl.de\/markt\/produkt\/diamond-painting-stickers-kits-for-kids-hero-diamond-painting-stickers-diamond-dotze-paint-with-diamonds-kits-diy-arts-crafts-9-pack-hero-stickers\/"},"modified":"2023-04-10T03:04:26","modified_gmt":"2023-04-10T01:04:26","slug":"diamond-painting-stickers-kits-for-kids-hero-diamond-painting-stickers-diamond-dotze-paint-with-diamonds-kits-diy-arts-crafts-9-pack-hero-stickers","status":"publish","type":"product","link":"https:\/\/marktxxl.de\/markt\/produkt\/diamond-painting-stickers-kits-for-kids-hero-diamond-painting-stickers-diamond-dotze-paint-with-diamonds-kits-diy-arts-crafts-9-pack-hero-stickers\/","title":{"rendered":"Diamond Painting Stickers Kits for Kids Hero Diamond Painting Stickers Diamond Dotze Paint with Diamonds Kits DIY Arts\u2026"},"content":{"rendered":"<p>\u3010SICHERE MATERIALIEN\u3011Die Kindersicherung Schubladensicherung besteht aus umweltfreundlichen Materialien und echtem 3M-Kleber. Er l\u00e4sst sich sehr sicher befestigen, so dass Sie sich keine Sorgen machen m\u00fcssen, dass Ihr Kind ihn leicht abrei\u00dfen k\u00f6nnte. Und die R\u00fcckst\u00e4nde lassen sich leicht entfernen, ohne die M\u00f6bel zu besch\u00e4digen. Perfekt f\u00fcr den Heimgebrauch, besonders f\u00fcr Sie mit Kindern.2<br \/>\n\u3010DOPPELTE VERRIEGELUNG\u3011Schieben Sie gleichzeitig und dr\u00fccken einen Knopfdruck zum Entriegeln, was f\u00fcr Erwachsene leicht, f\u00fcr Babys aber definitiv schwierig ist. Die Schublade schlie\u00dft sanft und verriegelt sofort mit einem doppelten Sicherheitsschloss f\u00fcr Kinder, was f\u00fcr Ihr Babys sicherer ist.2<br \/>\n\u3010EINFACH ZU INSTALLIEREN\u3011 Keine Werkzeuge oder Bohrer, kein Bohren und keine Besch\u00e4digung der M\u00f6bel. Sie m\u00fcssen nur das Klebeband auf der R\u00fcckseite des Schranksicherungen Schlosses entfernen, und es ist in wenigen Sekunden leicht zu installieren. Und Sie k\u00f6nnen die Klebeb\u00e4nder je nach Bedarf austauschen, so dass sie einfach zu verwenden ist.2<br \/>\n\u3010EINZIGARTIGES PRODUKTDESIGN\u3011 F\u00fcr Kinder sind die L\u00fccken zwischen Schubladen oder Schrankt\u00fcren, die sie nicht \u00f6ffnen k\u00f6nnen, eine gute M\u00f6glichkeit, sie von kleinen, leicht verschluckbaren Gegenst\u00e4nden in Schubladen fernzuhalten sowie Aufbewahrungs- und Schrankgegenst\u00e4nde in Schubladen zu sch\u00fctzen. F\u00fcr Hundebesitzer, um zu verhindern, dass ihre h\u00fcndischen Haustiere Schr\u00e4nke und Schubladen \u00f6ffnen.2<br \/>\n\u3010BREITE ANWENDUNG\u3011Unser Kindersicherheit Schubladenschloss ist geeignet f\u00fcr alle Schrankeinbauten, Schr\u00e4nke, T\u00fcren, Schubladen, \u00d6fen, K\u00fchlschr\u00e4nke, Fenster, M\u00fclleimer, Kommoden usw. Verhindert das Einklemmen von Fingern an Schr\u00e4nken und anderen T\u00fcren. H\u00e4lt neugierige Babys und aktive Haustiere sicher von Schr\u00e4nken fern.2<br \/>\n<div class=\"main-cross-sell\" data-asin=\"B07PFB9SC9\">\n\n\t<div class=\"WooZone-cross-sell-loader\">\n\t\t<div>\n\t\t\t<div id=\"floatingBarsG\">\n\t\t\t\t<div class=\"blockG\" id=\"rotateG_01\"><\/div>\n\t\t\t\t<div class=\"blockG\" id=\"rotateG_02\"><\/div>\n\t\t\t\t<div class=\"blockG\" id=\"rotateG_03\"><\/div>\n\t\t\t\t<div class=\"blockG\" id=\"rotateG_04\"><\/div>\n\t\t\t\t<div class=\"blockG\" id=\"rotateG_05\"><\/div>\n\t\t\t\t<div class=\"blockG\" id=\"rotateG_06\"><\/div>\n\t\t\t\t<div class=\"blockG\" id=\"rotateG_07\"><\/div>\n\t\t\t\t<div class=\"blockG\" id=\"rotateG_08\"><\/div>\n\t\t\t<\/div>\n\t\t\t<div class=\"WooZone-cross-sell-loader-text\"><\/div>\n\t\t<\/div>\n\t<\/div>\n\n\t\t\n<\/div>\n<div style=\"clear:both;\"><\/div><\/p>\n","protected":false},"excerpt":{"rendered":"<p>\u3010SICHERE MATERIALIEN\u3011Die Kindersicherung Schubladensicherung besteht aus umweltfreundlichen Materialien und echtem 3M-Kleber. Er l\u00e4sst sich sehr sicher befestigen, so dass Sie sich keine Sorgen machen m\u00fcssen, dass Ihr Kind ihn leicht abrei\u00dfen k\u00f6nnte. Und die R\u00fcckst\u00e4nde lassen sich leicht entfernen, ohne die M\u00f6bel zu besch\u00e4digen. Perfekt f\u00fcr den Heimgebrauch, besonders f\u00fcr Sie mit Kindern.2<br \/>\n\u3010DOPPELTE VERRIEGELUNG\u3011Schieben Sie gleichzeitig und dr\u00fccken einen Knopfdruck zum Entriegeln, was f\u00fcr Erwachsene leicht, f\u00fcr Babys aber definitiv schwierig ist. Die Schublade schlie\u00dft sanft und verriegelt sofort mit einem doppelten Sicherheitsschloss f\u00fcr Kinder, was f\u00fcr Ihr Babys sicherer ist.2<br \/>\n\u3010EINFACH ZU INSTALLIEREN\u3011 Keine Werkzeuge oder Bohrer, kein Bohren und keine Besch\u00e4digung der M\u00f6bel. Sie m\u00fcssen nur das Klebeband auf der R\u00fcckseite des Schranksicherungen Schlosses entfernen, und es ist in wenigen Sekunden leicht zu installieren. Und Sie k\u00f6nnen die Klebeb\u00e4nder je nach Bedarf austauschen, so dass sie einfach zu verwenden ist.2<\/p>\n","protected":false},"featured_media":92126,"comment_status":"open","ping_status":"closed","template":"","meta":[],"product_brand":[],"product_cat":[21,9378],"product_tag":[],"class_list":{"0":"post-92125","1":"product","2":"type-product","3":"status-publish","4":"has-post-thumbnail","6":"product_cat-baby","7":"product_cat-sicherheit-baby","8":"pa_binding-unbekannter-einband","9":"pa_brand-aospr","10":"pa_color-zzt-rg015","11":"pa_height-0-8-zoll","12":"pa_length-6-7-zoll","13":"pa_manufacturer-aospr","14":"pa_model-cw","15":"pa_width-4-8-zoll","17":"first","18":"instock","19":"shipping-taxable","20":"purchasable","21":"product-type-simple","22":"customify-col","23":"product-has-gallery"},"yoast_head":"<!-- This site is optimized with the Yoast SEO plugin v27.4 - https:\/\/yoast.com\/product\/yoast-seo-wordpress\/ -->\n<title>Diamond Painting Stickers Kits for Kids Hero Diamond Painting Stickers Diamond Dotze Paint with Diamonds Kits DIY Arts\u2026 - Markt-XXL<\/title>\n<meta name=\"description\" content=\"Markt-XXL Diamond Painting Stickers Kits for Kids Hero Diamond Painting Stickers Diamond Dotze Paint with Diamonds Kits DIY Arts\u2026\" \/>\n<meta name=\"robots\" content=\"index, follow, max-snippet:-1, max-image-preview:large, max-video-preview:-1\" \/>\n<link rel=\"canonical\" href=\"https:\/\/marktxxl.de\/markt\/produkt\/diamond-painting-stickers-kits-for-kids-hero-diamond-painting-stickers-diamond-dotze-paint-with-diamonds-kits-diy-arts-crafts-9-pack-hero-stickers\/\" \/>\n<meta property=\"og:locale\" content=\"de_DE\" \/>\n<meta property=\"og:type\" content=\"article\" \/>\n<meta property=\"og:title\" content=\"Diamond Painting Stickers Kits for Kids Hero Diamond Painting Stickers Diamond Dotze Paint with Diamonds Kits DIY Arts\u2026 - Markt-XXL\" \/>\n<meta property=\"og:description\" content=\"Markt-XXL Diamond Painting Stickers Kits for Kids Hero Diamond Painting Stickers Diamond Dotze Paint with Diamonds Kits DIY Arts\u2026\" \/>\n<meta property=\"og:url\" content=\"https:\/\/marktxxl.de\/markt\/produkt\/diamond-painting-stickers-kits-for-kids-hero-diamond-painting-stickers-diamond-dotze-paint-with-diamonds-kits-diy-arts-crafts-9-pack-hero-stickers\/\" \/>\n<meta property=\"og:site_name\" content=\"Markt-XXL\" \/>\n<meta property=\"article:modified_time\" content=\"2023-04-10T01:04:26+00:00\" \/>\n<meta property=\"og:image\" content=\"https:\/\/m.media-amazon.com\/images\/I\/61sZBDWNQSL._SL500_.jpg\" \/>\n\t<meta property=\"og:image:width\" content=\"500\" \/>\n\t<meta property=\"og:image:height\" content=\"500\" \/>\n\t<meta property=\"og:image:type\" content=\"image\/jpeg\" \/>\n<meta name=\"twitter:card\" content=\"summary_large_image\" \/>\n<meta name=\"twitter:label1\" content=\"Gesch\u00e4tzte Lesezeit\" \/>\n\t<meta name=\"twitter:data1\" content=\"1\u00a0Minute\" \/>\n<script type=\"application\/ld+json\" class=\"yoast-schema-graph\">{\"@context\":\"https:\\\/\\\/schema.org\",\"@graph\":[{\"@type\":\"WebPage\",\"@id\":\"https:\\\/\\\/marktxxl.de\\\/markt\\\/produkt\\\/diamond-painting-stickers-kits-for-kids-hero-diamond-painting-stickers-diamond-dotze-paint-with-diamonds-kits-diy-arts-crafts-9-pack-hero-stickers\\\/\",\"url\":\"https:\\\/\\\/marktxxl.de\\\/markt\\\/produkt\\\/diamond-painting-stickers-kits-for-kids-hero-diamond-painting-stickers-diamond-dotze-paint-with-diamonds-kits-diy-arts-crafts-9-pack-hero-stickers\\\/\",\"name\":\"Diamond Painting Stickers Kits for Kids Hero Diamond Painting Stickers Diamond Dotze Paint with Diamonds Kits DIY Arts\u2026 - Markt-XXL\",\"isPartOf\":{\"@id\":\"https:\\\/\\\/marktxxl.de\\\/markt\\\/#website\"},\"primaryImageOfPage\":{\"@id\":\"https:\\\/\\\/marktxxl.de\\\/markt\\\/produkt\\\/diamond-painting-stickers-kits-for-kids-hero-diamond-painting-stickers-diamond-dotze-paint-with-diamonds-kits-diy-arts-crafts-9-pack-hero-stickers\\\/#primaryimage\"},\"image\":{\"@id\":\"https:\\\/\\\/marktxxl.de\\\/markt\\\/produkt\\\/diamond-painting-stickers-kits-for-kids-hero-diamond-painting-stickers-diamond-dotze-paint-with-diamonds-kits-diy-arts-crafts-9-pack-hero-stickers\\\/#primaryimage\"},\"thumbnailUrl\":\"https:\\\/\\\/m.media-amazon.com\\\/images\\\/I\\\/61sZBDWNQSL._SL500_.jpg\",\"datePublished\":\"2021-12-28T19:45:33+00:00\",\"dateModified\":\"2023-04-10T01:04:26+00:00\",\"description\":\"Markt-XXL Diamond Painting Stickers Kits for Kids Hero Diamond Painting Stickers Diamond Dotze Paint with Diamonds Kits DIY Arts\u2026\",\"breadcrumb\":{\"@id\":\"https:\\\/\\\/marktxxl.de\\\/markt\\\/produkt\\\/diamond-painting-stickers-kits-for-kids-hero-diamond-painting-stickers-diamond-dotze-paint-with-diamonds-kits-diy-arts-crafts-9-pack-hero-stickers\\\/#breadcrumb\"},\"inLanguage\":\"de\",\"potentialAction\":[{\"@type\":\"ReadAction\",\"target\":[\"https:\\\/\\\/marktxxl.de\\\/markt\\\/produkt\\\/diamond-painting-stickers-kits-for-kids-hero-diamond-painting-stickers-diamond-dotze-paint-with-diamonds-kits-diy-arts-crafts-9-pack-hero-stickers\\\/\"]}]},{\"@type\":\"ImageObject\",\"inLanguage\":\"de\",\"@id\":\"https:\\\/\\\/marktxxl.de\\\/markt\\\/produkt\\\/diamond-painting-stickers-kits-for-kids-hero-diamond-painting-stickers-diamond-dotze-paint-with-diamonds-kits-diy-arts-crafts-9-pack-hero-stickers\\\/#primaryimage\",\"url\":\"https:\\\/\\\/m.media-amazon.com\\\/images\\\/I\\\/61sZBDWNQSL._SL500_.jpg\",\"contentUrl\":\"https:\\\/\\\/m.media-amazon.com\\\/images\\\/I\\\/61sZBDWNQSL._SL500_.jpg\",\"width\":500,\"height\":500},{\"@type\":\"BreadcrumbList\",\"@id\":\"https:\\\/\\\/marktxxl.de\\\/markt\\\/produkt\\\/diamond-painting-stickers-kits-for-kids-hero-diamond-painting-stickers-diamond-dotze-paint-with-diamonds-kits-diy-arts-crafts-9-pack-hero-stickers\\\/#breadcrumb\",\"itemListElement\":[{\"@type\":\"ListItem\",\"position\":1,\"name\":\"Startseite\",\"item\":\"https:\\\/\\\/marktxxl.de\\\/markt\\\/\"},{\"@type\":\"ListItem\",\"position\":2,\"name\":\"Markt\",\"item\":\"https:\\\/\\\/marktxxl.de\\\/markt\\\/\"},{\"@type\":\"ListItem\",\"position\":3,\"name\":\"Diamond Painting Stickers Kits for Kids Hero Diamond Painting Stickers Diamond Dotze Paint with Diamonds Kits DIY Arts\u2026\"}]},{\"@type\":\"WebSite\",\"@id\":\"https:\\\/\\\/marktxxl.de\\\/markt\\\/#website\",\"url\":\"https:\\\/\\\/marktxxl.de\\\/markt\\\/\",\"name\":\"Markt-XXL\",\"description\":\"Ihr Markt Online\",\"publisher\":{\"@id\":\"https:\\\/\\\/marktxxl.de\\\/markt\\\/#organization\"},\"potentialAction\":[{\"@type\":\"SearchAction\",\"target\":{\"@type\":\"EntryPoint\",\"urlTemplate\":\"https:\\\/\\\/marktxxl.de\\\/markt\\\/?s={search_term_string}\"},\"query-input\":{\"@type\":\"PropertyValueSpecification\",\"valueRequired\":true,\"valueName\":\"search_term_string\"}}],\"inLanguage\":\"de\"},{\"@type\":\"Organization\",\"@id\":\"https:\\\/\\\/marktxxl.de\\\/markt\\\/#organization\",\"name\":\"Markt-XXL\",\"url\":\"https:\\\/\\\/marktxxl.de\\\/markt\\\/\",\"logo\":{\"@type\":\"ImageObject\",\"inLanguage\":\"de\",\"@id\":\"https:\\\/\\\/marktxxl.de\\\/markt\\\/#\\\/schema\\\/logo\\\/image\\\/\",\"url\":\"https:\\\/\\\/marktxxl.de\\\/markt\\\/wp-content\\\/uploads\\\/sites\\\/3\\\/2020\\\/12\\\/logo.png\",\"contentUrl\":\"https:\\\/\\\/marktxxl.de\\\/markt\\\/wp-content\\\/uploads\\\/sites\\\/3\\\/2020\\\/12\\\/logo.png\",\"width\":200,\"height\":70,\"caption\":\"Markt-XXL\"},\"image\":{\"@id\":\"https:\\\/\\\/marktxxl.de\\\/markt\\\/#\\\/schema\\\/logo\\\/image\\\/\"}}]}<\/script>\n<!-- \/ Yoast SEO plugin. -->","yoast_head_json":{"title":"Diamond Painting Stickers Kits for Kids Hero Diamond Painting Stickers Diamond Dotze Paint with Diamonds Kits DIY Arts\u2026 - Markt-XXL","description":"Markt-XXL Diamond Painting Stickers Kits for Kids Hero Diamond Painting Stickers Diamond Dotze Paint with Diamonds Kits DIY Arts\u2026","robots":{"index":"index","follow":"follow","max-snippet":"max-snippet:-1","max-image-preview":"max-image-preview:large","max-video-preview":"max-video-preview:-1"},"canonical":"https:\/\/marktxxl.de\/markt\/produkt\/diamond-painting-stickers-kits-for-kids-hero-diamond-painting-stickers-diamond-dotze-paint-with-diamonds-kits-diy-arts-crafts-9-pack-hero-stickers\/","og_locale":"de_DE","og_type":"article","og_title":"Diamond Painting Stickers Kits for Kids Hero Diamond Painting Stickers Diamond Dotze Paint with Diamonds Kits DIY Arts\u2026 - Markt-XXL","og_description":"Markt-XXL Diamond Painting Stickers Kits for Kids Hero Diamond Painting Stickers Diamond Dotze Paint with Diamonds Kits DIY Arts\u2026","og_url":"https:\/\/marktxxl.de\/markt\/produkt\/diamond-painting-stickers-kits-for-kids-hero-diamond-painting-stickers-diamond-dotze-paint-with-diamonds-kits-diy-arts-crafts-9-pack-hero-stickers\/","og_site_name":"Markt-XXL","article_modified_time":"2023-04-10T01:04:26+00:00","og_image":[{"width":500,"height":500,"url":"https:\/\/m.media-amazon.com\/images\/I\/61sZBDWNQSL._SL500_.jpg","type":"image\/jpeg"}],"twitter_card":"summary_large_image","twitter_misc":{"Gesch\u00e4tzte Lesezeit":"1\u00a0Minute"},"schema":{"@context":"https:\/\/schema.org","@graph":[{"@type":"WebPage","@id":"https:\/\/marktxxl.de\/markt\/produkt\/diamond-painting-stickers-kits-for-kids-hero-diamond-painting-stickers-diamond-dotze-paint-with-diamonds-kits-diy-arts-crafts-9-pack-hero-stickers\/","url":"https:\/\/marktxxl.de\/markt\/produkt\/diamond-painting-stickers-kits-for-kids-hero-diamond-painting-stickers-diamond-dotze-paint-with-diamonds-kits-diy-arts-crafts-9-pack-hero-stickers\/","name":"Diamond Painting Stickers Kits for Kids Hero Diamond Painting Stickers Diamond Dotze Paint with Diamonds Kits DIY Arts\u2026 - Markt-XXL","isPartOf":{"@id":"https:\/\/marktxxl.de\/markt\/#website"},"primaryImageOfPage":{"@id":"https:\/\/marktxxl.de\/markt\/produkt\/diamond-painting-stickers-kits-for-kids-hero-diamond-painting-stickers-diamond-dotze-paint-with-diamonds-kits-diy-arts-crafts-9-pack-hero-stickers\/#primaryimage"},"image":{"@id":"https:\/\/marktxxl.de\/markt\/produkt\/diamond-painting-stickers-kits-for-kids-hero-diamond-painting-stickers-diamond-dotze-paint-with-diamonds-kits-diy-arts-crafts-9-pack-hero-stickers\/#primaryimage"},"thumbnailUrl":"https:\/\/m.media-amazon.com\/images\/I\/61sZBDWNQSL._SL500_.jpg","datePublished":"2021-12-28T19:45:33+00:00","dateModified":"2023-04-10T01:04:26+00:00","description":"Markt-XXL Diamond Painting Stickers Kits for Kids Hero Diamond Painting Stickers Diamond Dotze Paint with Diamonds Kits DIY Arts\u2026","breadcrumb":{"@id":"https:\/\/marktxxl.de\/markt\/produkt\/diamond-painting-stickers-kits-for-kids-hero-diamond-painting-stickers-diamond-dotze-paint-with-diamonds-kits-diy-arts-crafts-9-pack-hero-stickers\/#breadcrumb"},"inLanguage":"de","potentialAction":[{"@type":"ReadAction","target":["https:\/\/marktxxl.de\/markt\/produkt\/diamond-painting-stickers-kits-for-kids-hero-diamond-painting-stickers-diamond-dotze-paint-with-diamonds-kits-diy-arts-crafts-9-pack-hero-stickers\/"]}]},{"@type":"ImageObject","inLanguage":"de","@id":"https:\/\/marktxxl.de\/markt\/produkt\/diamond-painting-stickers-kits-for-kids-hero-diamond-painting-stickers-diamond-dotze-paint-with-diamonds-kits-diy-arts-crafts-9-pack-hero-stickers\/#primaryimage","url":"https:\/\/m.media-amazon.com\/images\/I\/61sZBDWNQSL._SL500_.jpg","contentUrl":"https:\/\/m.media-amazon.com\/images\/I\/61sZBDWNQSL._SL500_.jpg","width":500,"height":500},{"@type":"BreadcrumbList","@id":"https:\/\/marktxxl.de\/markt\/produkt\/diamond-painting-stickers-kits-for-kids-hero-diamond-painting-stickers-diamond-dotze-paint-with-diamonds-kits-diy-arts-crafts-9-pack-hero-stickers\/#breadcrumb","itemListElement":[{"@type":"ListItem","position":1,"name":"Startseite","item":"https:\/\/marktxxl.de\/markt\/"},{"@type":"ListItem","position":2,"name":"Markt","item":"https:\/\/marktxxl.de\/markt\/"},{"@type":"ListItem","position":3,"name":"Diamond Painting Stickers Kits for Kids Hero Diamond Painting Stickers Diamond Dotze Paint with Diamonds Kits DIY Arts\u2026"}]},{"@type":"WebSite","@id":"https:\/\/marktxxl.de\/markt\/#website","url":"https:\/\/marktxxl.de\/markt\/","name":"Markt-XXL","description":"Ihr Markt Online","publisher":{"@id":"https:\/\/marktxxl.de\/markt\/#organization"},"potentialAction":[{"@type":"SearchAction","target":{"@type":"EntryPoint","urlTemplate":"https:\/\/marktxxl.de\/markt\/?s={search_term_string}"},"query-input":{"@type":"PropertyValueSpecification","valueRequired":true,"valueName":"search_term_string"}}],"inLanguage":"de"},{"@type":"Organization","@id":"https:\/\/marktxxl.de\/markt\/#organization","name":"Markt-XXL","url":"https:\/\/marktxxl.de\/markt\/","logo":{"@type":"ImageObject","inLanguage":"de","@id":"https:\/\/marktxxl.de\/markt\/#\/schema\/logo\/image\/","url":"https:\/\/marktxxl.de\/markt\/wp-content\/uploads\/sites\/3\/2020\/12\/logo.png","contentUrl":"https:\/\/marktxxl.de\/markt\/wp-content\/uploads\/sites\/3\/2020\/12\/logo.png","width":200,"height":70,"caption":"Markt-XXL"},"image":{"@id":"https:\/\/marktxxl.de\/markt\/#\/schema\/logo\/image\/"}}]}},"_links":{"self":[{"href":"https:\/\/marktxxl.de\/markt\/wp-json\/wp\/v2\/product\/92125","targetHints":{"allow":["GET"]}}],"collection":[{"href":"https:\/\/marktxxl.de\/markt\/wp-json\/wp\/v2\/product"}],"about":[{"href":"https:\/\/marktxxl.de\/markt\/wp-json\/wp\/v2\/types\/product"}],"replies":[{"embeddable":true,"href":"https:\/\/marktxxl.de\/markt\/wp-json\/wp\/v2\/comments?post=92125"}],"wp:featuredmedia":[{"embeddable":true,"href":"https:\/\/marktxxl.de\/markt\/wp-json\/wp\/v2\/media\/92126"}],"wp:attachment":[{"href":"https:\/\/marktxxl.de\/markt\/wp-json\/wp\/v2\/media?parent=92125"}],"wp:term":[{"taxonomy":"product_brand","embeddable":true,"href":"https:\/\/marktxxl.de\/markt\/wp-json\/wp\/v2\/product_brand?post=92125"},{"taxonomy":"product_cat","embeddable":true,"href":"https:\/\/marktxxl.de\/markt\/wp-json\/wp\/v2\/product_cat?post=92125"},{"taxonomy":"product_tag","embeddable":true,"href":"https:\/\/marktxxl.de\/markt\/wp-json\/wp\/v2\/product_tag?post=92125"}],"curies":[{"name":"wp","href":"https:\/\/api.w.org\/{rel}","templated":true}]}}