{"id":92081,"date":"2021-12-28T20:42:35","date_gmt":"2021-12-28T19:42:35","guid":{"rendered":"https:\/\/marktxxl.de\/markt\/produkt\/chicobag-bottle-sling-repete-recycelte-wasserflasche-tragetasche-mit-tasche\/"},"modified":"2023-04-10T03:04:25","modified_gmt":"2023-04-10T01:04:25","slug":"chicobag-bottle-sling-repete-recycelte-wasserflasche-tragetasche-mit-tasche","status":"publish","type":"product","link":"https:\/\/marktxxl.de\/markt\/produkt\/chicobag-bottle-sling-repete-recycelte-wasserflasche-tragetasche-mit-tasche\/","title":{"rendered":"ChicoBag Bottle Sling rePETe recycelte Wasserflasche Tragetasche mit Tasche"},"content":{"rendered":"<p>Recycelt: Bottle Sling ist eine Wasserflaschen-Tragetasche aus 100% recycelten Kunststoffflaschen. Der Stoff ist leicht, strapazierf\u00e4higes, recyceltes PET-Polyester, und maschinenwaschbar ohne Weichsp\u00fcler<br \/>\nEinfach zu erinnern: Die Flaschentasche ist ein kompaktes Taschen-in-Beutel-Design, das sich leicht in eine integrierte Aufbewahrungstasche auf der Vorderseite mit einem Karabinerhaken verstauen l\u00e4sst, um sie bequem \u00fcberall hin mitzunehmen, wenn sie nicht in Gebrauch ist<br \/>\nWiederverwendbar: Der Stoff ist dehnbar, um die meisten wiederverwendbaren Flaschen bequem zu halten, einschlie\u00dflich einer guten Passform f\u00fcr Ihre 765 ml bis 1134 ml. Klean Kanteen und Nalgene Produkte, sch\u00fctzt Ihre hochwertigen wiederverwendbaren Wasserflaschen unterwegs.<br \/>\nPraktische Tasche: Enth\u00e4lt eine gro\u00dfe Fronttasche f\u00fcr Ihre Schl\u00fcssel, Geldb\u00f6rse oder wichtige Utensilien, und zwei kleinere Taschen f\u00fcr einen Stift oder Essst\u00e4bchen und Lippenbalsam<br \/>\nGarantie: 1 Jahr Herstellergarantie<br \/>\n<div class=\"main-cross-sell\" data-asin=\"B08Q9YJT41\">\n\n\t<div class=\"WooZone-cross-sell-loader\">\n\t\t<div>\n\t\t\t<div id=\"floatingBarsG\">\n\t\t\t\t<div class=\"blockG\" id=\"rotateG_01\"><\/div>\n\t\t\t\t<div class=\"blockG\" id=\"rotateG_02\"><\/div>\n\t\t\t\t<div class=\"blockG\" id=\"rotateG_03\"><\/div>\n\t\t\t\t<div class=\"blockG\" id=\"rotateG_04\"><\/div>\n\t\t\t\t<div class=\"blockG\" id=\"rotateG_05\"><\/div>\n\t\t\t\t<div class=\"blockG\" id=\"rotateG_06\"><\/div>\n\t\t\t\t<div class=\"blockG\" id=\"rotateG_07\"><\/div>\n\t\t\t\t<div class=\"blockG\" id=\"rotateG_08\"><\/div>\n\t\t\t<\/div>\n\t\t\t<div class=\"WooZone-cross-sell-loader-text\"><\/div>\n\t\t<\/div>\n\t<\/div>\n\n\t\t\n<\/div>\n<div style=\"clear:both;\"><\/div><\/p>\n","protected":false},"excerpt":{"rendered":"<p>Recycelt: Bottle Sling ist eine Wasserflaschen-Tragetasche aus 100% recycelten Kunststoffflaschen. Der Stoff ist leicht, strapazierf\u00e4higes, recyceltes PET-Polyester, und maschinenwaschbar ohne Weichsp\u00fcler<br \/>\nEinfach zu erinnern: Die Flaschentasche ist ein kompaktes Taschen-in-Beutel-Design, das sich leicht in eine integrierte Aufbewahrungstasche auf der Vorderseite mit einem Karabinerhaken verstauen l\u00e4sst, um sie bequem \u00fcberall hin mitzunehmen, wenn sie nicht in Gebrauch ist<br \/>\nWiederverwendbar: Der Stoff ist dehnbar, um die meisten wiederverwendbaren Flaschen bequem zu halten, einschlie\u00dflich einer guten Passform f\u00fcr Ihre 765 ml bis 1134 ml. Klean Kanteen und Nalgene Produkte, sch\u00fctzt Ihre hochwertigen wiederverwendbaren Wasserflaschen unterwegs.<\/p>\n","protected":false},"featured_media":92082,"comment_status":"open","ping_status":"closed","template":"","meta":[],"product_brand":[],"product_cat":[21,9074],"product_tag":[],"class_list":{"0":"post-92081","1":"product","2":"type-product","3":"status-publish","4":"has-post-thumbnail","6":"product_cat-baby","7":"product_cat-babytragen-baby","8":"pa_brand-chicobag","9":"pa_manufacturer-chicobag","11":"first","12":"instock","13":"shipping-taxable","14":"purchasable","15":"product-type-simple","16":"customify-col","17":"product-has-gallery"},"yoast_head":"<!-- This site is optimized with the Yoast SEO plugin v27.4 - https:\/\/yoast.com\/product\/yoast-seo-wordpress\/ -->\n<title>ChicoBag Bottle Sling rePETe recycelte Wasserflasche Tragetasche mit Tasche - Markt-XXL<\/title>\n<meta name=\"description\" content=\"Markt-XXL ChicoBag Bottle Sling rePETe recycelte Wasserflasche Tragetasche mit Tasche\" \/>\n<meta name=\"robots\" content=\"index, follow, max-snippet:-1, max-image-preview:large, max-video-preview:-1\" \/>\n<link rel=\"canonical\" href=\"https:\/\/marktxxl.de\/markt\/produkt\/chicobag-bottle-sling-repete-recycelte-wasserflasche-tragetasche-mit-tasche\/\" \/>\n<meta property=\"og:locale\" content=\"de_DE\" \/>\n<meta property=\"og:type\" content=\"article\" \/>\n<meta property=\"og:title\" content=\"ChicoBag Bottle Sling rePETe recycelte Wasserflasche Tragetasche mit Tasche - Markt-XXL\" \/>\n<meta property=\"og:description\" content=\"Markt-XXL ChicoBag Bottle Sling rePETe recycelte Wasserflasche Tragetasche mit Tasche\" \/>\n<meta property=\"og:url\" content=\"https:\/\/marktxxl.de\/markt\/produkt\/chicobag-bottle-sling-repete-recycelte-wasserflasche-tragetasche-mit-tasche\/\" \/>\n<meta property=\"og:site_name\" content=\"Markt-XXL\" \/>\n<meta property=\"article:modified_time\" content=\"2023-04-10T01:04:25+00:00\" \/>\n<meta property=\"og:image\" content=\"https:\/\/m.media-amazon.com\/images\/I\/41ZKsS0w8cL._SL500_.jpg\" \/>\n\t<meta property=\"og:image:width\" content=\"283\" \/>\n\t<meta property=\"og:image:height\" content=\"500\" \/>\n\t<meta property=\"og:image:type\" content=\"image\/jpeg\" \/>\n<meta name=\"twitter:card\" content=\"summary_large_image\" \/>\n<meta name=\"twitter:label1\" content=\"Gesch\u00e4tzte Lesezeit\" \/>\n\t<meta name=\"twitter:data1\" content=\"1\u00a0Minute\" \/>\n<script type=\"application\/ld+json\" class=\"yoast-schema-graph\">{\"@context\":\"https:\\\/\\\/schema.org\",\"@graph\":[{\"@type\":\"WebPage\",\"@id\":\"https:\\\/\\\/marktxxl.de\\\/markt\\\/produkt\\\/chicobag-bottle-sling-repete-recycelte-wasserflasche-tragetasche-mit-tasche\\\/\",\"url\":\"https:\\\/\\\/marktxxl.de\\\/markt\\\/produkt\\\/chicobag-bottle-sling-repete-recycelte-wasserflasche-tragetasche-mit-tasche\\\/\",\"name\":\"ChicoBag Bottle Sling rePETe recycelte Wasserflasche Tragetasche mit Tasche - Markt-XXL\",\"isPartOf\":{\"@id\":\"https:\\\/\\\/marktxxl.de\\\/markt\\\/#website\"},\"primaryImageOfPage\":{\"@id\":\"https:\\\/\\\/marktxxl.de\\\/markt\\\/produkt\\\/chicobag-bottle-sling-repete-recycelte-wasserflasche-tragetasche-mit-tasche\\\/#primaryimage\"},\"image\":{\"@id\":\"https:\\\/\\\/marktxxl.de\\\/markt\\\/produkt\\\/chicobag-bottle-sling-repete-recycelte-wasserflasche-tragetasche-mit-tasche\\\/#primaryimage\"},\"thumbnailUrl\":\"https:\\\/\\\/m.media-amazon.com\\\/images\\\/I\\\/41ZKsS0w8cL._SL500_.jpg\",\"datePublished\":\"2021-12-28T19:42:35+00:00\",\"dateModified\":\"2023-04-10T01:04:25+00:00\",\"description\":\"Markt-XXL ChicoBag Bottle Sling rePETe recycelte Wasserflasche Tragetasche mit Tasche\",\"breadcrumb\":{\"@id\":\"https:\\\/\\\/marktxxl.de\\\/markt\\\/produkt\\\/chicobag-bottle-sling-repete-recycelte-wasserflasche-tragetasche-mit-tasche\\\/#breadcrumb\"},\"inLanguage\":\"de\",\"potentialAction\":[{\"@type\":\"ReadAction\",\"target\":[\"https:\\\/\\\/marktxxl.de\\\/markt\\\/produkt\\\/chicobag-bottle-sling-repete-recycelte-wasserflasche-tragetasche-mit-tasche\\\/\"]}]},{\"@type\":\"ImageObject\",\"inLanguage\":\"de\",\"@id\":\"https:\\\/\\\/marktxxl.de\\\/markt\\\/produkt\\\/chicobag-bottle-sling-repete-recycelte-wasserflasche-tragetasche-mit-tasche\\\/#primaryimage\",\"url\":\"https:\\\/\\\/m.media-amazon.com\\\/images\\\/I\\\/41ZKsS0w8cL._SL500_.jpg\",\"contentUrl\":\"https:\\\/\\\/m.media-amazon.com\\\/images\\\/I\\\/41ZKsS0w8cL._SL500_.jpg\",\"width\":283,\"height\":500},{\"@type\":\"BreadcrumbList\",\"@id\":\"https:\\\/\\\/marktxxl.de\\\/markt\\\/produkt\\\/chicobag-bottle-sling-repete-recycelte-wasserflasche-tragetasche-mit-tasche\\\/#breadcrumb\",\"itemListElement\":[{\"@type\":\"ListItem\",\"position\":1,\"name\":\"Startseite\",\"item\":\"https:\\\/\\\/marktxxl.de\\\/markt\\\/\"},{\"@type\":\"ListItem\",\"position\":2,\"name\":\"Markt\",\"item\":\"https:\\\/\\\/marktxxl.de\\\/markt\\\/\"},{\"@type\":\"ListItem\",\"position\":3,\"name\":\"ChicoBag Bottle Sling rePETe recycelte Wasserflasche Tragetasche mit Tasche\"}]},{\"@type\":\"WebSite\",\"@id\":\"https:\\\/\\\/marktxxl.de\\\/markt\\\/#website\",\"url\":\"https:\\\/\\\/marktxxl.de\\\/markt\\\/\",\"name\":\"Markt-XXL\",\"description\":\"Ihr Markt Online\",\"publisher\":{\"@id\":\"https:\\\/\\\/marktxxl.de\\\/markt\\\/#organization\"},\"potentialAction\":[{\"@type\":\"SearchAction\",\"target\":{\"@type\":\"EntryPoint\",\"urlTemplate\":\"https:\\\/\\\/marktxxl.de\\\/markt\\\/?s={search_term_string}\"},\"query-input\":{\"@type\":\"PropertyValueSpecification\",\"valueRequired\":true,\"valueName\":\"search_term_string\"}}],\"inLanguage\":\"de\"},{\"@type\":\"Organization\",\"@id\":\"https:\\\/\\\/marktxxl.de\\\/markt\\\/#organization\",\"name\":\"Markt-XXL\",\"url\":\"https:\\\/\\\/marktxxl.de\\\/markt\\\/\",\"logo\":{\"@type\":\"ImageObject\",\"inLanguage\":\"de\",\"@id\":\"https:\\\/\\\/marktxxl.de\\\/markt\\\/#\\\/schema\\\/logo\\\/image\\\/\",\"url\":\"https:\\\/\\\/marktxxl.de\\\/markt\\\/wp-content\\\/uploads\\\/sites\\\/3\\\/2020\\\/12\\\/logo.png\",\"contentUrl\":\"https:\\\/\\\/marktxxl.de\\\/markt\\\/wp-content\\\/uploads\\\/sites\\\/3\\\/2020\\\/12\\\/logo.png\",\"width\":200,\"height\":70,\"caption\":\"Markt-XXL\"},\"image\":{\"@id\":\"https:\\\/\\\/marktxxl.de\\\/markt\\\/#\\\/schema\\\/logo\\\/image\\\/\"}}]}<\/script>\n<!-- \/ Yoast SEO plugin. -->","yoast_head_json":{"title":"ChicoBag Bottle Sling rePETe recycelte Wasserflasche Tragetasche mit Tasche - Markt-XXL","description":"Markt-XXL ChicoBag Bottle Sling rePETe recycelte Wasserflasche Tragetasche mit Tasche","robots":{"index":"index","follow":"follow","max-snippet":"max-snippet:-1","max-image-preview":"max-image-preview:large","max-video-preview":"max-video-preview:-1"},"canonical":"https:\/\/marktxxl.de\/markt\/produkt\/chicobag-bottle-sling-repete-recycelte-wasserflasche-tragetasche-mit-tasche\/","og_locale":"de_DE","og_type":"article","og_title":"ChicoBag Bottle Sling rePETe recycelte Wasserflasche Tragetasche mit Tasche - Markt-XXL","og_description":"Markt-XXL ChicoBag Bottle Sling rePETe recycelte Wasserflasche Tragetasche mit Tasche","og_url":"https:\/\/marktxxl.de\/markt\/produkt\/chicobag-bottle-sling-repete-recycelte-wasserflasche-tragetasche-mit-tasche\/","og_site_name":"Markt-XXL","article_modified_time":"2023-04-10T01:04:25+00:00","og_image":[{"width":283,"height":500,"url":"https:\/\/m.media-amazon.com\/images\/I\/41ZKsS0w8cL._SL500_.jpg","type":"image\/jpeg"}],"twitter_card":"summary_large_image","twitter_misc":{"Gesch\u00e4tzte Lesezeit":"1\u00a0Minute"},"schema":{"@context":"https:\/\/schema.org","@graph":[{"@type":"WebPage","@id":"https:\/\/marktxxl.de\/markt\/produkt\/chicobag-bottle-sling-repete-recycelte-wasserflasche-tragetasche-mit-tasche\/","url":"https:\/\/marktxxl.de\/markt\/produkt\/chicobag-bottle-sling-repete-recycelte-wasserflasche-tragetasche-mit-tasche\/","name":"ChicoBag Bottle Sling rePETe recycelte Wasserflasche Tragetasche mit Tasche - Markt-XXL","isPartOf":{"@id":"https:\/\/marktxxl.de\/markt\/#website"},"primaryImageOfPage":{"@id":"https:\/\/marktxxl.de\/markt\/produkt\/chicobag-bottle-sling-repete-recycelte-wasserflasche-tragetasche-mit-tasche\/#primaryimage"},"image":{"@id":"https:\/\/marktxxl.de\/markt\/produkt\/chicobag-bottle-sling-repete-recycelte-wasserflasche-tragetasche-mit-tasche\/#primaryimage"},"thumbnailUrl":"https:\/\/m.media-amazon.com\/images\/I\/41ZKsS0w8cL._SL500_.jpg","datePublished":"2021-12-28T19:42:35+00:00","dateModified":"2023-04-10T01:04:25+00:00","description":"Markt-XXL ChicoBag Bottle Sling rePETe recycelte Wasserflasche Tragetasche mit Tasche","breadcrumb":{"@id":"https:\/\/marktxxl.de\/markt\/produkt\/chicobag-bottle-sling-repete-recycelte-wasserflasche-tragetasche-mit-tasche\/#breadcrumb"},"inLanguage":"de","potentialAction":[{"@type":"ReadAction","target":["https:\/\/marktxxl.de\/markt\/produkt\/chicobag-bottle-sling-repete-recycelte-wasserflasche-tragetasche-mit-tasche\/"]}]},{"@type":"ImageObject","inLanguage":"de","@id":"https:\/\/marktxxl.de\/markt\/produkt\/chicobag-bottle-sling-repete-recycelte-wasserflasche-tragetasche-mit-tasche\/#primaryimage","url":"https:\/\/m.media-amazon.com\/images\/I\/41ZKsS0w8cL._SL500_.jpg","contentUrl":"https:\/\/m.media-amazon.com\/images\/I\/41ZKsS0w8cL._SL500_.jpg","width":283,"height":500},{"@type":"BreadcrumbList","@id":"https:\/\/marktxxl.de\/markt\/produkt\/chicobag-bottle-sling-repete-recycelte-wasserflasche-tragetasche-mit-tasche\/#breadcrumb","itemListElement":[{"@type":"ListItem","position":1,"name":"Startseite","item":"https:\/\/marktxxl.de\/markt\/"},{"@type":"ListItem","position":2,"name":"Markt","item":"https:\/\/marktxxl.de\/markt\/"},{"@type":"ListItem","position":3,"name":"ChicoBag Bottle Sling rePETe recycelte Wasserflasche Tragetasche mit Tasche"}]},{"@type":"WebSite","@id":"https:\/\/marktxxl.de\/markt\/#website","url":"https:\/\/marktxxl.de\/markt\/","name":"Markt-XXL","description":"Ihr Markt Online","publisher":{"@id":"https:\/\/marktxxl.de\/markt\/#organization"},"potentialAction":[{"@type":"SearchAction","target":{"@type":"EntryPoint","urlTemplate":"https:\/\/marktxxl.de\/markt\/?s={search_term_string}"},"query-input":{"@type":"PropertyValueSpecification","valueRequired":true,"valueName":"search_term_string"}}],"inLanguage":"de"},{"@type":"Organization","@id":"https:\/\/marktxxl.de\/markt\/#organization","name":"Markt-XXL","url":"https:\/\/marktxxl.de\/markt\/","logo":{"@type":"ImageObject","inLanguage":"de","@id":"https:\/\/marktxxl.de\/markt\/#\/schema\/logo\/image\/","url":"https:\/\/marktxxl.de\/markt\/wp-content\/uploads\/sites\/3\/2020\/12\/logo.png","contentUrl":"https:\/\/marktxxl.de\/markt\/wp-content\/uploads\/sites\/3\/2020\/12\/logo.png","width":200,"height":70,"caption":"Markt-XXL"},"image":{"@id":"https:\/\/marktxxl.de\/markt\/#\/schema\/logo\/image\/"}}]}},"_links":{"self":[{"href":"https:\/\/marktxxl.de\/markt\/wp-json\/wp\/v2\/product\/92081","targetHints":{"allow":["GET"]}}],"collection":[{"href":"https:\/\/marktxxl.de\/markt\/wp-json\/wp\/v2\/product"}],"about":[{"href":"https:\/\/marktxxl.de\/markt\/wp-json\/wp\/v2\/types\/product"}],"replies":[{"embeddable":true,"href":"https:\/\/marktxxl.de\/markt\/wp-json\/wp\/v2\/comments?post=92081"}],"wp:featuredmedia":[{"embeddable":true,"href":"https:\/\/marktxxl.de\/markt\/wp-json\/wp\/v2\/media\/92082"}],"wp:attachment":[{"href":"https:\/\/marktxxl.de\/markt\/wp-json\/wp\/v2\/media?parent=92081"}],"wp:term":[{"taxonomy":"product_brand","embeddable":true,"href":"https:\/\/marktxxl.de\/markt\/wp-json\/wp\/v2\/product_brand?post=92081"},{"taxonomy":"product_cat","embeddable":true,"href":"https:\/\/marktxxl.de\/markt\/wp-json\/wp\/v2\/product_cat?post=92081"},{"taxonomy":"product_tag","embeddable":true,"href":"https:\/\/marktxxl.de\/markt\/wp-json\/wp\/v2\/product_tag?post=92081"}],"curies":[{"name":"wp","href":"https:\/\/api.w.org\/{rel}","templated":true}]}}