{"id":92056,"date":"2021-12-28T20:42:20","date_gmt":"2021-12-28T19:42:20","guid":{"rendered":"https:\/\/marktxxl.de\/markt\/produkt\/infantino-gehobenen-carrier-schwarz-one-size\/"},"modified":"2023-04-10T03:04:25","modified_gmt":"2023-04-10T01:04:25","slug":"infantino-gehobenen-carrier-schwarz-one-size","status":"publish","type":"product","link":"https:\/\/marktxxl.de\/markt\/produkt\/infantino-gehobenen-carrier-schwarz-one-size\/","title":{"rendered":"Infantino gehobenen Carrier, schwarz, one size"},"content":{"rendered":"<p>Kann auf 4\u00a0Arten getragen. Blende in mit eingeschr\u00e4nkter Sitz Breite, reduziert, mit dem Gesicht nach au\u00dfen mit Blende in mit Vollbesatz Breite Sitz Breite, R\u00fccken tragen.<br \/>\nNat\u00fcrliche ergonomischer Sitz f\u00fcr einen optimalen H\u00fcft Positionierung beim Blende in.<br \/>\nMaschine waschbar. sensibly-styled mit verstellbarer Sitz, robusten Support-Funktionen und gesteppten Design Akzente.<br \/>\nStrukturierte Kopf Unterst\u00fctzung<br \/>\n8\u201318,1\u00a0kg<br \/>\n<div class=\"main-cross-sell\" data-asin=\"B01M2YD6LY\">\n\n\t<div class=\"WooZone-cross-sell-loader\">\n\t\t<div>\n\t\t\t<div id=\"floatingBarsG\">\n\t\t\t\t<div class=\"blockG\" id=\"rotateG_01\"><\/div>\n\t\t\t\t<div class=\"blockG\" id=\"rotateG_02\"><\/div>\n\t\t\t\t<div class=\"blockG\" id=\"rotateG_03\"><\/div>\n\t\t\t\t<div class=\"blockG\" id=\"rotateG_04\"><\/div>\n\t\t\t\t<div class=\"blockG\" id=\"rotateG_05\"><\/div>\n\t\t\t\t<div class=\"blockG\" id=\"rotateG_06\"><\/div>\n\t\t\t\t<div class=\"blockG\" id=\"rotateG_07\"><\/div>\n\t\t\t\t<div class=\"blockG\" id=\"rotateG_08\"><\/div>\n\t\t\t<\/div>\n\t\t\t<div class=\"WooZone-cross-sell-loader-text\"><\/div>\n\t\t<\/div>\n\t<\/div>\n\n\t\t\n<\/div>\n<div style=\"clear:both;\"><\/div><\/p>\n","protected":false},"excerpt":{"rendered":"<p>Kann auf 4\u00a0Arten getragen. Blende in mit eingeschr\u00e4nkter Sitz Breite, reduziert, mit dem Gesicht nach au\u00dfen mit Blende in mit Vollbesatz Breite Sitz Breite, R\u00fccken tragen.<br \/>\nNat\u00fcrliche ergonomischer Sitz f\u00fcr einen optimalen H\u00fcft Positionierung beim Blende in.<br \/>\nMaschine waschbar. sensibly-styled mit verstellbarer Sitz, robusten Support-Funktionen und gesteppten Design Akzente.<\/p>\n","protected":false},"featured_media":92057,"comment_status":"open","ping_status":"closed","template":"","meta":[],"product_brand":[],"product_cat":[21,9074],"product_tag":[],"class_list":{"0":"post-92056","1":"product","2":"type-product","3":"status-publish","4":"has-post-thumbnail","6":"product_cat-baby","7":"product_cat-babytragen-baby","8":"pa_binding-babyartikel","9":"pa_brand-infantino","10":"pa_color-schwarz","11":"pa_height-13-875-zoll","12":"pa_languages-unbekannt-englisch","13":"pa_length-16-75-zoll","14":"pa_manufacturer-infantino","15":"pa_model-200-190","16":"pa_size-einheitsgroesse","17":"pa_weight-1-5-pfund","18":"pa_width-12-75-zoll","20":"first","21":"instock","22":"shipping-taxable","23":"purchasable","24":"product-type-simple","25":"customify-col","26":"product-has-gallery"},"yoast_head":"<!-- This site is optimized with the Yoast SEO plugin v27.3 - https:\/\/yoast.com\/product\/yoast-seo-wordpress\/ -->\n<title>Infantino gehobenen Carrier, schwarz, one size - Markt-XXL<\/title>\n<meta name=\"description\" content=\"Markt-XXL Infantino gehobenen Carrier, schwarz, one size\" \/>\n<meta name=\"robots\" content=\"index, follow, max-snippet:-1, max-image-preview:large, max-video-preview:-1\" \/>\n<link rel=\"canonical\" href=\"https:\/\/marktxxl.de\/markt\/produkt\/infantino-gehobenen-carrier-schwarz-one-size\/\" \/>\n<meta property=\"og:locale\" content=\"de_DE\" \/>\n<meta property=\"og:type\" content=\"article\" \/>\n<meta property=\"og:title\" content=\"Infantino gehobenen Carrier, schwarz, one size - Markt-XXL\" \/>\n<meta property=\"og:description\" content=\"Markt-XXL Infantino gehobenen Carrier, schwarz, one size\" \/>\n<meta property=\"og:url\" content=\"https:\/\/marktxxl.de\/markt\/produkt\/infantino-gehobenen-carrier-schwarz-one-size\/\" \/>\n<meta property=\"og:site_name\" content=\"Markt-XXL\" \/>\n<meta property=\"article:modified_time\" content=\"2023-04-10T01:04:25+00:00\" \/>\n<meta property=\"og:image\" content=\"https:\/\/m.media-amazon.com\/images\/I\/419ae9-oTwL._SL500_.jpg\" \/>\n\t<meta property=\"og:image:width\" content=\"364\" \/>\n\t<meta property=\"og:image:height\" content=\"500\" \/>\n\t<meta property=\"og:image:type\" content=\"image\/jpeg\" \/>\n<meta name=\"twitter:card\" content=\"summary_large_image\" \/>\n<script type=\"application\/ld+json\" class=\"yoast-schema-graph\">{\"@context\":\"https:\\\/\\\/schema.org\",\"@graph\":[{\"@type\":\"WebPage\",\"@id\":\"https:\\\/\\\/marktxxl.de\\\/markt\\\/produkt\\\/infantino-gehobenen-carrier-schwarz-one-size\\\/\",\"url\":\"https:\\\/\\\/marktxxl.de\\\/markt\\\/produkt\\\/infantino-gehobenen-carrier-schwarz-one-size\\\/\",\"name\":\"Infantino gehobenen Carrier, schwarz, one size - Markt-XXL\",\"isPartOf\":{\"@id\":\"https:\\\/\\\/marktxxl.de\\\/markt\\\/#website\"},\"primaryImageOfPage\":{\"@id\":\"https:\\\/\\\/marktxxl.de\\\/markt\\\/produkt\\\/infantino-gehobenen-carrier-schwarz-one-size\\\/#primaryimage\"},\"image\":{\"@id\":\"https:\\\/\\\/marktxxl.de\\\/markt\\\/produkt\\\/infantino-gehobenen-carrier-schwarz-one-size\\\/#primaryimage\"},\"thumbnailUrl\":\"https:\\\/\\\/m.media-amazon.com\\\/images\\\/I\\\/419ae9-oTwL._SL500_.jpg\",\"datePublished\":\"2021-12-28T19:42:20+00:00\",\"dateModified\":\"2023-04-10T01:04:25+00:00\",\"description\":\"Markt-XXL Infantino gehobenen Carrier, schwarz, one size\",\"breadcrumb\":{\"@id\":\"https:\\\/\\\/marktxxl.de\\\/markt\\\/produkt\\\/infantino-gehobenen-carrier-schwarz-one-size\\\/#breadcrumb\"},\"inLanguage\":\"de\",\"potentialAction\":[{\"@type\":\"ReadAction\",\"target\":[\"https:\\\/\\\/marktxxl.de\\\/markt\\\/produkt\\\/infantino-gehobenen-carrier-schwarz-one-size\\\/\"]}]},{\"@type\":\"ImageObject\",\"inLanguage\":\"de\",\"@id\":\"https:\\\/\\\/marktxxl.de\\\/markt\\\/produkt\\\/infantino-gehobenen-carrier-schwarz-one-size\\\/#primaryimage\",\"url\":\"https:\\\/\\\/m.media-amazon.com\\\/images\\\/I\\\/419ae9-oTwL._SL500_.jpg\",\"contentUrl\":\"https:\\\/\\\/m.media-amazon.com\\\/images\\\/I\\\/419ae9-oTwL._SL500_.jpg\",\"width\":364,\"height\":500},{\"@type\":\"BreadcrumbList\",\"@id\":\"https:\\\/\\\/marktxxl.de\\\/markt\\\/produkt\\\/infantino-gehobenen-carrier-schwarz-one-size\\\/#breadcrumb\",\"itemListElement\":[{\"@type\":\"ListItem\",\"position\":1,\"name\":\"Startseite\",\"item\":\"https:\\\/\\\/marktxxl.de\\\/markt\\\/\"},{\"@type\":\"ListItem\",\"position\":2,\"name\":\"Markt\",\"item\":\"https:\\\/\\\/marktxxl.de\\\/markt\\\/\"},{\"@type\":\"ListItem\",\"position\":3,\"name\":\"Infantino gehobenen Carrier, schwarz, one size\"}]},{\"@type\":\"WebSite\",\"@id\":\"https:\\\/\\\/marktxxl.de\\\/markt\\\/#website\",\"url\":\"https:\\\/\\\/marktxxl.de\\\/markt\\\/\",\"name\":\"Markt-XXL\",\"description\":\"Ihr Markt Online\",\"publisher\":{\"@id\":\"https:\\\/\\\/marktxxl.de\\\/markt\\\/#organization\"},\"potentialAction\":[{\"@type\":\"SearchAction\",\"target\":{\"@type\":\"EntryPoint\",\"urlTemplate\":\"https:\\\/\\\/marktxxl.de\\\/markt\\\/?s={search_term_string}\"},\"query-input\":{\"@type\":\"PropertyValueSpecification\",\"valueRequired\":true,\"valueName\":\"search_term_string\"}}],\"inLanguage\":\"de\"},{\"@type\":\"Organization\",\"@id\":\"https:\\\/\\\/marktxxl.de\\\/markt\\\/#organization\",\"name\":\"Markt-XXL\",\"url\":\"https:\\\/\\\/marktxxl.de\\\/markt\\\/\",\"logo\":{\"@type\":\"ImageObject\",\"inLanguage\":\"de\",\"@id\":\"https:\\\/\\\/marktxxl.de\\\/markt\\\/#\\\/schema\\\/logo\\\/image\\\/\",\"url\":\"https:\\\/\\\/marktxxl.de\\\/markt\\\/wp-content\\\/uploads\\\/sites\\\/3\\\/2020\\\/12\\\/logo.png\",\"contentUrl\":\"https:\\\/\\\/marktxxl.de\\\/markt\\\/wp-content\\\/uploads\\\/sites\\\/3\\\/2020\\\/12\\\/logo.png\",\"width\":200,\"height\":70,\"caption\":\"Markt-XXL\"},\"image\":{\"@id\":\"https:\\\/\\\/marktxxl.de\\\/markt\\\/#\\\/schema\\\/logo\\\/image\\\/\"}}]}<\/script>\n<!-- \/ Yoast SEO plugin. -->","yoast_head_json":{"title":"Infantino gehobenen Carrier, schwarz, one size - Markt-XXL","description":"Markt-XXL Infantino gehobenen Carrier, schwarz, one size","robots":{"index":"index","follow":"follow","max-snippet":"max-snippet:-1","max-image-preview":"max-image-preview:large","max-video-preview":"max-video-preview:-1"},"canonical":"https:\/\/marktxxl.de\/markt\/produkt\/infantino-gehobenen-carrier-schwarz-one-size\/","og_locale":"de_DE","og_type":"article","og_title":"Infantino gehobenen Carrier, schwarz, one size - Markt-XXL","og_description":"Markt-XXL Infantino gehobenen Carrier, schwarz, one size","og_url":"https:\/\/marktxxl.de\/markt\/produkt\/infantino-gehobenen-carrier-schwarz-one-size\/","og_site_name":"Markt-XXL","article_modified_time":"2023-04-10T01:04:25+00:00","og_image":[{"width":364,"height":500,"url":"https:\/\/m.media-amazon.com\/images\/I\/419ae9-oTwL._SL500_.jpg","type":"image\/jpeg"}],"twitter_card":"summary_large_image","schema":{"@context":"https:\/\/schema.org","@graph":[{"@type":"WebPage","@id":"https:\/\/marktxxl.de\/markt\/produkt\/infantino-gehobenen-carrier-schwarz-one-size\/","url":"https:\/\/marktxxl.de\/markt\/produkt\/infantino-gehobenen-carrier-schwarz-one-size\/","name":"Infantino gehobenen Carrier, schwarz, one size - Markt-XXL","isPartOf":{"@id":"https:\/\/marktxxl.de\/markt\/#website"},"primaryImageOfPage":{"@id":"https:\/\/marktxxl.de\/markt\/produkt\/infantino-gehobenen-carrier-schwarz-one-size\/#primaryimage"},"image":{"@id":"https:\/\/marktxxl.de\/markt\/produkt\/infantino-gehobenen-carrier-schwarz-one-size\/#primaryimage"},"thumbnailUrl":"https:\/\/m.media-amazon.com\/images\/I\/419ae9-oTwL._SL500_.jpg","datePublished":"2021-12-28T19:42:20+00:00","dateModified":"2023-04-10T01:04:25+00:00","description":"Markt-XXL Infantino gehobenen Carrier, schwarz, one size","breadcrumb":{"@id":"https:\/\/marktxxl.de\/markt\/produkt\/infantino-gehobenen-carrier-schwarz-one-size\/#breadcrumb"},"inLanguage":"de","potentialAction":[{"@type":"ReadAction","target":["https:\/\/marktxxl.de\/markt\/produkt\/infantino-gehobenen-carrier-schwarz-one-size\/"]}]},{"@type":"ImageObject","inLanguage":"de","@id":"https:\/\/marktxxl.de\/markt\/produkt\/infantino-gehobenen-carrier-schwarz-one-size\/#primaryimage","url":"https:\/\/m.media-amazon.com\/images\/I\/419ae9-oTwL._SL500_.jpg","contentUrl":"https:\/\/m.media-amazon.com\/images\/I\/419ae9-oTwL._SL500_.jpg","width":364,"height":500},{"@type":"BreadcrumbList","@id":"https:\/\/marktxxl.de\/markt\/produkt\/infantino-gehobenen-carrier-schwarz-one-size\/#breadcrumb","itemListElement":[{"@type":"ListItem","position":1,"name":"Startseite","item":"https:\/\/marktxxl.de\/markt\/"},{"@type":"ListItem","position":2,"name":"Markt","item":"https:\/\/marktxxl.de\/markt\/"},{"@type":"ListItem","position":3,"name":"Infantino gehobenen Carrier, schwarz, one size"}]},{"@type":"WebSite","@id":"https:\/\/marktxxl.de\/markt\/#website","url":"https:\/\/marktxxl.de\/markt\/","name":"Markt-XXL","description":"Ihr Markt Online","publisher":{"@id":"https:\/\/marktxxl.de\/markt\/#organization"},"potentialAction":[{"@type":"SearchAction","target":{"@type":"EntryPoint","urlTemplate":"https:\/\/marktxxl.de\/markt\/?s={search_term_string}"},"query-input":{"@type":"PropertyValueSpecification","valueRequired":true,"valueName":"search_term_string"}}],"inLanguage":"de"},{"@type":"Organization","@id":"https:\/\/marktxxl.de\/markt\/#organization","name":"Markt-XXL","url":"https:\/\/marktxxl.de\/markt\/","logo":{"@type":"ImageObject","inLanguage":"de","@id":"https:\/\/marktxxl.de\/markt\/#\/schema\/logo\/image\/","url":"https:\/\/marktxxl.de\/markt\/wp-content\/uploads\/sites\/3\/2020\/12\/logo.png","contentUrl":"https:\/\/marktxxl.de\/markt\/wp-content\/uploads\/sites\/3\/2020\/12\/logo.png","width":200,"height":70,"caption":"Markt-XXL"},"image":{"@id":"https:\/\/marktxxl.de\/markt\/#\/schema\/logo\/image\/"}}]}},"_links":{"self":[{"href":"https:\/\/marktxxl.de\/markt\/wp-json\/wp\/v2\/product\/92056","targetHints":{"allow":["GET"]}}],"collection":[{"href":"https:\/\/marktxxl.de\/markt\/wp-json\/wp\/v2\/product"}],"about":[{"href":"https:\/\/marktxxl.de\/markt\/wp-json\/wp\/v2\/types\/product"}],"replies":[{"embeddable":true,"href":"https:\/\/marktxxl.de\/markt\/wp-json\/wp\/v2\/comments?post=92056"}],"wp:featuredmedia":[{"embeddable":true,"href":"https:\/\/marktxxl.de\/markt\/wp-json\/wp\/v2\/media\/92057"}],"wp:attachment":[{"href":"https:\/\/marktxxl.de\/markt\/wp-json\/wp\/v2\/media?parent=92056"}],"wp:term":[{"taxonomy":"product_brand","embeddable":true,"href":"https:\/\/marktxxl.de\/markt\/wp-json\/wp\/v2\/product_brand?post=92056"},{"taxonomy":"product_cat","embeddable":true,"href":"https:\/\/marktxxl.de\/markt\/wp-json\/wp\/v2\/product_cat?post=92056"},{"taxonomy":"product_tag","embeddable":true,"href":"https:\/\/marktxxl.de\/markt\/wp-json\/wp\/v2\/product_tag?post=92056"}],"curies":[{"name":"wp","href":"https:\/\/api.w.org\/{rel}","templated":true}]}}