{"id":91996,"date":"2021-12-28T20:39:40","date_gmt":"2021-12-28T19:39:40","guid":{"rendered":"https:\/\/marktxxl.de\/markt\/produkt\/babytrage-ergonomische-fuer-neugeborene-3d-mesh-super-ergonomisch-4-positionen-mit-verstellbarer-kapuze-von-4-monaten-bis-18-kg-babytrage-neugeborene-ab-geburt\/"},"modified":"2023-04-10T03:04:24","modified_gmt":"2023-04-10T01:04:24","slug":"babytrage-ergonomische-fuer-neugeborene-3d-mesh-super-ergonomisch-4-positionen-mit-verstellbarer-kapuze-von-4-monaten-bis-18-kg-babytrage-neugeborene-ab-geburt","status":"publish","type":"product","link":"https:\/\/marktxxl.de\/markt\/produkt\/babytrage-ergonomische-fuer-neugeborene-3d-mesh-super-ergonomisch-4-positionen-mit-verstellbarer-kapuze-von-4-monaten-bis-18-kg-babytrage-neugeborene-ab-geburt\/","title":{"rendered":"Babytrage ergonomische f\u00fcr Neugeborene 3D-Mesh super ergonomisch 4 Positionen mit verstellbarer Kapuze von 4 Monaten bis\u2026"},"content":{"rendered":"<p>Es besteht aus hochwertiger Baumwolle mit hypoallergenen Eigenschaften. Das Oberteil kann in der Waschmaschine gewaschen werden (max. 30\u00b0). Die Waschbarkeit garantiert eine langfristige Reinigung. Durch das 3D-Mesh beh\u00e4lt die Babytrage auch nach zahlreichen W\u00e4schen ihre Form.<br \/>\nEs kann in 3 verschiedenen Positionen verwendet werden: der Mutter zugewandt (am bequemsten); auf der R\u00fcckseite (am bequemsten); seitlich seitlich; auf dem Bauch zur Stra\u00dfe hin (f\u00fcr Neugierige). Sie alle garantieren Komfort und Sicherheit unter allen Einsatzbedingungen.<br \/>\nEbrainit hat eine Tasche voller Taschen f\u00fcr Gegenst\u00e4nde geschaffen, sowohl am Lendengurt als auch an der Vorderseite der Tasche. Es kann auch verwendet werden, um das Telefon, die Schl\u00fcssel und alles andere zu tragen, was das Kind braucht.<br \/>\nWir dachten an einen sehr umh\u00fcllenden G\u00fcrtel, der leicht verstellbar und mit Haken aus hochwertigem Kunststoff verst\u00e4rkt ist. Die Innenseite der Tasche wurde mit perforierter Baumwolle gef\u00fcttert, die das Schwitzen stark reduziert, und das gleiche innovative Material wurde f\u00fcr die Schultergurte verwendet.<br \/>\nDie Innenseite besteht vollst\u00e4ndig aus 3D-Mesh, einem hochmodernen und hoch atmungsaktiven Material, das Ihnen beim Tragen Komfort und Frische bietet. Die taktilen Eigenschaften des 3D-Netzes verst\u00e4rken das Gef\u00fchl der N\u00e4he zu Ihrem Baby.<br \/>\n<div class=\"main-cross-sell\" data-asin=\"B097S2FZ6V\">\n\n\t<div class=\"WooZone-cross-sell-loader\">\n\t\t<div>\n\t\t\t<div id=\"floatingBarsG\">\n\t\t\t\t<div class=\"blockG\" id=\"rotateG_01\"><\/div>\n\t\t\t\t<div class=\"blockG\" id=\"rotateG_02\"><\/div>\n\t\t\t\t<div class=\"blockG\" id=\"rotateG_03\"><\/div>\n\t\t\t\t<div class=\"blockG\" id=\"rotateG_04\"><\/div>\n\t\t\t\t<div class=\"blockG\" id=\"rotateG_05\"><\/div>\n\t\t\t\t<div class=\"blockG\" id=\"rotateG_06\"><\/div>\n\t\t\t\t<div class=\"blockG\" id=\"rotateG_07\"><\/div>\n\t\t\t\t<div class=\"blockG\" id=\"rotateG_08\"><\/div>\n\t\t\t<\/div>\n\t\t\t<div class=\"WooZone-cross-sell-loader-text\"><\/div>\n\t\t<\/div>\n\t<\/div>\n\n\t\t\n<\/div>\n<div style=\"clear:both;\"><\/div><\/p>\n","protected":false},"excerpt":{"rendered":"<p>Es besteht aus hochwertiger Baumwolle mit hypoallergenen Eigenschaften. Das Oberteil kann in der Waschmaschine gewaschen werden (max. 30\u00b0). Die Waschbarkeit garantiert eine langfristige Reinigung. Durch das 3D-Mesh beh\u00e4lt die Babytrage auch nach zahlreichen W\u00e4schen ihre Form.<br \/>\nEs kann in 3 verschiedenen Positionen verwendet werden: der Mutter zugewandt (am bequemsten); auf der R\u00fcckseite (am bequemsten); seitlich seitlich; auf dem Bauch zur Stra\u00dfe hin (f\u00fcr Neugierige). Sie alle garantieren Komfort und Sicherheit unter allen Einsatzbedingungen.<br \/>\nEbrainit hat eine Tasche voller Taschen f\u00fcr Gegenst\u00e4nde geschaffen, sowohl am Lendengurt als auch an der Vorderseite der Tasche. Es kann auch verwendet werden, um das Telefon, die Schl\u00fcssel und alles andere zu tragen, was das Kind braucht.<\/p>\n","protected":false},"featured_media":91997,"comment_status":"open","ping_status":"closed","template":"","meta":[],"product_brand":[],"product_cat":[21,9074],"product_tag":[],"class_list":{"0":"post-91996","1":"product","2":"type-product","3":"status-publish","4":"has-post-thumbnail","6":"product_cat-baby","7":"product_cat-babytragen-baby","8":"pa_brand-ebrainit","9":"pa_color-jungle","10":"pa_manufacturer-ebrainit","12":"first","13":"instock","14":"shipping-taxable","15":"purchasable","16":"product-type-simple","17":"customify-col","18":"product-has-gallery"},"yoast_head":"<!-- This site is optimized with the Yoast SEO plugin v27.4 - https:\/\/yoast.com\/product\/yoast-seo-wordpress\/ -->\n<title>Babytrage ergonomische f\u00fcr Neugeborene 3D-Mesh super ergonomisch 4 Positionen mit verstellbarer Kapuze von 4 Monaten bis\u2026 - Markt-XXL<\/title>\n<meta name=\"description\" content=\"Markt-XXL Babytrage ergonomische f\u00fcr Neugeborene 3D-Mesh super ergonomisch 4 Positionen mit verstellbarer Kapuze von 4 Monaten bis\u2026\" \/>\n<meta name=\"robots\" content=\"index, follow, max-snippet:-1, max-image-preview:large, max-video-preview:-1\" \/>\n<link rel=\"canonical\" href=\"https:\/\/marktxxl.de\/markt\/produkt\/babytrage-ergonomische-fuer-neugeborene-3d-mesh-super-ergonomisch-4-positionen-mit-verstellbarer-kapuze-von-4-monaten-bis-18-kg-babytrage-neugeborene-ab-geburt\/\" \/>\n<meta property=\"og:locale\" content=\"de_DE\" \/>\n<meta property=\"og:type\" content=\"article\" \/>\n<meta property=\"og:title\" content=\"Babytrage ergonomische f\u00fcr Neugeborene 3D-Mesh super ergonomisch 4 Positionen mit verstellbarer Kapuze von 4 Monaten bis\u2026 - Markt-XXL\" \/>\n<meta property=\"og:description\" content=\"Markt-XXL Babytrage ergonomische f\u00fcr Neugeborene 3D-Mesh super ergonomisch 4 Positionen mit verstellbarer Kapuze von 4 Monaten bis\u2026\" \/>\n<meta property=\"og:url\" content=\"https:\/\/marktxxl.de\/markt\/produkt\/babytrage-ergonomische-fuer-neugeborene-3d-mesh-super-ergonomisch-4-positionen-mit-verstellbarer-kapuze-von-4-monaten-bis-18-kg-babytrage-neugeborene-ab-geburt\/\" \/>\n<meta property=\"og:site_name\" content=\"Markt-XXL\" \/>\n<meta property=\"article:modified_time\" content=\"2023-04-10T01:04:24+00:00\" \/>\n<meta property=\"og:image\" content=\"https:\/\/m.media-amazon.com\/images\/I\/41RJ9ZbN+FL._SL500_.jpg\" \/>\n\t<meta property=\"og:image:width\" content=\"500\" \/>\n\t<meta property=\"og:image:height\" content=\"500\" \/>\n\t<meta property=\"og:image:type\" content=\"image\/jpeg\" \/>\n<meta name=\"twitter:card\" content=\"summary_large_image\" \/>\n<meta name=\"twitter:label1\" content=\"Gesch\u00e4tzte Lesezeit\" \/>\n\t<meta name=\"twitter:data1\" content=\"1\u00a0Minute\" \/>\n<script type=\"application\/ld+json\" class=\"yoast-schema-graph\">{\"@context\":\"https:\\\/\\\/schema.org\",\"@graph\":[{\"@type\":\"WebPage\",\"@id\":\"https:\\\/\\\/marktxxl.de\\\/markt\\\/produkt\\\/babytrage-ergonomische-fuer-neugeborene-3d-mesh-super-ergonomisch-4-positionen-mit-verstellbarer-kapuze-von-4-monaten-bis-18-kg-babytrage-neugeborene-ab-geburt\\\/\",\"url\":\"https:\\\/\\\/marktxxl.de\\\/markt\\\/produkt\\\/babytrage-ergonomische-fuer-neugeborene-3d-mesh-super-ergonomisch-4-positionen-mit-verstellbarer-kapuze-von-4-monaten-bis-18-kg-babytrage-neugeborene-ab-geburt\\\/\",\"name\":\"Babytrage ergonomische f\u00fcr Neugeborene 3D-Mesh super ergonomisch 4 Positionen mit verstellbarer Kapuze von 4 Monaten bis\u2026 - Markt-XXL\",\"isPartOf\":{\"@id\":\"https:\\\/\\\/marktxxl.de\\\/markt\\\/#website\"},\"primaryImageOfPage\":{\"@id\":\"https:\\\/\\\/marktxxl.de\\\/markt\\\/produkt\\\/babytrage-ergonomische-fuer-neugeborene-3d-mesh-super-ergonomisch-4-positionen-mit-verstellbarer-kapuze-von-4-monaten-bis-18-kg-babytrage-neugeborene-ab-geburt\\\/#primaryimage\"},\"image\":{\"@id\":\"https:\\\/\\\/marktxxl.de\\\/markt\\\/produkt\\\/babytrage-ergonomische-fuer-neugeborene-3d-mesh-super-ergonomisch-4-positionen-mit-verstellbarer-kapuze-von-4-monaten-bis-18-kg-babytrage-neugeborene-ab-geburt\\\/#primaryimage\"},\"thumbnailUrl\":\"https:\\\/\\\/m.media-amazon.com\\\/images\\\/I\\\/41RJ9ZbN+FL._SL500_.jpg\",\"datePublished\":\"2021-12-28T19:39:40+00:00\",\"dateModified\":\"2023-04-10T01:04:24+00:00\",\"description\":\"Markt-XXL Babytrage ergonomische f\u00fcr Neugeborene 3D-Mesh super ergonomisch 4 Positionen mit verstellbarer Kapuze von 4 Monaten bis\u2026\",\"breadcrumb\":{\"@id\":\"https:\\\/\\\/marktxxl.de\\\/markt\\\/produkt\\\/babytrage-ergonomische-fuer-neugeborene-3d-mesh-super-ergonomisch-4-positionen-mit-verstellbarer-kapuze-von-4-monaten-bis-18-kg-babytrage-neugeborene-ab-geburt\\\/#breadcrumb\"},\"inLanguage\":\"de\",\"potentialAction\":[{\"@type\":\"ReadAction\",\"target\":[\"https:\\\/\\\/marktxxl.de\\\/markt\\\/produkt\\\/babytrage-ergonomische-fuer-neugeborene-3d-mesh-super-ergonomisch-4-positionen-mit-verstellbarer-kapuze-von-4-monaten-bis-18-kg-babytrage-neugeborene-ab-geburt\\\/\"]}]},{\"@type\":\"ImageObject\",\"inLanguage\":\"de\",\"@id\":\"https:\\\/\\\/marktxxl.de\\\/markt\\\/produkt\\\/babytrage-ergonomische-fuer-neugeborene-3d-mesh-super-ergonomisch-4-positionen-mit-verstellbarer-kapuze-von-4-monaten-bis-18-kg-babytrage-neugeborene-ab-geburt\\\/#primaryimage\",\"url\":\"https:\\\/\\\/m.media-amazon.com\\\/images\\\/I\\\/41RJ9ZbN+FL._SL500_.jpg\",\"contentUrl\":\"https:\\\/\\\/m.media-amazon.com\\\/images\\\/I\\\/41RJ9ZbN+FL._SL500_.jpg\",\"width\":500,\"height\":500},{\"@type\":\"BreadcrumbList\",\"@id\":\"https:\\\/\\\/marktxxl.de\\\/markt\\\/produkt\\\/babytrage-ergonomische-fuer-neugeborene-3d-mesh-super-ergonomisch-4-positionen-mit-verstellbarer-kapuze-von-4-monaten-bis-18-kg-babytrage-neugeborene-ab-geburt\\\/#breadcrumb\",\"itemListElement\":[{\"@type\":\"ListItem\",\"position\":1,\"name\":\"Startseite\",\"item\":\"https:\\\/\\\/marktxxl.de\\\/markt\\\/\"},{\"@type\":\"ListItem\",\"position\":2,\"name\":\"Markt\",\"item\":\"https:\\\/\\\/marktxxl.de\\\/markt\\\/\"},{\"@type\":\"ListItem\",\"position\":3,\"name\":\"Babytrage ergonomische f\u00fcr Neugeborene 3D-Mesh super ergonomisch 4 Positionen mit verstellbarer Kapuze von 4 Monaten bis\u2026\"}]},{\"@type\":\"WebSite\",\"@id\":\"https:\\\/\\\/marktxxl.de\\\/markt\\\/#website\",\"url\":\"https:\\\/\\\/marktxxl.de\\\/markt\\\/\",\"name\":\"Markt-XXL\",\"description\":\"Ihr Markt Online\",\"publisher\":{\"@id\":\"https:\\\/\\\/marktxxl.de\\\/markt\\\/#organization\"},\"potentialAction\":[{\"@type\":\"SearchAction\",\"target\":{\"@type\":\"EntryPoint\",\"urlTemplate\":\"https:\\\/\\\/marktxxl.de\\\/markt\\\/?s={search_term_string}\"},\"query-input\":{\"@type\":\"PropertyValueSpecification\",\"valueRequired\":true,\"valueName\":\"search_term_string\"}}],\"inLanguage\":\"de\"},{\"@type\":\"Organization\",\"@id\":\"https:\\\/\\\/marktxxl.de\\\/markt\\\/#organization\",\"name\":\"Markt-XXL\",\"url\":\"https:\\\/\\\/marktxxl.de\\\/markt\\\/\",\"logo\":{\"@type\":\"ImageObject\",\"inLanguage\":\"de\",\"@id\":\"https:\\\/\\\/marktxxl.de\\\/markt\\\/#\\\/schema\\\/logo\\\/image\\\/\",\"url\":\"https:\\\/\\\/marktxxl.de\\\/markt\\\/wp-content\\\/uploads\\\/sites\\\/3\\\/2020\\\/12\\\/logo.png\",\"contentUrl\":\"https:\\\/\\\/marktxxl.de\\\/markt\\\/wp-content\\\/uploads\\\/sites\\\/3\\\/2020\\\/12\\\/logo.png\",\"width\":200,\"height\":70,\"caption\":\"Markt-XXL\"},\"image\":{\"@id\":\"https:\\\/\\\/marktxxl.de\\\/markt\\\/#\\\/schema\\\/logo\\\/image\\\/\"}}]}<\/script>\n<!-- \/ Yoast SEO plugin. -->","yoast_head_json":{"title":"Babytrage ergonomische f\u00fcr Neugeborene 3D-Mesh super ergonomisch 4 Positionen mit verstellbarer Kapuze von 4 Monaten bis\u2026 - Markt-XXL","description":"Markt-XXL Babytrage ergonomische f\u00fcr Neugeborene 3D-Mesh super ergonomisch 4 Positionen mit verstellbarer Kapuze von 4 Monaten bis\u2026","robots":{"index":"index","follow":"follow","max-snippet":"max-snippet:-1","max-image-preview":"max-image-preview:large","max-video-preview":"max-video-preview:-1"},"canonical":"https:\/\/marktxxl.de\/markt\/produkt\/babytrage-ergonomische-fuer-neugeborene-3d-mesh-super-ergonomisch-4-positionen-mit-verstellbarer-kapuze-von-4-monaten-bis-18-kg-babytrage-neugeborene-ab-geburt\/","og_locale":"de_DE","og_type":"article","og_title":"Babytrage ergonomische f\u00fcr Neugeborene 3D-Mesh super ergonomisch 4 Positionen mit verstellbarer Kapuze von 4 Monaten bis\u2026 - Markt-XXL","og_description":"Markt-XXL Babytrage ergonomische f\u00fcr Neugeborene 3D-Mesh super ergonomisch 4 Positionen mit verstellbarer Kapuze von 4 Monaten bis\u2026","og_url":"https:\/\/marktxxl.de\/markt\/produkt\/babytrage-ergonomische-fuer-neugeborene-3d-mesh-super-ergonomisch-4-positionen-mit-verstellbarer-kapuze-von-4-monaten-bis-18-kg-babytrage-neugeborene-ab-geburt\/","og_site_name":"Markt-XXL","article_modified_time":"2023-04-10T01:04:24+00:00","og_image":[{"width":500,"height":500,"url":"https:\/\/m.media-amazon.com\/images\/I\/41RJ9ZbN+FL._SL500_.jpg","type":"image\/jpeg"}],"twitter_card":"summary_large_image","twitter_misc":{"Gesch\u00e4tzte Lesezeit":"1\u00a0Minute"},"schema":{"@context":"https:\/\/schema.org","@graph":[{"@type":"WebPage","@id":"https:\/\/marktxxl.de\/markt\/produkt\/babytrage-ergonomische-fuer-neugeborene-3d-mesh-super-ergonomisch-4-positionen-mit-verstellbarer-kapuze-von-4-monaten-bis-18-kg-babytrage-neugeborene-ab-geburt\/","url":"https:\/\/marktxxl.de\/markt\/produkt\/babytrage-ergonomische-fuer-neugeborene-3d-mesh-super-ergonomisch-4-positionen-mit-verstellbarer-kapuze-von-4-monaten-bis-18-kg-babytrage-neugeborene-ab-geburt\/","name":"Babytrage ergonomische f\u00fcr Neugeborene 3D-Mesh super ergonomisch 4 Positionen mit verstellbarer Kapuze von 4 Monaten bis\u2026 - Markt-XXL","isPartOf":{"@id":"https:\/\/marktxxl.de\/markt\/#website"},"primaryImageOfPage":{"@id":"https:\/\/marktxxl.de\/markt\/produkt\/babytrage-ergonomische-fuer-neugeborene-3d-mesh-super-ergonomisch-4-positionen-mit-verstellbarer-kapuze-von-4-monaten-bis-18-kg-babytrage-neugeborene-ab-geburt\/#primaryimage"},"image":{"@id":"https:\/\/marktxxl.de\/markt\/produkt\/babytrage-ergonomische-fuer-neugeborene-3d-mesh-super-ergonomisch-4-positionen-mit-verstellbarer-kapuze-von-4-monaten-bis-18-kg-babytrage-neugeborene-ab-geburt\/#primaryimage"},"thumbnailUrl":"https:\/\/m.media-amazon.com\/images\/I\/41RJ9ZbN+FL._SL500_.jpg","datePublished":"2021-12-28T19:39:40+00:00","dateModified":"2023-04-10T01:04:24+00:00","description":"Markt-XXL Babytrage ergonomische f\u00fcr Neugeborene 3D-Mesh super ergonomisch 4 Positionen mit verstellbarer Kapuze von 4 Monaten bis\u2026","breadcrumb":{"@id":"https:\/\/marktxxl.de\/markt\/produkt\/babytrage-ergonomische-fuer-neugeborene-3d-mesh-super-ergonomisch-4-positionen-mit-verstellbarer-kapuze-von-4-monaten-bis-18-kg-babytrage-neugeborene-ab-geburt\/#breadcrumb"},"inLanguage":"de","potentialAction":[{"@type":"ReadAction","target":["https:\/\/marktxxl.de\/markt\/produkt\/babytrage-ergonomische-fuer-neugeborene-3d-mesh-super-ergonomisch-4-positionen-mit-verstellbarer-kapuze-von-4-monaten-bis-18-kg-babytrage-neugeborene-ab-geburt\/"]}]},{"@type":"ImageObject","inLanguage":"de","@id":"https:\/\/marktxxl.de\/markt\/produkt\/babytrage-ergonomische-fuer-neugeborene-3d-mesh-super-ergonomisch-4-positionen-mit-verstellbarer-kapuze-von-4-monaten-bis-18-kg-babytrage-neugeborene-ab-geburt\/#primaryimage","url":"https:\/\/m.media-amazon.com\/images\/I\/41RJ9ZbN+FL._SL500_.jpg","contentUrl":"https:\/\/m.media-amazon.com\/images\/I\/41RJ9ZbN+FL._SL500_.jpg","width":500,"height":500},{"@type":"BreadcrumbList","@id":"https:\/\/marktxxl.de\/markt\/produkt\/babytrage-ergonomische-fuer-neugeborene-3d-mesh-super-ergonomisch-4-positionen-mit-verstellbarer-kapuze-von-4-monaten-bis-18-kg-babytrage-neugeborene-ab-geburt\/#breadcrumb","itemListElement":[{"@type":"ListItem","position":1,"name":"Startseite","item":"https:\/\/marktxxl.de\/markt\/"},{"@type":"ListItem","position":2,"name":"Markt","item":"https:\/\/marktxxl.de\/markt\/"},{"@type":"ListItem","position":3,"name":"Babytrage ergonomische f\u00fcr Neugeborene 3D-Mesh super ergonomisch 4 Positionen mit verstellbarer Kapuze von 4 Monaten bis\u2026"}]},{"@type":"WebSite","@id":"https:\/\/marktxxl.de\/markt\/#website","url":"https:\/\/marktxxl.de\/markt\/","name":"Markt-XXL","description":"Ihr Markt Online","publisher":{"@id":"https:\/\/marktxxl.de\/markt\/#organization"},"potentialAction":[{"@type":"SearchAction","target":{"@type":"EntryPoint","urlTemplate":"https:\/\/marktxxl.de\/markt\/?s={search_term_string}"},"query-input":{"@type":"PropertyValueSpecification","valueRequired":true,"valueName":"search_term_string"}}],"inLanguage":"de"},{"@type":"Organization","@id":"https:\/\/marktxxl.de\/markt\/#organization","name":"Markt-XXL","url":"https:\/\/marktxxl.de\/markt\/","logo":{"@type":"ImageObject","inLanguage":"de","@id":"https:\/\/marktxxl.de\/markt\/#\/schema\/logo\/image\/","url":"https:\/\/marktxxl.de\/markt\/wp-content\/uploads\/sites\/3\/2020\/12\/logo.png","contentUrl":"https:\/\/marktxxl.de\/markt\/wp-content\/uploads\/sites\/3\/2020\/12\/logo.png","width":200,"height":70,"caption":"Markt-XXL"},"image":{"@id":"https:\/\/marktxxl.de\/markt\/#\/schema\/logo\/image\/"}}]}},"_links":{"self":[{"href":"https:\/\/marktxxl.de\/markt\/wp-json\/wp\/v2\/product\/91996","targetHints":{"allow":["GET"]}}],"collection":[{"href":"https:\/\/marktxxl.de\/markt\/wp-json\/wp\/v2\/product"}],"about":[{"href":"https:\/\/marktxxl.de\/markt\/wp-json\/wp\/v2\/types\/product"}],"replies":[{"embeddable":true,"href":"https:\/\/marktxxl.de\/markt\/wp-json\/wp\/v2\/comments?post=91996"}],"wp:featuredmedia":[{"embeddable":true,"href":"https:\/\/marktxxl.de\/markt\/wp-json\/wp\/v2\/media\/91997"}],"wp:attachment":[{"href":"https:\/\/marktxxl.de\/markt\/wp-json\/wp\/v2\/media?parent=91996"}],"wp:term":[{"taxonomy":"product_brand","embeddable":true,"href":"https:\/\/marktxxl.de\/markt\/wp-json\/wp\/v2\/product_brand?post=91996"},{"taxonomy":"product_cat","embeddable":true,"href":"https:\/\/marktxxl.de\/markt\/wp-json\/wp\/v2\/product_cat?post=91996"},{"taxonomy":"product_tag","embeddable":true,"href":"https:\/\/marktxxl.de\/markt\/wp-json\/wp\/v2\/product_tag?post=91996"}],"curies":[{"name":"wp","href":"https:\/\/api.w.org\/{rel}","templated":true}]}}