{"id":91908,"date":"2021-12-28T20:36:09","date_gmt":"2021-12-28T19:36:09","guid":{"rendered":"https:\/\/marktxxl.de\/markt\/produkt\/kindertatzen-universal-baby-tragetuch-baumwolle-tragetuch-baby-fuer-neugeborene-babys-elastisch-530x58cm-babytragetuch-15kg-babytrage-anleitung\/"},"modified":"2023-04-10T03:04:23","modified_gmt":"2023-04-10T01:04:23","slug":"kindertatzen-universal-baby-tragetuch-baumwolle-tragetuch-baby-fuer-neugeborene-babys-elastisch-530x58cm-babytragetuch-15kg-babytrage-anleitung","status":"publish","type":"product","link":"https:\/\/marktxxl.de\/markt\/produkt\/kindertatzen-universal-baby-tragetuch-baumwolle-tragetuch-baby-fuer-neugeborene-babys-elastisch-530x58cm-babytragetuch-15kg-babytrage-anleitung\/","title":{"rendered":"KinderTatzen | Universal Baby Tragetuch \u2013 Baumwolle Tragetuch Baby f\u00fcr Neugeborene &amp; Babys elastisch &#8211; 530x58cm\u2026"},"content":{"rendered":"<p>\ud83d\udc76 ZERTIFIZIERTE OEKO-TEX QUALIT\u00c4T \u2013 Das 530x85cm gro\u00dfe Bonding Top entspricht bester Oeko-Tex Qualit\u00e4t. Das Material ist angenehm auf Babyhaut und l\u00e4sst Luft zum Atmen durch, w\u00e4hrend es deinem Baby W\u00e4rme spendet. So hat es dein kleiner Spatz bequem!<br \/>\n\ud83d\udc76 LEICHTE BINDEANLEITUNG \u2013 Das Ring Sling Tragetuch ist in seiner Anwendung kinderleicht dank der beiliegenden Beschreibung. Du lernst einfache Bindetechniken innerhalb weniger Handgriffe und bindest Wickeltechniken f\u00fcr sitzende und liegende Babys!<br \/>\n\ud83d\udc76 CHEMIE-\/SCH\u00c4DLINGSFREI \u2013 Die Babytrage Neugeborene ab Geburt \u200bist frei von sch\u00e4dlichen Chemikalien und besteht zu 95% aus Baumwolle f\u00fcr perfekte Kuschelerlebnisse und zu 5% aus Elastan. Perfekt f\u00fcr gro\u00dfe und kleine Babys!<br \/>\n\ud83d\udc76 MIT VERPACKUNGSBEUTEL \u2013 Dein Ringslings Tragetuch kommt mit Verpackungsbeutel. Das Tuch sowie der Verpackungsbeutel lassen sich schnell reinigen und trocknen. So ist die Baby Trage schnell einsatzbereit und dein kleiner Schatz hat es wieder sauber und kuschelig!<br \/>\n\ud83d\udc76 KINDERTATZEN QUALIT\u00c4T \u2013 Wir sind von der hohen Qualit\u00e4t unserer Babytraget\u00fccher \u00fcberzeugt. Um dir die Entscheidung zu erleichtern, erm\u00f6glichen wir dir den R\u00fcckversand an Amazon innerhalb von 30 Tagen, solltest du damit nicht zufrieden sein<br \/>\n<div class=\"main-cross-sell\" data-asin=\"B09CQ4NXCT\">\n\n\t<div class=\"WooZone-cross-sell-loader\">\n\t\t<div>\n\t\t\t<div id=\"floatingBarsG\">\n\t\t\t\t<div class=\"blockG\" id=\"rotateG_01\"><\/div>\n\t\t\t\t<div class=\"blockG\" id=\"rotateG_02\"><\/div>\n\t\t\t\t<div class=\"blockG\" id=\"rotateG_03\"><\/div>\n\t\t\t\t<div class=\"blockG\" id=\"rotateG_04\"><\/div>\n\t\t\t\t<div class=\"blockG\" id=\"rotateG_05\"><\/div>\n\t\t\t\t<div class=\"blockG\" id=\"rotateG_06\"><\/div>\n\t\t\t\t<div class=\"blockG\" id=\"rotateG_07\"><\/div>\n\t\t\t\t<div class=\"blockG\" id=\"rotateG_08\"><\/div>\n\t\t\t<\/div>\n\t\t\t<div class=\"WooZone-cross-sell-loader-text\"><\/div>\n\t\t<\/div>\n\t<\/div>\n\n\t\t\n<\/div>\n<div style=\"clear:both;\"><\/div><\/p>\n","protected":false},"excerpt":{"rendered":"<p>\ud83d\udc76 ZERTIFIZIERTE OEKO-TEX QUALIT\u00c4T \u2013 Das 530x85cm gro\u00dfe Bonding Top entspricht bester Oeko-Tex Qualit\u00e4t. Das Material ist angenehm auf Babyhaut und l\u00e4sst Luft zum Atmen durch, w\u00e4hrend es deinem Baby W\u00e4rme spendet. So hat es dein kleiner Spatz bequem!<br \/>\n\ud83d\udc76 LEICHTE BINDEANLEITUNG \u2013 Das Ring Sling Tragetuch ist in seiner Anwendung kinderleicht dank der beiliegenden Beschreibung. Du lernst einfache Bindetechniken innerhalb weniger Handgriffe und bindest Wickeltechniken f\u00fcr sitzende und liegende Babys!<br \/>\n\ud83d\udc76 CHEMIE-\/SCH\u00c4DLINGSFREI \u2013 Die Babytrage Neugeborene ab Geburt \u200bist frei von sch\u00e4dlichen Chemikalien und besteht zu 95% aus Baumwolle f\u00fcr perfekte Kuschelerlebnisse und zu 5% aus Elastan. Perfekt f\u00fcr gro\u00dfe und kleine Babys!<\/p>\n","protected":false},"featured_media":91909,"comment_status":"open","ping_status":"closed","template":"","meta":[],"product_brand":[],"product_cat":[21,9074],"product_tag":[],"class_list":{"0":"post-91908","1":"product","2":"type-product","3":"status-publish","4":"has-post-thumbnail","6":"product_cat-baby","7":"product_cat-babytragen-baby","8":"pa_brand-kindertatzen","9":"pa_manufacturer-paliw-ug","10":"pa_size-1-stueck-1er-pack","12":"first","13":"instock","14":"shipping-taxable","15":"purchasable","16":"product-type-simple","17":"customify-col","18":"product-has-gallery"},"yoast_head":"<!-- This site is optimized with the Yoast SEO plugin v27.4 - https:\/\/yoast.com\/product\/yoast-seo-wordpress\/ -->\n<title>KinderTatzen | Universal Baby Tragetuch \u2013 Baumwolle Tragetuch Baby f\u00fcr Neugeborene &amp; Babys elastisch - 530x58cm\u2026 - Markt-XXL<\/title>\n<meta name=\"description\" content=\"Markt-XXL KinderTatzen | Universal Baby Tragetuch \u2013 Baumwolle Tragetuch Baby f\u00fcr Neugeborene &amp; Babys elastisch - 530x58cm\u2026\" \/>\n<meta name=\"robots\" content=\"index, follow, max-snippet:-1, max-image-preview:large, max-video-preview:-1\" \/>\n<link rel=\"canonical\" href=\"https:\/\/marktxxl.de\/markt\/produkt\/kindertatzen-universal-baby-tragetuch-baumwolle-tragetuch-baby-fuer-neugeborene-babys-elastisch-530x58cm-babytragetuch-15kg-babytrage-anleitung\/\" \/>\n<meta property=\"og:locale\" content=\"de_DE\" \/>\n<meta property=\"og:type\" content=\"article\" \/>\n<meta property=\"og:title\" content=\"KinderTatzen | Universal Baby Tragetuch \u2013 Baumwolle Tragetuch Baby f\u00fcr Neugeborene &amp; Babys elastisch - 530x58cm\u2026 - Markt-XXL\" \/>\n<meta property=\"og:description\" content=\"Markt-XXL KinderTatzen | Universal Baby Tragetuch \u2013 Baumwolle Tragetuch Baby f\u00fcr Neugeborene &amp; Babys elastisch - 530x58cm\u2026\" \/>\n<meta property=\"og:url\" content=\"https:\/\/marktxxl.de\/markt\/produkt\/kindertatzen-universal-baby-tragetuch-baumwolle-tragetuch-baby-fuer-neugeborene-babys-elastisch-530x58cm-babytragetuch-15kg-babytrage-anleitung\/\" \/>\n<meta property=\"og:site_name\" content=\"Markt-XXL\" \/>\n<meta property=\"article:modified_time\" content=\"2023-04-10T01:04:23+00:00\" \/>\n<meta property=\"og:image\" content=\"https:\/\/m.media-amazon.com\/images\/I\/41SJz+mCM4L._SL500_.jpg\" \/>\n\t<meta property=\"og:image:width\" content=\"500\" \/>\n\t<meta property=\"og:image:height\" content=\"500\" \/>\n\t<meta property=\"og:image:type\" content=\"image\/jpeg\" \/>\n<meta name=\"twitter:card\" content=\"summary_large_image\" \/>\n<meta name=\"twitter:label1\" content=\"Gesch\u00e4tzte Lesezeit\" \/>\n\t<meta name=\"twitter:data1\" content=\"1\u00a0Minute\" \/>\n<script type=\"application\/ld+json\" class=\"yoast-schema-graph\">{\"@context\":\"https:\\\/\\\/schema.org\",\"@graph\":[{\"@type\":\"WebPage\",\"@id\":\"https:\\\/\\\/marktxxl.de\\\/markt\\\/produkt\\\/kindertatzen-universal-baby-tragetuch-baumwolle-tragetuch-baby-fuer-neugeborene-babys-elastisch-530x58cm-babytragetuch-15kg-babytrage-anleitung\\\/\",\"url\":\"https:\\\/\\\/marktxxl.de\\\/markt\\\/produkt\\\/kindertatzen-universal-baby-tragetuch-baumwolle-tragetuch-baby-fuer-neugeborene-babys-elastisch-530x58cm-babytragetuch-15kg-babytrage-anleitung\\\/\",\"name\":\"KinderTatzen | Universal Baby Tragetuch \u2013 Baumwolle Tragetuch Baby f\u00fcr Neugeborene &amp; Babys elastisch - 530x58cm\u2026 - Markt-XXL\",\"isPartOf\":{\"@id\":\"https:\\\/\\\/marktxxl.de\\\/markt\\\/#website\"},\"primaryImageOfPage\":{\"@id\":\"https:\\\/\\\/marktxxl.de\\\/markt\\\/produkt\\\/kindertatzen-universal-baby-tragetuch-baumwolle-tragetuch-baby-fuer-neugeborene-babys-elastisch-530x58cm-babytragetuch-15kg-babytrage-anleitung\\\/#primaryimage\"},\"image\":{\"@id\":\"https:\\\/\\\/marktxxl.de\\\/markt\\\/produkt\\\/kindertatzen-universal-baby-tragetuch-baumwolle-tragetuch-baby-fuer-neugeborene-babys-elastisch-530x58cm-babytragetuch-15kg-babytrage-anleitung\\\/#primaryimage\"},\"thumbnailUrl\":\"https:\\\/\\\/m.media-amazon.com\\\/images\\\/I\\\/41SJz+mCM4L._SL500_.jpg\",\"datePublished\":\"2021-12-28T19:36:09+00:00\",\"dateModified\":\"2023-04-10T01:04:23+00:00\",\"description\":\"Markt-XXL KinderTatzen | Universal Baby Tragetuch \u2013 Baumwolle Tragetuch Baby f\u00fcr Neugeborene &amp; Babys elastisch - 530x58cm\u2026\",\"breadcrumb\":{\"@id\":\"https:\\\/\\\/marktxxl.de\\\/markt\\\/produkt\\\/kindertatzen-universal-baby-tragetuch-baumwolle-tragetuch-baby-fuer-neugeborene-babys-elastisch-530x58cm-babytragetuch-15kg-babytrage-anleitung\\\/#breadcrumb\"},\"inLanguage\":\"de\",\"potentialAction\":[{\"@type\":\"ReadAction\",\"target\":[\"https:\\\/\\\/marktxxl.de\\\/markt\\\/produkt\\\/kindertatzen-universal-baby-tragetuch-baumwolle-tragetuch-baby-fuer-neugeborene-babys-elastisch-530x58cm-babytragetuch-15kg-babytrage-anleitung\\\/\"]}]},{\"@type\":\"ImageObject\",\"inLanguage\":\"de\",\"@id\":\"https:\\\/\\\/marktxxl.de\\\/markt\\\/produkt\\\/kindertatzen-universal-baby-tragetuch-baumwolle-tragetuch-baby-fuer-neugeborene-babys-elastisch-530x58cm-babytragetuch-15kg-babytrage-anleitung\\\/#primaryimage\",\"url\":\"https:\\\/\\\/m.media-amazon.com\\\/images\\\/I\\\/41SJz+mCM4L._SL500_.jpg\",\"contentUrl\":\"https:\\\/\\\/m.media-amazon.com\\\/images\\\/I\\\/41SJz+mCM4L._SL500_.jpg\",\"width\":500,\"height\":500},{\"@type\":\"BreadcrumbList\",\"@id\":\"https:\\\/\\\/marktxxl.de\\\/markt\\\/produkt\\\/kindertatzen-universal-baby-tragetuch-baumwolle-tragetuch-baby-fuer-neugeborene-babys-elastisch-530x58cm-babytragetuch-15kg-babytrage-anleitung\\\/#breadcrumb\",\"itemListElement\":[{\"@type\":\"ListItem\",\"position\":1,\"name\":\"Startseite\",\"item\":\"https:\\\/\\\/marktxxl.de\\\/markt\\\/\"},{\"@type\":\"ListItem\",\"position\":2,\"name\":\"Markt\",\"item\":\"https:\\\/\\\/marktxxl.de\\\/markt\\\/\"},{\"@type\":\"ListItem\",\"position\":3,\"name\":\"KinderTatzen | Universal Baby Tragetuch \u2013 Baumwolle Tragetuch Baby f\u00fcr Neugeborene &amp; Babys elastisch &#8211; 530x58cm\u2026\"}]},{\"@type\":\"WebSite\",\"@id\":\"https:\\\/\\\/marktxxl.de\\\/markt\\\/#website\",\"url\":\"https:\\\/\\\/marktxxl.de\\\/markt\\\/\",\"name\":\"Markt-XXL\",\"description\":\"Ihr Markt Online\",\"publisher\":{\"@id\":\"https:\\\/\\\/marktxxl.de\\\/markt\\\/#organization\"},\"potentialAction\":[{\"@type\":\"SearchAction\",\"target\":{\"@type\":\"EntryPoint\",\"urlTemplate\":\"https:\\\/\\\/marktxxl.de\\\/markt\\\/?s={search_term_string}\"},\"query-input\":{\"@type\":\"PropertyValueSpecification\",\"valueRequired\":true,\"valueName\":\"search_term_string\"}}],\"inLanguage\":\"de\"},{\"@type\":\"Organization\",\"@id\":\"https:\\\/\\\/marktxxl.de\\\/markt\\\/#organization\",\"name\":\"Markt-XXL\",\"url\":\"https:\\\/\\\/marktxxl.de\\\/markt\\\/\",\"logo\":{\"@type\":\"ImageObject\",\"inLanguage\":\"de\",\"@id\":\"https:\\\/\\\/marktxxl.de\\\/markt\\\/#\\\/schema\\\/logo\\\/image\\\/\",\"url\":\"https:\\\/\\\/marktxxl.de\\\/markt\\\/wp-content\\\/uploads\\\/sites\\\/3\\\/2020\\\/12\\\/logo.png\",\"contentUrl\":\"https:\\\/\\\/marktxxl.de\\\/markt\\\/wp-content\\\/uploads\\\/sites\\\/3\\\/2020\\\/12\\\/logo.png\",\"width\":200,\"height\":70,\"caption\":\"Markt-XXL\"},\"image\":{\"@id\":\"https:\\\/\\\/marktxxl.de\\\/markt\\\/#\\\/schema\\\/logo\\\/image\\\/\"}}]}<\/script>\n<!-- \/ Yoast SEO plugin. -->","yoast_head_json":{"title":"KinderTatzen | Universal Baby Tragetuch \u2013 Baumwolle Tragetuch Baby f\u00fcr Neugeborene &amp; Babys elastisch - 530x58cm\u2026 - Markt-XXL","description":"Markt-XXL KinderTatzen | Universal Baby Tragetuch \u2013 Baumwolle Tragetuch Baby f\u00fcr Neugeborene &amp; Babys elastisch - 530x58cm\u2026","robots":{"index":"index","follow":"follow","max-snippet":"max-snippet:-1","max-image-preview":"max-image-preview:large","max-video-preview":"max-video-preview:-1"},"canonical":"https:\/\/marktxxl.de\/markt\/produkt\/kindertatzen-universal-baby-tragetuch-baumwolle-tragetuch-baby-fuer-neugeborene-babys-elastisch-530x58cm-babytragetuch-15kg-babytrage-anleitung\/","og_locale":"de_DE","og_type":"article","og_title":"KinderTatzen | Universal Baby Tragetuch \u2013 Baumwolle Tragetuch Baby f\u00fcr Neugeborene &amp; Babys elastisch - 530x58cm\u2026 - Markt-XXL","og_description":"Markt-XXL KinderTatzen | Universal Baby Tragetuch \u2013 Baumwolle Tragetuch Baby f\u00fcr Neugeborene &amp; Babys elastisch - 530x58cm\u2026","og_url":"https:\/\/marktxxl.de\/markt\/produkt\/kindertatzen-universal-baby-tragetuch-baumwolle-tragetuch-baby-fuer-neugeborene-babys-elastisch-530x58cm-babytragetuch-15kg-babytrage-anleitung\/","og_site_name":"Markt-XXL","article_modified_time":"2023-04-10T01:04:23+00:00","og_image":[{"width":500,"height":500,"url":"https:\/\/m.media-amazon.com\/images\/I\/41SJz+mCM4L._SL500_.jpg","type":"image\/jpeg"}],"twitter_card":"summary_large_image","twitter_misc":{"Gesch\u00e4tzte Lesezeit":"1\u00a0Minute"},"schema":{"@context":"https:\/\/schema.org","@graph":[{"@type":"WebPage","@id":"https:\/\/marktxxl.de\/markt\/produkt\/kindertatzen-universal-baby-tragetuch-baumwolle-tragetuch-baby-fuer-neugeborene-babys-elastisch-530x58cm-babytragetuch-15kg-babytrage-anleitung\/","url":"https:\/\/marktxxl.de\/markt\/produkt\/kindertatzen-universal-baby-tragetuch-baumwolle-tragetuch-baby-fuer-neugeborene-babys-elastisch-530x58cm-babytragetuch-15kg-babytrage-anleitung\/","name":"KinderTatzen | Universal Baby Tragetuch \u2013 Baumwolle Tragetuch Baby f\u00fcr Neugeborene &amp; Babys elastisch - 530x58cm\u2026 - Markt-XXL","isPartOf":{"@id":"https:\/\/marktxxl.de\/markt\/#website"},"primaryImageOfPage":{"@id":"https:\/\/marktxxl.de\/markt\/produkt\/kindertatzen-universal-baby-tragetuch-baumwolle-tragetuch-baby-fuer-neugeborene-babys-elastisch-530x58cm-babytragetuch-15kg-babytrage-anleitung\/#primaryimage"},"image":{"@id":"https:\/\/marktxxl.de\/markt\/produkt\/kindertatzen-universal-baby-tragetuch-baumwolle-tragetuch-baby-fuer-neugeborene-babys-elastisch-530x58cm-babytragetuch-15kg-babytrage-anleitung\/#primaryimage"},"thumbnailUrl":"https:\/\/m.media-amazon.com\/images\/I\/41SJz+mCM4L._SL500_.jpg","datePublished":"2021-12-28T19:36:09+00:00","dateModified":"2023-04-10T01:04:23+00:00","description":"Markt-XXL KinderTatzen | Universal Baby Tragetuch \u2013 Baumwolle Tragetuch Baby f\u00fcr Neugeborene &amp; Babys elastisch - 530x58cm\u2026","breadcrumb":{"@id":"https:\/\/marktxxl.de\/markt\/produkt\/kindertatzen-universal-baby-tragetuch-baumwolle-tragetuch-baby-fuer-neugeborene-babys-elastisch-530x58cm-babytragetuch-15kg-babytrage-anleitung\/#breadcrumb"},"inLanguage":"de","potentialAction":[{"@type":"ReadAction","target":["https:\/\/marktxxl.de\/markt\/produkt\/kindertatzen-universal-baby-tragetuch-baumwolle-tragetuch-baby-fuer-neugeborene-babys-elastisch-530x58cm-babytragetuch-15kg-babytrage-anleitung\/"]}]},{"@type":"ImageObject","inLanguage":"de","@id":"https:\/\/marktxxl.de\/markt\/produkt\/kindertatzen-universal-baby-tragetuch-baumwolle-tragetuch-baby-fuer-neugeborene-babys-elastisch-530x58cm-babytragetuch-15kg-babytrage-anleitung\/#primaryimage","url":"https:\/\/m.media-amazon.com\/images\/I\/41SJz+mCM4L._SL500_.jpg","contentUrl":"https:\/\/m.media-amazon.com\/images\/I\/41SJz+mCM4L._SL500_.jpg","width":500,"height":500},{"@type":"BreadcrumbList","@id":"https:\/\/marktxxl.de\/markt\/produkt\/kindertatzen-universal-baby-tragetuch-baumwolle-tragetuch-baby-fuer-neugeborene-babys-elastisch-530x58cm-babytragetuch-15kg-babytrage-anleitung\/#breadcrumb","itemListElement":[{"@type":"ListItem","position":1,"name":"Startseite","item":"https:\/\/marktxxl.de\/markt\/"},{"@type":"ListItem","position":2,"name":"Markt","item":"https:\/\/marktxxl.de\/markt\/"},{"@type":"ListItem","position":3,"name":"KinderTatzen | Universal Baby Tragetuch \u2013 Baumwolle Tragetuch Baby f\u00fcr Neugeborene &amp; Babys elastisch &#8211; 530x58cm\u2026"}]},{"@type":"WebSite","@id":"https:\/\/marktxxl.de\/markt\/#website","url":"https:\/\/marktxxl.de\/markt\/","name":"Markt-XXL","description":"Ihr Markt Online","publisher":{"@id":"https:\/\/marktxxl.de\/markt\/#organization"},"potentialAction":[{"@type":"SearchAction","target":{"@type":"EntryPoint","urlTemplate":"https:\/\/marktxxl.de\/markt\/?s={search_term_string}"},"query-input":{"@type":"PropertyValueSpecification","valueRequired":true,"valueName":"search_term_string"}}],"inLanguage":"de"},{"@type":"Organization","@id":"https:\/\/marktxxl.de\/markt\/#organization","name":"Markt-XXL","url":"https:\/\/marktxxl.de\/markt\/","logo":{"@type":"ImageObject","inLanguage":"de","@id":"https:\/\/marktxxl.de\/markt\/#\/schema\/logo\/image\/","url":"https:\/\/marktxxl.de\/markt\/wp-content\/uploads\/sites\/3\/2020\/12\/logo.png","contentUrl":"https:\/\/marktxxl.de\/markt\/wp-content\/uploads\/sites\/3\/2020\/12\/logo.png","width":200,"height":70,"caption":"Markt-XXL"},"image":{"@id":"https:\/\/marktxxl.de\/markt\/#\/schema\/logo\/image\/"}}]}},"_links":{"self":[{"href":"https:\/\/marktxxl.de\/markt\/wp-json\/wp\/v2\/product\/91908","targetHints":{"allow":["GET"]}}],"collection":[{"href":"https:\/\/marktxxl.de\/markt\/wp-json\/wp\/v2\/product"}],"about":[{"href":"https:\/\/marktxxl.de\/markt\/wp-json\/wp\/v2\/types\/product"}],"replies":[{"embeddable":true,"href":"https:\/\/marktxxl.de\/markt\/wp-json\/wp\/v2\/comments?post=91908"}],"wp:featuredmedia":[{"embeddable":true,"href":"https:\/\/marktxxl.de\/markt\/wp-json\/wp\/v2\/media\/91909"}],"wp:attachment":[{"href":"https:\/\/marktxxl.de\/markt\/wp-json\/wp\/v2\/media?parent=91908"}],"wp:term":[{"taxonomy":"product_brand","embeddable":true,"href":"https:\/\/marktxxl.de\/markt\/wp-json\/wp\/v2\/product_brand?post=91908"},{"taxonomy":"product_cat","embeddable":true,"href":"https:\/\/marktxxl.de\/markt\/wp-json\/wp\/v2\/product_cat?post=91908"},{"taxonomy":"product_tag","embeddable":true,"href":"https:\/\/marktxxl.de\/markt\/wp-json\/wp\/v2\/product_tag?post=91908"}],"curies":[{"name":"wp","href":"https:\/\/api.w.org\/{rel}","templated":true}]}}