{"id":91869,"date":"2021-12-28T20:33:20","date_gmt":"2021-12-28T19:33:20","guid":{"rendered":"https:\/\/marktxxl.de\/markt\/produkt\/dromader-baby-kleinkind-wanderrucksack-tragetasche-koala-kinder-bis-22-kg-verstellbarer-sitz-bequem-fuer-eltern-praktische-taschen-mit-regenschutz-sonnendach-rot-grau\/"},"modified":"2023-04-10T03:04:23","modified_gmt":"2023-04-10T01:04:23","slug":"dromader-baby-kleinkind-wanderrucksack-tragetasche-koala-kinder-bis-22-kg-verstellbarer-sitz-bequem-fuer-eltern-praktische-taschen-mit-regenschutz-sonnendach-rot-grau","status":"publish","type":"product","link":"https:\/\/marktxxl.de\/markt\/produkt\/dromader-baby-kleinkind-wanderrucksack-tragetasche-koala-kinder-bis-22-kg-verstellbarer-sitz-bequem-fuer-eltern-praktische-taschen-mit-regenschutz-sonnendach-rot-grau\/","title":{"rendered":"Dromader Babytrage f\u00fcr Neugeborene Wandern &#8211; 6 Monate Plus &#8211; Kleinkind Tragerucksack mit Z\u00fcgeln &#8211; Reisezubeh\u00f6r f\u00fcr Babys\u2026"},"content":{"rendered":"<p>KOMFORTABLER UND SICHERER SITZ &#8211; Verstellbarer Sitz, Steigb\u7709gel f\u7709r mehr Komfort und Sicherheitsgurte erm\u679aglichen eine perfekte Anpassung des Tr\u76f2gers an die K\u679arpergr\u679a\u813de des Babys. Dies ist entscheidend, da es die Sicherheit und den Komfort des Babys erh\u679aht. Der Hersteller empfiehlt eine Tragetasche f\u7709r Kinder ab 10 Monaten.<br \/>\nPRAKTISCHE TASCHEN &#8211; Wenn Sie sehr oft mit einem kleinen Kind unterwegs sind, m\u7709ssen Sie eine gro\u813de Menge an Zubeh\u679ar mitnehmen. Ihre Aufbewahrung und der Transport werden durch praktische Taschen, eine Wickelunterlage und eine Thermotasche erleichtert.<br \/>\n3D OPTIFIT SYSTEM &#8211; Das Tragesystem sorgt f\u7709r eine optimale Anpassung des Tr\u76f2gers an die H\u679ahe und Bed\u7709rfnisse der Tr\u76f2gerin. Die Tragegurte und der anatomische H\u7709ftgurt sind mit Schaumstoff \u7709berzogen, was f\u7709r Komfort sorgt, w\u76f2hrend das R\u7709ckenteil aus atmungsaktivem und strapazierf\u76f2higem Mesh f\u7709r Bel\u7709ftung des R\u7709ckens sorgt.<br \/>\nPERFEKT F\u813aR REISEN &#8211; Dromader Koala Touristic Carrier ist perfekt f\u7709r Berg-Expeditionen und Stadtspazierg\u76f2nge. So erreichen Sie mit Ihrem Kind Orte, die sonst unzug\u76f2nglich bleiben w\u7709rden. Die Trage ist mit einer Reihe von Bequemlichkeiten f\u7709r das Baby und f\u7709r den Tr\u76f2ger ausgestattet.<br \/>\nInternational products have separate terms, are sold from abroad and may differ from local products, including fit, age ratings, and language of product, labeling or instructions.<br \/>\n<div class=\"main-cross-sell\" data-asin=\"B085QNRKSQ\">\n\n\t<div class=\"WooZone-cross-sell-loader\">\n\t\t<div>\n\t\t\t<div id=\"floatingBarsG\">\n\t\t\t\t<div class=\"blockG\" id=\"rotateG_01\"><\/div>\n\t\t\t\t<div class=\"blockG\" id=\"rotateG_02\"><\/div>\n\t\t\t\t<div class=\"blockG\" id=\"rotateG_03\"><\/div>\n\t\t\t\t<div class=\"blockG\" id=\"rotateG_04\"><\/div>\n\t\t\t\t<div class=\"blockG\" id=\"rotateG_05\"><\/div>\n\t\t\t\t<div class=\"blockG\" id=\"rotateG_06\"><\/div>\n\t\t\t\t<div class=\"blockG\" id=\"rotateG_07\"><\/div>\n\t\t\t\t<div class=\"blockG\" id=\"rotateG_08\"><\/div>\n\t\t\t<\/div>\n\t\t\t<div class=\"WooZone-cross-sell-loader-text\"><\/div>\n\t\t<\/div>\n\t<\/div>\n\n\t\t\n<\/div>\n<div style=\"clear:both;\"><\/div><\/p>\n","protected":false},"excerpt":{"rendered":"<p>KOMFORTABLER UND SICHERER SITZ &#8211; Verstellbarer Sitz, Steigb\u7709gel f\u7709r mehr Komfort und Sicherheitsgurte erm\u679aglichen eine perfekte Anpassung des Tr\u76f2gers an die K\u679arpergr\u679a\u813de des Babys. Dies ist entscheidend, da es die Sicherheit und den Komfort des Babys erh\u679aht. Der Hersteller empfiehlt eine Tragetasche f\u7709r Kinder ab 10 Monaten.<br \/>\nPRAKTISCHE TASCHEN &#8211; Wenn Sie sehr oft mit einem kleinen Kind unterwegs sind, m\u7709ssen Sie eine gro\u813de Menge an Zubeh\u679ar mitnehmen. Ihre Aufbewahrung und der Transport werden durch praktische Taschen, eine Wickelunterlage und eine Thermotasche erleichtert.<br \/>\n3D OPTIFIT SYSTEM &#8211; Das Tragesystem sorgt f\u7709r eine optimale Anpassung des Tr\u76f2gers an die H\u679ahe und Bed\u7709rfnisse der Tr\u76f2gerin. Die Tragegurte und der anatomische H\u7709ftgurt sind mit Schaumstoff \u7709berzogen, was f\u7709r Komfort sorgt, w\u76f2hrend das R\u7709ckenteil aus atmungsaktivem und strapazierf\u76f2higem Mesh f\u7709r Bel\u7709ftung des R\u7709ckens sorgt.<\/p>\n","protected":false},"featured_media":91870,"comment_status":"open","ping_status":"closed","template":"","meta":[],"product_brand":[],"product_cat":[21,9074],"product_tag":[],"class_list":{"0":"post-91869","1":"product","2":"type-product","3":"status-publish","4":"has-post-thumbnail","6":"product_cat-baby","7":"product_cat-babytragen-baby","8":"pa_brand-dromader","9":"pa_color-rotgrau","10":"pa_height-13-779527545-zoll","11":"pa_length-29-133858238-zoll","12":"pa_manufacturer-dromader","13":"pa_model-c-5","14":"pa_width-13-779527545-zoll","16":"first","17":"instock","18":"shipping-taxable","19":"purchasable","20":"product-type-simple","21":"customify-col","22":"product-has-gallery"},"yoast_head":"<!-- This site is optimized with the Yoast SEO plugin v27.4 - https:\/\/yoast.com\/product\/yoast-seo-wordpress\/ -->\n<title>Dromader Babytrage f\u00fcr Neugeborene Wandern - 6 Monate Plus - Kleinkind Tragerucksack mit Z\u00fcgeln - Reisezubeh\u00f6r f\u00fcr Babys\u2026 - Markt-XXL<\/title>\n<meta name=\"description\" content=\"Markt-XXL Dromader Babytrage f\u00fcr Neugeborene Wandern - 6 Monate Plus - Kleinkind Tragerucksack mit Z\u00fcgeln - Reisezubeh\u00f6r f\u00fcr Babys\u2026\" \/>\n<meta name=\"robots\" content=\"index, follow, max-snippet:-1, max-image-preview:large, max-video-preview:-1\" \/>\n<link rel=\"canonical\" href=\"https:\/\/marktxxl.de\/markt\/produkt\/dromader-baby-kleinkind-wanderrucksack-tragetasche-koala-kinder-bis-22-kg-verstellbarer-sitz-bequem-fuer-eltern-praktische-taschen-mit-regenschutz-sonnendach-rot-grau\/\" \/>\n<meta property=\"og:locale\" content=\"de_DE\" \/>\n<meta property=\"og:type\" content=\"article\" \/>\n<meta property=\"og:title\" content=\"Dromader Babytrage f\u00fcr Neugeborene Wandern - 6 Monate Plus - Kleinkind Tragerucksack mit Z\u00fcgeln - Reisezubeh\u00f6r f\u00fcr Babys\u2026 - Markt-XXL\" \/>\n<meta property=\"og:description\" content=\"Markt-XXL Dromader Babytrage f\u00fcr Neugeborene Wandern - 6 Monate Plus - Kleinkind Tragerucksack mit Z\u00fcgeln - Reisezubeh\u00f6r f\u00fcr Babys\u2026\" \/>\n<meta property=\"og:url\" content=\"https:\/\/marktxxl.de\/markt\/produkt\/dromader-baby-kleinkind-wanderrucksack-tragetasche-koala-kinder-bis-22-kg-verstellbarer-sitz-bequem-fuer-eltern-praktische-taschen-mit-regenschutz-sonnendach-rot-grau\/\" \/>\n<meta property=\"og:site_name\" content=\"Markt-XXL\" \/>\n<meta property=\"article:modified_time\" content=\"2023-04-10T01:04:23+00:00\" \/>\n<meta property=\"og:image\" content=\"https:\/\/m.media-amazon.com\/images\/I\/41UQBRoHgXL._SL500_.jpg\" \/>\n\t<meta property=\"og:image:width\" content=\"500\" \/>\n\t<meta property=\"og:image:height\" content=\"500\" \/>\n\t<meta property=\"og:image:type\" content=\"image\/jpeg\" \/>\n<meta name=\"twitter:card\" content=\"summary_large_image\" \/>\n<meta name=\"twitter:label1\" content=\"Gesch\u00e4tzte Lesezeit\" \/>\n\t<meta name=\"twitter:data1\" content=\"1\u00a0Minute\" \/>\n<script type=\"application\/ld+json\" class=\"yoast-schema-graph\">{\"@context\":\"https:\\\/\\\/schema.org\",\"@graph\":[{\"@type\":\"WebPage\",\"@id\":\"https:\\\/\\\/marktxxl.de\\\/markt\\\/produkt\\\/dromader-baby-kleinkind-wanderrucksack-tragetasche-koala-kinder-bis-22-kg-verstellbarer-sitz-bequem-fuer-eltern-praktische-taschen-mit-regenschutz-sonnendach-rot-grau\\\/\",\"url\":\"https:\\\/\\\/marktxxl.de\\\/markt\\\/produkt\\\/dromader-baby-kleinkind-wanderrucksack-tragetasche-koala-kinder-bis-22-kg-verstellbarer-sitz-bequem-fuer-eltern-praktische-taschen-mit-regenschutz-sonnendach-rot-grau\\\/\",\"name\":\"Dromader Babytrage f\u00fcr Neugeborene Wandern - 6 Monate Plus - Kleinkind Tragerucksack mit Z\u00fcgeln - Reisezubeh\u00f6r f\u00fcr Babys\u2026 - Markt-XXL\",\"isPartOf\":{\"@id\":\"https:\\\/\\\/marktxxl.de\\\/markt\\\/#website\"},\"primaryImageOfPage\":{\"@id\":\"https:\\\/\\\/marktxxl.de\\\/markt\\\/produkt\\\/dromader-baby-kleinkind-wanderrucksack-tragetasche-koala-kinder-bis-22-kg-verstellbarer-sitz-bequem-fuer-eltern-praktische-taschen-mit-regenschutz-sonnendach-rot-grau\\\/#primaryimage\"},\"image\":{\"@id\":\"https:\\\/\\\/marktxxl.de\\\/markt\\\/produkt\\\/dromader-baby-kleinkind-wanderrucksack-tragetasche-koala-kinder-bis-22-kg-verstellbarer-sitz-bequem-fuer-eltern-praktische-taschen-mit-regenschutz-sonnendach-rot-grau\\\/#primaryimage\"},\"thumbnailUrl\":\"https:\\\/\\\/m.media-amazon.com\\\/images\\\/I\\\/41UQBRoHgXL._SL500_.jpg\",\"datePublished\":\"2021-12-28T19:33:20+00:00\",\"dateModified\":\"2023-04-10T01:04:23+00:00\",\"description\":\"Markt-XXL Dromader Babytrage f\u00fcr Neugeborene Wandern - 6 Monate Plus - Kleinkind Tragerucksack mit Z\u00fcgeln - Reisezubeh\u00f6r f\u00fcr Babys\u2026\",\"breadcrumb\":{\"@id\":\"https:\\\/\\\/marktxxl.de\\\/markt\\\/produkt\\\/dromader-baby-kleinkind-wanderrucksack-tragetasche-koala-kinder-bis-22-kg-verstellbarer-sitz-bequem-fuer-eltern-praktische-taschen-mit-regenschutz-sonnendach-rot-grau\\\/#breadcrumb\"},\"inLanguage\":\"de\",\"potentialAction\":[{\"@type\":\"ReadAction\",\"target\":[\"https:\\\/\\\/marktxxl.de\\\/markt\\\/produkt\\\/dromader-baby-kleinkind-wanderrucksack-tragetasche-koala-kinder-bis-22-kg-verstellbarer-sitz-bequem-fuer-eltern-praktische-taschen-mit-regenschutz-sonnendach-rot-grau\\\/\"]}]},{\"@type\":\"ImageObject\",\"inLanguage\":\"de\",\"@id\":\"https:\\\/\\\/marktxxl.de\\\/markt\\\/produkt\\\/dromader-baby-kleinkind-wanderrucksack-tragetasche-koala-kinder-bis-22-kg-verstellbarer-sitz-bequem-fuer-eltern-praktische-taschen-mit-regenschutz-sonnendach-rot-grau\\\/#primaryimage\",\"url\":\"https:\\\/\\\/m.media-amazon.com\\\/images\\\/I\\\/41UQBRoHgXL._SL500_.jpg\",\"contentUrl\":\"https:\\\/\\\/m.media-amazon.com\\\/images\\\/I\\\/41UQBRoHgXL._SL500_.jpg\",\"width\":500,\"height\":500},{\"@type\":\"BreadcrumbList\",\"@id\":\"https:\\\/\\\/marktxxl.de\\\/markt\\\/produkt\\\/dromader-baby-kleinkind-wanderrucksack-tragetasche-koala-kinder-bis-22-kg-verstellbarer-sitz-bequem-fuer-eltern-praktische-taschen-mit-regenschutz-sonnendach-rot-grau\\\/#breadcrumb\",\"itemListElement\":[{\"@type\":\"ListItem\",\"position\":1,\"name\":\"Startseite\",\"item\":\"https:\\\/\\\/marktxxl.de\\\/markt\\\/\"},{\"@type\":\"ListItem\",\"position\":2,\"name\":\"Markt\",\"item\":\"https:\\\/\\\/marktxxl.de\\\/markt\\\/\"},{\"@type\":\"ListItem\",\"position\":3,\"name\":\"Dromader Babytrage f\u00fcr Neugeborene Wandern &#8211; 6 Monate Plus &#8211; Kleinkind Tragerucksack mit Z\u00fcgeln &#8211; Reisezubeh\u00f6r f\u00fcr Babys\u2026\"}]},{\"@type\":\"WebSite\",\"@id\":\"https:\\\/\\\/marktxxl.de\\\/markt\\\/#website\",\"url\":\"https:\\\/\\\/marktxxl.de\\\/markt\\\/\",\"name\":\"Markt-XXL\",\"description\":\"Ihr Markt Online\",\"publisher\":{\"@id\":\"https:\\\/\\\/marktxxl.de\\\/markt\\\/#organization\"},\"potentialAction\":[{\"@type\":\"SearchAction\",\"target\":{\"@type\":\"EntryPoint\",\"urlTemplate\":\"https:\\\/\\\/marktxxl.de\\\/markt\\\/?s={search_term_string}\"},\"query-input\":{\"@type\":\"PropertyValueSpecification\",\"valueRequired\":true,\"valueName\":\"search_term_string\"}}],\"inLanguage\":\"de\"},{\"@type\":\"Organization\",\"@id\":\"https:\\\/\\\/marktxxl.de\\\/markt\\\/#organization\",\"name\":\"Markt-XXL\",\"url\":\"https:\\\/\\\/marktxxl.de\\\/markt\\\/\",\"logo\":{\"@type\":\"ImageObject\",\"inLanguage\":\"de\",\"@id\":\"https:\\\/\\\/marktxxl.de\\\/markt\\\/#\\\/schema\\\/logo\\\/image\\\/\",\"url\":\"https:\\\/\\\/marktxxl.de\\\/markt\\\/wp-content\\\/uploads\\\/sites\\\/3\\\/2020\\\/12\\\/logo.png\",\"contentUrl\":\"https:\\\/\\\/marktxxl.de\\\/markt\\\/wp-content\\\/uploads\\\/sites\\\/3\\\/2020\\\/12\\\/logo.png\",\"width\":200,\"height\":70,\"caption\":\"Markt-XXL\"},\"image\":{\"@id\":\"https:\\\/\\\/marktxxl.de\\\/markt\\\/#\\\/schema\\\/logo\\\/image\\\/\"}}]}<\/script>\n<!-- \/ Yoast SEO plugin. -->","yoast_head_json":{"title":"Dromader Babytrage f\u00fcr Neugeborene Wandern - 6 Monate Plus - Kleinkind Tragerucksack mit Z\u00fcgeln - Reisezubeh\u00f6r f\u00fcr Babys\u2026 - Markt-XXL","description":"Markt-XXL Dromader Babytrage f\u00fcr Neugeborene Wandern - 6 Monate Plus - Kleinkind Tragerucksack mit Z\u00fcgeln - Reisezubeh\u00f6r f\u00fcr Babys\u2026","robots":{"index":"index","follow":"follow","max-snippet":"max-snippet:-1","max-image-preview":"max-image-preview:large","max-video-preview":"max-video-preview:-1"},"canonical":"https:\/\/marktxxl.de\/markt\/produkt\/dromader-baby-kleinkind-wanderrucksack-tragetasche-koala-kinder-bis-22-kg-verstellbarer-sitz-bequem-fuer-eltern-praktische-taschen-mit-regenschutz-sonnendach-rot-grau\/","og_locale":"de_DE","og_type":"article","og_title":"Dromader Babytrage f\u00fcr Neugeborene Wandern - 6 Monate Plus - Kleinkind Tragerucksack mit Z\u00fcgeln - Reisezubeh\u00f6r f\u00fcr Babys\u2026 - Markt-XXL","og_description":"Markt-XXL Dromader Babytrage f\u00fcr Neugeborene Wandern - 6 Monate Plus - Kleinkind Tragerucksack mit Z\u00fcgeln - Reisezubeh\u00f6r f\u00fcr Babys\u2026","og_url":"https:\/\/marktxxl.de\/markt\/produkt\/dromader-baby-kleinkind-wanderrucksack-tragetasche-koala-kinder-bis-22-kg-verstellbarer-sitz-bequem-fuer-eltern-praktische-taschen-mit-regenschutz-sonnendach-rot-grau\/","og_site_name":"Markt-XXL","article_modified_time":"2023-04-10T01:04:23+00:00","og_image":[{"width":500,"height":500,"url":"https:\/\/m.media-amazon.com\/images\/I\/41UQBRoHgXL._SL500_.jpg","type":"image\/jpeg"}],"twitter_card":"summary_large_image","twitter_misc":{"Gesch\u00e4tzte Lesezeit":"1\u00a0Minute"},"schema":{"@context":"https:\/\/schema.org","@graph":[{"@type":"WebPage","@id":"https:\/\/marktxxl.de\/markt\/produkt\/dromader-baby-kleinkind-wanderrucksack-tragetasche-koala-kinder-bis-22-kg-verstellbarer-sitz-bequem-fuer-eltern-praktische-taschen-mit-regenschutz-sonnendach-rot-grau\/","url":"https:\/\/marktxxl.de\/markt\/produkt\/dromader-baby-kleinkind-wanderrucksack-tragetasche-koala-kinder-bis-22-kg-verstellbarer-sitz-bequem-fuer-eltern-praktische-taschen-mit-regenschutz-sonnendach-rot-grau\/","name":"Dromader Babytrage f\u00fcr Neugeborene Wandern - 6 Monate Plus - Kleinkind Tragerucksack mit Z\u00fcgeln - Reisezubeh\u00f6r f\u00fcr Babys\u2026 - Markt-XXL","isPartOf":{"@id":"https:\/\/marktxxl.de\/markt\/#website"},"primaryImageOfPage":{"@id":"https:\/\/marktxxl.de\/markt\/produkt\/dromader-baby-kleinkind-wanderrucksack-tragetasche-koala-kinder-bis-22-kg-verstellbarer-sitz-bequem-fuer-eltern-praktische-taschen-mit-regenschutz-sonnendach-rot-grau\/#primaryimage"},"image":{"@id":"https:\/\/marktxxl.de\/markt\/produkt\/dromader-baby-kleinkind-wanderrucksack-tragetasche-koala-kinder-bis-22-kg-verstellbarer-sitz-bequem-fuer-eltern-praktische-taschen-mit-regenschutz-sonnendach-rot-grau\/#primaryimage"},"thumbnailUrl":"https:\/\/m.media-amazon.com\/images\/I\/41UQBRoHgXL._SL500_.jpg","datePublished":"2021-12-28T19:33:20+00:00","dateModified":"2023-04-10T01:04:23+00:00","description":"Markt-XXL Dromader Babytrage f\u00fcr Neugeborene Wandern - 6 Monate Plus - Kleinkind Tragerucksack mit Z\u00fcgeln - Reisezubeh\u00f6r f\u00fcr Babys\u2026","breadcrumb":{"@id":"https:\/\/marktxxl.de\/markt\/produkt\/dromader-baby-kleinkind-wanderrucksack-tragetasche-koala-kinder-bis-22-kg-verstellbarer-sitz-bequem-fuer-eltern-praktische-taschen-mit-regenschutz-sonnendach-rot-grau\/#breadcrumb"},"inLanguage":"de","potentialAction":[{"@type":"ReadAction","target":["https:\/\/marktxxl.de\/markt\/produkt\/dromader-baby-kleinkind-wanderrucksack-tragetasche-koala-kinder-bis-22-kg-verstellbarer-sitz-bequem-fuer-eltern-praktische-taschen-mit-regenschutz-sonnendach-rot-grau\/"]}]},{"@type":"ImageObject","inLanguage":"de","@id":"https:\/\/marktxxl.de\/markt\/produkt\/dromader-baby-kleinkind-wanderrucksack-tragetasche-koala-kinder-bis-22-kg-verstellbarer-sitz-bequem-fuer-eltern-praktische-taschen-mit-regenschutz-sonnendach-rot-grau\/#primaryimage","url":"https:\/\/m.media-amazon.com\/images\/I\/41UQBRoHgXL._SL500_.jpg","contentUrl":"https:\/\/m.media-amazon.com\/images\/I\/41UQBRoHgXL._SL500_.jpg","width":500,"height":500},{"@type":"BreadcrumbList","@id":"https:\/\/marktxxl.de\/markt\/produkt\/dromader-baby-kleinkind-wanderrucksack-tragetasche-koala-kinder-bis-22-kg-verstellbarer-sitz-bequem-fuer-eltern-praktische-taschen-mit-regenschutz-sonnendach-rot-grau\/#breadcrumb","itemListElement":[{"@type":"ListItem","position":1,"name":"Startseite","item":"https:\/\/marktxxl.de\/markt\/"},{"@type":"ListItem","position":2,"name":"Markt","item":"https:\/\/marktxxl.de\/markt\/"},{"@type":"ListItem","position":3,"name":"Dromader Babytrage f\u00fcr Neugeborene Wandern &#8211; 6 Monate Plus &#8211; Kleinkind Tragerucksack mit Z\u00fcgeln &#8211; Reisezubeh\u00f6r f\u00fcr Babys\u2026"}]},{"@type":"WebSite","@id":"https:\/\/marktxxl.de\/markt\/#website","url":"https:\/\/marktxxl.de\/markt\/","name":"Markt-XXL","description":"Ihr Markt Online","publisher":{"@id":"https:\/\/marktxxl.de\/markt\/#organization"},"potentialAction":[{"@type":"SearchAction","target":{"@type":"EntryPoint","urlTemplate":"https:\/\/marktxxl.de\/markt\/?s={search_term_string}"},"query-input":{"@type":"PropertyValueSpecification","valueRequired":true,"valueName":"search_term_string"}}],"inLanguage":"de"},{"@type":"Organization","@id":"https:\/\/marktxxl.de\/markt\/#organization","name":"Markt-XXL","url":"https:\/\/marktxxl.de\/markt\/","logo":{"@type":"ImageObject","inLanguage":"de","@id":"https:\/\/marktxxl.de\/markt\/#\/schema\/logo\/image\/","url":"https:\/\/marktxxl.de\/markt\/wp-content\/uploads\/sites\/3\/2020\/12\/logo.png","contentUrl":"https:\/\/marktxxl.de\/markt\/wp-content\/uploads\/sites\/3\/2020\/12\/logo.png","width":200,"height":70,"caption":"Markt-XXL"},"image":{"@id":"https:\/\/marktxxl.de\/markt\/#\/schema\/logo\/image\/"}}]}},"_links":{"self":[{"href":"https:\/\/marktxxl.de\/markt\/wp-json\/wp\/v2\/product\/91869","targetHints":{"allow":["GET"]}}],"collection":[{"href":"https:\/\/marktxxl.de\/markt\/wp-json\/wp\/v2\/product"}],"about":[{"href":"https:\/\/marktxxl.de\/markt\/wp-json\/wp\/v2\/types\/product"}],"replies":[{"embeddable":true,"href":"https:\/\/marktxxl.de\/markt\/wp-json\/wp\/v2\/comments?post=91869"}],"wp:featuredmedia":[{"embeddable":true,"href":"https:\/\/marktxxl.de\/markt\/wp-json\/wp\/v2\/media\/91870"}],"wp:attachment":[{"href":"https:\/\/marktxxl.de\/markt\/wp-json\/wp\/v2\/media?parent=91869"}],"wp:term":[{"taxonomy":"product_brand","embeddable":true,"href":"https:\/\/marktxxl.de\/markt\/wp-json\/wp\/v2\/product_brand?post=91869"},{"taxonomy":"product_cat","embeddable":true,"href":"https:\/\/marktxxl.de\/markt\/wp-json\/wp\/v2\/product_cat?post=91869"},{"taxonomy":"product_tag","embeddable":true,"href":"https:\/\/marktxxl.de\/markt\/wp-json\/wp\/v2\/product_tag?post=91869"}],"curies":[{"name":"wp","href":"https:\/\/api.w.org\/{rel}","templated":true}]}}