{"id":91808,"date":"2021-12-28T20:30:42","date_gmt":"2021-12-28T19:30:42","guid":{"rendered":"https:\/\/marktxxl.de\/markt\/produkt\/drehbar-kinderanhaenger-2-in-1-fahrradanhaenger-fuer-kinder-jogger\/"},"modified":"2023-04-10T03:04:22","modified_gmt":"2023-04-10T01:04:22","slug":"drehbar-kinderanhaenger-2-in-1-fahrradanhaenger-fuer-kinder-jogger","status":"publish","type":"product","link":"https:\/\/marktxxl.de\/markt\/produkt\/drehbar-kinderanhaenger-2-in-1-fahrradanhaenger-fuer-kinder-jogger\/","title":{"rendered":"Drehbar Kinderanh\u00e4nger 2 in 1 Fahrradanh\u00e4nger f\u00fcr Kinder Jogger"},"content":{"rendered":"<p>2-IN-1-DESIGN: Dieser kann als Kinderwagen verwendet werden, den Sie beim Laufen schieben, oder er kann f\u00fcr ein Fahrradabenteuer an Ihrem Fahrrad befestigt werden.<br \/>\nSICHER: Der auf Metallrahmen gebaute Oxford-Stoff ist stark und langlebig. 2 gepolsterte Sitze mit verstellbarem 5-Punkt-Sicherheitsgurt und Handbremse sorgen auch f\u00fcr die Sicherheit Ihres Kindes.<br \/>\nGlLATTES ROLLEN: Das Universalrad vorne und zwei Hinterr\u00e4der sorgen f\u00fcr eine reibungslose Fahrt. Die Sicherheitsfahne am Anh\u00e4nger und die Reflektoren am Rad und an der Karosserie sorgen f\u00fcr Sichtbarkeit bei Verkehr und schlechten Lichtverh\u00e4ltnissen.<br \/>\nEINFACE MONTAGE: Der Fahrradanh\u00e4nger l\u00e4sst sich mit wenigen Handgriffen in einen Jogger verwandeln.<br \/>\nHOCHWERTIG: Langlebiger Kinderanh\u00e4nger mit Regenschutz und Fliegengitter f\u00fcr den besten Komfort und die Sicherheit Ihrer Kinder<br \/>\n<div class=\"main-cross-sell\" data-asin=\"B08T5X6T6S\">\n\n\t<div class=\"WooZone-cross-sell-loader\">\n\t\t<div>\n\t\t\t<div id=\"floatingBarsG\">\n\t\t\t\t<div class=\"blockG\" id=\"rotateG_01\"><\/div>\n\t\t\t\t<div class=\"blockG\" id=\"rotateG_02\"><\/div>\n\t\t\t\t<div class=\"blockG\" id=\"rotateG_03\"><\/div>\n\t\t\t\t<div class=\"blockG\" id=\"rotateG_04\"><\/div>\n\t\t\t\t<div class=\"blockG\" id=\"rotateG_05\"><\/div>\n\t\t\t\t<div class=\"blockG\" id=\"rotateG_06\"><\/div>\n\t\t\t\t<div class=\"blockG\" id=\"rotateG_07\"><\/div>\n\t\t\t\t<div class=\"blockG\" id=\"rotateG_08\"><\/div>\n\t\t\t<\/div>\n\t\t\t<div class=\"WooZone-cross-sell-loader-text\"><\/div>\n\t\t<\/div>\n\t<\/div>\n\n\t\t\n<\/div>\n<div style=\"clear:both;\"><\/div><\/p>\n","protected":false},"excerpt":{"rendered":"<p>2-IN-1-DESIGN: Dieser kann als Kinderwagen verwendet werden, den Sie beim Laufen schieben, oder er kann f\u00fcr ein Fahrradabenteuer an Ihrem Fahrrad befestigt werden.<br \/>\nSICHER: Der auf Metallrahmen gebaute Oxford-Stoff ist stark und langlebig. 2 gepolsterte Sitze mit verstellbarem 5-Punkt-Sicherheitsgurt und Handbremse sorgen auch f\u00fcr die Sicherheit Ihres Kindes.<br \/>\nGlLATTES ROLLEN: Das Universalrad vorne und zwei Hinterr\u00e4der sorgen f\u00fcr eine reibungslose Fahrt. Die Sicherheitsfahne am Anh\u00e4nger und die Reflektoren am Rad und an der Karosserie sorgen f\u00fcr Sichtbarkeit bei Verkehr und schlechten Lichtverh\u00e4ltnissen.<\/p>\n","protected":false},"featured_media":91809,"comment_status":"open","ping_status":"closed","template":"","meta":[],"product_brand":[],"product_cat":[21,9245],"product_tag":[],"class_list":{"0":"post-91808","1":"product","2":"type-product","3":"status-publish","4":"has-post-thumbnail","6":"product_cat-baby","7":"product_cat-fahrradanhaenger-zubehoer-baby","8":"pa_brand-euosen","9":"pa_manufacturer-euosen","11":"first","12":"instock","13":"shipping-taxable","14":"purchasable","15":"product-type-simple","16":"customify-col","17":"product-has-gallery"},"yoast_head":"<!-- This site is optimized with the Yoast SEO plugin v27.4 - https:\/\/yoast.com\/product\/yoast-seo-wordpress\/ -->\n<title>Drehbar Kinderanh\u00e4nger 2 in 1 Fahrradanh\u00e4nger f\u00fcr Kinder Jogger - Markt-XXL<\/title>\n<meta name=\"description\" content=\"Markt-XXL Drehbar Kinderanh\u00e4nger 2 in 1 Fahrradanh\u00e4nger f\u00fcr Kinder Jogger\" \/>\n<meta name=\"robots\" content=\"index, follow, max-snippet:-1, max-image-preview:large, max-video-preview:-1\" \/>\n<link rel=\"canonical\" href=\"https:\/\/marktxxl.de\/markt\/produkt\/drehbar-kinderanhaenger-2-in-1-fahrradanhaenger-fuer-kinder-jogger\/\" \/>\n<meta property=\"og:locale\" content=\"de_DE\" \/>\n<meta property=\"og:type\" content=\"article\" \/>\n<meta property=\"og:title\" content=\"Drehbar Kinderanh\u00e4nger 2 in 1 Fahrradanh\u00e4nger f\u00fcr Kinder Jogger - Markt-XXL\" \/>\n<meta property=\"og:description\" content=\"Markt-XXL Drehbar Kinderanh\u00e4nger 2 in 1 Fahrradanh\u00e4nger f\u00fcr Kinder Jogger\" \/>\n<meta property=\"og:url\" content=\"https:\/\/marktxxl.de\/markt\/produkt\/drehbar-kinderanhaenger-2-in-1-fahrradanhaenger-fuer-kinder-jogger\/\" \/>\n<meta property=\"og:site_name\" content=\"Markt-XXL\" \/>\n<meta property=\"article:modified_time\" content=\"2023-04-10T01:04:22+00:00\" \/>\n<meta property=\"og:image\" content=\"https:\/\/m.media-amazon.com\/images\/I\/41jDxBvXsGL._SL500_.jpg\" \/>\n\t<meta property=\"og:image:width\" content=\"500\" \/>\n\t<meta property=\"og:image:height\" content=\"500\" \/>\n\t<meta property=\"og:image:type\" content=\"image\/jpeg\" \/>\n<meta name=\"twitter:card\" content=\"summary_large_image\" \/>\n<meta name=\"twitter:label1\" content=\"Gesch\u00e4tzte Lesezeit\" \/>\n\t<meta name=\"twitter:data1\" content=\"1\u00a0Minute\" \/>\n<script type=\"application\/ld+json\" class=\"yoast-schema-graph\">{\"@context\":\"https:\\\/\\\/schema.org\",\"@graph\":[{\"@type\":\"WebPage\",\"@id\":\"https:\\\/\\\/marktxxl.de\\\/markt\\\/produkt\\\/drehbar-kinderanhaenger-2-in-1-fahrradanhaenger-fuer-kinder-jogger\\\/\",\"url\":\"https:\\\/\\\/marktxxl.de\\\/markt\\\/produkt\\\/drehbar-kinderanhaenger-2-in-1-fahrradanhaenger-fuer-kinder-jogger\\\/\",\"name\":\"Drehbar Kinderanh\u00e4nger 2 in 1 Fahrradanh\u00e4nger f\u00fcr Kinder Jogger - Markt-XXL\",\"isPartOf\":{\"@id\":\"https:\\\/\\\/marktxxl.de\\\/markt\\\/#website\"},\"primaryImageOfPage\":{\"@id\":\"https:\\\/\\\/marktxxl.de\\\/markt\\\/produkt\\\/drehbar-kinderanhaenger-2-in-1-fahrradanhaenger-fuer-kinder-jogger\\\/#primaryimage\"},\"image\":{\"@id\":\"https:\\\/\\\/marktxxl.de\\\/markt\\\/produkt\\\/drehbar-kinderanhaenger-2-in-1-fahrradanhaenger-fuer-kinder-jogger\\\/#primaryimage\"},\"thumbnailUrl\":\"https:\\\/\\\/m.media-amazon.com\\\/images\\\/I\\\/41jDxBvXsGL._SL500_.jpg\",\"datePublished\":\"2021-12-28T19:30:42+00:00\",\"dateModified\":\"2023-04-10T01:04:22+00:00\",\"description\":\"Markt-XXL Drehbar Kinderanh\u00e4nger 2 in 1 Fahrradanh\u00e4nger f\u00fcr Kinder Jogger\",\"breadcrumb\":{\"@id\":\"https:\\\/\\\/marktxxl.de\\\/markt\\\/produkt\\\/drehbar-kinderanhaenger-2-in-1-fahrradanhaenger-fuer-kinder-jogger\\\/#breadcrumb\"},\"inLanguage\":\"de\",\"potentialAction\":[{\"@type\":\"ReadAction\",\"target\":[\"https:\\\/\\\/marktxxl.de\\\/markt\\\/produkt\\\/drehbar-kinderanhaenger-2-in-1-fahrradanhaenger-fuer-kinder-jogger\\\/\"]}]},{\"@type\":\"ImageObject\",\"inLanguage\":\"de\",\"@id\":\"https:\\\/\\\/marktxxl.de\\\/markt\\\/produkt\\\/drehbar-kinderanhaenger-2-in-1-fahrradanhaenger-fuer-kinder-jogger\\\/#primaryimage\",\"url\":\"https:\\\/\\\/m.media-amazon.com\\\/images\\\/I\\\/41jDxBvXsGL._SL500_.jpg\",\"contentUrl\":\"https:\\\/\\\/m.media-amazon.com\\\/images\\\/I\\\/41jDxBvXsGL._SL500_.jpg\",\"width\":500,\"height\":500},{\"@type\":\"BreadcrumbList\",\"@id\":\"https:\\\/\\\/marktxxl.de\\\/markt\\\/produkt\\\/drehbar-kinderanhaenger-2-in-1-fahrradanhaenger-fuer-kinder-jogger\\\/#breadcrumb\",\"itemListElement\":[{\"@type\":\"ListItem\",\"position\":1,\"name\":\"Startseite\",\"item\":\"https:\\\/\\\/marktxxl.de\\\/markt\\\/\"},{\"@type\":\"ListItem\",\"position\":2,\"name\":\"Markt\",\"item\":\"https:\\\/\\\/marktxxl.de\\\/markt\\\/\"},{\"@type\":\"ListItem\",\"position\":3,\"name\":\"Drehbar Kinderanh\u00e4nger 2 in 1 Fahrradanh\u00e4nger f\u00fcr Kinder Jogger\"}]},{\"@type\":\"WebSite\",\"@id\":\"https:\\\/\\\/marktxxl.de\\\/markt\\\/#website\",\"url\":\"https:\\\/\\\/marktxxl.de\\\/markt\\\/\",\"name\":\"Markt-XXL\",\"description\":\"Ihr Markt Online\",\"publisher\":{\"@id\":\"https:\\\/\\\/marktxxl.de\\\/markt\\\/#organization\"},\"potentialAction\":[{\"@type\":\"SearchAction\",\"target\":{\"@type\":\"EntryPoint\",\"urlTemplate\":\"https:\\\/\\\/marktxxl.de\\\/markt\\\/?s={search_term_string}\"},\"query-input\":{\"@type\":\"PropertyValueSpecification\",\"valueRequired\":true,\"valueName\":\"search_term_string\"}}],\"inLanguage\":\"de\"},{\"@type\":\"Organization\",\"@id\":\"https:\\\/\\\/marktxxl.de\\\/markt\\\/#organization\",\"name\":\"Markt-XXL\",\"url\":\"https:\\\/\\\/marktxxl.de\\\/markt\\\/\",\"logo\":{\"@type\":\"ImageObject\",\"inLanguage\":\"de\",\"@id\":\"https:\\\/\\\/marktxxl.de\\\/markt\\\/#\\\/schema\\\/logo\\\/image\\\/\",\"url\":\"https:\\\/\\\/marktxxl.de\\\/markt\\\/wp-content\\\/uploads\\\/sites\\\/3\\\/2020\\\/12\\\/logo.png\",\"contentUrl\":\"https:\\\/\\\/marktxxl.de\\\/markt\\\/wp-content\\\/uploads\\\/sites\\\/3\\\/2020\\\/12\\\/logo.png\",\"width\":200,\"height\":70,\"caption\":\"Markt-XXL\"},\"image\":{\"@id\":\"https:\\\/\\\/marktxxl.de\\\/markt\\\/#\\\/schema\\\/logo\\\/image\\\/\"}}]}<\/script>\n<!-- \/ Yoast SEO plugin. -->","yoast_head_json":{"title":"Drehbar Kinderanh\u00e4nger 2 in 1 Fahrradanh\u00e4nger f\u00fcr Kinder Jogger - Markt-XXL","description":"Markt-XXL Drehbar Kinderanh\u00e4nger 2 in 1 Fahrradanh\u00e4nger f\u00fcr Kinder Jogger","robots":{"index":"index","follow":"follow","max-snippet":"max-snippet:-1","max-image-preview":"max-image-preview:large","max-video-preview":"max-video-preview:-1"},"canonical":"https:\/\/marktxxl.de\/markt\/produkt\/drehbar-kinderanhaenger-2-in-1-fahrradanhaenger-fuer-kinder-jogger\/","og_locale":"de_DE","og_type":"article","og_title":"Drehbar Kinderanh\u00e4nger 2 in 1 Fahrradanh\u00e4nger f\u00fcr Kinder Jogger - Markt-XXL","og_description":"Markt-XXL Drehbar Kinderanh\u00e4nger 2 in 1 Fahrradanh\u00e4nger f\u00fcr Kinder Jogger","og_url":"https:\/\/marktxxl.de\/markt\/produkt\/drehbar-kinderanhaenger-2-in-1-fahrradanhaenger-fuer-kinder-jogger\/","og_site_name":"Markt-XXL","article_modified_time":"2023-04-10T01:04:22+00:00","og_image":[{"width":500,"height":500,"url":"https:\/\/m.media-amazon.com\/images\/I\/41jDxBvXsGL._SL500_.jpg","type":"image\/jpeg"}],"twitter_card":"summary_large_image","twitter_misc":{"Gesch\u00e4tzte Lesezeit":"1\u00a0Minute"},"schema":{"@context":"https:\/\/schema.org","@graph":[{"@type":"WebPage","@id":"https:\/\/marktxxl.de\/markt\/produkt\/drehbar-kinderanhaenger-2-in-1-fahrradanhaenger-fuer-kinder-jogger\/","url":"https:\/\/marktxxl.de\/markt\/produkt\/drehbar-kinderanhaenger-2-in-1-fahrradanhaenger-fuer-kinder-jogger\/","name":"Drehbar Kinderanh\u00e4nger 2 in 1 Fahrradanh\u00e4nger f\u00fcr Kinder Jogger - Markt-XXL","isPartOf":{"@id":"https:\/\/marktxxl.de\/markt\/#website"},"primaryImageOfPage":{"@id":"https:\/\/marktxxl.de\/markt\/produkt\/drehbar-kinderanhaenger-2-in-1-fahrradanhaenger-fuer-kinder-jogger\/#primaryimage"},"image":{"@id":"https:\/\/marktxxl.de\/markt\/produkt\/drehbar-kinderanhaenger-2-in-1-fahrradanhaenger-fuer-kinder-jogger\/#primaryimage"},"thumbnailUrl":"https:\/\/m.media-amazon.com\/images\/I\/41jDxBvXsGL._SL500_.jpg","datePublished":"2021-12-28T19:30:42+00:00","dateModified":"2023-04-10T01:04:22+00:00","description":"Markt-XXL Drehbar Kinderanh\u00e4nger 2 in 1 Fahrradanh\u00e4nger f\u00fcr Kinder Jogger","breadcrumb":{"@id":"https:\/\/marktxxl.de\/markt\/produkt\/drehbar-kinderanhaenger-2-in-1-fahrradanhaenger-fuer-kinder-jogger\/#breadcrumb"},"inLanguage":"de","potentialAction":[{"@type":"ReadAction","target":["https:\/\/marktxxl.de\/markt\/produkt\/drehbar-kinderanhaenger-2-in-1-fahrradanhaenger-fuer-kinder-jogger\/"]}]},{"@type":"ImageObject","inLanguage":"de","@id":"https:\/\/marktxxl.de\/markt\/produkt\/drehbar-kinderanhaenger-2-in-1-fahrradanhaenger-fuer-kinder-jogger\/#primaryimage","url":"https:\/\/m.media-amazon.com\/images\/I\/41jDxBvXsGL._SL500_.jpg","contentUrl":"https:\/\/m.media-amazon.com\/images\/I\/41jDxBvXsGL._SL500_.jpg","width":500,"height":500},{"@type":"BreadcrumbList","@id":"https:\/\/marktxxl.de\/markt\/produkt\/drehbar-kinderanhaenger-2-in-1-fahrradanhaenger-fuer-kinder-jogger\/#breadcrumb","itemListElement":[{"@type":"ListItem","position":1,"name":"Startseite","item":"https:\/\/marktxxl.de\/markt\/"},{"@type":"ListItem","position":2,"name":"Markt","item":"https:\/\/marktxxl.de\/markt\/"},{"@type":"ListItem","position":3,"name":"Drehbar Kinderanh\u00e4nger 2 in 1 Fahrradanh\u00e4nger f\u00fcr Kinder Jogger"}]},{"@type":"WebSite","@id":"https:\/\/marktxxl.de\/markt\/#website","url":"https:\/\/marktxxl.de\/markt\/","name":"Markt-XXL","description":"Ihr Markt Online","publisher":{"@id":"https:\/\/marktxxl.de\/markt\/#organization"},"potentialAction":[{"@type":"SearchAction","target":{"@type":"EntryPoint","urlTemplate":"https:\/\/marktxxl.de\/markt\/?s={search_term_string}"},"query-input":{"@type":"PropertyValueSpecification","valueRequired":true,"valueName":"search_term_string"}}],"inLanguage":"de"},{"@type":"Organization","@id":"https:\/\/marktxxl.de\/markt\/#organization","name":"Markt-XXL","url":"https:\/\/marktxxl.de\/markt\/","logo":{"@type":"ImageObject","inLanguage":"de","@id":"https:\/\/marktxxl.de\/markt\/#\/schema\/logo\/image\/","url":"https:\/\/marktxxl.de\/markt\/wp-content\/uploads\/sites\/3\/2020\/12\/logo.png","contentUrl":"https:\/\/marktxxl.de\/markt\/wp-content\/uploads\/sites\/3\/2020\/12\/logo.png","width":200,"height":70,"caption":"Markt-XXL"},"image":{"@id":"https:\/\/marktxxl.de\/markt\/#\/schema\/logo\/image\/"}}]}},"_links":{"self":[{"href":"https:\/\/marktxxl.de\/markt\/wp-json\/wp\/v2\/product\/91808","targetHints":{"allow":["GET"]}}],"collection":[{"href":"https:\/\/marktxxl.de\/markt\/wp-json\/wp\/v2\/product"}],"about":[{"href":"https:\/\/marktxxl.de\/markt\/wp-json\/wp\/v2\/types\/product"}],"replies":[{"embeddable":true,"href":"https:\/\/marktxxl.de\/markt\/wp-json\/wp\/v2\/comments?post=91808"}],"wp:featuredmedia":[{"embeddable":true,"href":"https:\/\/marktxxl.de\/markt\/wp-json\/wp\/v2\/media\/91809"}],"wp:attachment":[{"href":"https:\/\/marktxxl.de\/markt\/wp-json\/wp\/v2\/media?parent=91808"}],"wp:term":[{"taxonomy":"product_brand","embeddable":true,"href":"https:\/\/marktxxl.de\/markt\/wp-json\/wp\/v2\/product_brand?post=91808"},{"taxonomy":"product_cat","embeddable":true,"href":"https:\/\/marktxxl.de\/markt\/wp-json\/wp\/v2\/product_cat?post=91808"},{"taxonomy":"product_tag","embeddable":true,"href":"https:\/\/marktxxl.de\/markt\/wp-json\/wp\/v2\/product_tag?post=91808"}],"curies":[{"name":"wp","href":"https:\/\/api.w.org\/{rel}","templated":true}]}}