{"id":91798,"date":"2021-12-28T20:30:37","date_gmt":"2021-12-28T19:30:37","guid":{"rendered":"https:\/\/marktxxl.de\/markt\/produkt\/homcom-2-in-1-kinderanhaenger-fahrradanhaenger-kinderwagen-mit-aufbewahrungstasche-zweilagige-stahlrohrverschachtelung-metall-oxford-rotschwarz-160-x-84-x-106-cm\/"},"modified":"2023-04-10T03:04:22","modified_gmt":"2023-04-10T01:04:22","slug":"homcom-2-in-1-kinderanhaenger-fahrradanhaenger-kinderwagen-mit-aufbewahrungstasche-zweilagige-stahlrohrverschachtelung-metall-oxford-rotschwarz-160-x-84-x-106-cm","status":"publish","type":"product","link":"https:\/\/marktxxl.de\/markt\/produkt\/homcom-2-in-1-kinderanhaenger-fahrradanhaenger-kinderwagen-mit-aufbewahrungstasche-zweilagige-stahlrohrverschachtelung-metall-oxford-rotschwarz-160-x-84-x-106-cm\/","title":{"rendered":"HOMCOM 2 in 1 Kinderanh\u00e4nger Anh\u00e4nger 360\u00b0 Drehbar Fahrradanh\u00e4nger 2 Kinder Buggy Kinderwagen mit F\u00fcnf-Punkt\u2026"},"content":{"rendered":"<p>2-IN-1 DESIGN: Mit einfachen Handgriffen l\u00e4sst sich dieser Fahrradanh\u00e4nger in einen Kinderwagen umfunktionieren.<br \/>\nSTABILES DESIGN: Der Metallrahmen und die Deichsel aus Stahl machen diesen Fahrradanh\u00e4nger besonders sicher und stabil. Das Verdeck aus Oxford-Gewebe ist strapazierf\u00e4hig und robust.<br \/>\nZUS\u00c4TZLICHE SICHERHEIT: Ein 5-Punkt-Sicherheitsgurt h\u00e4lt ihre Kinder w\u00e4hrend der Fahrt im Sitz. Eine Flagge und Reflektoren sorgen f\u00fcr viel Sichtbarkeit im Stra\u00dfenverkehr, auch bei schlechten Lichtverh\u00e4ltnissen. Ein EVA-Universal-Vorderrad und zwei aufblasbare 20-Zoll-Hinterr\u00e4der sorgen f\u00fcr eine ruhige Fahrt. Ein integrierte Feststellbremse bietet viel Sicherheit.<br \/>\nGUTE BEL\u00dcFTUNG &amp; EINFACHER ZUGANG: Durch die gro\u00dfe Frontt\u00fcr kann ihr Kind leicht und einfach hineingesetzt werden. Die Abdeckung sch\u00fctz ihr Kind w\u00e4hrend der Fahrt vor Wind und Regen. Durch die transparenten Sichtfenster kann ihr Kind den Ausblick genie\u00dfen.<br \/>\nPRODUKT DETAILS: Die H\u00f6he des Lenkers ist verstellbar. Eine Aufbewahrungstasche auf der R\u00fcckseite bietet Platz f\u00fcr Vorr\u00e4te; Spielzeug und Zubeh\u00f6r bis zu 5 kg. Produktdaten: Innenma\u00dfe: 70B x 60T x 56H cm; Geeignet f\u00fcr zwei Kinder \u00fcber 18 Monate (empfohlene H\u00f6he nicht mehr als 110 cm).<br \/>\n<div class=\"main-cross-sell\" data-asin=\"B0972KNY6R\">\n\n\t<div class=\"WooZone-cross-sell-loader\">\n\t\t<div>\n\t\t\t<div id=\"floatingBarsG\">\n\t\t\t\t<div class=\"blockG\" id=\"rotateG_01\"><\/div>\n\t\t\t\t<div class=\"blockG\" id=\"rotateG_02\"><\/div>\n\t\t\t\t<div class=\"blockG\" id=\"rotateG_03\"><\/div>\n\t\t\t\t<div class=\"blockG\" id=\"rotateG_04\"><\/div>\n\t\t\t\t<div class=\"blockG\" id=\"rotateG_05\"><\/div>\n\t\t\t\t<div class=\"blockG\" id=\"rotateG_06\"><\/div>\n\t\t\t\t<div class=\"blockG\" id=\"rotateG_07\"><\/div>\n\t\t\t\t<div class=\"blockG\" id=\"rotateG_08\"><\/div>\n\t\t\t<\/div>\n\t\t\t<div class=\"WooZone-cross-sell-loader-text\"><\/div>\n\t\t<\/div>\n\t<\/div>\n\n\t\t\n<\/div>\n<div style=\"clear:both;\"><\/div><\/p>\n","protected":false},"excerpt":{"rendered":"<p>2-IN-1 DESIGN: Mit einfachen Handgriffen l\u00e4sst sich dieser Fahrradanh\u00e4nger in einen Kinderwagen umfunktionieren.<br \/>\nSTABILES DESIGN: Der Metallrahmen und die Deichsel aus Stahl machen diesen Fahrradanh\u00e4nger besonders sicher und stabil. Das Verdeck aus Oxford-Gewebe ist strapazierf\u00e4hig und robust.<br \/>\nZUS\u00c4TZLICHE SICHERHEIT: Ein 5-Punkt-Sicherheitsgurt h\u00e4lt ihre Kinder w\u00e4hrend der Fahrt im Sitz. Eine Flagge und Reflektoren sorgen f\u00fcr viel Sichtbarkeit im Stra\u00dfenverkehr, auch bei schlechten Lichtverh\u00e4ltnissen. Ein EVA-Universal-Vorderrad und zwei aufblasbare 20-Zoll-Hinterr\u00e4der sorgen f\u00fcr eine ruhige Fahrt. Ein integrierte Feststellbremse bietet viel Sicherheit.<\/p>\n","protected":false},"featured_media":91799,"comment_status":"open","ping_status":"closed","template":"","meta":[],"product_brand":[],"product_cat":[21,9245],"product_tag":[],"class_list":{"0":"post-91798","1":"product","2":"type-product","3":"status-publish","4":"has-post-thumbnail","6":"product_cat-baby","7":"product_cat-fahrradanhaenger-zubehoer-baby","8":"pa_brand-homcom","9":"pa_color-rotplusschwarz","10":"pa_height-41-732283422-zoll","11":"pa_length-62-99212592-zoll","12":"pa_manufacturer-mh-handel-gmbh","13":"pa_size-1-stueck-1er-pack","14":"pa_weight-34-17165061-pfund","15":"pa_width-33-070866108-zoll","17":"first","18":"instock","19":"shipping-taxable","20":"purchasable","21":"product-type-simple","22":"customify-col","23":"product-has-gallery"},"yoast_head":"<!-- This site is optimized with the Yoast SEO plugin v27.4 - https:\/\/yoast.com\/product\/yoast-seo-wordpress\/ -->\n<title>HOMCOM 2 in 1 Kinderanh\u00e4nger Anh\u00e4nger 360\u00b0 Drehbar Fahrradanh\u00e4nger 2 Kinder Buggy Kinderwagen mit F\u00fcnf-Punkt\u2026 - Markt-XXL<\/title>\n<meta name=\"description\" content=\"Markt-XXL HOMCOM 2 in 1 Kinderanh\u00e4nger Anh\u00e4nger 360\u00b0 Drehbar Fahrradanh\u00e4nger 2 Kinder Buggy Kinderwagen mit F\u00fcnf-Punkt\u2026\" \/>\n<meta name=\"robots\" content=\"index, follow, max-snippet:-1, max-image-preview:large, max-video-preview:-1\" \/>\n<link rel=\"canonical\" href=\"https:\/\/marktxxl.de\/markt\/produkt\/homcom-2-in-1-kinderanhaenger-fahrradanhaenger-kinderwagen-mit-aufbewahrungstasche-zweilagige-stahlrohrverschachtelung-metall-oxford-rotschwarz-160-x-84-x-106-cm\/\" \/>\n<meta property=\"og:locale\" content=\"de_DE\" \/>\n<meta property=\"og:type\" content=\"article\" \/>\n<meta property=\"og:title\" content=\"HOMCOM 2 in 1 Kinderanh\u00e4nger Anh\u00e4nger 360\u00b0 Drehbar Fahrradanh\u00e4nger 2 Kinder Buggy Kinderwagen mit F\u00fcnf-Punkt\u2026 - Markt-XXL\" \/>\n<meta property=\"og:description\" content=\"Markt-XXL HOMCOM 2 in 1 Kinderanh\u00e4nger Anh\u00e4nger 360\u00b0 Drehbar Fahrradanh\u00e4nger 2 Kinder Buggy Kinderwagen mit F\u00fcnf-Punkt\u2026\" \/>\n<meta property=\"og:url\" content=\"https:\/\/marktxxl.de\/markt\/produkt\/homcom-2-in-1-kinderanhaenger-fahrradanhaenger-kinderwagen-mit-aufbewahrungstasche-zweilagige-stahlrohrverschachtelung-metall-oxford-rotschwarz-160-x-84-x-106-cm\/\" \/>\n<meta property=\"og:site_name\" content=\"Markt-XXL\" \/>\n<meta property=\"article:modified_time\" content=\"2023-04-10T01:04:22+00:00\" \/>\n<meta property=\"og:image\" content=\"https:\/\/m.media-amazon.com\/images\/I\/41nFQxGrG6L._SL500_.jpg\" \/>\n\t<meta property=\"og:image:width\" content=\"500\" \/>\n\t<meta property=\"og:image:height\" content=\"500\" \/>\n\t<meta property=\"og:image:type\" content=\"image\/jpeg\" \/>\n<meta name=\"twitter:card\" content=\"summary_large_image\" \/>\n<meta name=\"twitter:label1\" content=\"Gesch\u00e4tzte Lesezeit\" \/>\n\t<meta name=\"twitter:data1\" content=\"1\u00a0Minute\" \/>\n<script type=\"application\/ld+json\" class=\"yoast-schema-graph\">{\"@context\":\"https:\\\/\\\/schema.org\",\"@graph\":[{\"@type\":\"WebPage\",\"@id\":\"https:\\\/\\\/marktxxl.de\\\/markt\\\/produkt\\\/homcom-2-in-1-kinderanhaenger-fahrradanhaenger-kinderwagen-mit-aufbewahrungstasche-zweilagige-stahlrohrverschachtelung-metall-oxford-rotschwarz-160-x-84-x-106-cm\\\/\",\"url\":\"https:\\\/\\\/marktxxl.de\\\/markt\\\/produkt\\\/homcom-2-in-1-kinderanhaenger-fahrradanhaenger-kinderwagen-mit-aufbewahrungstasche-zweilagige-stahlrohrverschachtelung-metall-oxford-rotschwarz-160-x-84-x-106-cm\\\/\",\"name\":\"HOMCOM 2 in 1 Kinderanh\u00e4nger Anh\u00e4nger 360\u00b0 Drehbar Fahrradanh\u00e4nger 2 Kinder Buggy Kinderwagen mit F\u00fcnf-Punkt\u2026 - Markt-XXL\",\"isPartOf\":{\"@id\":\"https:\\\/\\\/marktxxl.de\\\/markt\\\/#website\"},\"primaryImageOfPage\":{\"@id\":\"https:\\\/\\\/marktxxl.de\\\/markt\\\/produkt\\\/homcom-2-in-1-kinderanhaenger-fahrradanhaenger-kinderwagen-mit-aufbewahrungstasche-zweilagige-stahlrohrverschachtelung-metall-oxford-rotschwarz-160-x-84-x-106-cm\\\/#primaryimage\"},\"image\":{\"@id\":\"https:\\\/\\\/marktxxl.de\\\/markt\\\/produkt\\\/homcom-2-in-1-kinderanhaenger-fahrradanhaenger-kinderwagen-mit-aufbewahrungstasche-zweilagige-stahlrohrverschachtelung-metall-oxford-rotschwarz-160-x-84-x-106-cm\\\/#primaryimage\"},\"thumbnailUrl\":\"https:\\\/\\\/m.media-amazon.com\\\/images\\\/I\\\/41nFQxGrG6L._SL500_.jpg\",\"datePublished\":\"2021-12-28T19:30:37+00:00\",\"dateModified\":\"2023-04-10T01:04:22+00:00\",\"description\":\"Markt-XXL HOMCOM 2 in 1 Kinderanh\u00e4nger Anh\u00e4nger 360\u00b0 Drehbar Fahrradanh\u00e4nger 2 Kinder Buggy Kinderwagen mit F\u00fcnf-Punkt\u2026\",\"breadcrumb\":{\"@id\":\"https:\\\/\\\/marktxxl.de\\\/markt\\\/produkt\\\/homcom-2-in-1-kinderanhaenger-fahrradanhaenger-kinderwagen-mit-aufbewahrungstasche-zweilagige-stahlrohrverschachtelung-metall-oxford-rotschwarz-160-x-84-x-106-cm\\\/#breadcrumb\"},\"inLanguage\":\"de\",\"potentialAction\":[{\"@type\":\"ReadAction\",\"target\":[\"https:\\\/\\\/marktxxl.de\\\/markt\\\/produkt\\\/homcom-2-in-1-kinderanhaenger-fahrradanhaenger-kinderwagen-mit-aufbewahrungstasche-zweilagige-stahlrohrverschachtelung-metall-oxford-rotschwarz-160-x-84-x-106-cm\\\/\"]}]},{\"@type\":\"ImageObject\",\"inLanguage\":\"de\",\"@id\":\"https:\\\/\\\/marktxxl.de\\\/markt\\\/produkt\\\/homcom-2-in-1-kinderanhaenger-fahrradanhaenger-kinderwagen-mit-aufbewahrungstasche-zweilagige-stahlrohrverschachtelung-metall-oxford-rotschwarz-160-x-84-x-106-cm\\\/#primaryimage\",\"url\":\"https:\\\/\\\/m.media-amazon.com\\\/images\\\/I\\\/41nFQxGrG6L._SL500_.jpg\",\"contentUrl\":\"https:\\\/\\\/m.media-amazon.com\\\/images\\\/I\\\/41nFQxGrG6L._SL500_.jpg\",\"width\":500,\"height\":500},{\"@type\":\"BreadcrumbList\",\"@id\":\"https:\\\/\\\/marktxxl.de\\\/markt\\\/produkt\\\/homcom-2-in-1-kinderanhaenger-fahrradanhaenger-kinderwagen-mit-aufbewahrungstasche-zweilagige-stahlrohrverschachtelung-metall-oxford-rotschwarz-160-x-84-x-106-cm\\\/#breadcrumb\",\"itemListElement\":[{\"@type\":\"ListItem\",\"position\":1,\"name\":\"Startseite\",\"item\":\"https:\\\/\\\/marktxxl.de\\\/markt\\\/\"},{\"@type\":\"ListItem\",\"position\":2,\"name\":\"Markt\",\"item\":\"https:\\\/\\\/marktxxl.de\\\/markt\\\/\"},{\"@type\":\"ListItem\",\"position\":3,\"name\":\"HOMCOM 2 in 1 Kinderanh\u00e4nger Anh\u00e4nger 360\u00b0 Drehbar Fahrradanh\u00e4nger 2 Kinder Buggy Kinderwagen mit F\u00fcnf-Punkt\u2026\"}]},{\"@type\":\"WebSite\",\"@id\":\"https:\\\/\\\/marktxxl.de\\\/markt\\\/#website\",\"url\":\"https:\\\/\\\/marktxxl.de\\\/markt\\\/\",\"name\":\"Markt-XXL\",\"description\":\"Ihr Markt Online\",\"publisher\":{\"@id\":\"https:\\\/\\\/marktxxl.de\\\/markt\\\/#organization\"},\"potentialAction\":[{\"@type\":\"SearchAction\",\"target\":{\"@type\":\"EntryPoint\",\"urlTemplate\":\"https:\\\/\\\/marktxxl.de\\\/markt\\\/?s={search_term_string}\"},\"query-input\":{\"@type\":\"PropertyValueSpecification\",\"valueRequired\":true,\"valueName\":\"search_term_string\"}}],\"inLanguage\":\"de\"},{\"@type\":\"Organization\",\"@id\":\"https:\\\/\\\/marktxxl.de\\\/markt\\\/#organization\",\"name\":\"Markt-XXL\",\"url\":\"https:\\\/\\\/marktxxl.de\\\/markt\\\/\",\"logo\":{\"@type\":\"ImageObject\",\"inLanguage\":\"de\",\"@id\":\"https:\\\/\\\/marktxxl.de\\\/markt\\\/#\\\/schema\\\/logo\\\/image\\\/\",\"url\":\"https:\\\/\\\/marktxxl.de\\\/markt\\\/wp-content\\\/uploads\\\/sites\\\/3\\\/2020\\\/12\\\/logo.png\",\"contentUrl\":\"https:\\\/\\\/marktxxl.de\\\/markt\\\/wp-content\\\/uploads\\\/sites\\\/3\\\/2020\\\/12\\\/logo.png\",\"width\":200,\"height\":70,\"caption\":\"Markt-XXL\"},\"image\":{\"@id\":\"https:\\\/\\\/marktxxl.de\\\/markt\\\/#\\\/schema\\\/logo\\\/image\\\/\"}}]}<\/script>\n<!-- \/ Yoast SEO plugin. -->","yoast_head_json":{"title":"HOMCOM 2 in 1 Kinderanh\u00e4nger Anh\u00e4nger 360\u00b0 Drehbar Fahrradanh\u00e4nger 2 Kinder Buggy Kinderwagen mit F\u00fcnf-Punkt\u2026 - Markt-XXL","description":"Markt-XXL HOMCOM 2 in 1 Kinderanh\u00e4nger Anh\u00e4nger 360\u00b0 Drehbar Fahrradanh\u00e4nger 2 Kinder Buggy Kinderwagen mit F\u00fcnf-Punkt\u2026","robots":{"index":"index","follow":"follow","max-snippet":"max-snippet:-1","max-image-preview":"max-image-preview:large","max-video-preview":"max-video-preview:-1"},"canonical":"https:\/\/marktxxl.de\/markt\/produkt\/homcom-2-in-1-kinderanhaenger-fahrradanhaenger-kinderwagen-mit-aufbewahrungstasche-zweilagige-stahlrohrverschachtelung-metall-oxford-rotschwarz-160-x-84-x-106-cm\/","og_locale":"de_DE","og_type":"article","og_title":"HOMCOM 2 in 1 Kinderanh\u00e4nger Anh\u00e4nger 360\u00b0 Drehbar Fahrradanh\u00e4nger 2 Kinder Buggy Kinderwagen mit F\u00fcnf-Punkt\u2026 - Markt-XXL","og_description":"Markt-XXL HOMCOM 2 in 1 Kinderanh\u00e4nger Anh\u00e4nger 360\u00b0 Drehbar Fahrradanh\u00e4nger 2 Kinder Buggy Kinderwagen mit F\u00fcnf-Punkt\u2026","og_url":"https:\/\/marktxxl.de\/markt\/produkt\/homcom-2-in-1-kinderanhaenger-fahrradanhaenger-kinderwagen-mit-aufbewahrungstasche-zweilagige-stahlrohrverschachtelung-metall-oxford-rotschwarz-160-x-84-x-106-cm\/","og_site_name":"Markt-XXL","article_modified_time":"2023-04-10T01:04:22+00:00","og_image":[{"width":500,"height":500,"url":"https:\/\/m.media-amazon.com\/images\/I\/41nFQxGrG6L._SL500_.jpg","type":"image\/jpeg"}],"twitter_card":"summary_large_image","twitter_misc":{"Gesch\u00e4tzte Lesezeit":"1\u00a0Minute"},"schema":{"@context":"https:\/\/schema.org","@graph":[{"@type":"WebPage","@id":"https:\/\/marktxxl.de\/markt\/produkt\/homcom-2-in-1-kinderanhaenger-fahrradanhaenger-kinderwagen-mit-aufbewahrungstasche-zweilagige-stahlrohrverschachtelung-metall-oxford-rotschwarz-160-x-84-x-106-cm\/","url":"https:\/\/marktxxl.de\/markt\/produkt\/homcom-2-in-1-kinderanhaenger-fahrradanhaenger-kinderwagen-mit-aufbewahrungstasche-zweilagige-stahlrohrverschachtelung-metall-oxford-rotschwarz-160-x-84-x-106-cm\/","name":"HOMCOM 2 in 1 Kinderanh\u00e4nger Anh\u00e4nger 360\u00b0 Drehbar Fahrradanh\u00e4nger 2 Kinder Buggy Kinderwagen mit F\u00fcnf-Punkt\u2026 - Markt-XXL","isPartOf":{"@id":"https:\/\/marktxxl.de\/markt\/#website"},"primaryImageOfPage":{"@id":"https:\/\/marktxxl.de\/markt\/produkt\/homcom-2-in-1-kinderanhaenger-fahrradanhaenger-kinderwagen-mit-aufbewahrungstasche-zweilagige-stahlrohrverschachtelung-metall-oxford-rotschwarz-160-x-84-x-106-cm\/#primaryimage"},"image":{"@id":"https:\/\/marktxxl.de\/markt\/produkt\/homcom-2-in-1-kinderanhaenger-fahrradanhaenger-kinderwagen-mit-aufbewahrungstasche-zweilagige-stahlrohrverschachtelung-metall-oxford-rotschwarz-160-x-84-x-106-cm\/#primaryimage"},"thumbnailUrl":"https:\/\/m.media-amazon.com\/images\/I\/41nFQxGrG6L._SL500_.jpg","datePublished":"2021-12-28T19:30:37+00:00","dateModified":"2023-04-10T01:04:22+00:00","description":"Markt-XXL HOMCOM 2 in 1 Kinderanh\u00e4nger Anh\u00e4nger 360\u00b0 Drehbar Fahrradanh\u00e4nger 2 Kinder Buggy Kinderwagen mit F\u00fcnf-Punkt\u2026","breadcrumb":{"@id":"https:\/\/marktxxl.de\/markt\/produkt\/homcom-2-in-1-kinderanhaenger-fahrradanhaenger-kinderwagen-mit-aufbewahrungstasche-zweilagige-stahlrohrverschachtelung-metall-oxford-rotschwarz-160-x-84-x-106-cm\/#breadcrumb"},"inLanguage":"de","potentialAction":[{"@type":"ReadAction","target":["https:\/\/marktxxl.de\/markt\/produkt\/homcom-2-in-1-kinderanhaenger-fahrradanhaenger-kinderwagen-mit-aufbewahrungstasche-zweilagige-stahlrohrverschachtelung-metall-oxford-rotschwarz-160-x-84-x-106-cm\/"]}]},{"@type":"ImageObject","inLanguage":"de","@id":"https:\/\/marktxxl.de\/markt\/produkt\/homcom-2-in-1-kinderanhaenger-fahrradanhaenger-kinderwagen-mit-aufbewahrungstasche-zweilagige-stahlrohrverschachtelung-metall-oxford-rotschwarz-160-x-84-x-106-cm\/#primaryimage","url":"https:\/\/m.media-amazon.com\/images\/I\/41nFQxGrG6L._SL500_.jpg","contentUrl":"https:\/\/m.media-amazon.com\/images\/I\/41nFQxGrG6L._SL500_.jpg","width":500,"height":500},{"@type":"BreadcrumbList","@id":"https:\/\/marktxxl.de\/markt\/produkt\/homcom-2-in-1-kinderanhaenger-fahrradanhaenger-kinderwagen-mit-aufbewahrungstasche-zweilagige-stahlrohrverschachtelung-metall-oxford-rotschwarz-160-x-84-x-106-cm\/#breadcrumb","itemListElement":[{"@type":"ListItem","position":1,"name":"Startseite","item":"https:\/\/marktxxl.de\/markt\/"},{"@type":"ListItem","position":2,"name":"Markt","item":"https:\/\/marktxxl.de\/markt\/"},{"@type":"ListItem","position":3,"name":"HOMCOM 2 in 1 Kinderanh\u00e4nger Anh\u00e4nger 360\u00b0 Drehbar Fahrradanh\u00e4nger 2 Kinder Buggy Kinderwagen mit F\u00fcnf-Punkt\u2026"}]},{"@type":"WebSite","@id":"https:\/\/marktxxl.de\/markt\/#website","url":"https:\/\/marktxxl.de\/markt\/","name":"Markt-XXL","description":"Ihr Markt Online","publisher":{"@id":"https:\/\/marktxxl.de\/markt\/#organization"},"potentialAction":[{"@type":"SearchAction","target":{"@type":"EntryPoint","urlTemplate":"https:\/\/marktxxl.de\/markt\/?s={search_term_string}"},"query-input":{"@type":"PropertyValueSpecification","valueRequired":true,"valueName":"search_term_string"}}],"inLanguage":"de"},{"@type":"Organization","@id":"https:\/\/marktxxl.de\/markt\/#organization","name":"Markt-XXL","url":"https:\/\/marktxxl.de\/markt\/","logo":{"@type":"ImageObject","inLanguage":"de","@id":"https:\/\/marktxxl.de\/markt\/#\/schema\/logo\/image\/","url":"https:\/\/marktxxl.de\/markt\/wp-content\/uploads\/sites\/3\/2020\/12\/logo.png","contentUrl":"https:\/\/marktxxl.de\/markt\/wp-content\/uploads\/sites\/3\/2020\/12\/logo.png","width":200,"height":70,"caption":"Markt-XXL"},"image":{"@id":"https:\/\/marktxxl.de\/markt\/#\/schema\/logo\/image\/"}}]}},"_links":{"self":[{"href":"https:\/\/marktxxl.de\/markt\/wp-json\/wp\/v2\/product\/91798","targetHints":{"allow":["GET"]}}],"collection":[{"href":"https:\/\/marktxxl.de\/markt\/wp-json\/wp\/v2\/product"}],"about":[{"href":"https:\/\/marktxxl.de\/markt\/wp-json\/wp\/v2\/types\/product"}],"replies":[{"embeddable":true,"href":"https:\/\/marktxxl.de\/markt\/wp-json\/wp\/v2\/comments?post=91798"}],"wp:featuredmedia":[{"embeddable":true,"href":"https:\/\/marktxxl.de\/markt\/wp-json\/wp\/v2\/media\/91799"}],"wp:attachment":[{"href":"https:\/\/marktxxl.de\/markt\/wp-json\/wp\/v2\/media?parent=91798"}],"wp:term":[{"taxonomy":"product_brand","embeddable":true,"href":"https:\/\/marktxxl.de\/markt\/wp-json\/wp\/v2\/product_brand?post=91798"},{"taxonomy":"product_cat","embeddable":true,"href":"https:\/\/marktxxl.de\/markt\/wp-json\/wp\/v2\/product_cat?post=91798"},{"taxonomy":"product_tag","embeddable":true,"href":"https:\/\/marktxxl.de\/markt\/wp-json\/wp\/v2\/product_tag?post=91798"}],"curies":[{"name":"wp","href":"https:\/\/api.w.org\/{rel}","templated":true}]}}