{"id":91789,"date":"2021-12-28T20:30:32","date_gmt":"2021-12-28T19:30:32","guid":{"rendered":"https:\/\/marktxxl.de\/markt\/produkt\/klarfit-kiddy-king-fahrradanhaenger-fuer-kinder-lastenanhaenger-fahrrad-2-sitzer-max-40-kg-2-in-1-nutzbar-als-jogger-buggy-fahrradanhaenger-5-punkt-gurt-2-20-raeder-lastenanhaenger\/"},"modified":"2023-04-10T03:04:21","modified_gmt":"2023-04-10T01:04:21","slug":"klarfit-kiddy-king-fahrradanhaenger-fuer-kinder-lastenanhaenger-fahrrad-2-sitzer-max-40-kg-2-in-1-nutzbar-als-jogger-buggy-fahrradanhaenger-5-punkt-gurt-2-20-raeder-lastenanhaenger","status":"publish","type":"product","link":"https:\/\/marktxxl.de\/markt\/produkt\/klarfit-kiddy-king-fahrradanhaenger-fuer-kinder-lastenanhaenger-fahrrad-2-sitzer-max-40-kg-2-in-1-nutzbar-als-jogger-buggy-fahrradanhaenger-5-punkt-gurt-2-20-raeder-lastenanhaenger\/","title":{"rendered":"Klarfit Kiddy King Fahrradanh\u00e4nger f\u00fcr Kinder, Lastenanh\u00e4nger Fahrrad, 2-Sitzer max. 40 kg, 2-in-1, nutzbar als Jogger\u2026"},"content":{"rendered":"<p>UNKOMPLIZIERT: Kleine Leute auf gro\u00dfer Fahrt: Mit dem Klarfit Kiddy King Fahrrad Anh\u00e4nger kannst du deine Kleinsten immer unkompliziert und umweltfreundlich mitnehmen &#8211; egal ob zur Radtour ins Gr\u00fcne oder zum Joggen im Park alles easy mit dem Lastenanh\u00e4nger klappbar.<br \/>\nSICHER: Der Fahradanhaenge bietet einem oder zwei Kindern ab 12 Monaten einen sicheren und bequem gepolsterten Sitzplatz. 5-Punkt-Sicherheitsgurte bieten beiden Passagieren optimalen Halt. Durch die gro\u00dfen Seitenfenster von dem lastenanh\u00e4nger k\u00f6nnen die w\u00e4hrend der Fahrt genau ihre Umgebung im Auge behalten.<br \/>\nQUALIT\u00c4T: Das Frontverdeck besteht aus einem luftdurchl\u00e4ssigen Fliegengitter f\u00fcr warme und trockene Tage sowie einer aufrollbaren Klarsicht-Regenplane, die den Kiddy King Fahrrad Lastenanh\u00e4nger wetterfest und windsicher macht.<br \/>\nGEP\u00c4CKFACH: Wenn die Sonne einmal mit zu viel \u00dcberzeugung vom Himmel lacht, kannst du zus\u00e4tzlich das Sonnenschutzverdeck nutzen. Hinter den Sitzen von dem Anh\u00e4nger Fahrrad bietet ein 15 l gro\u00dfes Gep\u00e4ckfach gen\u00fcgend Stauraum um Spielzeug, Wechselsachen, Picknickbedarf oder Eink\u00e4ufe zu verstauen.<br \/>\nSMART: Soll der Klarfit Kiddy King Kinderwagen nicht als Fahrradanh\u00e4nger genutzt werden, wird er mit wenigen Handgriffen in ein fu\u00dfg\u00e4ngerfreundlichen Jogger-Kinderwagen umgewandelt.<br \/>\n<div class=\"main-cross-sell\" data-asin=\"B09MZ3TMLL\">\n\n\t<div class=\"WooZone-cross-sell-loader\">\n\t\t<div>\n\t\t\t<div id=\"floatingBarsG\">\n\t\t\t\t<div class=\"blockG\" id=\"rotateG_01\"><\/div>\n\t\t\t\t<div class=\"blockG\" id=\"rotateG_02\"><\/div>\n\t\t\t\t<div class=\"blockG\" id=\"rotateG_03\"><\/div>\n\t\t\t\t<div class=\"blockG\" id=\"rotateG_04\"><\/div>\n\t\t\t\t<div class=\"blockG\" id=\"rotateG_05\"><\/div>\n\t\t\t\t<div class=\"blockG\" id=\"rotateG_06\"><\/div>\n\t\t\t\t<div class=\"blockG\" id=\"rotateG_07\"><\/div>\n\t\t\t\t<div class=\"blockG\" id=\"rotateG_08\"><\/div>\n\t\t\t<\/div>\n\t\t\t<div class=\"WooZone-cross-sell-loader-text\"><\/div>\n\t\t<\/div>\n\t<\/div>\n\n\t\t\n<\/div>\n<div style=\"clear:both;\"><\/div><\/p>\n","protected":false},"excerpt":{"rendered":"<p>UNKOMPLIZIERT: Kleine Leute auf gro\u00dfer Fahrt: Mit dem Klarfit Kiddy King Fahrrad Anh\u00e4nger kannst du deine Kleinsten immer unkompliziert und umweltfreundlich mitnehmen &#8211; egal ob zur Radtour ins Gr\u00fcne oder zum Joggen im Park alles easy mit dem Lastenanh\u00e4nger klappbar.<br \/>\nSICHER: Der Fahradanhaenge bietet einem oder zwei Kindern ab 12 Monaten einen sicheren und bequem gepolsterten Sitzplatz. 5-Punkt-Sicherheitsgurte bieten beiden Passagieren optimalen Halt. Durch die gro\u00dfen Seitenfenster von dem lastenanh\u00e4nger k\u00f6nnen die w\u00e4hrend der Fahrt genau ihre Umgebung im Auge behalten.<br \/>\nQUALIT\u00c4T: Das Frontverdeck besteht aus einem luftdurchl\u00e4ssigen Fliegengitter f\u00fcr warme und trockene Tage sowie einer aufrollbaren Klarsicht-Regenplane, die den Kiddy King Fahrrad Lastenanh\u00e4nger wetterfest und windsicher macht.<\/p>\n","protected":false},"featured_media":91790,"comment_status":"open","ping_status":"closed","template":"","meta":[],"product_brand":[],"product_cat":[21,9245],"product_tag":[],"class_list":{"0":"post-91789","1":"product","2":"type-product","3":"status-publish","4":"has-post-thumbnail","6":"product_cat-baby","7":"product_cat-fahrradanhaenger-zubehoer-baby","8":"pa_brand-klarfit","9":"pa_manufacturer-klarfit","11":"first","12":"instock","13":"shipping-taxable","14":"purchasable","15":"product-type-simple","16":"customify-col","17":"product-has-gallery"},"yoast_head":"<!-- This site is optimized with the Yoast SEO plugin v27.4 - https:\/\/yoast.com\/product\/yoast-seo-wordpress\/ -->\n<title>Klarfit Kiddy King Fahrradanh\u00e4nger f\u00fcr Kinder, Lastenanh\u00e4nger Fahrrad, 2-Sitzer max. 40 kg, 2-in-1, nutzbar als Jogger\u2026 - Markt-XXL<\/title>\n<meta name=\"description\" content=\"Markt-XXL Klarfit Kiddy King Fahrradanh\u00e4nger f\u00fcr Kinder, Lastenanh\u00e4nger Fahrrad, 2-Sitzer max. 40 kg, 2-in-1, nutzbar als Jogger\u2026\" \/>\n<meta name=\"robots\" content=\"index, follow, max-snippet:-1, max-image-preview:large, max-video-preview:-1\" \/>\n<link rel=\"canonical\" href=\"https:\/\/marktxxl.de\/markt\/produkt\/klarfit-kiddy-king-fahrradanhaenger-fuer-kinder-lastenanhaenger-fahrrad-2-sitzer-max-40-kg-2-in-1-nutzbar-als-jogger-buggy-fahrradanhaenger-5-punkt-gurt-2-20-raeder-lastenanhaenger\/\" \/>\n<meta property=\"og:locale\" content=\"de_DE\" \/>\n<meta property=\"og:type\" content=\"article\" \/>\n<meta property=\"og:title\" content=\"Klarfit Kiddy King Fahrradanh\u00e4nger f\u00fcr Kinder, Lastenanh\u00e4nger Fahrrad, 2-Sitzer max. 40 kg, 2-in-1, nutzbar als Jogger\u2026 - Markt-XXL\" \/>\n<meta property=\"og:description\" content=\"Markt-XXL Klarfit Kiddy King Fahrradanh\u00e4nger f\u00fcr Kinder, Lastenanh\u00e4nger Fahrrad, 2-Sitzer max. 40 kg, 2-in-1, nutzbar als Jogger\u2026\" \/>\n<meta property=\"og:url\" content=\"https:\/\/marktxxl.de\/markt\/produkt\/klarfit-kiddy-king-fahrradanhaenger-fuer-kinder-lastenanhaenger-fahrrad-2-sitzer-max-40-kg-2-in-1-nutzbar-als-jogger-buggy-fahrradanhaenger-5-punkt-gurt-2-20-raeder-lastenanhaenger\/\" \/>\n<meta property=\"og:site_name\" content=\"Markt-XXL\" \/>\n<meta property=\"article:modified_time\" content=\"2023-04-10T01:04:21+00:00\" \/>\n<meta property=\"og:image\" content=\"https:\/\/m.media-amazon.com\/images\/I\/41qiDPSTmNL._SL500_.jpg\" \/>\n\t<meta property=\"og:image:width\" content=\"500\" \/>\n\t<meta property=\"og:image:height\" content=\"500\" \/>\n\t<meta property=\"og:image:type\" content=\"image\/jpeg\" \/>\n<meta name=\"twitter:card\" content=\"summary_large_image\" \/>\n<meta name=\"twitter:label1\" content=\"Gesch\u00e4tzte Lesezeit\" \/>\n\t<meta name=\"twitter:data1\" content=\"1\u00a0Minute\" \/>\n<script type=\"application\/ld+json\" class=\"yoast-schema-graph\">{\"@context\":\"https:\\\/\\\/schema.org\",\"@graph\":[{\"@type\":\"WebPage\",\"@id\":\"https:\\\/\\\/marktxxl.de\\\/markt\\\/produkt\\\/klarfit-kiddy-king-fahrradanhaenger-fuer-kinder-lastenanhaenger-fahrrad-2-sitzer-max-40-kg-2-in-1-nutzbar-als-jogger-buggy-fahrradanhaenger-5-punkt-gurt-2-20-raeder-lastenanhaenger\\\/\",\"url\":\"https:\\\/\\\/marktxxl.de\\\/markt\\\/produkt\\\/klarfit-kiddy-king-fahrradanhaenger-fuer-kinder-lastenanhaenger-fahrrad-2-sitzer-max-40-kg-2-in-1-nutzbar-als-jogger-buggy-fahrradanhaenger-5-punkt-gurt-2-20-raeder-lastenanhaenger\\\/\",\"name\":\"Klarfit Kiddy King Fahrradanh\u00e4nger f\u00fcr Kinder, Lastenanh\u00e4nger Fahrrad, 2-Sitzer max. 40 kg, 2-in-1, nutzbar als Jogger\u2026 - Markt-XXL\",\"isPartOf\":{\"@id\":\"https:\\\/\\\/marktxxl.de\\\/markt\\\/#website\"},\"primaryImageOfPage\":{\"@id\":\"https:\\\/\\\/marktxxl.de\\\/markt\\\/produkt\\\/klarfit-kiddy-king-fahrradanhaenger-fuer-kinder-lastenanhaenger-fahrrad-2-sitzer-max-40-kg-2-in-1-nutzbar-als-jogger-buggy-fahrradanhaenger-5-punkt-gurt-2-20-raeder-lastenanhaenger\\\/#primaryimage\"},\"image\":{\"@id\":\"https:\\\/\\\/marktxxl.de\\\/markt\\\/produkt\\\/klarfit-kiddy-king-fahrradanhaenger-fuer-kinder-lastenanhaenger-fahrrad-2-sitzer-max-40-kg-2-in-1-nutzbar-als-jogger-buggy-fahrradanhaenger-5-punkt-gurt-2-20-raeder-lastenanhaenger\\\/#primaryimage\"},\"thumbnailUrl\":\"https:\\\/\\\/m.media-amazon.com\\\/images\\\/I\\\/41qiDPSTmNL._SL500_.jpg\",\"datePublished\":\"2021-12-28T19:30:32+00:00\",\"dateModified\":\"2023-04-10T01:04:21+00:00\",\"description\":\"Markt-XXL Klarfit Kiddy King Fahrradanh\u00e4nger f\u00fcr Kinder, Lastenanh\u00e4nger Fahrrad, 2-Sitzer max. 40 kg, 2-in-1, nutzbar als Jogger\u2026\",\"breadcrumb\":{\"@id\":\"https:\\\/\\\/marktxxl.de\\\/markt\\\/produkt\\\/klarfit-kiddy-king-fahrradanhaenger-fuer-kinder-lastenanhaenger-fahrrad-2-sitzer-max-40-kg-2-in-1-nutzbar-als-jogger-buggy-fahrradanhaenger-5-punkt-gurt-2-20-raeder-lastenanhaenger\\\/#breadcrumb\"},\"inLanguage\":\"de\",\"potentialAction\":[{\"@type\":\"ReadAction\",\"target\":[\"https:\\\/\\\/marktxxl.de\\\/markt\\\/produkt\\\/klarfit-kiddy-king-fahrradanhaenger-fuer-kinder-lastenanhaenger-fahrrad-2-sitzer-max-40-kg-2-in-1-nutzbar-als-jogger-buggy-fahrradanhaenger-5-punkt-gurt-2-20-raeder-lastenanhaenger\\\/\"]}]},{\"@type\":\"ImageObject\",\"inLanguage\":\"de\",\"@id\":\"https:\\\/\\\/marktxxl.de\\\/markt\\\/produkt\\\/klarfit-kiddy-king-fahrradanhaenger-fuer-kinder-lastenanhaenger-fahrrad-2-sitzer-max-40-kg-2-in-1-nutzbar-als-jogger-buggy-fahrradanhaenger-5-punkt-gurt-2-20-raeder-lastenanhaenger\\\/#primaryimage\",\"url\":\"https:\\\/\\\/m.media-amazon.com\\\/images\\\/I\\\/41qiDPSTmNL._SL500_.jpg\",\"contentUrl\":\"https:\\\/\\\/m.media-amazon.com\\\/images\\\/I\\\/41qiDPSTmNL._SL500_.jpg\",\"width\":500,\"height\":500},{\"@type\":\"BreadcrumbList\",\"@id\":\"https:\\\/\\\/marktxxl.de\\\/markt\\\/produkt\\\/klarfit-kiddy-king-fahrradanhaenger-fuer-kinder-lastenanhaenger-fahrrad-2-sitzer-max-40-kg-2-in-1-nutzbar-als-jogger-buggy-fahrradanhaenger-5-punkt-gurt-2-20-raeder-lastenanhaenger\\\/#breadcrumb\",\"itemListElement\":[{\"@type\":\"ListItem\",\"position\":1,\"name\":\"Startseite\",\"item\":\"https:\\\/\\\/marktxxl.de\\\/markt\\\/\"},{\"@type\":\"ListItem\",\"position\":2,\"name\":\"Markt\",\"item\":\"https:\\\/\\\/marktxxl.de\\\/markt\\\/\"},{\"@type\":\"ListItem\",\"position\":3,\"name\":\"Klarfit Kiddy King Fahrradanh\u00e4nger f\u00fcr Kinder, Lastenanh\u00e4nger Fahrrad, 2-Sitzer max. 40 kg, 2-in-1, nutzbar als Jogger\u2026\"}]},{\"@type\":\"WebSite\",\"@id\":\"https:\\\/\\\/marktxxl.de\\\/markt\\\/#website\",\"url\":\"https:\\\/\\\/marktxxl.de\\\/markt\\\/\",\"name\":\"Markt-XXL\",\"description\":\"Ihr Markt Online\",\"publisher\":{\"@id\":\"https:\\\/\\\/marktxxl.de\\\/markt\\\/#organization\"},\"potentialAction\":[{\"@type\":\"SearchAction\",\"target\":{\"@type\":\"EntryPoint\",\"urlTemplate\":\"https:\\\/\\\/marktxxl.de\\\/markt\\\/?s={search_term_string}\"},\"query-input\":{\"@type\":\"PropertyValueSpecification\",\"valueRequired\":true,\"valueName\":\"search_term_string\"}}],\"inLanguage\":\"de\"},{\"@type\":\"Organization\",\"@id\":\"https:\\\/\\\/marktxxl.de\\\/markt\\\/#organization\",\"name\":\"Markt-XXL\",\"url\":\"https:\\\/\\\/marktxxl.de\\\/markt\\\/\",\"logo\":{\"@type\":\"ImageObject\",\"inLanguage\":\"de\",\"@id\":\"https:\\\/\\\/marktxxl.de\\\/markt\\\/#\\\/schema\\\/logo\\\/image\\\/\",\"url\":\"https:\\\/\\\/marktxxl.de\\\/markt\\\/wp-content\\\/uploads\\\/sites\\\/3\\\/2020\\\/12\\\/logo.png\",\"contentUrl\":\"https:\\\/\\\/marktxxl.de\\\/markt\\\/wp-content\\\/uploads\\\/sites\\\/3\\\/2020\\\/12\\\/logo.png\",\"width\":200,\"height\":70,\"caption\":\"Markt-XXL\"},\"image\":{\"@id\":\"https:\\\/\\\/marktxxl.de\\\/markt\\\/#\\\/schema\\\/logo\\\/image\\\/\"}}]}<\/script>\n<!-- \/ Yoast SEO plugin. -->","yoast_head_json":{"title":"Klarfit Kiddy King Fahrradanh\u00e4nger f\u00fcr Kinder, Lastenanh\u00e4nger Fahrrad, 2-Sitzer max. 40 kg, 2-in-1, nutzbar als Jogger\u2026 - Markt-XXL","description":"Markt-XXL Klarfit Kiddy King Fahrradanh\u00e4nger f\u00fcr Kinder, Lastenanh\u00e4nger Fahrrad, 2-Sitzer max. 40 kg, 2-in-1, nutzbar als Jogger\u2026","robots":{"index":"index","follow":"follow","max-snippet":"max-snippet:-1","max-image-preview":"max-image-preview:large","max-video-preview":"max-video-preview:-1"},"canonical":"https:\/\/marktxxl.de\/markt\/produkt\/klarfit-kiddy-king-fahrradanhaenger-fuer-kinder-lastenanhaenger-fahrrad-2-sitzer-max-40-kg-2-in-1-nutzbar-als-jogger-buggy-fahrradanhaenger-5-punkt-gurt-2-20-raeder-lastenanhaenger\/","og_locale":"de_DE","og_type":"article","og_title":"Klarfit Kiddy King Fahrradanh\u00e4nger f\u00fcr Kinder, Lastenanh\u00e4nger Fahrrad, 2-Sitzer max. 40 kg, 2-in-1, nutzbar als Jogger\u2026 - Markt-XXL","og_description":"Markt-XXL Klarfit Kiddy King Fahrradanh\u00e4nger f\u00fcr Kinder, Lastenanh\u00e4nger Fahrrad, 2-Sitzer max. 40 kg, 2-in-1, nutzbar als Jogger\u2026","og_url":"https:\/\/marktxxl.de\/markt\/produkt\/klarfit-kiddy-king-fahrradanhaenger-fuer-kinder-lastenanhaenger-fahrrad-2-sitzer-max-40-kg-2-in-1-nutzbar-als-jogger-buggy-fahrradanhaenger-5-punkt-gurt-2-20-raeder-lastenanhaenger\/","og_site_name":"Markt-XXL","article_modified_time":"2023-04-10T01:04:21+00:00","og_image":[{"width":500,"height":500,"url":"https:\/\/m.media-amazon.com\/images\/I\/41qiDPSTmNL._SL500_.jpg","type":"image\/jpeg"}],"twitter_card":"summary_large_image","twitter_misc":{"Gesch\u00e4tzte Lesezeit":"1\u00a0Minute"},"schema":{"@context":"https:\/\/schema.org","@graph":[{"@type":"WebPage","@id":"https:\/\/marktxxl.de\/markt\/produkt\/klarfit-kiddy-king-fahrradanhaenger-fuer-kinder-lastenanhaenger-fahrrad-2-sitzer-max-40-kg-2-in-1-nutzbar-als-jogger-buggy-fahrradanhaenger-5-punkt-gurt-2-20-raeder-lastenanhaenger\/","url":"https:\/\/marktxxl.de\/markt\/produkt\/klarfit-kiddy-king-fahrradanhaenger-fuer-kinder-lastenanhaenger-fahrrad-2-sitzer-max-40-kg-2-in-1-nutzbar-als-jogger-buggy-fahrradanhaenger-5-punkt-gurt-2-20-raeder-lastenanhaenger\/","name":"Klarfit Kiddy King Fahrradanh\u00e4nger f\u00fcr Kinder, Lastenanh\u00e4nger Fahrrad, 2-Sitzer max. 40 kg, 2-in-1, nutzbar als Jogger\u2026 - Markt-XXL","isPartOf":{"@id":"https:\/\/marktxxl.de\/markt\/#website"},"primaryImageOfPage":{"@id":"https:\/\/marktxxl.de\/markt\/produkt\/klarfit-kiddy-king-fahrradanhaenger-fuer-kinder-lastenanhaenger-fahrrad-2-sitzer-max-40-kg-2-in-1-nutzbar-als-jogger-buggy-fahrradanhaenger-5-punkt-gurt-2-20-raeder-lastenanhaenger\/#primaryimage"},"image":{"@id":"https:\/\/marktxxl.de\/markt\/produkt\/klarfit-kiddy-king-fahrradanhaenger-fuer-kinder-lastenanhaenger-fahrrad-2-sitzer-max-40-kg-2-in-1-nutzbar-als-jogger-buggy-fahrradanhaenger-5-punkt-gurt-2-20-raeder-lastenanhaenger\/#primaryimage"},"thumbnailUrl":"https:\/\/m.media-amazon.com\/images\/I\/41qiDPSTmNL._SL500_.jpg","datePublished":"2021-12-28T19:30:32+00:00","dateModified":"2023-04-10T01:04:21+00:00","description":"Markt-XXL Klarfit Kiddy King Fahrradanh\u00e4nger f\u00fcr Kinder, Lastenanh\u00e4nger Fahrrad, 2-Sitzer max. 40 kg, 2-in-1, nutzbar als Jogger\u2026","breadcrumb":{"@id":"https:\/\/marktxxl.de\/markt\/produkt\/klarfit-kiddy-king-fahrradanhaenger-fuer-kinder-lastenanhaenger-fahrrad-2-sitzer-max-40-kg-2-in-1-nutzbar-als-jogger-buggy-fahrradanhaenger-5-punkt-gurt-2-20-raeder-lastenanhaenger\/#breadcrumb"},"inLanguage":"de","potentialAction":[{"@type":"ReadAction","target":["https:\/\/marktxxl.de\/markt\/produkt\/klarfit-kiddy-king-fahrradanhaenger-fuer-kinder-lastenanhaenger-fahrrad-2-sitzer-max-40-kg-2-in-1-nutzbar-als-jogger-buggy-fahrradanhaenger-5-punkt-gurt-2-20-raeder-lastenanhaenger\/"]}]},{"@type":"ImageObject","inLanguage":"de","@id":"https:\/\/marktxxl.de\/markt\/produkt\/klarfit-kiddy-king-fahrradanhaenger-fuer-kinder-lastenanhaenger-fahrrad-2-sitzer-max-40-kg-2-in-1-nutzbar-als-jogger-buggy-fahrradanhaenger-5-punkt-gurt-2-20-raeder-lastenanhaenger\/#primaryimage","url":"https:\/\/m.media-amazon.com\/images\/I\/41qiDPSTmNL._SL500_.jpg","contentUrl":"https:\/\/m.media-amazon.com\/images\/I\/41qiDPSTmNL._SL500_.jpg","width":500,"height":500},{"@type":"BreadcrumbList","@id":"https:\/\/marktxxl.de\/markt\/produkt\/klarfit-kiddy-king-fahrradanhaenger-fuer-kinder-lastenanhaenger-fahrrad-2-sitzer-max-40-kg-2-in-1-nutzbar-als-jogger-buggy-fahrradanhaenger-5-punkt-gurt-2-20-raeder-lastenanhaenger\/#breadcrumb","itemListElement":[{"@type":"ListItem","position":1,"name":"Startseite","item":"https:\/\/marktxxl.de\/markt\/"},{"@type":"ListItem","position":2,"name":"Markt","item":"https:\/\/marktxxl.de\/markt\/"},{"@type":"ListItem","position":3,"name":"Klarfit Kiddy King Fahrradanh\u00e4nger f\u00fcr Kinder, Lastenanh\u00e4nger Fahrrad, 2-Sitzer max. 40 kg, 2-in-1, nutzbar als Jogger\u2026"}]},{"@type":"WebSite","@id":"https:\/\/marktxxl.de\/markt\/#website","url":"https:\/\/marktxxl.de\/markt\/","name":"Markt-XXL","description":"Ihr Markt Online","publisher":{"@id":"https:\/\/marktxxl.de\/markt\/#organization"},"potentialAction":[{"@type":"SearchAction","target":{"@type":"EntryPoint","urlTemplate":"https:\/\/marktxxl.de\/markt\/?s={search_term_string}"},"query-input":{"@type":"PropertyValueSpecification","valueRequired":true,"valueName":"search_term_string"}}],"inLanguage":"de"},{"@type":"Organization","@id":"https:\/\/marktxxl.de\/markt\/#organization","name":"Markt-XXL","url":"https:\/\/marktxxl.de\/markt\/","logo":{"@type":"ImageObject","inLanguage":"de","@id":"https:\/\/marktxxl.de\/markt\/#\/schema\/logo\/image\/","url":"https:\/\/marktxxl.de\/markt\/wp-content\/uploads\/sites\/3\/2020\/12\/logo.png","contentUrl":"https:\/\/marktxxl.de\/markt\/wp-content\/uploads\/sites\/3\/2020\/12\/logo.png","width":200,"height":70,"caption":"Markt-XXL"},"image":{"@id":"https:\/\/marktxxl.de\/markt\/#\/schema\/logo\/image\/"}}]}},"_links":{"self":[{"href":"https:\/\/marktxxl.de\/markt\/wp-json\/wp\/v2\/product\/91789","targetHints":{"allow":["GET"]}}],"collection":[{"href":"https:\/\/marktxxl.de\/markt\/wp-json\/wp\/v2\/product"}],"about":[{"href":"https:\/\/marktxxl.de\/markt\/wp-json\/wp\/v2\/types\/product"}],"replies":[{"embeddable":true,"href":"https:\/\/marktxxl.de\/markt\/wp-json\/wp\/v2\/comments?post=91789"}],"wp:featuredmedia":[{"embeddable":true,"href":"https:\/\/marktxxl.de\/markt\/wp-json\/wp\/v2\/media\/91790"}],"wp:attachment":[{"href":"https:\/\/marktxxl.de\/markt\/wp-json\/wp\/v2\/media?parent=91789"}],"wp:term":[{"taxonomy":"product_brand","embeddable":true,"href":"https:\/\/marktxxl.de\/markt\/wp-json\/wp\/v2\/product_brand?post=91789"},{"taxonomy":"product_cat","embeddable":true,"href":"https:\/\/marktxxl.de\/markt\/wp-json\/wp\/v2\/product_cat?post=91789"},{"taxonomy":"product_tag","embeddable":true,"href":"https:\/\/marktxxl.de\/markt\/wp-json\/wp\/v2\/product_tag?post=91789"}],"curies":[{"name":"wp","href":"https:\/\/api.w.org\/{rel}","templated":true}]}}