{"id":91712,"date":"2021-12-28T20:27:24","date_gmt":"2021-12-28T19:27:24","guid":{"rendered":"https:\/\/marktxxl.de\/markt\/produkt\/birdrock-baby-mokassins-weichen-sohle-leder-boys-und-girls-schuhe-fuer-kinder-babys-und-kleinkinder\/"},"modified":"2023-04-10T03:04:20","modified_gmt":"2023-04-10T01:04:20","slug":"birdrock-baby-mokassins-weichen-sohle-leder-boys-und-girls-schuhe-fuer-kinder-babys-und-kleinkinder","status":"publish","type":"product","link":"https:\/\/marktxxl.de\/markt\/produkt\/birdrock-baby-mokassins-weichen-sohle-leder-boys-und-girls-schuhe-fuer-kinder-babys-und-kleinkinder\/","title":{"rendered":"BirdRock Baby Mokassins Weichen Sohle Leder Boys und Girls Schuhe f\u00fcr Kinder, Babys und Kleinkinder"},"content":{"rendered":"<p>BABY-SCHUHE, DIE TATS\u00c4CHLICH AUFBEWAHREN! Bewegt sich Ihre Kleine immer wieder aus ihren Schuhen? Suchen Sie nicht mehr: BirdRock Baby Mokassins sind mit einem elastischen Band gesichert, das sie einfach anzuziehen und zu halten macht.<br \/>\nQUALIT\u00c4T UND STIL, DIE DIE BANK NICHT BRECHEN! Wir wissen, dass es f\u00fcr die meisten Familien nicht realistisch ist, 60 Euro f\u00fcr ein Paar Babyschuhe auszugeben. Schauen Sie sich unsere Bewertungen an: Unsere Mokassins sind g\u00fcnstig zu teureren Marken zu einem unschlagbaren Preis.<br \/>\nDU WIRST EIN TEIL UNSERER FAMILIE! Die Bereitstellung des absolut besten Kundendienstes ist der Eckpfeiler unseres Gesch\u00e4fts (wir wurden auf FOX, ABC, NBC und CBS daf\u00fcr vorgestellt!), Und wir versprechen, Sie wie Ihre Familie zu behandeln. Wir sind in San Diego, Kalifornien und h\u00f6ren gerne von unseren Kunden.<br \/>\nGARANTIERT. F\u00dcR DAS LEBEN! Wir sind so \u00fcberzeugt von der Qualit\u00e4t unserer Mokassins, dass wir ihnen eine 100% ige lebenslange Garantie geben. Wenn Sie zu irgendeinem Zeitpunkt mit Ihrem Kauf von BirdRock Baby nicht vollst\u00e4ndig zufrieden sind, k\u00f6nnen Sie es gerne f\u00fcr ein Ersatzpaar oder eine komplette R\u00fcckerstattung zur\u00fcckgeben.<br \/>\nIHR KAUF FUTET EIN KIND IN BEDARF! Der Welt den R\u00fccken zu kehren, ist ein zentraler Wert von BirdRock Baby. F\u00fcr jedes verkaufte Paar Schuhe f\u00fcttern wir \u00fcber unsere Partner bei Feed My Starving Children ein Kind in Not.<br \/>\n<div class=\"main-cross-sell\" data-asin=\"B07D261SBL\">\n\n\t<div class=\"WooZone-cross-sell-loader\">\n\t\t<div>\n\t\t\t<div id=\"floatingBarsG\">\n\t\t\t\t<div class=\"blockG\" id=\"rotateG_01\"><\/div>\n\t\t\t\t<div class=\"blockG\" id=\"rotateG_02\"><\/div>\n\t\t\t\t<div class=\"blockG\" id=\"rotateG_03\"><\/div>\n\t\t\t\t<div class=\"blockG\" id=\"rotateG_04\"><\/div>\n\t\t\t\t<div class=\"blockG\" id=\"rotateG_05\"><\/div>\n\t\t\t\t<div class=\"blockG\" id=\"rotateG_06\"><\/div>\n\t\t\t\t<div class=\"blockG\" id=\"rotateG_07\"><\/div>\n\t\t\t\t<div class=\"blockG\" id=\"rotateG_08\"><\/div>\n\t\t\t<\/div>\n\t\t\t<div class=\"WooZone-cross-sell-loader-text\"><\/div>\n\t\t<\/div>\n\t<\/div>\n\n\t\t\n<\/div>\n<div style=\"clear:both;\"><\/div><\/p>\n","protected":false},"excerpt":{"rendered":"<p>BABY-SCHUHE, DIE TATS\u00c4CHLICH AUFBEWAHREN! Bewegt sich Ihre Kleine immer wieder aus ihren Schuhen? Suchen Sie nicht mehr: BirdRock Baby Mokassins sind mit einem elastischen Band gesichert, das sie einfach anzuziehen und zu halten macht.<br \/>\nQUALIT\u00c4T UND STIL, DIE DIE BANK NICHT BRECHEN! Wir wissen, dass es f\u00fcr die meisten Familien nicht realistisch ist, 60 Euro f\u00fcr ein Paar Babyschuhe auszugeben. Schauen Sie sich unsere Bewertungen an: Unsere Mokassins sind g\u00fcnstig zu teureren Marken zu einem unschlagbaren Preis.<br \/>\nDU WIRST EIN TEIL UNSERER FAMILIE! Die Bereitstellung des absolut besten Kundendienstes ist der Eckpfeiler unseres Gesch\u00e4fts (wir wurden auf FOX, ABC, NBC und CBS daf\u00fcr vorgestellt!), Und wir versprechen, Sie wie Ihre Familie zu behandeln. Wir sind in San Diego, Kalifornien und h\u00f6ren gerne von unseren Kunden.<\/p>\n","protected":false},"featured_media":91713,"comment_status":"open","ping_status":"closed","template":"","meta":[],"product_brand":[],"product_cat":[21,9036],"product_tag":[],"class_list":{"0":"post-91712","1":"product","2":"type-product","3":"status-publish","4":"has-post-thumbnail","6":"product_cat-baby","7":"product_cat-babyschuhe-baby","8":"pa_binding-textilien","9":"pa_brand-birdrock-baby","11":"first","12":"instock","13":"shipping-taxable","14":"purchasable","15":"product-type-simple","16":"customify-col","17":"product-has-gallery"},"yoast_head":"<!-- This site is optimized with the Yoast SEO plugin v27.4 - https:\/\/yoast.com\/product\/yoast-seo-wordpress\/ -->\n<title>BirdRock Baby Mokassins Weichen Sohle Leder Boys und Girls Schuhe f\u00fcr Kinder, Babys und Kleinkinder - Markt-XXL<\/title>\n<meta name=\"description\" content=\"Markt-XXL BirdRock Baby Mokassins Weichen Sohle Leder Boys und Girls Schuhe f\u00fcr Kinder, Babys und Kleinkinder\" \/>\n<meta name=\"robots\" content=\"index, follow, max-snippet:-1, max-image-preview:large, max-video-preview:-1\" \/>\n<link rel=\"canonical\" href=\"https:\/\/marktxxl.de\/markt\/produkt\/birdrock-baby-mokassins-weichen-sohle-leder-boys-und-girls-schuhe-fuer-kinder-babys-und-kleinkinder\/\" \/>\n<meta property=\"og:locale\" content=\"de_DE\" \/>\n<meta property=\"og:type\" content=\"article\" \/>\n<meta property=\"og:title\" content=\"BirdRock Baby Mokassins Weichen Sohle Leder Boys und Girls Schuhe f\u00fcr Kinder, Babys und Kleinkinder - Markt-XXL\" \/>\n<meta property=\"og:description\" content=\"Markt-XXL BirdRock Baby Mokassins Weichen Sohle Leder Boys und Girls Schuhe f\u00fcr Kinder, Babys und Kleinkinder\" \/>\n<meta property=\"og:url\" content=\"https:\/\/marktxxl.de\/markt\/produkt\/birdrock-baby-mokassins-weichen-sohle-leder-boys-und-girls-schuhe-fuer-kinder-babys-und-kleinkinder\/\" \/>\n<meta property=\"og:site_name\" content=\"Markt-XXL\" \/>\n<meta property=\"article:modified_time\" content=\"2023-04-10T01:04:20+00:00\" \/>\n<meta property=\"og:image\" content=\"https:\/\/m.media-amazon.com\/images\/I\/41AG7oip57L._SL500_.jpg\" \/>\n\t<meta property=\"og:image:width\" content=\"500\" \/>\n\t<meta property=\"og:image:height\" content=\"500\" \/>\n\t<meta property=\"og:image:type\" content=\"image\/jpeg\" \/>\n<meta name=\"twitter:card\" content=\"summary_large_image\" \/>\n<meta name=\"twitter:label1\" content=\"Gesch\u00e4tzte Lesezeit\" \/>\n\t<meta name=\"twitter:data1\" content=\"1\u00a0Minute\" \/>\n<script type=\"application\/ld+json\" class=\"yoast-schema-graph\">{\"@context\":\"https:\\\/\\\/schema.org\",\"@graph\":[{\"@type\":\"WebPage\",\"@id\":\"https:\\\/\\\/marktxxl.de\\\/markt\\\/produkt\\\/birdrock-baby-mokassins-weichen-sohle-leder-boys-und-girls-schuhe-fuer-kinder-babys-und-kleinkinder\\\/\",\"url\":\"https:\\\/\\\/marktxxl.de\\\/markt\\\/produkt\\\/birdrock-baby-mokassins-weichen-sohle-leder-boys-und-girls-schuhe-fuer-kinder-babys-und-kleinkinder\\\/\",\"name\":\"BirdRock Baby Mokassins Weichen Sohle Leder Boys und Girls Schuhe f\u00fcr Kinder, Babys und Kleinkinder - Markt-XXL\",\"isPartOf\":{\"@id\":\"https:\\\/\\\/marktxxl.de\\\/markt\\\/#website\"},\"primaryImageOfPage\":{\"@id\":\"https:\\\/\\\/marktxxl.de\\\/markt\\\/produkt\\\/birdrock-baby-mokassins-weichen-sohle-leder-boys-und-girls-schuhe-fuer-kinder-babys-und-kleinkinder\\\/#primaryimage\"},\"image\":{\"@id\":\"https:\\\/\\\/marktxxl.de\\\/markt\\\/produkt\\\/birdrock-baby-mokassins-weichen-sohle-leder-boys-und-girls-schuhe-fuer-kinder-babys-und-kleinkinder\\\/#primaryimage\"},\"thumbnailUrl\":\"https:\\\/\\\/m.media-amazon.com\\\/images\\\/I\\\/41AG7oip57L._SL500_.jpg\",\"datePublished\":\"2021-12-28T19:27:24+00:00\",\"dateModified\":\"2023-04-10T01:04:20+00:00\",\"description\":\"Markt-XXL BirdRock Baby Mokassins Weichen Sohle Leder Boys und Girls Schuhe f\u00fcr Kinder, Babys und Kleinkinder\",\"breadcrumb\":{\"@id\":\"https:\\\/\\\/marktxxl.de\\\/markt\\\/produkt\\\/birdrock-baby-mokassins-weichen-sohle-leder-boys-und-girls-schuhe-fuer-kinder-babys-und-kleinkinder\\\/#breadcrumb\"},\"inLanguage\":\"de\",\"potentialAction\":[{\"@type\":\"ReadAction\",\"target\":[\"https:\\\/\\\/marktxxl.de\\\/markt\\\/produkt\\\/birdrock-baby-mokassins-weichen-sohle-leder-boys-und-girls-schuhe-fuer-kinder-babys-und-kleinkinder\\\/\"]}]},{\"@type\":\"ImageObject\",\"inLanguage\":\"de\",\"@id\":\"https:\\\/\\\/marktxxl.de\\\/markt\\\/produkt\\\/birdrock-baby-mokassins-weichen-sohle-leder-boys-und-girls-schuhe-fuer-kinder-babys-und-kleinkinder\\\/#primaryimage\",\"url\":\"https:\\\/\\\/m.media-amazon.com\\\/images\\\/I\\\/41AG7oip57L._SL500_.jpg\",\"contentUrl\":\"https:\\\/\\\/m.media-amazon.com\\\/images\\\/I\\\/41AG7oip57L._SL500_.jpg\",\"width\":500,\"height\":500},{\"@type\":\"BreadcrumbList\",\"@id\":\"https:\\\/\\\/marktxxl.de\\\/markt\\\/produkt\\\/birdrock-baby-mokassins-weichen-sohle-leder-boys-und-girls-schuhe-fuer-kinder-babys-und-kleinkinder\\\/#breadcrumb\",\"itemListElement\":[{\"@type\":\"ListItem\",\"position\":1,\"name\":\"Startseite\",\"item\":\"https:\\\/\\\/marktxxl.de\\\/markt\\\/\"},{\"@type\":\"ListItem\",\"position\":2,\"name\":\"Markt\",\"item\":\"https:\\\/\\\/marktxxl.de\\\/markt\\\/\"},{\"@type\":\"ListItem\",\"position\":3,\"name\":\"BirdRock Baby Mokassins Weichen Sohle Leder Boys und Girls Schuhe f\u00fcr Kinder, Babys und Kleinkinder\"}]},{\"@type\":\"WebSite\",\"@id\":\"https:\\\/\\\/marktxxl.de\\\/markt\\\/#website\",\"url\":\"https:\\\/\\\/marktxxl.de\\\/markt\\\/\",\"name\":\"Markt-XXL\",\"description\":\"Ihr Markt Online\",\"publisher\":{\"@id\":\"https:\\\/\\\/marktxxl.de\\\/markt\\\/#organization\"},\"potentialAction\":[{\"@type\":\"SearchAction\",\"target\":{\"@type\":\"EntryPoint\",\"urlTemplate\":\"https:\\\/\\\/marktxxl.de\\\/markt\\\/?s={search_term_string}\"},\"query-input\":{\"@type\":\"PropertyValueSpecification\",\"valueRequired\":true,\"valueName\":\"search_term_string\"}}],\"inLanguage\":\"de\"},{\"@type\":\"Organization\",\"@id\":\"https:\\\/\\\/marktxxl.de\\\/markt\\\/#organization\",\"name\":\"Markt-XXL\",\"url\":\"https:\\\/\\\/marktxxl.de\\\/markt\\\/\",\"logo\":{\"@type\":\"ImageObject\",\"inLanguage\":\"de\",\"@id\":\"https:\\\/\\\/marktxxl.de\\\/markt\\\/#\\\/schema\\\/logo\\\/image\\\/\",\"url\":\"https:\\\/\\\/marktxxl.de\\\/markt\\\/wp-content\\\/uploads\\\/sites\\\/3\\\/2020\\\/12\\\/logo.png\",\"contentUrl\":\"https:\\\/\\\/marktxxl.de\\\/markt\\\/wp-content\\\/uploads\\\/sites\\\/3\\\/2020\\\/12\\\/logo.png\",\"width\":200,\"height\":70,\"caption\":\"Markt-XXL\"},\"image\":{\"@id\":\"https:\\\/\\\/marktxxl.de\\\/markt\\\/#\\\/schema\\\/logo\\\/image\\\/\"}}]}<\/script>\n<!-- \/ Yoast SEO plugin. -->","yoast_head_json":{"title":"BirdRock Baby Mokassins Weichen Sohle Leder Boys und Girls Schuhe f\u00fcr Kinder, Babys und Kleinkinder - Markt-XXL","description":"Markt-XXL BirdRock Baby Mokassins Weichen Sohle Leder Boys und Girls Schuhe f\u00fcr Kinder, Babys und Kleinkinder","robots":{"index":"index","follow":"follow","max-snippet":"max-snippet:-1","max-image-preview":"max-image-preview:large","max-video-preview":"max-video-preview:-1"},"canonical":"https:\/\/marktxxl.de\/markt\/produkt\/birdrock-baby-mokassins-weichen-sohle-leder-boys-und-girls-schuhe-fuer-kinder-babys-und-kleinkinder\/","og_locale":"de_DE","og_type":"article","og_title":"BirdRock Baby Mokassins Weichen Sohle Leder Boys und Girls Schuhe f\u00fcr Kinder, Babys und Kleinkinder - Markt-XXL","og_description":"Markt-XXL BirdRock Baby Mokassins Weichen Sohle Leder Boys und Girls Schuhe f\u00fcr Kinder, Babys und Kleinkinder","og_url":"https:\/\/marktxxl.de\/markt\/produkt\/birdrock-baby-mokassins-weichen-sohle-leder-boys-und-girls-schuhe-fuer-kinder-babys-und-kleinkinder\/","og_site_name":"Markt-XXL","article_modified_time":"2023-04-10T01:04:20+00:00","og_image":[{"width":500,"height":500,"url":"https:\/\/m.media-amazon.com\/images\/I\/41AG7oip57L._SL500_.jpg","type":"image\/jpeg"}],"twitter_card":"summary_large_image","twitter_misc":{"Gesch\u00e4tzte Lesezeit":"1\u00a0Minute"},"schema":{"@context":"https:\/\/schema.org","@graph":[{"@type":"WebPage","@id":"https:\/\/marktxxl.de\/markt\/produkt\/birdrock-baby-mokassins-weichen-sohle-leder-boys-und-girls-schuhe-fuer-kinder-babys-und-kleinkinder\/","url":"https:\/\/marktxxl.de\/markt\/produkt\/birdrock-baby-mokassins-weichen-sohle-leder-boys-und-girls-schuhe-fuer-kinder-babys-und-kleinkinder\/","name":"BirdRock Baby Mokassins Weichen Sohle Leder Boys und Girls Schuhe f\u00fcr Kinder, Babys und Kleinkinder - Markt-XXL","isPartOf":{"@id":"https:\/\/marktxxl.de\/markt\/#website"},"primaryImageOfPage":{"@id":"https:\/\/marktxxl.de\/markt\/produkt\/birdrock-baby-mokassins-weichen-sohle-leder-boys-und-girls-schuhe-fuer-kinder-babys-und-kleinkinder\/#primaryimage"},"image":{"@id":"https:\/\/marktxxl.de\/markt\/produkt\/birdrock-baby-mokassins-weichen-sohle-leder-boys-und-girls-schuhe-fuer-kinder-babys-und-kleinkinder\/#primaryimage"},"thumbnailUrl":"https:\/\/m.media-amazon.com\/images\/I\/41AG7oip57L._SL500_.jpg","datePublished":"2021-12-28T19:27:24+00:00","dateModified":"2023-04-10T01:04:20+00:00","description":"Markt-XXL BirdRock Baby Mokassins Weichen Sohle Leder Boys und Girls Schuhe f\u00fcr Kinder, Babys und Kleinkinder","breadcrumb":{"@id":"https:\/\/marktxxl.de\/markt\/produkt\/birdrock-baby-mokassins-weichen-sohle-leder-boys-und-girls-schuhe-fuer-kinder-babys-und-kleinkinder\/#breadcrumb"},"inLanguage":"de","potentialAction":[{"@type":"ReadAction","target":["https:\/\/marktxxl.de\/markt\/produkt\/birdrock-baby-mokassins-weichen-sohle-leder-boys-und-girls-schuhe-fuer-kinder-babys-und-kleinkinder\/"]}]},{"@type":"ImageObject","inLanguage":"de","@id":"https:\/\/marktxxl.de\/markt\/produkt\/birdrock-baby-mokassins-weichen-sohle-leder-boys-und-girls-schuhe-fuer-kinder-babys-und-kleinkinder\/#primaryimage","url":"https:\/\/m.media-amazon.com\/images\/I\/41AG7oip57L._SL500_.jpg","contentUrl":"https:\/\/m.media-amazon.com\/images\/I\/41AG7oip57L._SL500_.jpg","width":500,"height":500},{"@type":"BreadcrumbList","@id":"https:\/\/marktxxl.de\/markt\/produkt\/birdrock-baby-mokassins-weichen-sohle-leder-boys-und-girls-schuhe-fuer-kinder-babys-und-kleinkinder\/#breadcrumb","itemListElement":[{"@type":"ListItem","position":1,"name":"Startseite","item":"https:\/\/marktxxl.de\/markt\/"},{"@type":"ListItem","position":2,"name":"Markt","item":"https:\/\/marktxxl.de\/markt\/"},{"@type":"ListItem","position":3,"name":"BirdRock Baby Mokassins Weichen Sohle Leder Boys und Girls Schuhe f\u00fcr Kinder, Babys und Kleinkinder"}]},{"@type":"WebSite","@id":"https:\/\/marktxxl.de\/markt\/#website","url":"https:\/\/marktxxl.de\/markt\/","name":"Markt-XXL","description":"Ihr Markt Online","publisher":{"@id":"https:\/\/marktxxl.de\/markt\/#organization"},"potentialAction":[{"@type":"SearchAction","target":{"@type":"EntryPoint","urlTemplate":"https:\/\/marktxxl.de\/markt\/?s={search_term_string}"},"query-input":{"@type":"PropertyValueSpecification","valueRequired":true,"valueName":"search_term_string"}}],"inLanguage":"de"},{"@type":"Organization","@id":"https:\/\/marktxxl.de\/markt\/#organization","name":"Markt-XXL","url":"https:\/\/marktxxl.de\/markt\/","logo":{"@type":"ImageObject","inLanguage":"de","@id":"https:\/\/marktxxl.de\/markt\/#\/schema\/logo\/image\/","url":"https:\/\/marktxxl.de\/markt\/wp-content\/uploads\/sites\/3\/2020\/12\/logo.png","contentUrl":"https:\/\/marktxxl.de\/markt\/wp-content\/uploads\/sites\/3\/2020\/12\/logo.png","width":200,"height":70,"caption":"Markt-XXL"},"image":{"@id":"https:\/\/marktxxl.de\/markt\/#\/schema\/logo\/image\/"}}]}},"_links":{"self":[{"href":"https:\/\/marktxxl.de\/markt\/wp-json\/wp\/v2\/product\/91712","targetHints":{"allow":["GET"]}}],"collection":[{"href":"https:\/\/marktxxl.de\/markt\/wp-json\/wp\/v2\/product"}],"about":[{"href":"https:\/\/marktxxl.de\/markt\/wp-json\/wp\/v2\/types\/product"}],"replies":[{"embeddable":true,"href":"https:\/\/marktxxl.de\/markt\/wp-json\/wp\/v2\/comments?post=91712"}],"wp:featuredmedia":[{"embeddable":true,"href":"https:\/\/marktxxl.de\/markt\/wp-json\/wp\/v2\/media\/91713"}],"wp:attachment":[{"href":"https:\/\/marktxxl.de\/markt\/wp-json\/wp\/v2\/media?parent=91712"}],"wp:term":[{"taxonomy":"product_brand","embeddable":true,"href":"https:\/\/marktxxl.de\/markt\/wp-json\/wp\/v2\/product_brand?post=91712"},{"taxonomy":"product_cat","embeddable":true,"href":"https:\/\/marktxxl.de\/markt\/wp-json\/wp\/v2\/product_cat?post=91712"},{"taxonomy":"product_tag","embeddable":true,"href":"https:\/\/marktxxl.de\/markt\/wp-json\/wp\/v2\/product_tag?post=91712"}],"curies":[{"name":"wp","href":"https:\/\/api.w.org\/{rel}","templated":true}]}}