{"id":91443,"date":"2021-12-28T20:15:15","date_gmt":"2021-12-28T19:15:15","guid":{"rendered":"https:\/\/marktxxl.de\/markt\/produkt\/erinnerungsalbum-der-ersten-18-jahre-als-geschenk-zur-geburt-eines-babys-maedchens-oder-jungens-erinnerungsbuch-geburt\/"},"modified":"2023-04-11T03:11:28","modified_gmt":"2023-04-11T01:11:28","slug":"erinnerungsalbum-der-ersten-18-jahre-als-geschenk-zur-geburt-eines-babys-maedchens-oder-jungens-erinnerungsbuch-geburt","status":"publish","type":"product","link":"https:\/\/marktxxl.de\/markt\/produkt\/erinnerungsalbum-der-ersten-18-jahre-als-geschenk-zur-geburt-eines-babys-maedchens-oder-jungens-erinnerungsbuch-geburt\/","title":{"rendered":"Erinnerungsalbum der ersten 18 Jahre als Geschenk zur Geburt eines Babys &#8211; M\u00e4dchens oder Jungens, Erinnerungsbuch Geburt"},"content":{"rendered":"<p>\ud83c\udf08 \ud835\udc00\ud835\udc0b\ud835\udc0b \ud835\udc08\ud835\udc0d \ud835\udc0e\ud835\udc0d\ud835\udc04 \ud835\udc04\ud835\udc11\ud835\udc08\ud835\udc0d\ud835\udc0d\ud835\udc04\ud835\udc11\ud835\udc14\ud835\udc0d\ud835\udc06\ud835\udc12\ud835\udc01\ud835\udc14\ud835\udc02\ud835\udc07 &#8211; Geburtsbuch, Babytagebuch, Fotoalbum, Kindertagebuch, Lebensbuch, Meilensteinbuch.<br \/>\n\ud83c\udf08 \ud835\udc0a\ud835\udc08\ud835\udc0d\ud835\udc03\ud835\udc07\ud835\udc04\ud835\udc08\ud835\udc13 \ud835\udc14\ud835\udc0d\ud835\udc03 \ud835\udc09\ud835\udc14\ud835\udc06\ud835\udc04\ud835\udc0d\ud835\udc03 \ud835\udc04\ud835\udc08\ud835\udc0d\ud835\udc05\ud835\udc00\ud835\udc02\ud835\udc07 \ud835\udc14\ud835\udc0d\ud835\udc03 \ud835\udc12\ud835\udc02\ud835\udc07\ud835\udc0d\ud835\udc04\ud835\udc0b\ud835\udc0b \ud835\udc03\ud835\udc0e\ud835\udc0a\ud835\udc14\ud835\udc0c\ud835\udc04\ud835\udc0d\ud835\udc13\ud835\udc08\ud835\udc04\ud835\udc11\ud835\udc13 &#8211; Halte in diesem Erinnerungsbuch die Geschichte deines Babys\/ Kindes mit den wichtigsten Ereignisse und Erinnerungen wie die Schwangerschaft, der Stammbaum, die Geburt, die Lebensjahre, die Meilensteine von 0 &#8211; 18 Jahren fest.<br \/>\n\ud83c\udf08 \ud835\udc16\ud835\udc04\ud835\udc11\ud835\udc13\ud835\udc15\ud835\udc0e\ud835\udc0b\ud835\udc0b\ud835\udc04\ud835\udc12 \ud835\udc06\ud835\udc04\ud835\udc12\ud835\udc02\ud835\udc07\ud835\udc04\ud835\udc0d\ud835\udc0a \ud835\udc19\ud835\udc14\ud835\udc11 \ud835\udc06\ud835\udc04\ud835\udc01\ud835\udc14\ud835\udc11\ud835\udc13, \ud835\udc13\ud835\udc00\ud835\udc14\ud835\udc05\ud835\udc04 &#8211; Erinnerungen sind wertvoll. Verschenke das Erinnerungsalbum als Geburtsgeschenk eines neugeborenen Jungen oder M\u00e4dchens oder zur Taufe eines kleinen Wunders.<br \/>\n\ud83c\udf08 \ud835\udc04\ud835\udc0d\ud835\udc13\ud835\udc16\ud835\udc08\ud835\udc02\ud835\udc0a\ud835\udc04\ud835\udc0b\ud835\udc13 \ud835\udc14\ud835\udc0d\ud835\udc03 \ud835\udc03\ud835\udc04\ud835\udc12\ud835\udc08\ud835\udc06\ud835\udc0d\ud835\udc04\ud835\udc03 \ud835\udc15\ud835\udc0e\ud835\udc0d \ud835\udc0c\u00dc\ud835\udc13\ud835\udc13\ud835\udc04\ud835\udc11\ud835\udc0d \ud835\udc08\ud835\udc0d \ud835\udc03\ud835\udc04\ud835\udc14\ud835\udc13\ud835\udc12\ud835\udc02\ud835\udc07\ud835\udc0b\ud835\udc00\ud835\udc0d\ud835\udc03 \u2013 Wir sind eine kleine deutsche Familie und haben dieses schlichte Erinnerungsbuch zum selber ausf\u00fcllen mit viel Liebe gestaltet und entwickelt. Das Buch hat extra dicke Seiten und ein Leseband.<br \/>\n\ud83c\udf08 \ud835\udfcf\ud835\udfce\ud835\udfce% \ud835\udc12\ud835\udc04\ud835\udc11\ud835\udc15\ud835\udc08\ud835\udc15\ud835\udc04 \u2013 \u00dcberzeuge dich selbst und bestelle das Erinnerungsbuch noch heute v\u00f6llig ohne Risiko. Sollte dir das Album nicht gefallen, kannst du uns einfach kontaktieren und wir finden zusammen eine L\u00f6sung!<br \/>\n<div class=\"main-cross-sell\" data-asin=\"B0924WN23R\">\n\n\t<div class=\"WooZone-cross-sell-loader\">\n\t\t<div>\n\t\t\t<div id=\"floatingBarsG\">\n\t\t\t\t<div class=\"blockG\" id=\"rotateG_01\"><\/div>\n\t\t\t\t<div class=\"blockG\" id=\"rotateG_02\"><\/div>\n\t\t\t\t<div class=\"blockG\" id=\"rotateG_03\"><\/div>\n\t\t\t\t<div class=\"blockG\" id=\"rotateG_04\"><\/div>\n\t\t\t\t<div class=\"blockG\" id=\"rotateG_05\"><\/div>\n\t\t\t\t<div class=\"blockG\" id=\"rotateG_06\"><\/div>\n\t\t\t\t<div class=\"blockG\" id=\"rotateG_07\"><\/div>\n\t\t\t\t<div class=\"blockG\" id=\"rotateG_08\"><\/div>\n\t\t\t<\/div>\n\t\t\t<div class=\"WooZone-cross-sell-loader-text\"><\/div>\n\t\t<\/div>\n\t<\/div>\n\n\t\t\n<\/div>\n<div style=\"clear:both;\"><\/div><\/p>\n","protected":false},"excerpt":{"rendered":"<p>\ud83c\udf08 \ud835\udc00\ud835\udc0b\ud835\udc0b \ud835\udc08\ud835\udc0d \ud835\udc0e\ud835\udc0d\ud835\udc04 \ud835\udc04\ud835\udc11\ud835\udc08\ud835\udc0d\ud835\udc0d\ud835\udc04\ud835\udc11\ud835\udc14\ud835\udc0d\ud835\udc06\ud835\udc12\ud835\udc01\ud835\udc14\ud835\udc02\ud835\udc07 &#8211; Geburtsbuch, Babytagebuch, Fotoalbum, Kindertagebuch, Lebensbuch, Meilensteinbuch.<br \/>\n\ud83c\udf08 \ud835\udc0a\ud835\udc08\ud835\udc0d\ud835\udc03\ud835\udc07\ud835\udc04\ud835\udc08\ud835\udc13 \ud835\udc14\ud835\udc0d\ud835\udc03 \ud835\udc09\ud835\udc14\ud835\udc06\ud835\udc04\ud835\udc0d\ud835\udc03 \ud835\udc04\ud835\udc08\ud835\udc0d\ud835\udc05\ud835\udc00\ud835\udc02\ud835\udc07 \ud835\udc14\ud835\udc0d\ud835\udc03 \ud835\udc12\ud835\udc02\ud835\udc07\ud835\udc0d\ud835\udc04\ud835\udc0b\ud835\udc0b \ud835\udc03\ud835\udc0e\ud835\udc0a\ud835\udc14\ud835\udc0c\ud835\udc04\ud835\udc0d\ud835\udc13\ud835\udc08\ud835\udc04\ud835\udc11\ud835\udc13 &#8211; Halte in diesem Erinnerungsbuch die Geschichte deines Babys\/ Kindes mit den wichtigsten Ereignisse und Erinnerungen wie die Schwangerschaft, der Stammbaum, die Geburt, die Lebensjahre, die Meilensteine von 0 &#8211; 18 Jahren fest.<br \/>\n\ud83c\udf08 \ud835\udc16\ud835\udc04\ud835\udc11\ud835\udc13\ud835\udc15\ud835\udc0e\ud835\udc0b\ud835\udc0b\ud835\udc04\ud835\udc12 \ud835\udc06\ud835\udc04\ud835\udc12\ud835\udc02\ud835\udc07\ud835\udc04\ud835\udc0d\ud835\udc0a \ud835\udc19\ud835\udc14\ud835\udc11 \ud835\udc06\ud835\udc04\ud835\udc01\ud835\udc14\ud835\udc11\ud835\udc13, \ud835\udc13\ud835\udc00\ud835\udc14\ud835\udc05\ud835\udc04 &#8211; Erinnerungen sind wertvoll. Verschenke das Erinnerungsalbum als Geburtsgeschenk eines neugeborenen Jungen oder M\u00e4dchens oder zur Taufe eines kleinen Wunders.<\/p>\n","protected":false},"featured_media":91444,"comment_status":"open","ping_status":"closed","template":"","meta":[],"product_brand":[],"product_cat":[21,8929],"product_tag":[],"class_list":{"0":"post-91443","1":"product","2":"type-product","3":"status-publish","4":"has-post-thumbnail","6":"product_cat-baby","7":"product_cat-babygeschenke-baby","8":"pa_binding-babyartikel","9":"pa_brand-lisati","10":"pa_color-mint","11":"pa_manufacturer-falco-tietjen","12":"pa_size-1-stueck-1er-pack","14":"first","15":"instock","16":"shipping-taxable","17":"purchasable","18":"product-type-simple","19":"customify-col","20":"product-has-gallery"},"yoast_head":"<!-- This site is optimized with the Yoast SEO plugin v27.3 - https:\/\/yoast.com\/product\/yoast-seo-wordpress\/ -->\n<title>Erinnerungsalbum der ersten 18 Jahre als Geschenk zur Geburt eines Babys - M\u00e4dchens oder Jungens, Erinnerungsbuch Geburt - Markt-XXL<\/title>\n<meta name=\"description\" content=\"Markt-XXL Erinnerungsalbum der ersten 18 Jahre als Geschenk zur Geburt eines Babys - M\u00e4dchens oder Jungens, Erinnerungsbuch Geburt\" \/>\n<meta name=\"robots\" content=\"index, follow, max-snippet:-1, max-image-preview:large, max-video-preview:-1\" \/>\n<link rel=\"canonical\" href=\"https:\/\/marktxxl.de\/markt\/produkt\/erinnerungsalbum-der-ersten-18-jahre-als-geschenk-zur-geburt-eines-babys-maedchens-oder-jungens-erinnerungsbuch-geburt\/\" \/>\n<meta property=\"og:locale\" content=\"de_DE\" \/>\n<meta property=\"og:type\" content=\"article\" \/>\n<meta property=\"og:title\" content=\"Erinnerungsalbum der ersten 18 Jahre als Geschenk zur Geburt eines Babys - M\u00e4dchens oder Jungens, Erinnerungsbuch Geburt - Markt-XXL\" \/>\n<meta property=\"og:description\" content=\"Markt-XXL Erinnerungsalbum der ersten 18 Jahre als Geschenk zur Geburt eines Babys - M\u00e4dchens oder Jungens, Erinnerungsbuch Geburt\" \/>\n<meta property=\"og:url\" content=\"https:\/\/marktxxl.de\/markt\/produkt\/erinnerungsalbum-der-ersten-18-jahre-als-geschenk-zur-geburt-eines-babys-maedchens-oder-jungens-erinnerungsbuch-geburt\/\" \/>\n<meta property=\"og:site_name\" content=\"Markt-XXL\" \/>\n<meta property=\"article:modified_time\" content=\"2023-04-11T01:11:28+00:00\" \/>\n<meta property=\"og:image\" content=\"https:\/\/m.media-amazon.com\/images\/I\/41K8uA4US9S._SL500_.jpg\" \/>\n\t<meta property=\"og:image:width\" content=\"500\" \/>\n\t<meta property=\"og:image:height\" content=\"500\" \/>\n\t<meta property=\"og:image:type\" content=\"image\/jpeg\" \/>\n<meta name=\"twitter:card\" content=\"summary_large_image\" \/>\n<meta name=\"twitter:label1\" content=\"Gesch\u00e4tzte Lesezeit\" \/>\n\t<meta name=\"twitter:data1\" content=\"1\u00a0Minute\" \/>\n<script type=\"application\/ld+json\" class=\"yoast-schema-graph\">{\"@context\":\"https:\\\/\\\/schema.org\",\"@graph\":[{\"@type\":\"WebPage\",\"@id\":\"https:\\\/\\\/marktxxl.de\\\/markt\\\/produkt\\\/erinnerungsalbum-der-ersten-18-jahre-als-geschenk-zur-geburt-eines-babys-maedchens-oder-jungens-erinnerungsbuch-geburt\\\/\",\"url\":\"https:\\\/\\\/marktxxl.de\\\/markt\\\/produkt\\\/erinnerungsalbum-der-ersten-18-jahre-als-geschenk-zur-geburt-eines-babys-maedchens-oder-jungens-erinnerungsbuch-geburt\\\/\",\"name\":\"Erinnerungsalbum der ersten 18 Jahre als Geschenk zur Geburt eines Babys - M\u00e4dchens oder Jungens, Erinnerungsbuch Geburt - Markt-XXL\",\"isPartOf\":{\"@id\":\"https:\\\/\\\/marktxxl.de\\\/markt\\\/#website\"},\"primaryImageOfPage\":{\"@id\":\"https:\\\/\\\/marktxxl.de\\\/markt\\\/produkt\\\/erinnerungsalbum-der-ersten-18-jahre-als-geschenk-zur-geburt-eines-babys-maedchens-oder-jungens-erinnerungsbuch-geburt\\\/#primaryimage\"},\"image\":{\"@id\":\"https:\\\/\\\/marktxxl.de\\\/markt\\\/produkt\\\/erinnerungsalbum-der-ersten-18-jahre-als-geschenk-zur-geburt-eines-babys-maedchens-oder-jungens-erinnerungsbuch-geburt\\\/#primaryimage\"},\"thumbnailUrl\":\"https:\\\/\\\/m.media-amazon.com\\\/images\\\/I\\\/41K8uA4US9S._SL500_.jpg\",\"datePublished\":\"2021-12-28T19:15:15+00:00\",\"dateModified\":\"2023-04-11T01:11:28+00:00\",\"description\":\"Markt-XXL Erinnerungsalbum der ersten 18 Jahre als Geschenk zur Geburt eines Babys - M\u00e4dchens oder Jungens, Erinnerungsbuch Geburt\",\"breadcrumb\":{\"@id\":\"https:\\\/\\\/marktxxl.de\\\/markt\\\/produkt\\\/erinnerungsalbum-der-ersten-18-jahre-als-geschenk-zur-geburt-eines-babys-maedchens-oder-jungens-erinnerungsbuch-geburt\\\/#breadcrumb\"},\"inLanguage\":\"de\",\"potentialAction\":[{\"@type\":\"ReadAction\",\"target\":[\"https:\\\/\\\/marktxxl.de\\\/markt\\\/produkt\\\/erinnerungsalbum-der-ersten-18-jahre-als-geschenk-zur-geburt-eines-babys-maedchens-oder-jungens-erinnerungsbuch-geburt\\\/\"]}]},{\"@type\":\"ImageObject\",\"inLanguage\":\"de\",\"@id\":\"https:\\\/\\\/marktxxl.de\\\/markt\\\/produkt\\\/erinnerungsalbum-der-ersten-18-jahre-als-geschenk-zur-geburt-eines-babys-maedchens-oder-jungens-erinnerungsbuch-geburt\\\/#primaryimage\",\"url\":\"https:\\\/\\\/m.media-amazon.com\\\/images\\\/I\\\/41K8uA4US9S._SL500_.jpg\",\"contentUrl\":\"https:\\\/\\\/m.media-amazon.com\\\/images\\\/I\\\/41K8uA4US9S._SL500_.jpg\",\"width\":500,\"height\":500},{\"@type\":\"BreadcrumbList\",\"@id\":\"https:\\\/\\\/marktxxl.de\\\/markt\\\/produkt\\\/erinnerungsalbum-der-ersten-18-jahre-als-geschenk-zur-geburt-eines-babys-maedchens-oder-jungens-erinnerungsbuch-geburt\\\/#breadcrumb\",\"itemListElement\":[{\"@type\":\"ListItem\",\"position\":1,\"name\":\"Startseite\",\"item\":\"https:\\\/\\\/marktxxl.de\\\/markt\\\/\"},{\"@type\":\"ListItem\",\"position\":2,\"name\":\"Markt\",\"item\":\"https:\\\/\\\/marktxxl.de\\\/markt\\\/\"},{\"@type\":\"ListItem\",\"position\":3,\"name\":\"Erinnerungsalbum der ersten 18 Jahre als Geschenk zur Geburt eines Babys &#8211; M\u00e4dchens oder Jungens, Erinnerungsbuch Geburt\"}]},{\"@type\":\"WebSite\",\"@id\":\"https:\\\/\\\/marktxxl.de\\\/markt\\\/#website\",\"url\":\"https:\\\/\\\/marktxxl.de\\\/markt\\\/\",\"name\":\"Markt-XXL\",\"description\":\"Ihr Markt Online\",\"publisher\":{\"@id\":\"https:\\\/\\\/marktxxl.de\\\/markt\\\/#organization\"},\"potentialAction\":[{\"@type\":\"SearchAction\",\"target\":{\"@type\":\"EntryPoint\",\"urlTemplate\":\"https:\\\/\\\/marktxxl.de\\\/markt\\\/?s={search_term_string}\"},\"query-input\":{\"@type\":\"PropertyValueSpecification\",\"valueRequired\":true,\"valueName\":\"search_term_string\"}}],\"inLanguage\":\"de\"},{\"@type\":\"Organization\",\"@id\":\"https:\\\/\\\/marktxxl.de\\\/markt\\\/#organization\",\"name\":\"Markt-XXL\",\"url\":\"https:\\\/\\\/marktxxl.de\\\/markt\\\/\",\"logo\":{\"@type\":\"ImageObject\",\"inLanguage\":\"de\",\"@id\":\"https:\\\/\\\/marktxxl.de\\\/markt\\\/#\\\/schema\\\/logo\\\/image\\\/\",\"url\":\"https:\\\/\\\/marktxxl.de\\\/markt\\\/wp-content\\\/uploads\\\/sites\\\/3\\\/2020\\\/12\\\/logo.png\",\"contentUrl\":\"https:\\\/\\\/marktxxl.de\\\/markt\\\/wp-content\\\/uploads\\\/sites\\\/3\\\/2020\\\/12\\\/logo.png\",\"width\":200,\"height\":70,\"caption\":\"Markt-XXL\"},\"image\":{\"@id\":\"https:\\\/\\\/marktxxl.de\\\/markt\\\/#\\\/schema\\\/logo\\\/image\\\/\"}}]}<\/script>\n<!-- \/ Yoast SEO plugin. -->","yoast_head_json":{"title":"Erinnerungsalbum der ersten 18 Jahre als Geschenk zur Geburt eines Babys - M\u00e4dchens oder Jungens, Erinnerungsbuch Geburt - Markt-XXL","description":"Markt-XXL Erinnerungsalbum der ersten 18 Jahre als Geschenk zur Geburt eines Babys - M\u00e4dchens oder Jungens, Erinnerungsbuch Geburt","robots":{"index":"index","follow":"follow","max-snippet":"max-snippet:-1","max-image-preview":"max-image-preview:large","max-video-preview":"max-video-preview:-1"},"canonical":"https:\/\/marktxxl.de\/markt\/produkt\/erinnerungsalbum-der-ersten-18-jahre-als-geschenk-zur-geburt-eines-babys-maedchens-oder-jungens-erinnerungsbuch-geburt\/","og_locale":"de_DE","og_type":"article","og_title":"Erinnerungsalbum der ersten 18 Jahre als Geschenk zur Geburt eines Babys - M\u00e4dchens oder Jungens, Erinnerungsbuch Geburt - Markt-XXL","og_description":"Markt-XXL Erinnerungsalbum der ersten 18 Jahre als Geschenk zur Geburt eines Babys - M\u00e4dchens oder Jungens, Erinnerungsbuch Geburt","og_url":"https:\/\/marktxxl.de\/markt\/produkt\/erinnerungsalbum-der-ersten-18-jahre-als-geschenk-zur-geburt-eines-babys-maedchens-oder-jungens-erinnerungsbuch-geburt\/","og_site_name":"Markt-XXL","article_modified_time":"2023-04-11T01:11:28+00:00","og_image":[{"width":500,"height":500,"url":"https:\/\/m.media-amazon.com\/images\/I\/41K8uA4US9S._SL500_.jpg","type":"image\/jpeg"}],"twitter_card":"summary_large_image","twitter_misc":{"Gesch\u00e4tzte Lesezeit":"1\u00a0Minute"},"schema":{"@context":"https:\/\/schema.org","@graph":[{"@type":"WebPage","@id":"https:\/\/marktxxl.de\/markt\/produkt\/erinnerungsalbum-der-ersten-18-jahre-als-geschenk-zur-geburt-eines-babys-maedchens-oder-jungens-erinnerungsbuch-geburt\/","url":"https:\/\/marktxxl.de\/markt\/produkt\/erinnerungsalbum-der-ersten-18-jahre-als-geschenk-zur-geburt-eines-babys-maedchens-oder-jungens-erinnerungsbuch-geburt\/","name":"Erinnerungsalbum der ersten 18 Jahre als Geschenk zur Geburt eines Babys - M\u00e4dchens oder Jungens, Erinnerungsbuch Geburt - Markt-XXL","isPartOf":{"@id":"https:\/\/marktxxl.de\/markt\/#website"},"primaryImageOfPage":{"@id":"https:\/\/marktxxl.de\/markt\/produkt\/erinnerungsalbum-der-ersten-18-jahre-als-geschenk-zur-geburt-eines-babys-maedchens-oder-jungens-erinnerungsbuch-geburt\/#primaryimage"},"image":{"@id":"https:\/\/marktxxl.de\/markt\/produkt\/erinnerungsalbum-der-ersten-18-jahre-als-geschenk-zur-geburt-eines-babys-maedchens-oder-jungens-erinnerungsbuch-geburt\/#primaryimage"},"thumbnailUrl":"https:\/\/m.media-amazon.com\/images\/I\/41K8uA4US9S._SL500_.jpg","datePublished":"2021-12-28T19:15:15+00:00","dateModified":"2023-04-11T01:11:28+00:00","description":"Markt-XXL Erinnerungsalbum der ersten 18 Jahre als Geschenk zur Geburt eines Babys - M\u00e4dchens oder Jungens, Erinnerungsbuch Geburt","breadcrumb":{"@id":"https:\/\/marktxxl.de\/markt\/produkt\/erinnerungsalbum-der-ersten-18-jahre-als-geschenk-zur-geburt-eines-babys-maedchens-oder-jungens-erinnerungsbuch-geburt\/#breadcrumb"},"inLanguage":"de","potentialAction":[{"@type":"ReadAction","target":["https:\/\/marktxxl.de\/markt\/produkt\/erinnerungsalbum-der-ersten-18-jahre-als-geschenk-zur-geburt-eines-babys-maedchens-oder-jungens-erinnerungsbuch-geburt\/"]}]},{"@type":"ImageObject","inLanguage":"de","@id":"https:\/\/marktxxl.de\/markt\/produkt\/erinnerungsalbum-der-ersten-18-jahre-als-geschenk-zur-geburt-eines-babys-maedchens-oder-jungens-erinnerungsbuch-geburt\/#primaryimage","url":"https:\/\/m.media-amazon.com\/images\/I\/41K8uA4US9S._SL500_.jpg","contentUrl":"https:\/\/m.media-amazon.com\/images\/I\/41K8uA4US9S._SL500_.jpg","width":500,"height":500},{"@type":"BreadcrumbList","@id":"https:\/\/marktxxl.de\/markt\/produkt\/erinnerungsalbum-der-ersten-18-jahre-als-geschenk-zur-geburt-eines-babys-maedchens-oder-jungens-erinnerungsbuch-geburt\/#breadcrumb","itemListElement":[{"@type":"ListItem","position":1,"name":"Startseite","item":"https:\/\/marktxxl.de\/markt\/"},{"@type":"ListItem","position":2,"name":"Markt","item":"https:\/\/marktxxl.de\/markt\/"},{"@type":"ListItem","position":3,"name":"Erinnerungsalbum der ersten 18 Jahre als Geschenk zur Geburt eines Babys &#8211; M\u00e4dchens oder Jungens, Erinnerungsbuch Geburt"}]},{"@type":"WebSite","@id":"https:\/\/marktxxl.de\/markt\/#website","url":"https:\/\/marktxxl.de\/markt\/","name":"Markt-XXL","description":"Ihr Markt Online","publisher":{"@id":"https:\/\/marktxxl.de\/markt\/#organization"},"potentialAction":[{"@type":"SearchAction","target":{"@type":"EntryPoint","urlTemplate":"https:\/\/marktxxl.de\/markt\/?s={search_term_string}"},"query-input":{"@type":"PropertyValueSpecification","valueRequired":true,"valueName":"search_term_string"}}],"inLanguage":"de"},{"@type":"Organization","@id":"https:\/\/marktxxl.de\/markt\/#organization","name":"Markt-XXL","url":"https:\/\/marktxxl.de\/markt\/","logo":{"@type":"ImageObject","inLanguage":"de","@id":"https:\/\/marktxxl.de\/markt\/#\/schema\/logo\/image\/","url":"https:\/\/marktxxl.de\/markt\/wp-content\/uploads\/sites\/3\/2020\/12\/logo.png","contentUrl":"https:\/\/marktxxl.de\/markt\/wp-content\/uploads\/sites\/3\/2020\/12\/logo.png","width":200,"height":70,"caption":"Markt-XXL"},"image":{"@id":"https:\/\/marktxxl.de\/markt\/#\/schema\/logo\/image\/"}}]}},"_links":{"self":[{"href":"https:\/\/marktxxl.de\/markt\/wp-json\/wp\/v2\/product\/91443","targetHints":{"allow":["GET"]}}],"collection":[{"href":"https:\/\/marktxxl.de\/markt\/wp-json\/wp\/v2\/product"}],"about":[{"href":"https:\/\/marktxxl.de\/markt\/wp-json\/wp\/v2\/types\/product"}],"replies":[{"embeddable":true,"href":"https:\/\/marktxxl.de\/markt\/wp-json\/wp\/v2\/comments?post=91443"}],"wp:featuredmedia":[{"embeddable":true,"href":"https:\/\/marktxxl.de\/markt\/wp-json\/wp\/v2\/media\/91444"}],"wp:attachment":[{"href":"https:\/\/marktxxl.de\/markt\/wp-json\/wp\/v2\/media?parent=91443"}],"wp:term":[{"taxonomy":"product_brand","embeddable":true,"href":"https:\/\/marktxxl.de\/markt\/wp-json\/wp\/v2\/product_brand?post=91443"},{"taxonomy":"product_cat","embeddable":true,"href":"https:\/\/marktxxl.de\/markt\/wp-json\/wp\/v2\/product_cat?post=91443"},{"taxonomy":"product_tag","embeddable":true,"href":"https:\/\/marktxxl.de\/markt\/wp-json\/wp\/v2\/product_tag?post=91443"}],"curies":[{"name":"wp","href":"https:\/\/api.w.org\/{rel}","templated":true}]}}